{"id":17097,"date":"2019-10-21T09:46:18","date_gmt":"2019-10-21T07:46:18","guid":{"rendered":"https:\/\/www.aliasblindate.com\/chi-siamo\/"},"modified":"2025-12-16T11:10:54","modified_gmt":"2025-12-16T10:10:54","slug":"a-propos-de-nous","status":"publish","type":"page","link":"https:\/\/www.aliasblindate.com\/fr\/a-propos-de-nous\/","title":{"rendered":"\u00c0 propos de nous"},"content":{"rendered":"\t<section class=\"scw-block-full-width-slider\">\n\t\t\t\t<div class=\"scw-block-full-width-slider__carousel owl-carousel owl-theme\">\n\t\t\t\n\t\t\t\t<div class=\"owl-lazy scw-block-full-width-slider__item\" style=\"background-image: url(https:\/\/www.aliasblindate.com\/wp-content\/uploads\/2019\/12\/chi-siamo-1-min.jpg)\" data-src=\"https:\/\/www.aliasblindate.com\/wp-content\/uploads\/2019\/12\/chi-siamo-1-min.jpg\"><\/div>\n\t\t\t\t\n\t\t\t\t<div class=\"owl-lazy scw-block-full-width-slider__item\" style=\"background-image: url(https:\/\/www.aliasblindate.com\/wp-content\/uploads\/2019\/12\/chi-siamo-2-min.jpg)\" data-src=\"https:\/\/www.aliasblindate.com\/wp-content\/uploads\/2019\/12\/chi-siamo-2-min.jpg\"><\/div>\n\t\t\t\t\n\t\t\t\t<div class=\"owl-lazy scw-block-full-width-slider__item\" style=\"background-image: url(https:\/\/www.aliasblindate.com\/wp-content\/uploads\/2019\/12\/chi-siamo-3-min.jpg)\" data-src=\"https:\/\/www.aliasblindate.com\/wp-content\/uploads\/2019\/12\/chi-siamo-3-min.jpg\"><\/div>\n\t\t\t\t\n\t\t\t\t<div class=\"owl-lazy scw-block-full-width-slider__item\" style=\"background-image: url(https:\/\/www.aliasblindate.com\/wp-content\/uploads\/2019\/12\/chi-siamo-4-min.jpg)\" data-src=\"https:\/\/www.aliasblindate.com\/wp-content\/uploads\/2019\/12\/chi-siamo-4-min.jpg\"><\/div>\n\t\t\t\t\n\t\t\t\t<div class=\"owl-lazy scw-block-full-width-slider__item\" style=\"background-image: url(https:\/\/www.aliasblindate.com\/wp-content\/uploads\/2019\/12\/chi-siamo-5-min.jpg)\" data-src=\"https:\/\/www.aliasblindate.com\/wp-content\/uploads\/2019\/12\/chi-siamo-5-min.jpg\"><\/div>\n\t\t\t\t\t\t<\/div>\n\t<\/section>\n\t\n\n\n<div style=\"height:50px\" aria-hidden=\"true\" class=\"wp-block-spacer\"><\/div>\n\n\n\n<div class=\"scw-block-heading \">\n\t<h1 class=\"scw-heading-h2\">ALIAS \u00ab Beaut\u00e9 en s\u00e9curit\u00e9<\/h1>\n\t<\/div>\n\n\n\n<div style=\"height:20px\" aria-hidden=\"true\" class=\"wp-block-spacer\"><\/div>\n\n\n\n<div class=\"wp-block-columns has-2-columns is-layout-flex wp-container-core-columns-layout-1 wp-block-columns-is-layout-flex\">\n<div class=\"wp-block-column is-layout-flow wp-block-column-is-layout-flow\">\n<p><strong>Fond\u00e9e en 2002 par l&rsquo;esprit visionnaire de Dario Vaccari et le soutien technique de Maurizio Castignoli, Alias est aujourd&rsquo;hui le leader du march\u00e9 de la s\u00e9curit\u00e9 alliant style et performance, en tant que fabricant de portes blind\u00e9es.<\/strong><\/p>\n\n\n\n<p>Depuis ses d\u00e9buts, l&rsquo;entreprise a red\u00e9fini les fronti\u00e8res de son secteur en lan\u00e7ant des produits v\u00e9ritablement innovants, devenant ainsi un acteur cl\u00e9 dans l&rsquo;industrie, avec une croissance exceptionnelle de son chiffre d&rsquo;affaires. C&rsquo;est un v\u00e9ritable <em>Unicum<\/em> dans son domaine de r\u00e9f\u00e9rence.<\/p>\n\n\n\n<p>Sa forte identit\u00e9, reconnue non seulement au niveau national comme une excellence du <em>Made in Italy<\/em>, peut \u00eatre attribu\u00e9e \u00e0 sa vision ambitieuse et \u00e0 son engagement en tant que fabricant de portes blind\u00e9es de qualit\u00e9 sup\u00e9rieure.<\/p>\n\n\n\n<p>\u00ab Regarder vers l&rsquo;avenir tout en anticipant les \u00e9volutions \u00bb a toujours \u00e9t\u00e9 sa philosophie, et r\u00e9pondre aux besoins futurs du grand public \u2013 en cr\u00e9ant de nouvelles exigences \u2013 a exig\u00e9 du courage. Le courage d&rsquo;investir sans cesse dans la recherche et le d\u00e9veloppement, ainsi que dans le professionnalisme et les comp\u00e9tences diversifi\u00e9es de ses collaborateurs, afin de d\u00e9passer continuellement les limites de son savoir-faire en tant que fabricant de portes de s\u00e9curit\u00e9.<\/p>\n\n\n\n<p>Le mot \u00ab innovation \u00bb n&rsquo;est donc pas un concept abstrait chez Alias, mais le fruit d&rsquo;un parcours quotidien toujours en cours de r\u00e9alisation.<\/p>\n\n\n\n<p>L&rsquo;entreprise emploie aujourd&rsquo;hui plus de 160 personnes (contre 15 en 2002), sur une surface de plus de 10 000 m\u00e8tres carr\u00e9s, et rassemble l&rsquo;expertise d&rsquo;une \u00e9quipe de professionnels, compos\u00e9e d&rsquo;ing\u00e9nieurs, d&rsquo;architectes et de designers, qui d\u00e9veloppent chaque jour des produits toujours plus \u00e9volu\u00e9s, tant \u00e0 niveau des performances techniques que des solutions esth\u00e9tiques.<\/p>\n\n\n\n<p>Tout le cycle de production, de la recherche \u00e0 la conception, en passant par la production, l&#8217;emballage, l&rsquo;exp\u00e9dition et le service apr\u00e8s-vente, se d\u00e9roule en interne et sous contr\u00f4le direct de l&rsquo;entreprise.<\/p>\n<\/div>\n\n\n\n<div class=\"wp-block-column is-layout-flow wp-block-column-is-layout-flow\">\n<p>C&rsquo;est l&rsquo;une des raisons pour lesquelles la recherche minutieuse de mat\u00e9riaux et de solutions technologiques permet de sublimer le go\u00fbt du d\u00e9tail impeccable, dans une qu\u00eate d&rsquo;un id\u00e9al esth\u00e9tique qui impr\u00e8gne tous les secteurs de l&rsquo;entreprise. Il est \u00e9galement important de souligner que les portes Alias sont fabriqu\u00e9es \u00e0 partir de mat\u00e9riaux recyclables et \u00e9cologiquement durables.<\/p>\n\n\n\n<p>Les nouvelles structures, les syst\u00e8mes de fermeture \u00e9lectronique combin\u00e9s, ainsi que les solutions de s\u00e9curit\u00e9 et de style pour la maison, le bureau et les \u00e9tablissements touristiques et h\u00f4teliers font partie des innovations propos\u00e9es par Alias.<\/p>\n\n\n\n<p>Les collections Alias sont soumises \u00e0 des contr\u00f4les rigoureux en usine et \u00e0 des tests r\u00e9alis\u00e9s par des organismes de certification prestigieux, reconnus \u00e0 l&rsquo;\u00e9chelle europ\u00e9enne et internationale, concernant la r\u00e9sistance \u00e0 l&rsquo;effraction, les performances d&rsquo;isolation thermique et acoustique, ainsi que la r\u00e9sistance au feu. Toute la production d\u2019Alias est r\u00e9alis\u00e9e \u00e0 partir de mat\u00e9riaux recyclables respectueux de l&rsquo;environnement.<\/p>\n\n\n\n<p>Les produits Alias sont aujourd&rsquo;hui de v\u00e9ritables symboles d&rsquo;excellence du <em>Made in Italy<\/em> sur son march\u00e9 de r\u00e9f\u00e9rence, tant en Italie qu&rsquo;\u00e0 l&rsquo;international, o\u00f9 le champ d&rsquo;action d&rsquo;Alias s&rsquo;\u00e9tend \u00e0 plus de trente pays, parmi lesquels : la France, la Belgique, l&rsquo;Espagne, le Portugal, l&rsquo;Allemagne, la Pologne, la Croatie, la Slov\u00e9nie, la Suisse, la Chine, la Gr\u00e8ce, la R\u00e9publique tch\u00e8que, la Russie, la Bulgarie, l&rsquo;Albanie, la Roumanie, la Lettonie, Isra\u00ebl, l&rsquo;Iran, l&rsquo;Azerba\u00efdjan, les \u00c9mirats Arabes Unis, le Maroc, l&rsquo;Alg\u00e9rie, le Nigeria, le Br\u00e9sil.<\/p>\n\n\n\n<p>Alias participe activement aux travaux d&rsquo;\u00e9laboration des normes europ\u00e9ennes et contribue \u00e0 leur diffusion, \u00e0 leur compr\u00e9hension et \u00e0 leur bonne application.<\/p>\n<\/div>\n<\/div>\n\n\n\n<div style=\"height:30px\" aria-hidden=\"true\" class=\"wp-block-spacer\"><\/div>\n\n\n\n<figure class=\"wp-block-embed is-type-video is-provider-youtube wp-block-embed-youtube wp-embed-aspect-16-9 wp-has-aspect-ratio\"><div class=\"wp-block-embed__wrapper\">\n<iframe loading=\"lazy\" title=\"UN VOL AU SEIN DE NOSTRE ENTERPRISE\" width=\"1200\" height=\"675\" src=\"https:\/\/www.youtube.com\/embed\/uWsTkvOkilo?feature=oembed\" frameborder=\"0\" allow=\"accelerometer; autoplay; clipboard-write; encrypted-media; gyroscope; picture-in-picture; web-share\" referrerpolicy=\"strict-origin-when-cross-origin\" allowfullscreen><\/iframe>\n<\/div><\/figure>\n\n\n\n<div style=\"height:40px\" aria-hidden=\"true\" class=\"wp-block-spacer\"><\/div>\n\n\n\t<section class=\"features-reverse\">\n\t\t\t\t\t\t\t\t<div class=\"two-columns\">\n\t\t\t\t<div class=\"feature-text\">\n\t\t\t\t\t<div class=\"feature-title scw-title\">MISSION<\/div>\n\t\t\t\t\t<div class=\"feature-description\"><p>L&rsquo;entreprise a pour mission de mener une recherche continue, en renouvelant constamment ses solutions pour interpr\u00e9ter les styles de vie et les tendances les plus contemporains, tout en veillant \u00e0 maintenir les performances exceptionnelles que ses produits ont atteintes.<\/p>\n<p>La preuve en est la s\u00e9rie de distinctions importantes obtenues pour le design de ses portes combin\u00e9es aux certifications de performance de ses produits aupr\u00e8s d&rsquo;instituts de premier niveau tels que le CNPP et Efectis France.<\/p>\n<\/div>\n\t\t\t\t<\/div>\n\t\t\t\t<div class=\"feature-gallery\">\n\t\t\t\t\t\t<div class=\"gallery-carousel owl-carousel owl-theme\">\n\t\t\t\t\t<a class=\"dt-pswp-item\" href=\"https:\/\/www.aliasblindate.com\/wp-content\/uploads\/2019\/12\/mission-min.jpg\" data-large_image_width=\"1600\" data-large_image_height=\"806\">\n\t\t\t\t<img loading=\"lazy\" decoding=\"async\" width=\"650\" height=\"380\" src=\"https:\/\/www.aliasblindate.com\/wp-content\/uploads\/2019\/12\/mission-min-650x380.jpg\" data-src=\"https:\/\/www.aliasblindate.com\/wp-content\/uploads\/2019\/12\/mission-min-650x380.jpg\" class=\"owl-lazy\" srcset=\"https:\/\/www.aliasblindate.com\/wp-content\/uploads\/2019\/12\/mission-min-650x380.jpg 650w, https:\/\/www.aliasblindate.com\/wp-content\/uploads\/2019\/12\/mission-min-980x575.jpg 980w\">\n\t\t\t<\/a>\n\t\t\t\t<\/div>\n\t\t\t\t\t\t<p class=\"mobile-only gallery-advice\"><em>Clicca per ingrandire<\/em><\/p>\n\t\t\t\t<\/div>\n\t\t\t<\/div>\n\t\t\t<\/section>\n\t\n\n\n<div style=\"height:30px\" aria-hidden=\"true\" class=\"wp-block-spacer\"><\/div>\n\n\n\n<p>La photo ci-dessus repr\u00e9sente la porte Wing Wall EI2-60 objet du r\u00e9f\u00e9rencement \u00e0 l&rsquo;ADI INDEX.  La motivation de l&rsquo;Osservatorio Permanente del Design \u00e0 \u00e9t\u00e9 : \u00ab La porte blind\u00e9e du segment Wing, Wall E12-60 se caract\u00e9rise par son installation encastr\u00e9e et est \u00e9galement la seule <a href=\"https:\/\/www.aliasblindate.com\/fr\/portes-blindees\/portes-affleurantes-dinterieur\/\">porte blind\u00e9e encastr\u00e9e<\/a> pr\u00e9sentant des caract\u00e9ristiques de r\u00e9sistance au feu. La Wing Wall E12-60 est en effet capable de d\u00e9passer une r\u00e9sistance au feu de 60 minutes selon la r\u00e9cente norme europ\u00e9enne EN 1634-1. Un seul type de porte blind\u00e9e combine donc des qualit\u00e9s distinctes, telles que la s\u00e9curit\u00e9 anti-effraction et la r\u00e9sistance au feu, auxquelles s&rsquo;ajoutent d&rsquo;importantes capacit\u00e9s d&rsquo;isolation thermique (1W\/m2k) et acoustique (40 dB). Les lignes stylistiques de Wing Wall E12-60 sont con\u00e7ues pour faciliter son insertion dans les contextes les plus divers, gr\u00e2ce \u00e9galement aux diff\u00e9rentes versions de rev\u00eatement disponibles : une caract\u00e9ristique accentu\u00e9e, sur le plan technique, par la grande facilit\u00e9 de montage \u00bb.<\/p>\n\n\n\t<section class=\"features-reverse\">\n\t\t\t\t\t\t\t\t<div class=\"two-columns\">\n\t\t\t\t<div class=\"feature-text\">\n\t\t\t\t\t<div class=\"feature-title scw-title\">L&rsquo;usine de production<\/div>\n\t\t\t\t\t<div class=\"feature-description\"><p>Plus de 10 000 m\u00e8tres carr\u00e9s d&rsquo;installations accueillent l&rsquo;ensemble de la cha\u00eene de production.<\/p>\n<\/div>\n\t\t\t\t<\/div>\n\t\t\t\t<div class=\"feature-gallery\">\n\t\t\t\t\t\t<div class=\"gallery-carousel owl-carousel owl-theme\">\n\t\t\t\t\t<a class=\"dt-pswp-item\" href=\"https:\/\/www.aliasblindate.com\/wp-content\/uploads\/2019\/12\/stabilimento-produttivo-1-min.jpg\" data-large_image_width=\"1600\" data-large_image_height=\"1066\">\n\t\t\t\t<img loading=\"lazy\" decoding=\"async\" width=\"650\" height=\"380\" src=\"https:\/\/www.aliasblindate.com\/wp-content\/uploads\/2019\/12\/stabilimento-produttivo-1-min-650x380.jpg\" data-src=\"https:\/\/www.aliasblindate.com\/wp-content\/uploads\/2019\/12\/stabilimento-produttivo-1-min-650x380.jpg\" class=\"owl-lazy\" srcset=\"https:\/\/www.aliasblindate.com\/wp-content\/uploads\/2019\/12\/stabilimento-produttivo-1-min-650x380.jpg 650w, https:\/\/www.aliasblindate.com\/wp-content\/uploads\/2019\/12\/stabilimento-produttivo-1-min-980x575.jpg 980w\">\n\t\t\t<\/a>\n\t\t\t\t\t\t<a class=\"dt-pswp-item\" href=\"https:\/\/www.aliasblindate.com\/wp-content\/uploads\/2019\/12\/stabilimento-produttivo-2-min.jpg\" data-large_image_width=\"1600\" data-large_image_height=\"1068\">\n\t\t\t\t<img loading=\"lazy\" decoding=\"async\" width=\"650\" height=\"380\" src=\"https:\/\/www.aliasblindate.com\/wp-content\/uploads\/2019\/12\/stabilimento-produttivo-2-min-650x380.jpg\" data-src=\"https:\/\/www.aliasblindate.com\/wp-content\/uploads\/2019\/12\/stabilimento-produttivo-2-min-650x380.jpg\" class=\"owl-lazy\" srcset=\"https:\/\/www.aliasblindate.com\/wp-content\/uploads\/2019\/12\/stabilimento-produttivo-2-min-650x380.jpg 650w, https:\/\/www.aliasblindate.com\/wp-content\/uploads\/2019\/12\/stabilimento-produttivo-2-min-980x575.jpg 980w\">\n\t\t\t<\/a>\n\t\t\t\t\t\t<a class=\"dt-pswp-item\" href=\"https:\/\/www.aliasblindate.com\/wp-content\/uploads\/2019\/12\/stabilimento-produttivo-3-min.jpg\" data-large_image_width=\"1600\" data-large_image_height=\"1065\">\n\t\t\t\t<img loading=\"lazy\" decoding=\"async\" width=\"650\" height=\"380\" src=\"https:\/\/www.aliasblindate.com\/wp-content\/uploads\/2019\/12\/stabilimento-produttivo-3-min-650x380.jpg\" data-src=\"https:\/\/www.aliasblindate.com\/wp-content\/uploads\/2019\/12\/stabilimento-produttivo-3-min-650x380.jpg\" class=\"owl-lazy\" srcset=\"https:\/\/www.aliasblindate.com\/wp-content\/uploads\/2019\/12\/stabilimento-produttivo-3-min-650x380.jpg 650w, https:\/\/www.aliasblindate.com\/wp-content\/uploads\/2019\/12\/stabilimento-produttivo-3-min-980x575.jpg 980w\">\n\t\t\t<\/a>\n\t\t\t\t\t\t<a class=\"dt-pswp-item\" href=\"https:\/\/www.aliasblindate.com\/wp-content\/uploads\/2019\/12\/stabilimento-produttivo-4-min.jpg\" data-large_image_width=\"1600\" data-large_image_height=\"1064\">\n\t\t\t\t<img loading=\"lazy\" decoding=\"async\" width=\"650\" height=\"380\" src=\"https:\/\/www.aliasblindate.com\/wp-content\/uploads\/2019\/12\/stabilimento-produttivo-4-min-650x380.jpg\" data-src=\"https:\/\/www.aliasblindate.com\/wp-content\/uploads\/2019\/12\/stabilimento-produttivo-4-min-650x380.jpg\" class=\"owl-lazy\" srcset=\"https:\/\/www.aliasblindate.com\/wp-content\/uploads\/2019\/12\/stabilimento-produttivo-4-min-650x380.jpg 650w, https:\/\/www.aliasblindate.com\/wp-content\/uploads\/2019\/12\/stabilimento-produttivo-4-min-980x575.jpg 980w\">\n\t\t\t<\/a>\n\t\t\t\t\t\t<a class=\"dt-pswp-item\" href=\"https:\/\/www.aliasblindate.com\/wp-content\/uploads\/2019\/12\/stabilimento-produttivo-5-min.jpg\" data-large_image_width=\"1366\" data-large_image_height=\"912\">\n\t\t\t\t<img loading=\"lazy\" decoding=\"async\" width=\"650\" height=\"380\" src=\"https:\/\/www.aliasblindate.com\/wp-content\/uploads\/2019\/12\/stabilimento-produttivo-5-min-650x380.jpg\" data-src=\"https:\/\/www.aliasblindate.com\/wp-content\/uploads\/2019\/12\/stabilimento-produttivo-5-min-650x380.jpg\" class=\"owl-lazy\" srcset=\"https:\/\/www.aliasblindate.com\/wp-content\/uploads\/2019\/12\/stabilimento-produttivo-5-min-650x380.jpg 650w, https:\/\/www.aliasblindate.com\/wp-content\/uploads\/2019\/12\/stabilimento-produttivo-5-min-980x575.jpg 980w\">\n\t\t\t<\/a>\n\t\t\t\t<\/div>\n\t\t\t\t\t\t<p class=\"mobile-only gallery-advice\"><em>Clicca per ingrandire<\/em><\/p>\n\t\t\t\t<\/div>\n\t\t\t<\/div>\n\t\t\t<\/section>\n\t\n\n\n<div style=\"height:30px\" aria-hidden=\"true\" class=\"wp-block-spacer\"><\/div>\n","protected":false},"excerpt":{"rendered":"<p>Fond\u00e9e en 2002 par l&rsquo;esprit visionnaire de Dario Vaccari et le soutien technique de Maurizio Castignoli, Alias est aujourd&rsquo;hui le leader du march\u00e9 de la s\u00e9curit\u00e9 alliant style et performance, en tant que fabricant de portes blind\u00e9es. Depuis ses d\u00e9buts, l&rsquo;entreprise a red\u00e9fini les fronti\u00e8res de son secteur en lan\u00e7ant des produits v\u00e9ritablement innovants, devenant&hellip;<\/p>\n","protected":false},"author":5,"featured_media":0,"parent":0,"menu_order":0,"comment_status":"closed","ping_status":"closed","template":"","meta":{"footnotes":""},"page-category":[],"acf":[],"yoast_head":"<!-- This site is optimized with the Yoast SEO plugin v23.5 - https:\/\/yoast.com\/wordpress\/plugins\/seo\/ -->\n<title>Produttori Porte Blindate: Scopri Alias Blindate<\/title>\n<meta name=\"description\" content=\"ALIAS nasce nel 2002 dalla lungimiranza di Dario Vaccari con il supporto tecnico di Maurizio Castignoli. Oggi \u00e8 leader nella produzione di porte blindate.\" \/>\n<meta name=\"robots\" content=\"index, follow, max-snippet:-1, max-image-preview:large, max-video-preview:-1\" \/>\n<link rel=\"canonical\" href=\"https:\/\/www.aliasblindate.com\/fr\/a-propos-de-nous\/\" \/>\n<meta property=\"og:locale\" content=\"fr_FR\" \/>\n<meta property=\"og:type\" content=\"article\" \/>\n<meta property=\"og:title\" content=\"Produttori Porte Blindate: Scopri Alias Blindate\" \/>\n<meta property=\"og:description\" content=\"ALIAS nasce nel 2002 dalla lungimiranza di Dario Vaccari con il supporto tecnico di Maurizio Castignoli. Oggi \u00e8 leader nella produzione di porte blindate.\" \/>\n<meta property=\"og:url\" content=\"https:\/\/www.aliasblindate.com\/fr\/a-propos-de-nous\/\" \/>\n<meta property=\"og:site_name\" content=\"Alias Blindate\" \/>\n<meta property=\"article:publisher\" content=\"https:\/\/www.facebook.com\/aliasporteblindate\" \/>\n<meta property=\"article:modified_time\" content=\"2025-12-16T10:10:54+00:00\" \/>\n<meta name=\"twitter:card\" content=\"summary_large_image\" \/>\n<meta name=\"twitter:label1\" content=\"Dur\u00e9e de lecture estim\u00e9e\" \/>\n\t<meta name=\"twitter:data1\" content=\"4 minutes\" \/>\n<script type=\"application\/ld+json\" class=\"yoast-schema-graph\">{\"@context\":\"https:\/\/schema.org\",\"@graph\":[{\"@type\":\"WebPage\",\"@id\":\"https:\/\/www.aliasblindate.com\/fr\/a-propos-de-nous\/\",\"url\":\"https:\/\/www.aliasblindate.com\/fr\/a-propos-de-nous\/\",\"name\":\"Produttori Porte Blindate: Scopri Alias Blindate\",\"isPartOf\":{\"@id\":\"https:\/\/www.aliasblindate.com\/fr\/#website\"},\"datePublished\":\"2019-10-21T07:46:18+00:00\",\"dateModified\":\"2025-12-16T10:10:54+00:00\",\"description\":\"ALIAS nasce nel 2002 dalla lungimiranza di Dario Vaccari con il supporto tecnico di Maurizio Castignoli. Oggi \u00e8 leader nella produzione di porte blindate.\",\"breadcrumb\":{\"@id\":\"https:\/\/www.aliasblindate.com\/fr\/a-propos-de-nous\/#breadcrumb\"},\"inLanguage\":\"fr-FR\",\"potentialAction\":[{\"@type\":\"ReadAction\",\"target\":[\"https:\/\/www.aliasblindate.com\/fr\/a-propos-de-nous\/\"]}]},{\"@type\":\"BreadcrumbList\",\"@id\":\"https:\/\/www.aliasblindate.com\/fr\/a-propos-de-nous\/#breadcrumb\",\"itemListElement\":[{\"@type\":\"ListItem\",\"position\":1,\"name\":\"Home\",\"item\":\"https:\/\/www.aliasblindate.com\/fr\/\"},{\"@type\":\"ListItem\",\"position\":2,\"name\":\"\u00c0 propos de nous\"}]},{\"@type\":\"WebSite\",\"@id\":\"https:\/\/www.aliasblindate.com\/fr\/#website\",\"url\":\"https:\/\/www.aliasblindate.com\/fr\/\",\"name\":\"Alias Blindate\",\"description\":\"\",\"publisher\":{\"@id\":\"https:\/\/www.aliasblindate.com\/fr\/#organization\"},\"potentialAction\":[{\"@type\":\"SearchAction\",\"target\":{\"@type\":\"EntryPoint\",\"urlTemplate\":\"https:\/\/www.aliasblindate.com\/fr\/?s={search_term_string}\"},\"query-input\":{\"@type\":\"PropertyValueSpecification\",\"valueRequired\":true,\"valueName\":\"search_term_string\"}}],\"inLanguage\":\"fr-FR\"},{\"@type\":\"Organization\",\"@id\":\"https:\/\/www.aliasblindate.com\/fr\/#organization\",\"name\":\"Alias Blindate\",\"url\":\"https:\/\/www.aliasblindate.com\/fr\/\",\"logo\":{\"@type\":\"ImageObject\",\"inLanguage\":\"fr-FR\",\"@id\":\"https:\/\/www.aliasblindate.com\/fr\/#\/schema\/logo\/image\/\",\"url\":\"https:\/\/www.aliasblindate.com\/wp-content\/uploads\/2019\/10\/logo@2x.png\",\"contentUrl\":\"https:\/\/www.aliasblindate.com\/wp-content\/uploads\/2019\/10\/logo@2x.png\",\"width\":498,\"height\":88,\"caption\":\"Alias Blindate\"},\"image\":{\"@id\":\"https:\/\/www.aliasblindate.com\/fr\/#\/schema\/logo\/image\/\"},\"sameAs\":[\"https:\/\/www.facebook.com\/aliasporteblindate\",\"https:\/\/www.instagram.com\/alias_porte_blindate\/\"]}]}<\/script>\n<!-- \/ Yoast SEO plugin. -->","yoast_head_json":{"title":"Produttori Porte Blindate: Scopri Alias Blindate","description":"ALIAS nasce nel 2002 dalla lungimiranza di Dario Vaccari con il supporto tecnico di Maurizio Castignoli. Oggi \u00e8 leader nella produzione di porte blindate.","robots":{"index":"index","follow":"follow","max-snippet":"max-snippet:-1","max-image-preview":"max-image-preview:large","max-video-preview":"max-video-preview:-1"},"canonical":"https:\/\/www.aliasblindate.com\/fr\/a-propos-de-nous\/","og_locale":"fr_FR","og_type":"article","og_title":"Produttori Porte Blindate: Scopri Alias Blindate","og_description":"ALIAS nasce nel 2002 dalla lungimiranza di Dario Vaccari con il supporto tecnico di Maurizio Castignoli. Oggi \u00e8 leader nella produzione di porte blindate.","og_url":"https:\/\/www.aliasblindate.com\/fr\/a-propos-de-nous\/","og_site_name":"Alias Blindate","article_publisher":"https:\/\/www.facebook.com\/aliasporteblindate","article_modified_time":"2025-12-16T10:10:54+00:00","twitter_card":"summary_large_image","twitter_misc":{"Dur\u00e9e de lecture estim\u00e9e":"4 minutes"},"schema":{"@context":"https:\/\/schema.org","@graph":[{"@type":"WebPage","@id":"https:\/\/www.aliasblindate.com\/fr\/a-propos-de-nous\/","url":"https:\/\/www.aliasblindate.com\/fr\/a-propos-de-nous\/","name":"Produttori Porte Blindate: Scopri Alias Blindate","isPartOf":{"@id":"https:\/\/www.aliasblindate.com\/fr\/#website"},"datePublished":"2019-10-21T07:46:18+00:00","dateModified":"2025-12-16T10:10:54+00:00","description":"ALIAS nasce nel 2002 dalla lungimiranza di Dario Vaccari con il supporto tecnico di Maurizio Castignoli. Oggi \u00e8 leader nella produzione di porte blindate.","breadcrumb":{"@id":"https:\/\/www.aliasblindate.com\/fr\/a-propos-de-nous\/#breadcrumb"},"inLanguage":"fr-FR","potentialAction":[{"@type":"ReadAction","target":["https:\/\/www.aliasblindate.com\/fr\/a-propos-de-nous\/"]}]},{"@type":"BreadcrumbList","@id":"https:\/\/www.aliasblindate.com\/fr\/a-propos-de-nous\/#breadcrumb","itemListElement":[{"@type":"ListItem","position":1,"name":"Home","item":"https:\/\/www.aliasblindate.com\/fr\/"},{"@type":"ListItem","position":2,"name":"\u00c0 propos de nous"}]},{"@type":"WebSite","@id":"https:\/\/www.aliasblindate.com\/fr\/#website","url":"https:\/\/www.aliasblindate.com\/fr\/","name":"Alias Blindate","description":"","publisher":{"@id":"https:\/\/www.aliasblindate.com\/fr\/#organization"},"potentialAction":[{"@type":"SearchAction","target":{"@type":"EntryPoint","urlTemplate":"https:\/\/www.aliasblindate.com\/fr\/?s={search_term_string}"},"query-input":{"@type":"PropertyValueSpecification","valueRequired":true,"valueName":"search_term_string"}}],"inLanguage":"fr-FR"},{"@type":"Organization","@id":"https:\/\/www.aliasblindate.com\/fr\/#organization","name":"Alias Blindate","url":"https:\/\/www.aliasblindate.com\/fr\/","logo":{"@type":"ImageObject","inLanguage":"fr-FR","@id":"https:\/\/www.aliasblindate.com\/fr\/#\/schema\/logo\/image\/","url":"https:\/\/www.aliasblindate.com\/wp-content\/uploads\/2019\/10\/logo@2x.png","contentUrl":"https:\/\/www.aliasblindate.com\/wp-content\/uploads\/2019\/10\/logo@2x.png","width":498,"height":88,"caption":"Alias Blindate"},"image":{"@id":"https:\/\/www.aliasblindate.com\/fr\/#\/schema\/logo\/image\/"},"sameAs":["https:\/\/www.facebook.com\/aliasporteblindate","https:\/\/www.instagram.com\/alias_porte_blindate\/"]}]}},"_links":{"self":[{"href":"https:\/\/www.aliasblindate.com\/fr\/wp-json\/wp\/v2\/pages\/17097"}],"collection":[{"href":"https:\/\/www.aliasblindate.com\/fr\/wp-json\/wp\/v2\/pages"}],"about":[{"href":"https:\/\/www.aliasblindate.com\/fr\/wp-json\/wp\/v2\/types\/page"}],"author":[{"embeddable":true,"href":"https:\/\/www.aliasblindate.com\/fr\/wp-json\/wp\/v2\/users\/5"}],"replies":[{"embeddable":true,"href":"https:\/\/www.aliasblindate.com\/fr\/wp-json\/wp\/v2\/comments?post=17097"}],"version-history":[{"count":22,"href":"https:\/\/www.aliasblindate.com\/fr\/wp-json\/wp\/v2\/pages\/17097\/revisions"}],"predecessor-version":[{"id":18161,"href":"https:\/\/www.aliasblindate.com\/fr\/wp-json\/wp\/v2\/pages\/17097\/revisions\/18161"}],"wp:attachment":[{"href":"https:\/\/www.aliasblindate.com\/fr\/wp-json\/wp\/v2\/media?parent=17097"}],"wp:term":[{"taxonomy":"page-category","embeddable":true,"href":"https:\/\/www.aliasblindate.com\/fr\/wp-json\/wp\/v2\/page-category?post=17097"}],"curies":[{"name":"wp","href":"https:\/\/api.w.org\/{rel}","templated":true}]}}