{"id":17047,"date":"2019-10-08T11:00:46","date_gmt":"2019-10-08T09:00:46","guid":{"rendered":"https:\/\/www.aliasblindate.com\/home\/"},"modified":"2025-11-06T15:54:22","modified_gmt":"2025-11-06T14:54:22","slug":"home","status":"publish","type":"page","link":"https:\/\/www.aliasblindate.com\/fr\/","title":{"rendered":"Home"},"content":{"rendered":"\n<div class=\"wp-block-columns has-2-columns col-8-4 is-layout-flex wp-container-core-columns-layout-1 wp-block-columns-is-layout-flex\">\n<div class=\"wp-block-column is-vertically-aligned-center is-layout-flow wp-block-column-is-layout-flow\" style=\"flex-basis:50%\">\n<div class=\"scw-block-heading \">\n\t<h1 class=\"scw-heading-h2\">PORTES BLIND\u00c9ES ALIAS<\/h1>\n\t\t\t<p>Performance, technologie, r\u00e9sistance\u00a0: une porte de s\u00e9curit\u00e9 Alias est la combinaison de la qualit\u00e9 et du design.<\/p>\n\t<\/div>\n\n\n\n<p>Con\u00e7ue et construite pour garantir d&rsquo;excellentes performances, de l&rsquo;efficacit\u00e9 anti-effraction \u00e0 l&rsquo;affaiblissement acoustique, test\u00e9e pour au moins 30 ans de s\u00e9curit\u00e9 absolue. <br \/>Les <a href=\"https:\/\/www.aliasblindate.com\/fr\/portes-blindees\/\"><strong>portes blind\u00e9es <\/strong><\/a>sign\u00e9es Alias allient <em>design\u00a0en s\u00e9curit\u00e9<\/em>, avec un regard tourn\u00e9 vers l&rsquo;avenir.<\/p>\n<\/div>\n\n\n\n<div class=\"wp-block-column is-layout-flow wp-block-column-is-layout-flow\" style=\"flex-basis:50%\">\n<figure class=\"wp-block-embed is-type-video is-provider-youtube wp-block-embed-youtube wp-embed-aspect-16-9 wp-has-aspect-ratio\"><div class=\"wp-block-embed__wrapper\">\n<iframe loading=\"lazy\" title=\"SOGNA SERENO, DREAM DIFENDE LA TUA CAMERA DA LETTO\" width=\"1200\" height=\"675\" src=\"https:\/\/www.youtube.com\/embed\/qeKCR2Deqpc?feature=oembed&#038;enablejsapi=1&#038;origin=https:\/\/www.aliasblindate.com\" frameborder=\"0\" allow=\"accelerometer; autoplay; clipboard-write; encrypted-media; gyroscope; picture-in-picture; web-share\" referrerpolicy=\"strict-origin-when-cross-origin\" allowfullscreen><\/iframe>\n<\/div><\/figure>\n<\/div>\n<\/div>\n\n\n\n<div style=\"height:60px\" aria-hidden=\"true\" class=\"wp-block-spacer\"><\/div>\n\n\n\n<div class=\"wp-block-buttons is-content-justification-center is-layout-flex wp-container-core-buttons-layout-1 wp-block-buttons-is-layout-flex\">\n<div class=\"wp-block-button has-custom-font-size btn-preventivo is-style-outline has-small-font-size\"><a class=\"wp-block-button__link has-white-color has-text-color has-background has-link-color has-text-align-center wp-element-button\" href=\"https:\/\/www.aliasblindate.com\/fr\/demander-un-devis\/\" style=\"border-radius:20px;background-color:#e20714\" rel=\"\">JE SOUHAITE RECEVOIR UN DEVIS GRATUIT<\/a><\/div>\n<\/div>\n\n\n\n<div class=\"scw-block-full-row-image-text\">\n\t<div class=\"scw-block-full-row__image-container\">\n\t\t\t\t\t<img loading=\"lazy\" decoding=\"async\" width=\"790\" height=\"400\" src=\"https:\/\/www.aliasblindate.com\/wp-content\/uploads\/2020\/12\/3-scegli-la-porta-per-le-tue-esigenze-790X400.jpg\" class=\"attachment-post-thumb-medium size-post-thumb-medium\" alt=\"\" srcset=\"https:\/\/www.aliasblindate.com\/wp-content\/uploads\/2020\/12\/3-scegli-la-porta-per-le-tue-esigenze-790X400.jpg 790w, https:\/\/www.aliasblindate.com\/wp-content\/uploads\/2020\/12\/3-scegli-la-porta-per-le-tue-esigenze-790X400-300x152.jpg 300w, https:\/\/www.aliasblindate.com\/wp-content\/uploads\/2020\/12\/3-scegli-la-porta-per-le-tue-esigenze-790X400-768x389.jpg 768w\" sizes=\"(max-width: 790px) 100vw, 790px\" \/>\t\t\t<\/div>\n\t<div class=\"scw-block-full-row__content\">\n\t\t\t\t\t<div class=\"scw-heading-h3 scw-block-full-row__content-title\">CHOISISSEZ LA PORTE POUR VOS BESOINS<\/div>\n\t\t\n\t\t\t\t\t<div class=\"scw-block-full-row__content-subtitle\">S\u00e9curit\u00e9, technologie et design<\/div>\n\t\t\n\t\t\t\t\t<div class=\"scw-block-full-row__content-text\"><p>En plus d&rsquo;\u00eatre la solution id\u00e9ale pour rendre la maison plus s\u00fbre et plus performante, une porte ALIAS est \u00e0 tous \u00e9gards un compl\u00e9ment d\u2019ameublement, un \u00e9l\u00e9ment de design pouvant s&rsquo;adapter \u00e0 un projet d\u2019am\u00e9nagement de l\u2019espace dans lequel elle s\u2019int\u00e8gre et met en valeur les \u00e9quilibres et les styles. L\u2019attention port\u00e9e \u00e0 vos besoins et \u00e0 vos souhaits se concr\u00e9tise \u00e9galement dans une tr\u00e8s large gamme de collections de finitions et de rev\u00eatements.<\/p>\n<p>&nbsp;<\/p>\n<\/div>\n\t\t\n\t\t\t\t\t\n\t\t\t<a href=\"\/fr\/portes-blindees\/decouvrez-la-porte-qui-vous-convient\/\" class=\"scw-btn scw-block-full-row__content-btn\" target=\"\">\u00cates-vous pr\u00eat \u00e0 donner forme \u00e0 votre porte\u00a0?<\/a>\n\t\t\t<\/div>\n\n<\/div>\n\n\n\n<div class=\"wp-block-group is-nowrap is-layout-flex wp-container-core-group-layout-1 wp-block-group-is-layout-flex\">\n<div style=\"height:40px;width:0px\" aria-hidden=\"true\" class=\"wp-block-spacer wp-container-content-1\"><\/div>\n<\/div>\n\n\n\n<div class=\"scw-block-heading-center \">\n\t<p class=\"scw-heading-h2\">PANNEAUX DE REV\u00caTEMENT<\/p>\n\t\t\t<p>Choisissez le rev\u00eatement la plus appropri\u00e9 pour votre porte ALIAS parmi plusieurs lignes et collections<\/p>\n\t<\/div>\n\n\n\n<div class=\"scw-block-button  align-center\">\n\t\t\t\n\t\t<a href=\"\/fr\/portes-blindees\/panneaux-de-revetement\/\" class=\"scw-btn\" target=\"\">D\u00e9couvrez tous les panneaux<\/a>\n\t<\/div>\n\n\n\n\t<div class=\"scw-block-image-text-hover\">\n\t\t<div class=\"scw-block-image-text-hover__carousel\">\n\t\t\t\t\t\t\t\n\t\t\t\t<div class=\"scw-block-image-text-hover__item\">\n\t\t\t\t\t<div class=\"scw-block-image-text-hover__image\" style=\"background-image: url(https:\/\/www.aliasblindate.com\/wp-content\/uploads\/2024\/11\/1box.jpg)\"><\/div>\n\n\t\t\t\t\t\t\t\t\t\t\t<div class=\"scw-block-image-text-hover__content\">\n\t\t\t\t\t\t\t<a class=\"scw-block-image-text-hover__title\" href=\"\/fr\/portes-blindees\/panneaux-de-revetement\/exterieurs\/\" target=\"_blank\">PANNEAUX DE REV\u00caTEMENT EXT\u00c9RIEURS<\/a>\n\n\t\t\t\t\t\t\t\t\t\t\t\t\t\t\t<div class=\"scw-block-image-text-hover__text\">Un d\u00e9fil\u00e9 de collections au design \u00e9vocateur, caract\u00e9ris\u00e9 par des combinaisons de mat\u00e9riaux pr\u00e9cieux et de traitements raffin\u00e9s.<\/div>\n\t\t\t\t\t\t\t\t\t\t\t\t\t\t<a class=\"scw-block-image-text-hover__icon\" href=\"\/fr\/portes-blindees\/panneaux-de-revetement\/exterieurs\/\" target=\"_blank\"><i class=\"fas fa-chevron-right\"><\/i><\/a>\n\t\t\t\t\t\t<\/div>\n\t\t\t\t\t\t\t\t\t<\/div>\n\t\t\t\t\t\t\t\n\t\t\t\t<div class=\"scw-block-image-text-hover__item\">\n\t\t\t\t\t<div class=\"scw-block-image-text-hover__image\" style=\"background-image: url(https:\/\/www.aliasblindate.com\/wp-content\/uploads\/2024\/11\/box2.jpg)\"><\/div>\n\n\t\t\t\t\t\t\t\t\t\t\t<div class=\"scw-block-image-text-hover__content\">\n\t\t\t\t\t\t\t<a class=\"scw-block-image-text-hover__title\" href=\"\/fr\/portes-blindees\/panneaux-de-revetement\/interni\/\" target=\"\">PANNEAUX DE REV\u00caTEMENT INT\u00c9RIEURS<\/a>\n\n\t\t\t\t\t\t\t\t\t\t\t\t\t\t\t<div class=\"scw-block-image-text-hover__text\">Vous vivez dans un espace classique ou moderne\u00a0? M\u00eame pour l&rsquo;int\u00e9rieur, vous pouvez couvrir votre porte Alias blind\u00e9e en choisissant parmi une large gamme de solutions capables de r\u00e9pondre au style de votre maison.<\/div>\n\t\t\t\t\t\t\t\t\t\t\t\t\t\t<a class=\"scw-block-image-text-hover__icon\" href=\"\/fr\/portes-blindees\/panneaux-de-revetement\/interni\/\" target=\"\"><i class=\"fas fa-chevron-right\"><\/i><\/a>\n\t\t\t\t\t\t<\/div>\n\t\t\t\t\t\t\t\t\t<\/div>\n\t\t\t\t\t\t\t\n\t\t\t\t<div class=\"scw-block-image-text-hover__item\">\n\t\t\t\t\t<div class=\"scw-block-image-text-hover__image\" style=\"background-image: url(https:\/\/www.aliasblindate.com\/wp-content\/uploads\/2024\/11\/box3a.jpg)\"><\/div>\n\n\t\t\t\t\t\t\t\t\t\t\t<div class=\"scw-block-image-text-hover__content\">\n\t\t\t\t\t\t\t<a class=\"scw-block-image-text-hover__title\" href=\"\/fr\/portes-blindees\/i-modelli-plate\/dream-one\/\" target=\"\">DREAM ONE<\/a>\n\n\t\t\t\t\t\t\t\t\t\t\t\t\t\t\t<div class=\"scw-block-image-text-hover__text\">Parfaite coplanarit\u00e9 battant\/couvre-fils.<\/div>\n\t\t\t\t\t\t\t\t\t\t\t\t\t\t<a class=\"scw-block-image-text-hover__icon\" href=\"\/fr\/portes-blindees\/i-modelli-plate\/dream-one\/\" target=\"\"><i class=\"fas fa-chevron-right\"><\/i><\/a>\n\t\t\t\t\t\t<\/div>\n\t\t\t\t\t\t\t\t\t<\/div>\n\t\t\t\t\t<\/div>\n\t<\/div>\n\n\n\n<div style=\"height:60px\" aria-hidden=\"true\" class=\"wp-block-spacer\"><\/div>\n\n\n\n<div class=\"wp-block-buttons is-content-justification-center is-layout-flex wp-container-core-buttons-layout-2 wp-block-buttons-is-layout-flex\">\n<div class=\"wp-block-button has-custom-font-size btn-preventivo is-style-outline has-small-font-size\"><a class=\"wp-block-button__link has-white-color has-text-color has-background has-link-color has-text-align-center wp-element-button\" href=\"https:\/\/www.aliasblindate.com\/fr\/demander-un-devis\/\" style=\"border-radius:20px;background-color:#e20714\" rel=\"\">JE VEUX RECEVOIR UN DEVIS GRATUIT<\/a><\/div>\n<\/div>\n\n\n\n<div style=\"height:60px\" aria-hidden=\"true\" class=\"wp-block-spacer\"><\/div>\n\n\n\n<div class=\"scw-block-cta\">\n\t<div class=\"scw-block-cta__background\"><\/div>\n\t<div class=\"scw-block-cta__content\">\n\t\t\t\t\t<div class=\"scw-block-cta__content-text\"><p>Des portes qui se ferment pour s&rsquo;ouvrir vers des mondes et des lieux intimes, vers des espaces que vous voulez vivre et retrouver.<br \/>\nLes portes Alias prot\u00e8gent votre id\u00e9e de la maison, votre espace et constituent votre style exactement comme vous le souhaitez.<\/p>\n<\/div>\n\t\t\n\t\t\t\t\t<div class=\"scw-block-cta__content-title scw-heading-h2\"><p>Alias signifie s\u00e9curit\u00e9 pour<br \/>\nl&rsquo;int\u00e9rieur et design \u00e0 l&rsquo;ext\u00e9rieur.<\/p>\n<\/div>\n\t\t\n\t\t\t\t\t\n\t\t\t<a href=\"\/fr\/interieur-de-la-porte\/\" class=\"scw-btn\" target=\"\">D\u00e9couvrez de quoi est faite une porte blind\u00e9e\u00a0!<\/a>\n\t\t\t<\/div>\n\n<\/div>\n\n\n\n\n\n\n<div style=\"height:60px\" aria-hidden=\"true\" class=\"wp-block-spacer\"><\/div>\n\n\n\n<div class=\"wp-block-buttons is-content-justification-center is-layout-flex wp-container-core-buttons-layout-3 wp-block-buttons-is-layout-flex\">\n<div class=\"wp-block-button has-custom-font-size btn-preventivo is-style-outline has-small-font-size\"><a class=\"wp-block-button__link has-white-color has-text-color has-background has-link-color has-text-align-center wp-element-button\" href=\"https:\/\/www.aliasblindate.com\/fr\/demander-un-devis\/\" style=\"border-radius:20px;background-color:#e20714\" rel=\"\">je souhaite recevoir UN DEVIS GRATUIT<\/a><\/div>\n<\/div>\n\n\n\n<div style=\"height:60px\" aria-hidden=\"true\" class=\"wp-block-spacer\"><\/div>\n\n\n\n\n<div class=\"scw-block-catalogue\">\n\t<div class=\"scw-block-catalogue__background\"><\/div>\n\t<div class=\"scw-block-catalogue__content\">\n\t\t<div class=\"scw-block-catalogue__content-title scw-title\"><p>NOTRE CATALOGUE<\/p>\n<p>&nbsp;<\/p>\n<\/div>\n\t\t<div class=\"scw-block-catalogue__content-btn-wrapper\">\n\t\t\t<a class=\"scw-block-catalogue__content-btn scw-btn\" href=\"\/wp-content\/uploads\/2025\/04\/Alias-Catalogue.pdf\" target=\"_blank\">CONSULTEZ LE CATALOGUE ALIAS<\/a>\n\t\t<\/div>\n\t<\/div>\n\t\t\t<div class=\"scw-block-catalogue__image-wrapper\">\n\t\t\t<img loading=\"lazy\" decoding=\"async\" width=\"866\" height=\"716\" src=\"https:\/\/www.aliasblindate.com\/wp-content\/uploads\/2025\/04\/img-alias.png\" class=\"scw-block-catalogue__image\" alt=\"\" srcset=\"https:\/\/www.aliasblindate.com\/wp-content\/uploads\/2025\/04\/img-alias.png 866w, https:\/\/www.aliasblindate.com\/wp-content\/uploads\/2025\/04\/img-alias-300x248.png 300w, https:\/\/www.aliasblindate.com\/wp-content\/uploads\/2025\/04\/img-alias-768x635.png 768w\" sizes=\"(max-width: 866px) 100vw, 866px\" \/>\t\t<\/div>\n\t<\/div>\n","protected":false},"excerpt":{"rendered":"<p>Con\u00e7ue et construite pour garantir d&rsquo;excellentes performances, de l&rsquo;efficacit\u00e9 anti-effraction \u00e0 l&rsquo;affaiblissement acoustique, test\u00e9e pour au moins 30 ans de s\u00e9curit\u00e9 absolue. Les portes blind\u00e9es sign\u00e9es Alias allient design\u00a0en s\u00e9curit\u00e9, avec un regard tourn\u00e9 vers l&rsquo;avenir.<\/p>\n","protected":false},"author":5,"featured_media":0,"parent":0,"menu_order":0,"comment_status":"closed","ping_status":"closed","template":"template-home.php","meta":{"footnotes":""},"page-category":[],"acf":[],"yoast_head":"<!-- This site is optimized with the Yoast SEO plugin v23.5 - https:\/\/yoast.com\/wordpress\/plugins\/seo\/ -->\n<title>Alias Portes Blind\u00e9es\u00a0: design, s\u00e9curit\u00e9 et qualit\u00e9<\/title>\n<meta name=\"description\" content=\"ALIAS Portes Blind\u00e9es\u00a0: performance, technologie et r\u00e9sistance avec un design attrayant. Une porte Alias allie beaut\u00e9 et s\u00e9curit\u00e9 avec un regard tourn\u00e9 vers l&#039;avenir.\" \/>\n<meta name=\"robots\" content=\"index, follow, max-snippet:-1, max-image-preview:large, max-video-preview:-1\" \/>\n<link rel=\"canonical\" href=\"https:\/\/www.aliasblindate.com\/fr\/\" \/>\n<meta property=\"og:locale\" content=\"fr_FR\" \/>\n<meta property=\"og:type\" content=\"article\" \/>\n<meta property=\"og:title\" content=\"Alias Portes Blind\u00e9es\u00a0: design, s\u00e9curit\u00e9 et qualit\u00e9\" \/>\n<meta property=\"og:description\" content=\"ALIAS Portes Blind\u00e9es\u00a0: performance, technologie et r\u00e9sistance avec un design attrayant. Une porte Alias allie beaut\u00e9 et s\u00e9curit\u00e9 avec un regard tourn\u00e9 vers l&#039;avenir.\" \/>\n<meta property=\"og:url\" content=\"https:\/\/www.aliasblindate.com\/fr\/\" \/>\n<meta property=\"og:site_name\" content=\"Alias Blindate\" \/>\n<meta property=\"article:publisher\" content=\"https:\/\/www.facebook.com\/aliasporteblindate\" \/>\n<meta property=\"article:modified_time\" content=\"2025-11-06T14:54:22+00:00\" \/>\n<meta name=\"twitter:card\" content=\"summary_large_image\" \/>\n<meta name=\"twitter:label1\" content=\"Dur\u00e9e de lecture estim\u00e9e\" \/>\n\t<meta name=\"twitter:data1\" content=\"1 minute\" \/>\n<script type=\"application\/ld+json\" class=\"yoast-schema-graph\">{\"@context\":\"https:\/\/schema.org\",\"@graph\":[{\"@type\":\"WebPage\",\"@id\":\"https:\/\/www.aliasblindate.com\/fr\/\",\"url\":\"https:\/\/www.aliasblindate.com\/fr\/\",\"name\":\"Alias Portes Blind\u00e9es\u00a0: design, s\u00e9curit\u00e9 et qualit\u00e9\",\"isPartOf\":{\"@id\":\"https:\/\/www.aliasblindate.com\/fr\/#website\"},\"datePublished\":\"2019-10-08T09:00:46+00:00\",\"dateModified\":\"2025-11-06T14:54:22+00:00\",\"description\":\"ALIAS Portes Blind\u00e9es\u00a0: performance, technologie et r\u00e9sistance avec un design attrayant. Une porte Alias allie beaut\u00e9 et s\u00e9curit\u00e9 avec un regard tourn\u00e9 vers l'avenir.\",\"breadcrumb\":{\"@id\":\"https:\/\/www.aliasblindate.com\/fr\/#breadcrumb\"},\"inLanguage\":\"fr-FR\",\"potentialAction\":[{\"@type\":\"ReadAction\",\"target\":[\"https:\/\/www.aliasblindate.com\/fr\/\"]}]},{\"@type\":\"BreadcrumbList\",\"@id\":\"https:\/\/www.aliasblindate.com\/fr\/#breadcrumb\",\"itemListElement\":[{\"@type\":\"ListItem\",\"position\":1,\"name\":\"Home\",\"item\":\"https:\/\/www.aliasblindate.com\/fr\/\"},{\"@type\":\"ListItem\",\"position\":2,\"name\":\"Home\"}]},{\"@type\":\"WebSite\",\"@id\":\"https:\/\/www.aliasblindate.com\/fr\/#website\",\"url\":\"https:\/\/www.aliasblindate.com\/fr\/\",\"name\":\"Alias Blindate\",\"description\":\"\",\"publisher\":{\"@id\":\"https:\/\/www.aliasblindate.com\/fr\/#organization\"},\"potentialAction\":[{\"@type\":\"SearchAction\",\"target\":{\"@type\":\"EntryPoint\",\"urlTemplate\":\"https:\/\/www.aliasblindate.com\/fr\/?s={search_term_string}\"},\"query-input\":{\"@type\":\"PropertyValueSpecification\",\"valueRequired\":true,\"valueName\":\"search_term_string\"}}],\"inLanguage\":\"fr-FR\"},{\"@type\":\"Organization\",\"@id\":\"https:\/\/www.aliasblindate.com\/fr\/#organization\",\"name\":\"Alias Blindate\",\"url\":\"https:\/\/www.aliasblindate.com\/fr\/\",\"logo\":{\"@type\":\"ImageObject\",\"inLanguage\":\"fr-FR\",\"@id\":\"https:\/\/www.aliasblindate.com\/fr\/#\/schema\/logo\/image\/\",\"url\":\"https:\/\/www.aliasblindate.com\/wp-content\/uploads\/2019\/10\/logo@2x.png\",\"contentUrl\":\"https:\/\/www.aliasblindate.com\/wp-content\/uploads\/2019\/10\/logo@2x.png\",\"width\":498,\"height\":88,\"caption\":\"Alias Blindate\"},\"image\":{\"@id\":\"https:\/\/www.aliasblindate.com\/fr\/#\/schema\/logo\/image\/\"},\"sameAs\":[\"https:\/\/www.facebook.com\/aliasporteblindate\",\"https:\/\/www.instagram.com\/alias_porte_blindate\/\"]}]}<\/script>\n<!-- \/ Yoast SEO plugin. -->","yoast_head_json":{"title":"Alias Portes Blind\u00e9es\u00a0: design, s\u00e9curit\u00e9 et qualit\u00e9","description":"ALIAS Portes Blind\u00e9es\u00a0: performance, technologie et r\u00e9sistance avec un design attrayant. Une porte Alias allie beaut\u00e9 et s\u00e9curit\u00e9 avec un regard tourn\u00e9 vers l'avenir.","robots":{"index":"index","follow":"follow","max-snippet":"max-snippet:-1","max-image-preview":"max-image-preview:large","max-video-preview":"max-video-preview:-1"},"canonical":"https:\/\/www.aliasblindate.com\/fr\/","og_locale":"fr_FR","og_type":"article","og_title":"Alias Portes Blind\u00e9es\u00a0: design, s\u00e9curit\u00e9 et qualit\u00e9","og_description":"ALIAS Portes Blind\u00e9es\u00a0: performance, technologie et r\u00e9sistance avec un design attrayant. Une porte Alias allie beaut\u00e9 et s\u00e9curit\u00e9 avec un regard tourn\u00e9 vers l'avenir.","og_url":"https:\/\/www.aliasblindate.com\/fr\/","og_site_name":"Alias Blindate","article_publisher":"https:\/\/www.facebook.com\/aliasporteblindate","article_modified_time":"2025-11-06T14:54:22+00:00","twitter_card":"summary_large_image","twitter_misc":{"Dur\u00e9e de lecture estim\u00e9e":"1 minute"},"schema":{"@context":"https:\/\/schema.org","@graph":[{"@type":"WebPage","@id":"https:\/\/www.aliasblindate.com\/fr\/","url":"https:\/\/www.aliasblindate.com\/fr\/","name":"Alias Portes Blind\u00e9es\u00a0: design, s\u00e9curit\u00e9 et qualit\u00e9","isPartOf":{"@id":"https:\/\/www.aliasblindate.com\/fr\/#website"},"datePublished":"2019-10-08T09:00:46+00:00","dateModified":"2025-11-06T14:54:22+00:00","description":"ALIAS Portes Blind\u00e9es\u00a0: performance, technologie et r\u00e9sistance avec un design attrayant. Une porte Alias allie beaut\u00e9 et s\u00e9curit\u00e9 avec un regard tourn\u00e9 vers l'avenir.","breadcrumb":{"@id":"https:\/\/www.aliasblindate.com\/fr\/#breadcrumb"},"inLanguage":"fr-FR","potentialAction":[{"@type":"ReadAction","target":["https:\/\/www.aliasblindate.com\/fr\/"]}]},{"@type":"BreadcrumbList","@id":"https:\/\/www.aliasblindate.com\/fr\/#breadcrumb","itemListElement":[{"@type":"ListItem","position":1,"name":"Home","item":"https:\/\/www.aliasblindate.com\/fr\/"},{"@type":"ListItem","position":2,"name":"Home"}]},{"@type":"WebSite","@id":"https:\/\/www.aliasblindate.com\/fr\/#website","url":"https:\/\/www.aliasblindate.com\/fr\/","name":"Alias Blindate","description":"","publisher":{"@id":"https:\/\/www.aliasblindate.com\/fr\/#organization"},"potentialAction":[{"@type":"SearchAction","target":{"@type":"EntryPoint","urlTemplate":"https:\/\/www.aliasblindate.com\/fr\/?s={search_term_string}"},"query-input":{"@type":"PropertyValueSpecification","valueRequired":true,"valueName":"search_term_string"}}],"inLanguage":"fr-FR"},{"@type":"Organization","@id":"https:\/\/www.aliasblindate.com\/fr\/#organization","name":"Alias Blindate","url":"https:\/\/www.aliasblindate.com\/fr\/","logo":{"@type":"ImageObject","inLanguage":"fr-FR","@id":"https:\/\/www.aliasblindate.com\/fr\/#\/schema\/logo\/image\/","url":"https:\/\/www.aliasblindate.com\/wp-content\/uploads\/2019\/10\/logo@2x.png","contentUrl":"https:\/\/www.aliasblindate.com\/wp-content\/uploads\/2019\/10\/logo@2x.png","width":498,"height":88,"caption":"Alias Blindate"},"image":{"@id":"https:\/\/www.aliasblindate.com\/fr\/#\/schema\/logo\/image\/"},"sameAs":["https:\/\/www.facebook.com\/aliasporteblindate","https:\/\/www.instagram.com\/alias_porte_blindate\/"]}]}},"_links":{"self":[{"href":"https:\/\/www.aliasblindate.com\/fr\/wp-json\/wp\/v2\/pages\/17047"}],"collection":[{"href":"https:\/\/www.aliasblindate.com\/fr\/wp-json\/wp\/v2\/pages"}],"about":[{"href":"https:\/\/www.aliasblindate.com\/fr\/wp-json\/wp\/v2\/types\/page"}],"author":[{"embeddable":true,"href":"https:\/\/www.aliasblindate.com\/fr\/wp-json\/wp\/v2\/users\/5"}],"replies":[{"embeddable":true,"href":"https:\/\/www.aliasblindate.com\/fr\/wp-json\/wp\/v2\/comments?post=17047"}],"version-history":[{"count":63,"href":"https:\/\/www.aliasblindate.com\/fr\/wp-json\/wp\/v2\/pages\/17047\/revisions"}],"predecessor-version":[{"id":18141,"href":"https:\/\/www.aliasblindate.com\/fr\/wp-json\/wp\/v2\/pages\/17047\/revisions\/18141"}],"wp:attachment":[{"href":"https:\/\/www.aliasblindate.com\/fr\/wp-json\/wp\/v2\/media?parent=17047"}],"wp:term":[{"taxonomy":"page-category","embeddable":true,"href":"https:\/\/www.aliasblindate.com\/fr\/wp-json\/wp\/v2\/page-category?post=17047"}],"curies":[{"name":"wp","href":"https:\/\/api.w.org\/{rel}","templated":true}]}}