{"id":16950,"date":"2020-12-09T12:35:57","date_gmt":"2020-12-09T11:35:57","guid":{"rendered":"https:\/\/www.aliasblindate.com\/firenze\/"},"modified":"2025-01-27T12:35:09","modified_gmt":"2025-01-27T11:35:09","slug":"florence","status":"publish","type":"page","link":"https:\/\/www.aliasblindate.com\/fr\/florence\/","title":{"rendered":"Production de portes blind\u00e9es \u00e0 Florence"},"content":{"rendered":"<p><img loading=\"lazy\" decoding=\"async\" class=\"size-medium wp-image-6842 alignleft\" src=\"https:\/\/www.aliasblindate.com\/wp-content\/uploads\/2020\/12\/anteprima-produzione-porte-blindate-firenze-237x300.jpg\" alt=\"Produzione Porte Blindate Firenze\" width=\"237\" height=\"300\" srcset=\"https:\/\/www.aliasblindate.com\/wp-content\/uploads\/2020\/12\/anteprima-produzione-porte-blindate-firenze-237x300.jpg 237w, https:\/\/www.aliasblindate.com\/wp-content\/uploads\/2020\/12\/anteprima-produzione-porte-blindate-firenze.jpg 250w\" sizes=\"(max-width: 237px) 100vw, 237px\" \/><\/p>\n<h2>Fabricant de portes blind\u00e9es : Florence<\/h2>\n<p style=\"font-weight: 400;\">Pour la production de portes blind\u00e9es \u00e0 Florence, faites confiance \u00e0 Alias. L\u2019entreprise est leader dans le secteur des portes et des fen\u00eatres de s\u00e9curit\u00e9\u00a0: elle s&rsquo;occupe de la r\u00e9alisation, de la commercialisation et de l&rsquo;installation de portes et portails blind\u00e9s. L&rsquo;\u00e9quipe de collaborateurs est constamment form\u00e9e et mise \u00e0 jour dans le domaine des nouvelles technologies, garantissant ainsi un niveau \u00e9lev\u00e9 de qualit\u00e9. Le professionnalisme d&rsquo;Alias se marie avec une exp\u00e9rience de plusieurs ann\u00e9es tourn\u00e9e avant tout vers l&rsquo;avenir, en essayant de toujours rester en phase avec son temps et en utilisant les \u00e9quipements les plus modernes. L\u2019entreprise met \u00e0 disposition toutes les connaissances et toutes les comp\u00e9tences en mati\u00e8re de s\u00e9curit\u00e9 et de lutte contre l&rsquo;intrusion.<\/p>\n<h2>Choisissez la porte de s\u00e9curit\u00e9 qui vous convient<\/h2>\n<p style=\"font-weight: 400;\">Alias offre une large gamme de solutions dans la production de portes blind\u00e9es \u00e0 Florence. Vous trouverez \u00e0 coup s\u00fbr la porte blind\u00e9e qu\u2019il vous faut, pouvant monter un mod\u00e8le avec charni\u00e8res apparentes ou invisibles. Les couleurs du catalogue permettent aux portes blind\u00e9es Alias de s&rsquo;int\u00e9grer parfaitement \u00e0 des styles d&rsquo;ameublement tant classiques que modernes, en permettant de choisir entre une vari\u00e9t\u00e9 de bois plus clair ou plus fonc\u00e9, en fonction de vos pr\u00e9f\u00e9rences personnelles et de l&rsquo;environnement que vous souhaitez cr\u00e9er. Les portes blind\u00e9es plac\u00e9es \u00e0 l&rsquo;entr\u00e9e de la maison sont non seulement un moyen de dissuasion important pour les intrus ind\u00e9sirables, mais elles repr\u00e9sentent \u00e9galement un syst\u00e8me de d\u00e9fense efficace et actif. Le voleur potentiel est bloqu\u00e9 \u00e0 l&rsquo;ext\u00e9rieur de la maison et il est possible d&rsquo;alerter les forces de l&rsquo;ordre ou de mettre l\u2019intrus en fuite lorsque celui-ci se rend compte qu&rsquo;il ne parviendra jamais \u00e0 forcer la porte. Les serrures de s\u00e9curit\u00e9 ou \u00e0 cylindre europ\u00e9en sont mont\u00e9es pour r\u00e9sister \u00e0 toute effraction avec les outils classiques que les voleurs utilisent, comme un tournevis par exemple. Vous pouvez choisir des portes blind\u00e9es avec diff\u00e9rents niveaux de s\u00e9curit\u00e9 pour dormir plus tranquillement, y compris avec des accessoires qui r\u00e9sistent \u00e0 l&rsquo;action des cisailles, des hachettes, des perceuses \u00e9lectriques ou des burins. En plus de la production de portes blind\u00e9es \u00e0 Florence, pour ceux qui veulent augmenter encore le niveau de s\u00e9curit\u00e9, il est possible d&rsquo;installer le syst\u00e8me de grilles de protection sur les fen\u00eatres et les portes fen\u00eatres vitr\u00e9es sur la fa\u00e7ade de la maison. Les barres m\u00e9talliques peuvent \u00eatre peintes de toutes les couleurs de mani\u00e8re \u00e0 correspondre esth\u00e9tiquement avec le reste des menuiseries. En plus du territoire toscan, la production et la fourniture d\u2019Alias couvre toute la zone tosco-\u00e9milienne. Son vaste r\u00e9seau de revendeurs et d&rsquo;agents permet \u00e0 Alias d&rsquo;\u00eatre pr\u00e9sente de mani\u00e8re capillaire sur tout le territoire national.<\/p>\n","protected":false},"excerpt":{"rendered":"<p>Fabricant de portes blind\u00e9es : Florence Pour la production de portes blind\u00e9es \u00e0 Florence, faites confiance \u00e0 Alias. L\u2019entreprise est leader dans le secteur des portes et des fen\u00eatres de s\u00e9curit\u00e9\u00a0: elle s&rsquo;occupe de la r\u00e9alisation, de la commercialisation et de l&rsquo;installation de portes et portails blind\u00e9s. L&rsquo;\u00e9quipe de collaborateurs est constamment form\u00e9e et mise&hellip;<\/p>\n","protected":false},"author":5,"featured_media":0,"parent":0,"menu_order":0,"comment_status":"closed","ping_status":"closed","template":"","meta":{"footnotes":""},"page-category":[],"acf":[],"yoast_head":"<!-- This site is optimized with the Yoast SEO plugin v23.5 - https:\/\/yoast.com\/wordpress\/plugins\/seo\/ -->\n<title>Production de portes blind\u00e9es \u00e0 Florence | Alias Blindate<\/title>\n<meta name=\"description\" content=\"Pour la production de portes blind\u00e9es \u00e0 Florence et dans les environs, faites confiance \u00e0 Alias Blind\u00e9es. Trouvez l&#039;article le mieux adapt\u00e9 \u00e0 votre habitation.\" \/>\n<meta name=\"robots\" content=\"index, follow, max-snippet:-1, max-image-preview:large, max-video-preview:-1\" \/>\n<link rel=\"canonical\" href=\"https:\/\/www.aliasblindate.com\/fr\/florence\/\" \/>\n<meta property=\"og:locale\" content=\"fr_FR\" \/>\n<meta property=\"og:type\" content=\"article\" \/>\n<meta property=\"og:title\" content=\"Production de portes blind\u00e9es \u00e0 Florence | Alias Blindate\" \/>\n<meta property=\"og:description\" content=\"Pour la production de portes blind\u00e9es \u00e0 Florence et dans les environs, faites confiance \u00e0 Alias Blind\u00e9es. Trouvez l&#039;article le mieux adapt\u00e9 \u00e0 votre habitation.\" \/>\n<meta property=\"og:url\" content=\"https:\/\/www.aliasblindate.com\/fr\/florence\/\" \/>\n<meta property=\"og:site_name\" content=\"Alias Blindate\" \/>\n<meta property=\"article:publisher\" content=\"https:\/\/www.facebook.com\/aliasporteblindate\" \/>\n<meta property=\"article:modified_time\" content=\"2025-01-27T11:35:09+00:00\" \/>\n<meta property=\"og:image\" content=\"https:\/\/www.aliasblindate.com\/wp-content\/uploads\/2020\/12\/anteprima-produzione-porte-blindate-firenze-237x300.jpg\" \/>\n<meta name=\"twitter:card\" content=\"summary_large_image\" \/>\n<meta name=\"twitter:label1\" content=\"Dur\u00e9e de lecture estim\u00e9e\" \/>\n\t<meta name=\"twitter:data1\" content=\"3 minutes\" \/>\n<script type=\"application\/ld+json\" class=\"yoast-schema-graph\">{\"@context\":\"https:\/\/schema.org\",\"@graph\":[{\"@type\":\"WebPage\",\"@id\":\"https:\/\/www.aliasblindate.com\/fr\/florence\/\",\"url\":\"https:\/\/www.aliasblindate.com\/fr\/florence\/\",\"name\":\"Production de portes blind\u00e9es \u00e0 Florence | Alias Blindate\",\"isPartOf\":{\"@id\":\"https:\/\/www.aliasblindate.com\/fr\/#website\"},\"primaryImageOfPage\":{\"@id\":\"https:\/\/www.aliasblindate.com\/fr\/florence\/#primaryimage\"},\"image\":{\"@id\":\"https:\/\/www.aliasblindate.com\/fr\/florence\/#primaryimage\"},\"thumbnailUrl\":\"https:\/\/www.aliasblindate.com\/wp-content\/uploads\/2020\/12\/anteprima-produzione-porte-blindate-firenze-237x300.jpg\",\"datePublished\":\"2020-12-09T11:35:57+00:00\",\"dateModified\":\"2025-01-27T11:35:09+00:00\",\"description\":\"Pour la production de portes blind\u00e9es \u00e0 Florence et dans les environs, faites confiance \u00e0 Alias Blind\u00e9es. Trouvez l'article le mieux adapt\u00e9 \u00e0 votre habitation.\",\"breadcrumb\":{\"@id\":\"https:\/\/www.aliasblindate.com\/fr\/florence\/#breadcrumb\"},\"inLanguage\":\"fr-FR\",\"potentialAction\":[{\"@type\":\"ReadAction\",\"target\":[\"https:\/\/www.aliasblindate.com\/fr\/florence\/\"]}]},{\"@type\":\"ImageObject\",\"inLanguage\":\"fr-FR\",\"@id\":\"https:\/\/www.aliasblindate.com\/fr\/florence\/#primaryimage\",\"url\":\"https:\/\/www.aliasblindate.com\/wp-content\/uploads\/2020\/12\/anteprima-produzione-porte-blindate-firenze-237x300.jpg\",\"contentUrl\":\"https:\/\/www.aliasblindate.com\/wp-content\/uploads\/2020\/12\/anteprima-produzione-porte-blindate-firenze-237x300.jpg\"},{\"@type\":\"BreadcrumbList\",\"@id\":\"https:\/\/www.aliasblindate.com\/fr\/florence\/#breadcrumb\",\"itemListElement\":[{\"@type\":\"ListItem\",\"position\":1,\"name\":\"Home\",\"item\":\"https:\/\/www.aliasblindate.com\/fr\/\"},{\"@type\":\"ListItem\",\"position\":2,\"name\":\"Production de portes blind\u00e9es \u00e0 Florence\"}]},{\"@type\":\"WebSite\",\"@id\":\"https:\/\/www.aliasblindate.com\/fr\/#website\",\"url\":\"https:\/\/www.aliasblindate.com\/fr\/\",\"name\":\"Alias Blindate\",\"description\":\"\",\"publisher\":{\"@id\":\"https:\/\/www.aliasblindate.com\/fr\/#organization\"},\"potentialAction\":[{\"@type\":\"SearchAction\",\"target\":{\"@type\":\"EntryPoint\",\"urlTemplate\":\"https:\/\/www.aliasblindate.com\/fr\/?s={search_term_string}\"},\"query-input\":{\"@type\":\"PropertyValueSpecification\",\"valueRequired\":true,\"valueName\":\"search_term_string\"}}],\"inLanguage\":\"fr-FR\"},{\"@type\":\"Organization\",\"@id\":\"https:\/\/www.aliasblindate.com\/fr\/#organization\",\"name\":\"Alias Blindate\",\"url\":\"https:\/\/www.aliasblindate.com\/fr\/\",\"logo\":{\"@type\":\"ImageObject\",\"inLanguage\":\"fr-FR\",\"@id\":\"https:\/\/www.aliasblindate.com\/fr\/#\/schema\/logo\/image\/\",\"url\":\"https:\/\/www.aliasblindate.com\/wp-content\/uploads\/2019\/10\/logo@2x.png\",\"contentUrl\":\"https:\/\/www.aliasblindate.com\/wp-content\/uploads\/2019\/10\/logo@2x.png\",\"width\":498,\"height\":88,\"caption\":\"Alias Blindate\"},\"image\":{\"@id\":\"https:\/\/www.aliasblindate.com\/fr\/#\/schema\/logo\/image\/\"},\"sameAs\":[\"https:\/\/www.facebook.com\/aliasporteblindate\",\"https:\/\/www.instagram.com\/alias_porte_blindate\/\"]}]}<\/script>\n<!-- \/ Yoast SEO plugin. -->","yoast_head_json":{"title":"Production de portes blind\u00e9es \u00e0 Florence | Alias Blindate","description":"Pour la production de portes blind\u00e9es \u00e0 Florence et dans les environs, faites confiance \u00e0 Alias Blind\u00e9es. Trouvez l'article le mieux adapt\u00e9 \u00e0 votre habitation.","robots":{"index":"index","follow":"follow","max-snippet":"max-snippet:-1","max-image-preview":"max-image-preview:large","max-video-preview":"max-video-preview:-1"},"canonical":"https:\/\/www.aliasblindate.com\/fr\/florence\/","og_locale":"fr_FR","og_type":"article","og_title":"Production de portes blind\u00e9es \u00e0 Florence | Alias Blindate","og_description":"Pour la production de portes blind\u00e9es \u00e0 Florence et dans les environs, faites confiance \u00e0 Alias Blind\u00e9es. Trouvez l'article le mieux adapt\u00e9 \u00e0 votre habitation.","og_url":"https:\/\/www.aliasblindate.com\/fr\/florence\/","og_site_name":"Alias Blindate","article_publisher":"https:\/\/www.facebook.com\/aliasporteblindate","article_modified_time":"2025-01-27T11:35:09+00:00","og_image":[{"url":"https:\/\/www.aliasblindate.com\/wp-content\/uploads\/2020\/12\/anteprima-produzione-porte-blindate-firenze-237x300.jpg"}],"twitter_card":"summary_large_image","twitter_misc":{"Dur\u00e9e de lecture estim\u00e9e":"3 minutes"},"schema":{"@context":"https:\/\/schema.org","@graph":[{"@type":"WebPage","@id":"https:\/\/www.aliasblindate.com\/fr\/florence\/","url":"https:\/\/www.aliasblindate.com\/fr\/florence\/","name":"Production de portes blind\u00e9es \u00e0 Florence | Alias Blindate","isPartOf":{"@id":"https:\/\/www.aliasblindate.com\/fr\/#website"},"primaryImageOfPage":{"@id":"https:\/\/www.aliasblindate.com\/fr\/florence\/#primaryimage"},"image":{"@id":"https:\/\/www.aliasblindate.com\/fr\/florence\/#primaryimage"},"thumbnailUrl":"https:\/\/www.aliasblindate.com\/wp-content\/uploads\/2020\/12\/anteprima-produzione-porte-blindate-firenze-237x300.jpg","datePublished":"2020-12-09T11:35:57+00:00","dateModified":"2025-01-27T11:35:09+00:00","description":"Pour la production de portes blind\u00e9es \u00e0 Florence et dans les environs, faites confiance \u00e0 Alias Blind\u00e9es. Trouvez l'article le mieux adapt\u00e9 \u00e0 votre habitation.","breadcrumb":{"@id":"https:\/\/www.aliasblindate.com\/fr\/florence\/#breadcrumb"},"inLanguage":"fr-FR","potentialAction":[{"@type":"ReadAction","target":["https:\/\/www.aliasblindate.com\/fr\/florence\/"]}]},{"@type":"ImageObject","inLanguage":"fr-FR","@id":"https:\/\/www.aliasblindate.com\/fr\/florence\/#primaryimage","url":"https:\/\/www.aliasblindate.com\/wp-content\/uploads\/2020\/12\/anteprima-produzione-porte-blindate-firenze-237x300.jpg","contentUrl":"https:\/\/www.aliasblindate.com\/wp-content\/uploads\/2020\/12\/anteprima-produzione-porte-blindate-firenze-237x300.jpg"},{"@type":"BreadcrumbList","@id":"https:\/\/www.aliasblindate.com\/fr\/florence\/#breadcrumb","itemListElement":[{"@type":"ListItem","position":1,"name":"Home","item":"https:\/\/www.aliasblindate.com\/fr\/"},{"@type":"ListItem","position":2,"name":"Production de portes blind\u00e9es \u00e0 Florence"}]},{"@type":"WebSite","@id":"https:\/\/www.aliasblindate.com\/fr\/#website","url":"https:\/\/www.aliasblindate.com\/fr\/","name":"Alias Blindate","description":"","publisher":{"@id":"https:\/\/www.aliasblindate.com\/fr\/#organization"},"potentialAction":[{"@type":"SearchAction","target":{"@type":"EntryPoint","urlTemplate":"https:\/\/www.aliasblindate.com\/fr\/?s={search_term_string}"},"query-input":{"@type":"PropertyValueSpecification","valueRequired":true,"valueName":"search_term_string"}}],"inLanguage":"fr-FR"},{"@type":"Organization","@id":"https:\/\/www.aliasblindate.com\/fr\/#organization","name":"Alias Blindate","url":"https:\/\/www.aliasblindate.com\/fr\/","logo":{"@type":"ImageObject","inLanguage":"fr-FR","@id":"https:\/\/www.aliasblindate.com\/fr\/#\/schema\/logo\/image\/","url":"https:\/\/www.aliasblindate.com\/wp-content\/uploads\/2019\/10\/logo@2x.png","contentUrl":"https:\/\/www.aliasblindate.com\/wp-content\/uploads\/2019\/10\/logo@2x.png","width":498,"height":88,"caption":"Alias Blindate"},"image":{"@id":"https:\/\/www.aliasblindate.com\/fr\/#\/schema\/logo\/image\/"},"sameAs":["https:\/\/www.facebook.com\/aliasporteblindate","https:\/\/www.instagram.com\/alias_porte_blindate\/"]}]}},"_links":{"self":[{"href":"https:\/\/www.aliasblindate.com\/fr\/wp-json\/wp\/v2\/pages\/16950"}],"collection":[{"href":"https:\/\/www.aliasblindate.com\/fr\/wp-json\/wp\/v2\/pages"}],"about":[{"href":"https:\/\/www.aliasblindate.com\/fr\/wp-json\/wp\/v2\/types\/page"}],"author":[{"embeddable":true,"href":"https:\/\/www.aliasblindate.com\/fr\/wp-json\/wp\/v2\/users\/5"}],"replies":[{"embeddable":true,"href":"https:\/\/www.aliasblindate.com\/fr\/wp-json\/wp\/v2\/comments?post=16950"}],"version-history":[{"count":2,"href":"https:\/\/www.aliasblindate.com\/fr\/wp-json\/wp\/v2\/pages\/16950\/revisions"}],"predecessor-version":[{"id":17666,"href":"https:\/\/www.aliasblindate.com\/fr\/wp-json\/wp\/v2\/pages\/16950\/revisions\/17666"}],"wp:attachment":[{"href":"https:\/\/www.aliasblindate.com\/fr\/wp-json\/wp\/v2\/media?parent=16950"}],"wp:term":[{"taxonomy":"page-category","embeddable":true,"href":"https:\/\/www.aliasblindate.com\/fr\/wp-json\/wp\/v2\/page-category?post=16950"}],"curies":[{"name":"wp","href":"https:\/\/api.w.org\/{rel}","templated":true}]}}