{"id":16943,"date":"2020-12-09T12:28:18","date_gmt":"2020-12-09T11:28:18","guid":{"rendered":"https:\/\/www.aliasblindate.com\/genova\/"},"modified":"2025-01-27T12:26:20","modified_gmt":"2025-01-27T11:26:20","slug":"genes","status":"publish","type":"page","link":"https:\/\/www.aliasblindate.com\/fr\/genes\/","title":{"rendered":"Production de portes blind\u00e9es \u00e0 G\u00eanes"},"content":{"rendered":"<p class=\"nome\" style=\"text-align: center;\"><strong>RE.MO.<\/strong><\/p>\n<p style=\"text-align: center;\"><strong>E-mail:\u00a0<a href=\"mailto:remussim@remosnc.it\">remussim@remosnc.it<\/a><\/strong><\/p>\n<p><img loading=\"lazy\" decoding=\"async\" class=\"size-medium wp-image-6826 alignleft\" src=\"https:\/\/www.aliasblindate.com\/wp-content\/uploads\/2020\/12\/basicline-300x226.jpg\" alt=\"Produzione Porte Blindate Genova\" width=\"300\" height=\"226\" srcset=\"https:\/\/www.aliasblindate.com\/wp-content\/uploads\/2020\/12\/basicline-300x226.jpg 300w, https:\/\/www.aliasblindate.com\/wp-content\/uploads\/2020\/12\/basicline.jpg 570w\" sizes=\"(max-width: 300px) 100vw, 300px\" \/><\/p>\n<p class=\"justifyfull\">Alias Blind\u00e9es est une entreprise sp\u00e9cialis\u00e9e dans la production de portes blind\u00e9es \u00e0 G\u00eanes et dans ses environs\u00a0: elle offre des solutions modernes et innovantes d\u00e9di\u00e9es \u00e0 tous ceux qui veulent rendre leur maison plus s\u00fbre et, en m\u00eame temps, se procurer un \u00e9l\u00e9ment de design raffin\u00e9 avec un fort impact esth\u00e9tique.<\/p>\n<p class=\"justifyfull\" dir=\"ltr\">Les portes blind\u00e9es propos\u00e9es par Alias offrent un degr\u00e9 \u00e9lev\u00e9 de r\u00e9sistance aux chocs et \u00e0 l&rsquo;usure du temps, garantissant le maximum de s\u00e9curit\u00e9. Les produits d&rsquo;Alias sont assortis de la certification anti-effraction d\u00e9livr\u00e9e par des organismes comp\u00e9tents reconnus par l&rsquo;Union europ\u00e9enne et ils offrent des valeurs de transmission thermique et d&rsquo;isolation acoustique tr\u00e8s \u00e9lev\u00e9es, garantissant une qualit\u00e9 et une \u00e9conomie d&rsquo;\u00e9nergie maximales.<\/p>\n<p class=\"justifyfull\" dir=\"ltr\">Les portes blind\u00e9es sont fabriqu\u00e9es en acier galvanis\u00e9 \u00e0 l&rsquo;aide d&rsquo;instruments \u00e0 la pointe de la technologie. Elles sont \u00e9galement \u00e9quip\u00e9es d&rsquo;une double isolation et de m\u00e9canismes modernes et innovants tels que les syst\u00e8mes d&rsquo;enregistrement automatique du p\u00eane demi-tour. Certains des mod\u00e8les propos\u00e9s par la marque sont \u00e9galement \u00e9quip\u00e9s de serrures \u00e9lectrifi\u00e9es ou d&rsquo;un m\u00e9canisme de rencontre \u00e9lectrique, d\u00e9di\u00e9 \u00e0 l&rsquo;ouverture du p\u00eane demi-tour \u00e0 distance, offrant ainsi un maximum de confort \u00e0 l&rsquo;utilisateur.<\/p>\n<p class=\"justifyfull\" dir=\"ltr\">Les produits Alias sont \u00e9galement \u00e9quip\u00e9s de technologies simplifiant l\u2019installation gr\u00e2ce \u00e0 un syst\u00e8me de fermeture \u00e9lectrique en acier inoxydable.<\/p>\n<p class=\"justifyfull\" dir=\"ltr\">En effet, en plus d&rsquo;\u00eatre des technologies anti-effraction les plus modernes, les portes blind\u00e9es produites par Alias pr\u00e9sentent un design capable de s&rsquo;adapter \u00e0 tous les styles d\u2019ameublement. Les portes Alias, plates et discr\u00e8tes, pr\u00e9sentent des lignes \u00e9l\u00e9gantes et minimalistes. L&rsquo;entreprise propose par ailleurs une large gamme de portes et fen\u00eatres avec une grande diversit\u00e9 de finitions, de mat\u00e9riaux et de rev\u00eatements afin de permettre aux clients de choisir le mod\u00e8le le mieux adapt\u00e9 \u00e0 leurs go\u00fbts et \u00e0 leurs besoins.<\/p>\n<p class=\"justifyfull\" dir=\"ltr\">Pour plus d&rsquo;informations sur les mod\u00e8les de portes blind\u00e9es propos\u00e9s par Alias ou pour un devis personnalis\u00e9, contactez l\u2019entreprise via le formulaire de contact appropri\u00e9.<\/p>\n","protected":false},"excerpt":{"rendered":"<p>RE.MO. E-mail:\u00a0remussim@remosnc.it Alias Blind\u00e9es est une entreprise sp\u00e9cialis\u00e9e dans la production de portes blind\u00e9es \u00e0 G\u00eanes et dans ses environs\u00a0: elle offre des solutions modernes et innovantes d\u00e9di\u00e9es \u00e0 tous ceux qui veulent rendre leur maison plus s\u00fbre et, en m\u00eame temps, se procurer un \u00e9l\u00e9ment de design raffin\u00e9 avec un fort impact esth\u00e9tique. Les&hellip;<\/p>\n","protected":false},"author":5,"featured_media":0,"parent":0,"menu_order":0,"comment_status":"closed","ping_status":"closed","template":"","meta":{"footnotes":""},"page-category":[],"acf":[],"yoast_head":"<!-- This site is optimized with the Yoast SEO plugin v23.5 - https:\/\/yoast.com\/wordpress\/plugins\/seo\/ -->\n<title>Production de portes blind\u00e9es \u00e0 G\u00eanes | Alias Blindate<\/title>\n<meta name=\"description\" content=\"Alias Blind\u00e9es\u00a0: production de portes blind\u00e9es \u00e0 G\u00eanes et dans la province. Trouvez celle qui vous convient le mieux.\" \/>\n<meta name=\"robots\" content=\"index, follow, max-snippet:-1, max-image-preview:large, max-video-preview:-1\" \/>\n<link rel=\"canonical\" href=\"https:\/\/www.aliasblindate.com\/fr\/genes\/\" \/>\n<meta property=\"og:locale\" content=\"fr_FR\" \/>\n<meta property=\"og:type\" content=\"article\" \/>\n<meta property=\"og:title\" content=\"Production de portes blind\u00e9es \u00e0 G\u00eanes | Alias Blindate\" \/>\n<meta property=\"og:description\" content=\"Alias Blind\u00e9es\u00a0: production de portes blind\u00e9es \u00e0 G\u00eanes et dans la province. Trouvez celle qui vous convient le mieux.\" \/>\n<meta property=\"og:url\" content=\"https:\/\/www.aliasblindate.com\/fr\/genes\/\" \/>\n<meta property=\"og:site_name\" content=\"Alias Blindate\" \/>\n<meta property=\"article:publisher\" content=\"https:\/\/www.facebook.com\/aliasporteblindate\" \/>\n<meta property=\"article:modified_time\" content=\"2025-01-27T11:26:20+00:00\" \/>\n<meta property=\"og:image\" content=\"https:\/\/www.aliasblindate.com\/wp-content\/uploads\/2020\/12\/basicline-300x226.jpg\" \/>\n<meta name=\"twitter:card\" content=\"summary_large_image\" \/>\n<meta name=\"twitter:label1\" content=\"Dur\u00e9e de lecture estim\u00e9e\" \/>\n\t<meta name=\"twitter:data1\" content=\"2 minutes\" \/>\n<script type=\"application\/ld+json\" class=\"yoast-schema-graph\">{\"@context\":\"https:\/\/schema.org\",\"@graph\":[{\"@type\":\"WebPage\",\"@id\":\"https:\/\/www.aliasblindate.com\/fr\/genes\/\",\"url\":\"https:\/\/www.aliasblindate.com\/fr\/genes\/\",\"name\":\"Production de portes blind\u00e9es \u00e0 G\u00eanes | Alias Blindate\",\"isPartOf\":{\"@id\":\"https:\/\/www.aliasblindate.com\/fr\/#website\"},\"primaryImageOfPage\":{\"@id\":\"https:\/\/www.aliasblindate.com\/fr\/genes\/#primaryimage\"},\"image\":{\"@id\":\"https:\/\/www.aliasblindate.com\/fr\/genes\/#primaryimage\"},\"thumbnailUrl\":\"https:\/\/www.aliasblindate.com\/wp-content\/uploads\/2020\/12\/basicline-300x226.jpg\",\"datePublished\":\"2020-12-09T11:28:18+00:00\",\"dateModified\":\"2025-01-27T11:26:20+00:00\",\"description\":\"Alias Blind\u00e9es\u00a0: production de portes blind\u00e9es \u00e0 G\u00eanes et dans la province. Trouvez celle qui vous convient le mieux.\",\"breadcrumb\":{\"@id\":\"https:\/\/www.aliasblindate.com\/fr\/genes\/#breadcrumb\"},\"inLanguage\":\"fr-FR\",\"potentialAction\":[{\"@type\":\"ReadAction\",\"target\":[\"https:\/\/www.aliasblindate.com\/fr\/genes\/\"]}]},{\"@type\":\"ImageObject\",\"inLanguage\":\"fr-FR\",\"@id\":\"https:\/\/www.aliasblindate.com\/fr\/genes\/#primaryimage\",\"url\":\"https:\/\/www.aliasblindate.com\/wp-content\/uploads\/2020\/12\/basicline-300x226.jpg\",\"contentUrl\":\"https:\/\/www.aliasblindate.com\/wp-content\/uploads\/2020\/12\/basicline-300x226.jpg\"},{\"@type\":\"BreadcrumbList\",\"@id\":\"https:\/\/www.aliasblindate.com\/fr\/genes\/#breadcrumb\",\"itemListElement\":[{\"@type\":\"ListItem\",\"position\":1,\"name\":\"Home\",\"item\":\"https:\/\/www.aliasblindate.com\/fr\/\"},{\"@type\":\"ListItem\",\"position\":2,\"name\":\"Production de portes blind\u00e9es \u00e0 G\u00eanes\"}]},{\"@type\":\"WebSite\",\"@id\":\"https:\/\/www.aliasblindate.com\/fr\/#website\",\"url\":\"https:\/\/www.aliasblindate.com\/fr\/\",\"name\":\"Alias Blindate\",\"description\":\"\",\"publisher\":{\"@id\":\"https:\/\/www.aliasblindate.com\/fr\/#organization\"},\"potentialAction\":[{\"@type\":\"SearchAction\",\"target\":{\"@type\":\"EntryPoint\",\"urlTemplate\":\"https:\/\/www.aliasblindate.com\/fr\/?s={search_term_string}\"},\"query-input\":{\"@type\":\"PropertyValueSpecification\",\"valueRequired\":true,\"valueName\":\"search_term_string\"}}],\"inLanguage\":\"fr-FR\"},{\"@type\":\"Organization\",\"@id\":\"https:\/\/www.aliasblindate.com\/fr\/#organization\",\"name\":\"Alias Blindate\",\"url\":\"https:\/\/www.aliasblindate.com\/fr\/\",\"logo\":{\"@type\":\"ImageObject\",\"inLanguage\":\"fr-FR\",\"@id\":\"https:\/\/www.aliasblindate.com\/fr\/#\/schema\/logo\/image\/\",\"url\":\"https:\/\/www.aliasblindate.com\/wp-content\/uploads\/2019\/10\/logo@2x.png\",\"contentUrl\":\"https:\/\/www.aliasblindate.com\/wp-content\/uploads\/2019\/10\/logo@2x.png\",\"width\":498,\"height\":88,\"caption\":\"Alias Blindate\"},\"image\":{\"@id\":\"https:\/\/www.aliasblindate.com\/fr\/#\/schema\/logo\/image\/\"},\"sameAs\":[\"https:\/\/www.facebook.com\/aliasporteblindate\",\"https:\/\/www.instagram.com\/alias_porte_blindate\/\"]}]}<\/script>\n<!-- \/ Yoast SEO plugin. -->","yoast_head_json":{"title":"Production de portes blind\u00e9es \u00e0 G\u00eanes | Alias Blindate","description":"Alias Blind\u00e9es\u00a0: production de portes blind\u00e9es \u00e0 G\u00eanes et dans la province. Trouvez celle qui vous convient le mieux.","robots":{"index":"index","follow":"follow","max-snippet":"max-snippet:-1","max-image-preview":"max-image-preview:large","max-video-preview":"max-video-preview:-1"},"canonical":"https:\/\/www.aliasblindate.com\/fr\/genes\/","og_locale":"fr_FR","og_type":"article","og_title":"Production de portes blind\u00e9es \u00e0 G\u00eanes | Alias Blindate","og_description":"Alias Blind\u00e9es\u00a0: production de portes blind\u00e9es \u00e0 G\u00eanes et dans la province. Trouvez celle qui vous convient le mieux.","og_url":"https:\/\/www.aliasblindate.com\/fr\/genes\/","og_site_name":"Alias Blindate","article_publisher":"https:\/\/www.facebook.com\/aliasporteblindate","article_modified_time":"2025-01-27T11:26:20+00:00","og_image":[{"url":"https:\/\/www.aliasblindate.com\/wp-content\/uploads\/2020\/12\/basicline-300x226.jpg"}],"twitter_card":"summary_large_image","twitter_misc":{"Dur\u00e9e de lecture estim\u00e9e":"2 minutes"},"schema":{"@context":"https:\/\/schema.org","@graph":[{"@type":"WebPage","@id":"https:\/\/www.aliasblindate.com\/fr\/genes\/","url":"https:\/\/www.aliasblindate.com\/fr\/genes\/","name":"Production de portes blind\u00e9es \u00e0 G\u00eanes | Alias Blindate","isPartOf":{"@id":"https:\/\/www.aliasblindate.com\/fr\/#website"},"primaryImageOfPage":{"@id":"https:\/\/www.aliasblindate.com\/fr\/genes\/#primaryimage"},"image":{"@id":"https:\/\/www.aliasblindate.com\/fr\/genes\/#primaryimage"},"thumbnailUrl":"https:\/\/www.aliasblindate.com\/wp-content\/uploads\/2020\/12\/basicline-300x226.jpg","datePublished":"2020-12-09T11:28:18+00:00","dateModified":"2025-01-27T11:26:20+00:00","description":"Alias Blind\u00e9es\u00a0: production de portes blind\u00e9es \u00e0 G\u00eanes et dans la province. Trouvez celle qui vous convient le mieux.","breadcrumb":{"@id":"https:\/\/www.aliasblindate.com\/fr\/genes\/#breadcrumb"},"inLanguage":"fr-FR","potentialAction":[{"@type":"ReadAction","target":["https:\/\/www.aliasblindate.com\/fr\/genes\/"]}]},{"@type":"ImageObject","inLanguage":"fr-FR","@id":"https:\/\/www.aliasblindate.com\/fr\/genes\/#primaryimage","url":"https:\/\/www.aliasblindate.com\/wp-content\/uploads\/2020\/12\/basicline-300x226.jpg","contentUrl":"https:\/\/www.aliasblindate.com\/wp-content\/uploads\/2020\/12\/basicline-300x226.jpg"},{"@type":"BreadcrumbList","@id":"https:\/\/www.aliasblindate.com\/fr\/genes\/#breadcrumb","itemListElement":[{"@type":"ListItem","position":1,"name":"Home","item":"https:\/\/www.aliasblindate.com\/fr\/"},{"@type":"ListItem","position":2,"name":"Production de portes blind\u00e9es \u00e0 G\u00eanes"}]},{"@type":"WebSite","@id":"https:\/\/www.aliasblindate.com\/fr\/#website","url":"https:\/\/www.aliasblindate.com\/fr\/","name":"Alias Blindate","description":"","publisher":{"@id":"https:\/\/www.aliasblindate.com\/fr\/#organization"},"potentialAction":[{"@type":"SearchAction","target":{"@type":"EntryPoint","urlTemplate":"https:\/\/www.aliasblindate.com\/fr\/?s={search_term_string}"},"query-input":{"@type":"PropertyValueSpecification","valueRequired":true,"valueName":"search_term_string"}}],"inLanguage":"fr-FR"},{"@type":"Organization","@id":"https:\/\/www.aliasblindate.com\/fr\/#organization","name":"Alias Blindate","url":"https:\/\/www.aliasblindate.com\/fr\/","logo":{"@type":"ImageObject","inLanguage":"fr-FR","@id":"https:\/\/www.aliasblindate.com\/fr\/#\/schema\/logo\/image\/","url":"https:\/\/www.aliasblindate.com\/wp-content\/uploads\/2019\/10\/logo@2x.png","contentUrl":"https:\/\/www.aliasblindate.com\/wp-content\/uploads\/2019\/10\/logo@2x.png","width":498,"height":88,"caption":"Alias Blindate"},"image":{"@id":"https:\/\/www.aliasblindate.com\/fr\/#\/schema\/logo\/image\/"},"sameAs":["https:\/\/www.facebook.com\/aliasporteblindate","https:\/\/www.instagram.com\/alias_porte_blindate\/"]}]}},"_links":{"self":[{"href":"https:\/\/www.aliasblindate.com\/fr\/wp-json\/wp\/v2\/pages\/16943"}],"collection":[{"href":"https:\/\/www.aliasblindate.com\/fr\/wp-json\/wp\/v2\/pages"}],"about":[{"href":"https:\/\/www.aliasblindate.com\/fr\/wp-json\/wp\/v2\/types\/page"}],"author":[{"embeddable":true,"href":"https:\/\/www.aliasblindate.com\/fr\/wp-json\/wp\/v2\/users\/5"}],"replies":[{"embeddable":true,"href":"https:\/\/www.aliasblindate.com\/fr\/wp-json\/wp\/v2\/comments?post=16943"}],"version-history":[{"count":4,"href":"https:\/\/www.aliasblindate.com\/fr\/wp-json\/wp\/v2\/pages\/16943\/revisions"}],"predecessor-version":[{"id":17536,"href":"https:\/\/www.aliasblindate.com\/fr\/wp-json\/wp\/v2\/pages\/16943\/revisions\/17536"}],"wp:attachment":[{"href":"https:\/\/www.aliasblindate.com\/fr\/wp-json\/wp\/v2\/media?parent=16943"}],"wp:term":[{"taxonomy":"page-category","embeddable":true,"href":"https:\/\/www.aliasblindate.com\/fr\/wp-json\/wp\/v2\/page-category?post=16943"}],"curies":[{"name":"wp","href":"https:\/\/api.w.org\/{rel}","templated":true}]}}