{"id":16937,"date":"2020-11-24T09:40:01","date_gmt":"2020-11-24T08:40:01","guid":{"rendered":"https:\/\/www.aliasblindate.com\/grate-antieffrazione\/"},"modified":"2025-01-27T12:22:35","modified_gmt":"2025-01-27T11:22:35","slug":"grilles-anti-effraction","status":"publish","type":"page","link":"https:\/\/www.aliasblindate.com\/fr\/grilles-anti-effraction\/","title":{"rendered":"Grilles anti-effraction"},"content":{"rendered":"<section class=\"scw-title-block title-wrapper has-thumb\">\n\t<div class=\"breadcrumbs\"><span><span><a href=\"https:\/\/www.aliasblindate.com\/fr\/\">Home<\/a><\/span><\/span><\/div>\t<div class=\"\">\n\t\t<div class=\"single-title\"><h1 class=\"scw-title\">Grilles anti-effraction<\/div>\n\n\t\t\t<\/div>\n<\/section>\n\n\n<p>Avec Defender et Fighter, compl\u00e9ments naturels de la s\u00e9curit\u00e9 sign\u00e9e Alias, prot\u00e9gez tout le p\u00e9rim\u00e8tre de votre maison.<\/p>\n<p>S\u00e9curit\u00e9, performance et design non seulement au niveau de la porte d\u2019entr\u00e9e, mais aussi pour toutes les autres ouvertures, telles que les fen\u00eatres et les portes-fen\u00eatres.<\/p>\n<p>Alias est aujourd&rsquo;hui une garantie d\u2019inviolabilit\u00e9 compl\u00e8te de toute la maison.<\/p>\n\n\n<div class=\"scw-block-pages-list\">\n\t<div class=\"scw-block-pages-list__title\">\n\t\t<span>Grilles anti-effraction<\/span>\n\t<\/div>\n\t<div class=\"scw-block-pages-list__container\">\n\t\t\t\t\t<div class=\"scw-block-pages-list__wrapper\">\n\t\t\t\t\n\t\t\t\t\t<div class=\"scw-block-pages-list__item\">\n\t\t\t\t\t\t<a href=\"https:\/\/www.aliasblindate.com\/fr\/grilles-anti-effraction\/grilles-anti-effraction-de-classe-3\/\" class=\"scw-btn scw-block-pages-list__button\">GRILLES ANTI-EFFRACTION DE CLASSE 3<\/a>\n\t\t\t\t\t<\/div>\n\n\t\t\t\t\t\n\t\t\t\t\t<div class=\"scw-block-pages-list__item\">\n\t\t\t\t\t\t<a href=\"https:\/\/www.aliasblindate.com\/fr\/grilles-anti-effraction\/grilles-anti-effraction-de-classe-2\/\" class=\"scw-btn scw-block-pages-list__button\">GRILLES ANTI-EFFRACTION DE CLASSE 2<\/a>\n\t\t\t\t\t<\/div>\n\n\t\t\t\t\t\t\t\t<\/div>\n\t\t\t\t<\/div>\n<\/div>\n\n\n\n\n<div class=\"scw-block-catalogue\">\n\t<div class=\"scw-block-catalogue__background\"><\/div>\n\t<div class=\"scw-block-catalogue__content\">\n\t\t<div class=\"scw-block-catalogue__content-title scw-title\"><p>CONSULTEZ LE CATALOGUE<\/p>\n<\/div>\n\t\t<div class=\"scw-block-catalogue__content-btn-wrapper\">\n\t\t\t<a class=\"scw-block-catalogue__content-btn scw-btn\" href=\"\/wp-content\/uploads\/2020\/12\/ALIAS-CATALOGO-GRATE-aprile_2021_Web.pdf\" target=\"_blank\">CONSULTEZ LE CATALOGUE<\/a>\n\t\t<\/div>\n\t<\/div>\n\t\t\t<div class=\"scw-block-catalogue__image-wrapper\">\n\t\t\t<img loading=\"lazy\" decoding=\"async\" width=\"866\" height=\"716\" src=\"https:\/\/www.aliasblindate.com\/wp-content\/uploads\/2019\/11\/catalogo.png\" class=\"scw-block-catalogue__image\" alt=\"\" srcset=\"https:\/\/www.aliasblindate.com\/wp-content\/uploads\/2019\/11\/catalogo.png 866w, https:\/\/www.aliasblindate.com\/wp-content\/uploads\/2019\/11\/catalogo-300x248.png 300w, https:\/\/www.aliasblindate.com\/wp-content\/uploads\/2019\/11\/catalogo-768x635.png 768w\" sizes=\"(max-width: 866px) 100vw, 866px\" \/>\t\t<\/div>\n\t<\/div>\n","protected":false},"excerpt":{"rendered":"<p>Avec Defender et Fighter, compl\u00e9ments naturels de la s\u00e9curit\u00e9 sign\u00e9e Alias, prot\u00e9gez tout le p\u00e9rim\u00e8tre de votre maison. S\u00e9curit\u00e9, performance et design non seulement au niveau de la porte d\u2019entr\u00e9e, mais aussi pour toutes les autres ouvertures, telles que les fen\u00eatres et les portes-fen\u00eatres. Alias est aujourd&rsquo;hui une garantie d\u2019inviolabilit\u00e9 compl\u00e8te de toute la maison.<\/p>\n","protected":false},"author":5,"featured_media":6102,"parent":0,"menu_order":0,"comment_status":"closed","ping_status":"closed","template":"","meta":{"footnotes":""},"page-category":[],"acf":[],"yoast_head":"<!-- This site is optimized with the Yoast SEO plugin v23.5 - https:\/\/yoast.com\/wordpress\/plugins\/seo\/ -->\n<title>Grilles anti-effraction | Alias Blindate<\/title>\n<meta name=\"description\" content=\"Grilles anti-effraction\u00a0: avec Defender, Falcon et Fighter, compl\u00e9ments naturels de la s\u00e9curit\u00e9 sign\u00e9e Alias, prot\u00e9gez tout le p\u00e9rim\u00e8tre de votre maison.\" \/>\n<meta name=\"robots\" content=\"index, follow, max-snippet:-1, max-image-preview:large, max-video-preview:-1\" \/>\n<link rel=\"canonical\" href=\"https:\/\/www.aliasblindate.com\/fr\/grilles-anti-effraction\/\" \/>\n<meta property=\"og:locale\" content=\"fr_FR\" \/>\n<meta property=\"og:type\" content=\"article\" \/>\n<meta property=\"og:title\" content=\"Grilles anti-effraction | Alias Blindate\" \/>\n<meta property=\"og:description\" content=\"Grilles anti-effraction\u00a0: avec Defender, Falcon et Fighter, compl\u00e9ments naturels de la s\u00e9curit\u00e9 sign\u00e9e Alias, prot\u00e9gez tout le p\u00e9rim\u00e8tre de votre maison.\" \/>\n<meta property=\"og:url\" content=\"https:\/\/www.aliasblindate.com\/fr\/grilles-anti-effraction\/\" \/>\n<meta property=\"og:site_name\" content=\"Alias Blindate\" \/>\n<meta property=\"article:publisher\" content=\"https:\/\/www.facebook.com\/aliasporteblindate\" \/>\n<meta property=\"article:modified_time\" content=\"2025-01-27T11:22:35+00:00\" \/>\n<meta property=\"og:image\" content=\"https:\/\/www.aliasblindate.com\/wp-content\/uploads\/2020\/11\/immagine_Testata_Grate.jpg\" \/>\n\t<meta property=\"og:image:width\" content=\"1700\" \/>\n\t<meta property=\"og:image:height\" content=\"608\" \/>\n\t<meta property=\"og:image:type\" content=\"image\/jpeg\" \/>\n<meta name=\"twitter:card\" content=\"summary_large_image\" \/>\n<meta name=\"twitter:label1\" content=\"Dur\u00e9e de lecture estim\u00e9e\" \/>\n\t<meta name=\"twitter:data1\" content=\"1 minute\" \/>\n<script type=\"application\/ld+json\" class=\"yoast-schema-graph\">{\"@context\":\"https:\/\/schema.org\",\"@graph\":[{\"@type\":\"WebPage\",\"@id\":\"https:\/\/www.aliasblindate.com\/fr\/grilles-anti-effraction\/\",\"url\":\"https:\/\/www.aliasblindate.com\/fr\/grilles-anti-effraction\/\",\"name\":\"Grilles anti-effraction | Alias Blindate\",\"isPartOf\":{\"@id\":\"https:\/\/www.aliasblindate.com\/fr\/#website\"},\"primaryImageOfPage\":{\"@id\":\"https:\/\/www.aliasblindate.com\/fr\/grilles-anti-effraction\/#primaryimage\"},\"image\":{\"@id\":\"https:\/\/www.aliasblindate.com\/fr\/grilles-anti-effraction\/#primaryimage\"},\"thumbnailUrl\":\"https:\/\/www.aliasblindate.com\/wp-content\/uploads\/2020\/11\/immagine_Testata_Grate.jpg\",\"datePublished\":\"2020-11-24T08:40:01+00:00\",\"dateModified\":\"2025-01-27T11:22:35+00:00\",\"description\":\"Grilles anti-effraction\u00a0: avec Defender, Falcon et Fighter, compl\u00e9ments naturels de la s\u00e9curit\u00e9 sign\u00e9e Alias, prot\u00e9gez tout le p\u00e9rim\u00e8tre de votre maison.\",\"breadcrumb\":{\"@id\":\"https:\/\/www.aliasblindate.com\/fr\/grilles-anti-effraction\/#breadcrumb\"},\"inLanguage\":\"fr-FR\",\"potentialAction\":[{\"@type\":\"ReadAction\",\"target\":[\"https:\/\/www.aliasblindate.com\/fr\/grilles-anti-effraction\/\"]}]},{\"@type\":\"ImageObject\",\"inLanguage\":\"fr-FR\",\"@id\":\"https:\/\/www.aliasblindate.com\/fr\/grilles-anti-effraction\/#primaryimage\",\"url\":\"https:\/\/www.aliasblindate.com\/wp-content\/uploads\/2020\/11\/immagine_Testata_Grate.jpg\",\"contentUrl\":\"https:\/\/www.aliasblindate.com\/wp-content\/uploads\/2020\/11\/immagine_Testata_Grate.jpg\",\"width\":1700,\"height\":608},{\"@type\":\"BreadcrumbList\",\"@id\":\"https:\/\/www.aliasblindate.com\/fr\/grilles-anti-effraction\/#breadcrumb\",\"itemListElement\":[{\"@type\":\"ListItem\",\"position\":1,\"name\":\"Home\",\"item\":\"https:\/\/www.aliasblindate.com\/fr\/\"},{\"@type\":\"ListItem\",\"position\":2,\"name\":\"Grilles anti-effraction\"}]},{\"@type\":\"WebSite\",\"@id\":\"https:\/\/www.aliasblindate.com\/fr\/#website\",\"url\":\"https:\/\/www.aliasblindate.com\/fr\/\",\"name\":\"Alias Blindate\",\"description\":\"\",\"publisher\":{\"@id\":\"https:\/\/www.aliasblindate.com\/fr\/#organization\"},\"potentialAction\":[{\"@type\":\"SearchAction\",\"target\":{\"@type\":\"EntryPoint\",\"urlTemplate\":\"https:\/\/www.aliasblindate.com\/fr\/?s={search_term_string}\"},\"query-input\":{\"@type\":\"PropertyValueSpecification\",\"valueRequired\":true,\"valueName\":\"search_term_string\"}}],\"inLanguage\":\"fr-FR\"},{\"@type\":\"Organization\",\"@id\":\"https:\/\/www.aliasblindate.com\/fr\/#organization\",\"name\":\"Alias Blindate\",\"url\":\"https:\/\/www.aliasblindate.com\/fr\/\",\"logo\":{\"@type\":\"ImageObject\",\"inLanguage\":\"fr-FR\",\"@id\":\"https:\/\/www.aliasblindate.com\/fr\/#\/schema\/logo\/image\/\",\"url\":\"https:\/\/www.aliasblindate.com\/wp-content\/uploads\/2019\/10\/logo@2x.png\",\"contentUrl\":\"https:\/\/www.aliasblindate.com\/wp-content\/uploads\/2019\/10\/logo@2x.png\",\"width\":498,\"height\":88,\"caption\":\"Alias Blindate\"},\"image\":{\"@id\":\"https:\/\/www.aliasblindate.com\/fr\/#\/schema\/logo\/image\/\"},\"sameAs\":[\"https:\/\/www.facebook.com\/aliasporteblindate\",\"https:\/\/www.instagram.com\/alias_porte_blindate\/\"]}]}<\/script>\n<!-- \/ Yoast SEO plugin. -->","yoast_head_json":{"title":"Grilles anti-effraction | Alias Blindate","description":"Grilles anti-effraction\u00a0: avec Defender, Falcon et Fighter, compl\u00e9ments naturels de la s\u00e9curit\u00e9 sign\u00e9e Alias, prot\u00e9gez tout le p\u00e9rim\u00e8tre de votre maison.","robots":{"index":"index","follow":"follow","max-snippet":"max-snippet:-1","max-image-preview":"max-image-preview:large","max-video-preview":"max-video-preview:-1"},"canonical":"https:\/\/www.aliasblindate.com\/fr\/grilles-anti-effraction\/","og_locale":"fr_FR","og_type":"article","og_title":"Grilles anti-effraction | Alias Blindate","og_description":"Grilles anti-effraction\u00a0: avec Defender, Falcon et Fighter, compl\u00e9ments naturels de la s\u00e9curit\u00e9 sign\u00e9e Alias, prot\u00e9gez tout le p\u00e9rim\u00e8tre de votre maison.","og_url":"https:\/\/www.aliasblindate.com\/fr\/grilles-anti-effraction\/","og_site_name":"Alias Blindate","article_publisher":"https:\/\/www.facebook.com\/aliasporteblindate","article_modified_time":"2025-01-27T11:22:35+00:00","og_image":[{"width":1700,"height":608,"url":"https:\/\/www.aliasblindate.com\/wp-content\/uploads\/2020\/11\/immagine_Testata_Grate.jpg","type":"image\/jpeg"}],"twitter_card":"summary_large_image","twitter_misc":{"Dur\u00e9e de lecture estim\u00e9e":"1 minute"},"schema":{"@context":"https:\/\/schema.org","@graph":[{"@type":"WebPage","@id":"https:\/\/www.aliasblindate.com\/fr\/grilles-anti-effraction\/","url":"https:\/\/www.aliasblindate.com\/fr\/grilles-anti-effraction\/","name":"Grilles anti-effraction | Alias Blindate","isPartOf":{"@id":"https:\/\/www.aliasblindate.com\/fr\/#website"},"primaryImageOfPage":{"@id":"https:\/\/www.aliasblindate.com\/fr\/grilles-anti-effraction\/#primaryimage"},"image":{"@id":"https:\/\/www.aliasblindate.com\/fr\/grilles-anti-effraction\/#primaryimage"},"thumbnailUrl":"https:\/\/www.aliasblindate.com\/wp-content\/uploads\/2020\/11\/immagine_Testata_Grate.jpg","datePublished":"2020-11-24T08:40:01+00:00","dateModified":"2025-01-27T11:22:35+00:00","description":"Grilles anti-effraction\u00a0: avec Defender, Falcon et Fighter, compl\u00e9ments naturels de la s\u00e9curit\u00e9 sign\u00e9e Alias, prot\u00e9gez tout le p\u00e9rim\u00e8tre de votre maison.","breadcrumb":{"@id":"https:\/\/www.aliasblindate.com\/fr\/grilles-anti-effraction\/#breadcrumb"},"inLanguage":"fr-FR","potentialAction":[{"@type":"ReadAction","target":["https:\/\/www.aliasblindate.com\/fr\/grilles-anti-effraction\/"]}]},{"@type":"ImageObject","inLanguage":"fr-FR","@id":"https:\/\/www.aliasblindate.com\/fr\/grilles-anti-effraction\/#primaryimage","url":"https:\/\/www.aliasblindate.com\/wp-content\/uploads\/2020\/11\/immagine_Testata_Grate.jpg","contentUrl":"https:\/\/www.aliasblindate.com\/wp-content\/uploads\/2020\/11\/immagine_Testata_Grate.jpg","width":1700,"height":608},{"@type":"BreadcrumbList","@id":"https:\/\/www.aliasblindate.com\/fr\/grilles-anti-effraction\/#breadcrumb","itemListElement":[{"@type":"ListItem","position":1,"name":"Home","item":"https:\/\/www.aliasblindate.com\/fr\/"},{"@type":"ListItem","position":2,"name":"Grilles anti-effraction"}]},{"@type":"WebSite","@id":"https:\/\/www.aliasblindate.com\/fr\/#website","url":"https:\/\/www.aliasblindate.com\/fr\/","name":"Alias Blindate","description":"","publisher":{"@id":"https:\/\/www.aliasblindate.com\/fr\/#organization"},"potentialAction":[{"@type":"SearchAction","target":{"@type":"EntryPoint","urlTemplate":"https:\/\/www.aliasblindate.com\/fr\/?s={search_term_string}"},"query-input":{"@type":"PropertyValueSpecification","valueRequired":true,"valueName":"search_term_string"}}],"inLanguage":"fr-FR"},{"@type":"Organization","@id":"https:\/\/www.aliasblindate.com\/fr\/#organization","name":"Alias Blindate","url":"https:\/\/www.aliasblindate.com\/fr\/","logo":{"@type":"ImageObject","inLanguage":"fr-FR","@id":"https:\/\/www.aliasblindate.com\/fr\/#\/schema\/logo\/image\/","url":"https:\/\/www.aliasblindate.com\/wp-content\/uploads\/2019\/10\/logo@2x.png","contentUrl":"https:\/\/www.aliasblindate.com\/wp-content\/uploads\/2019\/10\/logo@2x.png","width":498,"height":88,"caption":"Alias Blindate"},"image":{"@id":"https:\/\/www.aliasblindate.com\/fr\/#\/schema\/logo\/image\/"},"sameAs":["https:\/\/www.facebook.com\/aliasporteblindate","https:\/\/www.instagram.com\/alias_porte_blindate\/"]}]}},"_links":{"self":[{"href":"https:\/\/www.aliasblindate.com\/fr\/wp-json\/wp\/v2\/pages\/16937"}],"collection":[{"href":"https:\/\/www.aliasblindate.com\/fr\/wp-json\/wp\/v2\/pages"}],"about":[{"href":"https:\/\/www.aliasblindate.com\/fr\/wp-json\/wp\/v2\/types\/page"}],"author":[{"embeddable":true,"href":"https:\/\/www.aliasblindate.com\/fr\/wp-json\/wp\/v2\/users\/5"}],"replies":[{"embeddable":true,"href":"https:\/\/www.aliasblindate.com\/fr\/wp-json\/wp\/v2\/comments?post=16937"}],"version-history":[{"count":4,"href":"https:\/\/www.aliasblindate.com\/fr\/wp-json\/wp\/v2\/pages\/16937\/revisions"}],"predecessor-version":[{"id":17608,"href":"https:\/\/www.aliasblindate.com\/fr\/wp-json\/wp\/v2\/pages\/16937\/revisions\/17608"}],"wp:featuredmedia":[{"embeddable":true,"href":"https:\/\/www.aliasblindate.com\/fr\/wp-json\/wp\/v2\/media\/6102"}],"wp:attachment":[{"href":"https:\/\/www.aliasblindate.com\/fr\/wp-json\/wp\/v2\/media?parent=16937"}],"wp:term":[{"taxonomy":"page-category","embeddable":true,"href":"https:\/\/www.aliasblindate.com\/fr\/wp-json\/wp\/v2\/page-category?post=16937"}],"curies":[{"name":"wp","href":"https:\/\/api.w.org\/{rel}","templated":true}]}}