{"id":16896,"date":"2020-12-09T12:42:39","date_gmt":"2020-12-09T11:42:39","guid":{"rendered":"https:\/\/www.aliasblindate.com\/bergamo\/"},"modified":"2025-04-02T08:49:38","modified_gmt":"2025-04-02T06:49:38","slug":"bergame","status":"publish","type":"page","link":"https:\/\/www.aliasblindate.com\/fr\/bergame\/","title":{"rendered":"Production de portes blind\u00e9es \u00e0 Bergame"},"content":{"rendered":"<p class=\"nome\" style=\"text-align: center;\"><strong>GF BUSINESS<\/strong><\/p>\n<p style=\"text-align: center;\"><strong>E-mail : <a href=\"mailto:info@gfbusiness.com\">info@gfbusiness.com<\/a><\/strong><\/p>\n<p style=\"text-align: center;\"><strong>T\u00e9l. <a href=\"tel: 0354536781\">035\/4536781<\/a><\/strong><\/p>\n<p><img loading=\"lazy\" decoding=\"async\" class=\"size-medium wp-image-6859 alignleft\" src=\"https:\/\/www.aliasblindate.com\/wp-content\/uploads\/2020\/12\/eternal-300x226.jpg\" alt=\"Produzione Porte Blindate Bergamo\" width=\"300\" height=\"226\" srcset=\"https:\/\/www.aliasblindate.com\/wp-content\/uploads\/2020\/12\/eternal-300x226.jpg 300w, https:\/\/www.aliasblindate.com\/wp-content\/uploads\/2020\/12\/eternal.jpg 570w\" sizes=\"(max-width: 300px) 100vw, 300px\" \/><\/p>\n<p class=\"justifyfull\" dir=\"ltr\">Ces derni\u00e8res ann\u00e9es, le besoin de s\u00e9curiser votre appartement devient de plus en plus courant\u00a0: confiez-vous \u00e0 la production de portes blind\u00e9es Alias \u00e0 Bergame et dans les environs, une production qui allie le sentiment de s\u00e9curit\u00e9 et <strong>le bon go\u00fbt esth\u00e9tique<\/strong>.\u00a0Chaque porte r\u00e9sulte d&rsquo;une \u00e9tude approfondie et de l&rsquo;engagement synergique de <strong>divers professionnels<\/strong> tels que des architectes, des ing\u00e9nieurs et des designers qui prennent soin de la <strong>conception dans les moindres d\u00e9tails<\/strong> et supervisent le travail afin que le produit fini r\u00e9ponde aux attentes les plus \u00e9lev\u00e9es des clients.<\/p>\n<p class=\"justifyfull\" dir=\"ltr\"><strong>L&rsquo;esth\u00e9tique est tr\u00e8s importante.<\/strong> La porte d&rsquo;entr\u00e9e n&rsquo;est pas seulement un \u00e9l\u00e9ment de la maison, mais elle repr\u00e9sente une v\u00e9ritable carte de visite. Les solutions con\u00e7ues par Alias Blind\u00e9es pour les portes blind\u00e9es \u00e0 Bergame sont con\u00e7ues pour \u00eatre esth\u00e9tiquement agr\u00e9ables et <strong>parfaitement int\u00e9gr\u00e9es dans le contexte bergamasque<\/strong>. Jusqu&rsquo;\u00e0 il y a quelques ann\u00e9es, les portes blind\u00e9es avaient un aspect lourd et discontinu par rapport \u00e0 l&rsquo;environnement dans lequel elles s\u2019ins\u00e9raient.<\/p>\n<p class=\"justifyfull\" dir=\"ltr\">Alias Blind\u00e9es a cr\u00e9\u00e9 une nouvelle fa\u00e7on de comprendre la fronti\u00e8re entre l&rsquo;espace domestique et son ext\u00e9rieur.\u00a0Gr\u00e2ce \u00e0 l&rsquo;utilisation d&rsquo;une <strong>m\u00e9thodologie sp\u00e9ciale d&rsquo;encastrement<\/strong>, la porte est ins\u00e9r\u00e9e \u00e0 ras de mur. Celle-ci devient un tout avec les murs environnants et elle <strong>s\u2019harmonise compl\u00e8tement avec l&rsquo;environnement<\/strong> gr\u00e2ce au choix de la couleur la plus appropri\u00e9e. La grande qualit\u00e9 de la porte est \u00e9galement <strong>confirm\u00e9e par les param\u00e8tres de s\u00e9curit\u00e9 et d&rsquo;isolation <\/strong>qu&rsquo;elle parvient \u00e0 garantir.<\/p>\n<p class=\"justifyfull\" dir=\"ltr\">Conform\u00e9ment \u00e0 la r\u00e9glementation europ\u00e9enne, la <strong>r\u00e9sistance anti-effraction<\/strong> est \u00e9tablie par une <strong>certification<\/strong> qui \u00e9value la porte selon une \u00e9chelle de valeur croissante allant de un \u00e0 six. Les portes blind\u00e9es sont g\u00e9n\u00e9ralement class\u00e9es sur les \u00e9chelons 2-3-4 tandis que, sur le march\u00e9 des portes blind\u00e9es de Bergame, Alias Blind\u00e9es ne produit que des portes <strong>certifi\u00e9es aux \u00e9chelons 3 et 4<\/strong>. De plus, du point de vue de l&rsquo;isolation, les portes blind\u00e9es Alias garantissent \u00e0 la fois une isolation acoustique et thermique.<\/p>\n<p class=\"justifyfull\" dir=\"ltr\">L\u2019<strong>isolation acoustique<\/strong> vous permet de vivre dans votre maison avec un grand confort, surtout la nuit, lorsque le silence vous aide \u00e0 bien vous reposer. L\u2019<strong>isolation thermique<\/strong>, en plus d\u2019assurer un climat frais en \u00e9t\u00e9 et chaud en hiver, entra\u00eene des \u00e9conomies d&rsquo;\u00e9nergie consid\u00e9rables car elle maximise l\u2019efficacit\u00e9 des syst\u00e8mes de chauffage ou de climatisation.<\/p>\n<p class=\"justifyfull\" dir=\"ltr\">La\u00a0production de portes blind\u00e9es Alias Blind\u00e9es garantit donc \u00e0 Bergame s\u00e9curit\u00e9, confort et \u00e9conomie d&rsquo;\u00e9nergie. Mais ce n&rsquo;est pas tout, Alias s&rsquo;occupe \u00e9galement de la <a href=\"https:\/\/www.aliasblindate.com\/fr\/milan\/\"><strong>production de portes blind\u00e9es pour Milan <\/strong><\/a>afin d\u2019offrir une s\u00e9curit\u00e9 maximale \u00e9galement sur le territoire milanais.<\/p>\n","protected":false},"excerpt":{"rendered":"<p>GF BUSINESS E-mail : info@gfbusiness.com T\u00e9l. 035\/4536781 Ces derni\u00e8res ann\u00e9es, le besoin de s\u00e9curiser votre appartement devient de plus en plus courant\u00a0: confiez-vous \u00e0 la production de portes blind\u00e9es Alias \u00e0 Bergame et dans les environs, une production qui allie le sentiment de s\u00e9curit\u00e9 et le bon go\u00fbt esth\u00e9tique.\u00a0Chaque porte r\u00e9sulte d&rsquo;une \u00e9tude approfondie et&hellip;<\/p>\n","protected":false},"author":5,"featured_media":0,"parent":0,"menu_order":0,"comment_status":"closed","ping_status":"closed","template":"","meta":{"footnotes":""},"page-category":[],"acf":[],"yoast_head":"<!-- This site is optimized with the Yoast SEO plugin v23.5 - https:\/\/yoast.com\/wordpress\/plugins\/seo\/ -->\n<title>Production de portes blind\u00e9es \u00e0 Bergame | Alias Blindate<\/title>\n<meta name=\"description\" content=\"Production de portes blind\u00e9es \u00e0 Bergame et sa province\u00a0: vous les trouverez chez Alias Blind\u00e9es, des solutions innovantes au design attrayant.\" \/>\n<meta name=\"robots\" content=\"index, follow, max-snippet:-1, max-image-preview:large, max-video-preview:-1\" \/>\n<link rel=\"canonical\" href=\"https:\/\/www.aliasblindate.com\/fr\/bergame\/\" \/>\n<meta property=\"og:locale\" content=\"fr_FR\" \/>\n<meta property=\"og:type\" content=\"article\" \/>\n<meta property=\"og:title\" content=\"Production de portes blind\u00e9es \u00e0 Bergame | Alias Blindate\" \/>\n<meta property=\"og:description\" content=\"Production de portes blind\u00e9es \u00e0 Bergame et sa province\u00a0: vous les trouverez chez Alias Blind\u00e9es, des solutions innovantes au design attrayant.\" \/>\n<meta property=\"og:url\" content=\"https:\/\/www.aliasblindate.com\/fr\/bergame\/\" \/>\n<meta property=\"og:site_name\" content=\"Alias Blindate\" \/>\n<meta property=\"article:publisher\" content=\"https:\/\/www.facebook.com\/aliasporteblindate\" \/>\n<meta property=\"article:modified_time\" content=\"2025-04-02T06:49:38+00:00\" \/>\n<meta property=\"og:image\" content=\"https:\/\/www.aliasblindate.com\/wp-content\/uploads\/2020\/12\/eternal-300x226.jpg\" \/>\n<meta name=\"twitter:card\" content=\"summary_large_image\" \/>\n<meta name=\"twitter:label1\" content=\"Dur\u00e9e de lecture estim\u00e9e\" \/>\n\t<meta name=\"twitter:data1\" content=\"3 minutes\" \/>\n<script type=\"application\/ld+json\" class=\"yoast-schema-graph\">{\"@context\":\"https:\/\/schema.org\",\"@graph\":[{\"@type\":\"WebPage\",\"@id\":\"https:\/\/www.aliasblindate.com\/fr\/bergame\/\",\"url\":\"https:\/\/www.aliasblindate.com\/fr\/bergame\/\",\"name\":\"Production de portes blind\u00e9es \u00e0 Bergame | Alias Blindate\",\"isPartOf\":{\"@id\":\"https:\/\/www.aliasblindate.com\/fr\/#website\"},\"primaryImageOfPage\":{\"@id\":\"https:\/\/www.aliasblindate.com\/fr\/bergame\/#primaryimage\"},\"image\":{\"@id\":\"https:\/\/www.aliasblindate.com\/fr\/bergame\/#primaryimage\"},\"thumbnailUrl\":\"https:\/\/www.aliasblindate.com\/wp-content\/uploads\/2020\/12\/eternal-300x226.jpg\",\"datePublished\":\"2020-12-09T11:42:39+00:00\",\"dateModified\":\"2025-04-02T06:49:38+00:00\",\"description\":\"Production de portes blind\u00e9es \u00e0 Bergame et sa province\u00a0: vous les trouverez chez Alias Blind\u00e9es, des solutions innovantes au design attrayant.\",\"breadcrumb\":{\"@id\":\"https:\/\/www.aliasblindate.com\/fr\/bergame\/#breadcrumb\"},\"inLanguage\":\"fr-FR\",\"potentialAction\":[{\"@type\":\"ReadAction\",\"target\":[\"https:\/\/www.aliasblindate.com\/fr\/bergame\/\"]}]},{\"@type\":\"ImageObject\",\"inLanguage\":\"fr-FR\",\"@id\":\"https:\/\/www.aliasblindate.com\/fr\/bergame\/#primaryimage\",\"url\":\"https:\/\/www.aliasblindate.com\/wp-content\/uploads\/2020\/12\/eternal-300x226.jpg\",\"contentUrl\":\"https:\/\/www.aliasblindate.com\/wp-content\/uploads\/2020\/12\/eternal-300x226.jpg\"},{\"@type\":\"BreadcrumbList\",\"@id\":\"https:\/\/www.aliasblindate.com\/fr\/bergame\/#breadcrumb\",\"itemListElement\":[{\"@type\":\"ListItem\",\"position\":1,\"name\":\"Home\",\"item\":\"https:\/\/www.aliasblindate.com\/fr\/\"},{\"@type\":\"ListItem\",\"position\":2,\"name\":\"Production de portes blind\u00e9es \u00e0 Bergame\"}]},{\"@type\":\"WebSite\",\"@id\":\"https:\/\/www.aliasblindate.com\/fr\/#website\",\"url\":\"https:\/\/www.aliasblindate.com\/fr\/\",\"name\":\"Alias Blindate\",\"description\":\"\",\"publisher\":{\"@id\":\"https:\/\/www.aliasblindate.com\/fr\/#organization\"},\"potentialAction\":[{\"@type\":\"SearchAction\",\"target\":{\"@type\":\"EntryPoint\",\"urlTemplate\":\"https:\/\/www.aliasblindate.com\/fr\/?s={search_term_string}\"},\"query-input\":{\"@type\":\"PropertyValueSpecification\",\"valueRequired\":true,\"valueName\":\"search_term_string\"}}],\"inLanguage\":\"fr-FR\"},{\"@type\":\"Organization\",\"@id\":\"https:\/\/www.aliasblindate.com\/fr\/#organization\",\"name\":\"Alias Blindate\",\"url\":\"https:\/\/www.aliasblindate.com\/fr\/\",\"logo\":{\"@type\":\"ImageObject\",\"inLanguage\":\"fr-FR\",\"@id\":\"https:\/\/www.aliasblindate.com\/fr\/#\/schema\/logo\/image\/\",\"url\":\"https:\/\/www.aliasblindate.com\/wp-content\/uploads\/2019\/10\/logo@2x.png\",\"contentUrl\":\"https:\/\/www.aliasblindate.com\/wp-content\/uploads\/2019\/10\/logo@2x.png\",\"width\":498,\"height\":88,\"caption\":\"Alias Blindate\"},\"image\":{\"@id\":\"https:\/\/www.aliasblindate.com\/fr\/#\/schema\/logo\/image\/\"},\"sameAs\":[\"https:\/\/www.facebook.com\/aliasporteblindate\",\"https:\/\/www.instagram.com\/alias_porte_blindate\/\"]}]}<\/script>\n<!-- \/ Yoast SEO plugin. -->","yoast_head_json":{"title":"Production de portes blind\u00e9es \u00e0 Bergame | Alias Blindate","description":"Production de portes blind\u00e9es \u00e0 Bergame et sa province\u00a0: vous les trouverez chez Alias Blind\u00e9es, des solutions innovantes au design attrayant.","robots":{"index":"index","follow":"follow","max-snippet":"max-snippet:-1","max-image-preview":"max-image-preview:large","max-video-preview":"max-video-preview:-1"},"canonical":"https:\/\/www.aliasblindate.com\/fr\/bergame\/","og_locale":"fr_FR","og_type":"article","og_title":"Production de portes blind\u00e9es \u00e0 Bergame | Alias Blindate","og_description":"Production de portes blind\u00e9es \u00e0 Bergame et sa province\u00a0: vous les trouverez chez Alias Blind\u00e9es, des solutions innovantes au design attrayant.","og_url":"https:\/\/www.aliasblindate.com\/fr\/bergame\/","og_site_name":"Alias Blindate","article_publisher":"https:\/\/www.facebook.com\/aliasporteblindate","article_modified_time":"2025-04-02T06:49:38+00:00","og_image":[{"url":"https:\/\/www.aliasblindate.com\/wp-content\/uploads\/2020\/12\/eternal-300x226.jpg"}],"twitter_card":"summary_large_image","twitter_misc":{"Dur\u00e9e de lecture estim\u00e9e":"3 minutes"},"schema":{"@context":"https:\/\/schema.org","@graph":[{"@type":"WebPage","@id":"https:\/\/www.aliasblindate.com\/fr\/bergame\/","url":"https:\/\/www.aliasblindate.com\/fr\/bergame\/","name":"Production de portes blind\u00e9es \u00e0 Bergame | Alias Blindate","isPartOf":{"@id":"https:\/\/www.aliasblindate.com\/fr\/#website"},"primaryImageOfPage":{"@id":"https:\/\/www.aliasblindate.com\/fr\/bergame\/#primaryimage"},"image":{"@id":"https:\/\/www.aliasblindate.com\/fr\/bergame\/#primaryimage"},"thumbnailUrl":"https:\/\/www.aliasblindate.com\/wp-content\/uploads\/2020\/12\/eternal-300x226.jpg","datePublished":"2020-12-09T11:42:39+00:00","dateModified":"2025-04-02T06:49:38+00:00","description":"Production de portes blind\u00e9es \u00e0 Bergame et sa province\u00a0: vous les trouverez chez Alias Blind\u00e9es, des solutions innovantes au design attrayant.","breadcrumb":{"@id":"https:\/\/www.aliasblindate.com\/fr\/bergame\/#breadcrumb"},"inLanguage":"fr-FR","potentialAction":[{"@type":"ReadAction","target":["https:\/\/www.aliasblindate.com\/fr\/bergame\/"]}]},{"@type":"ImageObject","inLanguage":"fr-FR","@id":"https:\/\/www.aliasblindate.com\/fr\/bergame\/#primaryimage","url":"https:\/\/www.aliasblindate.com\/wp-content\/uploads\/2020\/12\/eternal-300x226.jpg","contentUrl":"https:\/\/www.aliasblindate.com\/wp-content\/uploads\/2020\/12\/eternal-300x226.jpg"},{"@type":"BreadcrumbList","@id":"https:\/\/www.aliasblindate.com\/fr\/bergame\/#breadcrumb","itemListElement":[{"@type":"ListItem","position":1,"name":"Home","item":"https:\/\/www.aliasblindate.com\/fr\/"},{"@type":"ListItem","position":2,"name":"Production de portes blind\u00e9es \u00e0 Bergame"}]},{"@type":"WebSite","@id":"https:\/\/www.aliasblindate.com\/fr\/#website","url":"https:\/\/www.aliasblindate.com\/fr\/","name":"Alias Blindate","description":"","publisher":{"@id":"https:\/\/www.aliasblindate.com\/fr\/#organization"},"potentialAction":[{"@type":"SearchAction","target":{"@type":"EntryPoint","urlTemplate":"https:\/\/www.aliasblindate.com\/fr\/?s={search_term_string}"},"query-input":{"@type":"PropertyValueSpecification","valueRequired":true,"valueName":"search_term_string"}}],"inLanguage":"fr-FR"},{"@type":"Organization","@id":"https:\/\/www.aliasblindate.com\/fr\/#organization","name":"Alias Blindate","url":"https:\/\/www.aliasblindate.com\/fr\/","logo":{"@type":"ImageObject","inLanguage":"fr-FR","@id":"https:\/\/www.aliasblindate.com\/fr\/#\/schema\/logo\/image\/","url":"https:\/\/www.aliasblindate.com\/wp-content\/uploads\/2019\/10\/logo@2x.png","contentUrl":"https:\/\/www.aliasblindate.com\/wp-content\/uploads\/2019\/10\/logo@2x.png","width":498,"height":88,"caption":"Alias Blindate"},"image":{"@id":"https:\/\/www.aliasblindate.com\/fr\/#\/schema\/logo\/image\/"},"sameAs":["https:\/\/www.facebook.com\/aliasporteblindate","https:\/\/www.instagram.com\/alias_porte_blindate\/"]}]}},"_links":{"self":[{"href":"https:\/\/www.aliasblindate.com\/fr\/wp-json\/wp\/v2\/pages\/16896"}],"collection":[{"href":"https:\/\/www.aliasblindate.com\/fr\/wp-json\/wp\/v2\/pages"}],"about":[{"href":"https:\/\/www.aliasblindate.com\/fr\/wp-json\/wp\/v2\/types\/page"}],"author":[{"embeddable":true,"href":"https:\/\/www.aliasblindate.com\/fr\/wp-json\/wp\/v2\/users\/5"}],"replies":[{"embeddable":true,"href":"https:\/\/www.aliasblindate.com\/fr\/wp-json\/wp\/v2\/comments?post=16896"}],"version-history":[{"count":5,"href":"https:\/\/www.aliasblindate.com\/fr\/wp-json\/wp\/v2\/pages\/16896\/revisions"}],"predecessor-version":[{"id":17664,"href":"https:\/\/www.aliasblindate.com\/fr\/wp-json\/wp\/v2\/pages\/16896\/revisions\/17664"}],"wp:attachment":[{"href":"https:\/\/www.aliasblindate.com\/fr\/wp-json\/wp\/v2\/media?parent=16896"}],"wp:term":[{"taxonomy":"page-category","embeddable":true,"href":"https:\/\/www.aliasblindate.com\/fr\/wp-json\/wp\/v2\/page-category?post=16896"}],"curies":[{"name":"wp","href":"https:\/\/api.w.org\/{rel}","templated":true}]}}