{"id":16860,"date":"2020-12-09T12:47:55","date_gmt":"2020-12-09T11:47:55","guid":{"rendered":"https:\/\/www.aliasblindate.com\/ancona\/"},"modified":"2025-04-02T08:46:11","modified_gmt":"2025-04-02T06:46:11","slug":"ancone","status":"publish","type":"page","link":"https:\/\/www.aliasblindate.com\/fr\/ancone\/","title":{"rendered":"Production de portes blind\u00e9es \u00e0 Anc\u00f4ne"},"content":{"rendered":"<p class=\"nome\" style=\"text-align: center;\"><strong>MAURO MENGHI<\/strong><\/p>\n<p style=\"text-align: center;\"><strong>E-mail : <a href=\"mailto:info@mauromenghi.it\">info@mauromenghi.it<\/a><\/strong><\/p>\n<p style=\"text-align: center;\"><strong>T\u00e9l. : <a href=\"tel: 0717822642\">071-7822642<\/a><\/strong><\/p>\n<p style=\"font-weight: 400;\"><img loading=\"lazy\" decoding=\"async\" class=\"size-medium wp-image-6876 alignleft\" src=\"https:\/\/www.aliasblindate.com\/wp-content\/uploads\/2020\/12\/mood-300x226.jpg\" alt=\"Produzione Porte Blindate Ancona\" width=\"300\" height=\"226\" srcset=\"https:\/\/www.aliasblindate.com\/wp-content\/uploads\/2020\/12\/mood-300x226.jpg 300w, https:\/\/www.aliasblindate.com\/wp-content\/uploads\/2020\/12\/mood.jpg 570w\" sizes=\"(max-width: 300px) 100vw, 300px\" \/>Production de portes blind\u00e9es \u00e0 Anc\u00f4ne et ses environs\u00a0? Faites confiance \u00e0 Alias Blind\u00e9es.\u00a0Aujourd&rsquo;hui, dans une maison, une porte blind\u00e9e n&rsquo;est pas seulement un moyen de lutter contre une effraction, mais aussi un \u00e9l\u00e9ment avec des caract\u00e9ristiques de production bien pr\u00e9cises\u00a0: elle est en mesure d&rsquo;isoler l\u2019espace d\u2019installation contre le bruit ext\u00e9rieur, de le mettre \u00e0 l\u2019abri des intemp\u00e9ries et de le prot\u00e9ger thermiquement en fonction des \u00e9conomies d&rsquo;\u00e9nergie. Pour compl\u00e9ter ces fonctions, l\u2019aspect esth\u00e9tique a \u00e9galement un poids non n\u00e9gligeable dans le choix. Si vous \u00eates sur le point d&rsquo;acheter une porte blind\u00e9e, la s\u00e9lection doit \u00eatre bien r\u00e9fl\u00e9chie afin de ne rien laisser au hasard en \u00e9valuant toutes les caract\u00e9ristiques de performance.<\/p>\n<p style=\"font-weight: 400;\"><strong>Non seulement la s\u00e9curit\u00e9, mais aussi le design<\/strong><\/p>\n<p style=\"font-weight: 400;\">Si vous vivez dans les Marches et que vous envisagez de changer de porte d\u2019entr\u00e9e, parmi les diff\u00e9rentes entreprises que vous contacterez, vous devrez \u00e9galement jeter un coup d&rsquo;\u0153il \u00e0 la production de portes blind\u00e9es Alias \u00e0 Anc\u00f4ne. Cette entreprise compte parmi les principaux fabricants de portes blind\u00e9es. L\u2019objectif de la production de portes blind\u00e9es Alias est de rendre l\u2019espace de vie accueillant, \u00e9l\u00e9gant et serein gr\u00e2ce au design attrayant de ses mod\u00e8les et \u00e0 la s\u00e9curit\u00e9 de ses produits. \u00c0 la base de la philosophie de l&rsquo;entreprise, il y a la volont\u00e9 de r\u00e9pondre \u00e0 tous les besoins des clients non seulement en termes de s\u00e9curit\u00e9, mais aussi d&rsquo;un point de vue purement esth\u00e9tique.<\/p>\n<p style=\"font-weight: 400;\"><strong>Quelques caract\u00e9ristiques de la production<\/strong><\/p>\n<p style=\"font-weight: 400;\">Derri\u00e8re l&rsquo;achat d&rsquo;une porte blind\u00e9e se cache un monde caract\u00e9ris\u00e9 par une forte empreinte technologique. Alias Blind\u00e9es comprend un secteur d\u00e9di\u00e9 \u00e0 la menuiserie, o\u00f9 sont effectu\u00e9s la coupe et le fraisage des panneaux par pantographe, et la menuiserie o\u00f9 est effectu\u00e9 le profilage, un traitement particulier de la t\u00f4le d\u2019acier galvanis\u00e9e et le soudage au laser ult\u00e9rieur des profils, pour finir avec le secteur d\u00e9di\u00e9 \u00e0 l&rsquo;assemblage. La production de portes blind\u00e9es \u00e0 Anc\u00f4ne est conforme \u00e0 la norme europ\u00e9enne (EN1627) qui r\u00e9glemente et classe en degr\u00e9s de s\u00e9curit\u00e9 tous les syst\u00e8mes de fermeture. Pendant les phases de production, sont \u00e9galement contr\u00f4l\u00e9es\u00a0: la r\u00e9sistance au feu, la transmission thermique, la r\u00e9sistance \u00e0 l&rsquo;effraction manuelle, la performance acoustique, l&rsquo;\u00e9tanch\u00e9it\u00e9 \u00e0 l&rsquo;eau, la r\u00e9sistance \u00e0 la charge du vent et la perm\u00e9abilit\u00e9 \u00e0 l&rsquo;air.<\/p>\n","protected":false},"excerpt":{"rendered":"<p>MAURO MENGHI E-mail : info@mauromenghi.it T\u00e9l. : 071-7822642 Production de portes blind\u00e9es \u00e0 Anc\u00f4ne et ses environs\u00a0? Faites confiance \u00e0 Alias Blind\u00e9es.\u00a0Aujourd&rsquo;hui, dans une maison, une porte blind\u00e9e n&rsquo;est pas seulement un moyen de lutter contre une effraction, mais aussi un \u00e9l\u00e9ment avec des caract\u00e9ristiques de production bien pr\u00e9cises\u00a0: elle est en mesure d&rsquo;isoler l\u2019espace&hellip;<\/p>\n","protected":false},"author":5,"featured_media":0,"parent":0,"menu_order":0,"comment_status":"closed","ping_status":"closed","template":"","meta":{"footnotes":""},"page-category":[],"acf":[],"yoast_head":"<!-- This site is optimized with the Yoast SEO plugin v23.5 - https:\/\/yoast.com\/wordpress\/plugins\/seo\/ -->\n<title>Production de portes blind\u00e9es \u00e0 Anc\u00f4ne | Alias Blindate<\/title>\n<meta name=\"description\" content=\"Production de portes blind\u00e9es \u00e0 Anc\u00f4ne et sa province\u00a0: d\u00e9couvrez les solutions d&#039;Alias Blind\u00e9es, de nombreux articles diversifi\u00e9s pour r\u00e9pondre \u00e0 tous les besoins.\" \/>\n<meta name=\"robots\" content=\"index, follow, max-snippet:-1, max-image-preview:large, max-video-preview:-1\" \/>\n<link rel=\"canonical\" href=\"https:\/\/www.aliasblindate.com\/fr\/ancone\/\" \/>\n<meta property=\"og:locale\" content=\"fr_FR\" \/>\n<meta property=\"og:type\" content=\"article\" \/>\n<meta property=\"og:title\" content=\"Production de portes blind\u00e9es \u00e0 Anc\u00f4ne | Alias Blindate\" \/>\n<meta property=\"og:description\" content=\"Production de portes blind\u00e9es \u00e0 Anc\u00f4ne et sa province\u00a0: d\u00e9couvrez les solutions d&#039;Alias Blind\u00e9es, de nombreux articles diversifi\u00e9s pour r\u00e9pondre \u00e0 tous les besoins.\" \/>\n<meta property=\"og:url\" content=\"https:\/\/www.aliasblindate.com\/fr\/ancone\/\" \/>\n<meta property=\"og:site_name\" content=\"Alias Blindate\" \/>\n<meta property=\"article:publisher\" content=\"https:\/\/www.facebook.com\/aliasporteblindate\" \/>\n<meta property=\"article:modified_time\" content=\"2025-04-02T06:46:11+00:00\" \/>\n<meta property=\"og:image\" content=\"https:\/\/www.aliasblindate.com\/wp-content\/uploads\/2020\/12\/mood-300x226.jpg\" \/>\n<meta name=\"twitter:card\" content=\"summary_large_image\" \/>\n<meta name=\"twitter:label1\" content=\"Dur\u00e9e de lecture estim\u00e9e\" \/>\n\t<meta name=\"twitter:data1\" content=\"3 minutes\" \/>\n<script type=\"application\/ld+json\" class=\"yoast-schema-graph\">{\"@context\":\"https:\/\/schema.org\",\"@graph\":[{\"@type\":\"WebPage\",\"@id\":\"https:\/\/www.aliasblindate.com\/fr\/ancone\/\",\"url\":\"https:\/\/www.aliasblindate.com\/fr\/ancone\/\",\"name\":\"Production de portes blind\u00e9es \u00e0 Anc\u00f4ne | Alias Blindate\",\"isPartOf\":{\"@id\":\"https:\/\/www.aliasblindate.com\/fr\/#website\"},\"primaryImageOfPage\":{\"@id\":\"https:\/\/www.aliasblindate.com\/fr\/ancone\/#primaryimage\"},\"image\":{\"@id\":\"https:\/\/www.aliasblindate.com\/fr\/ancone\/#primaryimage\"},\"thumbnailUrl\":\"https:\/\/www.aliasblindate.com\/wp-content\/uploads\/2020\/12\/mood-300x226.jpg\",\"datePublished\":\"2020-12-09T11:47:55+00:00\",\"dateModified\":\"2025-04-02T06:46:11+00:00\",\"description\":\"Production de portes blind\u00e9es \u00e0 Anc\u00f4ne et sa province\u00a0: d\u00e9couvrez les solutions d'Alias Blind\u00e9es, de nombreux articles diversifi\u00e9s pour r\u00e9pondre \u00e0 tous les besoins.\",\"breadcrumb\":{\"@id\":\"https:\/\/www.aliasblindate.com\/fr\/ancone\/#breadcrumb\"},\"inLanguage\":\"fr-FR\",\"potentialAction\":[{\"@type\":\"ReadAction\",\"target\":[\"https:\/\/www.aliasblindate.com\/fr\/ancone\/\"]}]},{\"@type\":\"ImageObject\",\"inLanguage\":\"fr-FR\",\"@id\":\"https:\/\/www.aliasblindate.com\/fr\/ancone\/#primaryimage\",\"url\":\"https:\/\/www.aliasblindate.com\/wp-content\/uploads\/2020\/12\/mood-300x226.jpg\",\"contentUrl\":\"https:\/\/www.aliasblindate.com\/wp-content\/uploads\/2020\/12\/mood-300x226.jpg\"},{\"@type\":\"BreadcrumbList\",\"@id\":\"https:\/\/www.aliasblindate.com\/fr\/ancone\/#breadcrumb\",\"itemListElement\":[{\"@type\":\"ListItem\",\"position\":1,\"name\":\"Home\",\"item\":\"https:\/\/www.aliasblindate.com\/fr\/\"},{\"@type\":\"ListItem\",\"position\":2,\"name\":\"Production de portes blind\u00e9es \u00e0 Anc\u00f4ne\"}]},{\"@type\":\"WebSite\",\"@id\":\"https:\/\/www.aliasblindate.com\/fr\/#website\",\"url\":\"https:\/\/www.aliasblindate.com\/fr\/\",\"name\":\"Alias Blindate\",\"description\":\"\",\"publisher\":{\"@id\":\"https:\/\/www.aliasblindate.com\/fr\/#organization\"},\"potentialAction\":[{\"@type\":\"SearchAction\",\"target\":{\"@type\":\"EntryPoint\",\"urlTemplate\":\"https:\/\/www.aliasblindate.com\/fr\/?s={search_term_string}\"},\"query-input\":{\"@type\":\"PropertyValueSpecification\",\"valueRequired\":true,\"valueName\":\"search_term_string\"}}],\"inLanguage\":\"fr-FR\"},{\"@type\":\"Organization\",\"@id\":\"https:\/\/www.aliasblindate.com\/fr\/#organization\",\"name\":\"Alias Blindate\",\"url\":\"https:\/\/www.aliasblindate.com\/fr\/\",\"logo\":{\"@type\":\"ImageObject\",\"inLanguage\":\"fr-FR\",\"@id\":\"https:\/\/www.aliasblindate.com\/fr\/#\/schema\/logo\/image\/\",\"url\":\"https:\/\/www.aliasblindate.com\/wp-content\/uploads\/2019\/10\/logo@2x.png\",\"contentUrl\":\"https:\/\/www.aliasblindate.com\/wp-content\/uploads\/2019\/10\/logo@2x.png\",\"width\":498,\"height\":88,\"caption\":\"Alias Blindate\"},\"image\":{\"@id\":\"https:\/\/www.aliasblindate.com\/fr\/#\/schema\/logo\/image\/\"},\"sameAs\":[\"https:\/\/www.facebook.com\/aliasporteblindate\",\"https:\/\/www.instagram.com\/alias_porte_blindate\/\"]}]}<\/script>\n<!-- \/ Yoast SEO plugin. -->","yoast_head_json":{"title":"Production de portes blind\u00e9es \u00e0 Anc\u00f4ne | Alias Blindate","description":"Production de portes blind\u00e9es \u00e0 Anc\u00f4ne et sa province\u00a0: d\u00e9couvrez les solutions d'Alias Blind\u00e9es, de nombreux articles diversifi\u00e9s pour r\u00e9pondre \u00e0 tous les besoins.","robots":{"index":"index","follow":"follow","max-snippet":"max-snippet:-1","max-image-preview":"max-image-preview:large","max-video-preview":"max-video-preview:-1"},"canonical":"https:\/\/www.aliasblindate.com\/fr\/ancone\/","og_locale":"fr_FR","og_type":"article","og_title":"Production de portes blind\u00e9es \u00e0 Anc\u00f4ne | Alias Blindate","og_description":"Production de portes blind\u00e9es \u00e0 Anc\u00f4ne et sa province\u00a0: d\u00e9couvrez les solutions d'Alias Blind\u00e9es, de nombreux articles diversifi\u00e9s pour r\u00e9pondre \u00e0 tous les besoins.","og_url":"https:\/\/www.aliasblindate.com\/fr\/ancone\/","og_site_name":"Alias Blindate","article_publisher":"https:\/\/www.facebook.com\/aliasporteblindate","article_modified_time":"2025-04-02T06:46:11+00:00","og_image":[{"url":"https:\/\/www.aliasblindate.com\/wp-content\/uploads\/2020\/12\/mood-300x226.jpg"}],"twitter_card":"summary_large_image","twitter_misc":{"Dur\u00e9e de lecture estim\u00e9e":"3 minutes"},"schema":{"@context":"https:\/\/schema.org","@graph":[{"@type":"WebPage","@id":"https:\/\/www.aliasblindate.com\/fr\/ancone\/","url":"https:\/\/www.aliasblindate.com\/fr\/ancone\/","name":"Production de portes blind\u00e9es \u00e0 Anc\u00f4ne | Alias Blindate","isPartOf":{"@id":"https:\/\/www.aliasblindate.com\/fr\/#website"},"primaryImageOfPage":{"@id":"https:\/\/www.aliasblindate.com\/fr\/ancone\/#primaryimage"},"image":{"@id":"https:\/\/www.aliasblindate.com\/fr\/ancone\/#primaryimage"},"thumbnailUrl":"https:\/\/www.aliasblindate.com\/wp-content\/uploads\/2020\/12\/mood-300x226.jpg","datePublished":"2020-12-09T11:47:55+00:00","dateModified":"2025-04-02T06:46:11+00:00","description":"Production de portes blind\u00e9es \u00e0 Anc\u00f4ne et sa province\u00a0: d\u00e9couvrez les solutions d'Alias Blind\u00e9es, de nombreux articles diversifi\u00e9s pour r\u00e9pondre \u00e0 tous les besoins.","breadcrumb":{"@id":"https:\/\/www.aliasblindate.com\/fr\/ancone\/#breadcrumb"},"inLanguage":"fr-FR","potentialAction":[{"@type":"ReadAction","target":["https:\/\/www.aliasblindate.com\/fr\/ancone\/"]}]},{"@type":"ImageObject","inLanguage":"fr-FR","@id":"https:\/\/www.aliasblindate.com\/fr\/ancone\/#primaryimage","url":"https:\/\/www.aliasblindate.com\/wp-content\/uploads\/2020\/12\/mood-300x226.jpg","contentUrl":"https:\/\/www.aliasblindate.com\/wp-content\/uploads\/2020\/12\/mood-300x226.jpg"},{"@type":"BreadcrumbList","@id":"https:\/\/www.aliasblindate.com\/fr\/ancone\/#breadcrumb","itemListElement":[{"@type":"ListItem","position":1,"name":"Home","item":"https:\/\/www.aliasblindate.com\/fr\/"},{"@type":"ListItem","position":2,"name":"Production de portes blind\u00e9es \u00e0 Anc\u00f4ne"}]},{"@type":"WebSite","@id":"https:\/\/www.aliasblindate.com\/fr\/#website","url":"https:\/\/www.aliasblindate.com\/fr\/","name":"Alias Blindate","description":"","publisher":{"@id":"https:\/\/www.aliasblindate.com\/fr\/#organization"},"potentialAction":[{"@type":"SearchAction","target":{"@type":"EntryPoint","urlTemplate":"https:\/\/www.aliasblindate.com\/fr\/?s={search_term_string}"},"query-input":{"@type":"PropertyValueSpecification","valueRequired":true,"valueName":"search_term_string"}}],"inLanguage":"fr-FR"},{"@type":"Organization","@id":"https:\/\/www.aliasblindate.com\/fr\/#organization","name":"Alias Blindate","url":"https:\/\/www.aliasblindate.com\/fr\/","logo":{"@type":"ImageObject","inLanguage":"fr-FR","@id":"https:\/\/www.aliasblindate.com\/fr\/#\/schema\/logo\/image\/","url":"https:\/\/www.aliasblindate.com\/wp-content\/uploads\/2019\/10\/logo@2x.png","contentUrl":"https:\/\/www.aliasblindate.com\/wp-content\/uploads\/2019\/10\/logo@2x.png","width":498,"height":88,"caption":"Alias Blindate"},"image":{"@id":"https:\/\/www.aliasblindate.com\/fr\/#\/schema\/logo\/image\/"},"sameAs":["https:\/\/www.facebook.com\/aliasporteblindate","https:\/\/www.instagram.com\/alias_porte_blindate\/"]}]}},"_links":{"self":[{"href":"https:\/\/www.aliasblindate.com\/fr\/wp-json\/wp\/v2\/pages\/16860"}],"collection":[{"href":"https:\/\/www.aliasblindate.com\/fr\/wp-json\/wp\/v2\/pages"}],"about":[{"href":"https:\/\/www.aliasblindate.com\/fr\/wp-json\/wp\/v2\/types\/page"}],"author":[{"embeddable":true,"href":"https:\/\/www.aliasblindate.com\/fr\/wp-json\/wp\/v2\/users\/5"}],"replies":[{"embeddable":true,"href":"https:\/\/www.aliasblindate.com\/fr\/wp-json\/wp\/v2\/comments?post=16860"}],"version-history":[{"count":5,"href":"https:\/\/www.aliasblindate.com\/fr\/wp-json\/wp\/v2\/pages\/16860\/revisions"}],"predecessor-version":[{"id":17660,"href":"https:\/\/www.aliasblindate.com\/fr\/wp-json\/wp\/v2\/pages\/16860\/revisions\/17660"}],"wp:attachment":[{"href":"https:\/\/www.aliasblindate.com\/fr\/wp-json\/wp\/v2\/media?parent=16860"}],"wp:term":[{"taxonomy":"page-category","embeddable":true,"href":"https:\/\/www.aliasblindate.com\/fr\/wp-json\/wp\/v2\/page-category?post=16860"}],"curies":[{"name":"wp","href":"https:\/\/api.w.org\/{rel}","templated":true}]}}