{"id":16854,"date":"2020-12-09T12:39:56","date_gmt":"2020-12-09T11:39:56","guid":{"rendered":"https:\/\/www.aliasblindate.com\/brescia\/"},"modified":"2025-01-27T10:33:19","modified_gmt":"2025-01-27T09:33:19","slug":"brescia","status":"publish","type":"page","link":"https:\/\/www.aliasblindate.com\/fr\/brescia\/","title":{"rendered":"Production de portes blind\u00e9es \u00e0 Brescia"},"content":{"rendered":"<p><img loading=\"lazy\" decoding=\"async\" class=\"size-medium wp-image-6852 alignleft\" src=\"https:\/\/www.aliasblindate.com\/wp-content\/uploads\/2020\/12\/square-300x226.jpg\" alt=\"Produzione Porte Blindate Brescia\" width=\"300\" height=\"226\" srcset=\"https:\/\/www.aliasblindate.com\/wp-content\/uploads\/2020\/12\/square-300x226.jpg 300w, https:\/\/www.aliasblindate.com\/wp-content\/uploads\/2020\/12\/square.jpg 570w\" sizes=\"(max-width: 300px) 100vw, 300px\" \/><\/p>\n<p class=\"justifyfull\" dir=\"ltr\">Alias Blind\u00e9es est une entreprise c\u00e9l\u00e8bre au niveau europ\u00e9en pour la cr\u00e9ation, la conception et la <strong>production de portes blind\u00e9es<\/strong> \u00e0 <strong>Brescia<\/strong>, ainsi qu&rsquo;\u00e0 Bergame, Milan, G\u00eanes, <a href=\"\/fr\/varese\/\">Var\u00e8se<\/a> et dans de nombreuses autres villes italiennes. La philosophie d&rsquo;entreprise d&rsquo;Alias Blind\u00e9es int\u00e8gre <strong>un degr\u00e9 \u00e9lev\u00e9 d\u2019innovation<\/strong> et prot\u00e8ge l\u2019intimit\u00e9 de tout ce qui se trouve entre les murs de votre maison, sentiments et \u00e9motions, objets et petits riens de la vie quotidienne.<\/p>\n<p class=\"justifyfull\" dir=\"ltr\">Pour la r\u00e9gion de Brescia aussi, la production de portes blind\u00e9es Alias peut se r\u00e9sumer dans le court slogan \u00ab\u00a0<strong>s\u00e9curit\u00e9 \u00e0 l&rsquo;int\u00e9rieur et design \u00e0 l&rsquo;ext\u00e9rieur<\/strong>\u00a0\u00bb, car elle transmet parfaitement le concept de <strong>travail minutieux et artisanal<\/strong> qui, certes, met en avant la qualit\u00e9 du produit, sans toutefois p\u00e9naliser son impact esth\u00e9tique. L\u2019ensemble du catalogue des r\u00e9alisations d&rsquo;Alias Blind\u00e9es refl\u00e8te le concept actuel d&rsquo;habitation et vous permet de choisir une porte extr\u00eamement s\u00fbre, au contenu technologique \u00e9lev\u00e9 et produite avec des mat\u00e9riaux de la plus grande qualit\u00e9, mais qui <strong>se fond harmonieusement<\/strong> et avec \u00e9l\u00e9gance avec tout le reste du style et du contexte de vie.<\/p>\n<p class=\"justifyfull\" dir=\"ltr\">Toute la production de portes blind\u00e9es pour Brescia et la province peut \u00eatre faite <strong>sur mesure<\/strong> et dispose d&rsquo;<strong>une large gamme de rev\u00eatements<\/strong>. En effet, les portes blind\u00e9es peuvent avoir des surfaces lisses dans diff\u00e9rents types de bois, avec des finitions en bois massif, peintes ou en verre. Alias Blind\u00e9es propose \u00e9galement un large choix de rev\u00eatements ext\u00e9rieurs en pirall et aluminium, sp\u00e9cialement con\u00e7us pour <strong>pr\u00e9server leur beaut\u00e9 dans le temps<\/strong> et pour r\u00e9sister \u00e0 l&rsquo;attaque des agents atmosph\u00e9riques.<\/p>\n<p class=\"justifyfull\" dir=\"ltr\">En plus d&rsquo;une infinit\u00e9 de fermetures et de finitions en option qui rendent chaque porte unique, Alias Blind\u00e9es dispose d&rsquo;une ligne tr\u00e8s moderne de portes blind\u00e9es affleurantes compl\u00e8tement coplanaires aux murs int\u00e9rieurs. Ces portes, <strong>minimalistes et contemporaines<\/strong>, sont polyvalentes et cr\u00e9atives et permettent d&rsquo;avoir le <strong>plus haut niveau de s\u00e9curit\u00e9 et de fonctionnalit\u00e9<\/strong>. Les fermetures permettent de r\u00e9gler les envois de l&rsquo;int\u00e9rieur sans l\u2019utilisation de cl\u00e9s ou de poign\u00e9es suppl\u00e9mentaires, mais simplement en d\u00e9pla\u00e7ant la poign\u00e9e, une solution qui n&rsquo;alourdit pas l\u2019impact esth\u00e9tique et en rend l&rsquo;utilisation pratique et rapide.<\/p>\n","protected":false},"excerpt":{"rendered":"<p>Alias Blind\u00e9es est une entreprise c\u00e9l\u00e8bre au niveau europ\u00e9en pour la cr\u00e9ation, la conception et la production de portes blind\u00e9es \u00e0 Brescia, ainsi qu&rsquo;\u00e0 Bergame, Milan, G\u00eanes, Var\u00e8se et dans de nombreuses autres villes italiennes. La philosophie d&rsquo;entreprise d&rsquo;Alias Blind\u00e9es int\u00e8gre un degr\u00e9 \u00e9lev\u00e9 d\u2019innovation et prot\u00e8ge l\u2019intimit\u00e9 de tout ce qui se trouve entre&hellip;<\/p>\n","protected":false},"author":5,"featured_media":0,"parent":0,"menu_order":0,"comment_status":"closed","ping_status":"closed","template":"","meta":{"footnotes":""},"page-category":[],"acf":[],"yoast_head":"<!-- This site is optimized with the Yoast SEO plugin v23.5 - https:\/\/yoast.com\/wordpress\/plugins\/seo\/ -->\n<title>Production de portes blind\u00e9es \u00e0 Brescia | Alias Blindate<\/title>\n<meta name=\"description\" content=\"Les experts en production et fourniture de portes blind\u00e9es \u00e0 Brescia se trouvent chez Alias. D\u00e9couvrez pourquoi nous choisir pour la s\u00e9curit\u00e9 de votre maison dans votre ville.\" \/>\n<meta name=\"robots\" content=\"index, follow, max-snippet:-1, max-image-preview:large, max-video-preview:-1\" \/>\n<link rel=\"canonical\" href=\"https:\/\/www.aliasblindate.com\/fr\/brescia\/\" \/>\n<meta property=\"og:locale\" content=\"fr_FR\" \/>\n<meta property=\"og:type\" content=\"article\" \/>\n<meta property=\"og:title\" content=\"Production de portes blind\u00e9es \u00e0 Brescia | Alias Blindate\" \/>\n<meta property=\"og:description\" content=\"Les experts en production et fourniture de portes blind\u00e9es \u00e0 Brescia se trouvent chez Alias. D\u00e9couvrez pourquoi nous choisir pour la s\u00e9curit\u00e9 de votre maison dans votre ville.\" \/>\n<meta property=\"og:url\" content=\"https:\/\/www.aliasblindate.com\/fr\/brescia\/\" \/>\n<meta property=\"og:site_name\" content=\"Alias Blindate\" \/>\n<meta property=\"article:publisher\" content=\"https:\/\/www.facebook.com\/aliasporteblindate\" \/>\n<meta property=\"article:modified_time\" content=\"2025-01-27T09:33:19+00:00\" \/>\n<meta property=\"og:image\" content=\"https:\/\/www.aliasblindate.com\/wp-content\/uploads\/2020\/12\/square-300x226.jpg\" \/>\n<meta name=\"twitter:card\" content=\"summary_large_image\" \/>\n<meta name=\"twitter:label1\" content=\"Dur\u00e9e de lecture estim\u00e9e\" \/>\n\t<meta name=\"twitter:data1\" content=\"3 minutes\" \/>\n<script type=\"application\/ld+json\" class=\"yoast-schema-graph\">{\"@context\":\"https:\/\/schema.org\",\"@graph\":[{\"@type\":\"WebPage\",\"@id\":\"https:\/\/www.aliasblindate.com\/fr\/brescia\/\",\"url\":\"https:\/\/www.aliasblindate.com\/fr\/brescia\/\",\"name\":\"Production de portes blind\u00e9es \u00e0 Brescia | Alias Blindate\",\"isPartOf\":{\"@id\":\"https:\/\/www.aliasblindate.com\/fr\/#website\"},\"primaryImageOfPage\":{\"@id\":\"https:\/\/www.aliasblindate.com\/fr\/brescia\/#primaryimage\"},\"image\":{\"@id\":\"https:\/\/www.aliasblindate.com\/fr\/brescia\/#primaryimage\"},\"thumbnailUrl\":\"https:\/\/www.aliasblindate.com\/wp-content\/uploads\/2020\/12\/square-300x226.jpg\",\"datePublished\":\"2020-12-09T11:39:56+00:00\",\"dateModified\":\"2025-01-27T09:33:19+00:00\",\"description\":\"Les experts en production et fourniture de portes blind\u00e9es \u00e0 Brescia se trouvent chez Alias. D\u00e9couvrez pourquoi nous choisir pour la s\u00e9curit\u00e9 de votre maison dans votre ville.\",\"breadcrumb\":{\"@id\":\"https:\/\/www.aliasblindate.com\/fr\/brescia\/#breadcrumb\"},\"inLanguage\":\"fr-FR\",\"potentialAction\":[{\"@type\":\"ReadAction\",\"target\":[\"https:\/\/www.aliasblindate.com\/fr\/brescia\/\"]}]},{\"@type\":\"ImageObject\",\"inLanguage\":\"fr-FR\",\"@id\":\"https:\/\/www.aliasblindate.com\/fr\/brescia\/#primaryimage\",\"url\":\"https:\/\/www.aliasblindate.com\/wp-content\/uploads\/2020\/12\/square-300x226.jpg\",\"contentUrl\":\"https:\/\/www.aliasblindate.com\/wp-content\/uploads\/2020\/12\/square-300x226.jpg\"},{\"@type\":\"BreadcrumbList\",\"@id\":\"https:\/\/www.aliasblindate.com\/fr\/brescia\/#breadcrumb\",\"itemListElement\":[{\"@type\":\"ListItem\",\"position\":1,\"name\":\"Home\",\"item\":\"https:\/\/www.aliasblindate.com\/fr\/\"},{\"@type\":\"ListItem\",\"position\":2,\"name\":\"Production de portes blind\u00e9es \u00e0 Brescia\"}]},{\"@type\":\"WebSite\",\"@id\":\"https:\/\/www.aliasblindate.com\/fr\/#website\",\"url\":\"https:\/\/www.aliasblindate.com\/fr\/\",\"name\":\"Alias Blindate\",\"description\":\"\",\"publisher\":{\"@id\":\"https:\/\/www.aliasblindate.com\/fr\/#organization\"},\"potentialAction\":[{\"@type\":\"SearchAction\",\"target\":{\"@type\":\"EntryPoint\",\"urlTemplate\":\"https:\/\/www.aliasblindate.com\/fr\/?s={search_term_string}\"},\"query-input\":{\"@type\":\"PropertyValueSpecification\",\"valueRequired\":true,\"valueName\":\"search_term_string\"}}],\"inLanguage\":\"fr-FR\"},{\"@type\":\"Organization\",\"@id\":\"https:\/\/www.aliasblindate.com\/fr\/#organization\",\"name\":\"Alias Blindate\",\"url\":\"https:\/\/www.aliasblindate.com\/fr\/\",\"logo\":{\"@type\":\"ImageObject\",\"inLanguage\":\"fr-FR\",\"@id\":\"https:\/\/www.aliasblindate.com\/fr\/#\/schema\/logo\/image\/\",\"url\":\"https:\/\/www.aliasblindate.com\/wp-content\/uploads\/2019\/10\/logo@2x.png\",\"contentUrl\":\"https:\/\/www.aliasblindate.com\/wp-content\/uploads\/2019\/10\/logo@2x.png\",\"width\":498,\"height\":88,\"caption\":\"Alias Blindate\"},\"image\":{\"@id\":\"https:\/\/www.aliasblindate.com\/fr\/#\/schema\/logo\/image\/\"},\"sameAs\":[\"https:\/\/www.facebook.com\/aliasporteblindate\",\"https:\/\/www.instagram.com\/alias_porte_blindate\/\"]}]}<\/script>\n<!-- \/ Yoast SEO plugin. -->","yoast_head_json":{"title":"Production de portes blind\u00e9es \u00e0 Brescia | Alias Blindate","description":"Les experts en production et fourniture de portes blind\u00e9es \u00e0 Brescia se trouvent chez Alias. D\u00e9couvrez pourquoi nous choisir pour la s\u00e9curit\u00e9 de votre maison dans votre ville.","robots":{"index":"index","follow":"follow","max-snippet":"max-snippet:-1","max-image-preview":"max-image-preview:large","max-video-preview":"max-video-preview:-1"},"canonical":"https:\/\/www.aliasblindate.com\/fr\/brescia\/","og_locale":"fr_FR","og_type":"article","og_title":"Production de portes blind\u00e9es \u00e0 Brescia | Alias Blindate","og_description":"Les experts en production et fourniture de portes blind\u00e9es \u00e0 Brescia se trouvent chez Alias. D\u00e9couvrez pourquoi nous choisir pour la s\u00e9curit\u00e9 de votre maison dans votre ville.","og_url":"https:\/\/www.aliasblindate.com\/fr\/brescia\/","og_site_name":"Alias Blindate","article_publisher":"https:\/\/www.facebook.com\/aliasporteblindate","article_modified_time":"2025-01-27T09:33:19+00:00","og_image":[{"url":"https:\/\/www.aliasblindate.com\/wp-content\/uploads\/2020\/12\/square-300x226.jpg"}],"twitter_card":"summary_large_image","twitter_misc":{"Dur\u00e9e de lecture estim\u00e9e":"3 minutes"},"schema":{"@context":"https:\/\/schema.org","@graph":[{"@type":"WebPage","@id":"https:\/\/www.aliasblindate.com\/fr\/brescia\/","url":"https:\/\/www.aliasblindate.com\/fr\/brescia\/","name":"Production de portes blind\u00e9es \u00e0 Brescia | Alias Blindate","isPartOf":{"@id":"https:\/\/www.aliasblindate.com\/fr\/#website"},"primaryImageOfPage":{"@id":"https:\/\/www.aliasblindate.com\/fr\/brescia\/#primaryimage"},"image":{"@id":"https:\/\/www.aliasblindate.com\/fr\/brescia\/#primaryimage"},"thumbnailUrl":"https:\/\/www.aliasblindate.com\/wp-content\/uploads\/2020\/12\/square-300x226.jpg","datePublished":"2020-12-09T11:39:56+00:00","dateModified":"2025-01-27T09:33:19+00:00","description":"Les experts en production et fourniture de portes blind\u00e9es \u00e0 Brescia se trouvent chez Alias. D\u00e9couvrez pourquoi nous choisir pour la s\u00e9curit\u00e9 de votre maison dans votre ville.","breadcrumb":{"@id":"https:\/\/www.aliasblindate.com\/fr\/brescia\/#breadcrumb"},"inLanguage":"fr-FR","potentialAction":[{"@type":"ReadAction","target":["https:\/\/www.aliasblindate.com\/fr\/brescia\/"]}]},{"@type":"ImageObject","inLanguage":"fr-FR","@id":"https:\/\/www.aliasblindate.com\/fr\/brescia\/#primaryimage","url":"https:\/\/www.aliasblindate.com\/wp-content\/uploads\/2020\/12\/square-300x226.jpg","contentUrl":"https:\/\/www.aliasblindate.com\/wp-content\/uploads\/2020\/12\/square-300x226.jpg"},{"@type":"BreadcrumbList","@id":"https:\/\/www.aliasblindate.com\/fr\/brescia\/#breadcrumb","itemListElement":[{"@type":"ListItem","position":1,"name":"Home","item":"https:\/\/www.aliasblindate.com\/fr\/"},{"@type":"ListItem","position":2,"name":"Production de portes blind\u00e9es \u00e0 Brescia"}]},{"@type":"WebSite","@id":"https:\/\/www.aliasblindate.com\/fr\/#website","url":"https:\/\/www.aliasblindate.com\/fr\/","name":"Alias Blindate","description":"","publisher":{"@id":"https:\/\/www.aliasblindate.com\/fr\/#organization"},"potentialAction":[{"@type":"SearchAction","target":{"@type":"EntryPoint","urlTemplate":"https:\/\/www.aliasblindate.com\/fr\/?s={search_term_string}"},"query-input":{"@type":"PropertyValueSpecification","valueRequired":true,"valueName":"search_term_string"}}],"inLanguage":"fr-FR"},{"@type":"Organization","@id":"https:\/\/www.aliasblindate.com\/fr\/#organization","name":"Alias Blindate","url":"https:\/\/www.aliasblindate.com\/fr\/","logo":{"@type":"ImageObject","inLanguage":"fr-FR","@id":"https:\/\/www.aliasblindate.com\/fr\/#\/schema\/logo\/image\/","url":"https:\/\/www.aliasblindate.com\/wp-content\/uploads\/2019\/10\/logo@2x.png","contentUrl":"https:\/\/www.aliasblindate.com\/wp-content\/uploads\/2019\/10\/logo@2x.png","width":498,"height":88,"caption":"Alias Blindate"},"image":{"@id":"https:\/\/www.aliasblindate.com\/fr\/#\/schema\/logo\/image\/"},"sameAs":["https:\/\/www.facebook.com\/aliasporteblindate","https:\/\/www.instagram.com\/alias_porte_blindate\/"]}]}},"_links":{"self":[{"href":"https:\/\/www.aliasblindate.com\/fr\/wp-json\/wp\/v2\/pages\/16854"}],"collection":[{"href":"https:\/\/www.aliasblindate.com\/fr\/wp-json\/wp\/v2\/pages"}],"about":[{"href":"https:\/\/www.aliasblindate.com\/fr\/wp-json\/wp\/v2\/types\/page"}],"author":[{"embeddable":true,"href":"https:\/\/www.aliasblindate.com\/fr\/wp-json\/wp\/v2\/users\/5"}],"replies":[{"embeddable":true,"href":"https:\/\/www.aliasblindate.com\/fr\/wp-json\/wp\/v2\/comments?post=16854"}],"version-history":[{"count":2,"href":"https:\/\/www.aliasblindate.com\/fr\/wp-json\/wp\/v2\/pages\/16854\/revisions"}],"predecessor-version":[{"id":16858,"href":"https:\/\/www.aliasblindate.com\/fr\/wp-json\/wp\/v2\/pages\/16854\/revisions\/16858"}],"wp:attachment":[{"href":"https:\/\/www.aliasblindate.com\/fr\/wp-json\/wp\/v2\/media?parent=16854"}],"wp:term":[{"taxonomy":"page-category","embeddable":true,"href":"https:\/\/www.aliasblindate.com\/fr\/wp-json\/wp\/v2\/page-category?post=16854"}],"curies":[{"name":"wp","href":"https:\/\/api.w.org\/{rel}","templated":true}]}}