{"id":16850,"date":"2020-12-09T12:24:48","date_gmt":"2020-12-09T11:24:48","guid":{"rendered":"https:\/\/www.aliasblindate.com\/milano\/"},"modified":"2025-04-02T09:02:17","modified_gmt":"2025-04-02T07:02:17","slug":"milan","status":"publish","type":"page","link":"https:\/\/www.aliasblindate.com\/fr\/milan\/","title":{"rendered":"Production de portes blind\u00e9es \u00e0 Milan"},"content":{"rendered":"<p><img loading=\"lazy\" decoding=\"async\" class=\"size-medium wp-image-6814 alignleft\" src=\"https:\/\/www.aliasblindate.com\/wp-content\/uploads\/2020\/12\/skipper_def-300x226.jpg\" alt=\"Produzione Porte Blindate Milano\" width=\"300\" height=\"226\" srcset=\"https:\/\/www.aliasblindate.com\/wp-content\/uploads\/2020\/12\/skipper_def-300x226.jpg 300w, https:\/\/www.aliasblindate.com\/wp-content\/uploads\/2020\/12\/skipper_def.jpg 570w\" sizes=\"(max-width: 300px) 100vw, 300px\" \/><\/p>\n<p><strong>Entreprise leader dans la\u00a0production de portes blind\u00e9es \u00e0 Milan<\/strong>, Alias Blind\u00e9es est une synth\u00e8se d&rsquo;exp\u00e9rimentation, de recherche, d&rsquo;innovation, de qualit\u00e9 et de design. Mais pas seulement : sur le territoire lombard, Alias est \u00e9galement active dans la production de <a href=\"https:\/\/www.aliasblindate.com\/fr\/brescia\/\">portes blind\u00e9es sur Brescia<\/a> et <a href=\"https:\/\/www.aliasblindate.com\/fr\/bergame\/\">Bergame<\/a> et dessert toute la Lombardie en apportant son exp\u00e9rience et la <strong>s\u00e9curit\u00e9 de ses portes<\/strong>.<\/p>\n<p>Alias Blind\u00e9es cr\u00e9e, con\u00e7oit et fabrique des portes blind\u00e9es avec un impact esth\u00e9tique minimal\u00a0: son histoire est faite d\u2019innovations technologiques, de solutions r\u00e9volutionnaires et d\u2019un design d&rsquo;avant-garde. Elle revendique un <strong>brevet exclusif d&rsquo;une charni\u00e8re invisible<\/strong> qui se d\u00e9place sur deux axes et un syst\u00e8me innovant ZTL aux dimensions plus r\u00e9duites avec un ancrage moins invasif qui permet d&rsquo;installer une porte blind\u00e9e <strong>m\u00eame dans un b\u00e2timent historique<\/strong>. Les portes Alias r\u00e9pondent \u00e0 <strong>toutes les exigences fondamentales<\/strong> d&rsquo;une porte blind\u00e9e\u00a0:<\/p>\n<ul>\n<li style=\"font-weight: 400;\">\u00a0elles sont <strong>s\u00fbres et r\u00e9sistantes<\/strong> aux effractions gr\u00e2ce aux cylindres europ\u00e9ens qui r\u00e9sistent \u00e0 tout type d&rsquo;attaque, y compris le bumping, de qualit\u00e9 certifi\u00e9e et conforme aux r\u00e9glementations pr\u00e9vues par la Communaut\u00e9 europ\u00e9enne\u00a0;<\/li>\n<li style=\"font-weight: 400;\">elles sont <strong>durables<\/strong> car elles sont fabriqu\u00e9es en acier galvanis\u00e9 et avec des mat\u00e9riaux de grande qualit\u00e9\u00a0;<\/li>\n<li style=\"font-weight: 400;\">elles <strong>assurent une isolation phonique et thermique<\/strong> gr\u00e2ce aux panneaux tr\u00e8s performants qui r\u00e9duisent consid\u00e9rablement la transmission thermique en garantissant une \u00e9conomie d&rsquo;\u00e9nergie et un confort de vie in\u00e9gal\u00e9s\u00a0;<\/li>\n<li style=\"font-weight: 400;\">elles sont <strong>belles et soign\u00e9es<\/strong> dans les moindres d\u00e9tails.<\/li>\n<\/ul>\n<p><strong>Alias Blind\u00e9es est attentive <\/strong>non seulement \u00e0 la s\u00e9curit\u00e9 et \u00e0 la r\u00e9sistance aux effractions, mais aussi <strong>\u00e0 l&rsquo;esth\u00e9tique et au design <\/strong>afin de r\u00e9pondre \u00e0 tous les besoins et go\u00fbts personnels, en harmonie avec tous les styles architecturaux et d\u2019ameublement, du plus classique au plus contemporain. La <strong>large gamme de<\/strong> <span style=\"text-decoration: underline;\"><strong>panneaux de rev\u00eatement pour portes blind\u00e9es<\/strong><\/span>, disponibles dans des mat\u00e9riaux les plus divers, du bois \u00e0 la pierre, de l&rsquo;aluminium au gr\u00e8s, permet de personnaliser le design et les d\u00e9tails dans un <strong>large \u00e9ventail de combinaisons adaptables \u00e0 tous les besoins d&rsquo;espace<\/strong>. La collection <strong>Wing<\/strong> avec ses <strong><span style=\"text-decoration: underline;\">portes blind\u00e9es modernes<\/span> <\/strong>avec structure <strong>affleurante<\/strong> est une solution mince et actuelle qui permet \u00e0 la porte blind\u00e9e de <strong>s\u2019int\u00e9grer parfaitement \u00e0 l&rsquo;ameublement <\/strong>avec un impact esth\u00e9tique in\u00e9gal\u00e9. La collection <strong>Flat<\/strong> se pr\u00e9sente comme une ligne innovante qui s&rsquo;int\u00e8gre parfaitement dans un contexte architectural moderne.<\/p>\n<p>Alias Blind\u00e9es garantit une <strong>distribution capillaire gr\u00e2ce aux nombreux revendeurs et agents<\/strong> pr\u00e9sents \u00e0 Milan et sur tout le territoire national, des professionnels qualifi\u00e9s et \u00e0 jour en mesure de r\u00e9pondre \u00e0 toutes vos interrogations, d\u2019\u00e9tudier des solutions optimales et de vous guider dans le choix de la porte blind\u00e9e r\u00e9pondant le mieux \u00e0 vos souhaits, car elle r\u00e9pond au besoin de s\u00e9curit\u00e9 sans renoncer \u00e0 l&rsquo;harmonie esth\u00e9tique avec les espaces de vie.<\/p>\n","protected":false},"excerpt":{"rendered":"<p>Entreprise leader dans la\u00a0production de portes blind\u00e9es \u00e0 Milan, Alias Blind\u00e9es est une synth\u00e8se d&rsquo;exp\u00e9rimentation, de recherche, d&rsquo;innovation, de qualit\u00e9 et de design. Mais pas seulement : sur le territoire lombard, Alias est \u00e9galement active dans la production de portes blind\u00e9es sur Brescia et Bergame et dessert toute la Lombardie en apportant son exp\u00e9rience et&hellip;<\/p>\n","protected":false},"author":5,"featured_media":0,"parent":0,"menu_order":0,"comment_status":"closed","ping_status":"closed","template":"","meta":{"footnotes":""},"page-category":[],"acf":[],"yoast_head":"<!-- This site is optimized with the Yoast SEO plugin v23.5 - https:\/\/yoast.com\/wordpress\/plugins\/seo\/ -->\n<title>Production de portes blind\u00e9es \u00e0 Milan | Alias Blindate<\/title>\n<meta name=\"description\" content=\"La sp\u00e9cialit\u00e9 d&#039;Alias Blind\u00e9es est la production de portes blind\u00e9es \u00e0 Milan et dans la province. Trouvez ce dont vous avez besoin.\" \/>\n<meta name=\"robots\" content=\"index, follow, max-snippet:-1, max-image-preview:large, max-video-preview:-1\" \/>\n<link rel=\"canonical\" href=\"https:\/\/www.aliasblindate.com\/fr\/milan\/\" \/>\n<meta property=\"og:locale\" content=\"fr_FR\" \/>\n<meta property=\"og:type\" content=\"article\" \/>\n<meta property=\"og:title\" content=\"Production de portes blind\u00e9es \u00e0 Milan | Alias Blindate\" \/>\n<meta property=\"og:description\" content=\"La sp\u00e9cialit\u00e9 d&#039;Alias Blind\u00e9es est la production de portes blind\u00e9es \u00e0 Milan et dans la province. Trouvez ce dont vous avez besoin.\" \/>\n<meta property=\"og:url\" content=\"https:\/\/www.aliasblindate.com\/fr\/milan\/\" \/>\n<meta property=\"og:site_name\" content=\"Alias Blindate\" \/>\n<meta property=\"article:publisher\" content=\"https:\/\/www.facebook.com\/aliasporteblindate\" \/>\n<meta property=\"article:modified_time\" content=\"2025-04-02T07:02:17+00:00\" \/>\n<meta property=\"og:image\" content=\"https:\/\/www.aliasblindate.com\/wp-content\/uploads\/2020\/12\/skipper_def-300x226.jpg\" \/>\n<meta name=\"twitter:card\" content=\"summary_large_image\" \/>\n<meta name=\"twitter:label1\" content=\"Dur\u00e9e de lecture estim\u00e9e\" \/>\n\t<meta name=\"twitter:data1\" content=\"3 minutes\" \/>\n<script type=\"application\/ld+json\" class=\"yoast-schema-graph\">{\"@context\":\"https:\/\/schema.org\",\"@graph\":[{\"@type\":\"WebPage\",\"@id\":\"https:\/\/www.aliasblindate.com\/fr\/milan\/\",\"url\":\"https:\/\/www.aliasblindate.com\/fr\/milan\/\",\"name\":\"Production de portes blind\u00e9es \u00e0 Milan | Alias Blindate\",\"isPartOf\":{\"@id\":\"https:\/\/www.aliasblindate.com\/fr\/#website\"},\"primaryImageOfPage\":{\"@id\":\"https:\/\/www.aliasblindate.com\/fr\/milan\/#primaryimage\"},\"image\":{\"@id\":\"https:\/\/www.aliasblindate.com\/fr\/milan\/#primaryimage\"},\"thumbnailUrl\":\"https:\/\/www.aliasblindate.com\/wp-content\/uploads\/2020\/12\/skipper_def-300x226.jpg\",\"datePublished\":\"2020-12-09T11:24:48+00:00\",\"dateModified\":\"2025-04-02T07:02:17+00:00\",\"description\":\"La sp\u00e9cialit\u00e9 d'Alias Blind\u00e9es est la production de portes blind\u00e9es \u00e0 Milan et dans la province. Trouvez ce dont vous avez besoin.\",\"breadcrumb\":{\"@id\":\"https:\/\/www.aliasblindate.com\/fr\/milan\/#breadcrumb\"},\"inLanguage\":\"fr-FR\",\"potentialAction\":[{\"@type\":\"ReadAction\",\"target\":[\"https:\/\/www.aliasblindate.com\/fr\/milan\/\"]}]},{\"@type\":\"ImageObject\",\"inLanguage\":\"fr-FR\",\"@id\":\"https:\/\/www.aliasblindate.com\/fr\/milan\/#primaryimage\",\"url\":\"https:\/\/www.aliasblindate.com\/wp-content\/uploads\/2020\/12\/skipper_def-300x226.jpg\",\"contentUrl\":\"https:\/\/www.aliasblindate.com\/wp-content\/uploads\/2020\/12\/skipper_def-300x226.jpg\"},{\"@type\":\"BreadcrumbList\",\"@id\":\"https:\/\/www.aliasblindate.com\/fr\/milan\/#breadcrumb\",\"itemListElement\":[{\"@type\":\"ListItem\",\"position\":1,\"name\":\"Home\",\"item\":\"https:\/\/www.aliasblindate.com\/fr\/\"},{\"@type\":\"ListItem\",\"position\":2,\"name\":\"Production de portes blind\u00e9es \u00e0 Milan\"}]},{\"@type\":\"WebSite\",\"@id\":\"https:\/\/www.aliasblindate.com\/fr\/#website\",\"url\":\"https:\/\/www.aliasblindate.com\/fr\/\",\"name\":\"Alias Blindate\",\"description\":\"\",\"publisher\":{\"@id\":\"https:\/\/www.aliasblindate.com\/fr\/#organization\"},\"potentialAction\":[{\"@type\":\"SearchAction\",\"target\":{\"@type\":\"EntryPoint\",\"urlTemplate\":\"https:\/\/www.aliasblindate.com\/fr\/?s={search_term_string}\"},\"query-input\":{\"@type\":\"PropertyValueSpecification\",\"valueRequired\":true,\"valueName\":\"search_term_string\"}}],\"inLanguage\":\"fr-FR\"},{\"@type\":\"Organization\",\"@id\":\"https:\/\/www.aliasblindate.com\/fr\/#organization\",\"name\":\"Alias Blindate\",\"url\":\"https:\/\/www.aliasblindate.com\/fr\/\",\"logo\":{\"@type\":\"ImageObject\",\"inLanguage\":\"fr-FR\",\"@id\":\"https:\/\/www.aliasblindate.com\/fr\/#\/schema\/logo\/image\/\",\"url\":\"https:\/\/www.aliasblindate.com\/wp-content\/uploads\/2019\/10\/logo@2x.png\",\"contentUrl\":\"https:\/\/www.aliasblindate.com\/wp-content\/uploads\/2019\/10\/logo@2x.png\",\"width\":498,\"height\":88,\"caption\":\"Alias Blindate\"},\"image\":{\"@id\":\"https:\/\/www.aliasblindate.com\/fr\/#\/schema\/logo\/image\/\"},\"sameAs\":[\"https:\/\/www.facebook.com\/aliasporteblindate\",\"https:\/\/www.instagram.com\/alias_porte_blindate\/\"]}]}<\/script>\n<!-- \/ Yoast SEO plugin. -->","yoast_head_json":{"title":"Production de portes blind\u00e9es \u00e0 Milan | Alias Blindate","description":"La sp\u00e9cialit\u00e9 d'Alias Blind\u00e9es est la production de portes blind\u00e9es \u00e0 Milan et dans la province. Trouvez ce dont vous avez besoin.","robots":{"index":"index","follow":"follow","max-snippet":"max-snippet:-1","max-image-preview":"max-image-preview:large","max-video-preview":"max-video-preview:-1"},"canonical":"https:\/\/www.aliasblindate.com\/fr\/milan\/","og_locale":"fr_FR","og_type":"article","og_title":"Production de portes blind\u00e9es \u00e0 Milan | Alias Blindate","og_description":"La sp\u00e9cialit\u00e9 d'Alias Blind\u00e9es est la production de portes blind\u00e9es \u00e0 Milan et dans la province. Trouvez ce dont vous avez besoin.","og_url":"https:\/\/www.aliasblindate.com\/fr\/milan\/","og_site_name":"Alias Blindate","article_publisher":"https:\/\/www.facebook.com\/aliasporteblindate","article_modified_time":"2025-04-02T07:02:17+00:00","og_image":[{"url":"https:\/\/www.aliasblindate.com\/wp-content\/uploads\/2020\/12\/skipper_def-300x226.jpg"}],"twitter_card":"summary_large_image","twitter_misc":{"Dur\u00e9e de lecture estim\u00e9e":"3 minutes"},"schema":{"@context":"https:\/\/schema.org","@graph":[{"@type":"WebPage","@id":"https:\/\/www.aliasblindate.com\/fr\/milan\/","url":"https:\/\/www.aliasblindate.com\/fr\/milan\/","name":"Production de portes blind\u00e9es \u00e0 Milan | Alias Blindate","isPartOf":{"@id":"https:\/\/www.aliasblindate.com\/fr\/#website"},"primaryImageOfPage":{"@id":"https:\/\/www.aliasblindate.com\/fr\/milan\/#primaryimage"},"image":{"@id":"https:\/\/www.aliasblindate.com\/fr\/milan\/#primaryimage"},"thumbnailUrl":"https:\/\/www.aliasblindate.com\/wp-content\/uploads\/2020\/12\/skipper_def-300x226.jpg","datePublished":"2020-12-09T11:24:48+00:00","dateModified":"2025-04-02T07:02:17+00:00","description":"La sp\u00e9cialit\u00e9 d'Alias Blind\u00e9es est la production de portes blind\u00e9es \u00e0 Milan et dans la province. Trouvez ce dont vous avez besoin.","breadcrumb":{"@id":"https:\/\/www.aliasblindate.com\/fr\/milan\/#breadcrumb"},"inLanguage":"fr-FR","potentialAction":[{"@type":"ReadAction","target":["https:\/\/www.aliasblindate.com\/fr\/milan\/"]}]},{"@type":"ImageObject","inLanguage":"fr-FR","@id":"https:\/\/www.aliasblindate.com\/fr\/milan\/#primaryimage","url":"https:\/\/www.aliasblindate.com\/wp-content\/uploads\/2020\/12\/skipper_def-300x226.jpg","contentUrl":"https:\/\/www.aliasblindate.com\/wp-content\/uploads\/2020\/12\/skipper_def-300x226.jpg"},{"@type":"BreadcrumbList","@id":"https:\/\/www.aliasblindate.com\/fr\/milan\/#breadcrumb","itemListElement":[{"@type":"ListItem","position":1,"name":"Home","item":"https:\/\/www.aliasblindate.com\/fr\/"},{"@type":"ListItem","position":2,"name":"Production de portes blind\u00e9es \u00e0 Milan"}]},{"@type":"WebSite","@id":"https:\/\/www.aliasblindate.com\/fr\/#website","url":"https:\/\/www.aliasblindate.com\/fr\/","name":"Alias Blindate","description":"","publisher":{"@id":"https:\/\/www.aliasblindate.com\/fr\/#organization"},"potentialAction":[{"@type":"SearchAction","target":{"@type":"EntryPoint","urlTemplate":"https:\/\/www.aliasblindate.com\/fr\/?s={search_term_string}"},"query-input":{"@type":"PropertyValueSpecification","valueRequired":true,"valueName":"search_term_string"}}],"inLanguage":"fr-FR"},{"@type":"Organization","@id":"https:\/\/www.aliasblindate.com\/fr\/#organization","name":"Alias Blindate","url":"https:\/\/www.aliasblindate.com\/fr\/","logo":{"@type":"ImageObject","inLanguage":"fr-FR","@id":"https:\/\/www.aliasblindate.com\/fr\/#\/schema\/logo\/image\/","url":"https:\/\/www.aliasblindate.com\/wp-content\/uploads\/2019\/10\/logo@2x.png","contentUrl":"https:\/\/www.aliasblindate.com\/wp-content\/uploads\/2019\/10\/logo@2x.png","width":498,"height":88,"caption":"Alias Blindate"},"image":{"@id":"https:\/\/www.aliasblindate.com\/fr\/#\/schema\/logo\/image\/"},"sameAs":["https:\/\/www.facebook.com\/aliasporteblindate","https:\/\/www.instagram.com\/alias_porte_blindate\/"]}]}},"_links":{"self":[{"href":"https:\/\/www.aliasblindate.com\/fr\/wp-json\/wp\/v2\/pages\/16850"}],"collection":[{"href":"https:\/\/www.aliasblindate.com\/fr\/wp-json\/wp\/v2\/pages"}],"about":[{"href":"https:\/\/www.aliasblindate.com\/fr\/wp-json\/wp\/v2\/types\/page"}],"author":[{"embeddable":true,"href":"https:\/\/www.aliasblindate.com\/fr\/wp-json\/wp\/v2\/users\/5"}],"replies":[{"embeddable":true,"href":"https:\/\/www.aliasblindate.com\/fr\/wp-json\/wp\/v2\/comments?post=16850"}],"version-history":[{"count":8,"href":"https:\/\/www.aliasblindate.com\/fr\/wp-json\/wp\/v2\/pages\/16850\/revisions"}],"predecessor-version":[{"id":17678,"href":"https:\/\/www.aliasblindate.com\/fr\/wp-json\/wp\/v2\/pages\/16850\/revisions\/17678"}],"wp:attachment":[{"href":"https:\/\/www.aliasblindate.com\/fr\/wp-json\/wp\/v2\/media?parent=16850"}],"wp:term":[{"taxonomy":"page-category","embeddable":true,"href":"https:\/\/www.aliasblindate.com\/fr\/wp-json\/wp\/v2\/page-category?post=16850"}],"curies":[{"name":"wp","href":"https:\/\/api.w.org\/{rel}","templated":true}]}}