{"id":16833,"date":"2020-10-20T12:19:34","date_gmt":"2020-10-20T10:19:34","guid":{"rendered":"https:\/\/www.aliasblindate.com\/portes-blindees\/pannelli-di-rivestimento\/"},"modified":"2025-04-01T16:39:49","modified_gmt":"2025-04-01T14:39:49","slug":"panneaux-de-revetement","status":"publish","type":"page","link":"https:\/\/www.aliasblindate.com\/fr\/portes-blindees\/panneaux-de-revetement\/","title":{"rendered":"Panneaux de rev\u00eatement"},"content":{"rendered":"<section class=\"scw-title-block title-wrapper has-thumb\">\n\t<div class=\"breadcrumbs\"><span><span><a href=\"https:\/\/www.aliasblindate.com\/fr\/\">Home<\/a><\/span><\/span><\/div>\t<div class=\"\">\n\t\t<div class=\"single-title\"><h1 class=\"scw-title\">Panneaux de rev\u00eatement<\/div>\n\n\t\t\t<\/div>\n<\/section>\n\n\n<p class=\"p1\">Vous \u00eates sur le point de d\u00e9couvrir une gamme de collections de panneaux d&rsquo;habillage pour portes blind\u00e9es, au design \u00e9vocateur, caract\u00e9ris\u00e9es par des combinaisons de mat\u00e9riaux pr\u00e9cieux et une ex\u00e9cution raffin\u00e9e.<\/p>\n<p class=\"p1\">Vous pouvez choisir d&rsquo;habiller votre porte blind\u00e9e Alias parmi une multitude de propositions, capables de satisfaire le style de votre maison tout en refl\u00e9tant votre personnalit\u00e9.<\/p>\n<p class=\"p1\">Nous sommes convaincus qu\u2019en suivant nos suggestions d&rsquo;habillage, vous trouverez \u00ab la bonne parure \u00bb pour votre porte blind\u00e9e.<\/p>\n\n\n<div class=\"scw-block-pages-list\">\n\t<div class=\"scw-block-pages-list__title\">\n\t\t<span>PANNEAUX DE REV\u00caTEMENT<\/span>\n\t<\/div>\n\t<div class=\"scw-block-pages-list__container\">\n\t\t\t\t\t<div class=\"scw-block-pages-list__wrapper\">\n\t\t\t\t\n\t\t\t\t\t<div class=\"scw-block-pages-list__item\">\n\t\t\t\t\t\t<a href=\"https:\/\/www.aliasblindate.com\/fr\/portes-blindees\/panneaux-de-revetement\/exterieurs\/\" class=\"scw-btn scw-block-pages-list__button\">Panneaux ext\u00e9rieurs pour portes blind\u00e9es<\/a>\n\t\t\t\t\t<\/div>\n\n\t\t\t\t\t\n\t\t\t\t\t<div class=\"scw-block-pages-list__item\">\n\t\t\t\t\t\t<a href=\"https:\/\/www.aliasblindate.com\/fr\/portes-blindees\/panneaux-de-revetement\/interieurs\/\" class=\"scw-btn scw-block-pages-list__button\">Panneaux int\u00e9rieurs pour portes blind\u00e9es<\/a>\n\t\t\t\t\t<\/div>\n\n\t\t\t\t\t\t\t\t<\/div>\n\t\t\t\t<\/div>\n<\/div>\n\n\n\n<p><\/p>\n","protected":false},"excerpt":{"rendered":"<p>Vous \u00eates sur le point de d\u00e9couvrir une gamme de collections de panneaux d&rsquo;habillage pour portes blind\u00e9es, au design \u00e9vocateur, caract\u00e9ris\u00e9es par des combinaisons de mat\u00e9riaux pr\u00e9cieux et une ex\u00e9cution raffin\u00e9e. Vous pouvez choisir d&rsquo;habiller votre porte blind\u00e9e Alias parmi une multitude de propositions, capables de satisfaire le style de votre maison tout en refl\u00e9tant&hellip;<\/p>\n","protected":false},"author":5,"featured_media":3332,"parent":15256,"menu_order":0,"comment_status":"closed","ping_status":"closed","template":"","meta":{"footnotes":""},"page-category":[],"acf":[],"yoast_head":"<!-- This site is optimized with the Yoast SEO plugin v23.5 - https:\/\/yoast.com\/wordpress\/plugins\/seo\/ -->\n<title>Panneaux de rev\u00eatement pour portes blind\u00e9es | Alias Blindate<\/title>\n<meta name=\"description\" content=\"Vous pouvez choisir de personnaliser votre porte blind\u00e9e Alias avec une large gamme de rev\u00eatements, capables de correspondre au style de votre maison.\" \/>\n<meta name=\"robots\" content=\"index, follow, max-snippet:-1, max-image-preview:large, max-video-preview:-1\" \/>\n<link rel=\"canonical\" href=\"https:\/\/www.aliasblindate.com\/fr\/portes-blindees\/panneaux-de-revetement\/\" \/>\n<meta property=\"og:locale\" content=\"fr_FR\" \/>\n<meta property=\"og:type\" content=\"article\" \/>\n<meta property=\"og:title\" content=\"Panneaux de rev\u00eatement pour portes blind\u00e9es | Alias Blindate\" \/>\n<meta property=\"og:description\" content=\"Vous pouvez choisir de personnaliser votre porte blind\u00e9e Alias avec une large gamme de rev\u00eatements, capables de correspondre au style de votre maison.\" \/>\n<meta property=\"og:url\" content=\"https:\/\/www.aliasblindate.com\/fr\/portes-blindees\/panneaux-de-revetement\/\" \/>\n<meta property=\"og:site_name\" content=\"Alias Blindate\" \/>\n<meta property=\"article:publisher\" content=\"https:\/\/www.facebook.com\/aliasporteblindate\" \/>\n<meta property=\"article:modified_time\" content=\"2025-04-01T14:39:49+00:00\" \/>\n<meta property=\"og:image\" content=\"https:\/\/www.aliasblindate.com\/wp-content\/uploads\/2020\/10\/TESTATA-SEZIONE-PANNELLI-DI-RIVESTIMENTO-1.jpg\" \/>\n\t<meta property=\"og:image:width\" content=\"1700\" \/>\n\t<meta property=\"og:image:height\" content=\"1014\" \/>\n\t<meta property=\"og:image:type\" content=\"image\/jpeg\" \/>\n<meta name=\"twitter:card\" content=\"summary_large_image\" \/>\n<meta name=\"twitter:label1\" content=\"Dur\u00e9e de lecture estim\u00e9e\" \/>\n\t<meta name=\"twitter:data1\" content=\"1 minute\" \/>\n<script type=\"application\/ld+json\" class=\"yoast-schema-graph\">{\"@context\":\"https:\/\/schema.org\",\"@graph\":[{\"@type\":\"WebPage\",\"@id\":\"https:\/\/www.aliasblindate.com\/fr\/portes-blindees\/panneaux-de-revetement\/\",\"url\":\"https:\/\/www.aliasblindate.com\/fr\/portes-blindees\/panneaux-de-revetement\/\",\"name\":\"Panneaux de rev\u00eatement pour portes blind\u00e9es | Alias Blindate\",\"isPartOf\":{\"@id\":\"https:\/\/www.aliasblindate.com\/fr\/#website\"},\"primaryImageOfPage\":{\"@id\":\"https:\/\/www.aliasblindate.com\/fr\/portes-blindees\/panneaux-de-revetement\/#primaryimage\"},\"image\":{\"@id\":\"https:\/\/www.aliasblindate.com\/fr\/portes-blindees\/panneaux-de-revetement\/#primaryimage\"},\"thumbnailUrl\":\"https:\/\/www.aliasblindate.com\/wp-content\/uploads\/2020\/10\/TESTATA-SEZIONE-PANNELLI-DI-RIVESTIMENTO-1.jpg\",\"datePublished\":\"2020-10-20T10:19:34+00:00\",\"dateModified\":\"2025-04-01T14:39:49+00:00\",\"description\":\"Vous pouvez choisir de personnaliser votre porte blind\u00e9e Alias avec une large gamme de rev\u00eatements, capables de correspondre au style de votre maison.\",\"breadcrumb\":{\"@id\":\"https:\/\/www.aliasblindate.com\/fr\/portes-blindees\/panneaux-de-revetement\/#breadcrumb\"},\"inLanguage\":\"fr-FR\",\"potentialAction\":[{\"@type\":\"ReadAction\",\"target\":[\"https:\/\/www.aliasblindate.com\/fr\/portes-blindees\/panneaux-de-revetement\/\"]}]},{\"@type\":\"ImageObject\",\"inLanguage\":\"fr-FR\",\"@id\":\"https:\/\/www.aliasblindate.com\/fr\/portes-blindees\/panneaux-de-revetement\/#primaryimage\",\"url\":\"https:\/\/www.aliasblindate.com\/wp-content\/uploads\/2020\/10\/TESTATA-SEZIONE-PANNELLI-DI-RIVESTIMENTO-1.jpg\",\"contentUrl\":\"https:\/\/www.aliasblindate.com\/wp-content\/uploads\/2020\/10\/TESTATA-SEZIONE-PANNELLI-DI-RIVESTIMENTO-1.jpg\",\"width\":1700,\"height\":1014},{\"@type\":\"BreadcrumbList\",\"@id\":\"https:\/\/www.aliasblindate.com\/fr\/portes-blindees\/panneaux-de-revetement\/#breadcrumb\",\"itemListElement\":[{\"@type\":\"ListItem\",\"position\":1,\"name\":\"Home\",\"item\":\"https:\/\/www.aliasblindate.com\/fr\/\"},{\"@type\":\"ListItem\",\"position\":2,\"name\":\"Portes blind\u00e9es\",\"item\":\"https:\/\/www.aliasblindate.com\/fr\/portes-blindees\/\"},{\"@type\":\"ListItem\",\"position\":3,\"name\":\"Panneaux de rev\u00eatement\"}]},{\"@type\":\"WebSite\",\"@id\":\"https:\/\/www.aliasblindate.com\/fr\/#website\",\"url\":\"https:\/\/www.aliasblindate.com\/fr\/\",\"name\":\"Alias Blindate\",\"description\":\"\",\"publisher\":{\"@id\":\"https:\/\/www.aliasblindate.com\/fr\/#organization\"},\"potentialAction\":[{\"@type\":\"SearchAction\",\"target\":{\"@type\":\"EntryPoint\",\"urlTemplate\":\"https:\/\/www.aliasblindate.com\/fr\/?s={search_term_string}\"},\"query-input\":{\"@type\":\"PropertyValueSpecification\",\"valueRequired\":true,\"valueName\":\"search_term_string\"}}],\"inLanguage\":\"fr-FR\"},{\"@type\":\"Organization\",\"@id\":\"https:\/\/www.aliasblindate.com\/fr\/#organization\",\"name\":\"Alias Blindate\",\"url\":\"https:\/\/www.aliasblindate.com\/fr\/\",\"logo\":{\"@type\":\"ImageObject\",\"inLanguage\":\"fr-FR\",\"@id\":\"https:\/\/www.aliasblindate.com\/fr\/#\/schema\/logo\/image\/\",\"url\":\"https:\/\/www.aliasblindate.com\/wp-content\/uploads\/2019\/10\/logo@2x.png\",\"contentUrl\":\"https:\/\/www.aliasblindate.com\/wp-content\/uploads\/2019\/10\/logo@2x.png\",\"width\":498,\"height\":88,\"caption\":\"Alias Blindate\"},\"image\":{\"@id\":\"https:\/\/www.aliasblindate.com\/fr\/#\/schema\/logo\/image\/\"},\"sameAs\":[\"https:\/\/www.facebook.com\/aliasporteblindate\",\"https:\/\/www.instagram.com\/alias_porte_blindate\/\"]}]}<\/script>\n<!-- \/ Yoast SEO plugin. -->","yoast_head_json":{"title":"Panneaux de rev\u00eatement pour portes blind\u00e9es | Alias Blindate","description":"Vous pouvez choisir de personnaliser votre porte blind\u00e9e Alias avec une large gamme de rev\u00eatements, capables de correspondre au style de votre maison.","robots":{"index":"index","follow":"follow","max-snippet":"max-snippet:-1","max-image-preview":"max-image-preview:large","max-video-preview":"max-video-preview:-1"},"canonical":"https:\/\/www.aliasblindate.com\/fr\/portes-blindees\/panneaux-de-revetement\/","og_locale":"fr_FR","og_type":"article","og_title":"Panneaux de rev\u00eatement pour portes blind\u00e9es | Alias Blindate","og_description":"Vous pouvez choisir de personnaliser votre porte blind\u00e9e Alias avec une large gamme de rev\u00eatements, capables de correspondre au style de votre maison.","og_url":"https:\/\/www.aliasblindate.com\/fr\/portes-blindees\/panneaux-de-revetement\/","og_site_name":"Alias Blindate","article_publisher":"https:\/\/www.facebook.com\/aliasporteblindate","article_modified_time":"2025-04-01T14:39:49+00:00","og_image":[{"width":1700,"height":1014,"url":"https:\/\/www.aliasblindate.com\/wp-content\/uploads\/2020\/10\/TESTATA-SEZIONE-PANNELLI-DI-RIVESTIMENTO-1.jpg","type":"image\/jpeg"}],"twitter_card":"summary_large_image","twitter_misc":{"Dur\u00e9e de lecture estim\u00e9e":"1 minute"},"schema":{"@context":"https:\/\/schema.org","@graph":[{"@type":"WebPage","@id":"https:\/\/www.aliasblindate.com\/fr\/portes-blindees\/panneaux-de-revetement\/","url":"https:\/\/www.aliasblindate.com\/fr\/portes-blindees\/panneaux-de-revetement\/","name":"Panneaux de rev\u00eatement pour portes blind\u00e9es | Alias Blindate","isPartOf":{"@id":"https:\/\/www.aliasblindate.com\/fr\/#website"},"primaryImageOfPage":{"@id":"https:\/\/www.aliasblindate.com\/fr\/portes-blindees\/panneaux-de-revetement\/#primaryimage"},"image":{"@id":"https:\/\/www.aliasblindate.com\/fr\/portes-blindees\/panneaux-de-revetement\/#primaryimage"},"thumbnailUrl":"https:\/\/www.aliasblindate.com\/wp-content\/uploads\/2020\/10\/TESTATA-SEZIONE-PANNELLI-DI-RIVESTIMENTO-1.jpg","datePublished":"2020-10-20T10:19:34+00:00","dateModified":"2025-04-01T14:39:49+00:00","description":"Vous pouvez choisir de personnaliser votre porte blind\u00e9e Alias avec une large gamme de rev\u00eatements, capables de correspondre au style de votre maison.","breadcrumb":{"@id":"https:\/\/www.aliasblindate.com\/fr\/portes-blindees\/panneaux-de-revetement\/#breadcrumb"},"inLanguage":"fr-FR","potentialAction":[{"@type":"ReadAction","target":["https:\/\/www.aliasblindate.com\/fr\/portes-blindees\/panneaux-de-revetement\/"]}]},{"@type":"ImageObject","inLanguage":"fr-FR","@id":"https:\/\/www.aliasblindate.com\/fr\/portes-blindees\/panneaux-de-revetement\/#primaryimage","url":"https:\/\/www.aliasblindate.com\/wp-content\/uploads\/2020\/10\/TESTATA-SEZIONE-PANNELLI-DI-RIVESTIMENTO-1.jpg","contentUrl":"https:\/\/www.aliasblindate.com\/wp-content\/uploads\/2020\/10\/TESTATA-SEZIONE-PANNELLI-DI-RIVESTIMENTO-1.jpg","width":1700,"height":1014},{"@type":"BreadcrumbList","@id":"https:\/\/www.aliasblindate.com\/fr\/portes-blindees\/panneaux-de-revetement\/#breadcrumb","itemListElement":[{"@type":"ListItem","position":1,"name":"Home","item":"https:\/\/www.aliasblindate.com\/fr\/"},{"@type":"ListItem","position":2,"name":"Portes blind\u00e9es","item":"https:\/\/www.aliasblindate.com\/fr\/portes-blindees\/"},{"@type":"ListItem","position":3,"name":"Panneaux de rev\u00eatement"}]},{"@type":"WebSite","@id":"https:\/\/www.aliasblindate.com\/fr\/#website","url":"https:\/\/www.aliasblindate.com\/fr\/","name":"Alias Blindate","description":"","publisher":{"@id":"https:\/\/www.aliasblindate.com\/fr\/#organization"},"potentialAction":[{"@type":"SearchAction","target":{"@type":"EntryPoint","urlTemplate":"https:\/\/www.aliasblindate.com\/fr\/?s={search_term_string}"},"query-input":{"@type":"PropertyValueSpecification","valueRequired":true,"valueName":"search_term_string"}}],"inLanguage":"fr-FR"},{"@type":"Organization","@id":"https:\/\/www.aliasblindate.com\/fr\/#organization","name":"Alias Blindate","url":"https:\/\/www.aliasblindate.com\/fr\/","logo":{"@type":"ImageObject","inLanguage":"fr-FR","@id":"https:\/\/www.aliasblindate.com\/fr\/#\/schema\/logo\/image\/","url":"https:\/\/www.aliasblindate.com\/wp-content\/uploads\/2019\/10\/logo@2x.png","contentUrl":"https:\/\/www.aliasblindate.com\/wp-content\/uploads\/2019\/10\/logo@2x.png","width":498,"height":88,"caption":"Alias Blindate"},"image":{"@id":"https:\/\/www.aliasblindate.com\/fr\/#\/schema\/logo\/image\/"},"sameAs":["https:\/\/www.facebook.com\/aliasporteblindate","https:\/\/www.instagram.com\/alias_porte_blindate\/"]}]}},"_links":{"self":[{"href":"https:\/\/www.aliasblindate.com\/fr\/wp-json\/wp\/v2\/pages\/16833"}],"collection":[{"href":"https:\/\/www.aliasblindate.com\/fr\/wp-json\/wp\/v2\/pages"}],"about":[{"href":"https:\/\/www.aliasblindate.com\/fr\/wp-json\/wp\/v2\/types\/page"}],"author":[{"embeddable":true,"href":"https:\/\/www.aliasblindate.com\/fr\/wp-json\/wp\/v2\/users\/5"}],"replies":[{"embeddable":true,"href":"https:\/\/www.aliasblindate.com\/fr\/wp-json\/wp\/v2\/comments?post=16833"}],"version-history":[{"count":5,"href":"https:\/\/www.aliasblindate.com\/fr\/wp-json\/wp\/v2\/pages\/16833\/revisions"}],"predecessor-version":[{"id":17641,"href":"https:\/\/www.aliasblindate.com\/fr\/wp-json\/wp\/v2\/pages\/16833\/revisions\/17641"}],"up":[{"embeddable":true,"href":"https:\/\/www.aliasblindate.com\/fr\/wp-json\/wp\/v2\/pages\/15256"}],"wp:featuredmedia":[{"embeddable":true,"href":"https:\/\/www.aliasblindate.com\/fr\/wp-json\/wp\/v2\/media\/3332"}],"wp:attachment":[{"href":"https:\/\/www.aliasblindate.com\/fr\/wp-json\/wp\/v2\/media?parent=16833"}],"wp:term":[{"taxonomy":"page-category","embeddable":true,"href":"https:\/\/www.aliasblindate.com\/fr\/wp-json\/wp\/v2\/page-category?post=16833"}],"curies":[{"name":"wp","href":"https:\/\/api.w.org\/{rel}","templated":true}]}}