{"id":16825,"date":"2024-10-08T11:21:16","date_gmt":"2024-10-08T09:21:16","guid":{"rendered":"https:\/\/www.aliasblindate.com\/exterieurs\/urban\/"},"modified":"2025-04-02T09:25:57","modified_gmt":"2025-04-02T07:25:57","slug":"urban","status":"publish","type":"page","link":"https:\/\/www.aliasblindate.com\/fr\/portes-blindees\/panneaux-de-revetement\/exterieurs\/urban\/","title":{"rendered":"Collection Urban"},"content":{"rendered":"<section class=\"scw-title-block title-wrapper has-thumb\">\n\t<div class=\"breadcrumbs\"><span><span><a href=\"https:\/\/www.aliasblindate.com\/fr\/\">Home<\/a><\/span><\/span><\/div>\t<div class=\"\">\n\t\t<div class=\"single-title\"><h1 class=\"scw-title\">Collection Urban<\/div>\n\n\t\t\t<\/div>\n<\/section>\n\n\n<section id=\"start\" class=\"description-wrapper two-columns\">\n\t\t\t<div class=\"description\">\n\t\t\t<p>Panneaux avec indentations et cadres en bois massif appliqu\u00e9s d\u2019une \u00e9paisseur de 15\u00a0mm<\/p>\n\t\t<\/div>\n\t\t\t\t<div class=\"icons-wrapper\">\n\t\t\t\t\t\t\t<div class=\"tooltip-data\" data-title=\"L\u2019installation n'est autoris\u00e9e qu'\u00e0 l'ombre\">\n\t\t\t\t\t<img loading=\"lazy\" decoding=\"async\" width=\"70\" height=\"70\" src=\"https:\/\/www.aliasblindate.com\/wp-content\/uploads\/2020\/10\/3-6.jpg\" class=\"attachment-full size-full\" alt=\"\" \/>\t\t\t\t\t<div class=\"tooltip-description\">L\u2019installation n&rsquo;est autoris\u00e9e qu&rsquo;\u00e0 l&rsquo;ombre<\/div>\n\t\t\t\t<\/div>\n\t\t\t\t\t\t<\/div>\n\t<\/section>\n\n\n\t<section class=\"features-reverse\">\n\t\t\t\t\t\t\t\t<div class=\"two-columns\">\n\t\t\t\t<div class=\"feature-text\">\n\t\t\t\t\t<div class=\"feature-title scw-title\"><\/div>\n\t\t\t\t\t<div class=\"feature-description\"><p>Id\u00e9ale pour les espaces \u00e9l\u00e9gants et sobres, cette collection est agr\u00e9ment\u00e9e de cadres en bois massif. Une carte de visite parfaite pour les espaces de classe. L\u2019installation de ces rev\u00eatements est conseill\u00e9e en position abrit\u00e9e sous auvents.<\/p>\n<p>Sur la photo Panneau Collection URBAN, Mod. U460, en MDF laqu\u00e9 RAL 8016. Poign\u00e9e FENIX finition chrome satin\u00e9.<\/p>\n<\/div>\n\t\t\t\t<\/div>\n\t\t\t\t<div class=\"feature-gallery\">\n\t\t\t\t\t\t<div class=\"gallery-carousel owl-carousel owl-theme\">\n\t\t\t\t\t<a class=\"dt-pswp-item\" href=\"https:\/\/www.aliasblindate.com\/wp-content\/uploads\/2024\/10\/urban-0k.jpg\" data-large_image_width=\"798\" data-large_image_height=\"730\">\n\t\t\t\t<img loading=\"lazy\" decoding=\"async\" width=\"650\" height=\"380\" src=\"https:\/\/www.aliasblindate.com\/wp-content\/uploads\/2024\/10\/urban-0k-650x380.jpg\" data-src=\"https:\/\/www.aliasblindate.com\/wp-content\/uploads\/2024\/10\/urban-0k-650x380.jpg\" class=\"owl-lazy\" srcset=\"\">\n\t\t\t<\/a>\n\t\t\t\t<\/div>\n\t\t\t\t\t\t<p class=\"mobile-only gallery-advice\"><em>Clicca per ingrandire<\/em><\/p>\n\t\t\t\t<\/div>\n\t\t\t<\/div>\n\t\t\t<\/section>\n\t\n\n\t<section class=\"finishing-section\">\n\t\t\n\t\t\t\t\t<div class=\"carousel-title scw-title\">Mod\u00e8les\u00a0: quelques exemples<\/div>\n\t\t\n\t\t\n\t\t\t\t\t<div class=\"finishing-carousel owl-carousel owl-theme\">\n\t\t\t\t\t\t\t\t\t<div class=\"carousel-slide\">\n\t\t\t\t\t\t\t\t\t\t\t\t<a class=\"dt-pswp-item\" href=\"https:\/\/www.aliasblindate.com\/wp-content\/uploads\/2020\/10\/1-8.jpg\" data-large_image_width=\"433\" data-large_image_height=\"1000\">\n\t\t\t\t\t\t\t<img loading=\"lazy\" decoding=\"async\" width=\"130\" height=\"300\" src=\"https:\/\/www.aliasblindate.com\/wp-content\/uploads\/2020\/10\/1-8-130x300.jpg\" data-src=\"https:\/\/www.aliasblindate.com\/wp-content\/uploads\/2020\/10\/1-8-130x300.jpg\" class=\"attachment-medium size-medium owl-lazy\" srcset=\"https:\/\/www.aliasblindate.com\/wp-content\/uploads\/2020\/10\/1-8-130x300.jpg 130w, https:\/\/www.aliasblindate.com\/wp-content\/uploads\/2020\/10\/1-8.jpg 433w\">\n\t\t\t\t\t\t\tURBAN MOD. U120 EN CH\u00caNE\t\t\t\t\t\t<\/a>\n\t\t\t\t\t<\/div>\n\t\t\t\t\t\t\t\t\t<div class=\"carousel-slide\">\n\t\t\t\t\t\t\t\t\t\t\t\t<a class=\"dt-pswp-item\" href=\"https:\/\/www.aliasblindate.com\/wp-content\/uploads\/2020\/11\/URBAN-MOD.-U460-LACCATO-BIANCO.jpg\" data-large_image_width=\"433\" data-large_image_height=\"1000\">\n\t\t\t\t\t\t\t<img loading=\"lazy\" decoding=\"async\" width=\"130\" height=\"300\" src=\"https:\/\/www.aliasblindate.com\/wp-content\/uploads\/2020\/11\/URBAN-MOD.-U460-LACCATO-BIANCO-130x300.jpg\" data-src=\"https:\/\/www.aliasblindate.com\/wp-content\/uploads\/2020\/11\/URBAN-MOD.-U460-LACCATO-BIANCO-130x300.jpg\" class=\"attachment-medium size-medium owl-lazy\" srcset=\"https:\/\/www.aliasblindate.com\/wp-content\/uploads\/2020\/11\/URBAN-MOD.-U460-LACCATO-BIANCO-130x300.jpg 130w, https:\/\/www.aliasblindate.com\/wp-content\/uploads\/2020\/11\/URBAN-MOD.-U460-LACCATO-BIANCO.jpg 433w\">\n\t\t\t\t\t\t\tURBAN MOD. U460 LAQU\u00c9 BLANC\t\t\t\t\t\t<\/a>\n\t\t\t\t\t<\/div>\n\t\t\t\t\t\t\t<\/div>\n\t\t\t<\/section>\n\t\n\n\t<section class=\"features-reverse\">\n\t\t\t\t\t\t\t\t<div class=\"two-columns\">\n\t\t\t\t<div class=\"feature-text\">\n\t\t\t\t\t<div class=\"feature-title scw-title\"><\/div>\n\t\t\t\t\t<div class=\"feature-description\"><\/div>\n\t\t\t\t<\/div>\n\t\t\t\t<div class=\"feature-gallery\">\n\t\t\t\t\t\t\t\t\t\t<p class=\"mobile-only gallery-advice\"><em>Clicca per ingrandire<\/em><\/p>\n\t\t\t\t<\/div>\n\t\t\t<\/div>\n\t\t\t<\/section>\n\t\n\n\n<div style=\"height:30px\" aria-hidden=\"true\" class=\"wp-block-spacer\"><\/div>\n\n\n\t<section class=\"finishing-section\">\n\t\t\n\t\t\t\t\t<div class=\"carousel-title scw-title\">Cadres<\/div>\n\t\t\n\t\t\t\t\t<div class=\"carousel-description\"><p>Appliqu\u00e9es dans le respect de la tradition artisanale.<\/p>\n<\/div>\n\t\t\n\t\t\t\t\t<div class=\"finishing-carousel owl-carousel owl-theme\">\n\t\t\t\t\t\t\t\t\t<div class=\"carousel-slide\">\n\t\t\t\t\t\t\t\t\t\t\t\t<a class=\"dt-pswp-item\" href=\"https:\/\/www.aliasblindate.com\/wp-content\/uploads\/2020\/10\/tipo-1.jpg\" data-large_image_width=\"500\" data-large_image_height=\"500\">\n\t\t\t\t\t\t\t<img loading=\"lazy\" decoding=\"async\" width=\"300\" height=\"300\" src=\"https:\/\/www.aliasblindate.com\/wp-content\/uploads\/2020\/10\/tipo-1-300x300.jpg\" data-src=\"https:\/\/www.aliasblindate.com\/wp-content\/uploads\/2020\/10\/tipo-1-300x300.jpg\" class=\"attachment-medium size-medium owl-lazy\" srcset=\"https:\/\/www.aliasblindate.com\/wp-content\/uploads\/2020\/10\/tipo-1-300x300.jpg 300w, https:\/\/www.aliasblindate.com\/wp-content\/uploads\/2020\/10\/tipo-1-150x150.jpg 150w, https:\/\/www.aliasblindate.com\/wp-content\/uploads\/2020\/10\/tipo-1.jpg 500w\">\n\t\t\t\t\t\t\t\t\t\t\t\t\t<\/a>\n\t\t\t\t\t<\/div>\n\t\t\t\t\t\t\t\t\t<div class=\"carousel-slide\">\n\t\t\t\t\t\t\t\t\t\t\t\t<a class=\"dt-pswp-item\" href=\"https:\/\/www.aliasblindate.com\/wp-content\/uploads\/2020\/10\/tipo-2.jpg\" data-large_image_width=\"500\" data-large_image_height=\"500\">\n\t\t\t\t\t\t\t<img loading=\"lazy\" decoding=\"async\" width=\"300\" height=\"300\" src=\"https:\/\/www.aliasblindate.com\/wp-content\/uploads\/2020\/10\/tipo-2-300x300.jpg\" data-src=\"https:\/\/www.aliasblindate.com\/wp-content\/uploads\/2020\/10\/tipo-2-300x300.jpg\" class=\"attachment-medium size-medium owl-lazy\" srcset=\"https:\/\/www.aliasblindate.com\/wp-content\/uploads\/2020\/10\/tipo-2-300x300.jpg 300w, https:\/\/www.aliasblindate.com\/wp-content\/uploads\/2020\/10\/tipo-2-150x150.jpg 150w, https:\/\/www.aliasblindate.com\/wp-content\/uploads\/2020\/10\/tipo-2.jpg 500w\">\n\t\t\t\t\t\t\t\t\t\t\t\t\t<\/a>\n\t\t\t\t\t<\/div>\n\t\t\t\t\t\t\t\t\t<div class=\"carousel-slide\">\n\t\t\t\t\t\t\t\t\t\t\t\t<a class=\"dt-pswp-item\" href=\"https:\/\/www.aliasblindate.com\/wp-content\/uploads\/2020\/10\/tipo-3.jpg\" data-large_image_width=\"500\" data-large_image_height=\"500\">\n\t\t\t\t\t\t\t<img loading=\"lazy\" decoding=\"async\" width=\"300\" height=\"300\" src=\"https:\/\/www.aliasblindate.com\/wp-content\/uploads\/2020\/10\/tipo-3-300x300.jpg\" data-src=\"https:\/\/www.aliasblindate.com\/wp-content\/uploads\/2020\/10\/tipo-3-300x300.jpg\" class=\"attachment-medium size-medium owl-lazy\" srcset=\"https:\/\/www.aliasblindate.com\/wp-content\/uploads\/2020\/10\/tipo-3-300x300.jpg 300w, https:\/\/www.aliasblindate.com\/wp-content\/uploads\/2020\/10\/tipo-3-150x150.jpg 150w, https:\/\/www.aliasblindate.com\/wp-content\/uploads\/2020\/10\/tipo-3.jpg 500w\">\n\t\t\t\t\t\t\t\t\t\t\t\t\t<\/a>\n\t\t\t\t\t<\/div>\n\t\t\t\t\t\t\t\t\t<div class=\"carousel-slide\">\n\t\t\t\t\t\t\t\t\t\t\t\t<a class=\"dt-pswp-item\" href=\"https:\/\/www.aliasblindate.com\/wp-content\/uploads\/2020\/10\/tipo-4.jpg\" data-large_image_width=\"500\" data-large_image_height=\"500\">\n\t\t\t\t\t\t\t<img loading=\"lazy\" decoding=\"async\" width=\"300\" height=\"300\" src=\"https:\/\/www.aliasblindate.com\/wp-content\/uploads\/2020\/10\/tipo-4-300x300.jpg\" data-src=\"https:\/\/www.aliasblindate.com\/wp-content\/uploads\/2020\/10\/tipo-4-300x300.jpg\" class=\"attachment-medium size-medium owl-lazy\" srcset=\"https:\/\/www.aliasblindate.com\/wp-content\/uploads\/2020\/10\/tipo-4-300x300.jpg 300w, https:\/\/www.aliasblindate.com\/wp-content\/uploads\/2020\/10\/tipo-4-150x150.jpg 150w, https:\/\/www.aliasblindate.com\/wp-content\/uploads\/2020\/10\/tipo-4.jpg 500w\">\n\t\t\t\t\t\t\t\t\t\t\t\t\t<\/a>\n\t\t\t\t\t<\/div>\n\t\t\t\t\t\t\t<\/div>\n\t\t\t<\/section>\n\t\n\n\t<section class=\"finishing-section\">\n\t\t\n\t\t\t\t\t<div class=\"carousel-title scw-title\">Essences\u00a0:<\/div>\n\t\t\n\t\t\n\t\t\t\t\t<div class=\"finishing-carousel owl-carousel owl-theme\">\n\t\t\t\t\t\t\t\t\t<div class=\"carousel-slide\">\n\t\t\t\t\t\t\t\t\t\t\t\t<a class=\"dt-pswp-item\" href=\"https:\/\/www.aliasblindate.com\/wp-content\/uploads\/2024\/10\/okume.jpg\" data-large_image_width=\"500\" data-large_image_height=\"500\">\n\t\t\t\t\t\t\t<img loading=\"lazy\" decoding=\"async\" width=\"300\" height=\"300\" src=\"https:\/\/www.aliasblindate.com\/wp-content\/uploads\/2024\/10\/okume-300x300.jpg\" data-src=\"https:\/\/www.aliasblindate.com\/wp-content\/uploads\/2024\/10\/okume-300x300.jpg\" class=\"attachment-medium size-medium owl-lazy\" srcset=\"https:\/\/www.aliasblindate.com\/wp-content\/uploads\/2024\/10\/okume-300x300.jpg 300w, https:\/\/www.aliasblindate.com\/wp-content\/uploads\/2024\/10\/okume-150x150.jpg 150w, https:\/\/www.aliasblindate.com\/wp-content\/uploads\/2024\/10\/okume.jpg 500w\">\n\t\t\t\t\t\t\tOKOUM\u00c9\t\t\t\t\t\t<\/a>\n\t\t\t\t\t<\/div>\n\t\t\t\t\t\t\t\t\t<div class=\"carousel-slide\">\n\t\t\t\t\t\t\t\t\t\t\t\t<a class=\"dt-pswp-item\" href=\"https:\/\/www.aliasblindate.com\/wp-content\/uploads\/2020\/10\/cornici-2.jpg\" data-large_image_width=\"500\" data-large_image_height=\"500\">\n\t\t\t\t\t\t\t<img loading=\"lazy\" decoding=\"async\" width=\"300\" height=\"300\" src=\"https:\/\/www.aliasblindate.com\/wp-content\/uploads\/2020\/10\/cornici-2-300x300.jpg\" data-src=\"https:\/\/www.aliasblindate.com\/wp-content\/uploads\/2020\/10\/cornici-2-300x300.jpg\" class=\"attachment-medium size-medium owl-lazy\" srcset=\"https:\/\/www.aliasblindate.com\/wp-content\/uploads\/2020\/10\/cornici-2-300x300.jpg 300w, https:\/\/www.aliasblindate.com\/wp-content\/uploads\/2020\/10\/cornici-2-150x150.jpg 150w, https:\/\/www.aliasblindate.com\/wp-content\/uploads\/2020\/10\/cornici-2.jpg 500w\">\n\t\t\t\t\t\t\tACAJOU\t\t\t\t\t\t<\/a>\n\t\t\t\t\t<\/div>\n\t\t\t\t\t\t\t\t\t<div class=\"carousel-slide\">\n\t\t\t\t\t\t\t\t\t\t\t\t<a class=\"dt-pswp-item\" href=\"https:\/\/www.aliasblindate.com\/wp-content\/uploads\/2020\/10\/cornici-3.jpg\" data-large_image_width=\"500\" data-large_image_height=\"500\">\n\t\t\t\t\t\t\t<img loading=\"lazy\" decoding=\"async\" width=\"300\" height=\"300\" src=\"https:\/\/www.aliasblindate.com\/wp-content\/uploads\/2020\/10\/cornici-3-300x300.jpg\" data-src=\"https:\/\/www.aliasblindate.com\/wp-content\/uploads\/2020\/10\/cornici-3-300x300.jpg\" class=\"attachment-medium size-medium owl-lazy\" srcset=\"https:\/\/www.aliasblindate.com\/wp-content\/uploads\/2020\/10\/cornici-3-300x300.jpg 300w, https:\/\/www.aliasblindate.com\/wp-content\/uploads\/2020\/10\/cornici-3-150x150.jpg 150w, https:\/\/www.aliasblindate.com\/wp-content\/uploads\/2020\/10\/cornici-3.jpg 500w\">\n\t\t\t\t\t\t\tTANGANYIKA\t\t\t\t\t\t<\/a>\n\t\t\t\t\t<\/div>\n\t\t\t\t\t\t\t\t\t<div class=\"carousel-slide\">\n\t\t\t\t\t\t\t\t\t\t\t\t<a class=\"dt-pswp-item\" href=\"https:\/\/www.aliasblindate.com\/wp-content\/uploads\/2020\/10\/cornici-4.jpg\" data-large_image_width=\"500\" data-large_image_height=\"500\">\n\t\t\t\t\t\t\t<img loading=\"lazy\" decoding=\"async\" width=\"300\" height=\"300\" src=\"https:\/\/www.aliasblindate.com\/wp-content\/uploads\/2020\/10\/cornici-4-300x300.jpg\" data-src=\"https:\/\/www.aliasblindate.com\/wp-content\/uploads\/2020\/10\/cornici-4-300x300.jpg\" class=\"attachment-medium size-medium owl-lazy\" srcset=\"https:\/\/www.aliasblindate.com\/wp-content\/uploads\/2020\/10\/cornici-4-300x300.jpg 300w, https:\/\/www.aliasblindate.com\/wp-content\/uploads\/2020\/10\/cornici-4-150x150.jpg 150w, https:\/\/www.aliasblindate.com\/wp-content\/uploads\/2020\/10\/cornici-4.jpg 500w\">\n\t\t\t\t\t\t\tCH\u00caNE\t\t\t\t\t\t<\/a>\n\t\t\t\t\t<\/div>\n\t\t\t\t\t\t\t<\/div>\n\t\t\t<\/section>\n\t","protected":false},"excerpt":{"rendered":"","protected":false},"author":5,"featured_media":4771,"parent":16679,"menu_order":10,"comment_status":"closed","ping_status":"closed","template":"","meta":{"footnotes":""},"page-category":[89],"acf":[],"yoast_head":"<!-- This site is optimized with the Yoast SEO plugin v23.5 - https:\/\/yoast.com\/wordpress\/plugins\/seo\/ -->\n<title>COLLECTION URBAN | Alias Blindate<\/title>\n<meta name=\"description\" content=\"Collection Urban\u00a0: panneaux avec indentations et cadres en bois massif appliqu\u00e9s d&#039;une \u00e9paisseur de 15\u00a0mm. D\u00e9couvrez les diff\u00e9rentes essences d\u00e9di\u00e9es \u00e0 la ligne Urban\" \/>\n<meta name=\"robots\" content=\"index, follow, max-snippet:-1, max-image-preview:large, max-video-preview:-1\" \/>\n<link rel=\"canonical\" href=\"https:\/\/www.aliasblindate.com\/fr\/portes-blindees\/panneaux-de-revetement\/exterieurs\/urban\/\" \/>\n<meta property=\"og:locale\" content=\"fr_FR\" \/>\n<meta property=\"og:type\" content=\"article\" \/>\n<meta property=\"og:title\" content=\"COLLECTION URBAN | Alias Blindate\" \/>\n<meta property=\"og:description\" content=\"Collection Urban\u00a0: panneaux avec indentations et cadres en bois massif appliqu\u00e9s d&#039;une \u00e9paisseur de 15\u00a0mm. D\u00e9couvrez les diff\u00e9rentes essences d\u00e9di\u00e9es \u00e0 la ligne Urban\" \/>\n<meta property=\"og:url\" content=\"https:\/\/www.aliasblindate.com\/fr\/portes-blindees\/panneaux-de-revetement\/exterieurs\/urban\/\" \/>\n<meta property=\"og:site_name\" content=\"Alias Blindate\" \/>\n<meta property=\"article:publisher\" content=\"https:\/\/www.facebook.com\/aliasporteblindate\" \/>\n<meta property=\"article:modified_time\" content=\"2025-04-02T07:25:57+00:00\" \/>\n<meta property=\"og:image\" content=\"https:\/\/www.aliasblindate.com\/wp-content\/uploads\/2020\/10\/URBAN.jpg\" \/>\n\t<meta property=\"og:image:width\" content=\"1700\" \/>\n\t<meta property=\"og:image:height\" content=\"608\" \/>\n\t<meta property=\"og:image:type\" content=\"image\/jpeg\" \/>\n<meta name=\"twitter:card\" content=\"summary_large_image\" \/>\n<meta name=\"twitter:label1\" content=\"Dur\u00e9e de lecture estim\u00e9e\" \/>\n\t<meta name=\"twitter:data1\" content=\"1 minute\" \/>\n<script type=\"application\/ld+json\" class=\"yoast-schema-graph\">{\"@context\":\"https:\/\/schema.org\",\"@graph\":[{\"@type\":\"WebPage\",\"@id\":\"https:\/\/www.aliasblindate.com\/fr\/portes-blindees\/panneaux-de-revetement\/exterieurs\/urban\/\",\"url\":\"https:\/\/www.aliasblindate.com\/fr\/portes-blindees\/panneaux-de-revetement\/exterieurs\/urban\/\",\"name\":\"COLLECTION URBAN | Alias Blindate\",\"isPartOf\":{\"@id\":\"https:\/\/www.aliasblindate.com\/fr\/#website\"},\"primaryImageOfPage\":{\"@id\":\"https:\/\/www.aliasblindate.com\/fr\/portes-blindees\/panneaux-de-revetement\/exterieurs\/urban\/#primaryimage\"},\"image\":{\"@id\":\"https:\/\/www.aliasblindate.com\/fr\/portes-blindees\/panneaux-de-revetement\/exterieurs\/urban\/#primaryimage\"},\"thumbnailUrl\":\"https:\/\/www.aliasblindate.com\/wp-content\/uploads\/2020\/10\/URBAN.jpg\",\"datePublished\":\"2024-10-08T09:21:16+00:00\",\"dateModified\":\"2025-04-02T07:25:57+00:00\",\"description\":\"Collection Urban\u00a0: panneaux avec indentations et cadres en bois massif appliqu\u00e9s d'une \u00e9paisseur de 15\u00a0mm. D\u00e9couvrez les diff\u00e9rentes essences d\u00e9di\u00e9es \u00e0 la ligne Urban\",\"breadcrumb\":{\"@id\":\"https:\/\/www.aliasblindate.com\/fr\/portes-blindees\/panneaux-de-revetement\/exterieurs\/urban\/#breadcrumb\"},\"inLanguage\":\"fr-FR\",\"potentialAction\":[{\"@type\":\"ReadAction\",\"target\":[\"https:\/\/www.aliasblindate.com\/fr\/portes-blindees\/panneaux-de-revetement\/exterieurs\/urban\/\"]}]},{\"@type\":\"ImageObject\",\"inLanguage\":\"fr-FR\",\"@id\":\"https:\/\/www.aliasblindate.com\/fr\/portes-blindees\/panneaux-de-revetement\/exterieurs\/urban\/#primaryimage\",\"url\":\"https:\/\/www.aliasblindate.com\/wp-content\/uploads\/2020\/10\/URBAN.jpg\",\"contentUrl\":\"https:\/\/www.aliasblindate.com\/wp-content\/uploads\/2020\/10\/URBAN.jpg\",\"width\":1700,\"height\":608},{\"@type\":\"BreadcrumbList\",\"@id\":\"https:\/\/www.aliasblindate.com\/fr\/portes-blindees\/panneaux-de-revetement\/exterieurs\/urban\/#breadcrumb\",\"itemListElement\":[{\"@type\":\"ListItem\",\"position\":1,\"name\":\"Home\",\"item\":\"https:\/\/www.aliasblindate.com\/fr\/\"},{\"@type\":\"ListItem\",\"position\":2,\"name\":\"Portes blind\u00e9es\",\"item\":\"https:\/\/www.aliasblindate.com\/fr\/portes-blindees\/\"},{\"@type\":\"ListItem\",\"position\":3,\"name\":\"Panneaux de rev\u00eatement\",\"item\":\"https:\/\/www.aliasblindate.com\/fr\/portes-blindees\/panneaux-de-revetement\/\"},{\"@type\":\"ListItem\",\"position\":4,\"name\":\"Panneaux ext\u00e9rieurs pour portes blind\u00e9es\",\"item\":\"https:\/\/www.aliasblindate.com\/fr\/exterieurs\/\"},{\"@type\":\"ListItem\",\"position\":5,\"name\":\"Collection Urban\"}]},{\"@type\":\"WebSite\",\"@id\":\"https:\/\/www.aliasblindate.com\/fr\/#website\",\"url\":\"https:\/\/www.aliasblindate.com\/fr\/\",\"name\":\"Alias Blindate\",\"description\":\"\",\"publisher\":{\"@id\":\"https:\/\/www.aliasblindate.com\/fr\/#organization\"},\"potentialAction\":[{\"@type\":\"SearchAction\",\"target\":{\"@type\":\"EntryPoint\",\"urlTemplate\":\"https:\/\/www.aliasblindate.com\/fr\/?s={search_term_string}\"},\"query-input\":{\"@type\":\"PropertyValueSpecification\",\"valueRequired\":true,\"valueName\":\"search_term_string\"}}],\"inLanguage\":\"fr-FR\"},{\"@type\":\"Organization\",\"@id\":\"https:\/\/www.aliasblindate.com\/fr\/#organization\",\"name\":\"Alias Blindate\",\"url\":\"https:\/\/www.aliasblindate.com\/fr\/\",\"logo\":{\"@type\":\"ImageObject\",\"inLanguage\":\"fr-FR\",\"@id\":\"https:\/\/www.aliasblindate.com\/fr\/#\/schema\/logo\/image\/\",\"url\":\"https:\/\/www.aliasblindate.com\/wp-content\/uploads\/2019\/10\/logo@2x.png\",\"contentUrl\":\"https:\/\/www.aliasblindate.com\/wp-content\/uploads\/2019\/10\/logo@2x.png\",\"width\":498,\"height\":88,\"caption\":\"Alias Blindate\"},\"image\":{\"@id\":\"https:\/\/www.aliasblindate.com\/fr\/#\/schema\/logo\/image\/\"},\"sameAs\":[\"https:\/\/www.facebook.com\/aliasporteblindate\",\"https:\/\/www.instagram.com\/alias_porte_blindate\/\"]}]}<\/script>\n<!-- \/ Yoast SEO plugin. -->","yoast_head_json":{"title":"COLLECTION URBAN | Alias Blindate","description":"Collection Urban\u00a0: panneaux avec indentations et cadres en bois massif appliqu\u00e9s d'une \u00e9paisseur de 15\u00a0mm. D\u00e9couvrez les diff\u00e9rentes essences d\u00e9di\u00e9es \u00e0 la ligne Urban","robots":{"index":"index","follow":"follow","max-snippet":"max-snippet:-1","max-image-preview":"max-image-preview:large","max-video-preview":"max-video-preview:-1"},"canonical":"https:\/\/www.aliasblindate.com\/fr\/portes-blindees\/panneaux-de-revetement\/exterieurs\/urban\/","og_locale":"fr_FR","og_type":"article","og_title":"COLLECTION URBAN | Alias Blindate","og_description":"Collection Urban\u00a0: panneaux avec indentations et cadres en bois massif appliqu\u00e9s d'une \u00e9paisseur de 15\u00a0mm. D\u00e9couvrez les diff\u00e9rentes essences d\u00e9di\u00e9es \u00e0 la ligne Urban","og_url":"https:\/\/www.aliasblindate.com\/fr\/portes-blindees\/panneaux-de-revetement\/exterieurs\/urban\/","og_site_name":"Alias Blindate","article_publisher":"https:\/\/www.facebook.com\/aliasporteblindate","article_modified_time":"2025-04-02T07:25:57+00:00","og_image":[{"width":1700,"height":608,"url":"https:\/\/www.aliasblindate.com\/wp-content\/uploads\/2020\/10\/URBAN.jpg","type":"image\/jpeg"}],"twitter_card":"summary_large_image","twitter_misc":{"Dur\u00e9e de lecture estim\u00e9e":"1 minute"},"schema":{"@context":"https:\/\/schema.org","@graph":[{"@type":"WebPage","@id":"https:\/\/www.aliasblindate.com\/fr\/portes-blindees\/panneaux-de-revetement\/exterieurs\/urban\/","url":"https:\/\/www.aliasblindate.com\/fr\/portes-blindees\/panneaux-de-revetement\/exterieurs\/urban\/","name":"COLLECTION URBAN | Alias Blindate","isPartOf":{"@id":"https:\/\/www.aliasblindate.com\/fr\/#website"},"primaryImageOfPage":{"@id":"https:\/\/www.aliasblindate.com\/fr\/portes-blindees\/panneaux-de-revetement\/exterieurs\/urban\/#primaryimage"},"image":{"@id":"https:\/\/www.aliasblindate.com\/fr\/portes-blindees\/panneaux-de-revetement\/exterieurs\/urban\/#primaryimage"},"thumbnailUrl":"https:\/\/www.aliasblindate.com\/wp-content\/uploads\/2020\/10\/URBAN.jpg","datePublished":"2024-10-08T09:21:16+00:00","dateModified":"2025-04-02T07:25:57+00:00","description":"Collection Urban\u00a0: panneaux avec indentations et cadres en bois massif appliqu\u00e9s d'une \u00e9paisseur de 15\u00a0mm. D\u00e9couvrez les diff\u00e9rentes essences d\u00e9di\u00e9es \u00e0 la ligne Urban","breadcrumb":{"@id":"https:\/\/www.aliasblindate.com\/fr\/portes-blindees\/panneaux-de-revetement\/exterieurs\/urban\/#breadcrumb"},"inLanguage":"fr-FR","potentialAction":[{"@type":"ReadAction","target":["https:\/\/www.aliasblindate.com\/fr\/portes-blindees\/panneaux-de-revetement\/exterieurs\/urban\/"]}]},{"@type":"ImageObject","inLanguage":"fr-FR","@id":"https:\/\/www.aliasblindate.com\/fr\/portes-blindees\/panneaux-de-revetement\/exterieurs\/urban\/#primaryimage","url":"https:\/\/www.aliasblindate.com\/wp-content\/uploads\/2020\/10\/URBAN.jpg","contentUrl":"https:\/\/www.aliasblindate.com\/wp-content\/uploads\/2020\/10\/URBAN.jpg","width":1700,"height":608},{"@type":"BreadcrumbList","@id":"https:\/\/www.aliasblindate.com\/fr\/portes-blindees\/panneaux-de-revetement\/exterieurs\/urban\/#breadcrumb","itemListElement":[{"@type":"ListItem","position":1,"name":"Home","item":"https:\/\/www.aliasblindate.com\/fr\/"},{"@type":"ListItem","position":2,"name":"Portes blind\u00e9es","item":"https:\/\/www.aliasblindate.com\/fr\/portes-blindees\/"},{"@type":"ListItem","position":3,"name":"Panneaux de rev\u00eatement","item":"https:\/\/www.aliasblindate.com\/fr\/portes-blindees\/panneaux-de-revetement\/"},{"@type":"ListItem","position":4,"name":"Panneaux ext\u00e9rieurs pour portes blind\u00e9es","item":"https:\/\/www.aliasblindate.com\/fr\/exterieurs\/"},{"@type":"ListItem","position":5,"name":"Collection Urban"}]},{"@type":"WebSite","@id":"https:\/\/www.aliasblindate.com\/fr\/#website","url":"https:\/\/www.aliasblindate.com\/fr\/","name":"Alias Blindate","description":"","publisher":{"@id":"https:\/\/www.aliasblindate.com\/fr\/#organization"},"potentialAction":[{"@type":"SearchAction","target":{"@type":"EntryPoint","urlTemplate":"https:\/\/www.aliasblindate.com\/fr\/?s={search_term_string}"},"query-input":{"@type":"PropertyValueSpecification","valueRequired":true,"valueName":"search_term_string"}}],"inLanguage":"fr-FR"},{"@type":"Organization","@id":"https:\/\/www.aliasblindate.com\/fr\/#organization","name":"Alias Blindate","url":"https:\/\/www.aliasblindate.com\/fr\/","logo":{"@type":"ImageObject","inLanguage":"fr-FR","@id":"https:\/\/www.aliasblindate.com\/fr\/#\/schema\/logo\/image\/","url":"https:\/\/www.aliasblindate.com\/wp-content\/uploads\/2019\/10\/logo@2x.png","contentUrl":"https:\/\/www.aliasblindate.com\/wp-content\/uploads\/2019\/10\/logo@2x.png","width":498,"height":88,"caption":"Alias Blindate"},"image":{"@id":"https:\/\/www.aliasblindate.com\/fr\/#\/schema\/logo\/image\/"},"sameAs":["https:\/\/www.facebook.com\/aliasporteblindate","https:\/\/www.instagram.com\/alias_porte_blindate\/"]}]}},"_links":{"self":[{"href":"https:\/\/www.aliasblindate.com\/fr\/wp-json\/wp\/v2\/pages\/16825"}],"collection":[{"href":"https:\/\/www.aliasblindate.com\/fr\/wp-json\/wp\/v2\/pages"}],"about":[{"href":"https:\/\/www.aliasblindate.com\/fr\/wp-json\/wp\/v2\/types\/page"}],"author":[{"embeddable":true,"href":"https:\/\/www.aliasblindate.com\/fr\/wp-json\/wp\/v2\/users\/5"}],"replies":[{"embeddable":true,"href":"https:\/\/www.aliasblindate.com\/fr\/wp-json\/wp\/v2\/comments?post=16825"}],"version-history":[{"count":6,"href":"https:\/\/www.aliasblindate.com\/fr\/wp-json\/wp\/v2\/pages\/16825\/revisions"}],"predecessor-version":[{"id":17702,"href":"https:\/\/www.aliasblindate.com\/fr\/wp-json\/wp\/v2\/pages\/16825\/revisions\/17702"}],"up":[{"embeddable":true,"href":"https:\/\/www.aliasblindate.com\/fr\/wp-json\/wp\/v2\/pages\/16679"}],"wp:featuredmedia":[{"embeddable":true,"href":"https:\/\/www.aliasblindate.com\/fr\/wp-json\/wp\/v2\/media\/4771"}],"wp:attachment":[{"href":"https:\/\/www.aliasblindate.com\/fr\/wp-json\/wp\/v2\/media?parent=16825"}],"wp:term":[{"taxonomy":"page-category","embeddable":true,"href":"https:\/\/www.aliasblindate.com\/fr\/wp-json\/wp\/v2\/page-category?post=16825"}],"curies":[{"name":"wp","href":"https:\/\/api.w.org\/{rel}","templated":true}]}}