{"id":16820,"date":"2024-10-08T10:37:57","date_gmt":"2024-10-08T08:37:57","guid":{"rendered":"https:\/\/www.aliasblindate.com\/exterieurs\/skipper\/"},"modified":"2025-01-27T09:07:46","modified_gmt":"2025-01-27T08:07:46","slug":"skipper","status":"publish","type":"page","link":"https:\/\/www.aliasblindate.com\/fr\/portes-blindees\/panneaux-de-revetement\/exterieurs\/skipper\/","title":{"rendered":"Collection SKIPPER"},"content":{"rendered":"<section class=\"scw-title-block title-wrapper has-thumb\">\n\t<div class=\"breadcrumbs\"><span><span><a href=\"https:\/\/www.aliasblindate.com\/fr\/\">Home<\/a><\/span><\/span><\/div>\t<div class=\"\">\n\t\t<div class=\"single-title\"><h1 class=\"scw-title\">Collection SKIPPER<\/div>\n\n\t\t\t<\/div>\n<\/section>\n\n\n<section id=\"start\" class=\"description-wrapper two-columns\">\n\t\t\t<div class=\"description\">\n\t\t\t<p>Panneaux contreplaqu\u00e9 multicouche marin ou MDF hydrofuge<br \/>\n\u00c9paisseur de 15\u00a0mm<\/p>\n\t\t<\/div>\n\t\t\t\t<div class=\"icons-wrapper\">\n\t\t\t\t\t\t\t<div class=\"tooltip-data\" data-title=\"L\u2019installation est autoris\u00e9e partout\">\n\t\t\t\t\t<img loading=\"lazy\" decoding=\"async\" width=\"70\" height=\"70\" src=\"https:\/\/www.aliasblindate.com\/wp-content\/uploads\/2020\/10\/1-6.jpg\" class=\"attachment-full size-full\" alt=\"\" \/>\t\t\t\t\t<div class=\"tooltip-description\">L\u2019installation est autoris\u00e9e partout<\/div>\n\t\t\t\t<\/div>\n\t\t\t\t\t\t<\/div>\n\t<\/section>\n\n\n\t<section class=\"finishing-section\">\n\t\t\n\t\t\t\t\t<div class=\"carousel-title scw-title\">Mod\u00e8les\u00a0: Quelques exemples<\/div>\n\t\t\n\t\t\n\t\t\t\t\t<div class=\"finishing-carousel owl-carousel owl-theme\">\n\t\t\t\t\t\t\t\t\t<div class=\"carousel-slide\">\n\t\t\t\t\t\t\t\t\t\t\t\t<a class=\"dt-pswp-item\" href=\"https:\/\/www.aliasblindate.com\/wp-content\/uploads\/2020\/10\/1-3.jpg\" data-large_image_width=\"433\" data-large_image_height=\"1000\">\n\t\t\t\t\t\t\t<img loading=\"lazy\" decoding=\"async\" width=\"130\" height=\"300\" src=\"https:\/\/www.aliasblindate.com\/wp-content\/uploads\/2020\/10\/1-3-130x300.jpg\" data-src=\"https:\/\/www.aliasblindate.com\/wp-content\/uploads\/2020\/10\/1-3-130x300.jpg\" class=\"attachment-medium size-medium owl-lazy\" srcset=\"https:\/\/www.aliasblindate.com\/wp-content\/uploads\/2020\/10\/1-3-130x300.jpg 130w, https:\/\/www.aliasblindate.com\/wp-content\/uploads\/2020\/10\/1-3.jpg 433w\">\n\t\t\t\t\t\t\tSKIPPER MOD. A281\t\t\t\t\t\t<\/a>\n\t\t\t\t\t<\/div>\n\t\t\t\t\t\t\t\t\t<div class=\"carousel-slide\">\n\t\t\t\t\t\t\t\t\t\t\t\t<a class=\"dt-pswp-item\" href=\"https:\/\/www.aliasblindate.com\/wp-content\/uploads\/2020\/10\/2-3.jpg\" data-large_image_width=\"433\" data-large_image_height=\"1000\">\n\t\t\t\t\t\t\t<img loading=\"lazy\" decoding=\"async\" width=\"130\" height=\"300\" src=\"https:\/\/www.aliasblindate.com\/wp-content\/uploads\/2020\/10\/2-3-130x300.jpg\" data-src=\"https:\/\/www.aliasblindate.com\/wp-content\/uploads\/2020\/10\/2-3-130x300.jpg\" class=\"attachment-medium size-medium owl-lazy\" srcset=\"https:\/\/www.aliasblindate.com\/wp-content\/uploads\/2020\/10\/2-3-130x300.jpg 130w, https:\/\/www.aliasblindate.com\/wp-content\/uploads\/2020\/10\/2-3.jpg 433w\">\n\t\t\t\t\t\t\tSKIPPER MOD. A282\t\t\t\t\t\t<\/a>\n\t\t\t\t\t<\/div>\n\t\t\t\t\t\t\t\t\t<div class=\"carousel-slide\">\n\t\t\t\t\t\t\t\t\t\t\t\t<a class=\"dt-pswp-item\" href=\"https:\/\/www.aliasblindate.com\/wp-content\/uploads\/2020\/10\/3-3.jpg\" data-large_image_width=\"433\" data-large_image_height=\"1000\">\n\t\t\t\t\t\t\t<img loading=\"lazy\" decoding=\"async\" width=\"130\" height=\"300\" src=\"https:\/\/www.aliasblindate.com\/wp-content\/uploads\/2020\/10\/3-3-130x300.jpg\" data-src=\"https:\/\/www.aliasblindate.com\/wp-content\/uploads\/2020\/10\/3-3-130x300.jpg\" class=\"attachment-medium size-medium owl-lazy\" srcset=\"https:\/\/www.aliasblindate.com\/wp-content\/uploads\/2020\/10\/3-3-130x300.jpg 130w, https:\/\/www.aliasblindate.com\/wp-content\/uploads\/2020\/10\/3-3.jpg 433w\">\n\t\t\t\t\t\t\tSKIPPER MOD. A109\t\t\t\t\t\t<\/a>\n\t\t\t\t\t<\/div>\n\t\t\t\t\t\t\t\t\t<div class=\"carousel-slide\">\n\t\t\t\t\t\t\t\t\t\t\t\t<a class=\"dt-pswp-item\" href=\"https:\/\/www.aliasblindate.com\/wp-content\/uploads\/2020\/10\/4-3.jpg\" data-large_image_width=\"433\" data-large_image_height=\"1000\">\n\t\t\t\t\t\t\t<img loading=\"lazy\" decoding=\"async\" width=\"130\" height=\"300\" src=\"https:\/\/www.aliasblindate.com\/wp-content\/uploads\/2020\/10\/4-3-130x300.jpg\" data-src=\"https:\/\/www.aliasblindate.com\/wp-content\/uploads\/2020\/10\/4-3-130x300.jpg\" class=\"attachment-medium size-medium owl-lazy\" srcset=\"https:\/\/www.aliasblindate.com\/wp-content\/uploads\/2020\/10\/4-3-130x300.jpg 130w, https:\/\/www.aliasblindate.com\/wp-content\/uploads\/2020\/10\/4-3.jpg 433w\">\n\t\t\t\t\t\t\tSKIPPER MOD. A285\t\t\t\t\t\t<\/a>\n\t\t\t\t\t<\/div>\n\t\t\t\t\t\t\t<\/div>\n\t\t\t<\/section>\n\t\n\n\t<section class=\"features-reverse\">\n\t\t\t\t\t\t\t\t<div class=\"two-columns\">\n\t\t\t\t<div class=\"feature-text\">\n\t\t\t\t\t<div class=\"feature-title scw-title\">Configurations disponibles<\/div>\n\t\t\t\t\t<div class=\"feature-description\"><\/div>\n\t\t\t\t<\/div>\n\t\t\t\t<div class=\"feature-gallery\">\n\t\t\t\t\t\t<div class=\"gallery-carousel owl-carousel owl-theme\">\n\t\t\t\t\t<a class=\"dt-pswp-item\" href=\"https:\/\/www.aliasblindate.com\/wp-content\/uploads\/2020\/12\/Skipper_configurazioni.jpg\" data-large_image_width=\"1200\" data-large_image_height=\"730\">\n\t\t\t\t<img loading=\"lazy\" decoding=\"async\" width=\"650\" height=\"380\" src=\"https:\/\/www.aliasblindate.com\/wp-content\/uploads\/2020\/12\/Skipper_configurazioni-650x380.jpg\" data-src=\"https:\/\/www.aliasblindate.com\/wp-content\/uploads\/2020\/12\/Skipper_configurazioni-650x380.jpg\" class=\"owl-lazy\" srcset=\"https:\/\/www.aliasblindate.com\/wp-content\/uploads\/2020\/12\/Skipper_configurazioni-650x380.jpg 650w, https:\/\/www.aliasblindate.com\/wp-content\/uploads\/2020\/12\/Skipper_configurazioni-980x575.jpg 980w\">\n\t\t\t<\/a>\n\t\t\t\t<\/div>\n\t\t\t\t\t\t<p class=\"mobile-only gallery-advice\"><em>Clicca per ingrandire<\/em><\/p>\n\t\t\t\t<\/div>\n\t\t\t<\/div>\n\t\t\t<\/section>\n\t","protected":false},"excerpt":{"rendered":"","protected":false},"author":5,"featured_media":6441,"parent":16679,"menu_order":5,"comment_status":"closed","ping_status":"closed","template":"","meta":{"footnotes":""},"page-category":[89],"acf":[],"yoast_head":"<!-- This site is optimized with the Yoast SEO plugin v23.5 - https:\/\/yoast.com\/wordpress\/plugins\/seo\/ -->\n<title>COLLECTION SKIPPER | Alias Blindate<\/title>\n<meta name=\"description\" content=\"Collection Skipper\u00a0: panneaux multicouche r\u00e9alis\u00e9s \u00e0 l&#039;aide de contreplaqu\u00e9 marin ou de MDF hydrofuge d&#039;une \u00e9paisseur de 15\u00a0mm\" \/>\n<meta name=\"robots\" content=\"index, follow, max-snippet:-1, max-image-preview:large, max-video-preview:-1\" \/>\n<link rel=\"canonical\" href=\"https:\/\/www.aliasblindate.com\/fr\/portes-blindees\/panneaux-de-revetement\/exterieurs\/skipper\/\" \/>\n<meta property=\"og:locale\" content=\"fr_FR\" \/>\n<meta property=\"og:type\" content=\"article\" \/>\n<meta property=\"og:title\" content=\"COLLECTION SKIPPER | Alias Blindate\" \/>\n<meta property=\"og:description\" content=\"Collection Skipper\u00a0: panneaux multicouche r\u00e9alis\u00e9s \u00e0 l&#039;aide de contreplaqu\u00e9 marin ou de MDF hydrofuge d&#039;une \u00e9paisseur de 15\u00a0mm\" \/>\n<meta property=\"og:url\" content=\"https:\/\/www.aliasblindate.com\/fr\/portes-blindees\/panneaux-de-revetement\/exterieurs\/skipper\/\" \/>\n<meta property=\"og:site_name\" content=\"Alias Blindate\" \/>\n<meta property=\"article:publisher\" content=\"https:\/\/www.facebook.com\/aliasporteblindate\" \/>\n<meta property=\"article:modified_time\" content=\"2025-01-27T08:07:46+00:00\" \/>\n<meta property=\"og:image\" content=\"https:\/\/www.aliasblindate.com\/wp-content\/uploads\/2020\/11\/skipper_Collection.jpg\" \/>\n\t<meta property=\"og:image:width\" content=\"1700\" \/>\n\t<meta property=\"og:image:height\" content=\"608\" \/>\n\t<meta property=\"og:image:type\" content=\"image\/jpeg\" \/>\n<meta name=\"twitter:card\" content=\"summary_large_image\" \/>\n<meta name=\"twitter:label1\" content=\"Dur\u00e9e de lecture estim\u00e9e\" \/>\n\t<meta name=\"twitter:data1\" content=\"1 minute\" \/>\n<script type=\"application\/ld+json\" class=\"yoast-schema-graph\">{\"@context\":\"https:\/\/schema.org\",\"@graph\":[{\"@type\":\"WebPage\",\"@id\":\"https:\/\/www.aliasblindate.com\/fr\/portes-blindees\/panneaux-de-revetement\/exterieurs\/skipper\/\",\"url\":\"https:\/\/www.aliasblindate.com\/fr\/portes-blindees\/panneaux-de-revetement\/exterieurs\/skipper\/\",\"name\":\"COLLECTION SKIPPER | Alias Blindate\",\"isPartOf\":{\"@id\":\"https:\/\/www.aliasblindate.com\/fr\/#website\"},\"primaryImageOfPage\":{\"@id\":\"https:\/\/www.aliasblindate.com\/fr\/portes-blindees\/panneaux-de-revetement\/exterieurs\/skipper\/#primaryimage\"},\"image\":{\"@id\":\"https:\/\/www.aliasblindate.com\/fr\/portes-blindees\/panneaux-de-revetement\/exterieurs\/skipper\/#primaryimage\"},\"thumbnailUrl\":\"https:\/\/www.aliasblindate.com\/wp-content\/uploads\/2020\/11\/skipper_Collection.jpg\",\"datePublished\":\"2024-10-08T08:37:57+00:00\",\"dateModified\":\"2025-01-27T08:07:46+00:00\",\"description\":\"Collection Skipper\u00a0: panneaux multicouche r\u00e9alis\u00e9s \u00e0 l'aide de contreplaqu\u00e9 marin ou de MDF hydrofuge d'une \u00e9paisseur de 15\u00a0mm\",\"breadcrumb\":{\"@id\":\"https:\/\/www.aliasblindate.com\/fr\/portes-blindees\/panneaux-de-revetement\/exterieurs\/skipper\/#breadcrumb\"},\"inLanguage\":\"fr-FR\",\"potentialAction\":[{\"@type\":\"ReadAction\",\"target\":[\"https:\/\/www.aliasblindate.com\/fr\/portes-blindees\/panneaux-de-revetement\/exterieurs\/skipper\/\"]}]},{\"@type\":\"ImageObject\",\"inLanguage\":\"fr-FR\",\"@id\":\"https:\/\/www.aliasblindate.com\/fr\/portes-blindees\/panneaux-de-revetement\/exterieurs\/skipper\/#primaryimage\",\"url\":\"https:\/\/www.aliasblindate.com\/wp-content\/uploads\/2020\/11\/skipper_Collection.jpg\",\"contentUrl\":\"https:\/\/www.aliasblindate.com\/wp-content\/uploads\/2020\/11\/skipper_Collection.jpg\",\"width\":1700,\"height\":608},{\"@type\":\"BreadcrumbList\",\"@id\":\"https:\/\/www.aliasblindate.com\/fr\/portes-blindees\/panneaux-de-revetement\/exterieurs\/skipper\/#breadcrumb\",\"itemListElement\":[{\"@type\":\"ListItem\",\"position\":1,\"name\":\"Home\",\"item\":\"https:\/\/www.aliasblindate.com\/fr\/\"},{\"@type\":\"ListItem\",\"position\":2,\"name\":\"Panneaux ext\u00e9rieurs pour portes blind\u00e9es\",\"item\":\"https:\/\/www.aliasblindate.com\/fr\/exterieurs\/\"},{\"@type\":\"ListItem\",\"position\":3,\"name\":\"Collection SKIPPER\"}]},{\"@type\":\"WebSite\",\"@id\":\"https:\/\/www.aliasblindate.com\/fr\/#website\",\"url\":\"https:\/\/www.aliasblindate.com\/fr\/\",\"name\":\"Alias Blindate\",\"description\":\"\",\"publisher\":{\"@id\":\"https:\/\/www.aliasblindate.com\/fr\/#organization\"},\"potentialAction\":[{\"@type\":\"SearchAction\",\"target\":{\"@type\":\"EntryPoint\",\"urlTemplate\":\"https:\/\/www.aliasblindate.com\/fr\/?s={search_term_string}\"},\"query-input\":{\"@type\":\"PropertyValueSpecification\",\"valueRequired\":true,\"valueName\":\"search_term_string\"}}],\"inLanguage\":\"fr-FR\"},{\"@type\":\"Organization\",\"@id\":\"https:\/\/www.aliasblindate.com\/fr\/#organization\",\"name\":\"Alias Blindate\",\"url\":\"https:\/\/www.aliasblindate.com\/fr\/\",\"logo\":{\"@type\":\"ImageObject\",\"inLanguage\":\"fr-FR\",\"@id\":\"https:\/\/www.aliasblindate.com\/fr\/#\/schema\/logo\/image\/\",\"url\":\"https:\/\/www.aliasblindate.com\/wp-content\/uploads\/2019\/10\/logo@2x.png\",\"contentUrl\":\"https:\/\/www.aliasblindate.com\/wp-content\/uploads\/2019\/10\/logo@2x.png\",\"width\":498,\"height\":88,\"caption\":\"Alias Blindate\"},\"image\":{\"@id\":\"https:\/\/www.aliasblindate.com\/fr\/#\/schema\/logo\/image\/\"},\"sameAs\":[\"https:\/\/www.facebook.com\/aliasporteblindate\",\"https:\/\/www.instagram.com\/alias_porte_blindate\/\"]}]}<\/script>\n<!-- \/ Yoast SEO plugin. -->","yoast_head_json":{"title":"COLLECTION SKIPPER | Alias Blindate","description":"Collection Skipper\u00a0: panneaux multicouche r\u00e9alis\u00e9s \u00e0 l'aide de contreplaqu\u00e9 marin ou de MDF hydrofuge d'une \u00e9paisseur de 15\u00a0mm","robots":{"index":"index","follow":"follow","max-snippet":"max-snippet:-1","max-image-preview":"max-image-preview:large","max-video-preview":"max-video-preview:-1"},"canonical":"https:\/\/www.aliasblindate.com\/fr\/portes-blindees\/panneaux-de-revetement\/exterieurs\/skipper\/","og_locale":"fr_FR","og_type":"article","og_title":"COLLECTION SKIPPER | Alias Blindate","og_description":"Collection Skipper\u00a0: panneaux multicouche r\u00e9alis\u00e9s \u00e0 l'aide de contreplaqu\u00e9 marin ou de MDF hydrofuge d'une \u00e9paisseur de 15\u00a0mm","og_url":"https:\/\/www.aliasblindate.com\/fr\/portes-blindees\/panneaux-de-revetement\/exterieurs\/skipper\/","og_site_name":"Alias Blindate","article_publisher":"https:\/\/www.facebook.com\/aliasporteblindate","article_modified_time":"2025-01-27T08:07:46+00:00","og_image":[{"width":1700,"height":608,"url":"https:\/\/www.aliasblindate.com\/wp-content\/uploads\/2020\/11\/skipper_Collection.jpg","type":"image\/jpeg"}],"twitter_card":"summary_large_image","twitter_misc":{"Dur\u00e9e de lecture estim\u00e9e":"1 minute"},"schema":{"@context":"https:\/\/schema.org","@graph":[{"@type":"WebPage","@id":"https:\/\/www.aliasblindate.com\/fr\/portes-blindees\/panneaux-de-revetement\/exterieurs\/skipper\/","url":"https:\/\/www.aliasblindate.com\/fr\/portes-blindees\/panneaux-de-revetement\/exterieurs\/skipper\/","name":"COLLECTION SKIPPER | Alias Blindate","isPartOf":{"@id":"https:\/\/www.aliasblindate.com\/fr\/#website"},"primaryImageOfPage":{"@id":"https:\/\/www.aliasblindate.com\/fr\/portes-blindees\/panneaux-de-revetement\/exterieurs\/skipper\/#primaryimage"},"image":{"@id":"https:\/\/www.aliasblindate.com\/fr\/portes-blindees\/panneaux-de-revetement\/exterieurs\/skipper\/#primaryimage"},"thumbnailUrl":"https:\/\/www.aliasblindate.com\/wp-content\/uploads\/2020\/11\/skipper_Collection.jpg","datePublished":"2024-10-08T08:37:57+00:00","dateModified":"2025-01-27T08:07:46+00:00","description":"Collection Skipper\u00a0: panneaux multicouche r\u00e9alis\u00e9s \u00e0 l'aide de contreplaqu\u00e9 marin ou de MDF hydrofuge d'une \u00e9paisseur de 15\u00a0mm","breadcrumb":{"@id":"https:\/\/www.aliasblindate.com\/fr\/portes-blindees\/panneaux-de-revetement\/exterieurs\/skipper\/#breadcrumb"},"inLanguage":"fr-FR","potentialAction":[{"@type":"ReadAction","target":["https:\/\/www.aliasblindate.com\/fr\/portes-blindees\/panneaux-de-revetement\/exterieurs\/skipper\/"]}]},{"@type":"ImageObject","inLanguage":"fr-FR","@id":"https:\/\/www.aliasblindate.com\/fr\/portes-blindees\/panneaux-de-revetement\/exterieurs\/skipper\/#primaryimage","url":"https:\/\/www.aliasblindate.com\/wp-content\/uploads\/2020\/11\/skipper_Collection.jpg","contentUrl":"https:\/\/www.aliasblindate.com\/wp-content\/uploads\/2020\/11\/skipper_Collection.jpg","width":1700,"height":608},{"@type":"BreadcrumbList","@id":"https:\/\/www.aliasblindate.com\/fr\/portes-blindees\/panneaux-de-revetement\/exterieurs\/skipper\/#breadcrumb","itemListElement":[{"@type":"ListItem","position":1,"name":"Home","item":"https:\/\/www.aliasblindate.com\/fr\/"},{"@type":"ListItem","position":2,"name":"Panneaux ext\u00e9rieurs pour portes blind\u00e9es","item":"https:\/\/www.aliasblindate.com\/fr\/exterieurs\/"},{"@type":"ListItem","position":3,"name":"Collection SKIPPER"}]},{"@type":"WebSite","@id":"https:\/\/www.aliasblindate.com\/fr\/#website","url":"https:\/\/www.aliasblindate.com\/fr\/","name":"Alias Blindate","description":"","publisher":{"@id":"https:\/\/www.aliasblindate.com\/fr\/#organization"},"potentialAction":[{"@type":"SearchAction","target":{"@type":"EntryPoint","urlTemplate":"https:\/\/www.aliasblindate.com\/fr\/?s={search_term_string}"},"query-input":{"@type":"PropertyValueSpecification","valueRequired":true,"valueName":"search_term_string"}}],"inLanguage":"fr-FR"},{"@type":"Organization","@id":"https:\/\/www.aliasblindate.com\/fr\/#organization","name":"Alias Blindate","url":"https:\/\/www.aliasblindate.com\/fr\/","logo":{"@type":"ImageObject","inLanguage":"fr-FR","@id":"https:\/\/www.aliasblindate.com\/fr\/#\/schema\/logo\/image\/","url":"https:\/\/www.aliasblindate.com\/wp-content\/uploads\/2019\/10\/logo@2x.png","contentUrl":"https:\/\/www.aliasblindate.com\/wp-content\/uploads\/2019\/10\/logo@2x.png","width":498,"height":88,"caption":"Alias Blindate"},"image":{"@id":"https:\/\/www.aliasblindate.com\/fr\/#\/schema\/logo\/image\/"},"sameAs":["https:\/\/www.facebook.com\/aliasporteblindate","https:\/\/www.instagram.com\/alias_porte_blindate\/"]}]}},"_links":{"self":[{"href":"https:\/\/www.aliasblindate.com\/fr\/wp-json\/wp\/v2\/pages\/16820"}],"collection":[{"href":"https:\/\/www.aliasblindate.com\/fr\/wp-json\/wp\/v2\/pages"}],"about":[{"href":"https:\/\/www.aliasblindate.com\/fr\/wp-json\/wp\/v2\/types\/page"}],"author":[{"embeddable":true,"href":"https:\/\/www.aliasblindate.com\/fr\/wp-json\/wp\/v2\/users\/5"}],"replies":[{"embeddable":true,"href":"https:\/\/www.aliasblindate.com\/fr\/wp-json\/wp\/v2\/comments?post=16820"}],"version-history":[{"count":3,"href":"https:\/\/www.aliasblindate.com\/fr\/wp-json\/wp\/v2\/pages\/16820\/revisions"}],"predecessor-version":[{"id":17559,"href":"https:\/\/www.aliasblindate.com\/fr\/wp-json\/wp\/v2\/pages\/16820\/revisions\/17559"}],"up":[{"embeddable":true,"href":"https:\/\/www.aliasblindate.com\/fr\/wp-json\/wp\/v2\/pages\/16679"}],"wp:featuredmedia":[{"embeddable":true,"href":"https:\/\/www.aliasblindate.com\/fr\/wp-json\/wp\/v2\/media\/6441"}],"wp:attachment":[{"href":"https:\/\/www.aliasblindate.com\/fr\/wp-json\/wp\/v2\/media?parent=16820"}],"wp:term":[{"taxonomy":"page-category","embeddable":true,"href":"https:\/\/www.aliasblindate.com\/fr\/wp-json\/wp\/v2\/page-category?post=16820"}],"curies":[{"name":"wp","href":"https:\/\/api.w.org\/{rel}","templated":true}]}}