{"id":16779,"date":"2024-10-08T11:37:36","date_gmt":"2024-10-08T09:37:36","guid":{"rendered":"https:\/\/www.aliasblindate.com\/interni\/"},"modified":"2025-04-07T16:34:38","modified_gmt":"2025-04-07T14:34:38","slug":"interieurs","status":"publish","type":"page","link":"https:\/\/www.aliasblindate.com\/fr\/portes-blindees\/panneaux-de-revetement\/interieurs\/","title":{"rendered":"Panneaux int\u00e9rieurs pour portes blind\u00e9es"},"content":{"rendered":"<section class=\"scw-title-block title-wrapper has-thumb\">\n\t<div class=\"breadcrumbs\"><span><span><a href=\"https:\/\/www.aliasblindate.com\/fr\/\">Home<\/a><\/span><\/span><\/div>\t<div class=\"\">\n\t\t<div class=\"single-title\"><h1 class=\"scw-title\">Panneaux int\u00e9rieurs pour portes blind\u00e9es<\/div>\n\n\t\t\t<\/div>\n<\/section>\n\n\n<p>Vous vivez dans un espace classique ou moderne\u00a0? M\u00eame pour l&rsquo;int\u00e9rieur, vous pouvez couvrir votre porte Alias blind\u00e9e en choisissant parmi une large gamme de solutions capables de r\u00e9pondre au style de votre maison.<\/p>\n\n\n<div class=\"scw-block-pages-list\">\n\t<div class=\"scw-block-pages-list__title\">\n\t\t<span>PANNEAUX INT\u00c9RIEURS POUR PORTES BLIND\u00c9ES<\/span>\n\t<\/div>\n\t<div class=\"scw-block-pages-list__container\">\n\t\t\t\t\t<div class=\"scw-block-pages-list__wrapper\">\n\t\t\t\t\n\t\t\t\t\t<div class=\"scw-block-pages-list__item\">\n\t\t\t\t\t\t<a href=\"https:\/\/www.aliasblindate.com\/fr\/portes-blindees\/panneaux-de-revetement\/interieurs\/basic\/\" class=\"scw-btn scw-block-pages-list__button\">Collection BASIC<\/a>\n\t\t\t\t\t<\/div>\n\n\t\t\t\t\t\n\t\t\t\t\t<div class=\"scw-block-pages-list__item\">\n\t\t\t\t\t\t<a href=\"https:\/\/www.aliasblindate.com\/fr\/portes-blindees\/panneaux-de-revetement\/interieurs\/basic-line\/\" class=\"scw-btn scw-block-pages-list__button\">Collection BASIC LINE<\/a>\n\t\t\t\t\t<\/div>\n\n\t\t\t\t\t\n\t\t\t\t\t<div class=\"scw-block-pages-list__item\">\n\t\t\t\t\t\t<a href=\"https:\/\/www.aliasblindate.com\/fr\/portes-blindees\/panneaux-de-revetement\/interieurs\/tre-d\/\" class=\"scw-btn scw-block-pages-list__button\">Collection TRE.D<\/a>\n\t\t\t\t\t<\/div>\n\n\t\t\t\t\t\t\t\t<\/div>\n\t\t\t\t<\/div>\n<\/div>\n\n\n\n<p><\/p>\n","protected":false},"excerpt":{"rendered":"<p>Vous vivez dans un espace classique ou moderne\u00a0? M\u00eame pour l&rsquo;int\u00e9rieur, vous pouvez couvrir votre porte Alias blind\u00e9e en choisissant parmi une large gamme de solutions capables de r\u00e9pondre au style de votre maison.<\/p>\n","protected":false},"author":5,"featured_media":16780,"parent":16833,"menu_order":1,"comment_status":"closed","ping_status":"closed","template":"","meta":{"footnotes":""},"page-category":[88],"acf":[],"yoast_head":"<!-- This site is optimized with the Yoast SEO plugin v23.5 - https:\/\/yoast.com\/wordpress\/plugins\/seo\/ -->\n<title>Panneaux int\u00e9rieurs pour portes blind\u00e9es | Alias Blindate<\/title>\n<meta name=\"description\" content=\"D\u00e9couvrez les panneaux de rev\u00eatement int\u00e9rieurs d&#039;Alias et trouvez le bon rev\u00eatement pour votre porte blind\u00e9e, en parfaite harmonie avec votre style et votre personnalit\u00e9.\" \/>\n<meta name=\"robots\" content=\"index, follow, max-snippet:-1, max-image-preview:large, max-video-preview:-1\" \/>\n<link rel=\"canonical\" href=\"https:\/\/www.aliasblindate.com\/fr\/portes-blindees\/panneaux-de-revetement\/interieurs\/\" \/>\n<meta property=\"og:locale\" content=\"fr_FR\" \/>\n<meta property=\"og:type\" content=\"article\" \/>\n<meta property=\"og:title\" content=\"Panneaux int\u00e9rieurs pour portes blind\u00e9es | Alias Blindate\" \/>\n<meta property=\"og:description\" content=\"D\u00e9couvrez les panneaux de rev\u00eatement int\u00e9rieurs d&#039;Alias et trouvez le bon rev\u00eatement pour votre porte blind\u00e9e, en parfaite harmonie avec votre style et votre personnalit\u00e9.\" \/>\n<meta property=\"og:url\" content=\"https:\/\/www.aliasblindate.com\/fr\/portes-blindees\/panneaux-de-revetement\/interieurs\/\" \/>\n<meta property=\"og:site_name\" content=\"Alias Blindate\" \/>\n<meta property=\"article:publisher\" content=\"https:\/\/www.facebook.com\/aliasporteblindate\" \/>\n<meta property=\"article:modified_time\" content=\"2025-04-07T14:34:38+00:00\" \/>\n<meta property=\"og:image\" content=\"https:\/\/www.aliasblindate.com\/wp-content\/uploads\/2024\/10\/basic-head.jpg\" \/>\n\t<meta property=\"og:image:width\" content=\"1650\" \/>\n\t<meta property=\"og:image:height\" content=\"590\" \/>\n\t<meta property=\"og:image:type\" content=\"image\/jpeg\" \/>\n<meta name=\"twitter:card\" content=\"summary_large_image\" \/>\n<meta name=\"twitter:label1\" content=\"Dur\u00e9e de lecture estim\u00e9e\" \/>\n\t<meta name=\"twitter:data1\" content=\"1 minute\" \/>\n<script type=\"application\/ld+json\" class=\"yoast-schema-graph\">{\"@context\":\"https:\/\/schema.org\",\"@graph\":[{\"@type\":\"WebPage\",\"@id\":\"https:\/\/www.aliasblindate.com\/fr\/portes-blindees\/panneaux-de-revetement\/interieurs\/\",\"url\":\"https:\/\/www.aliasblindate.com\/fr\/portes-blindees\/panneaux-de-revetement\/interieurs\/\",\"name\":\"Panneaux int\u00e9rieurs pour portes blind\u00e9es | Alias Blindate\",\"isPartOf\":{\"@id\":\"https:\/\/www.aliasblindate.com\/fr\/#website\"},\"primaryImageOfPage\":{\"@id\":\"https:\/\/www.aliasblindate.com\/fr\/portes-blindees\/panneaux-de-revetement\/interieurs\/#primaryimage\"},\"image\":{\"@id\":\"https:\/\/www.aliasblindate.com\/fr\/portes-blindees\/panneaux-de-revetement\/interieurs\/#primaryimage\"},\"thumbnailUrl\":\"https:\/\/www.aliasblindate.com\/wp-content\/uploads\/2024\/10\/basic-head.jpg\",\"datePublished\":\"2024-10-08T09:37:36+00:00\",\"dateModified\":\"2025-04-07T14:34:38+00:00\",\"description\":\"D\u00e9couvrez les panneaux de rev\u00eatement int\u00e9rieurs d'Alias et trouvez le bon rev\u00eatement pour votre porte blind\u00e9e, en parfaite harmonie avec votre style et votre personnalit\u00e9.\",\"breadcrumb\":{\"@id\":\"https:\/\/www.aliasblindate.com\/fr\/portes-blindees\/panneaux-de-revetement\/interieurs\/#breadcrumb\"},\"inLanguage\":\"fr-FR\",\"potentialAction\":[{\"@type\":\"ReadAction\",\"target\":[\"https:\/\/www.aliasblindate.com\/fr\/portes-blindees\/panneaux-de-revetement\/interieurs\/\"]}]},{\"@type\":\"ImageObject\",\"inLanguage\":\"fr-FR\",\"@id\":\"https:\/\/www.aliasblindate.com\/fr\/portes-blindees\/panneaux-de-revetement\/interieurs\/#primaryimage\",\"url\":\"https:\/\/www.aliasblindate.com\/wp-content\/uploads\/2024\/10\/basic-head.jpg\",\"contentUrl\":\"https:\/\/www.aliasblindate.com\/wp-content\/uploads\/2024\/10\/basic-head.jpg\",\"width\":1650,\"height\":590},{\"@type\":\"BreadcrumbList\",\"@id\":\"https:\/\/www.aliasblindate.com\/fr\/portes-blindees\/panneaux-de-revetement\/interieurs\/#breadcrumb\",\"itemListElement\":[{\"@type\":\"ListItem\",\"position\":1,\"name\":\"Home\",\"item\":\"https:\/\/www.aliasblindate.com\/fr\/\"},{\"@type\":\"ListItem\",\"position\":2,\"name\":\"Portes blind\u00e9es\",\"item\":\"https:\/\/www.aliasblindate.com\/fr\/portes-blindees\/\"},{\"@type\":\"ListItem\",\"position\":3,\"name\":\"Panneaux de rev\u00eatement\",\"item\":\"https:\/\/www.aliasblindate.com\/fr\/portes-blindees\/panneaux-de-revetement\/\"},{\"@type\":\"ListItem\",\"position\":4,\"name\":\"Panneaux int\u00e9rieurs pour portes blind\u00e9es\"}]},{\"@type\":\"WebSite\",\"@id\":\"https:\/\/www.aliasblindate.com\/fr\/#website\",\"url\":\"https:\/\/www.aliasblindate.com\/fr\/\",\"name\":\"Alias Blindate\",\"description\":\"\",\"publisher\":{\"@id\":\"https:\/\/www.aliasblindate.com\/fr\/#organization\"},\"potentialAction\":[{\"@type\":\"SearchAction\",\"target\":{\"@type\":\"EntryPoint\",\"urlTemplate\":\"https:\/\/www.aliasblindate.com\/fr\/?s={search_term_string}\"},\"query-input\":{\"@type\":\"PropertyValueSpecification\",\"valueRequired\":true,\"valueName\":\"search_term_string\"}}],\"inLanguage\":\"fr-FR\"},{\"@type\":\"Organization\",\"@id\":\"https:\/\/www.aliasblindate.com\/fr\/#organization\",\"name\":\"Alias Blindate\",\"url\":\"https:\/\/www.aliasblindate.com\/fr\/\",\"logo\":{\"@type\":\"ImageObject\",\"inLanguage\":\"fr-FR\",\"@id\":\"https:\/\/www.aliasblindate.com\/fr\/#\/schema\/logo\/image\/\",\"url\":\"https:\/\/www.aliasblindate.com\/wp-content\/uploads\/2019\/10\/logo@2x.png\",\"contentUrl\":\"https:\/\/www.aliasblindate.com\/wp-content\/uploads\/2019\/10\/logo@2x.png\",\"width\":498,\"height\":88,\"caption\":\"Alias Blindate\"},\"image\":{\"@id\":\"https:\/\/www.aliasblindate.com\/fr\/#\/schema\/logo\/image\/\"},\"sameAs\":[\"https:\/\/www.facebook.com\/aliasporteblindate\",\"https:\/\/www.instagram.com\/alias_porte_blindate\/\"]}]}<\/script>\n<!-- \/ Yoast SEO plugin. -->","yoast_head_json":{"title":"Panneaux int\u00e9rieurs pour portes blind\u00e9es | Alias Blindate","description":"D\u00e9couvrez les panneaux de rev\u00eatement int\u00e9rieurs d'Alias et trouvez le bon rev\u00eatement pour votre porte blind\u00e9e, en parfaite harmonie avec votre style et votre personnalit\u00e9.","robots":{"index":"index","follow":"follow","max-snippet":"max-snippet:-1","max-image-preview":"max-image-preview:large","max-video-preview":"max-video-preview:-1"},"canonical":"https:\/\/www.aliasblindate.com\/fr\/portes-blindees\/panneaux-de-revetement\/interieurs\/","og_locale":"fr_FR","og_type":"article","og_title":"Panneaux int\u00e9rieurs pour portes blind\u00e9es | Alias Blindate","og_description":"D\u00e9couvrez les panneaux de rev\u00eatement int\u00e9rieurs d'Alias et trouvez le bon rev\u00eatement pour votre porte blind\u00e9e, en parfaite harmonie avec votre style et votre personnalit\u00e9.","og_url":"https:\/\/www.aliasblindate.com\/fr\/portes-blindees\/panneaux-de-revetement\/interieurs\/","og_site_name":"Alias Blindate","article_publisher":"https:\/\/www.facebook.com\/aliasporteblindate","article_modified_time":"2025-04-07T14:34:38+00:00","og_image":[{"width":1650,"height":590,"url":"https:\/\/www.aliasblindate.com\/wp-content\/uploads\/2024\/10\/basic-head.jpg","type":"image\/jpeg"}],"twitter_card":"summary_large_image","twitter_misc":{"Dur\u00e9e de lecture estim\u00e9e":"1 minute"},"schema":{"@context":"https:\/\/schema.org","@graph":[{"@type":"WebPage","@id":"https:\/\/www.aliasblindate.com\/fr\/portes-blindees\/panneaux-de-revetement\/interieurs\/","url":"https:\/\/www.aliasblindate.com\/fr\/portes-blindees\/panneaux-de-revetement\/interieurs\/","name":"Panneaux int\u00e9rieurs pour portes blind\u00e9es | Alias Blindate","isPartOf":{"@id":"https:\/\/www.aliasblindate.com\/fr\/#website"},"primaryImageOfPage":{"@id":"https:\/\/www.aliasblindate.com\/fr\/portes-blindees\/panneaux-de-revetement\/interieurs\/#primaryimage"},"image":{"@id":"https:\/\/www.aliasblindate.com\/fr\/portes-blindees\/panneaux-de-revetement\/interieurs\/#primaryimage"},"thumbnailUrl":"https:\/\/www.aliasblindate.com\/wp-content\/uploads\/2024\/10\/basic-head.jpg","datePublished":"2024-10-08T09:37:36+00:00","dateModified":"2025-04-07T14:34:38+00:00","description":"D\u00e9couvrez les panneaux de rev\u00eatement int\u00e9rieurs d'Alias et trouvez le bon rev\u00eatement pour votre porte blind\u00e9e, en parfaite harmonie avec votre style et votre personnalit\u00e9.","breadcrumb":{"@id":"https:\/\/www.aliasblindate.com\/fr\/portes-blindees\/panneaux-de-revetement\/interieurs\/#breadcrumb"},"inLanguage":"fr-FR","potentialAction":[{"@type":"ReadAction","target":["https:\/\/www.aliasblindate.com\/fr\/portes-blindees\/panneaux-de-revetement\/interieurs\/"]}]},{"@type":"ImageObject","inLanguage":"fr-FR","@id":"https:\/\/www.aliasblindate.com\/fr\/portes-blindees\/panneaux-de-revetement\/interieurs\/#primaryimage","url":"https:\/\/www.aliasblindate.com\/wp-content\/uploads\/2024\/10\/basic-head.jpg","contentUrl":"https:\/\/www.aliasblindate.com\/wp-content\/uploads\/2024\/10\/basic-head.jpg","width":1650,"height":590},{"@type":"BreadcrumbList","@id":"https:\/\/www.aliasblindate.com\/fr\/portes-blindees\/panneaux-de-revetement\/interieurs\/#breadcrumb","itemListElement":[{"@type":"ListItem","position":1,"name":"Home","item":"https:\/\/www.aliasblindate.com\/fr\/"},{"@type":"ListItem","position":2,"name":"Portes blind\u00e9es","item":"https:\/\/www.aliasblindate.com\/fr\/portes-blindees\/"},{"@type":"ListItem","position":3,"name":"Panneaux de rev\u00eatement","item":"https:\/\/www.aliasblindate.com\/fr\/portes-blindees\/panneaux-de-revetement\/"},{"@type":"ListItem","position":4,"name":"Panneaux int\u00e9rieurs pour portes blind\u00e9es"}]},{"@type":"WebSite","@id":"https:\/\/www.aliasblindate.com\/fr\/#website","url":"https:\/\/www.aliasblindate.com\/fr\/","name":"Alias Blindate","description":"","publisher":{"@id":"https:\/\/www.aliasblindate.com\/fr\/#organization"},"potentialAction":[{"@type":"SearchAction","target":{"@type":"EntryPoint","urlTemplate":"https:\/\/www.aliasblindate.com\/fr\/?s={search_term_string}"},"query-input":{"@type":"PropertyValueSpecification","valueRequired":true,"valueName":"search_term_string"}}],"inLanguage":"fr-FR"},{"@type":"Organization","@id":"https:\/\/www.aliasblindate.com\/fr\/#organization","name":"Alias Blindate","url":"https:\/\/www.aliasblindate.com\/fr\/","logo":{"@type":"ImageObject","inLanguage":"fr-FR","@id":"https:\/\/www.aliasblindate.com\/fr\/#\/schema\/logo\/image\/","url":"https:\/\/www.aliasblindate.com\/wp-content\/uploads\/2019\/10\/logo@2x.png","contentUrl":"https:\/\/www.aliasblindate.com\/wp-content\/uploads\/2019\/10\/logo@2x.png","width":498,"height":88,"caption":"Alias Blindate"},"image":{"@id":"https:\/\/www.aliasblindate.com\/fr\/#\/schema\/logo\/image\/"},"sameAs":["https:\/\/www.facebook.com\/aliasporteblindate","https:\/\/www.instagram.com\/alias_porte_blindate\/"]}]}},"_links":{"self":[{"href":"https:\/\/www.aliasblindate.com\/fr\/wp-json\/wp\/v2\/pages\/16779"}],"collection":[{"href":"https:\/\/www.aliasblindate.com\/fr\/wp-json\/wp\/v2\/pages"}],"about":[{"href":"https:\/\/www.aliasblindate.com\/fr\/wp-json\/wp\/v2\/types\/page"}],"author":[{"embeddable":true,"href":"https:\/\/www.aliasblindate.com\/fr\/wp-json\/wp\/v2\/users\/5"}],"replies":[{"embeddable":true,"href":"https:\/\/www.aliasblindate.com\/fr\/wp-json\/wp\/v2\/comments?post=16779"}],"version-history":[{"count":4,"href":"https:\/\/www.aliasblindate.com\/fr\/wp-json\/wp\/v2\/pages\/16779\/revisions"}],"predecessor-version":[{"id":17736,"href":"https:\/\/www.aliasblindate.com\/fr\/wp-json\/wp\/v2\/pages\/16779\/revisions\/17736"}],"up":[{"embeddable":true,"href":"https:\/\/www.aliasblindate.com\/fr\/wp-json\/wp\/v2\/pages\/16833"}],"wp:featuredmedia":[{"embeddable":true,"href":"https:\/\/www.aliasblindate.com\/fr\/wp-json\/wp\/v2\/media\/16780"}],"wp:attachment":[{"href":"https:\/\/www.aliasblindate.com\/fr\/wp-json\/wp\/v2\/media?parent=16779"}],"wp:term":[{"taxonomy":"page-category","embeddable":true,"href":"https:\/\/www.aliasblindate.com\/fr\/wp-json\/wp\/v2\/page-category?post=16779"}],"curies":[{"name":"wp","href":"https:\/\/api.w.org\/{rel}","templated":true}]}}