{"id":16685,"date":"2024-10-08T11:18:28","date_gmt":"2024-10-08T09:18:28","guid":{"rendered":"https:\/\/www.aliasblindate.com\/esterni\/glass\/"},"modified":"2025-01-24T15:48:49","modified_gmt":"2025-01-24T14:48:49","slug":"glass","status":"publish","type":"page","link":"https:\/\/www.aliasblindate.com\/fr\/portes-blindees\/panneaux-de-revetement\/exterieurs\/glass\/","title":{"rendered":"Collection GLASS"},"content":{"rendered":"<section class=\"scw-title-block title-wrapper has-thumb\">\n\t<div class=\"breadcrumbs\"><span><span><a href=\"https:\/\/www.aliasblindate.com\/fr\/\">Home<\/a><\/span><\/span><\/div>\t<div class=\"\">\n\t\t<div class=\"single-title\"><h1 class=\"scw-title\">Collection GLASS<\/div>\n\n\t\t\t<\/div>\n<\/section>\n\n\n<section id=\"start\" class=\"description-wrapper two-columns\">\n\t\t\t<div class=\"description\">\n\t\t\t<p>Verre, lumi\u00e8re, bien-\u00eatre, sant\u00e9, vie. Ils sont devenus presque synonymes. L\u2019architecture moderne privil\u00e9gie le verre et la lumi\u00e8re. Et de cette fa\u00e7on, l&rsquo;\u00e9l\u00e9ment fragile qu\u2019est le verre s&rsquo;est transform\u00e9 au cours des derni\u00e8res d\u00e9cennies en devenant un important \u00e9l\u00e9ment de protection contre les agressions et les effractions, mais aussi un \u00e9l\u00e9ment de protection contre le froid, la chaleur, le bruit.<\/p>\n<p>En r\u00e9sum\u00e9\u00a0: \u00e9l\u00e9ment de s\u00e9curit\u00e9 et de confort. Pour assurer une grande luminosit\u00e9 \u00e0 l&rsquo;espace sans sacrifier sa s\u00e9curit\u00e9, Alias propose un large \u00e9ventail de possibilit\u00e9s. Des solutions allant des diff\u00e9rents mod\u00e8les Skipper et Diamante en version vitr\u00e9e aux mod\u00e8les de portes vitr\u00e9es au design exclusif Alias.<\/p>\n\t\t<\/div>\n\t\t\t\t<div class=\"icons-wrapper\">\n\t\t\t\t\t\t\t<div class=\"tooltip-data\" data-title=\"L\u2019installation est autoris\u00e9e partout\">\n\t\t\t\t\t<img loading=\"lazy\" decoding=\"async\" width=\"70\" height=\"70\" src=\"https:\/\/www.aliasblindate.com\/wp-content\/uploads\/2020\/10\/1-6.jpg\" class=\"attachment-full size-full\" alt=\"\" \/>\t\t\t\t\t<div class=\"tooltip-description\">L\u2019installation est autoris\u00e9e partout<\/div>\n\t\t\t\t<\/div>\n\t\t\t\t\t\t<\/div>\n\t<\/section>\n\n\n\t<section class=\"scw-block-gallery-caption\">\n\t\t\t\t<div class=\"scw-block-gallery-caption__carousel owl-carousel owl-theme\">\n\t\t\t\t\t\t\t<div>\n\t\t\t\t\t\t\t\t\t\t\t<a class=\"dt-pswp-item scw-block-gallery-caption__link\" href=\"https:\/\/www.aliasblindate.com\/wp-content\/uploads\/2020\/10\/CACTUS.jpg\" data-large_image_width=\"1400\" data-large_image_height=\"1000\">\n\t\t\t\t\t\t\t<img loading=\"lazy\" decoding=\"async\" width=\"1200\" height=\"730\" src=\"https:\/\/www.aliasblindate.com\/wp-content\/uploads\/2020\/10\/CACTUS-1200x730.jpg\" data-src=\"https:\/\/www.aliasblindate.com\/wp-content\/uploads\/2020\/10\/CACTUS-1200x730.jpg\" class=\"owl-lazy\" srcset=\"\">\n\t\t\t\t\t\t<\/a>\n\t\t\t\t\t\t\t\t\t\t<div class=\"scw-block-gallery-caption__text-wrapper\">\n\t\t\t\t\t\t\t\t\t\t\t\t\t<div class=\"scw-block-gallery-caption__title\">CACTUS<\/div>\n\t\t\t\t\t\t\t\t\t\t\t\t\t\t\t\t\t\t\t<div class=\"scw-block-gallery-caption__text\">Panneau \u00ab\u00a0Cactus\u00a0\u00bb en ch\u00eane horizontal couleur miel avec verre satin\u00e9 blanc. Poign\u00e9e H4 \u00e0 rosace carr\u00e9e en chrome satin\u00e9 avec bouton pour dispositif de blocage coordonn\u00e9.<\/div>\n\t\t\t\t\t\t\t\t\t\t\t<\/div>\n\t\t\t\t<\/div>\n\t\t\t\t\t\t\t\t<div>\n\t\t\t\t\t\t\t\t\t\t\t<a class=\"dt-pswp-item scw-block-gallery-caption__link\" href=\"https:\/\/www.aliasblindate.com\/wp-content\/uploads\/2020\/10\/nine.jpg\" data-large_image_width=\"1200\" data-large_image_height=\"730\">\n\t\t\t\t\t\t\t<img loading=\"lazy\" decoding=\"async\" width=\"1200\" height=\"730\" src=\"https:\/\/www.aliasblindate.com\/wp-content\/uploads\/2020\/10\/nine.jpg\" data-src=\"https:\/\/www.aliasblindate.com\/wp-content\/uploads\/2020\/10\/nine.jpg\" class=\"owl-lazy\" srcset=\"https:\/\/www.aliasblindate.com\/wp-content\/uploads\/2020\/10\/nine.jpg 1200w, https:\/\/www.aliasblindate.com\/wp-content\/uploads\/2020\/10\/nine-300x183.jpg 300w, https:\/\/www.aliasblindate.com\/wp-content\/uploads\/2020\/10\/nine-768x467.jpg 768w, https:\/\/www.aliasblindate.com\/wp-content\/uploads\/2020\/10\/nine-1024x623.jpg 1024w\">\n\t\t\t\t\t\t<\/a>\n\t\t\t\t\t\t\t\t\t\t<div class=\"scw-block-gallery-caption__text-wrapper\">\n\t\t\t\t\t\t\t\t\t\t\t\t\t<div class=\"scw-block-gallery-caption__title\">NINE<\/div>\n\t\t\t\t\t\t\t\t\t\t\t\t\t\t\t\t\t\t\t<div class=\"scw-block-gallery-caption__text\">Panneau \u00ab\u00a0Nine\u00a0\u00bb en ch\u00eane horizontal couleur pierre avec verre satin\u00e9 blanc. Poign\u00e9e Fenix \u00e0 rosace carr\u00e9e en chrome satin\u00e9.<\/div>\n\t\t\t\t\t\t\t\t\t\t\t<\/div>\n\t\t\t\t<\/div>\n\t\t\t\t\t\t\t\t<div>\n\t\t\t\t\t\t\t\t\t\t\t<a class=\"dt-pswp-item scw-block-gallery-caption__link\" href=\"https:\/\/www.aliasblindate.com\/wp-content\/uploads\/2024\/10\/vela-ok.jpg\" data-large_image_width=\"1200\" data-large_image_height=\"730\">\n\t\t\t\t\t\t\t<img loading=\"lazy\" decoding=\"async\" width=\"1200\" height=\"730\" src=\"https:\/\/www.aliasblindate.com\/wp-content\/uploads\/2024\/10\/vela-ok.jpg\" data-src=\"https:\/\/www.aliasblindate.com\/wp-content\/uploads\/2024\/10\/vela-ok.jpg\" class=\"owl-lazy\" srcset=\"https:\/\/www.aliasblindate.com\/wp-content\/uploads\/2024\/10\/vela-ok.jpg 1200w, https:\/\/www.aliasblindate.com\/wp-content\/uploads\/2024\/10\/vela-ok-300x183.jpg 300w, https:\/\/www.aliasblindate.com\/wp-content\/uploads\/2024\/10\/vela-ok-1024x623.jpg 1024w, https:\/\/www.aliasblindate.com\/wp-content\/uploads\/2024\/10\/vela-ok-768x467.jpg 768w\">\n\t\t\t\t\t\t<\/a>\n\t\t\t\t\t\t\t\t\t\t<div class=\"scw-block-gallery-caption__text-wrapper\">\n\t\t\t\t\t\t\t\t\t\t\t\t\t<div class=\"scw-block-gallery-caption__title\">VELA<\/div>\n\t\t\t\t\t\t\t\t\t\t\t\t\t\t\t\t\t\t\t<div class=\"scw-block-gallery-caption__text\">Panneau VELA, laqu\u00e9 RAL 9010, verre blanc satin\u00e9 Poign\u00e9e FENIX finition chrome satin\u00e9<\/div>\n\t\t\t\t\t\t\t\t\t\t\t<\/div>\n\t\t\t\t<\/div>\n\t\t\t\t\t\t\t\t<div>\n\t\t\t\t\t\t\t\t\t\t\t<a class=\"dt-pswp-item scw-block-gallery-caption__link\" href=\"https:\/\/www.aliasblindate.com\/wp-content\/uploads\/2024\/10\/map.jpg\" data-large_image_width=\"1200\" data-large_image_height=\"730\">\n\t\t\t\t\t\t\t<img loading=\"lazy\" decoding=\"async\" width=\"1200\" height=\"730\" src=\"https:\/\/www.aliasblindate.com\/wp-content\/uploads\/2024\/10\/map.jpg\" data-src=\"https:\/\/www.aliasblindate.com\/wp-content\/uploads\/2024\/10\/map.jpg\" class=\"owl-lazy\" srcset=\"https:\/\/www.aliasblindate.com\/wp-content\/uploads\/2024\/10\/map.jpg 1200w, https:\/\/www.aliasblindate.com\/wp-content\/uploads\/2024\/10\/map-300x183.jpg 300w, https:\/\/www.aliasblindate.com\/wp-content\/uploads\/2024\/10\/map-1024x623.jpg 1024w, https:\/\/www.aliasblindate.com\/wp-content\/uploads\/2024\/10\/map-768x467.jpg 768w\">\n\t\t\t\t\t\t<\/a>\n\t\t\t\t\t\t\t\t\t\t<div class=\"scw-block-gallery-caption__text-wrapper\">\n\t\t\t\t\t\t\t\t\t\t\t\t\t<div class=\"scw-block-gallery-caption__title\">MAP<\/div>\n\t\t\t\t\t\t\t\t\t\t\t\t\t\t\t\t\t\t\t<div class=\"scw-block-gallery-caption__text\">Panneau Collection MAP, laqu\u00e9 RAL 9010, verre blanc satin\u00e9 Poign\u00e9e FENIX finition chrome satin\u00e9<\/div>\n\t\t\t\t\t\t\t\t\t\t\t<\/div>\n\t\t\t\t<\/div>\n\t\t\t\t\t\t<\/div>\n\t<\/section>\n\t","protected":false},"excerpt":{"rendered":"","protected":false},"author":5,"featured_media":6425,"parent":16679,"menu_order":9,"comment_status":"closed","ping_status":"closed","template":"","meta":{"footnotes":""},"page-category":[89],"acf":[],"yoast_head":"<!-- This site is optimized with the Yoast SEO plugin v23.5 - https:\/\/yoast.com\/wordpress\/plugins\/seo\/ -->\n<title>Portes vitr\u00e9es - Collection Glass | Alias Blindate<\/title>\n<meta name=\"description\" content=\"Mod\u00e8les de portes vitr\u00e9es au design exclusif Alias. Ils assurent une grande luminosit\u00e9 aux espaces, sans sacrifier la r\u00e9sistance et la capacit\u00e9.\" \/>\n<meta name=\"robots\" content=\"index, follow, max-snippet:-1, max-image-preview:large, max-video-preview:-1\" \/>\n<link rel=\"canonical\" href=\"https:\/\/www.aliasblindate.com\/fr\/portes-blindees\/panneaux-de-revetement\/exterieurs\/glass\/\" \/>\n<meta property=\"og:locale\" content=\"fr_FR\" \/>\n<meta property=\"og:type\" content=\"article\" \/>\n<meta property=\"og:title\" content=\"Portes vitr\u00e9es - Collection Glass | Alias Blindate\" \/>\n<meta property=\"og:description\" content=\"Mod\u00e8les de portes vitr\u00e9es au design exclusif Alias. Ils assurent une grande luminosit\u00e9 aux espaces, sans sacrifier la r\u00e9sistance et la capacit\u00e9.\" \/>\n<meta property=\"og:url\" content=\"https:\/\/www.aliasblindate.com\/fr\/portes-blindees\/panneaux-de-revetement\/exterieurs\/glass\/\" \/>\n<meta property=\"og:site_name\" content=\"Alias Blindate\" \/>\n<meta property=\"article:publisher\" content=\"https:\/\/www.facebook.com\/aliasporteblindate\" \/>\n<meta property=\"article:modified_time\" content=\"2025-01-24T14:48:49+00:00\" \/>\n<meta property=\"og:image\" content=\"https:\/\/www.aliasblindate.com\/wp-content\/uploads\/2020\/11\/sezione_porte_vetrate.jpg\" \/>\n\t<meta property=\"og:image:width\" content=\"1700\" \/>\n\t<meta property=\"og:image:height\" content=\"608\" \/>\n\t<meta property=\"og:image:type\" content=\"image\/jpeg\" \/>\n<meta name=\"twitter:card\" content=\"summary_large_image\" \/>\n<meta name=\"twitter:label1\" content=\"Dur\u00e9e de lecture estim\u00e9e\" \/>\n\t<meta name=\"twitter:data1\" content=\"1 minute\" \/>\n<script type=\"application\/ld+json\" class=\"yoast-schema-graph\">{\"@context\":\"https:\/\/schema.org\",\"@graph\":[{\"@type\":\"WebPage\",\"@id\":\"https:\/\/www.aliasblindate.com\/fr\/portes-blindees\/panneaux-de-revetement\/exterieurs\/glass\/\",\"url\":\"https:\/\/www.aliasblindate.com\/fr\/portes-blindees\/panneaux-de-revetement\/exterieurs\/glass\/\",\"name\":\"Portes vitr\u00e9es - Collection Glass | Alias Blindate\",\"isPartOf\":{\"@id\":\"https:\/\/www.aliasblindate.com\/fr\/#website\"},\"primaryImageOfPage\":{\"@id\":\"https:\/\/www.aliasblindate.com\/fr\/portes-blindees\/panneaux-de-revetement\/exterieurs\/glass\/#primaryimage\"},\"image\":{\"@id\":\"https:\/\/www.aliasblindate.com\/fr\/portes-blindees\/panneaux-de-revetement\/exterieurs\/glass\/#primaryimage\"},\"thumbnailUrl\":\"https:\/\/www.aliasblindate.com\/wp-content\/uploads\/2020\/11\/sezione_porte_vetrate.jpg\",\"datePublished\":\"2024-10-08T09:18:28+00:00\",\"dateModified\":\"2025-01-24T14:48:49+00:00\",\"description\":\"Mod\u00e8les de portes vitr\u00e9es au design exclusif Alias. Ils assurent une grande luminosit\u00e9 aux espaces, sans sacrifier la r\u00e9sistance et la capacit\u00e9.\",\"breadcrumb\":{\"@id\":\"https:\/\/www.aliasblindate.com\/fr\/portes-blindees\/panneaux-de-revetement\/exterieurs\/glass\/#breadcrumb\"},\"inLanguage\":\"fr-FR\",\"potentialAction\":[{\"@type\":\"ReadAction\",\"target\":[\"https:\/\/www.aliasblindate.com\/fr\/portes-blindees\/panneaux-de-revetement\/exterieurs\/glass\/\"]}]},{\"@type\":\"ImageObject\",\"inLanguage\":\"fr-FR\",\"@id\":\"https:\/\/www.aliasblindate.com\/fr\/portes-blindees\/panneaux-de-revetement\/exterieurs\/glass\/#primaryimage\",\"url\":\"https:\/\/www.aliasblindate.com\/wp-content\/uploads\/2020\/11\/sezione_porte_vetrate.jpg\",\"contentUrl\":\"https:\/\/www.aliasblindate.com\/wp-content\/uploads\/2020\/11\/sezione_porte_vetrate.jpg\",\"width\":1700,\"height\":608},{\"@type\":\"BreadcrumbList\",\"@id\":\"https:\/\/www.aliasblindate.com\/fr\/portes-blindees\/panneaux-de-revetement\/exterieurs\/glass\/#breadcrumb\",\"itemListElement\":[{\"@type\":\"ListItem\",\"position\":1,\"name\":\"Home\",\"item\":\"https:\/\/www.aliasblindate.com\/fr\/\"},{\"@type\":\"ListItem\",\"position\":2,\"name\":\"Panneaux ext\u00e9rieurs pour portes blind\u00e9es\",\"item\":\"https:\/\/www.aliasblindate.com\/fr\/exterieurs\/\"},{\"@type\":\"ListItem\",\"position\":3,\"name\":\"Collection GLASS\"}]},{\"@type\":\"WebSite\",\"@id\":\"https:\/\/www.aliasblindate.com\/fr\/#website\",\"url\":\"https:\/\/www.aliasblindate.com\/fr\/\",\"name\":\"Alias Blindate\",\"description\":\"\",\"publisher\":{\"@id\":\"https:\/\/www.aliasblindate.com\/fr\/#organization\"},\"potentialAction\":[{\"@type\":\"SearchAction\",\"target\":{\"@type\":\"EntryPoint\",\"urlTemplate\":\"https:\/\/www.aliasblindate.com\/fr\/?s={search_term_string}\"},\"query-input\":{\"@type\":\"PropertyValueSpecification\",\"valueRequired\":true,\"valueName\":\"search_term_string\"}}],\"inLanguage\":\"fr-FR\"},{\"@type\":\"Organization\",\"@id\":\"https:\/\/www.aliasblindate.com\/fr\/#organization\",\"name\":\"Alias Blindate\",\"url\":\"https:\/\/www.aliasblindate.com\/fr\/\",\"logo\":{\"@type\":\"ImageObject\",\"inLanguage\":\"fr-FR\",\"@id\":\"https:\/\/www.aliasblindate.com\/fr\/#\/schema\/logo\/image\/\",\"url\":\"https:\/\/www.aliasblindate.com\/wp-content\/uploads\/2019\/10\/logo@2x.png\",\"contentUrl\":\"https:\/\/www.aliasblindate.com\/wp-content\/uploads\/2019\/10\/logo@2x.png\",\"width\":498,\"height\":88,\"caption\":\"Alias Blindate\"},\"image\":{\"@id\":\"https:\/\/www.aliasblindate.com\/fr\/#\/schema\/logo\/image\/\"},\"sameAs\":[\"https:\/\/www.facebook.com\/aliasporteblindate\",\"https:\/\/www.instagram.com\/alias_porte_blindate\/\"]}]}<\/script>\n<!-- \/ Yoast SEO plugin. -->","yoast_head_json":{"title":"Portes vitr\u00e9es - Collection Glass | Alias Blindate","description":"Mod\u00e8les de portes vitr\u00e9es au design exclusif Alias. Ils assurent une grande luminosit\u00e9 aux espaces, sans sacrifier la r\u00e9sistance et la capacit\u00e9.","robots":{"index":"index","follow":"follow","max-snippet":"max-snippet:-1","max-image-preview":"max-image-preview:large","max-video-preview":"max-video-preview:-1"},"canonical":"https:\/\/www.aliasblindate.com\/fr\/portes-blindees\/panneaux-de-revetement\/exterieurs\/glass\/","og_locale":"fr_FR","og_type":"article","og_title":"Portes vitr\u00e9es - Collection Glass | Alias Blindate","og_description":"Mod\u00e8les de portes vitr\u00e9es au design exclusif Alias. Ils assurent une grande luminosit\u00e9 aux espaces, sans sacrifier la r\u00e9sistance et la capacit\u00e9.","og_url":"https:\/\/www.aliasblindate.com\/fr\/portes-blindees\/panneaux-de-revetement\/exterieurs\/glass\/","og_site_name":"Alias Blindate","article_publisher":"https:\/\/www.facebook.com\/aliasporteblindate","article_modified_time":"2025-01-24T14:48:49+00:00","og_image":[{"width":1700,"height":608,"url":"https:\/\/www.aliasblindate.com\/wp-content\/uploads\/2020\/11\/sezione_porte_vetrate.jpg","type":"image\/jpeg"}],"twitter_card":"summary_large_image","twitter_misc":{"Dur\u00e9e de lecture estim\u00e9e":"1 minute"},"schema":{"@context":"https:\/\/schema.org","@graph":[{"@type":"WebPage","@id":"https:\/\/www.aliasblindate.com\/fr\/portes-blindees\/panneaux-de-revetement\/exterieurs\/glass\/","url":"https:\/\/www.aliasblindate.com\/fr\/portes-blindees\/panneaux-de-revetement\/exterieurs\/glass\/","name":"Portes vitr\u00e9es - Collection Glass | Alias Blindate","isPartOf":{"@id":"https:\/\/www.aliasblindate.com\/fr\/#website"},"primaryImageOfPage":{"@id":"https:\/\/www.aliasblindate.com\/fr\/portes-blindees\/panneaux-de-revetement\/exterieurs\/glass\/#primaryimage"},"image":{"@id":"https:\/\/www.aliasblindate.com\/fr\/portes-blindees\/panneaux-de-revetement\/exterieurs\/glass\/#primaryimage"},"thumbnailUrl":"https:\/\/www.aliasblindate.com\/wp-content\/uploads\/2020\/11\/sezione_porte_vetrate.jpg","datePublished":"2024-10-08T09:18:28+00:00","dateModified":"2025-01-24T14:48:49+00:00","description":"Mod\u00e8les de portes vitr\u00e9es au design exclusif Alias. Ils assurent une grande luminosit\u00e9 aux espaces, sans sacrifier la r\u00e9sistance et la capacit\u00e9.","breadcrumb":{"@id":"https:\/\/www.aliasblindate.com\/fr\/portes-blindees\/panneaux-de-revetement\/exterieurs\/glass\/#breadcrumb"},"inLanguage":"fr-FR","potentialAction":[{"@type":"ReadAction","target":["https:\/\/www.aliasblindate.com\/fr\/portes-blindees\/panneaux-de-revetement\/exterieurs\/glass\/"]}]},{"@type":"ImageObject","inLanguage":"fr-FR","@id":"https:\/\/www.aliasblindate.com\/fr\/portes-blindees\/panneaux-de-revetement\/exterieurs\/glass\/#primaryimage","url":"https:\/\/www.aliasblindate.com\/wp-content\/uploads\/2020\/11\/sezione_porte_vetrate.jpg","contentUrl":"https:\/\/www.aliasblindate.com\/wp-content\/uploads\/2020\/11\/sezione_porte_vetrate.jpg","width":1700,"height":608},{"@type":"BreadcrumbList","@id":"https:\/\/www.aliasblindate.com\/fr\/portes-blindees\/panneaux-de-revetement\/exterieurs\/glass\/#breadcrumb","itemListElement":[{"@type":"ListItem","position":1,"name":"Home","item":"https:\/\/www.aliasblindate.com\/fr\/"},{"@type":"ListItem","position":2,"name":"Panneaux ext\u00e9rieurs pour portes blind\u00e9es","item":"https:\/\/www.aliasblindate.com\/fr\/exterieurs\/"},{"@type":"ListItem","position":3,"name":"Collection GLASS"}]},{"@type":"WebSite","@id":"https:\/\/www.aliasblindate.com\/fr\/#website","url":"https:\/\/www.aliasblindate.com\/fr\/","name":"Alias Blindate","description":"","publisher":{"@id":"https:\/\/www.aliasblindate.com\/fr\/#organization"},"potentialAction":[{"@type":"SearchAction","target":{"@type":"EntryPoint","urlTemplate":"https:\/\/www.aliasblindate.com\/fr\/?s={search_term_string}"},"query-input":{"@type":"PropertyValueSpecification","valueRequired":true,"valueName":"search_term_string"}}],"inLanguage":"fr-FR"},{"@type":"Organization","@id":"https:\/\/www.aliasblindate.com\/fr\/#organization","name":"Alias Blindate","url":"https:\/\/www.aliasblindate.com\/fr\/","logo":{"@type":"ImageObject","inLanguage":"fr-FR","@id":"https:\/\/www.aliasblindate.com\/fr\/#\/schema\/logo\/image\/","url":"https:\/\/www.aliasblindate.com\/wp-content\/uploads\/2019\/10\/logo@2x.png","contentUrl":"https:\/\/www.aliasblindate.com\/wp-content\/uploads\/2019\/10\/logo@2x.png","width":498,"height":88,"caption":"Alias Blindate"},"image":{"@id":"https:\/\/www.aliasblindate.com\/fr\/#\/schema\/logo\/image\/"},"sameAs":["https:\/\/www.facebook.com\/aliasporteblindate","https:\/\/www.instagram.com\/alias_porte_blindate\/"]}]}},"_links":{"self":[{"href":"https:\/\/www.aliasblindate.com\/fr\/wp-json\/wp\/v2\/pages\/16685"}],"collection":[{"href":"https:\/\/www.aliasblindate.com\/fr\/wp-json\/wp\/v2\/pages"}],"about":[{"href":"https:\/\/www.aliasblindate.com\/fr\/wp-json\/wp\/v2\/types\/page"}],"author":[{"embeddable":true,"href":"https:\/\/www.aliasblindate.com\/fr\/wp-json\/wp\/v2\/users\/5"}],"replies":[{"embeddable":true,"href":"https:\/\/www.aliasblindate.com\/fr\/wp-json\/wp\/v2\/comments?post=16685"}],"version-history":[{"count":5,"href":"https:\/\/www.aliasblindate.com\/fr\/wp-json\/wp\/v2\/pages\/16685\/revisions"}],"predecessor-version":[{"id":17699,"href":"https:\/\/www.aliasblindate.com\/fr\/wp-json\/wp\/v2\/pages\/16685\/revisions\/17699"}],"up":[{"embeddable":true,"href":"https:\/\/www.aliasblindate.com\/fr\/wp-json\/wp\/v2\/pages\/16679"}],"wp:featuredmedia":[{"embeddable":true,"href":"https:\/\/www.aliasblindate.com\/fr\/wp-json\/wp\/v2\/media\/6425"}],"wp:attachment":[{"href":"https:\/\/www.aliasblindate.com\/fr\/wp-json\/wp\/v2\/media?parent=16685"}],"wp:term":[{"taxonomy":"page-category","embeddable":true,"href":"https:\/\/www.aliasblindate.com\/fr\/wp-json\/wp\/v2\/page-category?post=16685"}],"curies":[{"name":"wp","href":"https:\/\/api.w.org\/{rel}","templated":true}]}}