{"id":16526,"date":"2024-10-08T10:34:41","date_gmt":"2024-10-08T08:34:41","guid":{"rendered":"https:\/\/www.aliasblindate.com\/diamante\/"},"modified":"2025-01-24T15:23:28","modified_gmt":"2025-01-24T14:23:28","slug":"diamante","status":"publish","type":"page","link":"https:\/\/www.aliasblindate.com\/fr\/portes-blindees\/panneaux-de-revetement\/exterieurs\/diamante\/","title":{"rendered":"Collection DIAMANTE"},"content":{"rendered":"<section class=\"scw-title-block title-wrapper has-thumb\">\n\t<div class=\"breadcrumbs\"><span><span><a href=\"https:\/\/www.aliasblindate.com\/fr\/\">Home<\/a><\/span><\/span><\/div>\t<div class=\"\">\n\t\t<div class=\"single-title\"><h1 class=\"scw-title\">Collection DIAMANTE<\/div>\n\n\t\t\t<\/div>\n<\/section>\n\n\n<section id=\"start\" class=\"description-wrapper two-columns\">\n\t\t\t<div class=\"description\">\n\t\t\t<p>Panneau en bois pantographi\u00e9 \u00e0 fibres parall\u00e8les \u00e0 90\u00b0 \u00e0 double couche noble<br \/>\n\u00c9paisseur de 15\u00a0mm<\/p>\n\t\t<\/div>\n\t\t\t\t<div class=\"icons-wrapper\">\n\t\t\t\t\t\t\t<div class=\"tooltip-data\" data-title=\"L\u2019installation est autoris\u00e9e partout\">\n\t\t\t\t\t<img loading=\"lazy\" decoding=\"async\" width=\"70\" height=\"70\" src=\"https:\/\/www.aliasblindate.com\/wp-content\/uploads\/2020\/10\/1-6.jpg\" class=\"attachment-full size-full\" alt=\"\" \/>\t\t\t\t\t<div class=\"tooltip-description\">L\u2019installation est autoris\u00e9e partout<\/div>\n\t\t\t\t<\/div>\n\t\t\t\t\t\t<\/div>\n\t<\/section>\n\n\n\t<section class=\"finishing-section\">\n\t\t\n\t\t\t\t\t<div class=\"carousel-title scw-title\">Mod\u00e8les<\/div>\n\t\t\n\t\t\t\t\t<div class=\"carousel-description\"><p style=\"font-size: 14px;\">Tous les mod\u00e8les de cette collection peuvent \u00eatre produits aussi bien en taille standard qu&rsquo;en taille hors gabarit et assortis \u00e0 leur battant secondaire dans le cas des mod\u00e8les DUO et DOUBLE.<\/p>\n<p style=\"font-size: 14px;\">*Les fraisages des mod\u00e8les A111, en fonction de la hauteur des portes, peuvent \u00eatre interrompus au niveau des trous de la poign\u00e9e.<\/p>\n<\/div>\n\t\t\n\t\t\t\t\t<div class=\"finishing-carousel owl-carousel owl-theme\">\n\t\t\t\t\t\t\t\t\t<div class=\"carousel-slide\">\n\t\t\t\t\t\t\t\t\t\t\t\t<a class=\"dt-pswp-item\" href=\"https:\/\/www.aliasblindate.com\/wp-content\/uploads\/2020\/10\/diamante-7.jpg\" data-large_image_width=\"633\" data-large_image_height=\"1000\">\n\t\t\t\t\t\t\t<img loading=\"lazy\" decoding=\"async\" width=\"190\" height=\"300\" src=\"https:\/\/www.aliasblindate.com\/wp-content\/uploads\/2020\/10\/diamante-7-190x300.jpg\" data-src=\"https:\/\/www.aliasblindate.com\/wp-content\/uploads\/2020\/10\/diamante-7-190x300.jpg\" class=\"attachment-medium size-medium owl-lazy\" srcset=\"https:\/\/www.aliasblindate.com\/wp-content\/uploads\/2020\/10\/diamante-7-190x300.jpg 190w, https:\/\/www.aliasblindate.com\/wp-content\/uploads\/2020\/10\/diamante-7.jpg 633w\">\n\t\t\t\t\t\t\tDIAMANTE MOD. A125\t\t\t\t\t\t<\/a>\n\t\t\t\t\t<\/div>\n\t\t\t\t\t\t\t\t\t<div class=\"carousel-slide\">\n\t\t\t\t\t\t\t\t\t\t\t\t<a class=\"dt-pswp-item\" href=\"https:\/\/www.aliasblindate.com\/wp-content\/uploads\/2020\/10\/diamante-6.jpg\" data-large_image_width=\"633\" data-large_image_height=\"1000\">\n\t\t\t\t\t\t\t<img loading=\"lazy\" decoding=\"async\" width=\"190\" height=\"300\" src=\"https:\/\/www.aliasblindate.com\/wp-content\/uploads\/2020\/10\/diamante-6-190x300.jpg\" data-src=\"https:\/\/www.aliasblindate.com\/wp-content\/uploads\/2020\/10\/diamante-6-190x300.jpg\" class=\"attachment-medium size-medium owl-lazy\" srcset=\"https:\/\/www.aliasblindate.com\/wp-content\/uploads\/2020\/10\/diamante-6-190x300.jpg 190w, https:\/\/www.aliasblindate.com\/wp-content\/uploads\/2020\/10\/diamante-6.jpg 633w\">\n\t\t\t\t\t\t\tDIAMANTE MOD. A123\t\t\t\t\t\t<\/a>\n\t\t\t\t\t<\/div>\n\t\t\t\t\t\t\t\t\t<div class=\"carousel-slide\">\n\t\t\t\t\t\t\t\t\t\t\t\t<a class=\"dt-pswp-item\" href=\"https:\/\/www.aliasblindate.com\/wp-content\/uploads\/2020\/10\/diamante-8.jpg\" data-large_image_width=\"633\" data-large_image_height=\"1000\">\n\t\t\t\t\t\t\t<img loading=\"lazy\" decoding=\"async\" width=\"190\" height=\"300\" src=\"https:\/\/www.aliasblindate.com\/wp-content\/uploads\/2020\/10\/diamante-8-190x300.jpg\" data-src=\"https:\/\/www.aliasblindate.com\/wp-content\/uploads\/2020\/10\/diamante-8-190x300.jpg\" class=\"attachment-medium size-medium owl-lazy\" srcset=\"https:\/\/www.aliasblindate.com\/wp-content\/uploads\/2020\/10\/diamante-8-190x300.jpg 190w, https:\/\/www.aliasblindate.com\/wp-content\/uploads\/2020\/10\/diamante-8.jpg 633w\">\n\t\t\t\t\t\t\tDIAMANTE MOD. A127\t\t\t\t\t\t<\/a>\n\t\t\t\t\t<\/div>\n\t\t\t\t\t\t\t\t\t<div class=\"carousel-slide\">\n\t\t\t\t\t\t\t\t\t\t\t\t<a class=\"dt-pswp-item\" href=\"https:\/\/www.aliasblindate.com\/wp-content\/uploads\/2020\/10\/diamante-9.jpg\" data-large_image_width=\"633\" data-large_image_height=\"1000\">\n\t\t\t\t\t\t\t<img loading=\"lazy\" decoding=\"async\" width=\"190\" height=\"300\" src=\"https:\/\/www.aliasblindate.com\/wp-content\/uploads\/2020\/10\/diamante-9-190x300.jpg\" data-src=\"https:\/\/www.aliasblindate.com\/wp-content\/uploads\/2020\/10\/diamante-9-190x300.jpg\" class=\"attachment-medium size-medium owl-lazy\" srcset=\"https:\/\/www.aliasblindate.com\/wp-content\/uploads\/2020\/10\/diamante-9-190x300.jpg 190w, https:\/\/www.aliasblindate.com\/wp-content\/uploads\/2020\/10\/diamante-9.jpg 633w\">\n\t\t\t\t\t\t\tDIAMANTE MOD. A105\t\t\t\t\t\t<\/a>\n\t\t\t\t\t<\/div>\n\t\t\t\t\t\t\t\t\t<div class=\"carousel-slide\">\n\t\t\t\t\t\t\t\t\t\t\t\t<a class=\"dt-pswp-item\" href=\"https:\/\/www.aliasblindate.com\/wp-content\/uploads\/2020\/10\/diamante-10.jpg\" data-large_image_width=\"633\" data-large_image_height=\"1000\">\n\t\t\t\t\t\t\t<img loading=\"lazy\" decoding=\"async\" width=\"190\" height=\"300\" src=\"https:\/\/www.aliasblindate.com\/wp-content\/uploads\/2020\/10\/diamante-10-190x300.jpg\" data-src=\"https:\/\/www.aliasblindate.com\/wp-content\/uploads\/2020\/10\/diamante-10-190x300.jpg\" class=\"attachment-medium size-medium owl-lazy\" srcset=\"https:\/\/www.aliasblindate.com\/wp-content\/uploads\/2020\/10\/diamante-10-190x300.jpg 190w, https:\/\/www.aliasblindate.com\/wp-content\/uploads\/2020\/10\/diamante-10.jpg 633w\">\n\t\t\t\t\t\t\tDIAMANTE MOD. A111*\t\t\t\t\t\t<\/a>\n\t\t\t\t\t<\/div>\n\t\t\t\t\t\t\t\t\t<div class=\"carousel-slide\">\n\t\t\t\t\t\t\t\t\t\t\t\t<a class=\"dt-pswp-item\" href=\"https:\/\/www.aliasblindate.com\/wp-content\/uploads\/2020\/10\/diamante-11.jpg\" data-large_image_width=\"633\" data-large_image_height=\"1000\">\n\t\t\t\t\t\t\t<img loading=\"lazy\" decoding=\"async\" width=\"190\" height=\"300\" src=\"https:\/\/www.aliasblindate.com\/wp-content\/uploads\/2020\/10\/diamante-11-190x300.jpg\" data-src=\"https:\/\/www.aliasblindate.com\/wp-content\/uploads\/2020\/10\/diamante-11-190x300.jpg\" class=\"attachment-medium size-medium owl-lazy\" srcset=\"https:\/\/www.aliasblindate.com\/wp-content\/uploads\/2020\/10\/diamante-11-190x300.jpg 190w, https:\/\/www.aliasblindate.com\/wp-content\/uploads\/2020\/10\/diamante-11.jpg 633w\">\n\t\t\t\t\t\t\tDIAMANTE MOD. A112\t\t\t\t\t\t<\/a>\n\t\t\t\t\t<\/div>\n\t\t\t\t\t\t\t\t\t<div class=\"carousel-slide\">\n\t\t\t\t\t\t\t\t\t\t\t\t<a class=\"dt-pswp-item\" href=\"https:\/\/www.aliasblindate.com\/wp-content\/uploads\/2020\/10\/diamante-12.jpg\" data-large_image_width=\"633\" data-large_image_height=\"1000\">\n\t\t\t\t\t\t\t<img loading=\"lazy\" decoding=\"async\" width=\"190\" height=\"300\" src=\"https:\/\/www.aliasblindate.com\/wp-content\/uploads\/2020\/10\/diamante-12-190x300.jpg\" data-src=\"https:\/\/www.aliasblindate.com\/wp-content\/uploads\/2020\/10\/diamante-12-190x300.jpg\" class=\"attachment-medium size-medium owl-lazy\" srcset=\"https:\/\/www.aliasblindate.com\/wp-content\/uploads\/2020\/10\/diamante-12-190x300.jpg 190w, https:\/\/www.aliasblindate.com\/wp-content\/uploads\/2020\/10\/diamante-12.jpg 633w\">\n\t\t\t\t\t\t\tDIAMANTE MOD. A1O7\t\t\t\t\t\t<\/a>\n\t\t\t\t\t<\/div>\n\t\t\t\t\t\t\t\t\t<div class=\"carousel-slide\">\n\t\t\t\t\t\t\t\t\t\t\t\t<a class=\"dt-pswp-item\" href=\"https:\/\/www.aliasblindate.com\/wp-content\/uploads\/2020\/10\/diamante-13.jpg\" data-large_image_width=\"633\" data-large_image_height=\"1000\">\n\t\t\t\t\t\t\t<img loading=\"lazy\" decoding=\"async\" width=\"190\" height=\"300\" src=\"https:\/\/www.aliasblindate.com\/wp-content\/uploads\/2020\/10\/diamante-13-190x300.jpg\" data-src=\"https:\/\/www.aliasblindate.com\/wp-content\/uploads\/2020\/10\/diamante-13-190x300.jpg\" class=\"attachment-medium size-medium owl-lazy\" srcset=\"https:\/\/www.aliasblindate.com\/wp-content\/uploads\/2020\/10\/diamante-13-190x300.jpg 190w, https:\/\/www.aliasblindate.com\/wp-content\/uploads\/2020\/10\/diamante-13.jpg 633w\">\n\t\t\t\t\t\t\tDIAMANTE MOD. A119\t\t\t\t\t\t<\/a>\n\t\t\t\t\t<\/div>\n\t\t\t\t\t\t\t\t\t<div class=\"carousel-slide\">\n\t\t\t\t\t\t\t\t\t\t\t\t<a class=\"dt-pswp-item\" href=\"https:\/\/www.aliasblindate.com\/wp-content\/uploads\/2020\/10\/diamante-14.jpg\" data-large_image_width=\"633\" data-large_image_height=\"1000\">\n\t\t\t\t\t\t\t<img loading=\"lazy\" decoding=\"async\" width=\"190\" height=\"300\" src=\"https:\/\/www.aliasblindate.com\/wp-content\/uploads\/2020\/10\/diamante-14-190x300.jpg\" data-src=\"https:\/\/www.aliasblindate.com\/wp-content\/uploads\/2020\/10\/diamante-14-190x300.jpg\" class=\"attachment-medium size-medium owl-lazy\" srcset=\"https:\/\/www.aliasblindate.com\/wp-content\/uploads\/2020\/10\/diamante-14-190x300.jpg 190w, https:\/\/www.aliasblindate.com\/wp-content\/uploads\/2020\/10\/diamante-14.jpg 633w\">\n\t\t\t\t\t\t\tDIAMANTE MOD. A121\t\t\t\t\t\t<\/a>\n\t\t\t\t\t<\/div>\n\t\t\t\t\t\t\t\t\t<div class=\"carousel-slide\">\n\t\t\t\t\t\t\t\t\t\t\t\t<a class=\"dt-pswp-item\" href=\"https:\/\/www.aliasblindate.com\/wp-content\/uploads\/2020\/10\/diamante-1.jpg\" data-large_image_width=\"633\" data-large_image_height=\"1000\">\n\t\t\t\t\t\t\t<img loading=\"lazy\" decoding=\"async\" width=\"190\" height=\"300\" src=\"https:\/\/www.aliasblindate.com\/wp-content\/uploads\/2020\/10\/diamante-1-190x300.jpg\" data-src=\"https:\/\/www.aliasblindate.com\/wp-content\/uploads\/2020\/10\/diamante-1-190x300.jpg\" class=\"attachment-medium size-medium owl-lazy\" srcset=\"https:\/\/www.aliasblindate.com\/wp-content\/uploads\/2020\/10\/diamante-1-190x300.jpg 190w, https:\/\/www.aliasblindate.com\/wp-content\/uploads\/2020\/10\/diamante-1.jpg 633w\">\n\t\t\t\t\t\t\tDIAMANTE MOD. A105\t\t\t\t\t\t<\/a>\n\t\t\t\t\t<\/div>\n\t\t\t\t\t\t\t\t\t<div class=\"carousel-slide\">\n\t\t\t\t\t\t\t\t\t\t\t\t<a class=\"dt-pswp-item\" href=\"https:\/\/www.aliasblindate.com\/wp-content\/uploads\/2020\/10\/diamante-2.jpg\" data-large_image_width=\"633\" data-large_image_height=\"1000\">\n\t\t\t\t\t\t\t<img loading=\"lazy\" decoding=\"async\" width=\"190\" height=\"300\" src=\"https:\/\/www.aliasblindate.com\/wp-content\/uploads\/2020\/10\/diamante-2-190x300.jpg\" data-src=\"https:\/\/www.aliasblindate.com\/wp-content\/uploads\/2020\/10\/diamante-2-190x300.jpg\" class=\"attachment-medium size-medium owl-lazy\" srcset=\"https:\/\/www.aliasblindate.com\/wp-content\/uploads\/2020\/10\/diamante-2-190x300.jpg 190w, https:\/\/www.aliasblindate.com\/wp-content\/uploads\/2020\/10\/diamante-2.jpg 633w\">\n\t\t\t\t\t\t\tDIAMANTE MOD. A106\t\t\t\t\t\t<\/a>\n\t\t\t\t\t<\/div>\n\t\t\t\t\t\t\t\t\t<div class=\"carousel-slide\">\n\t\t\t\t\t\t\t\t\t\t\t\t<a class=\"dt-pswp-item\" href=\"https:\/\/www.aliasblindate.com\/wp-content\/uploads\/2020\/10\/diamante-3.jpg\" data-large_image_width=\"633\" data-large_image_height=\"1000\">\n\t\t\t\t\t\t\t<img loading=\"lazy\" decoding=\"async\" width=\"190\" height=\"300\" src=\"https:\/\/www.aliasblindate.com\/wp-content\/uploads\/2020\/10\/diamante-3-190x300.jpg\" data-src=\"https:\/\/www.aliasblindate.com\/wp-content\/uploads\/2020\/10\/diamante-3-190x300.jpg\" class=\"attachment-medium size-medium owl-lazy\" srcset=\"https:\/\/www.aliasblindate.com\/wp-content\/uploads\/2020\/10\/diamante-3-190x300.jpg 190w, https:\/\/www.aliasblindate.com\/wp-content\/uploads\/2020\/10\/diamante-3.jpg 633w\">\n\t\t\t\t\t\t\tDIAMANTE MOD. A115\t\t\t\t\t\t<\/a>\n\t\t\t\t\t<\/div>\n\t\t\t\t\t\t\t\t\t<div class=\"carousel-slide\">\n\t\t\t\t\t\t\t\t\t\t\t\t<a class=\"dt-pswp-item\" href=\"https:\/\/www.aliasblindate.com\/wp-content\/uploads\/2020\/10\/diamante-4.jpg\" data-large_image_width=\"633\" data-large_image_height=\"1000\">\n\t\t\t\t\t\t\t<img loading=\"lazy\" decoding=\"async\" width=\"190\" height=\"300\" src=\"https:\/\/www.aliasblindate.com\/wp-content\/uploads\/2020\/10\/diamante-4-190x300.jpg\" data-src=\"https:\/\/www.aliasblindate.com\/wp-content\/uploads\/2020\/10\/diamante-4-190x300.jpg\" class=\"attachment-medium size-medium owl-lazy\" srcset=\"https:\/\/www.aliasblindate.com\/wp-content\/uploads\/2020\/10\/diamante-4-190x300.jpg 190w, https:\/\/www.aliasblindate.com\/wp-content\/uploads\/2020\/10\/diamante-4.jpg 633w\">\n\t\t\t\t\t\t\tDIAMANTE MOD. A113\t\t\t\t\t\t<\/a>\n\t\t\t\t\t<\/div>\n\t\t\t\t\t\t\t\t\t<div class=\"carousel-slide\">\n\t\t\t\t\t\t\t\t\t\t\t\t<a class=\"dt-pswp-item\" href=\"https:\/\/www.aliasblindate.com\/wp-content\/uploads\/2020\/10\/diamante-5.jpg\" data-large_image_width=\"633\" data-large_image_height=\"1000\">\n\t\t\t\t\t\t\t<img loading=\"lazy\" decoding=\"async\" width=\"190\" height=\"300\" src=\"https:\/\/www.aliasblindate.com\/wp-content\/uploads\/2020\/10\/diamante-5-190x300.jpg\" data-src=\"https:\/\/www.aliasblindate.com\/wp-content\/uploads\/2020\/10\/diamante-5-190x300.jpg\" class=\"attachment-medium size-medium owl-lazy\" srcset=\"https:\/\/www.aliasblindate.com\/wp-content\/uploads\/2020\/10\/diamante-5-190x300.jpg 190w, https:\/\/www.aliasblindate.com\/wp-content\/uploads\/2020\/10\/diamante-5.jpg 633w\">\n\t\t\t\t\t\t\tDIAMANTE MOD. A117\t\t\t\t\t\t<\/a>\n\t\t\t\t\t<\/div>\n\t\t\t\t\t\t\t<\/div>\n\t\t\t<\/section>\n\t\n\n\n<p><\/p>\n","protected":false},"excerpt":{"rendered":"","protected":false},"author":5,"featured_media":16527,"parent":16679,"menu_order":3,"comment_status":"closed","ping_status":"closed","template":"","meta":{"footnotes":""},"page-category":[89],"acf":[],"yoast_head":"<!-- This site is optimized with the Yoast SEO plugin v23.5 - https:\/\/yoast.com\/wordpress\/plugins\/seo\/ -->\n<title>DIAMANTE COLLECTION | Alias Blindate<\/title>\n<meta name=\"description\" content=\"Diamante Collection: pannello in legno pantografato a fibre parallele a 90\u00b0 a doppio strato nobile con uno spessore di 15 mm.\" \/>\n<meta name=\"robots\" content=\"index, follow, max-snippet:-1, max-image-preview:large, max-video-preview:-1\" \/>\n<link rel=\"canonical\" href=\"https:\/\/www.aliasblindate.com\/fr\/portes-blindees\/panneaux-de-revetement\/exterieurs\/diamante\/\" \/>\n<meta property=\"og:locale\" content=\"fr_FR\" \/>\n<meta property=\"og:type\" content=\"article\" \/>\n<meta property=\"og:title\" content=\"DIAMANTE COLLECTION | Alias Blindate\" \/>\n<meta property=\"og:description\" content=\"Diamante Collection: pannello in legno pantografato a fibre parallele a 90\u00b0 a doppio strato nobile con uno spessore di 15 mm.\" \/>\n<meta property=\"og:url\" content=\"https:\/\/www.aliasblindate.com\/fr\/portes-blindees\/panneaux-de-revetement\/exterieurs\/diamante\/\" \/>\n<meta property=\"og:site_name\" content=\"Alias Blindate\" \/>\n<meta property=\"article:publisher\" content=\"https:\/\/www.facebook.com\/aliasporteblindate\" \/>\n<meta property=\"article:modified_time\" content=\"2025-01-24T14:23:28+00:00\" \/>\n<meta property=\"og:image\" content=\"https:\/\/www.aliasblindate.com\/wp-content\/uploads\/2024\/10\/diamante-head.jpg\" \/>\n\t<meta property=\"og:image:width\" content=\"1650\" \/>\n\t<meta property=\"og:image:height\" content=\"590\" \/>\n\t<meta property=\"og:image:type\" content=\"image\/jpeg\" \/>\n<meta name=\"twitter:card\" content=\"summary_large_image\" \/>\n<meta name=\"twitter:label1\" content=\"Dur\u00e9e de lecture estim\u00e9e\" \/>\n\t<meta name=\"twitter:data1\" content=\"1 minute\" \/>\n<script type=\"application\/ld+json\" class=\"yoast-schema-graph\">{\"@context\":\"https:\/\/schema.org\",\"@graph\":[{\"@type\":\"WebPage\",\"@id\":\"https:\/\/www.aliasblindate.com\/fr\/portes-blindees\/panneaux-de-revetement\/exterieurs\/diamante\/\",\"url\":\"https:\/\/www.aliasblindate.com\/fr\/portes-blindees\/panneaux-de-revetement\/exterieurs\/diamante\/\",\"name\":\"DIAMANTE COLLECTION | Alias Blindate\",\"isPartOf\":{\"@id\":\"https:\/\/www.aliasblindate.com\/fr\/#website\"},\"primaryImageOfPage\":{\"@id\":\"https:\/\/www.aliasblindate.com\/fr\/portes-blindees\/panneaux-de-revetement\/exterieurs\/diamante\/#primaryimage\"},\"image\":{\"@id\":\"https:\/\/www.aliasblindate.com\/fr\/portes-blindees\/panneaux-de-revetement\/exterieurs\/diamante\/#primaryimage\"},\"thumbnailUrl\":\"https:\/\/www.aliasblindate.com\/wp-content\/uploads\/2024\/10\/diamante-head.jpg\",\"datePublished\":\"2024-10-08T08:34:41+00:00\",\"dateModified\":\"2025-01-24T14:23:28+00:00\",\"description\":\"Diamante Collection: pannello in legno pantografato a fibre parallele a 90\u00b0 a doppio strato nobile con uno spessore di 15 mm.\",\"breadcrumb\":{\"@id\":\"https:\/\/www.aliasblindate.com\/fr\/portes-blindees\/panneaux-de-revetement\/exterieurs\/diamante\/#breadcrumb\"},\"inLanguage\":\"fr-FR\",\"potentialAction\":[{\"@type\":\"ReadAction\",\"target\":[\"https:\/\/www.aliasblindate.com\/fr\/portes-blindees\/panneaux-de-revetement\/exterieurs\/diamante\/\"]}]},{\"@type\":\"ImageObject\",\"inLanguage\":\"fr-FR\",\"@id\":\"https:\/\/www.aliasblindate.com\/fr\/portes-blindees\/panneaux-de-revetement\/exterieurs\/diamante\/#primaryimage\",\"url\":\"https:\/\/www.aliasblindate.com\/wp-content\/uploads\/2024\/10\/diamante-head.jpg\",\"contentUrl\":\"https:\/\/www.aliasblindate.com\/wp-content\/uploads\/2024\/10\/diamante-head.jpg\",\"width\":1650,\"height\":590},{\"@type\":\"BreadcrumbList\",\"@id\":\"https:\/\/www.aliasblindate.com\/fr\/portes-blindees\/panneaux-de-revetement\/exterieurs\/diamante\/#breadcrumb\",\"itemListElement\":[{\"@type\":\"ListItem\",\"position\":1,\"name\":\"Home\",\"item\":\"https:\/\/www.aliasblindate.com\/fr\/\"},{\"@type\":\"ListItem\",\"position\":2,\"name\":\"Collection DIAMANTE\"}]},{\"@type\":\"WebSite\",\"@id\":\"https:\/\/www.aliasblindate.com\/fr\/#website\",\"url\":\"https:\/\/www.aliasblindate.com\/fr\/\",\"name\":\"Alias Blindate\",\"description\":\"\",\"publisher\":{\"@id\":\"https:\/\/www.aliasblindate.com\/fr\/#organization\"},\"potentialAction\":[{\"@type\":\"SearchAction\",\"target\":{\"@type\":\"EntryPoint\",\"urlTemplate\":\"https:\/\/www.aliasblindate.com\/fr\/?s={search_term_string}\"},\"query-input\":{\"@type\":\"PropertyValueSpecification\",\"valueRequired\":true,\"valueName\":\"search_term_string\"}}],\"inLanguage\":\"fr-FR\"},{\"@type\":\"Organization\",\"@id\":\"https:\/\/www.aliasblindate.com\/fr\/#organization\",\"name\":\"Alias Blindate\",\"url\":\"https:\/\/www.aliasblindate.com\/fr\/\",\"logo\":{\"@type\":\"ImageObject\",\"inLanguage\":\"fr-FR\",\"@id\":\"https:\/\/www.aliasblindate.com\/fr\/#\/schema\/logo\/image\/\",\"url\":\"https:\/\/www.aliasblindate.com\/wp-content\/uploads\/2019\/10\/logo@2x.png\",\"contentUrl\":\"https:\/\/www.aliasblindate.com\/wp-content\/uploads\/2019\/10\/logo@2x.png\",\"width\":498,\"height\":88,\"caption\":\"Alias Blindate\"},\"image\":{\"@id\":\"https:\/\/www.aliasblindate.com\/fr\/#\/schema\/logo\/image\/\"},\"sameAs\":[\"https:\/\/www.facebook.com\/aliasporteblindate\",\"https:\/\/www.instagram.com\/alias_porte_blindate\/\"]}]}<\/script>\n<!-- \/ Yoast SEO plugin. -->","yoast_head_json":{"title":"DIAMANTE COLLECTION | Alias Blindate","description":"Diamante Collection: pannello in legno pantografato a fibre parallele a 90\u00b0 a doppio strato nobile con uno spessore di 15 mm.","robots":{"index":"index","follow":"follow","max-snippet":"max-snippet:-1","max-image-preview":"max-image-preview:large","max-video-preview":"max-video-preview:-1"},"canonical":"https:\/\/www.aliasblindate.com\/fr\/portes-blindees\/panneaux-de-revetement\/exterieurs\/diamante\/","og_locale":"fr_FR","og_type":"article","og_title":"DIAMANTE COLLECTION | Alias Blindate","og_description":"Diamante Collection: pannello in legno pantografato a fibre parallele a 90\u00b0 a doppio strato nobile con uno spessore di 15 mm.","og_url":"https:\/\/www.aliasblindate.com\/fr\/portes-blindees\/panneaux-de-revetement\/exterieurs\/diamante\/","og_site_name":"Alias Blindate","article_publisher":"https:\/\/www.facebook.com\/aliasporteblindate","article_modified_time":"2025-01-24T14:23:28+00:00","og_image":[{"width":1650,"height":590,"url":"https:\/\/www.aliasblindate.com\/wp-content\/uploads\/2024\/10\/diamante-head.jpg","type":"image\/jpeg"}],"twitter_card":"summary_large_image","twitter_misc":{"Dur\u00e9e de lecture estim\u00e9e":"1 minute"},"schema":{"@context":"https:\/\/schema.org","@graph":[{"@type":"WebPage","@id":"https:\/\/www.aliasblindate.com\/fr\/portes-blindees\/panneaux-de-revetement\/exterieurs\/diamante\/","url":"https:\/\/www.aliasblindate.com\/fr\/portes-blindees\/panneaux-de-revetement\/exterieurs\/diamante\/","name":"DIAMANTE COLLECTION | Alias Blindate","isPartOf":{"@id":"https:\/\/www.aliasblindate.com\/fr\/#website"},"primaryImageOfPage":{"@id":"https:\/\/www.aliasblindate.com\/fr\/portes-blindees\/panneaux-de-revetement\/exterieurs\/diamante\/#primaryimage"},"image":{"@id":"https:\/\/www.aliasblindate.com\/fr\/portes-blindees\/panneaux-de-revetement\/exterieurs\/diamante\/#primaryimage"},"thumbnailUrl":"https:\/\/www.aliasblindate.com\/wp-content\/uploads\/2024\/10\/diamante-head.jpg","datePublished":"2024-10-08T08:34:41+00:00","dateModified":"2025-01-24T14:23:28+00:00","description":"Diamante Collection: pannello in legno pantografato a fibre parallele a 90\u00b0 a doppio strato nobile con uno spessore di 15 mm.","breadcrumb":{"@id":"https:\/\/www.aliasblindate.com\/fr\/portes-blindees\/panneaux-de-revetement\/exterieurs\/diamante\/#breadcrumb"},"inLanguage":"fr-FR","potentialAction":[{"@type":"ReadAction","target":["https:\/\/www.aliasblindate.com\/fr\/portes-blindees\/panneaux-de-revetement\/exterieurs\/diamante\/"]}]},{"@type":"ImageObject","inLanguage":"fr-FR","@id":"https:\/\/www.aliasblindate.com\/fr\/portes-blindees\/panneaux-de-revetement\/exterieurs\/diamante\/#primaryimage","url":"https:\/\/www.aliasblindate.com\/wp-content\/uploads\/2024\/10\/diamante-head.jpg","contentUrl":"https:\/\/www.aliasblindate.com\/wp-content\/uploads\/2024\/10\/diamante-head.jpg","width":1650,"height":590},{"@type":"BreadcrumbList","@id":"https:\/\/www.aliasblindate.com\/fr\/portes-blindees\/panneaux-de-revetement\/exterieurs\/diamante\/#breadcrumb","itemListElement":[{"@type":"ListItem","position":1,"name":"Home","item":"https:\/\/www.aliasblindate.com\/fr\/"},{"@type":"ListItem","position":2,"name":"Collection DIAMANTE"}]},{"@type":"WebSite","@id":"https:\/\/www.aliasblindate.com\/fr\/#website","url":"https:\/\/www.aliasblindate.com\/fr\/","name":"Alias Blindate","description":"","publisher":{"@id":"https:\/\/www.aliasblindate.com\/fr\/#organization"},"potentialAction":[{"@type":"SearchAction","target":{"@type":"EntryPoint","urlTemplate":"https:\/\/www.aliasblindate.com\/fr\/?s={search_term_string}"},"query-input":{"@type":"PropertyValueSpecification","valueRequired":true,"valueName":"search_term_string"}}],"inLanguage":"fr-FR"},{"@type":"Organization","@id":"https:\/\/www.aliasblindate.com\/fr\/#organization","name":"Alias Blindate","url":"https:\/\/www.aliasblindate.com\/fr\/","logo":{"@type":"ImageObject","inLanguage":"fr-FR","@id":"https:\/\/www.aliasblindate.com\/fr\/#\/schema\/logo\/image\/","url":"https:\/\/www.aliasblindate.com\/wp-content\/uploads\/2019\/10\/logo@2x.png","contentUrl":"https:\/\/www.aliasblindate.com\/wp-content\/uploads\/2019\/10\/logo@2x.png","width":498,"height":88,"caption":"Alias Blindate"},"image":{"@id":"https:\/\/www.aliasblindate.com\/fr\/#\/schema\/logo\/image\/"},"sameAs":["https:\/\/www.facebook.com\/aliasporteblindate","https:\/\/www.instagram.com\/alias_porte_blindate\/"]}]}},"_links":{"self":[{"href":"https:\/\/www.aliasblindate.com\/fr\/wp-json\/wp\/v2\/pages\/16526"}],"collection":[{"href":"https:\/\/www.aliasblindate.com\/fr\/wp-json\/wp\/v2\/pages"}],"about":[{"href":"https:\/\/www.aliasblindate.com\/fr\/wp-json\/wp\/v2\/types\/page"}],"author":[{"embeddable":true,"href":"https:\/\/www.aliasblindate.com\/fr\/wp-json\/wp\/v2\/users\/5"}],"replies":[{"embeddable":true,"href":"https:\/\/www.aliasblindate.com\/fr\/wp-json\/wp\/v2\/comments?post=16526"}],"version-history":[{"count":3,"href":"https:\/\/www.aliasblindate.com\/fr\/wp-json\/wp\/v2\/pages\/16526\/revisions"}],"predecessor-version":[{"id":17553,"href":"https:\/\/www.aliasblindate.com\/fr\/wp-json\/wp\/v2\/pages\/16526\/revisions\/17553"}],"up":[{"embeddable":true,"href":"https:\/\/www.aliasblindate.com\/fr\/wp-json\/wp\/v2\/pages\/16679"}],"wp:featuredmedia":[{"embeddable":true,"href":"https:\/\/www.aliasblindate.com\/fr\/wp-json\/wp\/v2\/media\/16527"}],"wp:attachment":[{"href":"https:\/\/www.aliasblindate.com\/fr\/wp-json\/wp\/v2\/media?parent=16526"}],"wp:term":[{"taxonomy":"page-category","embeddable":true,"href":"https:\/\/www.aliasblindate.com\/fr\/wp-json\/wp\/v2\/page-category?post=16526"}],"curies":[{"name":"wp","href":"https:\/\/api.w.org\/{rel}","templated":true}]}}