{"id":16484,"date":"2020-06-18T18:23:23","date_gmt":"2020-06-18T16:23:23","guid":{"rendered":"https:\/\/www.aliasblindate.com\/portes-blindees\/isolamento-termico\/"},"modified":"2025-04-22T16:52:16","modified_gmt":"2025-04-22T14:52:16","slug":"isolation-thermique","status":"publish","type":"page","link":"https:\/\/www.aliasblindate.com\/fr\/portes-blindees\/isolation-thermique\/","title":{"rendered":"Isolation thermique"},"content":{"rendered":"\n<section class=\"scw-title-block scw-title-block--with-menu title-wrapper has-thumb\">\n\t<div class=\"scw-title-block__menu-row\">\n\t\t<div class=\"scw-title-block__menu-title\">Cat\u00e9gorie<\/div>\n\t\t\t\t\t<div class=\"scw-title-block__menu-wrapper\">\n\t\t\t\t<div class=\"scw-title-block__menu-item\">\n\t\t\t\t\t<a href=\"#\" class=\"scw-title-block__menu-item-link scw-title-block__menu-toggle\">Isolation thermique <i class=\"fa icon-down-open-big\"><\/i><\/a>\n\t\t\t\t\t<div class=\"scw-title-block__submenu\">\n\t\t\t\t\t\t\n\t\t\t\t\t\t\t<div class=\"scw-title-block__menu-item\">\n\t\t\t\t\t\t\t\t<a href=\"https:\/\/www.aliasblindate.com\/fr\/portes-blindees\/resistance-effraction\/\" class=\"scw-title-block__menu-item-link\">R\u00e9sistance \u00e0 l&rsquo;effraction<\/a>\n\t\t\t\t\t\t\t<\/div>\n\n\t\t\t\t\t\t\t\n\t\t\t\t\t\t\t<div class=\"scw-title-block__menu-item\">\n\t\t\t\t\t\t\t\t<a href=\"https:\/\/www.aliasblindate.com\/fr\/portes-blindees\/resistance-au-feu\/\" class=\"scw-title-block__menu-item-link\">R\u00e9sistance au feu<\/a>\n\t\t\t\t\t\t\t<\/div>\n\n\t\t\t\t\t\t\t\n\t\t\t\t\t\t\t<div class=\"scw-title-block__menu-item\">\n\t\t\t\t\t\t\t\t<a href=\"https:\/\/www.aliasblindate.com\/fr\/portes-blindees\/resistance-a-leffraction-a2p\/\" class=\"scw-title-block__menu-item-link\">R\u00e9sistance \u00e0 l&rsquo;effraction A2P<\/a>\n\t\t\t\t\t\t\t<\/div>\n\n\t\t\t\t\t\t\t\n\t\t\t\t\t\t\t<div class=\"scw-title-block__menu-item\">\n\t\t\t\t\t\t\t\t<a href=\"https:\/\/www.aliasblindate.com\/fr\/portes-blindees\/isolation-acoustique\/\" class=\"scw-title-block__menu-item-link\">Isolation acoustique<\/a>\n\t\t\t\t\t\t\t<\/div>\n\n\t\t\t\t\t\t\t\n\t\t\t\t\t\t\t<div class=\"scw-title-block__menu-item\">\n\t\t\t\t\t\t\t\t<a href=\"https:\/\/www.aliasblindate.com\/fr\/portes-blindees\/eau-air-vent\/\" class=\"scw-title-block__menu-item-link\">Eau \/ Air \/ Vent<\/a>\n\t\t\t\t\t\t\t<\/div>\n\n\t\t\t\t\t\t\t\t\t\t\t\t<\/div>\n\t\t\t\t<\/div>\n\t\t\t<\/div>\n\t\t\t\t<\/div>\n\t<div class=\"two-columns\">\n\t\t<div class=\"single-title\"><h1 class=\"scw-title\">Eau \/ Air \/ Vent<\/div>\n\n\t\t\t\t\t<div class=\"anchor\">\n\t\t\t\t<a href=\"#start\" class=\"anchor-btn\">D\u00e9couvrez les d\u00e9tails <i class=\"fa icon-down-open\"><\/i><\/a>\n\t\t\t<\/div>\n\t\t\t<\/div>\n<\/section>\n\n<section id=\"start\" class=\"description-wrapper \">\n\t\t\t<div class=\"description\">\n\t\t\t<p><img loading=\"lazy\" decoding=\"async\" class=\"alignleft\" src=\"\/wp-content\/uploads\/2020\/09\/SIMBOLO-TERMICO.jpg\" width=\"110\" height=\"110\" \/> Les grands th\u00e8mes de l&rsquo;\u00e9conomie d&rsquo;\u00e9nergie et des d\u00e9ductions fiscales centr\u00e9s sur le th\u00e8me plus vaste de l\u2019environnement, conditionnent de plus en plus, et continueront de conditionner, les choix des mat\u00e9riaux de fabrication dans le secteur du b\u00e2timent civil.<br \/>\nPortes d\u2019entr\u00e9e incluses.<br \/>\nEn effet, si d\u2019une part les mat\u00e9riaux m\u00e9talliques dont elles sont constitu\u00e9es sont n\u00e9cessaires pour les performances anti-effraction, ils favorisent par ailleurs le flux d&rsquo;\u00e9nergie de la temp\u00e9rature la plus \u00e9lev\u00e9e \u00e0 la temp\u00e9rature la moins \u00e9lev\u00e9e, entra\u00eenant une perte de chaleur.<\/p>\n<p>Comment pouvez-vous faire de l\u2019enveloppe de votre maison une \u00ab\u00a0machine\u00a0\u00bb de plus en plus performante capable de r\u00e9pondre aux besoins d&rsquo;une architecture contemporaine\u00a0? C&rsquo;est ainsi que le d\u00e9partement \u00ab\u00a0R&amp;D\u00a0\u00bb Alias a brevet\u00e9 une nouvelle g\u00e9n\u00e9ration de portes blind\u00e9es, capables de r\u00e9duire au minimum les \u00e9changes thermiques entre deux pi\u00e8ces, sans affecter leur conception.<br \/>\nLa valeur de transmission thermique obtenue est environ 3 fois inf\u00e9rieure \u00e0 celle d&rsquo;une structure blind\u00e9e standard. \u00ab Thermal \u00bb, en particulier, atteint une valeur certifi\u00e9e de 0,8 W\/m\u00b2K et permet de placer votre maison dans une classe \u00e9nerg\u00e9tique tr\u00e8s \u00e9lev\u00e9e.<br \/>\nEn trois mots, la solution brevet\u00e9e par Alias\u00a0: #\u00e9co-durabilit\u00e9#isolationthermique#\u00e9conomied\u00e9nergie<\/p>\n\t\t<\/div>\n\t\t<\/section>\n\n\n\t<section class=\"gallery-wrapper\">\n\t\t\t<div class=\"gallery-carousel owl-carousel owl-theme\">\n\t\t\t\t\t<a class=\"dt-pswp-item\" href=\"https:\/\/www.aliasblindate.com\/wp-content\/uploads\/2020\/09\/header-Isolamento-Termico.jpg\" data-large_image_width=\"1700\" data-large_image_height=\"1006\">\n\t\t\t\t<img loading=\"lazy\" decoding=\"async\" width=\"1200\" height=\"730\" src=\"https:\/\/www.aliasblindate.com\/wp-content\/uploads\/2020\/09\/header-Isolamento-Termico-1200x730.jpg\" data-src=\"https:\/\/www.aliasblindate.com\/wp-content\/uploads\/2020\/09\/header-Isolamento-Termico-1200x730.jpg\" class=\"owl-lazy\" srcset=\"\">\n\t\t\t<\/a>\n\t\t\t\t<\/div>\n\t\t\t<div class=\"gallery-nav \">\n\t\t\t\t\t\t\t<div class=\"thumb\" data-slide=\"0\" style=\"background-image: url(https:\/\/www.aliasblindate.com\/wp-content\/uploads\/2020\/09\/header-Isolamento-Termico-150x150.jpg)\"><\/div>\n\t\t\t\t\t\t<\/div>\n\t<\/section>\n\t\n\n\n<div class=\"scw-block-cta\">\n\t<div class=\"scw-block-cta__background\"><\/div>\n\t<div class=\"scw-block-cta__content\">\n\t\t\t\t\t<div class=\"scw-block-cta__content-text\"><p>Des portes qui se ferment pour s&rsquo;ouvrir vers des mondes et des lieux intimes, vers des espaces que vous voulez vivre et retrouver.<\/p>\n<p>Les portes Alias prot\u00e8gent votre id\u00e9e de la maison, votre espace et constituent votre style exactement comme vous le souhaitez.<\/p>\n<\/div>\n\t\t\n\t\t\t\t\t<div class=\"scw-block-cta__content-title scw-heading-h2\"><p>Voulez-vous approfondir\u00a0?<\/p>\n<\/div>\n\t\t\n\t\t\t\t\t\n\t\t\t<a href=\"https:\/\/www.youtube.com\/watch?v=h_ipmfHZaUU&#038;feature=emb_title\" class=\"scw-btn\" target=\"_blank\">CLIQUEZ ICI<\/a>\n\t\t\t<\/div>\n\n<\/div>\n","protected":false},"excerpt":{"rendered":"","protected":false},"author":5,"featured_media":2635,"parent":15256,"menu_order":4,"comment_status":"closed","ping_status":"closed","template":"","meta":{"footnotes":""},"page-category":[63],"acf":[],"yoast_head":"<!-- This site is optimized with the Yoast SEO plugin v23.5 - https:\/\/yoast.com\/wordpress\/plugins\/seo\/ -->\n<title>Isolation thermique | Alias Blindate<\/title>\n<meta name=\"description\" content=\"Alias a brevet\u00e9 une porte blind\u00e9e capable de r\u00e9duire au minimum l&#039;\u00e9change thermique entre deux pi\u00e8ces, sans affecter leur conception.\" \/>\n<meta name=\"robots\" content=\"index, follow, max-snippet:-1, max-image-preview:large, max-video-preview:-1\" \/>\n<link rel=\"canonical\" href=\"https:\/\/www.aliasblindate.com\/fr\/portes-blindees\/isolation-thermique\/\" \/>\n<meta property=\"og:locale\" content=\"fr_FR\" \/>\n<meta property=\"og:type\" content=\"article\" \/>\n<meta property=\"og:title\" content=\"Isolation thermique | Alias Blindate\" \/>\n<meta property=\"og:description\" content=\"Alias a brevet\u00e9 une porte blind\u00e9e capable de r\u00e9duire au minimum l&#039;\u00e9change thermique entre deux pi\u00e8ces, sans affecter leur conception.\" \/>\n<meta property=\"og:url\" content=\"https:\/\/www.aliasblindate.com\/fr\/portes-blindees\/isolation-thermique\/\" \/>\n<meta property=\"og:site_name\" content=\"Alias Blindate\" \/>\n<meta property=\"article:publisher\" content=\"https:\/\/www.facebook.com\/aliasporteblindate\" \/>\n<meta property=\"article:modified_time\" content=\"2025-04-22T14:52:16+00:00\" \/>\n<meta property=\"og:image\" content=\"https:\/\/www.aliasblindate.com\/wp-content\/uploads\/2020\/09\/header-Isolamento-Termico.jpg\" \/>\n\t<meta property=\"og:image:width\" content=\"1700\" \/>\n\t<meta property=\"og:image:height\" content=\"1006\" \/>\n\t<meta property=\"og:image:type\" content=\"image\/jpeg\" \/>\n<meta name=\"twitter:card\" content=\"summary_large_image\" \/>\n<meta name=\"twitter:label1\" content=\"Dur\u00e9e de lecture estim\u00e9e\" \/>\n\t<meta name=\"twitter:data1\" content=\"1 minute\" \/>\n<script type=\"application\/ld+json\" class=\"yoast-schema-graph\">{\"@context\":\"https:\/\/schema.org\",\"@graph\":[{\"@type\":\"WebPage\",\"@id\":\"https:\/\/www.aliasblindate.com\/fr\/portes-blindees\/isolation-thermique\/\",\"url\":\"https:\/\/www.aliasblindate.com\/fr\/portes-blindees\/isolation-thermique\/\",\"name\":\"Isolation thermique | Alias Blindate\",\"isPartOf\":{\"@id\":\"https:\/\/www.aliasblindate.com\/fr\/#website\"},\"primaryImageOfPage\":{\"@id\":\"https:\/\/www.aliasblindate.com\/fr\/portes-blindees\/isolation-thermique\/#primaryimage\"},\"image\":{\"@id\":\"https:\/\/www.aliasblindate.com\/fr\/portes-blindees\/isolation-thermique\/#primaryimage\"},\"thumbnailUrl\":\"https:\/\/www.aliasblindate.com\/wp-content\/uploads\/2020\/09\/header-Isolamento-Termico.jpg\",\"datePublished\":\"2020-06-18T16:23:23+00:00\",\"dateModified\":\"2025-04-22T14:52:16+00:00\",\"description\":\"Alias a brevet\u00e9 une porte blind\u00e9e capable de r\u00e9duire au minimum l'\u00e9change thermique entre deux pi\u00e8ces, sans affecter leur conception.\",\"breadcrumb\":{\"@id\":\"https:\/\/www.aliasblindate.com\/fr\/portes-blindees\/isolation-thermique\/#breadcrumb\"},\"inLanguage\":\"fr-FR\",\"potentialAction\":[{\"@type\":\"ReadAction\",\"target\":[\"https:\/\/www.aliasblindate.com\/fr\/portes-blindees\/isolation-thermique\/\"]}]},{\"@type\":\"ImageObject\",\"inLanguage\":\"fr-FR\",\"@id\":\"https:\/\/www.aliasblindate.com\/fr\/portes-blindees\/isolation-thermique\/#primaryimage\",\"url\":\"https:\/\/www.aliasblindate.com\/wp-content\/uploads\/2020\/09\/header-Isolamento-Termico.jpg\",\"contentUrl\":\"https:\/\/www.aliasblindate.com\/wp-content\/uploads\/2020\/09\/header-Isolamento-Termico.jpg\",\"width\":1700,\"height\":1006},{\"@type\":\"BreadcrumbList\",\"@id\":\"https:\/\/www.aliasblindate.com\/fr\/portes-blindees\/isolation-thermique\/#breadcrumb\",\"itemListElement\":[{\"@type\":\"ListItem\",\"position\":1,\"name\":\"Home\",\"item\":\"https:\/\/www.aliasblindate.com\/fr\/\"},{\"@type\":\"ListItem\",\"position\":2,\"name\":\"Portes blind\u00e9es\",\"item\":\"https:\/\/www.aliasblindate.com\/fr\/portes-blindees\/\"},{\"@type\":\"ListItem\",\"position\":3,\"name\":\"Isolation thermique\"}]},{\"@type\":\"WebSite\",\"@id\":\"https:\/\/www.aliasblindate.com\/fr\/#website\",\"url\":\"https:\/\/www.aliasblindate.com\/fr\/\",\"name\":\"Alias Blindate\",\"description\":\"\",\"publisher\":{\"@id\":\"https:\/\/www.aliasblindate.com\/fr\/#organization\"},\"potentialAction\":[{\"@type\":\"SearchAction\",\"target\":{\"@type\":\"EntryPoint\",\"urlTemplate\":\"https:\/\/www.aliasblindate.com\/fr\/?s={search_term_string}\"},\"query-input\":{\"@type\":\"PropertyValueSpecification\",\"valueRequired\":true,\"valueName\":\"search_term_string\"}}],\"inLanguage\":\"fr-FR\"},{\"@type\":\"Organization\",\"@id\":\"https:\/\/www.aliasblindate.com\/fr\/#organization\",\"name\":\"Alias Blindate\",\"url\":\"https:\/\/www.aliasblindate.com\/fr\/\",\"logo\":{\"@type\":\"ImageObject\",\"inLanguage\":\"fr-FR\",\"@id\":\"https:\/\/www.aliasblindate.com\/fr\/#\/schema\/logo\/image\/\",\"url\":\"https:\/\/www.aliasblindate.com\/wp-content\/uploads\/2019\/10\/logo@2x.png\",\"contentUrl\":\"https:\/\/www.aliasblindate.com\/wp-content\/uploads\/2019\/10\/logo@2x.png\",\"width\":498,\"height\":88,\"caption\":\"Alias Blindate\"},\"image\":{\"@id\":\"https:\/\/www.aliasblindate.com\/fr\/#\/schema\/logo\/image\/\"},\"sameAs\":[\"https:\/\/www.facebook.com\/aliasporteblindate\",\"https:\/\/www.instagram.com\/alias_porte_blindate\/\"]}]}<\/script>\n<!-- \/ Yoast SEO plugin. -->","yoast_head_json":{"title":"Isolation thermique | Alias Blindate","description":"Alias a brevet\u00e9 une porte blind\u00e9e capable de r\u00e9duire au minimum l'\u00e9change thermique entre deux pi\u00e8ces, sans affecter leur conception.","robots":{"index":"index","follow":"follow","max-snippet":"max-snippet:-1","max-image-preview":"max-image-preview:large","max-video-preview":"max-video-preview:-1"},"canonical":"https:\/\/www.aliasblindate.com\/fr\/portes-blindees\/isolation-thermique\/","og_locale":"fr_FR","og_type":"article","og_title":"Isolation thermique | Alias Blindate","og_description":"Alias a brevet\u00e9 une porte blind\u00e9e capable de r\u00e9duire au minimum l'\u00e9change thermique entre deux pi\u00e8ces, sans affecter leur conception.","og_url":"https:\/\/www.aliasblindate.com\/fr\/portes-blindees\/isolation-thermique\/","og_site_name":"Alias Blindate","article_publisher":"https:\/\/www.facebook.com\/aliasporteblindate","article_modified_time":"2025-04-22T14:52:16+00:00","og_image":[{"width":1700,"height":1006,"url":"https:\/\/www.aliasblindate.com\/wp-content\/uploads\/2020\/09\/header-Isolamento-Termico.jpg","type":"image\/jpeg"}],"twitter_card":"summary_large_image","twitter_misc":{"Dur\u00e9e de lecture estim\u00e9e":"1 minute"},"schema":{"@context":"https:\/\/schema.org","@graph":[{"@type":"WebPage","@id":"https:\/\/www.aliasblindate.com\/fr\/portes-blindees\/isolation-thermique\/","url":"https:\/\/www.aliasblindate.com\/fr\/portes-blindees\/isolation-thermique\/","name":"Isolation thermique | Alias Blindate","isPartOf":{"@id":"https:\/\/www.aliasblindate.com\/fr\/#website"},"primaryImageOfPage":{"@id":"https:\/\/www.aliasblindate.com\/fr\/portes-blindees\/isolation-thermique\/#primaryimage"},"image":{"@id":"https:\/\/www.aliasblindate.com\/fr\/portes-blindees\/isolation-thermique\/#primaryimage"},"thumbnailUrl":"https:\/\/www.aliasblindate.com\/wp-content\/uploads\/2020\/09\/header-Isolamento-Termico.jpg","datePublished":"2020-06-18T16:23:23+00:00","dateModified":"2025-04-22T14:52:16+00:00","description":"Alias a brevet\u00e9 une porte blind\u00e9e capable de r\u00e9duire au minimum l'\u00e9change thermique entre deux pi\u00e8ces, sans affecter leur conception.","breadcrumb":{"@id":"https:\/\/www.aliasblindate.com\/fr\/portes-blindees\/isolation-thermique\/#breadcrumb"},"inLanguage":"fr-FR","potentialAction":[{"@type":"ReadAction","target":["https:\/\/www.aliasblindate.com\/fr\/portes-blindees\/isolation-thermique\/"]}]},{"@type":"ImageObject","inLanguage":"fr-FR","@id":"https:\/\/www.aliasblindate.com\/fr\/portes-blindees\/isolation-thermique\/#primaryimage","url":"https:\/\/www.aliasblindate.com\/wp-content\/uploads\/2020\/09\/header-Isolamento-Termico.jpg","contentUrl":"https:\/\/www.aliasblindate.com\/wp-content\/uploads\/2020\/09\/header-Isolamento-Termico.jpg","width":1700,"height":1006},{"@type":"BreadcrumbList","@id":"https:\/\/www.aliasblindate.com\/fr\/portes-blindees\/isolation-thermique\/#breadcrumb","itemListElement":[{"@type":"ListItem","position":1,"name":"Home","item":"https:\/\/www.aliasblindate.com\/fr\/"},{"@type":"ListItem","position":2,"name":"Portes blind\u00e9es","item":"https:\/\/www.aliasblindate.com\/fr\/portes-blindees\/"},{"@type":"ListItem","position":3,"name":"Isolation thermique"}]},{"@type":"WebSite","@id":"https:\/\/www.aliasblindate.com\/fr\/#website","url":"https:\/\/www.aliasblindate.com\/fr\/","name":"Alias Blindate","description":"","publisher":{"@id":"https:\/\/www.aliasblindate.com\/fr\/#organization"},"potentialAction":[{"@type":"SearchAction","target":{"@type":"EntryPoint","urlTemplate":"https:\/\/www.aliasblindate.com\/fr\/?s={search_term_string}"},"query-input":{"@type":"PropertyValueSpecification","valueRequired":true,"valueName":"search_term_string"}}],"inLanguage":"fr-FR"},{"@type":"Organization","@id":"https:\/\/www.aliasblindate.com\/fr\/#organization","name":"Alias Blindate","url":"https:\/\/www.aliasblindate.com\/fr\/","logo":{"@type":"ImageObject","inLanguage":"fr-FR","@id":"https:\/\/www.aliasblindate.com\/fr\/#\/schema\/logo\/image\/","url":"https:\/\/www.aliasblindate.com\/wp-content\/uploads\/2019\/10\/logo@2x.png","contentUrl":"https:\/\/www.aliasblindate.com\/wp-content\/uploads\/2019\/10\/logo@2x.png","width":498,"height":88,"caption":"Alias Blindate"},"image":{"@id":"https:\/\/www.aliasblindate.com\/fr\/#\/schema\/logo\/image\/"},"sameAs":["https:\/\/www.facebook.com\/aliasporteblindate","https:\/\/www.instagram.com\/alias_porte_blindate\/"]}]}},"_links":{"self":[{"href":"https:\/\/www.aliasblindate.com\/fr\/wp-json\/wp\/v2\/pages\/16484"}],"collection":[{"href":"https:\/\/www.aliasblindate.com\/fr\/wp-json\/wp\/v2\/pages"}],"about":[{"href":"https:\/\/www.aliasblindate.com\/fr\/wp-json\/wp\/v2\/types\/page"}],"author":[{"embeddable":true,"href":"https:\/\/www.aliasblindate.com\/fr\/wp-json\/wp\/v2\/users\/5"}],"replies":[{"embeddable":true,"href":"https:\/\/www.aliasblindate.com\/fr\/wp-json\/wp\/v2\/comments?post=16484"}],"version-history":[{"count":6,"href":"https:\/\/www.aliasblindate.com\/fr\/wp-json\/wp\/v2\/pages\/16484\/revisions"}],"predecessor-version":[{"id":17866,"href":"https:\/\/www.aliasblindate.com\/fr\/wp-json\/wp\/v2\/pages\/16484\/revisions\/17866"}],"up":[{"embeddable":true,"href":"https:\/\/www.aliasblindate.com\/fr\/wp-json\/wp\/v2\/pages\/15256"}],"wp:featuredmedia":[{"embeddable":true,"href":"https:\/\/www.aliasblindate.com\/fr\/wp-json\/wp\/v2\/media\/2635"}],"wp:attachment":[{"href":"https:\/\/www.aliasblindate.com\/fr\/wp-json\/wp\/v2\/media?parent=16484"}],"wp:term":[{"taxonomy":"page-category","embeddable":true,"href":"https:\/\/www.aliasblindate.com\/fr\/wp-json\/wp\/v2\/page-category?post=16484"}],"curies":[{"name":"wp","href":"https:\/\/api.w.org\/{rel}","templated":true}]}}