{"id":16478,"date":"2020-06-18T18:22:57","date_gmt":"2020-06-18T16:22:57","guid":{"rendered":"https:\/\/www.aliasblindate.com\/portes-blindees\/isolamento-acustico\/"},"modified":"2025-04-01T16:15:49","modified_gmt":"2025-04-01T14:15:49","slug":"isolation-acoustique","status":"publish","type":"page","link":"https:\/\/www.aliasblindate.com\/fr\/portes-blindees\/isolation-acoustique\/","title":{"rendered":"Isolation acoustique"},"content":{"rendered":"\n<section class=\"scw-title-block scw-title-block--with-menu title-wrapper has-thumb\">\n\t<div class=\"scw-title-block__menu-row\">\n\t\t<div class=\"scw-title-block__menu-title\">Cat\u00e9gorie<\/div>\n\t\t\t\t\t<div class=\"scw-title-block__menu-wrapper\">\n\t\t\t\t<div class=\"scw-title-block__menu-item\">\n\t\t\t\t\t<a href=\"#\" class=\"scw-title-block__menu-item-link scw-title-block__menu-toggle\">Isolation acoustique <i class=\"fa icon-down-open-big\"><\/i><\/a>\n\t\t\t\t\t<div class=\"scw-title-block__submenu\">\n\t\t\t\t\t\t\n\t\t\t\t\t\t\t<div class=\"scw-title-block__menu-item\">\n\t\t\t\t\t\t\t\t<a href=\"https:\/\/www.aliasblindate.com\/fr\/portes-blindees\/resistance-effraction\/\" class=\"scw-title-block__menu-item-link\">R\u00e9sistance \u00e0 l&rsquo;effraction<\/a>\n\t\t\t\t\t\t\t<\/div>\n\n\t\t\t\t\t\t\t\n\t\t\t\t\t\t\t<div class=\"scw-title-block__menu-item\">\n\t\t\t\t\t\t\t\t<a href=\"https:\/\/www.aliasblindate.com\/fr\/portes-blindees\/resistance-au-feu\/\" class=\"scw-title-block__menu-item-link\">R\u00e9sistance au feu<\/a>\n\t\t\t\t\t\t\t<\/div>\n\n\t\t\t\t\t\t\t\n\t\t\t\t\t\t\t<div class=\"scw-title-block__menu-item\">\n\t\t\t\t\t\t\t\t<a href=\"https:\/\/www.aliasblindate.com\/fr\/portes-blindees\/resistance-a-leffraction-a2p\/\" class=\"scw-title-block__menu-item-link\">R\u00e9sistance \u00e0 l&rsquo;effraction A2P<\/a>\n\t\t\t\t\t\t\t<\/div>\n\n\t\t\t\t\t\t\t\n\t\t\t\t\t\t\t<div class=\"scw-title-block__menu-item\">\n\t\t\t\t\t\t\t\t<a href=\"https:\/\/www.aliasblindate.com\/fr\/portes-blindees\/isolation-thermique\/\" class=\"scw-title-block__menu-item-link\">Isolation thermique<\/a>\n\t\t\t\t\t\t\t<\/div>\n\n\t\t\t\t\t\t\t\n\t\t\t\t\t\t\t<div class=\"scw-title-block__menu-item\">\n\t\t\t\t\t\t\t\t<a href=\"https:\/\/www.aliasblindate.com\/fr\/portes-blindees\/eau-air-vent\/\" class=\"scw-title-block__menu-item-link\">Eau \/ Air \/ Vent<\/a>\n\t\t\t\t\t\t\t<\/div>\n\n\t\t\t\t\t\t\t\t\t\t\t\t<\/div>\n\t\t\t\t<\/div>\n\t\t\t<\/div>\n\t\t\t\t<\/div>\n\t<div class=\"two-columns\">\n\t\t<div class=\"single-title\"><h1 class=\"scw-title\">Eau \/ Air \/ Vent<\/div>\n\n\t\t\t\t\t<div class=\"anchor\">\n\t\t\t\t<a href=\"#start\" class=\"anchor-btn\">D\u00e9couvrez les d\u00e9tails <i class=\"fa icon-down-open\"><\/i><\/a>\n\t\t\t<\/div>\n\t\t\t<\/div>\n<\/section>\n\n<section id=\"start\" class=\"description-wrapper \">\n\t\t\t<div class=\"description\">\n\t\t\t<p><img loading=\"lazy\" decoding=\"async\" class=\"alignleft\" src=\"\/wp-content\/uploads\/2020\/09\/SIMBOLO-ACUSTICO.jpg\" width=\"110\" height=\"110\" \/> Outre \u00ab\u00a0S\u00e9curit\u00e9\u00a0\u00bb, \u00ab\u00a0Confort\u00a0\u00bb et \u00ab\u00a0Confidentialit\u00e9\u00a0\u00bb sont les mots cl\u00e9s que vous devez garder \u00e0 l&rsquo;esprit lorsque vous choisissez une porte blind\u00e9e.<br \/>\nS&rsquo;isoler du bruit de la circulation, et en g\u00e9n\u00e9ral de tous les bruits ext\u00e9rieurs, ne pas entendre les voix des voisins sur le palier et, dans le m\u00eame temps, emp\u00eacher que vos conversations priv\u00e9es ne puissent \u00eatre entendues, ce sont l\u00e0 autant de privil\u00e8ges d\u00e9sormais incontournables, car ils garantissent une qualit\u00e9 de vie sensiblement sup\u00e9rieure. C&rsquo;est pourquoi Alias a pr\u00e9vu des kits acoustiques suppl\u00e9mentaires certifi\u00e9s selon les normes ISO 10140\/01\/02 et 717\/1 qui permettent d&rsquo;atteindre jusqu&rsquo;\u00e0 44\u00a0dB d&rsquo;isolation acoustique.<\/p>\n<p>&#8230;et si vous voulez dormir tranquillement dans votre chambre \u00e0 coucher, en vous prot\u00e9geant \u00e9galement des bruits ambiants produits \u00e0 l&rsquo;int\u00e9rieur de votre maison&#8230; Il y a Dream, la <a href=\"\/fr\/portes-blindees-dinterieur\/\">porte blind\u00e9e d\u2019int\u00e9rieur<\/a> d\u2019Alias\u00a0! Une porte de s\u00e9curit\u00e9 sp\u00e9cialement con\u00e7ue pour s\u00e9parer les espaces int\u00e9rieurs tels que les zones de couchage, et qui isole l\u2019espace de vie avec une valeur certifi\u00e9e de 33\u00a0dB, soit deux fois plus que les portes d&rsquo;int\u00e9rieur traditionnelles.<\/p>\n\t\t<\/div>\n\t\t<\/section>\n\n\n\t<section class=\"gallery-wrapper\">\n\t\t\t<div class=\"gallery-carousel owl-carousel owl-theme\">\n\t\t\t\t\t<a class=\"dt-pswp-item\" href=\"https:\/\/www.aliasblindate.com\/wp-content\/uploads\/2020\/09\/header-Isolamento-Acustico.jpg\" data-large_image_width=\"1700\" data-large_image_height=\"1006\">\n\t\t\t\t<img loading=\"lazy\" decoding=\"async\" width=\"1200\" height=\"730\" src=\"https:\/\/www.aliasblindate.com\/wp-content\/uploads\/2020\/09\/header-Isolamento-Acustico-1200x730.jpg\" data-src=\"https:\/\/www.aliasblindate.com\/wp-content\/uploads\/2020\/09\/header-Isolamento-Acustico-1200x730.jpg\" class=\"owl-lazy\" srcset=\"\">\n\t\t\t<\/a>\n\t\t\t\t<\/div>\n\t\t\t<div class=\"gallery-nav \">\n\t\t\t\t\t\t\t<div class=\"thumb\" data-slide=\"0\" style=\"background-image: url(https:\/\/www.aliasblindate.com\/wp-content\/uploads\/2020\/09\/header-Isolamento-Acustico-150x150.jpg)\"><\/div>\n\t\t\t\t\t\t<\/div>\n\t<\/section>\n\t","protected":false},"excerpt":{"rendered":"","protected":false},"author":5,"featured_media":2604,"parent":15256,"menu_order":3,"comment_status":"closed","ping_status":"closed","template":"","meta":{"footnotes":""},"page-category":[63],"acf":[],"yoast_head":"<!-- This site is optimized with the Yoast SEO plugin v23.5 - https:\/\/yoast.com\/wordpress\/plugins\/seo\/ -->\n<title>Isolation acoustique | Alias Blindate<\/title>\n<meta name=\"description\" content=\"Alias a pr\u00e9vu des kits acoustiques suppl\u00e9mentaires certifi\u00e9s selon les normes ISO 10140\/01\/02 et 717\/1 qui permettent d&#039;atteindre 44 dB d&#039;isolation acoustique.\" \/>\n<meta name=\"robots\" content=\"index, follow, max-snippet:-1, max-image-preview:large, max-video-preview:-1\" \/>\n<link rel=\"canonical\" href=\"https:\/\/www.aliasblindate.com\/fr\/portes-blindees\/isolation-acoustique\/\" \/>\n<meta property=\"og:locale\" content=\"fr_FR\" \/>\n<meta property=\"og:type\" content=\"article\" \/>\n<meta property=\"og:title\" content=\"Isolation acoustique | Alias Blindate\" \/>\n<meta property=\"og:description\" content=\"Alias a pr\u00e9vu des kits acoustiques suppl\u00e9mentaires certifi\u00e9s selon les normes ISO 10140\/01\/02 et 717\/1 qui permettent d&#039;atteindre 44 dB d&#039;isolation acoustique.\" \/>\n<meta property=\"og:url\" content=\"https:\/\/www.aliasblindate.com\/fr\/portes-blindees\/isolation-acoustique\/\" \/>\n<meta property=\"og:site_name\" content=\"Alias Blindate\" \/>\n<meta property=\"article:publisher\" content=\"https:\/\/www.facebook.com\/aliasporteblindate\" \/>\n<meta property=\"article:modified_time\" content=\"2025-04-01T14:15:49+00:00\" \/>\n<meta property=\"og:image\" content=\"https:\/\/www.aliasblindate.com\/wp-content\/uploads\/2020\/09\/header-Isolamento-Acustico.jpg\" \/>\n\t<meta property=\"og:image:width\" content=\"1700\" \/>\n\t<meta property=\"og:image:height\" content=\"1006\" \/>\n\t<meta property=\"og:image:type\" content=\"image\/jpeg\" \/>\n<meta name=\"twitter:card\" content=\"summary_large_image\" \/>\n<meta name=\"twitter:label1\" content=\"Dur\u00e9e de lecture estim\u00e9e\" \/>\n\t<meta name=\"twitter:data1\" content=\"1 minute\" \/>\n<script type=\"application\/ld+json\" class=\"yoast-schema-graph\">{\"@context\":\"https:\/\/schema.org\",\"@graph\":[{\"@type\":\"WebPage\",\"@id\":\"https:\/\/www.aliasblindate.com\/fr\/portes-blindees\/isolation-acoustique\/\",\"url\":\"https:\/\/www.aliasblindate.com\/fr\/portes-blindees\/isolation-acoustique\/\",\"name\":\"Isolation acoustique | Alias Blindate\",\"isPartOf\":{\"@id\":\"https:\/\/www.aliasblindate.com\/fr\/#website\"},\"primaryImageOfPage\":{\"@id\":\"https:\/\/www.aliasblindate.com\/fr\/portes-blindees\/isolation-acoustique\/#primaryimage\"},\"image\":{\"@id\":\"https:\/\/www.aliasblindate.com\/fr\/portes-blindees\/isolation-acoustique\/#primaryimage\"},\"thumbnailUrl\":\"https:\/\/www.aliasblindate.com\/wp-content\/uploads\/2020\/09\/header-Isolamento-Acustico.jpg\",\"datePublished\":\"2020-06-18T16:22:57+00:00\",\"dateModified\":\"2025-04-01T14:15:49+00:00\",\"description\":\"Alias a pr\u00e9vu des kits acoustiques suppl\u00e9mentaires certifi\u00e9s selon les normes ISO 10140\/01\/02 et 717\/1 qui permettent d'atteindre 44 dB d'isolation acoustique.\",\"breadcrumb\":{\"@id\":\"https:\/\/www.aliasblindate.com\/fr\/portes-blindees\/isolation-acoustique\/#breadcrumb\"},\"inLanguage\":\"fr-FR\",\"potentialAction\":[{\"@type\":\"ReadAction\",\"target\":[\"https:\/\/www.aliasblindate.com\/fr\/portes-blindees\/isolation-acoustique\/\"]}]},{\"@type\":\"ImageObject\",\"inLanguage\":\"fr-FR\",\"@id\":\"https:\/\/www.aliasblindate.com\/fr\/portes-blindees\/isolation-acoustique\/#primaryimage\",\"url\":\"https:\/\/www.aliasblindate.com\/wp-content\/uploads\/2020\/09\/header-Isolamento-Acustico.jpg\",\"contentUrl\":\"https:\/\/www.aliasblindate.com\/wp-content\/uploads\/2020\/09\/header-Isolamento-Acustico.jpg\",\"width\":1700,\"height\":1006},{\"@type\":\"BreadcrumbList\",\"@id\":\"https:\/\/www.aliasblindate.com\/fr\/portes-blindees\/isolation-acoustique\/#breadcrumb\",\"itemListElement\":[{\"@type\":\"ListItem\",\"position\":1,\"name\":\"Home\",\"item\":\"https:\/\/www.aliasblindate.com\/fr\/\"},{\"@type\":\"ListItem\",\"position\":2,\"name\":\"Portes blind\u00e9es\",\"item\":\"https:\/\/www.aliasblindate.com\/fr\/portes-blindees\/\"},{\"@type\":\"ListItem\",\"position\":3,\"name\":\"Isolation acoustique\"}]},{\"@type\":\"WebSite\",\"@id\":\"https:\/\/www.aliasblindate.com\/fr\/#website\",\"url\":\"https:\/\/www.aliasblindate.com\/fr\/\",\"name\":\"Alias Blindate\",\"description\":\"\",\"publisher\":{\"@id\":\"https:\/\/www.aliasblindate.com\/fr\/#organization\"},\"potentialAction\":[{\"@type\":\"SearchAction\",\"target\":{\"@type\":\"EntryPoint\",\"urlTemplate\":\"https:\/\/www.aliasblindate.com\/fr\/?s={search_term_string}\"},\"query-input\":{\"@type\":\"PropertyValueSpecification\",\"valueRequired\":true,\"valueName\":\"search_term_string\"}}],\"inLanguage\":\"fr-FR\"},{\"@type\":\"Organization\",\"@id\":\"https:\/\/www.aliasblindate.com\/fr\/#organization\",\"name\":\"Alias Blindate\",\"url\":\"https:\/\/www.aliasblindate.com\/fr\/\",\"logo\":{\"@type\":\"ImageObject\",\"inLanguage\":\"fr-FR\",\"@id\":\"https:\/\/www.aliasblindate.com\/fr\/#\/schema\/logo\/image\/\",\"url\":\"https:\/\/www.aliasblindate.com\/wp-content\/uploads\/2019\/10\/logo@2x.png\",\"contentUrl\":\"https:\/\/www.aliasblindate.com\/wp-content\/uploads\/2019\/10\/logo@2x.png\",\"width\":498,\"height\":88,\"caption\":\"Alias Blindate\"},\"image\":{\"@id\":\"https:\/\/www.aliasblindate.com\/fr\/#\/schema\/logo\/image\/\"},\"sameAs\":[\"https:\/\/www.facebook.com\/aliasporteblindate\",\"https:\/\/www.instagram.com\/alias_porte_blindate\/\"]}]}<\/script>\n<!-- \/ Yoast SEO plugin. -->","yoast_head_json":{"title":"Isolation acoustique | Alias Blindate","description":"Alias a pr\u00e9vu des kits acoustiques suppl\u00e9mentaires certifi\u00e9s selon les normes ISO 10140\/01\/02 et 717\/1 qui permettent d'atteindre 44 dB d'isolation acoustique.","robots":{"index":"index","follow":"follow","max-snippet":"max-snippet:-1","max-image-preview":"max-image-preview:large","max-video-preview":"max-video-preview:-1"},"canonical":"https:\/\/www.aliasblindate.com\/fr\/portes-blindees\/isolation-acoustique\/","og_locale":"fr_FR","og_type":"article","og_title":"Isolation acoustique | Alias Blindate","og_description":"Alias a pr\u00e9vu des kits acoustiques suppl\u00e9mentaires certifi\u00e9s selon les normes ISO 10140\/01\/02 et 717\/1 qui permettent d'atteindre 44 dB d'isolation acoustique.","og_url":"https:\/\/www.aliasblindate.com\/fr\/portes-blindees\/isolation-acoustique\/","og_site_name":"Alias Blindate","article_publisher":"https:\/\/www.facebook.com\/aliasporteblindate","article_modified_time":"2025-04-01T14:15:49+00:00","og_image":[{"width":1700,"height":1006,"url":"https:\/\/www.aliasblindate.com\/wp-content\/uploads\/2020\/09\/header-Isolamento-Acustico.jpg","type":"image\/jpeg"}],"twitter_card":"summary_large_image","twitter_misc":{"Dur\u00e9e de lecture estim\u00e9e":"1 minute"},"schema":{"@context":"https:\/\/schema.org","@graph":[{"@type":"WebPage","@id":"https:\/\/www.aliasblindate.com\/fr\/portes-blindees\/isolation-acoustique\/","url":"https:\/\/www.aliasblindate.com\/fr\/portes-blindees\/isolation-acoustique\/","name":"Isolation acoustique | Alias Blindate","isPartOf":{"@id":"https:\/\/www.aliasblindate.com\/fr\/#website"},"primaryImageOfPage":{"@id":"https:\/\/www.aliasblindate.com\/fr\/portes-blindees\/isolation-acoustique\/#primaryimage"},"image":{"@id":"https:\/\/www.aliasblindate.com\/fr\/portes-blindees\/isolation-acoustique\/#primaryimage"},"thumbnailUrl":"https:\/\/www.aliasblindate.com\/wp-content\/uploads\/2020\/09\/header-Isolamento-Acustico.jpg","datePublished":"2020-06-18T16:22:57+00:00","dateModified":"2025-04-01T14:15:49+00:00","description":"Alias a pr\u00e9vu des kits acoustiques suppl\u00e9mentaires certifi\u00e9s selon les normes ISO 10140\/01\/02 et 717\/1 qui permettent d'atteindre 44 dB d'isolation acoustique.","breadcrumb":{"@id":"https:\/\/www.aliasblindate.com\/fr\/portes-blindees\/isolation-acoustique\/#breadcrumb"},"inLanguage":"fr-FR","potentialAction":[{"@type":"ReadAction","target":["https:\/\/www.aliasblindate.com\/fr\/portes-blindees\/isolation-acoustique\/"]}]},{"@type":"ImageObject","inLanguage":"fr-FR","@id":"https:\/\/www.aliasblindate.com\/fr\/portes-blindees\/isolation-acoustique\/#primaryimage","url":"https:\/\/www.aliasblindate.com\/wp-content\/uploads\/2020\/09\/header-Isolamento-Acustico.jpg","contentUrl":"https:\/\/www.aliasblindate.com\/wp-content\/uploads\/2020\/09\/header-Isolamento-Acustico.jpg","width":1700,"height":1006},{"@type":"BreadcrumbList","@id":"https:\/\/www.aliasblindate.com\/fr\/portes-blindees\/isolation-acoustique\/#breadcrumb","itemListElement":[{"@type":"ListItem","position":1,"name":"Home","item":"https:\/\/www.aliasblindate.com\/fr\/"},{"@type":"ListItem","position":2,"name":"Portes blind\u00e9es","item":"https:\/\/www.aliasblindate.com\/fr\/portes-blindees\/"},{"@type":"ListItem","position":3,"name":"Isolation acoustique"}]},{"@type":"WebSite","@id":"https:\/\/www.aliasblindate.com\/fr\/#website","url":"https:\/\/www.aliasblindate.com\/fr\/","name":"Alias Blindate","description":"","publisher":{"@id":"https:\/\/www.aliasblindate.com\/fr\/#organization"},"potentialAction":[{"@type":"SearchAction","target":{"@type":"EntryPoint","urlTemplate":"https:\/\/www.aliasblindate.com\/fr\/?s={search_term_string}"},"query-input":{"@type":"PropertyValueSpecification","valueRequired":true,"valueName":"search_term_string"}}],"inLanguage":"fr-FR"},{"@type":"Organization","@id":"https:\/\/www.aliasblindate.com\/fr\/#organization","name":"Alias Blindate","url":"https:\/\/www.aliasblindate.com\/fr\/","logo":{"@type":"ImageObject","inLanguage":"fr-FR","@id":"https:\/\/www.aliasblindate.com\/fr\/#\/schema\/logo\/image\/","url":"https:\/\/www.aliasblindate.com\/wp-content\/uploads\/2019\/10\/logo@2x.png","contentUrl":"https:\/\/www.aliasblindate.com\/wp-content\/uploads\/2019\/10\/logo@2x.png","width":498,"height":88,"caption":"Alias Blindate"},"image":{"@id":"https:\/\/www.aliasblindate.com\/fr\/#\/schema\/logo\/image\/"},"sameAs":["https:\/\/www.facebook.com\/aliasporteblindate","https:\/\/www.instagram.com\/alias_porte_blindate\/"]}]}},"_links":{"self":[{"href":"https:\/\/www.aliasblindate.com\/fr\/wp-json\/wp\/v2\/pages\/16478"}],"collection":[{"href":"https:\/\/www.aliasblindate.com\/fr\/wp-json\/wp\/v2\/pages"}],"about":[{"href":"https:\/\/www.aliasblindate.com\/fr\/wp-json\/wp\/v2\/types\/page"}],"author":[{"embeddable":true,"href":"https:\/\/www.aliasblindate.com\/fr\/wp-json\/wp\/v2\/users\/5"}],"replies":[{"embeddable":true,"href":"https:\/\/www.aliasblindate.com\/fr\/wp-json\/wp\/v2\/comments?post=16478"}],"version-history":[{"count":5,"href":"https:\/\/www.aliasblindate.com\/fr\/wp-json\/wp\/v2\/pages\/16478\/revisions"}],"predecessor-version":[{"id":17622,"href":"https:\/\/www.aliasblindate.com\/fr\/wp-json\/wp\/v2\/pages\/16478\/revisions\/17622"}],"up":[{"embeddable":true,"href":"https:\/\/www.aliasblindate.com\/fr\/wp-json\/wp\/v2\/pages\/15256"}],"wp:featuredmedia":[{"embeddable":true,"href":"https:\/\/www.aliasblindate.com\/fr\/wp-json\/wp\/v2\/media\/2604"}],"wp:attachment":[{"href":"https:\/\/www.aliasblindate.com\/fr\/wp-json\/wp\/v2\/media?parent=16478"}],"wp:term":[{"taxonomy":"page-category","embeddable":true,"href":"https:\/\/www.aliasblindate.com\/fr\/wp-json\/wp\/v2\/page-category?post=16478"}],"curies":[{"name":"wp","href":"https:\/\/api.w.org\/{rel}","templated":true}]}}