{"id":16466,"date":"2024-10-08T14:50:06","date_gmt":"2024-10-08T12:50:06","guid":{"rendered":"https:\/\/www.aliasblindate.com\/portes-blindees\/i-modelli-plate\/"},"modified":"2025-04-23T09:09:48","modified_gmt":"2025-04-23T07:09:48","slug":"i-modelli-plate","status":"publish","type":"page","link":"https:\/\/www.aliasblindate.com\/fr\/portes-blindees\/i-modelli-plate\/","title":{"rendered":"Les mod\u00e8les Plate &#8211; affleurement parfait entre battant et cadre"},"content":{"rendered":"\n<section class=\"scw-title-block scw-title-block--with-menu title-wrapper has-thumb\">\n\t<div class=\"scw-title-block__menu-row\">\n\t\t<div class=\"scw-title-block__menu-title\">Cat\u00e9gorie<\/div>\n\t\t\t\t\t<div class=\"scw-title-block__menu-wrapper\">\n\t\t\t\t<div class=\"scw-title-block__menu-item\">\n\t\t\t\t\t<a href=\"#\" class=\"scw-title-block__menu-item-link scw-title-block__menu-toggle\">Les mod\u00e8les Plate &#8211; affleurement parfait entre battant et cadre <i class=\"fa icon-down-open-big\"><\/i><\/a>\n\t\t\t\t\t<div class=\"scw-title-block__submenu\">\n\t\t\t\t\t\t\n\t\t\t\t\t\t\t<div class=\"scw-title-block__menu-item\">\n\t\t\t\t\t\t\t\t<a href=\"https:\/\/www.aliasblindate.com\/fr\/portes-blindees\/slalom\/\" class=\"scw-title-block__menu-item-link\">Slalom &#8211; la porte pivotante d&rsquo;Alias<\/a>\n\t\t\t\t\t\t\t<\/div>\n\n\t\t\t\t\t\t\t\n\t\t\t\t\t\t\t<div class=\"scw-title-block__menu-item\">\n\t\t\t\t\t\t\t\t<a href=\"https:\/\/www.aliasblindate.com\/fr\/portes-blindees\/portes-affleurantes-dinterieur\/le-monde-wing\/\" class=\"scw-title-block__menu-item-link\">Le Monde Wing \u2013 la porte affleurante, et pas seulement<\/a>\n\t\t\t\t\t\t\t<\/div>\n\n\t\t\t\t\t\t\t\n\t\t\t\t\t\t\t<div class=\"scw-title-block__menu-item\">\n\t\t\t\t\t\t\t\t<a href=\"https:\/\/www.aliasblindate.com\/fr\/portes-blindees\/panic-room-pour-dormir-paisiblement\/\" class=\"scw-title-block__menu-item-link\">Panic Room &#8211; pour dormir paisiblement<\/a>\n\t\t\t\t\t\t\t<\/div>\n\n\t\t\t\t\t\t\t\n\t\t\t\t\t\t\t<div class=\"scw-title-block__menu-item\">\n\t\t\t\t\t\t\t\t<a href=\"https:\/\/www.aliasblindate.com\/fr\/portes-blindees\/start-level\/\" class=\"scw-title-block__menu-item-link\">Portes avec paumelles visibles<\/a>\n\t\t\t\t\t\t\t<\/div>\n\n\t\t\t\t\t\t\t\n\t\t\t\t\t\t\t<div class=\"scw-title-block__menu-item\">\n\t\t\t\t\t\t\t\t<a href=\"https:\/\/www.aliasblindate.com\/fr\/portes-blindees\/absolute\/\" class=\"scw-title-block__menu-item-link\">Portes avec paumelles invisibles\u00a0<\/a>\n\t\t\t\t\t\t\t<\/div>\n\n\t\t\t\t\t\t\t\n\t\t\t\t\t\t\t<div class=\"scw-title-block__menu-item\">\n\t\t\t\t\t\t\t\t<a href=\"https:\/\/www.aliasblindate.com\/fr\/portes-blindees\/coupure-thermique\/\" class=\"scw-title-block__menu-item-link\">Rupture \u00e0 pont thermique &#8211; pour des \u00e9conomies d&rsquo;\u00e9nergie au top<\/a>\n\t\t\t\t\t\t\t<\/div>\n\n\t\t\t\t\t\t\t\t\t\t\t\t<\/div>\n\t\t\t\t<\/div>\n\t\t\t<\/div>\n\t\t\t\t<\/div>\n\t<div class=\"two-columns\">\n\t\t<div class=\"single-title\"><h1 class=\"scw-title\">Rupture \u00e0 pont thermique &#8211; pour des \u00e9conomies d&rsquo;\u00e9nergie au top<\/div>\n\n\t\t\t\t\t<div class=\"anchor\">\n\t\t\t\t<a href=\"#start\" class=\"anchor-btn\">D\u00e9couvrez les d\u00e9tails <i class=\"fa icon-down-open\"><\/i><\/a>\n\t\t\t<\/div>\n\t\t\t<\/div>\n<\/section>\n\n<section id=\"start\" class=\"description-wrapper \">\n\t\t\t<div class=\"description\">\n\t\t\t<h4>Portes int\u00e9rieures encadr\u00e9es<\/h4>\n<p>La protection que l&rsquo;encadrement offre \u00e0 sa toile peut \u00eatre compar\u00e9e \u00e0 un coup de ciseaux, une coupure nette qui s\u00e9pare la sc\u00e8ne peinte de son appartenance \u00e0 un lieu de l&rsquo;espace r\u00e9el. En se faisant tableau, l\u2019image du tableau s&rsquo;isole du monde qui l&rsquo;entoure et se d\u00e9robe \u00e0 son environnement. Ce n\u2019est pas le cas avec les <strong>mod\u00e8les PLATE<\/strong>. La caract\u00e9ristique de cette collection est en effet la <strong>coplanarit\u00e9<\/strong>, calcul\u00e9e au millim\u00e8tre pr\u00e8s, entre le battant et les couvre-joints. Le battant de la porte est la toile qui embrasse ses couvre-joints, sans solution de continuit\u00e9. Ces \u00e9l\u00e9ments parlent le m\u00eame langue de sorte que la porte se fond dans le projet d&rsquo;habitation avec une <strong>\u00e9l\u00e9gante sobri\u00e9t\u00e9<\/strong>.<\/p>\n\t\t<\/div>\n\t\t<\/section>\n\n\n\n<div class=\"scw-block-pages-list\">\n\t<div class=\"scw-block-pages-list__title\">\n\t\t<span>Les mod\u00e8les Plate<\/span>\n\t<\/div>\n\t<div class=\"scw-block-pages-list__container\">\n\t\t\t\t\t<div class=\"scw-block-pages-list__wrapper\">\n\t\t\t\t\n\t\t\t\t\t<div class=\"scw-block-pages-list__item\">\n\t\t\t\t\t\t<a href=\"https:\/\/www.aliasblindate.com\/fr\/portes-blindees\/i-modelli-plate\/dream-one\/\" class=\"scw-btn scw-block-pages-list__button\">Dream One<\/a>\n\t\t\t\t\t<\/div>\n\n\t\t\t\t\t\n\t\t\t\t\t<div class=\"scw-block-pages-list__item\">\n\t\t\t\t\t\t<a href=\"https:\/\/www.aliasblindate.com\/fr\/portes-blindees\/portes-coplanaires-flat\/\" class=\"scw-btn scw-block-pages-list__button\">FLAT<\/a>\n\t\t\t\t\t<\/div>\n\n\t\t\t\t\t\t\t\t<\/div>\n\t\t\t\t<\/div>\n<\/div>\n","protected":false},"excerpt":{"rendered":"","protected":false},"author":5,"featured_media":16459,"parent":15256,"menu_order":2,"comment_status":"closed","ping_status":"closed","template":"","meta":{"footnotes":""},"page-category":[91],"acf":[],"yoast_head":"<!-- This site is optimized with the Yoast SEO plugin v23.5 - https:\/\/yoast.com\/wordpress\/plugins\/seo\/ -->\n<title>Les mod\u00e8les Plate - affleurement parfait entre battant et cadre | Alias Blindate<\/title>\n<meta name=\"robots\" content=\"index, follow, max-snippet:-1, max-image-preview:large, max-video-preview:-1\" \/>\n<link rel=\"canonical\" href=\"https:\/\/www.aliasblindate.com\/fr\/portes-blindees\/i-modelli-plate\/\" \/>\n<meta property=\"og:locale\" content=\"fr_FR\" \/>\n<meta property=\"og:type\" content=\"article\" \/>\n<meta property=\"og:title\" content=\"Les mod\u00e8les Plate - affleurement parfait entre battant et cadre | Alias Blindate\" \/>\n<meta property=\"og:url\" content=\"https:\/\/www.aliasblindate.com\/fr\/portes-blindees\/i-modelli-plate\/\" \/>\n<meta property=\"og:site_name\" content=\"Alias Blindate\" \/>\n<meta property=\"article:publisher\" content=\"https:\/\/www.facebook.com\/aliasporteblindate\" \/>\n<meta property=\"article:modified_time\" content=\"2025-04-23T07:09:48+00:00\" \/>\n<meta property=\"og:image\" content=\"https:\/\/www.aliasblindate.com\/wp-content\/uploads\/2024\/10\/plate-head.jpg\" \/>\n\t<meta property=\"og:image:width\" content=\"1650\" \/>\n\t<meta property=\"og:image:height\" content=\"590\" \/>\n\t<meta property=\"og:image:type\" content=\"image\/jpeg\" \/>\n<meta name=\"twitter:card\" content=\"summary_large_image\" \/>\n<meta name=\"twitter:label1\" content=\"Dur\u00e9e de lecture estim\u00e9e\" \/>\n\t<meta name=\"twitter:data1\" content=\"1 minute\" \/>\n<script type=\"application\/ld+json\" class=\"yoast-schema-graph\">{\"@context\":\"https:\/\/schema.org\",\"@graph\":[{\"@type\":\"WebPage\",\"@id\":\"https:\/\/www.aliasblindate.com\/fr\/portes-blindees\/i-modelli-plate\/\",\"url\":\"https:\/\/www.aliasblindate.com\/fr\/portes-blindees\/i-modelli-plate\/\",\"name\":\"Les mod\u00e8les Plate - affleurement parfait entre battant et cadre | Alias Blindate\",\"isPartOf\":{\"@id\":\"https:\/\/www.aliasblindate.com\/fr\/#website\"},\"primaryImageOfPage\":{\"@id\":\"https:\/\/www.aliasblindate.com\/fr\/portes-blindees\/i-modelli-plate\/#primaryimage\"},\"image\":{\"@id\":\"https:\/\/www.aliasblindate.com\/fr\/portes-blindees\/i-modelli-plate\/#primaryimage\"},\"thumbnailUrl\":\"https:\/\/www.aliasblindate.com\/wp-content\/uploads\/2024\/10\/plate-head.jpg\",\"datePublished\":\"2024-10-08T12:50:06+00:00\",\"dateModified\":\"2025-04-23T07:09:48+00:00\",\"breadcrumb\":{\"@id\":\"https:\/\/www.aliasblindate.com\/fr\/portes-blindees\/i-modelli-plate\/#breadcrumb\"},\"inLanguage\":\"fr-FR\",\"potentialAction\":[{\"@type\":\"ReadAction\",\"target\":[\"https:\/\/www.aliasblindate.com\/fr\/portes-blindees\/i-modelli-plate\/\"]}]},{\"@type\":\"ImageObject\",\"inLanguage\":\"fr-FR\",\"@id\":\"https:\/\/www.aliasblindate.com\/fr\/portes-blindees\/i-modelli-plate\/#primaryimage\",\"url\":\"https:\/\/www.aliasblindate.com\/wp-content\/uploads\/2024\/10\/plate-head.jpg\",\"contentUrl\":\"https:\/\/www.aliasblindate.com\/wp-content\/uploads\/2024\/10\/plate-head.jpg\",\"width\":1650,\"height\":590},{\"@type\":\"BreadcrumbList\",\"@id\":\"https:\/\/www.aliasblindate.com\/fr\/portes-blindees\/i-modelli-plate\/#breadcrumb\",\"itemListElement\":[{\"@type\":\"ListItem\",\"position\":1,\"name\":\"Home\",\"item\":\"https:\/\/www.aliasblindate.com\/fr\/\"},{\"@type\":\"ListItem\",\"position\":2,\"name\":\"Portes blind\u00e9es\",\"item\":\"https:\/\/www.aliasblindate.com\/fr\/portes-blindees\/\"},{\"@type\":\"ListItem\",\"position\":3,\"name\":\"Les mod\u00e8les Plate &#8211; affleurement parfait entre battant et cadre\"}]},{\"@type\":\"WebSite\",\"@id\":\"https:\/\/www.aliasblindate.com\/fr\/#website\",\"url\":\"https:\/\/www.aliasblindate.com\/fr\/\",\"name\":\"Alias Blindate\",\"description\":\"\",\"publisher\":{\"@id\":\"https:\/\/www.aliasblindate.com\/fr\/#organization\"},\"potentialAction\":[{\"@type\":\"SearchAction\",\"target\":{\"@type\":\"EntryPoint\",\"urlTemplate\":\"https:\/\/www.aliasblindate.com\/fr\/?s={search_term_string}\"},\"query-input\":{\"@type\":\"PropertyValueSpecification\",\"valueRequired\":true,\"valueName\":\"search_term_string\"}}],\"inLanguage\":\"fr-FR\"},{\"@type\":\"Organization\",\"@id\":\"https:\/\/www.aliasblindate.com\/fr\/#organization\",\"name\":\"Alias Blindate\",\"url\":\"https:\/\/www.aliasblindate.com\/fr\/\",\"logo\":{\"@type\":\"ImageObject\",\"inLanguage\":\"fr-FR\",\"@id\":\"https:\/\/www.aliasblindate.com\/fr\/#\/schema\/logo\/image\/\",\"url\":\"https:\/\/www.aliasblindate.com\/wp-content\/uploads\/2019\/10\/logo@2x.png\",\"contentUrl\":\"https:\/\/www.aliasblindate.com\/wp-content\/uploads\/2019\/10\/logo@2x.png\",\"width\":498,\"height\":88,\"caption\":\"Alias Blindate\"},\"image\":{\"@id\":\"https:\/\/www.aliasblindate.com\/fr\/#\/schema\/logo\/image\/\"},\"sameAs\":[\"https:\/\/www.facebook.com\/aliasporteblindate\",\"https:\/\/www.instagram.com\/alias_porte_blindate\/\"]}]}<\/script>\n<!-- \/ Yoast SEO plugin. -->","yoast_head_json":{"title":"Les mod\u00e8les Plate - affleurement parfait entre battant et cadre | Alias Blindate","robots":{"index":"index","follow":"follow","max-snippet":"max-snippet:-1","max-image-preview":"max-image-preview:large","max-video-preview":"max-video-preview:-1"},"canonical":"https:\/\/www.aliasblindate.com\/fr\/portes-blindees\/i-modelli-plate\/","og_locale":"fr_FR","og_type":"article","og_title":"Les mod\u00e8les Plate - affleurement parfait entre battant et cadre | Alias Blindate","og_url":"https:\/\/www.aliasblindate.com\/fr\/portes-blindees\/i-modelli-plate\/","og_site_name":"Alias Blindate","article_publisher":"https:\/\/www.facebook.com\/aliasporteblindate","article_modified_time":"2025-04-23T07:09:48+00:00","og_image":[{"width":1650,"height":590,"url":"https:\/\/www.aliasblindate.com\/wp-content\/uploads\/2024\/10\/plate-head.jpg","type":"image\/jpeg"}],"twitter_card":"summary_large_image","twitter_misc":{"Dur\u00e9e de lecture estim\u00e9e":"1 minute"},"schema":{"@context":"https:\/\/schema.org","@graph":[{"@type":"WebPage","@id":"https:\/\/www.aliasblindate.com\/fr\/portes-blindees\/i-modelli-plate\/","url":"https:\/\/www.aliasblindate.com\/fr\/portes-blindees\/i-modelli-plate\/","name":"Les mod\u00e8les Plate - affleurement parfait entre battant et cadre | Alias Blindate","isPartOf":{"@id":"https:\/\/www.aliasblindate.com\/fr\/#website"},"primaryImageOfPage":{"@id":"https:\/\/www.aliasblindate.com\/fr\/portes-blindees\/i-modelli-plate\/#primaryimage"},"image":{"@id":"https:\/\/www.aliasblindate.com\/fr\/portes-blindees\/i-modelli-plate\/#primaryimage"},"thumbnailUrl":"https:\/\/www.aliasblindate.com\/wp-content\/uploads\/2024\/10\/plate-head.jpg","datePublished":"2024-10-08T12:50:06+00:00","dateModified":"2025-04-23T07:09:48+00:00","breadcrumb":{"@id":"https:\/\/www.aliasblindate.com\/fr\/portes-blindees\/i-modelli-plate\/#breadcrumb"},"inLanguage":"fr-FR","potentialAction":[{"@type":"ReadAction","target":["https:\/\/www.aliasblindate.com\/fr\/portes-blindees\/i-modelli-plate\/"]}]},{"@type":"ImageObject","inLanguage":"fr-FR","@id":"https:\/\/www.aliasblindate.com\/fr\/portes-blindees\/i-modelli-plate\/#primaryimage","url":"https:\/\/www.aliasblindate.com\/wp-content\/uploads\/2024\/10\/plate-head.jpg","contentUrl":"https:\/\/www.aliasblindate.com\/wp-content\/uploads\/2024\/10\/plate-head.jpg","width":1650,"height":590},{"@type":"BreadcrumbList","@id":"https:\/\/www.aliasblindate.com\/fr\/portes-blindees\/i-modelli-plate\/#breadcrumb","itemListElement":[{"@type":"ListItem","position":1,"name":"Home","item":"https:\/\/www.aliasblindate.com\/fr\/"},{"@type":"ListItem","position":2,"name":"Portes blind\u00e9es","item":"https:\/\/www.aliasblindate.com\/fr\/portes-blindees\/"},{"@type":"ListItem","position":3,"name":"Les mod\u00e8les Plate &#8211; affleurement parfait entre battant et cadre"}]},{"@type":"WebSite","@id":"https:\/\/www.aliasblindate.com\/fr\/#website","url":"https:\/\/www.aliasblindate.com\/fr\/","name":"Alias Blindate","description":"","publisher":{"@id":"https:\/\/www.aliasblindate.com\/fr\/#organization"},"potentialAction":[{"@type":"SearchAction","target":{"@type":"EntryPoint","urlTemplate":"https:\/\/www.aliasblindate.com\/fr\/?s={search_term_string}"},"query-input":{"@type":"PropertyValueSpecification","valueRequired":true,"valueName":"search_term_string"}}],"inLanguage":"fr-FR"},{"@type":"Organization","@id":"https:\/\/www.aliasblindate.com\/fr\/#organization","name":"Alias Blindate","url":"https:\/\/www.aliasblindate.com\/fr\/","logo":{"@type":"ImageObject","inLanguage":"fr-FR","@id":"https:\/\/www.aliasblindate.com\/fr\/#\/schema\/logo\/image\/","url":"https:\/\/www.aliasblindate.com\/wp-content\/uploads\/2019\/10\/logo@2x.png","contentUrl":"https:\/\/www.aliasblindate.com\/wp-content\/uploads\/2019\/10\/logo@2x.png","width":498,"height":88,"caption":"Alias Blindate"},"image":{"@id":"https:\/\/www.aliasblindate.com\/fr\/#\/schema\/logo\/image\/"},"sameAs":["https:\/\/www.facebook.com\/aliasporteblindate","https:\/\/www.instagram.com\/alias_porte_blindate\/"]}]}},"_links":{"self":[{"href":"https:\/\/www.aliasblindate.com\/fr\/wp-json\/wp\/v2\/pages\/16466"}],"collection":[{"href":"https:\/\/www.aliasblindate.com\/fr\/wp-json\/wp\/v2\/pages"}],"about":[{"href":"https:\/\/www.aliasblindate.com\/fr\/wp-json\/wp\/v2\/types\/page"}],"author":[{"embeddable":true,"href":"https:\/\/www.aliasblindate.com\/fr\/wp-json\/wp\/v2\/users\/5"}],"replies":[{"embeddable":true,"href":"https:\/\/www.aliasblindate.com\/fr\/wp-json\/wp\/v2\/comments?post=16466"}],"version-history":[{"count":10,"href":"https:\/\/www.aliasblindate.com\/fr\/wp-json\/wp\/v2\/pages\/16466\/revisions"}],"predecessor-version":[{"id":17882,"href":"https:\/\/www.aliasblindate.com\/fr\/wp-json\/wp\/v2\/pages\/16466\/revisions\/17882"}],"up":[{"embeddable":true,"href":"https:\/\/www.aliasblindate.com\/fr\/wp-json\/wp\/v2\/pages\/15256"}],"wp:featuredmedia":[{"embeddable":true,"href":"https:\/\/www.aliasblindate.com\/fr\/wp-json\/wp\/v2\/media\/16459"}],"wp:attachment":[{"href":"https:\/\/www.aliasblindate.com\/fr\/wp-json\/wp\/v2\/media?parent=16466"}],"wp:term":[{"taxonomy":"page-category","embeddable":true,"href":"https:\/\/www.aliasblindate.com\/fr\/wp-json\/wp\/v2\/page-category?post=16466"}],"curies":[{"name":"wp","href":"https:\/\/api.w.org\/{rel}","templated":true}]}}