{"id":16450,"date":"2020-11-01T11:43:21","date_gmt":"2020-11-01T10:43:21","guid":{"rendered":"https:\/\/www.aliasblindate.com\/portes-blindees\/composants-et-accessoires\/sopraluce-e-fianchi-luce\/"},"modified":"2025-04-23T11:50:28","modified_gmt":"2025-04-23T09:50:28","slug":"impostes-et-fenetres-laterales","status":"publish","type":"page","link":"https:\/\/www.aliasblindate.com\/fr\/portes-blindees\/composants-et-accessoires\/impostes-et-fenetres-laterales\/","title":{"rendered":"IMPOSTES ET PARTIES FIXES LAT\u00c9RALES"},"content":{"rendered":"<section class=\"scw-title-block title-wrapper has-thumb\">\n\t<div class=\"breadcrumbs\"><span><span><a href=\"https:\/\/www.aliasblindate.com\/fr\/\">Home<\/a><\/span><\/span><\/div>\t<div class=\"\">\n\t\t<div class=\"single-title\"><h1 class=\"scw-title\">IMPOSTES ET PARTIES FIXES LAT\u00c9RALES<\/div>\n\n\t\t\t<\/div>\n<\/section>\n\n\n<p class=\"p1\">Pour assurer une grande luminosit\u00e9 \u00e0 l&rsquo;espace sans sacrifier la s\u00e9curit\u00e9, en plus d\u2019un choix de panneaux de rev\u00eatement vitr\u00e9s au design exclusif Alias, ou d\u2019une s\u00e9lection de panneaux \u00ab\u00a0vitrifiables\u00a0\u00bb sur plan, comme les Skipper Glass, il est possible de recourir \u00e0 deux solutions.<\/p>\n\n\n<div style=\"height:20px\" aria-hidden=\"true\" class=\"wp-block-spacer\"><\/div>\n\n\n\n<p class=\"scw-title\">Impostes et parties fixes lat\u00e9rales<\/p>\n\n\n\t<section class=\"scw-block-gallery-caption\">\n\t\t\t\t<div class=\"scw-block-gallery-caption__carousel owl-carousel owl-theme\">\n\t\t\t\t\t\t\t<div>\n\t\t\t\t\t\t\t\t\t\t\t<a class=\"dt-pswp-item scw-block-gallery-caption__link\" href=\"https:\/\/www.aliasblindate.com\/wp-content\/uploads\/2020\/11\/SOPRALUCE-2.jpg\" data-large_image_width=\"1200\" data-large_image_height=\"730\">\n\t\t\t\t\t\t\t<img loading=\"lazy\" decoding=\"async\" width=\"1200\" height=\"730\" src=\"https:\/\/www.aliasblindate.com\/wp-content\/uploads\/2020\/11\/SOPRALUCE-2.jpg\" data-src=\"https:\/\/www.aliasblindate.com\/wp-content\/uploads\/2020\/11\/SOPRALUCE-2.jpg\" class=\"owl-lazy\" srcset=\"https:\/\/www.aliasblindate.com\/wp-content\/uploads\/2020\/11\/SOPRALUCE-2.jpg 1200w, https:\/\/www.aliasblindate.com\/wp-content\/uploads\/2020\/11\/SOPRALUCE-2-300x183.jpg 300w, https:\/\/www.aliasblindate.com\/wp-content\/uploads\/2020\/11\/SOPRALUCE-2-768x467.jpg 768w, https:\/\/www.aliasblindate.com\/wp-content\/uploads\/2020\/11\/SOPRALUCE-2-1024x623.jpg 1024w\">\n\t\t\t\t\t\t<\/a>\n\t\t\t\t\t\t\t\t\t\t<div class=\"scw-block-gallery-caption__text-wrapper\">\n\t\t\t\t\t\t\t\t\t\t\t\t\t<div class=\"scw-block-gallery-caption__title\">Alias travaille avec le soin d\u2019un artisan dans son atelier pour produire sur mesure des portes avec parties fixes lat\u00e9rales et des portes avec des impostes, recouvertes \u00e0 l&rsquo;int\u00e9rieur de bois massif<\/div>\n\t\t\t\t\t\t\t\t\t\t\t\t\t\t\t\t\t<\/div>\n\t\t\t\t<\/div>\n\t\t\t\t\t\t\t\t<div>\n\t\t\t\t\t\t\t\t\t\t\t<a class=\"dt-pswp-item scw-block-gallery-caption__link\" href=\"https:\/\/www.aliasblindate.com\/wp-content\/uploads\/2020\/11\/SOPRALUCE-3.jpg\" data-large_image_width=\"1200\" data-large_image_height=\"730\">\n\t\t\t\t\t\t\t<img loading=\"lazy\" decoding=\"async\" width=\"1200\" height=\"730\" src=\"https:\/\/www.aliasblindate.com\/wp-content\/uploads\/2020\/11\/SOPRALUCE-3.jpg\" data-src=\"https:\/\/www.aliasblindate.com\/wp-content\/uploads\/2020\/11\/SOPRALUCE-3.jpg\" class=\"owl-lazy\" srcset=\"https:\/\/www.aliasblindate.com\/wp-content\/uploads\/2020\/11\/SOPRALUCE-3.jpg 1200w, https:\/\/www.aliasblindate.com\/wp-content\/uploads\/2020\/11\/SOPRALUCE-3-300x183.jpg 300w, https:\/\/www.aliasblindate.com\/wp-content\/uploads\/2020\/11\/SOPRALUCE-3-768x467.jpg 768w, https:\/\/www.aliasblindate.com\/wp-content\/uploads\/2020\/11\/SOPRALUCE-3-1024x623.jpg 1024w\">\n\t\t\t\t\t\t<\/a>\n\t\t\t\t\t\t\t\t\t\t<div class=\"scw-block-gallery-caption__text-wrapper\">\n\t\t\t\t\t\t\t\t\t\t\t\t\t<div class=\"scw-block-gallery-caption__title\">Section horizontale et battant avec deux parties fixes lat\u00e9rales<\/div>\n\t\t\t\t\t\t\t\t\t\t\t\t\t\t\t\t\t<\/div>\n\t\t\t\t<\/div>\n\t\t\t\t\t\t\t\t<div>\n\t\t\t\t\t\t\t\t\t\t\t<a class=\"dt-pswp-item scw-block-gallery-caption__link\" href=\"https:\/\/www.aliasblindate.com\/wp-content\/uploads\/2020\/11\/SOPRALUCE-4.jpg\" data-large_image_width=\"1200\" data-large_image_height=\"730\">\n\t\t\t\t\t\t\t<img loading=\"lazy\" decoding=\"async\" width=\"1200\" height=\"730\" src=\"https:\/\/www.aliasblindate.com\/wp-content\/uploads\/2020\/11\/SOPRALUCE-4.jpg\" data-src=\"https:\/\/www.aliasblindate.com\/wp-content\/uploads\/2020\/11\/SOPRALUCE-4.jpg\" class=\"owl-lazy\" srcset=\"https:\/\/www.aliasblindate.com\/wp-content\/uploads\/2020\/11\/SOPRALUCE-4.jpg 1200w, https:\/\/www.aliasblindate.com\/wp-content\/uploads\/2020\/11\/SOPRALUCE-4-300x183.jpg 300w, https:\/\/www.aliasblindate.com\/wp-content\/uploads\/2020\/11\/SOPRALUCE-4-768x467.jpg 768w, https:\/\/www.aliasblindate.com\/wp-content\/uploads\/2020\/11\/SOPRALUCE-4-1024x623.jpg 1024w\">\n\t\t\t\t\t\t<\/a>\n\t\t\t\t\t\t\t\t\t\t<div class=\"scw-block-gallery-caption__text-wrapper\">\n\t\t\t\t\t\t\t\t\t\t\t\t\t<div class=\"scw-block-gallery-caption__title\">Section horizontale et battant avec deux parties fixes lat\u00e9rales et kit atelier complet pour int\u00e9rieur<\/div>\n\t\t\t\t\t\t\t\t\t\t\t\t\t\t\t\t\t<\/div>\n\t\t\t\t<\/div>\n\t\t\t\t\t\t\t\t<div>\n\t\t\t\t\t\t\t\t\t\t\t<a class=\"dt-pswp-item scw-block-gallery-caption__link\" href=\"https:\/\/www.aliasblindate.com\/wp-content\/uploads\/2020\/11\/SOPRALUCE-1.jpg\" data-large_image_width=\"1200\" data-large_image_height=\"730\">\n\t\t\t\t\t\t\t<img loading=\"lazy\" decoding=\"async\" width=\"1200\" height=\"730\" src=\"https:\/\/www.aliasblindate.com\/wp-content\/uploads\/2020\/11\/SOPRALUCE-1.jpg\" data-src=\"https:\/\/www.aliasblindate.com\/wp-content\/uploads\/2020\/11\/SOPRALUCE-1.jpg\" class=\"owl-lazy\" srcset=\"https:\/\/www.aliasblindate.com\/wp-content\/uploads\/2020\/11\/SOPRALUCE-1.jpg 1200w, https:\/\/www.aliasblindate.com\/wp-content\/uploads\/2020\/11\/SOPRALUCE-1-300x183.jpg 300w, https:\/\/www.aliasblindate.com\/wp-content\/uploads\/2020\/11\/SOPRALUCE-1-768x467.jpg 768w, https:\/\/www.aliasblindate.com\/wp-content\/uploads\/2020\/11\/SOPRALUCE-1-1024x623.jpg 1024w\">\n\t\t\t\t\t\t<\/a>\n\t\t\t\t\t\t\t\t\t\t<div class=\"scw-block-gallery-caption__text-wrapper\">\n\t\t\t\t\t\t\t\t\t\t\t\t\t<div class=\"scw-block-gallery-caption__title\">Vasistas \u00e0 ouverture m\u00e9canique ou motoris\u00e9e. Le moteur est int\u00e9gr\u00e9, invisible, dans le cadre.<\/div>\n\t\t\t\t\t\t\t\t\t\t\t\t\t\t\t\t\t<\/div>\n\t\t\t\t<\/div>\n\t\t\t\t\t\t<\/div>\n\t<\/section>\n\t","protected":false},"excerpt":{"rendered":"<p>Pour assurer une grande luminosit\u00e9 \u00e0 l&rsquo;espace sans sacrifier la s\u00e9curit\u00e9, en plus d\u2019un choix de panneaux de rev\u00eatement vitr\u00e9s au design exclusif Alias, ou d\u2019une s\u00e9lection de panneaux \u00ab\u00a0vitrifiables\u00a0\u00bb sur plan, comme les Skipper Glass, il est possible de recourir \u00e0 deux solutions. Impostes et parties fixes lat\u00e9rales<\/p>\n","protected":false},"author":5,"featured_media":16451,"parent":16411,"menu_order":2,"comment_status":"closed","ping_status":"closed","template":"","meta":{"footnotes":""},"page-category":[70],"acf":[],"yoast_head":"<!-- This site is optimized with the Yoast SEO plugin v23.5 - https:\/\/yoast.com\/wordpress\/plugins\/seo\/ -->\n<title>IMPOSTES ET PARTIES FIXES LAT\u00c9RALES | Alias Blindate<\/title>\n<meta name=\"description\" content=\"Alias travaille avec le soin d\u2019un artisan dans son atelier pour produire sur mesure des portes avec fen\u00eatres lat\u00e9rales et des portes avec des impostes, recouvertes \u00e0 l&#039;int\u00e9rieur de bois massif\" \/>\n<meta name=\"robots\" content=\"index, follow, max-snippet:-1, max-image-preview:large, max-video-preview:-1\" \/>\n<link rel=\"canonical\" href=\"https:\/\/www.aliasblindate.com\/fr\/portes-blindees\/composants-et-accessoires\/impostes-et-fenetres-laterales\/\" \/>\n<meta property=\"og:locale\" content=\"fr_FR\" \/>\n<meta property=\"og:type\" content=\"article\" \/>\n<meta property=\"og:title\" content=\"IMPOSTES ET PARTIES FIXES LAT\u00c9RALES | Alias Blindate\" \/>\n<meta property=\"og:description\" content=\"Alias travaille avec le soin d\u2019un artisan dans son atelier pour produire sur mesure des portes avec fen\u00eatres lat\u00e9rales et des portes avec des impostes, recouvertes \u00e0 l&#039;int\u00e9rieur de bois massif\" \/>\n<meta property=\"og:url\" content=\"https:\/\/www.aliasblindate.com\/fr\/portes-blindees\/composants-et-accessoires\/impostes-et-fenetres-laterales\/\" \/>\n<meta property=\"og:site_name\" content=\"Alias Blindate\" \/>\n<meta property=\"article:publisher\" content=\"https:\/\/www.facebook.com\/aliasporteblindate\" \/>\n<meta property=\"article:modified_time\" content=\"2025-04-23T09:50:28+00:00\" \/>\n<meta property=\"og:image\" content=\"https:\/\/www.aliasblindate.com\/wp-content\/uploads\/2024\/11\/luce.jpg\" \/>\n\t<meta property=\"og:image:width\" content=\"1650\" \/>\n\t<meta property=\"og:image:height\" content=\"590\" \/>\n\t<meta property=\"og:image:type\" content=\"image\/jpeg\" \/>\n<meta name=\"twitter:card\" content=\"summary_large_image\" \/>\n<meta name=\"twitter:label1\" content=\"Dur\u00e9e de lecture estim\u00e9e\" \/>\n\t<meta name=\"twitter:data1\" content=\"1 minute\" \/>\n<script type=\"application\/ld+json\" class=\"yoast-schema-graph\">{\"@context\":\"https:\/\/schema.org\",\"@graph\":[{\"@type\":\"WebPage\",\"@id\":\"https:\/\/www.aliasblindate.com\/fr\/portes-blindees\/composants-et-accessoires\/impostes-et-fenetres-laterales\/\",\"url\":\"https:\/\/www.aliasblindate.com\/fr\/portes-blindees\/composants-et-accessoires\/impostes-et-fenetres-laterales\/\",\"name\":\"IMPOSTES ET PARTIES FIXES LAT\u00c9RALES | Alias Blindate\",\"isPartOf\":{\"@id\":\"https:\/\/www.aliasblindate.com\/fr\/#website\"},\"primaryImageOfPage\":{\"@id\":\"https:\/\/www.aliasblindate.com\/fr\/portes-blindees\/composants-et-accessoires\/impostes-et-fenetres-laterales\/#primaryimage\"},\"image\":{\"@id\":\"https:\/\/www.aliasblindate.com\/fr\/portes-blindees\/composants-et-accessoires\/impostes-et-fenetres-laterales\/#primaryimage\"},\"thumbnailUrl\":\"https:\/\/www.aliasblindate.com\/wp-content\/uploads\/2024\/11\/luce.jpg\",\"datePublished\":\"2020-11-01T10:43:21+00:00\",\"dateModified\":\"2025-04-23T09:50:28+00:00\",\"description\":\"Alias travaille avec le soin d\u2019un artisan dans son atelier pour produire sur mesure des portes avec fen\u00eatres lat\u00e9rales et des portes avec des impostes, recouvertes \u00e0 l'int\u00e9rieur de bois massif\",\"breadcrumb\":{\"@id\":\"https:\/\/www.aliasblindate.com\/fr\/portes-blindees\/composants-et-accessoires\/impostes-et-fenetres-laterales\/#breadcrumb\"},\"inLanguage\":\"fr-FR\",\"potentialAction\":[{\"@type\":\"ReadAction\",\"target\":[\"https:\/\/www.aliasblindate.com\/fr\/portes-blindees\/composants-et-accessoires\/impostes-et-fenetres-laterales\/\"]}]},{\"@type\":\"ImageObject\",\"inLanguage\":\"fr-FR\",\"@id\":\"https:\/\/www.aliasblindate.com\/fr\/portes-blindees\/composants-et-accessoires\/impostes-et-fenetres-laterales\/#primaryimage\",\"url\":\"https:\/\/www.aliasblindate.com\/wp-content\/uploads\/2024\/11\/luce.jpg\",\"contentUrl\":\"https:\/\/www.aliasblindate.com\/wp-content\/uploads\/2024\/11\/luce.jpg\",\"width\":1650,\"height\":590},{\"@type\":\"BreadcrumbList\",\"@id\":\"https:\/\/www.aliasblindate.com\/fr\/portes-blindees\/composants-et-accessoires\/impostes-et-fenetres-laterales\/#breadcrumb\",\"itemListElement\":[{\"@type\":\"ListItem\",\"position\":1,\"name\":\"Home\",\"item\":\"https:\/\/www.aliasblindate.com\/fr\/\"},{\"@type\":\"ListItem\",\"position\":2,\"name\":\"Portes blind\u00e9es\",\"item\":\"https:\/\/www.aliasblindate.com\/fr\/portes-blindees\/\"},{\"@type\":\"ListItem\",\"position\":3,\"name\":\"Composants et accessoires\",\"item\":\"https:\/\/www.aliasblindate.com\/fr\/portes-blindees\/composants-et-accessoires\/\"},{\"@type\":\"ListItem\",\"position\":4,\"name\":\"IMPOSTES ET PARTIES FIXES LAT\u00c9RALES\"}]},{\"@type\":\"WebSite\",\"@id\":\"https:\/\/www.aliasblindate.com\/fr\/#website\",\"url\":\"https:\/\/www.aliasblindate.com\/fr\/\",\"name\":\"Alias Blindate\",\"description\":\"\",\"publisher\":{\"@id\":\"https:\/\/www.aliasblindate.com\/fr\/#organization\"},\"potentialAction\":[{\"@type\":\"SearchAction\",\"target\":{\"@type\":\"EntryPoint\",\"urlTemplate\":\"https:\/\/www.aliasblindate.com\/fr\/?s={search_term_string}\"},\"query-input\":{\"@type\":\"PropertyValueSpecification\",\"valueRequired\":true,\"valueName\":\"search_term_string\"}}],\"inLanguage\":\"fr-FR\"},{\"@type\":\"Organization\",\"@id\":\"https:\/\/www.aliasblindate.com\/fr\/#organization\",\"name\":\"Alias Blindate\",\"url\":\"https:\/\/www.aliasblindate.com\/fr\/\",\"logo\":{\"@type\":\"ImageObject\",\"inLanguage\":\"fr-FR\",\"@id\":\"https:\/\/www.aliasblindate.com\/fr\/#\/schema\/logo\/image\/\",\"url\":\"https:\/\/www.aliasblindate.com\/wp-content\/uploads\/2019\/10\/logo@2x.png\",\"contentUrl\":\"https:\/\/www.aliasblindate.com\/wp-content\/uploads\/2019\/10\/logo@2x.png\",\"width\":498,\"height\":88,\"caption\":\"Alias Blindate\"},\"image\":{\"@id\":\"https:\/\/www.aliasblindate.com\/fr\/#\/schema\/logo\/image\/\"},\"sameAs\":[\"https:\/\/www.facebook.com\/aliasporteblindate\",\"https:\/\/www.instagram.com\/alias_porte_blindate\/\"]}]}<\/script>\n<!-- \/ Yoast SEO plugin. -->","yoast_head_json":{"title":"IMPOSTES ET PARTIES FIXES LAT\u00c9RALES | Alias Blindate","description":"Alias travaille avec le soin d\u2019un artisan dans son atelier pour produire sur mesure des portes avec fen\u00eatres lat\u00e9rales et des portes avec des impostes, recouvertes \u00e0 l'int\u00e9rieur de bois massif","robots":{"index":"index","follow":"follow","max-snippet":"max-snippet:-1","max-image-preview":"max-image-preview:large","max-video-preview":"max-video-preview:-1"},"canonical":"https:\/\/www.aliasblindate.com\/fr\/portes-blindees\/composants-et-accessoires\/impostes-et-fenetres-laterales\/","og_locale":"fr_FR","og_type":"article","og_title":"IMPOSTES ET PARTIES FIXES LAT\u00c9RALES | Alias Blindate","og_description":"Alias travaille avec le soin d\u2019un artisan dans son atelier pour produire sur mesure des portes avec fen\u00eatres lat\u00e9rales et des portes avec des impostes, recouvertes \u00e0 l'int\u00e9rieur de bois massif","og_url":"https:\/\/www.aliasblindate.com\/fr\/portes-blindees\/composants-et-accessoires\/impostes-et-fenetres-laterales\/","og_site_name":"Alias Blindate","article_publisher":"https:\/\/www.facebook.com\/aliasporteblindate","article_modified_time":"2025-04-23T09:50:28+00:00","og_image":[{"width":1650,"height":590,"url":"https:\/\/www.aliasblindate.com\/wp-content\/uploads\/2024\/11\/luce.jpg","type":"image\/jpeg"}],"twitter_card":"summary_large_image","twitter_misc":{"Dur\u00e9e de lecture estim\u00e9e":"1 minute"},"schema":{"@context":"https:\/\/schema.org","@graph":[{"@type":"WebPage","@id":"https:\/\/www.aliasblindate.com\/fr\/portes-blindees\/composants-et-accessoires\/impostes-et-fenetres-laterales\/","url":"https:\/\/www.aliasblindate.com\/fr\/portes-blindees\/composants-et-accessoires\/impostes-et-fenetres-laterales\/","name":"IMPOSTES ET PARTIES FIXES LAT\u00c9RALES | Alias Blindate","isPartOf":{"@id":"https:\/\/www.aliasblindate.com\/fr\/#website"},"primaryImageOfPage":{"@id":"https:\/\/www.aliasblindate.com\/fr\/portes-blindees\/composants-et-accessoires\/impostes-et-fenetres-laterales\/#primaryimage"},"image":{"@id":"https:\/\/www.aliasblindate.com\/fr\/portes-blindees\/composants-et-accessoires\/impostes-et-fenetres-laterales\/#primaryimage"},"thumbnailUrl":"https:\/\/www.aliasblindate.com\/wp-content\/uploads\/2024\/11\/luce.jpg","datePublished":"2020-11-01T10:43:21+00:00","dateModified":"2025-04-23T09:50:28+00:00","description":"Alias travaille avec le soin d\u2019un artisan dans son atelier pour produire sur mesure des portes avec fen\u00eatres lat\u00e9rales et des portes avec des impostes, recouvertes \u00e0 l'int\u00e9rieur de bois massif","breadcrumb":{"@id":"https:\/\/www.aliasblindate.com\/fr\/portes-blindees\/composants-et-accessoires\/impostes-et-fenetres-laterales\/#breadcrumb"},"inLanguage":"fr-FR","potentialAction":[{"@type":"ReadAction","target":["https:\/\/www.aliasblindate.com\/fr\/portes-blindees\/composants-et-accessoires\/impostes-et-fenetres-laterales\/"]}]},{"@type":"ImageObject","inLanguage":"fr-FR","@id":"https:\/\/www.aliasblindate.com\/fr\/portes-blindees\/composants-et-accessoires\/impostes-et-fenetres-laterales\/#primaryimage","url":"https:\/\/www.aliasblindate.com\/wp-content\/uploads\/2024\/11\/luce.jpg","contentUrl":"https:\/\/www.aliasblindate.com\/wp-content\/uploads\/2024\/11\/luce.jpg","width":1650,"height":590},{"@type":"BreadcrumbList","@id":"https:\/\/www.aliasblindate.com\/fr\/portes-blindees\/composants-et-accessoires\/impostes-et-fenetres-laterales\/#breadcrumb","itemListElement":[{"@type":"ListItem","position":1,"name":"Home","item":"https:\/\/www.aliasblindate.com\/fr\/"},{"@type":"ListItem","position":2,"name":"Portes blind\u00e9es","item":"https:\/\/www.aliasblindate.com\/fr\/portes-blindees\/"},{"@type":"ListItem","position":3,"name":"Composants et accessoires","item":"https:\/\/www.aliasblindate.com\/fr\/portes-blindees\/composants-et-accessoires\/"},{"@type":"ListItem","position":4,"name":"IMPOSTES ET PARTIES FIXES LAT\u00c9RALES"}]},{"@type":"WebSite","@id":"https:\/\/www.aliasblindate.com\/fr\/#website","url":"https:\/\/www.aliasblindate.com\/fr\/","name":"Alias Blindate","description":"","publisher":{"@id":"https:\/\/www.aliasblindate.com\/fr\/#organization"},"potentialAction":[{"@type":"SearchAction","target":{"@type":"EntryPoint","urlTemplate":"https:\/\/www.aliasblindate.com\/fr\/?s={search_term_string}"},"query-input":{"@type":"PropertyValueSpecification","valueRequired":true,"valueName":"search_term_string"}}],"inLanguage":"fr-FR"},{"@type":"Organization","@id":"https:\/\/www.aliasblindate.com\/fr\/#organization","name":"Alias Blindate","url":"https:\/\/www.aliasblindate.com\/fr\/","logo":{"@type":"ImageObject","inLanguage":"fr-FR","@id":"https:\/\/www.aliasblindate.com\/fr\/#\/schema\/logo\/image\/","url":"https:\/\/www.aliasblindate.com\/wp-content\/uploads\/2019\/10\/logo@2x.png","contentUrl":"https:\/\/www.aliasblindate.com\/wp-content\/uploads\/2019\/10\/logo@2x.png","width":498,"height":88,"caption":"Alias Blindate"},"image":{"@id":"https:\/\/www.aliasblindate.com\/fr\/#\/schema\/logo\/image\/"},"sameAs":["https:\/\/www.facebook.com\/aliasporteblindate","https:\/\/www.instagram.com\/alias_porte_blindate\/"]}]}},"_links":{"self":[{"href":"https:\/\/www.aliasblindate.com\/fr\/wp-json\/wp\/v2\/pages\/16450"}],"collection":[{"href":"https:\/\/www.aliasblindate.com\/fr\/wp-json\/wp\/v2\/pages"}],"about":[{"href":"https:\/\/www.aliasblindate.com\/fr\/wp-json\/wp\/v2\/types\/page"}],"author":[{"embeddable":true,"href":"https:\/\/www.aliasblindate.com\/fr\/wp-json\/wp\/v2\/users\/5"}],"replies":[{"embeddable":true,"href":"https:\/\/www.aliasblindate.com\/fr\/wp-json\/wp\/v2\/comments?post=16450"}],"version-history":[{"count":13,"href":"https:\/\/www.aliasblindate.com\/fr\/wp-json\/wp\/v2\/pages\/16450\/revisions"}],"predecessor-version":[{"id":17938,"href":"https:\/\/www.aliasblindate.com\/fr\/wp-json\/wp\/v2\/pages\/16450\/revisions\/17938"}],"up":[{"embeddable":true,"href":"https:\/\/www.aliasblindate.com\/fr\/wp-json\/wp\/v2\/pages\/16411"}],"wp:featuredmedia":[{"embeddable":true,"href":"https:\/\/www.aliasblindate.com\/fr\/wp-json\/wp\/v2\/media\/16451"}],"wp:attachment":[{"href":"https:\/\/www.aliasblindate.com\/fr\/wp-json\/wp\/v2\/media?parent=16450"}],"wp:term":[{"taxonomy":"page-category","embeddable":true,"href":"https:\/\/www.aliasblindate.com\/fr\/wp-json\/wp\/v2\/page-category?post=16450"}],"curies":[{"name":"wp","href":"https:\/\/api.w.org\/{rel}","templated":true}]}}