{"id":16438,"date":"2020-11-01T11:27:10","date_gmt":"2020-11-01T10:27:10","guid":{"rendered":"https:\/\/www.aliasblindate.com\/portes-blindees\/composants-et-accessoires\/serrature-motorizzate\/"},"modified":"2025-04-02T09:16:47","modified_gmt":"2025-04-02T07:16:47","slug":"serrures-motorisees","status":"publish","type":"page","link":"https:\/\/www.aliasblindate.com\/fr\/portes-blindees\/composants-et-accessoires\/serrures-motorisees\/","title":{"rendered":"Serrures pour portes blind\u00e9es motoris\u00e9es"},"content":{"rendered":"<section class=\"scw-title-block title-wrapper has-thumb\">\n\t<div class=\"breadcrumbs\"><span><span><a href=\"https:\/\/www.aliasblindate.com\/fr\/\">Home<\/a><\/span><\/span><\/div>\t<div class=\"\">\n\t\t<div class=\"single-title\"><h1 class=\"scw-title\">Serrures pour portes blind\u00e9es motoris\u00e9es<\/div>\n\n\t\t\t<\/div>\n<\/section>\n\n\n\t<section class=\"finishing-section\">\n\t\t\n\t\t\t\t\t<div class=\"carousel-title scw-title\">Serrure motoris\u00e9e Smart<\/div>\n\t\t\n\t\t\t\t\t<div class=\"carousel-description\"><p>Haut de gamme parmi les serrures pour portes blind\u00e9es d&rsquo;Alias, la <strong>serrure Smart<\/strong> est command\u00e9e par un syst\u00e8me \u00e9lectronique automatique sophistiqu\u00e9 qui permet le contr\u00f4le \u00e0 distance des acc\u00e8s \u00e0 la maison via votre smartphone. Il suffit de t\u00e9l\u00e9charger l\u2019application gratuite appropri\u00e9e et, en quelques \u00e9tapes simples, vous pourrez avoir le contr\u00f4le total de l&rsquo;entr\u00e9e de la maison.<\/p>\n<p><strong>Smart<\/strong> est \u00e9galement certifi\u00e9e pour les portes coupe-feu jusqu&rsquo;\u00e0 90 minutes. Son alimentation peut se faire par batterie ou par passe-c\u00e2ble connect\u00e9 au syst\u00e8me \u00e9lectrique, ou les deux en m\u00eame temps*.<\/p>\n<p>Le bouton d&rsquo;ouverture interne n&rsquo;est pas pr\u00e9vu car le syst\u00e8me s\u00e9curis\u00e9 utilis\u00e9 permet l\u2019ouverture par simple action sur la poign\u00e9e ; bien s\u00fbr, il pr\u00e9voit la fermeture automatique des verrous en refermant tout simplement le battant.<\/p>\n<p>L\u2019\u00e9l\u00e9gant clavier alphanum\u00e9rique externe peut \u00eatre combin\u00e9 avec un r\u00e9cepteur invisible pour le transpondeur, en pr\u00e9voyant \u00e9galement l\u2019ouverture par des badges.<\/p>\n<p>3 modes de programmation peuvent \u00eatre configur\u00e9s.<\/p>\n<p>*<em>l\u2019utilisation du clavier capacitif Alias doit imp\u00e9rativement pr\u00e9voir l\u2019alimentation \u00e0 partir du r\u00e9seau \u00e9lectrique.<\/em><\/p>\n<\/div>\n\t\t\n\t\t\t\t\t<div class=\"finishing-carousel owl-carousel owl-theme\">\n\t\t\t\t\t\t\t\t\t<div class=\"carousel-slide\">\n\t\t\t\t\t\t\t\t\t\t\t\t<a class=\"dt-pswp-item\" href=\"https:\/\/www.aliasblindate.com\/wp-content\/uploads\/2020\/11\/SMART-1.jpg\" data-large_image_width=\"633\" data-large_image_height=\"1000\">\n\t\t\t\t\t\t\t<img loading=\"lazy\" decoding=\"async\" width=\"190\" height=\"300\" src=\"https:\/\/www.aliasblindate.com\/wp-content\/uploads\/2020\/11\/SMART-1-190x300.jpg\" data-src=\"https:\/\/www.aliasblindate.com\/wp-content\/uploads\/2020\/11\/SMART-1-190x300.jpg\" class=\"attachment-medium size-medium owl-lazy\" srcset=\"https:\/\/www.aliasblindate.com\/wp-content\/uploads\/2020\/11\/SMART-1-190x300.jpg 190w, https:\/\/www.aliasblindate.com\/wp-content\/uploads\/2020\/11\/SMART-1.jpg 633w\">\n\t\t\t\t\t\t\tCLAVIER SMART SUR PANNEAU LISTEN\t\t\t\t\t\t<\/a>\n\t\t\t\t\t<\/div>\n\t\t\t\t\t\t\t\t\t<div class=\"carousel-slide\">\n\t\t\t\t\t\t\t\t\t\t\t\t<a class=\"dt-pswp-item\" href=\"https:\/\/www.aliasblindate.com\/wp-content\/uploads\/2020\/11\/SMART-2.jpg\" data-large_image_width=\"633\" data-large_image_height=\"1000\">\n\t\t\t\t\t\t\t<img loading=\"lazy\" decoding=\"async\" width=\"190\" height=\"300\" src=\"https:\/\/www.aliasblindate.com\/wp-content\/uploads\/2020\/11\/SMART-2-190x300.jpg\" data-src=\"https:\/\/www.aliasblindate.com\/wp-content\/uploads\/2020\/11\/SMART-2-190x300.jpg\" class=\"attachment-medium size-medium owl-lazy\" srcset=\"https:\/\/www.aliasblindate.com\/wp-content\/uploads\/2020\/11\/SMART-2-190x300.jpg 190w, https:\/\/www.aliasblindate.com\/wp-content\/uploads\/2020\/11\/SMART-2.jpg 633w\">\n\t\t\t\t\t\t\tCLAVIER SMART AVEC LECTEUR BIOM\u00c9TRIQUE\t\t\t\t\t\t<\/a>\n\t\t\t\t\t<\/div>\n\t\t\t\t\t\t\t\t\t<div class=\"carousel-slide\">\n\t\t\t\t\t\t\t\t\t\t\t\t<a class=\"dt-pswp-item\" href=\"https:\/\/www.aliasblindate.com\/wp-content\/uploads\/2020\/11\/SMART-3.jpg\" data-large_image_width=\"633\" data-large_image_height=\"1000\">\n\t\t\t\t\t\t\t<img loading=\"lazy\" decoding=\"async\" width=\"190\" height=\"300\" src=\"https:\/\/www.aliasblindate.com\/wp-content\/uploads\/2020\/11\/SMART-3-190x300.jpg\" data-src=\"https:\/\/www.aliasblindate.com\/wp-content\/uploads\/2020\/11\/SMART-3-190x300.jpg\" class=\"attachment-medium size-medium owl-lazy\" srcset=\"https:\/\/www.aliasblindate.com\/wp-content\/uploads\/2020\/11\/SMART-3-190x300.jpg 190w, https:\/\/www.aliasblindate.com\/wp-content\/uploads\/2020\/11\/SMART-3.jpg 633w\">\n\t\t\t\t\t\t\tD\u00c9TAIL DU CLAVIER SMART C\u00d4T\u00c9 EXT\u00c9RIEUR\t\t\t\t\t\t<\/a>\n\t\t\t\t\t<\/div>\n\t\t\t\t\t\t\t\t\t<div class=\"carousel-slide\">\n\t\t\t\t\t\t\t\t\t\t\t\t<a class=\"dt-pswp-item\" href=\"https:\/\/www.aliasblindate.com\/wp-content\/uploads\/2020\/11\/SMART-4.jpg\" data-large_image_width=\"633\" data-large_image_height=\"1000\">\n\t\t\t\t\t\t\t<img loading=\"lazy\" decoding=\"async\" width=\"190\" height=\"300\" src=\"https:\/\/www.aliasblindate.com\/wp-content\/uploads\/2020\/11\/SMART-4-190x300.jpg\" data-src=\"https:\/\/www.aliasblindate.com\/wp-content\/uploads\/2020\/11\/SMART-4-190x300.jpg\" class=\"attachment-medium size-medium owl-lazy\" srcset=\"https:\/\/www.aliasblindate.com\/wp-content\/uploads\/2020\/11\/SMART-4-190x300.jpg 190w, https:\/\/www.aliasblindate.com\/wp-content\/uploads\/2020\/11\/SMART-4.jpg 633w\">\n\t\t\t\t\t\t\tFOCUS CLAVIER SMART\t\t\t\t\t\t<\/a>\n\t\t\t\t\t<\/div>\n\t\t\t\t\t\t\t\t\t<div class=\"carousel-slide\">\n\t\t\t\t\t\t\t\t\t\t\t\t<a class=\"dt-pswp-item\" href=\"https:\/\/www.aliasblindate.com\/wp-content\/uploads\/2024\/11\/smart2.jpg\" data-large_image_width=\"633\" data-large_image_height=\"1000\">\n\t\t\t\t\t\t\t<img loading=\"lazy\" decoding=\"async\" width=\"190\" height=\"300\" src=\"https:\/\/www.aliasblindate.com\/wp-content\/uploads\/2024\/11\/smart2-190x300.jpg\" data-src=\"https:\/\/www.aliasblindate.com\/wp-content\/uploads\/2024\/11\/smart2-190x300.jpg\" class=\"attachment-medium size-medium owl-lazy\" srcset=\"https:\/\/www.aliasblindate.com\/wp-content\/uploads\/2024\/11\/smart2-190x300.jpg 190w, https:\/\/www.aliasblindate.com\/wp-content\/uploads\/2024\/11\/smart2.jpg 633w\">\n\t\t\t\t\t\t\tLECTEUR BIOM\u00c9TRIQUE EN OPTION\t\t\t\t\t\t<\/a>\n\t\t\t\t\t<\/div>\n\t\t\t\t\t\t\t\t\t<div class=\"carousel-slide\">\n\t\t\t\t\t\t\t\t\t\t\t\t<a class=\"dt-pswp-item\" href=\"https:\/\/www.aliasblindate.com\/wp-content\/uploads\/2024\/11\/smart3.jpg\" data-large_image_width=\"633\" data-large_image_height=\"1000\">\n\t\t\t\t\t\t\t<img loading=\"lazy\" decoding=\"async\" width=\"190\" height=\"300\" src=\"https:\/\/www.aliasblindate.com\/wp-content\/uploads\/2024\/11\/smart3-190x300.jpg\" data-src=\"https:\/\/www.aliasblindate.com\/wp-content\/uploads\/2024\/11\/smart3-190x300.jpg\" class=\"attachment-medium size-medium owl-lazy\" srcset=\"https:\/\/www.aliasblindate.com\/wp-content\/uploads\/2024\/11\/smart3-190x300.jpg 190w, https:\/\/www.aliasblindate.com\/wp-content\/uploads\/2024\/11\/smart3.jpg 633w\">\n\t\t\t\t\t\t\tMulti-Lecteur pour X1R SMART\t\t\t\t\t\t<\/a>\n\t\t\t\t\t<\/div>\n\t\t\t\t\t\t\t<\/div>\n\t\t\t<\/section>\n\t\n\n\t<section class=\"finishing-section\">\n\t\t\n\t\t\t\t\t<div class=\"carousel-title scw-title\">Serrure motoris\u00e9e Easy<\/div>\n\t\t\n\t\t\t\t\t<div class=\"carousel-description\"><p>Il s\u2019agit de la serrure \u00e9lectronique de gamme interm\u00e9diaire d&rsquo;Alias. En plus de poss\u00e9der toutes les caract\u00e9ristiques propres \u00e0 l&rsquo;Enter, c\u2019est-\u00e0-dire d&rsquo;\u00eatre command\u00e9e par un syst\u00e8me \u00e9lectronique automatique qui permet de se passer de la cl\u00e9 traditionnelle (bien que celle-ci puisse encore \u00eatre utilis\u00e9e), elle pr\u00e9voit un clavier externe qui sert \u00e9galement de r\u00e9cepteur pour le transpondeur, permettant ainsi l\u2019ouverture au moyen de badges.<\/p>\n<p>Avec <strong>Easy<\/strong>, vous pouvez \u00e9galement configurer 5 modes de programmation diff\u00e9rents.<br \/>\nElle peut \u00eatre aliment\u00e9e par batterie ou par un passe-c\u00e2ble connect\u00e9 au syst\u00e8me \u00e9lectrique et une poign\u00e9e passante peut \u00eatre mont\u00e9e au lieu d&rsquo;un bouton fixe externe.<\/p>\n<\/div>\n\t\t\n\t\t\t\t\t<div class=\"finishing-carousel owl-carousel owl-theme\">\n\t\t\t\t\t\t\t\t\t<div class=\"carousel-slide\">\n\t\t\t\t\t\t\t\t\t\t\t\t<a class=\"dt-pswp-item\" href=\"https:\/\/www.aliasblindate.com\/wp-content\/uploads\/2020\/11\/EASY-4.jpg\" data-large_image_width=\"633\" data-large_image_height=\"1000\">\n\t\t\t\t\t\t\t<img loading=\"lazy\" decoding=\"async\" width=\"190\" height=\"300\" src=\"https:\/\/www.aliasblindate.com\/wp-content\/uploads\/2020\/11\/EASY-4-190x300.jpg\" data-src=\"https:\/\/www.aliasblindate.com\/wp-content\/uploads\/2020\/11\/EASY-4-190x300.jpg\" class=\"attachment-medium size-medium owl-lazy\" srcset=\"https:\/\/www.aliasblindate.com\/wp-content\/uploads\/2020\/11\/EASY-4-190x300.jpg 190w, https:\/\/www.aliasblindate.com\/wp-content\/uploads\/2020\/11\/EASY-4.jpg 633w\">\n\t\t\t\t\t\t\tCLAVIER EASY SUR PANNEAU GIPSY\t\t\t\t\t\t<\/a>\n\t\t\t\t\t<\/div>\n\t\t\t\t\t\t\t\t\t<div class=\"carousel-slide\">\n\t\t\t\t\t\t\t\t\t\t\t\t<a class=\"dt-pswp-item\" href=\"https:\/\/www.aliasblindate.com\/wp-content\/uploads\/2020\/11\/EASY-1.jpg\" data-large_image_width=\"633\" data-large_image_height=\"1000\">\n\t\t\t\t\t\t\t<img loading=\"lazy\" decoding=\"async\" width=\"190\" height=\"300\" src=\"https:\/\/www.aliasblindate.com\/wp-content\/uploads\/2020\/11\/EASY-1-190x300.jpg\" data-src=\"https:\/\/www.aliasblindate.com\/wp-content\/uploads\/2020\/11\/EASY-1-190x300.jpg\" class=\"attachment-medium size-medium owl-lazy\" srcset=\"https:\/\/www.aliasblindate.com\/wp-content\/uploads\/2020\/11\/EASY-1-190x300.jpg 190w, https:\/\/www.aliasblindate.com\/wp-content\/uploads\/2020\/11\/EASY-1.jpg 633w\">\n\t\t\t\t\t\t\tD\u00c9TAIL CLAVIER EASY C\u00d4T\u00c9 EXT\u00c9RIEUR\t\t\t\t\t\t<\/a>\n\t\t\t\t\t<\/div>\n\t\t\t\t\t\t\t\t\t<div class=\"carousel-slide\">\n\t\t\t\t\t\t\t\t\t\t\t\t<a class=\"dt-pswp-item\" href=\"https:\/\/www.aliasblindate.com\/wp-content\/uploads\/2020\/11\/EASY-2.jpg\" data-large_image_width=\"633\" data-large_image_height=\"1000\">\n\t\t\t\t\t\t\t<img loading=\"lazy\" decoding=\"async\" width=\"190\" height=\"300\" src=\"https:\/\/www.aliasblindate.com\/wp-content\/uploads\/2020\/11\/EASY-2-190x300.jpg\" data-src=\"https:\/\/www.aliasblindate.com\/wp-content\/uploads\/2020\/11\/EASY-2-190x300.jpg\" class=\"attachment-medium size-medium owl-lazy\" srcset=\"https:\/\/www.aliasblindate.com\/wp-content\/uploads\/2020\/11\/EASY-2-190x300.jpg 190w, https:\/\/www.aliasblindate.com\/wp-content\/uploads\/2020\/11\/EASY-2.jpg 633w\">\n\t\t\t\t\t\t\tD\u00c9TAIL CLAVIER EASY C\u00d4T\u00c9 INT\u00c9RIEUR\t\t\t\t\t\t<\/a>\n\t\t\t\t\t<\/div>\n\t\t\t\t\t\t\t\t\t<div class=\"carousel-slide\">\n\t\t\t\t\t\t\t\t\t\t\t\t<a class=\"dt-pswp-item\" href=\"https:\/\/www.aliasblindate.com\/wp-content\/uploads\/2020\/11\/EASY-3.jpg\" data-large_image_width=\"633\" data-large_image_height=\"1000\">\n\t\t\t\t\t\t\t<img loading=\"lazy\" decoding=\"async\" width=\"190\" height=\"300\" src=\"https:\/\/www.aliasblindate.com\/wp-content\/uploads\/2020\/11\/EASY-3-190x300.jpg\" data-src=\"https:\/\/www.aliasblindate.com\/wp-content\/uploads\/2020\/11\/EASY-3-190x300.jpg\" class=\"attachment-medium size-medium owl-lazy\" srcset=\"https:\/\/www.aliasblindate.com\/wp-content\/uploads\/2020\/11\/EASY-3-190x300.jpg 190w, https:\/\/www.aliasblindate.com\/wp-content\/uploads\/2020\/11\/EASY-3.jpg 633w\">\n\t\t\t\t\t\t\tFOCUS CLAVIER EASY C\u00d4T\u00c9 EXT\u00c9RIEUR\t\t\t\t\t\t<\/a>\n\t\t\t\t\t<\/div>\n\t\t\t\t\t\t\t\t\t<div class=\"carousel-slide\">\n\t\t\t\t\t\t\t\t\t\t\t\t<a class=\"dt-pswp-item\" href=\"https:\/\/www.aliasblindate.com\/wp-content\/uploads\/2024\/11\/easy.jpg\" data-large_image_width=\"633\" data-large_image_height=\"1000\">\n\t\t\t\t\t\t\t<img loading=\"lazy\" decoding=\"async\" width=\"190\" height=\"300\" src=\"https:\/\/www.aliasblindate.com\/wp-content\/uploads\/2024\/11\/easy-190x300.jpg\" data-src=\"https:\/\/www.aliasblindate.com\/wp-content\/uploads\/2024\/11\/easy-190x300.jpg\" class=\"attachment-medium size-medium owl-lazy\" srcset=\"https:\/\/www.aliasblindate.com\/wp-content\/uploads\/2024\/11\/easy-190x300.jpg 190w, https:\/\/www.aliasblindate.com\/wp-content\/uploads\/2024\/11\/easy.jpg 633w\">\n\t\t\t\t\t\t\tLECTEUR BIOM\u00c9TRIQUE EN OPTION\t\t\t\t\t\t<\/a>\n\t\t\t\t\t<\/div>\n\t\t\t\t\t\t\t<\/div>\n\t\t\t<\/section>\n\t","protected":false},"excerpt":{"rendered":"","protected":false},"author":5,"featured_media":5705,"parent":16411,"menu_order":1,"comment_status":"closed","ping_status":"closed","template":"","meta":{"footnotes":""},"page-category":[70],"acf":[],"yoast_head":"<!-- This site is optimized with the Yoast SEO plugin v23.5 - https:\/\/yoast.com\/wordpress\/plugins\/seo\/ -->\n<title>Serrures pour portes blind\u00e9es motoris\u00e9es | Alias Blindate<\/title>\n<meta name=\"description\" content=\"Vous recherchez des serrures pour portes blind\u00e9es\u00a0? D\u00e9couvrez la serrure Smart d&#039;Alias\u00a0: un syst\u00e8me \u00e9lectronique pour la commande \u00e0 distance depuis un smartphone.\" \/>\n<meta name=\"robots\" content=\"index, follow, max-snippet:-1, max-image-preview:large, max-video-preview:-1\" \/>\n<link rel=\"canonical\" href=\"https:\/\/www.aliasblindate.com\/fr\/portes-blindees\/composants-et-accessoires\/serrures-motorisees\/\" \/>\n<meta property=\"og:locale\" content=\"fr_FR\" \/>\n<meta property=\"og:type\" content=\"article\" \/>\n<meta property=\"og:title\" content=\"Serrures pour portes blind\u00e9es motoris\u00e9es | Alias Blindate\" \/>\n<meta property=\"og:description\" content=\"Vous recherchez des serrures pour portes blind\u00e9es\u00a0? D\u00e9couvrez la serrure Smart d&#039;Alias\u00a0: un syst\u00e8me \u00e9lectronique pour la commande \u00e0 distance depuis un smartphone.\" \/>\n<meta property=\"og:url\" content=\"https:\/\/www.aliasblindate.com\/fr\/portes-blindees\/composants-et-accessoires\/serrures-motorisees\/\" \/>\n<meta property=\"og:site_name\" content=\"Alias Blindate\" \/>\n<meta property=\"article:publisher\" content=\"https:\/\/www.facebook.com\/aliasporteblindate\" \/>\n<meta property=\"article:modified_time\" content=\"2025-04-02T07:16:47+00:00\" \/>\n<meta property=\"og:image\" content=\"https:\/\/www.aliasblindate.com\/wp-content\/uploads\/2020\/11\/img_Testata_serrature_motorizzate.jpg\" \/>\n\t<meta property=\"og:image:width\" content=\"1700\" \/>\n\t<meta property=\"og:image:height\" content=\"608\" \/>\n\t<meta property=\"og:image:type\" content=\"image\/jpeg\" \/>\n<meta name=\"twitter:card\" content=\"summary_large_image\" \/>\n<meta name=\"twitter:label1\" content=\"Dur\u00e9e de lecture estim\u00e9e\" \/>\n\t<meta name=\"twitter:data1\" content=\"1 minute\" \/>\n<script type=\"application\/ld+json\" class=\"yoast-schema-graph\">{\"@context\":\"https:\/\/schema.org\",\"@graph\":[{\"@type\":\"WebPage\",\"@id\":\"https:\/\/www.aliasblindate.com\/fr\/portes-blindees\/composants-et-accessoires\/serrures-motorisees\/\",\"url\":\"https:\/\/www.aliasblindate.com\/fr\/portes-blindees\/composants-et-accessoires\/serrures-motorisees\/\",\"name\":\"Serrures pour portes blind\u00e9es motoris\u00e9es | Alias Blindate\",\"isPartOf\":{\"@id\":\"https:\/\/www.aliasblindate.com\/fr\/#website\"},\"primaryImageOfPage\":{\"@id\":\"https:\/\/www.aliasblindate.com\/fr\/portes-blindees\/composants-et-accessoires\/serrures-motorisees\/#primaryimage\"},\"image\":{\"@id\":\"https:\/\/www.aliasblindate.com\/fr\/portes-blindees\/composants-et-accessoires\/serrures-motorisees\/#primaryimage\"},\"thumbnailUrl\":\"https:\/\/www.aliasblindate.com\/wp-content\/uploads\/2020\/11\/img_Testata_serrature_motorizzate.jpg\",\"datePublished\":\"2020-11-01T10:27:10+00:00\",\"dateModified\":\"2025-04-02T07:16:47+00:00\",\"description\":\"Vous recherchez des serrures pour portes blind\u00e9es\u00a0? D\u00e9couvrez la serrure Smart d'Alias\u00a0: un syst\u00e8me \u00e9lectronique pour la commande \u00e0 distance depuis un smartphone.\",\"breadcrumb\":{\"@id\":\"https:\/\/www.aliasblindate.com\/fr\/portes-blindees\/composants-et-accessoires\/serrures-motorisees\/#breadcrumb\"},\"inLanguage\":\"fr-FR\",\"potentialAction\":[{\"@type\":\"ReadAction\",\"target\":[\"https:\/\/www.aliasblindate.com\/fr\/portes-blindees\/composants-et-accessoires\/serrures-motorisees\/\"]}]},{\"@type\":\"ImageObject\",\"inLanguage\":\"fr-FR\",\"@id\":\"https:\/\/www.aliasblindate.com\/fr\/portes-blindees\/composants-et-accessoires\/serrures-motorisees\/#primaryimage\",\"url\":\"https:\/\/www.aliasblindate.com\/wp-content\/uploads\/2020\/11\/img_Testata_serrature_motorizzate.jpg\",\"contentUrl\":\"https:\/\/www.aliasblindate.com\/wp-content\/uploads\/2020\/11\/img_Testata_serrature_motorizzate.jpg\",\"width\":1700,\"height\":608},{\"@type\":\"BreadcrumbList\",\"@id\":\"https:\/\/www.aliasblindate.com\/fr\/portes-blindees\/composants-et-accessoires\/serrures-motorisees\/#breadcrumb\",\"itemListElement\":[{\"@type\":\"ListItem\",\"position\":1,\"name\":\"Home\",\"item\":\"https:\/\/www.aliasblindate.com\/fr\/\"},{\"@type\":\"ListItem\",\"position\":2,\"name\":\"Portes blind\u00e9es\",\"item\":\"https:\/\/www.aliasblindate.com\/fr\/portes-blindees\/\"},{\"@type\":\"ListItem\",\"position\":3,\"name\":\"Composants et accessoires\",\"item\":\"https:\/\/www.aliasblindate.com\/fr\/portes-blindees\/composants-et-accessoires\/\"},{\"@type\":\"ListItem\",\"position\":4,\"name\":\"Serrures pour portes blind\u00e9es motoris\u00e9es\"}]},{\"@type\":\"WebSite\",\"@id\":\"https:\/\/www.aliasblindate.com\/fr\/#website\",\"url\":\"https:\/\/www.aliasblindate.com\/fr\/\",\"name\":\"Alias Blindate\",\"description\":\"\",\"publisher\":{\"@id\":\"https:\/\/www.aliasblindate.com\/fr\/#organization\"},\"potentialAction\":[{\"@type\":\"SearchAction\",\"target\":{\"@type\":\"EntryPoint\",\"urlTemplate\":\"https:\/\/www.aliasblindate.com\/fr\/?s={search_term_string}\"},\"query-input\":{\"@type\":\"PropertyValueSpecification\",\"valueRequired\":true,\"valueName\":\"search_term_string\"}}],\"inLanguage\":\"fr-FR\"},{\"@type\":\"Organization\",\"@id\":\"https:\/\/www.aliasblindate.com\/fr\/#organization\",\"name\":\"Alias Blindate\",\"url\":\"https:\/\/www.aliasblindate.com\/fr\/\",\"logo\":{\"@type\":\"ImageObject\",\"inLanguage\":\"fr-FR\",\"@id\":\"https:\/\/www.aliasblindate.com\/fr\/#\/schema\/logo\/image\/\",\"url\":\"https:\/\/www.aliasblindate.com\/wp-content\/uploads\/2019\/10\/logo@2x.png\",\"contentUrl\":\"https:\/\/www.aliasblindate.com\/wp-content\/uploads\/2019\/10\/logo@2x.png\",\"width\":498,\"height\":88,\"caption\":\"Alias Blindate\"},\"image\":{\"@id\":\"https:\/\/www.aliasblindate.com\/fr\/#\/schema\/logo\/image\/\"},\"sameAs\":[\"https:\/\/www.facebook.com\/aliasporteblindate\",\"https:\/\/www.instagram.com\/alias_porte_blindate\/\"]}]}<\/script>\n<!-- \/ Yoast SEO plugin. -->","yoast_head_json":{"title":"Serrures pour portes blind\u00e9es motoris\u00e9es | Alias Blindate","description":"Vous recherchez des serrures pour portes blind\u00e9es\u00a0? D\u00e9couvrez la serrure Smart d'Alias\u00a0: un syst\u00e8me \u00e9lectronique pour la commande \u00e0 distance depuis un smartphone.","robots":{"index":"index","follow":"follow","max-snippet":"max-snippet:-1","max-image-preview":"max-image-preview:large","max-video-preview":"max-video-preview:-1"},"canonical":"https:\/\/www.aliasblindate.com\/fr\/portes-blindees\/composants-et-accessoires\/serrures-motorisees\/","og_locale":"fr_FR","og_type":"article","og_title":"Serrures pour portes blind\u00e9es motoris\u00e9es | Alias Blindate","og_description":"Vous recherchez des serrures pour portes blind\u00e9es\u00a0? D\u00e9couvrez la serrure Smart d'Alias\u00a0: un syst\u00e8me \u00e9lectronique pour la commande \u00e0 distance depuis un smartphone.","og_url":"https:\/\/www.aliasblindate.com\/fr\/portes-blindees\/composants-et-accessoires\/serrures-motorisees\/","og_site_name":"Alias Blindate","article_publisher":"https:\/\/www.facebook.com\/aliasporteblindate","article_modified_time":"2025-04-02T07:16:47+00:00","og_image":[{"width":1700,"height":608,"url":"https:\/\/www.aliasblindate.com\/wp-content\/uploads\/2020\/11\/img_Testata_serrature_motorizzate.jpg","type":"image\/jpeg"}],"twitter_card":"summary_large_image","twitter_misc":{"Dur\u00e9e de lecture estim\u00e9e":"1 minute"},"schema":{"@context":"https:\/\/schema.org","@graph":[{"@type":"WebPage","@id":"https:\/\/www.aliasblindate.com\/fr\/portes-blindees\/composants-et-accessoires\/serrures-motorisees\/","url":"https:\/\/www.aliasblindate.com\/fr\/portes-blindees\/composants-et-accessoires\/serrures-motorisees\/","name":"Serrures pour portes blind\u00e9es motoris\u00e9es | Alias Blindate","isPartOf":{"@id":"https:\/\/www.aliasblindate.com\/fr\/#website"},"primaryImageOfPage":{"@id":"https:\/\/www.aliasblindate.com\/fr\/portes-blindees\/composants-et-accessoires\/serrures-motorisees\/#primaryimage"},"image":{"@id":"https:\/\/www.aliasblindate.com\/fr\/portes-blindees\/composants-et-accessoires\/serrures-motorisees\/#primaryimage"},"thumbnailUrl":"https:\/\/www.aliasblindate.com\/wp-content\/uploads\/2020\/11\/img_Testata_serrature_motorizzate.jpg","datePublished":"2020-11-01T10:27:10+00:00","dateModified":"2025-04-02T07:16:47+00:00","description":"Vous recherchez des serrures pour portes blind\u00e9es\u00a0? D\u00e9couvrez la serrure Smart d'Alias\u00a0: un syst\u00e8me \u00e9lectronique pour la commande \u00e0 distance depuis un smartphone.","breadcrumb":{"@id":"https:\/\/www.aliasblindate.com\/fr\/portes-blindees\/composants-et-accessoires\/serrures-motorisees\/#breadcrumb"},"inLanguage":"fr-FR","potentialAction":[{"@type":"ReadAction","target":["https:\/\/www.aliasblindate.com\/fr\/portes-blindees\/composants-et-accessoires\/serrures-motorisees\/"]}]},{"@type":"ImageObject","inLanguage":"fr-FR","@id":"https:\/\/www.aliasblindate.com\/fr\/portes-blindees\/composants-et-accessoires\/serrures-motorisees\/#primaryimage","url":"https:\/\/www.aliasblindate.com\/wp-content\/uploads\/2020\/11\/img_Testata_serrature_motorizzate.jpg","contentUrl":"https:\/\/www.aliasblindate.com\/wp-content\/uploads\/2020\/11\/img_Testata_serrature_motorizzate.jpg","width":1700,"height":608},{"@type":"BreadcrumbList","@id":"https:\/\/www.aliasblindate.com\/fr\/portes-blindees\/composants-et-accessoires\/serrures-motorisees\/#breadcrumb","itemListElement":[{"@type":"ListItem","position":1,"name":"Home","item":"https:\/\/www.aliasblindate.com\/fr\/"},{"@type":"ListItem","position":2,"name":"Portes blind\u00e9es","item":"https:\/\/www.aliasblindate.com\/fr\/portes-blindees\/"},{"@type":"ListItem","position":3,"name":"Composants et accessoires","item":"https:\/\/www.aliasblindate.com\/fr\/portes-blindees\/composants-et-accessoires\/"},{"@type":"ListItem","position":4,"name":"Serrures pour portes blind\u00e9es motoris\u00e9es"}]},{"@type":"WebSite","@id":"https:\/\/www.aliasblindate.com\/fr\/#website","url":"https:\/\/www.aliasblindate.com\/fr\/","name":"Alias Blindate","description":"","publisher":{"@id":"https:\/\/www.aliasblindate.com\/fr\/#organization"},"potentialAction":[{"@type":"SearchAction","target":{"@type":"EntryPoint","urlTemplate":"https:\/\/www.aliasblindate.com\/fr\/?s={search_term_string}"},"query-input":{"@type":"PropertyValueSpecification","valueRequired":true,"valueName":"search_term_string"}}],"inLanguage":"fr-FR"},{"@type":"Organization","@id":"https:\/\/www.aliasblindate.com\/fr\/#organization","name":"Alias Blindate","url":"https:\/\/www.aliasblindate.com\/fr\/","logo":{"@type":"ImageObject","inLanguage":"fr-FR","@id":"https:\/\/www.aliasblindate.com\/fr\/#\/schema\/logo\/image\/","url":"https:\/\/www.aliasblindate.com\/wp-content\/uploads\/2019\/10\/logo@2x.png","contentUrl":"https:\/\/www.aliasblindate.com\/wp-content\/uploads\/2019\/10\/logo@2x.png","width":498,"height":88,"caption":"Alias Blindate"},"image":{"@id":"https:\/\/www.aliasblindate.com\/fr\/#\/schema\/logo\/image\/"},"sameAs":["https:\/\/www.facebook.com\/aliasporteblindate","https:\/\/www.instagram.com\/alias_porte_blindate\/"]}]}},"_links":{"self":[{"href":"https:\/\/www.aliasblindate.com\/fr\/wp-json\/wp\/v2\/pages\/16438"}],"collection":[{"href":"https:\/\/www.aliasblindate.com\/fr\/wp-json\/wp\/v2\/pages"}],"about":[{"href":"https:\/\/www.aliasblindate.com\/fr\/wp-json\/wp\/v2\/types\/page"}],"author":[{"embeddable":true,"href":"https:\/\/www.aliasblindate.com\/fr\/wp-json\/wp\/v2\/users\/5"}],"replies":[{"embeddable":true,"href":"https:\/\/www.aliasblindate.com\/fr\/wp-json\/wp\/v2\/comments?post=16438"}],"version-history":[{"count":5,"href":"https:\/\/www.aliasblindate.com\/fr\/wp-json\/wp\/v2\/pages\/16438\/revisions"}],"predecessor-version":[{"id":17693,"href":"https:\/\/www.aliasblindate.com\/fr\/wp-json\/wp\/v2\/pages\/16438\/revisions\/17693"}],"up":[{"embeddable":true,"href":"https:\/\/www.aliasblindate.com\/fr\/wp-json\/wp\/v2\/pages\/16411"}],"wp:featuredmedia":[{"embeddable":true,"href":"https:\/\/www.aliasblindate.com\/fr\/wp-json\/wp\/v2\/media\/5705"}],"wp:attachment":[{"href":"https:\/\/www.aliasblindate.com\/fr\/wp-json\/wp\/v2\/media?parent=16438"}],"wp:term":[{"taxonomy":"page-category","embeddable":true,"href":"https:\/\/www.aliasblindate.com\/fr\/wp-json\/wp\/v2\/page-category?post=16438"}],"curies":[{"name":"wp","href":"https:\/\/api.w.org\/{rel}","templated":true}]}}