{"id":16403,"date":"2020-11-01T11:31:37","date_gmt":"2020-11-01T10:31:37","guid":{"rendered":"https:\/\/www.aliasblindate.com\/finiture-telai-e-profili-perimetrali\/"},"modified":"2025-04-23T11:16:01","modified_gmt":"2025-04-23T09:16:01","slug":"finitions-chassis-et-profiles-de-perimetre","status":"publish","type":"page","link":"https:\/\/www.aliasblindate.com\/fr\/portes-blindees\/composants-et-accessoires\/finitions-chassis-et-profiles-de-perimetre\/","title":{"rendered":"Finitions cadres et profil\u00e9s de p\u00e9rim\u00e8tre"},"content":{"rendered":"<section class=\"scw-title-block title-wrapper has-thumb\">\n\t<div class=\"breadcrumbs\"><span><span><a href=\"https:\/\/www.aliasblindate.com\/fr\/\">Home<\/a><\/span><\/span><\/div>\t<div class=\"\">\n\t\t<div class=\"single-title\"><h1 class=\"scw-title\">Finitions cadres et profil\u00e9s de p\u00e9rim\u00e8tre<\/div>\n\n\t\t\t<\/div>\n<\/section>\n\n\n<p>Vous pouvez choisir la finition du cadre et du profil\u00e9 de p\u00e9rim\u00e8tre de la porte parmi ces couleurs :<\/p>\n\n\t<section class=\"finishing-section\">\n\t\t\n\t\t\n\t\t\n\t\t\t\t\t<div class=\"finishing-carousel owl-carousel owl-theme\">\n\t\t\t\t\t\t\t\t\t<div class=\"carousel-slide\">\n\t\t\t\t\t\t\t\t\t\t\t\t<a class=\"dt-pswp-item\" href=\"https:\/\/www.aliasblindate.com\/wp-content\/uploads\/2020\/11\/alluminio.jpg\" data-large_image_width=\"250\" data-large_image_height=\"250\">\n\t\t\t\t\t\t\t<img loading=\"lazy\" decoding=\"async\" width=\"250\" height=\"250\" src=\"https:\/\/www.aliasblindate.com\/wp-content\/uploads\/2020\/11\/alluminio.jpg\" data-src=\"https:\/\/www.aliasblindate.com\/wp-content\/uploads\/2020\/11\/alluminio.jpg\" class=\"attachment-medium size-medium owl-lazy\" srcset=\"https:\/\/www.aliasblindate.com\/wp-content\/uploads\/2020\/11\/alluminio.jpg 250w, https:\/\/www.aliasblindate.com\/wp-content\/uploads\/2020\/11\/alluminio-150x150.jpg 150w\">\n\t\t\t\t\t\t\tAluminium\t\t\t\t\t\t<\/a>\n\t\t\t\t\t<\/div>\n\t\t\t\t\t\t\t\t\t<div class=\"carousel-slide\">\n\t\t\t\t\t\t\t\t\t\t\t\t<a class=\"dt-pswp-item\" href=\"https:\/\/www.aliasblindate.com\/wp-content\/uploads\/2020\/11\/bianco.jpg\" data-large_image_width=\"250\" data-large_image_height=\"250\">\n\t\t\t\t\t\t\t<img loading=\"lazy\" decoding=\"async\" width=\"250\" height=\"250\" src=\"https:\/\/www.aliasblindate.com\/wp-content\/uploads\/2020\/11\/bianco.jpg\" data-src=\"https:\/\/www.aliasblindate.com\/wp-content\/uploads\/2020\/11\/bianco.jpg\" class=\"attachment-medium size-medium owl-lazy\" srcset=\"https:\/\/www.aliasblindate.com\/wp-content\/uploads\/2020\/11\/bianco.jpg 250w, https:\/\/www.aliasblindate.com\/wp-content\/uploads\/2020\/11\/bianco-150x150.jpg 150w\">\n\t\t\t\t\t\t\tBlanc car\u00e8ne\t\t\t\t\t\t<\/a>\n\t\t\t\t\t<\/div>\n\t\t\t\t\t\t\t\t\t<div class=\"carousel-slide\">\n\t\t\t\t\t\t\t\t\t\t\t\t<a class=\"dt-pswp-item\" href=\"https:\/\/www.aliasblindate.com\/wp-content\/uploads\/2020\/11\/brunitech.jpg\" data-large_image_width=\"250\" data-large_image_height=\"250\">\n\t\t\t\t\t\t\t<img loading=\"lazy\" decoding=\"async\" width=\"250\" height=\"250\" src=\"https:\/\/www.aliasblindate.com\/wp-content\/uploads\/2020\/11\/brunitech.jpg\" data-src=\"https:\/\/www.aliasblindate.com\/wp-content\/uploads\/2020\/11\/brunitech.jpg\" class=\"attachment-medium size-medium owl-lazy\" srcset=\"https:\/\/www.aliasblindate.com\/wp-content\/uploads\/2020\/11\/brunitech.jpg 250w, https:\/\/www.aliasblindate.com\/wp-content\/uploads\/2020\/11\/brunitech-150x150.jpg 150w\">\n\t\t\t\t\t\t\tBrunitech\t\t\t\t\t\t<\/a>\n\t\t\t\t\t<\/div>\n\t\t\t\t\t\t\t\t\t<div class=\"carousel-slide\">\n\t\t\t\t\t\t\t\t\t\t\t\t<a class=\"dt-pswp-item\" href=\"https:\/\/www.aliasblindate.com\/wp-content\/uploads\/2020\/11\/nero.jpg\" data-large_image_width=\"250\" data-large_image_height=\"250\">\n\t\t\t\t\t\t\t<img loading=\"lazy\" decoding=\"async\" width=\"250\" height=\"250\" src=\"https:\/\/www.aliasblindate.com\/wp-content\/uploads\/2020\/11\/nero.jpg\" data-src=\"https:\/\/www.aliasblindate.com\/wp-content\/uploads\/2020\/11\/nero.jpg\" class=\"attachment-medium size-medium owl-lazy\" srcset=\"https:\/\/www.aliasblindate.com\/wp-content\/uploads\/2020\/11\/nero.jpg 250w, https:\/\/www.aliasblindate.com\/wp-content\/uploads\/2020\/11\/nero-150x150.jpg 150w\">\n\t\t\t\t\t\t\tNoir\t\t\t\t\t\t<\/a>\n\t\t\t\t\t<\/div>\n\t\t\t\t\t\t\t\t\t<div class=\"carousel-slide\">\n\t\t\t\t\t\t\t\t\t\t\t\t<a class=\"dt-pswp-item\" href=\"https:\/\/www.aliasblindate.com\/wp-content\/uploads\/2020\/11\/perla.jpg\" data-large_image_width=\"250\" data-large_image_height=\"250\">\n\t\t\t\t\t\t\t<img loading=\"lazy\" decoding=\"async\" width=\"250\" height=\"250\" src=\"https:\/\/www.aliasblindate.com\/wp-content\/uploads\/2020\/11\/perla.jpg\" data-src=\"https:\/\/www.aliasblindate.com\/wp-content\/uploads\/2020\/11\/perla.jpg\" class=\"attachment-medium size-medium owl-lazy\" srcset=\"https:\/\/www.aliasblindate.com\/wp-content\/uploads\/2020\/11\/perla.jpg 250w, https:\/\/www.aliasblindate.com\/wp-content\/uploads\/2020\/11\/perla-150x150.jpg 150w\">\n\t\t\t\t\t\t\tBlanc RAL 1013\t\t\t\t\t\t<\/a>\n\t\t\t\t\t<\/div>\n\t\t\t\t\t\t\t<\/div>\n\t\t\t<\/section>\n\t\n\n\t<section class=\"finishing-section\">\n\t\t\n\t\t\n\t\t\n\t\t\t\t\t<div class=\"finishing-carousel owl-carousel owl-theme\">\n\t\t\t\t\t\t\t\t\t<div class=\"carousel-slide\">\n\t\t\t\t\t\t\t\t\t\t\t\t<a class=\"dt-pswp-item\" href=\"https:\/\/www.aliasblindate.com\/wp-content\/uploads\/2020\/11\/2D-ALLUMINIO.jpg\" data-large_image_width=\"276\" data-large_image_height=\"184\">\n\t\t\t\t\t\t\t<img loading=\"lazy\" decoding=\"async\" width=\"276\" height=\"184\" src=\"https:\/\/www.aliasblindate.com\/wp-content\/uploads\/2020\/11\/2D-ALLUMINIO.jpg\" data-src=\"https:\/\/www.aliasblindate.com\/wp-content\/uploads\/2020\/11\/2D-ALLUMINIO.jpg\" class=\"attachment-medium size-medium owl-lazy\" srcset=\"\">\n\t\t\t\t\t\t\tAluminium\t\t\t\t\t\t<\/a>\n\t\t\t\t\t<\/div>\n\t\t\t\t\t\t\t\t\t<div class=\"carousel-slide\">\n\t\t\t\t\t\t\t\t\t\t\t\t<a class=\"dt-pswp-item\" href=\"https:\/\/www.aliasblindate.com\/wp-content\/uploads\/2020\/11\/2D-BIANCO-CARENA.jpg\" data-large_image_width=\"276\" data-large_image_height=\"184\">\n\t\t\t\t\t\t\t<img loading=\"lazy\" decoding=\"async\" width=\"276\" height=\"184\" src=\"https:\/\/www.aliasblindate.com\/wp-content\/uploads\/2020\/11\/2D-BIANCO-CARENA.jpg\" data-src=\"https:\/\/www.aliasblindate.com\/wp-content\/uploads\/2020\/11\/2D-BIANCO-CARENA.jpg\" class=\"attachment-medium size-medium owl-lazy\" srcset=\"\">\n\t\t\t\t\t\t\tBlanc car\u00e8ne\t\t\t\t\t\t<\/a>\n\t\t\t\t\t<\/div>\n\t\t\t\t\t\t\t\t\t<div class=\"carousel-slide\">\n\t\t\t\t\t\t\t\t\t\t\t\t<a class=\"dt-pswp-item\" href=\"https:\/\/www.aliasblindate.com\/wp-content\/uploads\/2020\/11\/2D-BRUNITECH.jpg\" data-large_image_width=\"276\" data-large_image_height=\"184\">\n\t\t\t\t\t\t\t<img loading=\"lazy\" decoding=\"async\" width=\"276\" height=\"184\" src=\"https:\/\/www.aliasblindate.com\/wp-content\/uploads\/2020\/11\/2D-BRUNITECH.jpg\" data-src=\"https:\/\/www.aliasblindate.com\/wp-content\/uploads\/2020\/11\/2D-BRUNITECH.jpg\" class=\"attachment-medium size-medium owl-lazy\" srcset=\"\">\n\t\t\t\t\t\t\tBrunitech\t\t\t\t\t\t<\/a>\n\t\t\t\t\t<\/div>\n\t\t\t\t\t\t\t\t\t<div class=\"carousel-slide\">\n\t\t\t\t\t\t\t\t\t\t\t\t<a class=\"dt-pswp-item\" href=\"https:\/\/www.aliasblindate.com\/wp-content\/uploads\/2020\/11\/2D-NERO.jpg\" data-large_image_width=\"276\" data-large_image_height=\"184\">\n\t\t\t\t\t\t\t<img loading=\"lazy\" decoding=\"async\" width=\"276\" height=\"184\" src=\"https:\/\/www.aliasblindate.com\/wp-content\/uploads\/2020\/11\/2D-NERO.jpg\" data-src=\"https:\/\/www.aliasblindate.com\/wp-content\/uploads\/2020\/11\/2D-NERO.jpg\" class=\"attachment-medium size-medium owl-lazy\" srcset=\"\">\n\t\t\t\t\t\t\tNoir\t\t\t\t\t\t<\/a>\n\t\t\t\t\t<\/div>\n\t\t\t\t\t\t\t\t\t<div class=\"carousel-slide\">\n\t\t\t\t\t\t\t\t\t\t\t\t<a class=\"dt-pswp-item\" href=\"https:\/\/www.aliasblindate.com\/wp-content\/uploads\/2020\/11\/2D-PERLA-O-AVORIO-RAL1013.jpg\" data-large_image_width=\"276\" data-large_image_height=\"184\">\n\t\t\t\t\t\t\t<img loading=\"lazy\" decoding=\"async\" width=\"276\" height=\"184\" src=\"https:\/\/www.aliasblindate.com\/wp-content\/uploads\/2020\/11\/2D-PERLA-O-AVORIO-RAL1013.jpg\" data-src=\"https:\/\/www.aliasblindate.com\/wp-content\/uploads\/2020\/11\/2D-PERLA-O-AVORIO-RAL1013.jpg\" class=\"attachment-medium size-medium owl-lazy\" srcset=\"\">\n\t\t\t\t\t\t\tBlanc RAL 1013\t\t\t\t\t\t<\/a>\n\t\t\t\t\t<\/div>\n\t\t\t\t\t\t\t<\/div>\n\t\t\t<\/section>\n\t\n\n\t<section class=\"features-reverse\">\n\t\t\t\t\t\t\t\t<div class=\"two-columns\">\n\t\t\t\t<div class=\"feature-text\">\n\t\t\t\t\t<div class=\"feature-title scw-title\">ALUMINIUM<\/div>\n\t\t\t\t\t<div class=\"feature-description\"><p>Avec l\u2019aluminium, vous pouvez obtenir des combinaisons au style r\u00e9solument plus contemporain avec des panneaux en bois ou laqu\u00e9s.<\/p>\n<\/div>\n\t\t\t\t<\/div>\n\t\t\t\t<div class=\"feature-gallery\">\n\t\t\t\t\t\t<div class=\"gallery-carousel owl-carousel owl-theme\">\n\t\t\t\t\t<a class=\"dt-pswp-item\" href=\"https:\/\/www.aliasblindate.com\/wp-content\/uploads\/2020\/11\/rivestimento_bianco.jpg\" data-large_image_width=\"500\" data-large_image_height=\"500\">\n\t\t\t\t<img loading=\"lazy\" decoding=\"async\" width=\"500\" height=\"380\" src=\"https:\/\/www.aliasblindate.com\/wp-content\/uploads\/2020\/11\/rivestimento_bianco-500x380.jpg\" data-src=\"https:\/\/www.aliasblindate.com\/wp-content\/uploads\/2020\/11\/rivestimento_bianco-500x380.jpg\" class=\"owl-lazy\" srcset=\"\">\n\t\t\t<\/a>\n\t\t\t\t<\/div>\n\t\t\t\t\t\t<p class=\"mobile-only gallery-advice\"><em>Clicca per ingrandire<\/em><\/p>\n\t\t\t\t<\/div>\n\t\t\t<\/div>\n\t\t\t\t\t\t\t\t<div class=\"two-columns\">\n\t\t\t\t<div class=\"feature-text\">\n\t\t\t\t\t<div class=\"feature-title scw-title\">BLANC<\/div>\n\t\t\t\t\t<div class=\"feature-description\"><p>En ce qui concerne la couleur blanche, il est recommand\u00e9 de combiner les rev\u00eatements int\u00e9rieurs et ext\u00e9rieurs du m\u00eame blanc. Si ce n&rsquo;est pas possible, un joint noir recouvrant le profil\u00e9 de p\u00e9rim\u00e8tre \u00e0 l&rsquo;ext\u00e9rieur de la porte et rendant la couleur blanche invisible lorsque la porte est ferm\u00e9e est disponible.<\/p>\n<\/div>\n\t\t\t\t<\/div>\n\t\t\t\t<div class=\"feature-gallery\">\n\t\t\t\t\t\t<div class=\"gallery-carousel owl-carousel owl-theme\">\n\t\t\t\t\t<a class=\"dt-pswp-item\" href=\"https:\/\/www.aliasblindate.com\/wp-content\/uploads\/2020\/11\/rivestimento_alluminio.jpg\" data-large_image_width=\"500\" data-large_image_height=\"500\">\n\t\t\t\t<img loading=\"lazy\" decoding=\"async\" width=\"500\" height=\"380\" src=\"https:\/\/www.aliasblindate.com\/wp-content\/uploads\/2020\/11\/rivestimento_alluminio-500x380.jpg\" data-src=\"https:\/\/www.aliasblindate.com\/wp-content\/uploads\/2020\/11\/rivestimento_alluminio-500x380.jpg\" class=\"owl-lazy\" srcset=\"\">\n\t\t\t<\/a>\n\t\t\t\t<\/div>\n\t\t\t\t\t\t<p class=\"mobile-only gallery-advice\"><em>Clicca per ingrandire<\/em><\/p>\n\t\t\t\t<\/div>\n\t\t\t<\/div>\n\t\t\t<\/section>\n\t\n\n\n<p><\/p>\n","protected":false},"excerpt":{"rendered":"<p>Vous pouvez choisir la finition du cadre et du profil\u00e9 de p\u00e9rim\u00e8tre de la porte parmi ces couleurs :<\/p>\n","protected":false},"author":5,"featured_media":5825,"parent":16411,"menu_order":2,"comment_status":"closed","ping_status":"closed","template":"","meta":{"footnotes":""},"page-category":[70],"acf":[],"yoast_head":"<!-- This site is optimized with the Yoast SEO plugin v23.5 - https:\/\/yoast.com\/wordpress\/plugins\/seo\/ -->\n<title>Finitions cadres et profil\u00e9s de p\u00e9rim\u00e8tre | Alias Blindate<\/title>\n<meta name=\"description\" content=\"Finitions ch\u00e2ssis et profil\u00e9s de p\u00e9rim\u00e8tre. Vous pouvez choisir la finition du ch\u00e2ssis et du profil\u00e9 de p\u00e9rim\u00e8tre de la porte parmi diff\u00e9rentes couleurs.\" \/>\n<meta name=\"robots\" content=\"index, follow, max-snippet:-1, max-image-preview:large, max-video-preview:-1\" \/>\n<link rel=\"canonical\" href=\"https:\/\/www.aliasblindate.com\/fr\/portes-blindees\/composants-et-accessoires\/finitions-chassis-et-profiles-de-perimetre\/\" \/>\n<meta property=\"og:locale\" content=\"fr_FR\" \/>\n<meta property=\"og:type\" content=\"article\" \/>\n<meta property=\"og:title\" content=\"Finitions cadres et profil\u00e9s de p\u00e9rim\u00e8tre | Alias Blindate\" \/>\n<meta property=\"og:description\" content=\"Finitions ch\u00e2ssis et profil\u00e9s de p\u00e9rim\u00e8tre. Vous pouvez choisir la finition du ch\u00e2ssis et du profil\u00e9 de p\u00e9rim\u00e8tre de la porte parmi diff\u00e9rentes couleurs.\" \/>\n<meta property=\"og:url\" content=\"https:\/\/www.aliasblindate.com\/fr\/portes-blindees\/composants-et-accessoires\/finitions-chassis-et-profiles-de-perimetre\/\" \/>\n<meta property=\"og:site_name\" content=\"Alias Blindate\" \/>\n<meta property=\"article:publisher\" content=\"https:\/\/www.facebook.com\/aliasporteblindate\" \/>\n<meta property=\"article:modified_time\" content=\"2025-04-23T09:16:01+00:00\" \/>\n<meta property=\"og:image\" content=\"https:\/\/www.aliasblindate.com\/wp-content\/uploads\/2020\/11\/soluzioni-speciali.jpg\" \/>\n\t<meta property=\"og:image:width\" content=\"1700\" \/>\n\t<meta property=\"og:image:height\" content=\"608\" \/>\n\t<meta property=\"og:image:type\" content=\"image\/jpeg\" \/>\n<meta name=\"twitter:card\" content=\"summary_large_image\" \/>\n<meta name=\"twitter:label1\" content=\"Dur\u00e9e de lecture estim\u00e9e\" \/>\n\t<meta name=\"twitter:data1\" content=\"1 minute\" \/>\n<script type=\"application\/ld+json\" class=\"yoast-schema-graph\">{\"@context\":\"https:\/\/schema.org\",\"@graph\":[{\"@type\":\"WebPage\",\"@id\":\"https:\/\/www.aliasblindate.com\/fr\/portes-blindees\/composants-et-accessoires\/finitions-chassis-et-profiles-de-perimetre\/\",\"url\":\"https:\/\/www.aliasblindate.com\/fr\/portes-blindees\/composants-et-accessoires\/finitions-chassis-et-profiles-de-perimetre\/\",\"name\":\"Finitions cadres et profil\u00e9s de p\u00e9rim\u00e8tre | Alias Blindate\",\"isPartOf\":{\"@id\":\"https:\/\/www.aliasblindate.com\/fr\/#website\"},\"primaryImageOfPage\":{\"@id\":\"https:\/\/www.aliasblindate.com\/fr\/portes-blindees\/composants-et-accessoires\/finitions-chassis-et-profiles-de-perimetre\/#primaryimage\"},\"image\":{\"@id\":\"https:\/\/www.aliasblindate.com\/fr\/portes-blindees\/composants-et-accessoires\/finitions-chassis-et-profiles-de-perimetre\/#primaryimage\"},\"thumbnailUrl\":\"https:\/\/www.aliasblindate.com\/wp-content\/uploads\/2020\/11\/soluzioni-speciali.jpg\",\"datePublished\":\"2020-11-01T10:31:37+00:00\",\"dateModified\":\"2025-04-23T09:16:01+00:00\",\"description\":\"Finitions ch\u00e2ssis et profil\u00e9s de p\u00e9rim\u00e8tre. Vous pouvez choisir la finition du ch\u00e2ssis et du profil\u00e9 de p\u00e9rim\u00e8tre de la porte parmi diff\u00e9rentes couleurs.\",\"breadcrumb\":{\"@id\":\"https:\/\/www.aliasblindate.com\/fr\/portes-blindees\/composants-et-accessoires\/finitions-chassis-et-profiles-de-perimetre\/#breadcrumb\"},\"inLanguage\":\"fr-FR\",\"potentialAction\":[{\"@type\":\"ReadAction\",\"target\":[\"https:\/\/www.aliasblindate.com\/fr\/portes-blindees\/composants-et-accessoires\/finitions-chassis-et-profiles-de-perimetre\/\"]}]},{\"@type\":\"ImageObject\",\"inLanguage\":\"fr-FR\",\"@id\":\"https:\/\/www.aliasblindate.com\/fr\/portes-blindees\/composants-et-accessoires\/finitions-chassis-et-profiles-de-perimetre\/#primaryimage\",\"url\":\"https:\/\/www.aliasblindate.com\/wp-content\/uploads\/2020\/11\/soluzioni-speciali.jpg\",\"contentUrl\":\"https:\/\/www.aliasblindate.com\/wp-content\/uploads\/2020\/11\/soluzioni-speciali.jpg\",\"width\":1700,\"height\":608},{\"@type\":\"BreadcrumbList\",\"@id\":\"https:\/\/www.aliasblindate.com\/fr\/portes-blindees\/composants-et-accessoires\/finitions-chassis-et-profiles-de-perimetre\/#breadcrumb\",\"itemListElement\":[{\"@type\":\"ListItem\",\"position\":1,\"name\":\"Home\",\"item\":\"https:\/\/www.aliasblindate.com\/fr\/\"},{\"@type\":\"ListItem\",\"position\":2,\"name\":\"Portes blind\u00e9es\",\"item\":\"https:\/\/www.aliasblindate.com\/fr\/portes-blindees\/\"},{\"@type\":\"ListItem\",\"position\":3,\"name\":\"Composants et accessoires\",\"item\":\"https:\/\/www.aliasblindate.com\/fr\/portes-blindees\/composants-et-accessoires\/\"},{\"@type\":\"ListItem\",\"position\":4,\"name\":\"Finitions cadres et profil\u00e9s de p\u00e9rim\u00e8tre\"}]},{\"@type\":\"WebSite\",\"@id\":\"https:\/\/www.aliasblindate.com\/fr\/#website\",\"url\":\"https:\/\/www.aliasblindate.com\/fr\/\",\"name\":\"Alias Blindate\",\"description\":\"\",\"publisher\":{\"@id\":\"https:\/\/www.aliasblindate.com\/fr\/#organization\"},\"potentialAction\":[{\"@type\":\"SearchAction\",\"target\":{\"@type\":\"EntryPoint\",\"urlTemplate\":\"https:\/\/www.aliasblindate.com\/fr\/?s={search_term_string}\"},\"query-input\":{\"@type\":\"PropertyValueSpecification\",\"valueRequired\":true,\"valueName\":\"search_term_string\"}}],\"inLanguage\":\"fr-FR\"},{\"@type\":\"Organization\",\"@id\":\"https:\/\/www.aliasblindate.com\/fr\/#organization\",\"name\":\"Alias Blindate\",\"url\":\"https:\/\/www.aliasblindate.com\/fr\/\",\"logo\":{\"@type\":\"ImageObject\",\"inLanguage\":\"fr-FR\",\"@id\":\"https:\/\/www.aliasblindate.com\/fr\/#\/schema\/logo\/image\/\",\"url\":\"https:\/\/www.aliasblindate.com\/wp-content\/uploads\/2019\/10\/logo@2x.png\",\"contentUrl\":\"https:\/\/www.aliasblindate.com\/wp-content\/uploads\/2019\/10\/logo@2x.png\",\"width\":498,\"height\":88,\"caption\":\"Alias Blindate\"},\"image\":{\"@id\":\"https:\/\/www.aliasblindate.com\/fr\/#\/schema\/logo\/image\/\"},\"sameAs\":[\"https:\/\/www.facebook.com\/aliasporteblindate\",\"https:\/\/www.instagram.com\/alias_porte_blindate\/\"]}]}<\/script>\n<!-- \/ Yoast SEO plugin. -->","yoast_head_json":{"title":"Finitions cadres et profil\u00e9s de p\u00e9rim\u00e8tre | Alias Blindate","description":"Finitions ch\u00e2ssis et profil\u00e9s de p\u00e9rim\u00e8tre. Vous pouvez choisir la finition du ch\u00e2ssis et du profil\u00e9 de p\u00e9rim\u00e8tre de la porte parmi diff\u00e9rentes couleurs.","robots":{"index":"index","follow":"follow","max-snippet":"max-snippet:-1","max-image-preview":"max-image-preview:large","max-video-preview":"max-video-preview:-1"},"canonical":"https:\/\/www.aliasblindate.com\/fr\/portes-blindees\/composants-et-accessoires\/finitions-chassis-et-profiles-de-perimetre\/","og_locale":"fr_FR","og_type":"article","og_title":"Finitions cadres et profil\u00e9s de p\u00e9rim\u00e8tre | Alias Blindate","og_description":"Finitions ch\u00e2ssis et profil\u00e9s de p\u00e9rim\u00e8tre. Vous pouvez choisir la finition du ch\u00e2ssis et du profil\u00e9 de p\u00e9rim\u00e8tre de la porte parmi diff\u00e9rentes couleurs.","og_url":"https:\/\/www.aliasblindate.com\/fr\/portes-blindees\/composants-et-accessoires\/finitions-chassis-et-profiles-de-perimetre\/","og_site_name":"Alias Blindate","article_publisher":"https:\/\/www.facebook.com\/aliasporteblindate","article_modified_time":"2025-04-23T09:16:01+00:00","og_image":[{"width":1700,"height":608,"url":"https:\/\/www.aliasblindate.com\/wp-content\/uploads\/2020\/11\/soluzioni-speciali.jpg","type":"image\/jpeg"}],"twitter_card":"summary_large_image","twitter_misc":{"Dur\u00e9e de lecture estim\u00e9e":"1 minute"},"schema":{"@context":"https:\/\/schema.org","@graph":[{"@type":"WebPage","@id":"https:\/\/www.aliasblindate.com\/fr\/portes-blindees\/composants-et-accessoires\/finitions-chassis-et-profiles-de-perimetre\/","url":"https:\/\/www.aliasblindate.com\/fr\/portes-blindees\/composants-et-accessoires\/finitions-chassis-et-profiles-de-perimetre\/","name":"Finitions cadres et profil\u00e9s de p\u00e9rim\u00e8tre | Alias Blindate","isPartOf":{"@id":"https:\/\/www.aliasblindate.com\/fr\/#website"},"primaryImageOfPage":{"@id":"https:\/\/www.aliasblindate.com\/fr\/portes-blindees\/composants-et-accessoires\/finitions-chassis-et-profiles-de-perimetre\/#primaryimage"},"image":{"@id":"https:\/\/www.aliasblindate.com\/fr\/portes-blindees\/composants-et-accessoires\/finitions-chassis-et-profiles-de-perimetre\/#primaryimage"},"thumbnailUrl":"https:\/\/www.aliasblindate.com\/wp-content\/uploads\/2020\/11\/soluzioni-speciali.jpg","datePublished":"2020-11-01T10:31:37+00:00","dateModified":"2025-04-23T09:16:01+00:00","description":"Finitions ch\u00e2ssis et profil\u00e9s de p\u00e9rim\u00e8tre. Vous pouvez choisir la finition du ch\u00e2ssis et du profil\u00e9 de p\u00e9rim\u00e8tre de la porte parmi diff\u00e9rentes couleurs.","breadcrumb":{"@id":"https:\/\/www.aliasblindate.com\/fr\/portes-blindees\/composants-et-accessoires\/finitions-chassis-et-profiles-de-perimetre\/#breadcrumb"},"inLanguage":"fr-FR","potentialAction":[{"@type":"ReadAction","target":["https:\/\/www.aliasblindate.com\/fr\/portes-blindees\/composants-et-accessoires\/finitions-chassis-et-profiles-de-perimetre\/"]}]},{"@type":"ImageObject","inLanguage":"fr-FR","@id":"https:\/\/www.aliasblindate.com\/fr\/portes-blindees\/composants-et-accessoires\/finitions-chassis-et-profiles-de-perimetre\/#primaryimage","url":"https:\/\/www.aliasblindate.com\/wp-content\/uploads\/2020\/11\/soluzioni-speciali.jpg","contentUrl":"https:\/\/www.aliasblindate.com\/wp-content\/uploads\/2020\/11\/soluzioni-speciali.jpg","width":1700,"height":608},{"@type":"BreadcrumbList","@id":"https:\/\/www.aliasblindate.com\/fr\/portes-blindees\/composants-et-accessoires\/finitions-chassis-et-profiles-de-perimetre\/#breadcrumb","itemListElement":[{"@type":"ListItem","position":1,"name":"Home","item":"https:\/\/www.aliasblindate.com\/fr\/"},{"@type":"ListItem","position":2,"name":"Portes blind\u00e9es","item":"https:\/\/www.aliasblindate.com\/fr\/portes-blindees\/"},{"@type":"ListItem","position":3,"name":"Composants et accessoires","item":"https:\/\/www.aliasblindate.com\/fr\/portes-blindees\/composants-et-accessoires\/"},{"@type":"ListItem","position":4,"name":"Finitions cadres et profil\u00e9s de p\u00e9rim\u00e8tre"}]},{"@type":"WebSite","@id":"https:\/\/www.aliasblindate.com\/fr\/#website","url":"https:\/\/www.aliasblindate.com\/fr\/","name":"Alias Blindate","description":"","publisher":{"@id":"https:\/\/www.aliasblindate.com\/fr\/#organization"},"potentialAction":[{"@type":"SearchAction","target":{"@type":"EntryPoint","urlTemplate":"https:\/\/www.aliasblindate.com\/fr\/?s={search_term_string}"},"query-input":{"@type":"PropertyValueSpecification","valueRequired":true,"valueName":"search_term_string"}}],"inLanguage":"fr-FR"},{"@type":"Organization","@id":"https:\/\/www.aliasblindate.com\/fr\/#organization","name":"Alias Blindate","url":"https:\/\/www.aliasblindate.com\/fr\/","logo":{"@type":"ImageObject","inLanguage":"fr-FR","@id":"https:\/\/www.aliasblindate.com\/fr\/#\/schema\/logo\/image\/","url":"https:\/\/www.aliasblindate.com\/wp-content\/uploads\/2019\/10\/logo@2x.png","contentUrl":"https:\/\/www.aliasblindate.com\/wp-content\/uploads\/2019\/10\/logo@2x.png","width":498,"height":88,"caption":"Alias Blindate"},"image":{"@id":"https:\/\/www.aliasblindate.com\/fr\/#\/schema\/logo\/image\/"},"sameAs":["https:\/\/www.facebook.com\/aliasporteblindate","https:\/\/www.instagram.com\/alias_porte_blindate\/"]}]}},"_links":{"self":[{"href":"https:\/\/www.aliasblindate.com\/fr\/wp-json\/wp\/v2\/pages\/16403"}],"collection":[{"href":"https:\/\/www.aliasblindate.com\/fr\/wp-json\/wp\/v2\/pages"}],"about":[{"href":"https:\/\/www.aliasblindate.com\/fr\/wp-json\/wp\/v2\/types\/page"}],"author":[{"embeddable":true,"href":"https:\/\/www.aliasblindate.com\/fr\/wp-json\/wp\/v2\/users\/5"}],"replies":[{"embeddable":true,"href":"https:\/\/www.aliasblindate.com\/fr\/wp-json\/wp\/v2\/comments?post=16403"}],"version-history":[{"count":6,"href":"https:\/\/www.aliasblindate.com\/fr\/wp-json\/wp\/v2\/pages\/16403\/revisions"}],"predecessor-version":[{"id":17926,"href":"https:\/\/www.aliasblindate.com\/fr\/wp-json\/wp\/v2\/pages\/16403\/revisions\/17926"}],"up":[{"embeddable":true,"href":"https:\/\/www.aliasblindate.com\/fr\/wp-json\/wp\/v2\/pages\/16411"}],"wp:featuredmedia":[{"embeddable":true,"href":"https:\/\/www.aliasblindate.com\/fr\/wp-json\/wp\/v2\/media\/5825"}],"wp:attachment":[{"href":"https:\/\/www.aliasblindate.com\/fr\/wp-json\/wp\/v2\/media?parent=16403"}],"wp:term":[{"taxonomy":"page-category","embeddable":true,"href":"https:\/\/www.aliasblindate.com\/fr\/wp-json\/wp\/v2\/page-category?post=16403"}],"curies":[{"name":"wp","href":"https:\/\/api.w.org\/{rel}","templated":true}]}}