{"id":16390,"date":"2024-10-09T09:54:47","date_gmt":"2024-10-09T07:54:47","guid":{"rendered":"https:\/\/www.aliasblindate.com\/portes-blindees\/absolute\/silver\/"},"modified":"2025-04-23T09:44:11","modified_gmt":"2025-04-23T07:44:11","slug":"silver","status":"publish","type":"page","link":"https:\/\/www.aliasblindate.com\/fr\/portes-blindees\/absolute\/silver\/","title":{"rendered":"Silver"},"content":{"rendered":"\n<section class=\"scw-title-block scw-title-block--with-menu title-wrapper has-thumb\">\n\t<div class=\"scw-title-block__menu-row\">\n\t\t<div class=\"scw-title-block__menu-title\">Cat\u00e9gorie<\/div>\n\t\t\t\t\t<div class=\"scw-title-block__menu-wrapper\">\n\t\t\t\t<div class=\"scw-title-block__menu-item\">\n\t\t\t\t\t<a href=\"#\" class=\"scw-title-block__menu-item-link scw-title-block__menu-toggle\">Silver <i class=\"fa icon-down-open-big\"><\/i><\/a>\n\t\t\t\t\t<div class=\"scw-title-block__submenu\">\n\t\t\t\t\t\t\n\t\t\t\t\t\t\t<div class=\"scw-title-block__menu-item\">\n\t\t\t\t\t\t\t\t<a href=\"https:\/\/www.aliasblindate.com\/fr\/portes-blindees\/absolute\/gold\/\" class=\"scw-title-block__menu-item-link\">Gold<\/a>\n\t\t\t\t\t\t\t<\/div>\n\n\t\t\t\t\t\t\t\n\t\t\t\t\t\t\t<div class=\"scw-title-block__menu-item\">\n\t\t\t\t\t\t\t\t<a href=\"https:\/\/www.aliasblindate.com\/fr\/portes-blindees\/absolute\/double\/\" class=\"scw-title-block__menu-item-link\">Double<\/a>\n\t\t\t\t\t\t\t<\/div>\n\n\t\t\t\t\t\t\t\n\t\t\t\t\t\t\t<div class=\"scw-title-block__menu-item\">\n\t\t\t\t\t\t\t\t<a href=\"https:\/\/www.aliasblindate.com\/fr\/portes-blindees\/absolute\/platinum-et-titanium\/\" class=\"scw-title-block__menu-item-link\">Platinum et Titanium<\/a>\n\t\t\t\t\t\t\t<\/div>\n\n\t\t\t\t\t\t\t\t\t\t\t\t<\/div>\n\t\t\t\t<\/div>\n\t\t\t<\/div>\n\t\t\t\t<\/div>\n\t<div class=\"two-columns\">\n\t\t<div class=\"single-title\"><h1 class=\"scw-title\">Platinum et Titanium<\/div>\n\n\t\t\t\t\t<div class=\"anchor\">\n\t\t\t\t<a href=\"#start\" class=\"anchor-btn\">D\u00e9couvrez les d\u00e9tails <i class=\"fa icon-down-open\"><\/i><\/a>\n\t\t\t<\/div>\n\t\t\t<\/div>\n<\/section>\n\n<section id=\"start\" class=\"description-wrapper \">\n\t\t\t<div class=\"description\">\n\t\t\t<p>La porte en classe 3 avec charni\u00e8re invisible<\/p>\n<p><strong>Caract\u00e9ristiques\u00a0:<\/strong><\/p>\n<ul>\n<li>CLASSE 3 anti-effraction EN 1627<\/li>\n<li>TRANSMISSION THERMIQUE \u2013 1,30 W\/m\u00b2K<\/li>\n<li>R\u00c9DUCTION DU BRUIT \u2013 Rw: 34 dB<\/li>\n<\/ul>\n<p><strong>Toutes les structures Alias de s\u00e9rie sont \u00e9quip\u00e9es de\u00a0:<\/strong><\/p>\n<ul>\n<li>D\u00e9fense ANTI-PERCAGE ET ANTI-ARRACHAGE<\/li>\n<li>Cylindres ANTI-BUMPING<\/li>\n<li>3 GARNITURES<\/li>\n<li>Terminal LIGHT STOP<\/li>\n<\/ul>\n\t\t<\/div>\n\t\t<\/section>\n\n\n\n<div style=\"height:20px\" aria-hidden=\"true\" class=\"wp-block-spacer\"><\/div>\n\n\n\t<section class=\"scw-block-gallery-caption\">\n\t\t\t\t<div class=\"scw-block-gallery-caption__carousel owl-carousel owl-theme\">\n\t\t\t\t\t\t\t<div>\n\t\t\t\t\t\t\t\t\t\t\t<a class=\"dt-pswp-item scw-block-gallery-caption__link\" href=\"https:\/\/www.aliasblindate.com\/wp-content\/uploads\/2024\/10\/SILVER2.jpg\" data-large_image_width=\"1200\" data-large_image_height=\"730\">\n\t\t\t\t\t\t\t<img loading=\"lazy\" decoding=\"async\" width=\"1200\" height=\"730\" src=\"https:\/\/www.aliasblindate.com\/wp-content\/uploads\/2024\/10\/SILVER2.jpg\" data-src=\"https:\/\/www.aliasblindate.com\/wp-content\/uploads\/2024\/10\/SILVER2.jpg\" class=\"owl-lazy\" srcset=\"https:\/\/www.aliasblindate.com\/wp-content\/uploads\/2024\/10\/SILVER2.jpg 1200w, https:\/\/www.aliasblindate.com\/wp-content\/uploads\/2024\/10\/SILVER2-300x183.jpg 300w, https:\/\/www.aliasblindate.com\/wp-content\/uploads\/2024\/10\/SILVER2-1024x623.jpg 1024w, https:\/\/www.aliasblindate.com\/wp-content\/uploads\/2024\/10\/SILVER2-768x467.jpg 768w\">\n\t\t\t\t\t\t<\/a>\n\t\t\t\t\t\t\t\t\t\t<div class=\"scw-block-gallery-caption__text-wrapper\">\n\t\t\t\t\t\t\t\t\t\t\t\t\t<div class=\"scw-block-gallery-caption__title\">SILVER<\/div>\n\t\t\t\t\t\t\t\t\t\t\t\t\t\t\t\t\t\t\t<div class=\"scw-block-gallery-caption__text\">Panneau lisse laqu\u00e9 \u00ab\u00a0blanc car\u00e8ne\u00a0\u00bb. Poign\u00e9e Alat\u00f2 avec finition chrome satin\u00e9 (Colombo Design).<\/div>\n\t\t\t\t\t\t\t\t\t\t\t<\/div>\n\t\t\t\t<\/div>\n\t\t\t\t\t\t\t\t<div>\n\t\t\t\t\t\t\t\t\t\t\t<a class=\"dt-pswp-item scw-block-gallery-caption__link\" href=\"https:\/\/www.aliasblindate.com\/wp-content\/uploads\/2024\/10\/silver3.jpg\" data-large_image_width=\"1200\" data-large_image_height=\"730\">\n\t\t\t\t\t\t\t<img loading=\"lazy\" decoding=\"async\" width=\"1200\" height=\"730\" src=\"https:\/\/www.aliasblindate.com\/wp-content\/uploads\/2024\/10\/silver3.jpg\" data-src=\"https:\/\/www.aliasblindate.com\/wp-content\/uploads\/2024\/10\/silver3.jpg\" class=\"owl-lazy\" srcset=\"https:\/\/www.aliasblindate.com\/wp-content\/uploads\/2024\/10\/silver3.jpg 1200w, https:\/\/www.aliasblindate.com\/wp-content\/uploads\/2024\/10\/silver3-300x183.jpg 300w, https:\/\/www.aliasblindate.com\/wp-content\/uploads\/2024\/10\/silver3-1024x623.jpg 1024w, https:\/\/www.aliasblindate.com\/wp-content\/uploads\/2024\/10\/silver3-768x467.jpg 768w\">\n\t\t\t\t\t\t<\/a>\n\t\t\t\t\t\t\t\t\t\t<div class=\"scw-block-gallery-caption__text-wrapper\">\n\t\t\t\t\t\t\t\t\t\t\t\t\t<div class=\"scw-block-gallery-caption__title\">SILVER<\/div>\n\t\t\t\t\t\t\t\t\t\t\t\t\t\t\t\t\t\t\t<div class=\"scw-block-gallery-caption__text\">Panneau lisse laqu\u00e9 RAL 9016. Poign\u00e9e H4 finition chrome satin\u00e9.<\/div>\n\t\t\t\t\t\t\t\t\t\t\t<\/div>\n\t\t\t\t<\/div>\n\t\t\t\t\t\t<\/div>\n\t<\/section>\n\t\n\n\t<section class=\"features-reverse\">\n\t\t\t\t\t\t\t\t<div class=\"two-columns\">\n\t\t\t\t<div class=\"feature-text\">\n\t\t\t\t\t<div class=\"feature-title scw-title\"><\/div>\n\t\t\t\t\t<div class=\"feature-description\"><p>STRUCTURES INTERNES DES PORTES<\/p>\n<\/div>\n\t\t\t\t<\/div>\n\t\t\t\t<div class=\"feature-gallery\">\n\t\t\t\t\t\t<div class=\"gallery-carousel owl-carousel owl-theme\">\n\t\t\t\t\t<a class=\"dt-pswp-item\" href=\"https:\/\/www.aliasblindate.com\/wp-content\/uploads\/2024\/10\/silver-gold-schema.jpg\" data-large_image_width=\"793\" data-large_image_height=\"842\">\n\t\t\t\t<img loading=\"lazy\" decoding=\"async\" width=\"650\" height=\"380\" src=\"https:\/\/www.aliasblindate.com\/wp-content\/uploads\/2024\/10\/silver-gold-schema-650x380.jpg\" data-src=\"https:\/\/www.aliasblindate.com\/wp-content\/uploads\/2024\/10\/silver-gold-schema-650x380.jpg\" class=\"owl-lazy\" srcset=\"\">\n\t\t\t<\/a>\n\t\t\t\t<\/div>\n\t\t\t\t\t\t<p class=\"mobile-only gallery-advice\"><em>Clicca per ingrandire<\/em><\/p>\n\t\t\t\t<\/div>\n\t\t\t<\/div>\n\t\t\t\t\t\t\t\t<div class=\"two-columns\">\n\t\t\t\t<div class=\"feature-text\">\n\t\t\t\t\t<div class=\"feature-title scw-title\"><\/div>\n\t\t\t\t\t<div class=\"feature-description\"><p>CHARNI\u00c8RE INVISIBLE<\/p>\n<\/div>\n\t\t\t\t<\/div>\n\t\t\t\t<div class=\"feature-gallery\">\n\t\t\t\t\t\t<div class=\"gallery-carousel owl-carousel owl-theme\">\n\t\t\t\t\t<a class=\"dt-pswp-item\" href=\"https:\/\/www.aliasblindate.com\/wp-content\/uploads\/2024\/10\/cerniera-scomparsa.jpg\" data-large_image_width=\"675\" data-large_image_height=\"818\">\n\t\t\t\t<img loading=\"lazy\" decoding=\"async\" width=\"650\" height=\"380\" src=\"https:\/\/www.aliasblindate.com\/wp-content\/uploads\/2024\/10\/cerniera-scomparsa-650x380.jpg\" data-src=\"https:\/\/www.aliasblindate.com\/wp-content\/uploads\/2024\/10\/cerniera-scomparsa-650x380.jpg\" class=\"owl-lazy\" srcset=\"\">\n\t\t\t<\/a>\n\t\t\t\t<\/div>\n\t\t\t\t\t\t<p class=\"mobile-only gallery-advice\"><em>Clicca per ingrandire<\/em><\/p>\n\t\t\t\t<\/div>\n\t\t\t<\/div>\n\t\t\t\t\t\t\t\t<div class=\"two-columns\">\n\t\t\t\t<div class=\"feature-text\">\n\t\t\t\t\t<div class=\"feature-title scw-title\">Couvre-charni\u00e8res &#8211; CACHE VIS<\/div>\n\t\t\t\t\t<div class=\"feature-description\"><p>Pour un meilleur rendu esth\u00e9tique, le ch\u00e2ssis et la car\u00e8ne en finition aluminium sont toujours associ\u00e9s \u00e0 des joints \u2013 \u00e0 la fois but\u00e9e de battant et but\u00e9e externe du ch\u00e2ssis \u2013 de couleur grise.<\/p>\n<\/div>\n\t\t\t\t<\/div>\n\t\t\t\t<div class=\"feature-gallery\">\n\t\t\t\t\t\t<div class=\"gallery-carousel owl-carousel owl-theme\">\n\t\t\t\t\t<a class=\"dt-pswp-item\" href=\"https:\/\/www.aliasblindate.com\/wp-content\/uploads\/2024\/10\/tappi.jpg\" data-large_image_width=\"600\" data-large_image_height=\"490\">\n\t\t\t\t<img loading=\"lazy\" decoding=\"async\" width=\"600\" height=\"380\" src=\"https:\/\/www.aliasblindate.com\/wp-content\/uploads\/2024\/10\/tappi-600x380.jpg\" data-src=\"https:\/\/www.aliasblindate.com\/wp-content\/uploads\/2024\/10\/tappi-600x380.jpg\" class=\"owl-lazy\" srcset=\"\">\n\t\t\t<\/a>\n\t\t\t\t<\/div>\n\t\t\t\t\t\t<p class=\"mobile-only gallery-advice\"><em>Clicca per ingrandire<\/em><\/p>\n\t\t\t\t<\/div>\n\t\t\t<\/div>\n\t\t\t<\/section>\n\t\n\n\n<p><\/p>\n","protected":false},"excerpt":{"rendered":"","protected":false},"author":5,"featured_media":16391,"parent":16359,"menu_order":0,"comment_status":"closed","ping_status":"closed","template":"","meta":{"footnotes":""},"page-category":[94],"acf":[],"yoast_head":"<!-- This site is optimized with the Yoast SEO plugin v23.5 - https:\/\/yoast.com\/wordpress\/plugins\/seo\/ -->\n<title>Silver | Alias Blindate<\/title>\n<meta name=\"robots\" content=\"index, follow, max-snippet:-1, max-image-preview:large, max-video-preview:-1\" \/>\n<link rel=\"canonical\" href=\"https:\/\/www.aliasblindate.com\/fr\/portes-blindees\/absolute\/silver\/\" \/>\n<meta property=\"og:locale\" content=\"fr_FR\" \/>\n<meta property=\"og:type\" content=\"article\" \/>\n<meta property=\"og:title\" content=\"Silver | Alias Blindate\" \/>\n<meta property=\"og:url\" content=\"https:\/\/www.aliasblindate.com\/fr\/portes-blindees\/absolute\/silver\/\" \/>\n<meta property=\"og:site_name\" content=\"Alias Blindate\" \/>\n<meta property=\"article:publisher\" content=\"https:\/\/www.facebook.com\/aliasporteblindate\" \/>\n<meta property=\"article:modified_time\" content=\"2025-04-23T07:44:11+00:00\" \/>\n<meta property=\"og:image\" content=\"https:\/\/www.aliasblindate.com\/wp-content\/uploads\/2024\/10\/silver1-hea.jpg\" \/>\n\t<meta property=\"og:image:width\" content=\"1650\" \/>\n\t<meta property=\"og:image:height\" content=\"590\" \/>\n\t<meta property=\"og:image:type\" content=\"image\/jpeg\" \/>\n<meta name=\"twitter:card\" content=\"summary_large_image\" \/>\n<meta name=\"twitter:label1\" content=\"Dur\u00e9e de lecture estim\u00e9e\" \/>\n\t<meta name=\"twitter:data1\" content=\"1 minute\" \/>\n<script type=\"application\/ld+json\" class=\"yoast-schema-graph\">{\"@context\":\"https:\/\/schema.org\",\"@graph\":[{\"@type\":\"WebPage\",\"@id\":\"https:\/\/www.aliasblindate.com\/fr\/portes-blindees\/absolute\/silver\/\",\"url\":\"https:\/\/www.aliasblindate.com\/fr\/portes-blindees\/absolute\/silver\/\",\"name\":\"Silver | Alias Blindate\",\"isPartOf\":{\"@id\":\"https:\/\/www.aliasblindate.com\/fr\/#website\"},\"primaryImageOfPage\":{\"@id\":\"https:\/\/www.aliasblindate.com\/fr\/portes-blindees\/absolute\/silver\/#primaryimage\"},\"image\":{\"@id\":\"https:\/\/www.aliasblindate.com\/fr\/portes-blindees\/absolute\/silver\/#primaryimage\"},\"thumbnailUrl\":\"https:\/\/www.aliasblindate.com\/wp-content\/uploads\/2024\/10\/silver1-hea.jpg\",\"datePublished\":\"2024-10-09T07:54:47+00:00\",\"dateModified\":\"2025-04-23T07:44:11+00:00\",\"breadcrumb\":{\"@id\":\"https:\/\/www.aliasblindate.com\/fr\/portes-blindees\/absolute\/silver\/#breadcrumb\"},\"inLanguage\":\"fr-FR\",\"potentialAction\":[{\"@type\":\"ReadAction\",\"target\":[\"https:\/\/www.aliasblindate.com\/fr\/portes-blindees\/absolute\/silver\/\"]}]},{\"@type\":\"ImageObject\",\"inLanguage\":\"fr-FR\",\"@id\":\"https:\/\/www.aliasblindate.com\/fr\/portes-blindees\/absolute\/silver\/#primaryimage\",\"url\":\"https:\/\/www.aliasblindate.com\/wp-content\/uploads\/2024\/10\/silver1-hea.jpg\",\"contentUrl\":\"https:\/\/www.aliasblindate.com\/wp-content\/uploads\/2024\/10\/silver1-hea.jpg\",\"width\":1650,\"height\":590},{\"@type\":\"BreadcrumbList\",\"@id\":\"https:\/\/www.aliasblindate.com\/fr\/portes-blindees\/absolute\/silver\/#breadcrumb\",\"itemListElement\":[{\"@type\":\"ListItem\",\"position\":1,\"name\":\"Home\",\"item\":\"https:\/\/www.aliasblindate.com\/fr\/\"},{\"@type\":\"ListItem\",\"position\":2,\"name\":\"Portes blind\u00e9es\",\"item\":\"https:\/\/www.aliasblindate.com\/fr\/portes-blindees\/\"},{\"@type\":\"ListItem\",\"position\":3,\"name\":\"Portes avec paumelles invisibles\u00a0\",\"item\":\"https:\/\/www.aliasblindate.com\/fr\/portes-blindees\/absolute\/\"},{\"@type\":\"ListItem\",\"position\":4,\"name\":\"Silver\"}]},{\"@type\":\"WebSite\",\"@id\":\"https:\/\/www.aliasblindate.com\/fr\/#website\",\"url\":\"https:\/\/www.aliasblindate.com\/fr\/\",\"name\":\"Alias Blindate\",\"description\":\"\",\"publisher\":{\"@id\":\"https:\/\/www.aliasblindate.com\/fr\/#organization\"},\"potentialAction\":[{\"@type\":\"SearchAction\",\"target\":{\"@type\":\"EntryPoint\",\"urlTemplate\":\"https:\/\/www.aliasblindate.com\/fr\/?s={search_term_string}\"},\"query-input\":{\"@type\":\"PropertyValueSpecification\",\"valueRequired\":true,\"valueName\":\"search_term_string\"}}],\"inLanguage\":\"fr-FR\"},{\"@type\":\"Organization\",\"@id\":\"https:\/\/www.aliasblindate.com\/fr\/#organization\",\"name\":\"Alias Blindate\",\"url\":\"https:\/\/www.aliasblindate.com\/fr\/\",\"logo\":{\"@type\":\"ImageObject\",\"inLanguage\":\"fr-FR\",\"@id\":\"https:\/\/www.aliasblindate.com\/fr\/#\/schema\/logo\/image\/\",\"url\":\"https:\/\/www.aliasblindate.com\/wp-content\/uploads\/2019\/10\/logo@2x.png\",\"contentUrl\":\"https:\/\/www.aliasblindate.com\/wp-content\/uploads\/2019\/10\/logo@2x.png\",\"width\":498,\"height\":88,\"caption\":\"Alias Blindate\"},\"image\":{\"@id\":\"https:\/\/www.aliasblindate.com\/fr\/#\/schema\/logo\/image\/\"},\"sameAs\":[\"https:\/\/www.facebook.com\/aliasporteblindate\",\"https:\/\/www.instagram.com\/alias_porte_blindate\/\"]}]}<\/script>\n<!-- \/ Yoast SEO plugin. -->","yoast_head_json":{"title":"Silver | Alias Blindate","robots":{"index":"index","follow":"follow","max-snippet":"max-snippet:-1","max-image-preview":"max-image-preview:large","max-video-preview":"max-video-preview:-1"},"canonical":"https:\/\/www.aliasblindate.com\/fr\/portes-blindees\/absolute\/silver\/","og_locale":"fr_FR","og_type":"article","og_title":"Silver | Alias Blindate","og_url":"https:\/\/www.aliasblindate.com\/fr\/portes-blindees\/absolute\/silver\/","og_site_name":"Alias Blindate","article_publisher":"https:\/\/www.facebook.com\/aliasporteblindate","article_modified_time":"2025-04-23T07:44:11+00:00","og_image":[{"width":1650,"height":590,"url":"https:\/\/www.aliasblindate.com\/wp-content\/uploads\/2024\/10\/silver1-hea.jpg","type":"image\/jpeg"}],"twitter_card":"summary_large_image","twitter_misc":{"Dur\u00e9e de lecture estim\u00e9e":"1 minute"},"schema":{"@context":"https:\/\/schema.org","@graph":[{"@type":"WebPage","@id":"https:\/\/www.aliasblindate.com\/fr\/portes-blindees\/absolute\/silver\/","url":"https:\/\/www.aliasblindate.com\/fr\/portes-blindees\/absolute\/silver\/","name":"Silver | Alias Blindate","isPartOf":{"@id":"https:\/\/www.aliasblindate.com\/fr\/#website"},"primaryImageOfPage":{"@id":"https:\/\/www.aliasblindate.com\/fr\/portes-blindees\/absolute\/silver\/#primaryimage"},"image":{"@id":"https:\/\/www.aliasblindate.com\/fr\/portes-blindees\/absolute\/silver\/#primaryimage"},"thumbnailUrl":"https:\/\/www.aliasblindate.com\/wp-content\/uploads\/2024\/10\/silver1-hea.jpg","datePublished":"2024-10-09T07:54:47+00:00","dateModified":"2025-04-23T07:44:11+00:00","breadcrumb":{"@id":"https:\/\/www.aliasblindate.com\/fr\/portes-blindees\/absolute\/silver\/#breadcrumb"},"inLanguage":"fr-FR","potentialAction":[{"@type":"ReadAction","target":["https:\/\/www.aliasblindate.com\/fr\/portes-blindees\/absolute\/silver\/"]}]},{"@type":"ImageObject","inLanguage":"fr-FR","@id":"https:\/\/www.aliasblindate.com\/fr\/portes-blindees\/absolute\/silver\/#primaryimage","url":"https:\/\/www.aliasblindate.com\/wp-content\/uploads\/2024\/10\/silver1-hea.jpg","contentUrl":"https:\/\/www.aliasblindate.com\/wp-content\/uploads\/2024\/10\/silver1-hea.jpg","width":1650,"height":590},{"@type":"BreadcrumbList","@id":"https:\/\/www.aliasblindate.com\/fr\/portes-blindees\/absolute\/silver\/#breadcrumb","itemListElement":[{"@type":"ListItem","position":1,"name":"Home","item":"https:\/\/www.aliasblindate.com\/fr\/"},{"@type":"ListItem","position":2,"name":"Portes blind\u00e9es","item":"https:\/\/www.aliasblindate.com\/fr\/portes-blindees\/"},{"@type":"ListItem","position":3,"name":"Portes avec paumelles invisibles\u00a0","item":"https:\/\/www.aliasblindate.com\/fr\/portes-blindees\/absolute\/"},{"@type":"ListItem","position":4,"name":"Silver"}]},{"@type":"WebSite","@id":"https:\/\/www.aliasblindate.com\/fr\/#website","url":"https:\/\/www.aliasblindate.com\/fr\/","name":"Alias Blindate","description":"","publisher":{"@id":"https:\/\/www.aliasblindate.com\/fr\/#organization"},"potentialAction":[{"@type":"SearchAction","target":{"@type":"EntryPoint","urlTemplate":"https:\/\/www.aliasblindate.com\/fr\/?s={search_term_string}"},"query-input":{"@type":"PropertyValueSpecification","valueRequired":true,"valueName":"search_term_string"}}],"inLanguage":"fr-FR"},{"@type":"Organization","@id":"https:\/\/www.aliasblindate.com\/fr\/#organization","name":"Alias Blindate","url":"https:\/\/www.aliasblindate.com\/fr\/","logo":{"@type":"ImageObject","inLanguage":"fr-FR","@id":"https:\/\/www.aliasblindate.com\/fr\/#\/schema\/logo\/image\/","url":"https:\/\/www.aliasblindate.com\/wp-content\/uploads\/2019\/10\/logo@2x.png","contentUrl":"https:\/\/www.aliasblindate.com\/wp-content\/uploads\/2019\/10\/logo@2x.png","width":498,"height":88,"caption":"Alias Blindate"},"image":{"@id":"https:\/\/www.aliasblindate.com\/fr\/#\/schema\/logo\/image\/"},"sameAs":["https:\/\/www.facebook.com\/aliasporteblindate","https:\/\/www.instagram.com\/alias_porte_blindate\/"]}]}},"_links":{"self":[{"href":"https:\/\/www.aliasblindate.com\/fr\/wp-json\/wp\/v2\/pages\/16390"}],"collection":[{"href":"https:\/\/www.aliasblindate.com\/fr\/wp-json\/wp\/v2\/pages"}],"about":[{"href":"https:\/\/www.aliasblindate.com\/fr\/wp-json\/wp\/v2\/types\/page"}],"author":[{"embeddable":true,"href":"https:\/\/www.aliasblindate.com\/fr\/wp-json\/wp\/v2\/users\/5"}],"replies":[{"embeddable":true,"href":"https:\/\/www.aliasblindate.com\/fr\/wp-json\/wp\/v2\/comments?post=16390"}],"version-history":[{"count":10,"href":"https:\/\/www.aliasblindate.com\/fr\/wp-json\/wp\/v2\/pages\/16390\/revisions"}],"predecessor-version":[{"id":17910,"href":"https:\/\/www.aliasblindate.com\/fr\/wp-json\/wp\/v2\/pages\/16390\/revisions\/17910"}],"up":[{"embeddable":true,"href":"https:\/\/www.aliasblindate.com\/fr\/wp-json\/wp\/v2\/pages\/16359"}],"wp:featuredmedia":[{"embeddable":true,"href":"https:\/\/www.aliasblindate.com\/fr\/wp-json\/wp\/v2\/media\/16391"}],"wp:attachment":[{"href":"https:\/\/www.aliasblindate.com\/fr\/wp-json\/wp\/v2\/media?parent=16390"}],"wp:term":[{"taxonomy":"page-category","embeddable":true,"href":"https:\/\/www.aliasblindate.com\/fr\/wp-json\/wp\/v2\/page-category?post=16390"}],"curies":[{"name":"wp","href":"https:\/\/api.w.org\/{rel}","templated":true}]}}