{"id":16293,"date":"2020-12-09T12:54:14","date_gmt":"2020-12-09T11:54:14","guid":{"rendered":"https:\/\/www.aliasblindate.com\/varese\/"},"modified":"2025-04-02T08:43:08","modified_gmt":"2025-04-02T06:43:08","slug":"varese","status":"publish","type":"page","link":"https:\/\/www.aliasblindate.com\/fr\/varese\/","title":{"rendered":"PRODUCTION DE PORTES BLIND\u00c9ES \u00c0 VAR\u00c8SE"},"content":{"rendered":"<p><img loading=\"lazy\" decoding=\"async\" class=\"size-medium wp-image-6886 alignleft\" src=\"https:\/\/www.aliasblindate.com\/wp-content\/uploads\/2020\/12\/fast_def-300x226.jpg\" alt=\"PRODUZIONE PORTE BLINDATE VARESE\" width=\"300\" height=\"226\" srcset=\"https:\/\/www.aliasblindate.com\/wp-content\/uploads\/2020\/12\/fast_def-300x226.jpg 300w, https:\/\/www.aliasblindate.com\/wp-content\/uploads\/2020\/12\/fast_def.jpg 570w\" sizes=\"(max-width: 300px) 100vw, 300px\" \/><\/p>\n<p class=\"justifyfull\" dir=\"ltr\">Pour la production de portes blind\u00e9es \u00e0 Var\u00e8se, faites confiance \u00e0 ALIAS, gage d&rsquo;efficacit\u00e9 et de design.<\/p>\n<p class=\"justifyfull\" dir=\"ltr\">Les portes blind\u00e9es sont devenues indispensables \u00e0 la maison comme dans les bureaux, et elles sont \u00e9galement consid\u00e9r\u00e9es comme un compl\u00e9ment d\u2019ameublement fonctionnel et d\u00e9coratif.\u00a0Avec sa production, ALIAS a r\u00e9volutionn\u00e9 le concept de porte blind\u00e9e en proposant des portes blind\u00e9es ultra-plates et, surtout, s\u00fbres. Pour compl\u00e9ter son offre de portes blind\u00e9es \u00e0 Var\u00e8se, ALIAS propose une large gamme avec divers mod\u00e8les et rev\u00eatements pour r\u00e9pondre \u00e0 tous les besoins en offrant un produit d\u2019excellence.<\/p>\n<p class=\"justifyfull\" dir=\"ltr\">Des exigences telles que la solidit\u00e9, la r\u00e9sistance, la durabilit\u00e9 sont essentielles pour assurer au client un produit de grande qualit\u00e9.\u00a0De plus, dans sa production de portes blind\u00e9es \u00e0 Var\u00e8se, tous les produits d\u2019ALIAS sont assortis de certifications anti-effraction, de transmission thermique et d&rsquo;isolation acoustique d\u00e9livr\u00e9es par les plus importants instituts d&rsquo;essais reconnus en Europe. L\u2019offre de portes blind\u00e9es d\u2019ALIAS est vaste et comprend\u00a0: des portes affleurantes, des portes ext\u00e9rieures, des portillons d\u2019entr\u00e9e, des portes fen\u00eatres et des portes blind\u00e9es coplanaires.<\/p>\n<p class=\"justifyfull\" dir=\"ltr\">En outre, des fermetures de s\u00e9curit\u00e9 pour les serrures blind\u00e9es et les serrures \u00e0 cylindre europ\u00e9en, et des grilles de protection.\u00a0Pour la production de portes blind\u00e9es \u00e0 Var\u00e8se, faites appel \u00e0 ALIAS, des innovateurs dans le secteur tant pour la structure des produits et que pour l&rsquo;isolation. ALIAS, ce sont aussi des concepteurs de syst\u00e8mes simplifi\u00e9s de pose avec des syst\u00e8mes de serrure \u00e9lectrifi\u00e9e ou de g\u00e2che \u00e9lectrique pour l\u2019ouverture du p\u00eane demi-tour \u00e0 impulsion \u00e0 distance.<\/p>\n<p class=\"justifyfull\" dir=\"ltr\">Des mat\u00e9riaux de qualit\u00e9, un design unique et polyvalent, une attention au client, une \u00e9quipe qui suivra pas \u00e0 pas le client en le conseillant au mieux, toujours dans le respect de ses besoins.\u00a0ALIAS, une entreprise \u00e0 l&rsquo;avant-garde \u00e0 qui faire confiance avec la certitude d&rsquo;acheter des produits adapt\u00e9s \u00e0 la s\u00e9curit\u00e9 \u00e0 la maison et au bureau, aux \u00e9conomies d&rsquo;\u00e9nergie et au bien-\u00eatre.<\/p>\n<p class=\"justifyfull\" dir=\"ltr\">La fiabilit\u00e9 des produits ALIAS est \u00e9galement attest\u00e9e par la reconnaissance d\u2019une association aussi importante que l&rsquo;ADI (Associazione Disegno Industriale), qui a s\u00e9lectionn\u00e9 et inclus dans son INDEX ADI 2016 la porte blind\u00e9e affleurante \u00ab Wing Wall E12-60 \u00bb d&rsquo;ALIAS r\u00e9sistante au feu, un produit qui sera pr\u00e9sent\u00e9 au concours prestigieux pour le prix Compasso d\u2019Oro en 2018. Wing Wall fait partie de la collection de <a title=\"d\u00e9couvrez les mod\u00e8les de portes de s\u00e9curit\u00e9 modernes Wing\" href=\"https:\/\/www.aliasblindate.com\/fr\/portes-blindees\/portes-affleurantes-dinterieur\/le-monde-wing\/\">portes blind\u00e9es modernes<\/a> de l&rsquo;univers Wing d&rsquo;Alias.<\/p>\n","protected":false},"excerpt":{"rendered":"<p>Pour la production de portes blind\u00e9es \u00e0 Var\u00e8se, faites confiance \u00e0 ALIAS, gage d&rsquo;efficacit\u00e9 et de design. Les portes blind\u00e9es sont devenues indispensables \u00e0 la maison comme dans les bureaux, et elles sont \u00e9galement consid\u00e9r\u00e9es comme un compl\u00e9ment d\u2019ameublement fonctionnel et d\u00e9coratif.\u00a0Avec sa production, ALIAS a r\u00e9volutionn\u00e9 le concept de porte blind\u00e9e en proposant des&hellip;<\/p>\n","protected":false},"author":5,"featured_media":0,"parent":0,"menu_order":0,"comment_status":"closed","ping_status":"closed","template":"","meta":{"footnotes":""},"page-category":[],"acf":[],"yoast_head":"<!-- This site is optimized with the Yoast SEO plugin v23.5 - https:\/\/yoast.com\/wordpress\/plugins\/seo\/ -->\n<title>PRODUCTION DE PORTES BLIND\u00c9ES \u00c0 VAR\u00c8SE | Alias Blindate<\/title>\n<meta name=\"description\" content=\"Alias se consacre \u00e0 la production de portes blind\u00e9es \u00e0 Var\u00e8se et dans la province alentour depuis de nombreuses ann\u00e9es\u00a0: visitez le site pour en savoir plus.\" \/>\n<meta name=\"robots\" content=\"index, follow, max-snippet:-1, max-image-preview:large, max-video-preview:-1\" \/>\n<link rel=\"canonical\" href=\"https:\/\/www.aliasblindate.com\/fr\/varese\/\" \/>\n<meta property=\"og:locale\" content=\"fr_FR\" \/>\n<meta property=\"og:type\" content=\"article\" \/>\n<meta property=\"og:title\" content=\"PRODUCTION DE PORTES BLIND\u00c9ES \u00c0 VAR\u00c8SE | Alias Blindate\" \/>\n<meta property=\"og:description\" content=\"Alias se consacre \u00e0 la production de portes blind\u00e9es \u00e0 Var\u00e8se et dans la province alentour depuis de nombreuses ann\u00e9es\u00a0: visitez le site pour en savoir plus.\" \/>\n<meta property=\"og:url\" content=\"https:\/\/www.aliasblindate.com\/fr\/varese\/\" \/>\n<meta property=\"og:site_name\" content=\"Alias Blindate\" \/>\n<meta property=\"article:publisher\" content=\"https:\/\/www.facebook.com\/aliasporteblindate\" \/>\n<meta property=\"article:modified_time\" content=\"2025-04-02T06:43:08+00:00\" \/>\n<meta property=\"og:image\" content=\"https:\/\/www.aliasblindate.com\/wp-content\/uploads\/2020\/12\/fast_def-300x226.jpg\" \/>\n<meta name=\"twitter:card\" content=\"summary_large_image\" \/>\n<meta name=\"twitter:label1\" content=\"Dur\u00e9e de lecture estim\u00e9e\" \/>\n\t<meta name=\"twitter:data1\" content=\"3 minutes\" \/>\n<script type=\"application\/ld+json\" class=\"yoast-schema-graph\">{\"@context\":\"https:\/\/schema.org\",\"@graph\":[{\"@type\":\"WebPage\",\"@id\":\"https:\/\/www.aliasblindate.com\/fr\/varese\/\",\"url\":\"https:\/\/www.aliasblindate.com\/fr\/varese\/\",\"name\":\"PRODUCTION DE PORTES BLIND\u00c9ES \u00c0 VAR\u00c8SE | Alias Blindate\",\"isPartOf\":{\"@id\":\"https:\/\/www.aliasblindate.com\/fr\/#website\"},\"primaryImageOfPage\":{\"@id\":\"https:\/\/www.aliasblindate.com\/fr\/varese\/#primaryimage\"},\"image\":{\"@id\":\"https:\/\/www.aliasblindate.com\/fr\/varese\/#primaryimage\"},\"thumbnailUrl\":\"https:\/\/www.aliasblindate.com\/wp-content\/uploads\/2020\/12\/fast_def-300x226.jpg\",\"datePublished\":\"2020-12-09T11:54:14+00:00\",\"dateModified\":\"2025-04-02T06:43:08+00:00\",\"description\":\"Alias se consacre \u00e0 la production de portes blind\u00e9es \u00e0 Var\u00e8se et dans la province alentour depuis de nombreuses ann\u00e9es\u00a0: visitez le site pour en savoir plus.\",\"breadcrumb\":{\"@id\":\"https:\/\/www.aliasblindate.com\/fr\/varese\/#breadcrumb\"},\"inLanguage\":\"fr-FR\",\"potentialAction\":[{\"@type\":\"ReadAction\",\"target\":[\"https:\/\/www.aliasblindate.com\/fr\/varese\/\"]}]},{\"@type\":\"ImageObject\",\"inLanguage\":\"fr-FR\",\"@id\":\"https:\/\/www.aliasblindate.com\/fr\/varese\/#primaryimage\",\"url\":\"https:\/\/www.aliasblindate.com\/wp-content\/uploads\/2020\/12\/fast_def-300x226.jpg\",\"contentUrl\":\"https:\/\/www.aliasblindate.com\/wp-content\/uploads\/2020\/12\/fast_def-300x226.jpg\"},{\"@type\":\"BreadcrumbList\",\"@id\":\"https:\/\/www.aliasblindate.com\/fr\/varese\/#breadcrumb\",\"itemListElement\":[{\"@type\":\"ListItem\",\"position\":1,\"name\":\"Home\",\"item\":\"https:\/\/www.aliasblindate.com\/fr\/\"},{\"@type\":\"ListItem\",\"position\":2,\"name\":\"PRODUCTION DE PORTES BLIND\u00c9ES \u00c0 VAR\u00c8SE\"}]},{\"@type\":\"WebSite\",\"@id\":\"https:\/\/www.aliasblindate.com\/fr\/#website\",\"url\":\"https:\/\/www.aliasblindate.com\/fr\/\",\"name\":\"Alias Blindate\",\"description\":\"\",\"publisher\":{\"@id\":\"https:\/\/www.aliasblindate.com\/fr\/#organization\"},\"potentialAction\":[{\"@type\":\"SearchAction\",\"target\":{\"@type\":\"EntryPoint\",\"urlTemplate\":\"https:\/\/www.aliasblindate.com\/fr\/?s={search_term_string}\"},\"query-input\":{\"@type\":\"PropertyValueSpecification\",\"valueRequired\":true,\"valueName\":\"search_term_string\"}}],\"inLanguage\":\"fr-FR\"},{\"@type\":\"Organization\",\"@id\":\"https:\/\/www.aliasblindate.com\/fr\/#organization\",\"name\":\"Alias Blindate\",\"url\":\"https:\/\/www.aliasblindate.com\/fr\/\",\"logo\":{\"@type\":\"ImageObject\",\"inLanguage\":\"fr-FR\",\"@id\":\"https:\/\/www.aliasblindate.com\/fr\/#\/schema\/logo\/image\/\",\"url\":\"https:\/\/www.aliasblindate.com\/wp-content\/uploads\/2019\/10\/logo@2x.png\",\"contentUrl\":\"https:\/\/www.aliasblindate.com\/wp-content\/uploads\/2019\/10\/logo@2x.png\",\"width\":498,\"height\":88,\"caption\":\"Alias Blindate\"},\"image\":{\"@id\":\"https:\/\/www.aliasblindate.com\/fr\/#\/schema\/logo\/image\/\"},\"sameAs\":[\"https:\/\/www.facebook.com\/aliasporteblindate\",\"https:\/\/www.instagram.com\/alias_porte_blindate\/\"]}]}<\/script>\n<!-- \/ Yoast SEO plugin. -->","yoast_head_json":{"title":"PRODUCTION DE PORTES BLIND\u00c9ES \u00c0 VAR\u00c8SE | Alias Blindate","description":"Alias se consacre \u00e0 la production de portes blind\u00e9es \u00e0 Var\u00e8se et dans la province alentour depuis de nombreuses ann\u00e9es\u00a0: visitez le site pour en savoir plus.","robots":{"index":"index","follow":"follow","max-snippet":"max-snippet:-1","max-image-preview":"max-image-preview:large","max-video-preview":"max-video-preview:-1"},"canonical":"https:\/\/www.aliasblindate.com\/fr\/varese\/","og_locale":"fr_FR","og_type":"article","og_title":"PRODUCTION DE PORTES BLIND\u00c9ES \u00c0 VAR\u00c8SE | Alias Blindate","og_description":"Alias se consacre \u00e0 la production de portes blind\u00e9es \u00e0 Var\u00e8se et dans la province alentour depuis de nombreuses ann\u00e9es\u00a0: visitez le site pour en savoir plus.","og_url":"https:\/\/www.aliasblindate.com\/fr\/varese\/","og_site_name":"Alias Blindate","article_publisher":"https:\/\/www.facebook.com\/aliasporteblindate","article_modified_time":"2025-04-02T06:43:08+00:00","og_image":[{"url":"https:\/\/www.aliasblindate.com\/wp-content\/uploads\/2020\/12\/fast_def-300x226.jpg"}],"twitter_card":"summary_large_image","twitter_misc":{"Dur\u00e9e de lecture estim\u00e9e":"3 minutes"},"schema":{"@context":"https:\/\/schema.org","@graph":[{"@type":"WebPage","@id":"https:\/\/www.aliasblindate.com\/fr\/varese\/","url":"https:\/\/www.aliasblindate.com\/fr\/varese\/","name":"PRODUCTION DE PORTES BLIND\u00c9ES \u00c0 VAR\u00c8SE | Alias Blindate","isPartOf":{"@id":"https:\/\/www.aliasblindate.com\/fr\/#website"},"primaryImageOfPage":{"@id":"https:\/\/www.aliasblindate.com\/fr\/varese\/#primaryimage"},"image":{"@id":"https:\/\/www.aliasblindate.com\/fr\/varese\/#primaryimage"},"thumbnailUrl":"https:\/\/www.aliasblindate.com\/wp-content\/uploads\/2020\/12\/fast_def-300x226.jpg","datePublished":"2020-12-09T11:54:14+00:00","dateModified":"2025-04-02T06:43:08+00:00","description":"Alias se consacre \u00e0 la production de portes blind\u00e9es \u00e0 Var\u00e8se et dans la province alentour depuis de nombreuses ann\u00e9es\u00a0: visitez le site pour en savoir plus.","breadcrumb":{"@id":"https:\/\/www.aliasblindate.com\/fr\/varese\/#breadcrumb"},"inLanguage":"fr-FR","potentialAction":[{"@type":"ReadAction","target":["https:\/\/www.aliasblindate.com\/fr\/varese\/"]}]},{"@type":"ImageObject","inLanguage":"fr-FR","@id":"https:\/\/www.aliasblindate.com\/fr\/varese\/#primaryimage","url":"https:\/\/www.aliasblindate.com\/wp-content\/uploads\/2020\/12\/fast_def-300x226.jpg","contentUrl":"https:\/\/www.aliasblindate.com\/wp-content\/uploads\/2020\/12\/fast_def-300x226.jpg"},{"@type":"BreadcrumbList","@id":"https:\/\/www.aliasblindate.com\/fr\/varese\/#breadcrumb","itemListElement":[{"@type":"ListItem","position":1,"name":"Home","item":"https:\/\/www.aliasblindate.com\/fr\/"},{"@type":"ListItem","position":2,"name":"PRODUCTION DE PORTES BLIND\u00c9ES \u00c0 VAR\u00c8SE"}]},{"@type":"WebSite","@id":"https:\/\/www.aliasblindate.com\/fr\/#website","url":"https:\/\/www.aliasblindate.com\/fr\/","name":"Alias Blindate","description":"","publisher":{"@id":"https:\/\/www.aliasblindate.com\/fr\/#organization"},"potentialAction":[{"@type":"SearchAction","target":{"@type":"EntryPoint","urlTemplate":"https:\/\/www.aliasblindate.com\/fr\/?s={search_term_string}"},"query-input":{"@type":"PropertyValueSpecification","valueRequired":true,"valueName":"search_term_string"}}],"inLanguage":"fr-FR"},{"@type":"Organization","@id":"https:\/\/www.aliasblindate.com\/fr\/#organization","name":"Alias Blindate","url":"https:\/\/www.aliasblindate.com\/fr\/","logo":{"@type":"ImageObject","inLanguage":"fr-FR","@id":"https:\/\/www.aliasblindate.com\/fr\/#\/schema\/logo\/image\/","url":"https:\/\/www.aliasblindate.com\/wp-content\/uploads\/2019\/10\/logo@2x.png","contentUrl":"https:\/\/www.aliasblindate.com\/wp-content\/uploads\/2019\/10\/logo@2x.png","width":498,"height":88,"caption":"Alias Blindate"},"image":{"@id":"https:\/\/www.aliasblindate.com\/fr\/#\/schema\/logo\/image\/"},"sameAs":["https:\/\/www.facebook.com\/aliasporteblindate","https:\/\/www.instagram.com\/alias_porte_blindate\/"]}]}},"_links":{"self":[{"href":"https:\/\/www.aliasblindate.com\/fr\/wp-json\/wp\/v2\/pages\/16293"}],"collection":[{"href":"https:\/\/www.aliasblindate.com\/fr\/wp-json\/wp\/v2\/pages"}],"about":[{"href":"https:\/\/www.aliasblindate.com\/fr\/wp-json\/wp\/v2\/types\/page"}],"author":[{"embeddable":true,"href":"https:\/\/www.aliasblindate.com\/fr\/wp-json\/wp\/v2\/users\/5"}],"replies":[{"embeddable":true,"href":"https:\/\/www.aliasblindate.com\/fr\/wp-json\/wp\/v2\/comments?post=16293"}],"version-history":[{"count":3,"href":"https:\/\/www.aliasblindate.com\/fr\/wp-json\/wp\/v2\/pages\/16293\/revisions"}],"predecessor-version":[{"id":17656,"href":"https:\/\/www.aliasblindate.com\/fr\/wp-json\/wp\/v2\/pages\/16293\/revisions\/17656"}],"wp:attachment":[{"href":"https:\/\/www.aliasblindate.com\/fr\/wp-json\/wp\/v2\/media?parent=16293"}],"wp:term":[{"taxonomy":"page-category","embeddable":true,"href":"https:\/\/www.aliasblindate.com\/fr\/wp-json\/wp\/v2\/page-category?post=16293"}],"curies":[{"name":"wp","href":"https:\/\/api.w.org\/{rel}","templated":true}]}}