{"id":16285,"date":"2020-12-09T12:56:23","date_gmt":"2020-12-09T11:56:23","guid":{"rendered":"https:\/\/www.aliasblindate.com\/roma\/"},"modified":"2025-04-01T14:10:01","modified_gmt":"2025-04-01T12:10:01","slug":"rome","status":"publish","type":"page","link":"https:\/\/www.aliasblindate.com\/fr\/rome\/","title":{"rendered":"Production de portes blind\u00e9es \u00e0 Rome"},"content":{"rendered":"<p style=\"text-align: center;\">Pour des informations, des devis et des demandes commerciales sur les portes blind\u00e9es \u00e0 Rome, vous pouvez contacter l\u2019agent Alias sur le territoire du Latium\u00a0:<\/p>\n<p style=\"text-align: center;\"><strong>DI GENNARO CRISTIANO<\/strong><\/p>\n<p style=\"text-align: center;\"><strong>E-mail : <a href=\"mailto:digennaro.cristiano@gmail.com\">digennaro.cristiano@gmail.com<\/a><\/strong><\/p>\n<p><img loading=\"lazy\" decoding=\"async\" class=\"size-medium wp-image-6893 alignleft\" src=\"https:\/\/www.aliasblindate.com\/wp-content\/uploads\/2020\/12\/urban_def-300x226.jpg\" alt=\"Produzione Porte Blindate Roma\" width=\"300\" height=\"226\" srcset=\"https:\/\/www.aliasblindate.com\/wp-content\/uploads\/2020\/12\/urban_def-300x226.jpg 300w, https:\/\/www.aliasblindate.com\/wp-content\/uploads\/2020\/12\/urban_def.jpg 570w\" sizes=\"(max-width: 300px) 100vw, 300px\" \/><\/p>\n<p class=\"justifyfull\" dir=\"ltr\">Production portes blind\u00e9es \u00e0 Rome et province\u00a0: adressez-vous \u00e0 Alias Blind\u00e9es. Les portes propos\u00e9es par l&rsquo;entreprise sont un \u00e9l\u00e9ment indispensable pour <strong>garantir la s\u00e9curit\u00e9<\/strong>. Vous pouvez choisir parmi de nombreuses vari\u00e9t\u00e9s diff\u00e9rentes, avec une large gamme de produits en mesure de satisfaire <strong>tous les types d&rsquo;exigences pratiques et esth\u00e9tiques<\/strong>. En fait, tr\u00e8s souvent, l\u2019installation d&rsquo;une porte blind\u00e9e d\u00e9teint par rapport au style raffin\u00e9 et \u00e9l\u00e9gant de l&rsquo;ameublement int\u00e9rieur, \u00e0 la fa\u00e7ade externe ou aux autres fen\u00eatres. \u00c0 cet \u00e9gard, Alias Blind\u00e9es recherche en permanence <strong>les meilleurs composants et les solutions les plus modernes<\/strong> pour offrir le niveau de s\u00e9curit\u00e9 le plus \u00e9lev\u00e9 sans jamais renoncer au design.<\/p>\n<p class=\"justifyfull\" dir=\"ltr\">L&rsquo;entreprise vise \u00e0 innover constamment pour rester en phase avec son temps, en essayant d&rsquo;<strong>anticiper les tendances et les technologies les plus avanc\u00e9es<\/strong> du march\u00e9 et en se positionnant comme le leader dans le secteur de la production de portes blind\u00e9es \u00e0 Rome. Tous les composants, des serrures aux poign\u00e9es en passant par les charni\u00e8res, repr\u00e9sentent une garantie du plus haut niveau de qualit\u00e9. Dans la phase de r\u00e9alisation, un <strong>contr\u00f4le minutieux et rigoureux<\/strong> est effectu\u00e9 sur chaque phase du processus de production. Le personnel pr\u00e9pos\u00e9 est constamment entra\u00een\u00e9 et form\u00e9 pour op\u00e9rer selon les normes de qualit\u00e9 les plus strictes. La mise \u00e0 jour p\u00e9riodique des \u00e9quipements avec les <strong>d\u00e9couvertes les plus r\u00e9centes dans le domaine technologique et scientifique<\/strong> font d&rsquo;Alias Blind\u00e9es une r\u00e9f\u00e9rence unique dans la production de portes blind\u00e9es \u00e0 Rome. La soci\u00e9t\u00e9 est toujours <strong>en expansion<\/strong>, tourn\u00e9e vers de nouveaux clients potentiels, avec une part tr\u00e8s importante du chiffre d&rsquo;affaires provenant pr\u00e9cis\u00e9ment des <strong>exportations<\/strong> vers la France, le Portugal, l&rsquo;Espagne, la Belgique, la Chine et de nombreux autres pays \u00e9mergents. En Italie, Alias est pr\u00e9sent sur <strong>tout le territoire national<\/strong> gr\u00e2ce \u00e0 un r\u00e9seau \u00e9tendu de d\u00e9taillants et d&rsquo;agents locaux, offrant des services de fourniture de <a href=\"https:\/\/www.aliasblindate.com\/fr\/production-de-portes-blindees-a-naples\/\">portes blind\u00e9es \u00e0 Naples<\/a> et dans ses environs, ainsi qu&rsquo;en Lombardie, en \u00c9milie-Romagne, en Toscane et dans toutes les autres r\u00e9gions italiennes.<\/p>\n<p class=\"justifyfull\" dir=\"ltr\">L&rsquo;\u00e9quipe de travail est jeune et dynamique, avec une \u00e9nergie et une volont\u00e9 de faire qui s&rsquo;unissent positivement \u00e0 l&rsquo;amour d\u2019un travail particulier, comme celui d&rsquo;assurer la s\u00e9curit\u00e9 des personnes dans leur propre maison, que ce soit \u00e0 Rome ou dans d\u2019autres parties de l&rsquo;Italie et du monde. Les portes blind\u00e9es qui sont produites et commercialis\u00e9es par Alias Blind\u00e9es sont capables de <strong>s&rsquo;int\u00e9grer dans n&rsquo;importe quelle habitation<\/strong>, au bureau ou en entreprise. La principale mesure de s\u00e9curit\u00e9 est pr\u00e9cis\u00e9ment la porte, le dernier moyen de dissuasion avant l&rsquo;entr\u00e9e d&rsquo;un malfrat potentiel qui doit imp\u00e9rativement \u00eatre maintenu \u00e0 l&rsquo;ext\u00e9rieur pour l\u2019emp\u00eacher d&rsquo;envahir notre espace intime.<strong> Pr\u00e9server la s\u00e9curit\u00e9 des personnes<\/strong> est bien plus qu&rsquo;un travail\u00a0: pour Alias Blind\u00e9es, c&rsquo;est une passion et la principale<strong> mission de l&rsquo;entreprise<\/strong>..<\/p>\n","protected":false},"excerpt":{"rendered":"<p>Pour des informations, des devis et des demandes commerciales sur les portes blind\u00e9es \u00e0 Rome, vous pouvez contacter l\u2019agent Alias sur le territoire du Latium\u00a0: DI GENNARO CRISTIANO E-mail : digennaro.cristiano@gmail.com Production portes blind\u00e9es \u00e0 Rome et province\u00a0: adressez-vous \u00e0 Alias Blind\u00e9es. Les portes propos\u00e9es par l&rsquo;entreprise sont un \u00e9l\u00e9ment indispensable pour garantir la s\u00e9curit\u00e9.&hellip;<\/p>\n","protected":false},"author":5,"featured_media":0,"parent":0,"menu_order":0,"comment_status":"closed","ping_status":"closed","template":"","meta":{"footnotes":""},"page-category":[],"acf":[],"yoast_head":"<!-- This site is optimized with the Yoast SEO plugin v23.5 - https:\/\/yoast.com\/wordpress\/plugins\/seo\/ -->\n<title>Production de portes blind\u00e9es \u00e0 Rome | Alias Blindate<\/title>\n<meta name=\"description\" content=\"Alias s&#039;occupe de la production de portes blind\u00e9es \u00e0 Rome et dans la province alentour, des portes tr\u00e8s s\u00fbres et au design innovant. Trouvez celle qui vous convient le mieux.\" \/>\n<meta name=\"robots\" content=\"index, follow, max-snippet:-1, max-image-preview:large, max-video-preview:-1\" \/>\n<link rel=\"canonical\" href=\"https:\/\/www.aliasblindate.com\/fr\/rome\/\" \/>\n<meta property=\"og:locale\" content=\"fr_FR\" \/>\n<meta property=\"og:type\" content=\"article\" \/>\n<meta property=\"og:title\" content=\"Production de portes blind\u00e9es \u00e0 Rome | Alias Blindate\" \/>\n<meta property=\"og:description\" content=\"Alias s&#039;occupe de la production de portes blind\u00e9es \u00e0 Rome et dans la province alentour, des portes tr\u00e8s s\u00fbres et au design innovant. Trouvez celle qui vous convient le mieux.\" \/>\n<meta property=\"og:url\" content=\"https:\/\/www.aliasblindate.com\/fr\/rome\/\" \/>\n<meta property=\"og:site_name\" content=\"Alias Blindate\" \/>\n<meta property=\"article:publisher\" content=\"https:\/\/www.facebook.com\/aliasporteblindate\" \/>\n<meta property=\"article:modified_time\" content=\"2025-04-01T12:10:01+00:00\" \/>\n<meta property=\"og:image\" content=\"https:\/\/www.aliasblindate.com\/wp-content\/uploads\/2020\/12\/urban_def-300x226.jpg\" \/>\n<meta name=\"twitter:card\" content=\"summary_large_image\" \/>\n<meta name=\"twitter:label1\" content=\"Dur\u00e9e de lecture estim\u00e9e\" \/>\n\t<meta name=\"twitter:data1\" content=\"3 minutes\" \/>\n<script type=\"application\/ld+json\" class=\"yoast-schema-graph\">{\"@context\":\"https:\/\/schema.org\",\"@graph\":[{\"@type\":\"WebPage\",\"@id\":\"https:\/\/www.aliasblindate.com\/fr\/rome\/\",\"url\":\"https:\/\/www.aliasblindate.com\/fr\/rome\/\",\"name\":\"Production de portes blind\u00e9es \u00e0 Rome | Alias Blindate\",\"isPartOf\":{\"@id\":\"https:\/\/www.aliasblindate.com\/fr\/#website\"},\"primaryImageOfPage\":{\"@id\":\"https:\/\/www.aliasblindate.com\/fr\/rome\/#primaryimage\"},\"image\":{\"@id\":\"https:\/\/www.aliasblindate.com\/fr\/rome\/#primaryimage\"},\"thumbnailUrl\":\"https:\/\/www.aliasblindate.com\/wp-content\/uploads\/2020\/12\/urban_def-300x226.jpg\",\"datePublished\":\"2020-12-09T11:56:23+00:00\",\"dateModified\":\"2025-04-01T12:10:01+00:00\",\"description\":\"Alias s'occupe de la production de portes blind\u00e9es \u00e0 Rome et dans la province alentour, des portes tr\u00e8s s\u00fbres et au design innovant. Trouvez celle qui vous convient le mieux.\",\"breadcrumb\":{\"@id\":\"https:\/\/www.aliasblindate.com\/fr\/rome\/#breadcrumb\"},\"inLanguage\":\"fr-FR\",\"potentialAction\":[{\"@type\":\"ReadAction\",\"target\":[\"https:\/\/www.aliasblindate.com\/fr\/rome\/\"]}]},{\"@type\":\"ImageObject\",\"inLanguage\":\"fr-FR\",\"@id\":\"https:\/\/www.aliasblindate.com\/fr\/rome\/#primaryimage\",\"url\":\"https:\/\/www.aliasblindate.com\/wp-content\/uploads\/2020\/12\/urban_def-300x226.jpg\",\"contentUrl\":\"https:\/\/www.aliasblindate.com\/wp-content\/uploads\/2020\/12\/urban_def-300x226.jpg\"},{\"@type\":\"BreadcrumbList\",\"@id\":\"https:\/\/www.aliasblindate.com\/fr\/rome\/#breadcrumb\",\"itemListElement\":[{\"@type\":\"ListItem\",\"position\":1,\"name\":\"Home\",\"item\":\"https:\/\/www.aliasblindate.com\/fr\/\"},{\"@type\":\"ListItem\",\"position\":2,\"name\":\"Production de portes blind\u00e9es \u00e0 Rome\"}]},{\"@type\":\"WebSite\",\"@id\":\"https:\/\/www.aliasblindate.com\/fr\/#website\",\"url\":\"https:\/\/www.aliasblindate.com\/fr\/\",\"name\":\"Alias Blindate\",\"description\":\"\",\"publisher\":{\"@id\":\"https:\/\/www.aliasblindate.com\/fr\/#organization\"},\"potentialAction\":[{\"@type\":\"SearchAction\",\"target\":{\"@type\":\"EntryPoint\",\"urlTemplate\":\"https:\/\/www.aliasblindate.com\/fr\/?s={search_term_string}\"},\"query-input\":{\"@type\":\"PropertyValueSpecification\",\"valueRequired\":true,\"valueName\":\"search_term_string\"}}],\"inLanguage\":\"fr-FR\"},{\"@type\":\"Organization\",\"@id\":\"https:\/\/www.aliasblindate.com\/fr\/#organization\",\"name\":\"Alias Blindate\",\"url\":\"https:\/\/www.aliasblindate.com\/fr\/\",\"logo\":{\"@type\":\"ImageObject\",\"inLanguage\":\"fr-FR\",\"@id\":\"https:\/\/www.aliasblindate.com\/fr\/#\/schema\/logo\/image\/\",\"url\":\"https:\/\/www.aliasblindate.com\/wp-content\/uploads\/2019\/10\/logo@2x.png\",\"contentUrl\":\"https:\/\/www.aliasblindate.com\/wp-content\/uploads\/2019\/10\/logo@2x.png\",\"width\":498,\"height\":88,\"caption\":\"Alias Blindate\"},\"image\":{\"@id\":\"https:\/\/www.aliasblindate.com\/fr\/#\/schema\/logo\/image\/\"},\"sameAs\":[\"https:\/\/www.facebook.com\/aliasporteblindate\",\"https:\/\/www.instagram.com\/alias_porte_blindate\/\"]}]}<\/script>\n<!-- \/ Yoast SEO plugin. -->","yoast_head_json":{"title":"Production de portes blind\u00e9es \u00e0 Rome | Alias Blindate","description":"Alias s'occupe de la production de portes blind\u00e9es \u00e0 Rome et dans la province alentour, des portes tr\u00e8s s\u00fbres et au design innovant. Trouvez celle qui vous convient le mieux.","robots":{"index":"index","follow":"follow","max-snippet":"max-snippet:-1","max-image-preview":"max-image-preview:large","max-video-preview":"max-video-preview:-1"},"canonical":"https:\/\/www.aliasblindate.com\/fr\/rome\/","og_locale":"fr_FR","og_type":"article","og_title":"Production de portes blind\u00e9es \u00e0 Rome | Alias Blindate","og_description":"Alias s'occupe de la production de portes blind\u00e9es \u00e0 Rome et dans la province alentour, des portes tr\u00e8s s\u00fbres et au design innovant. Trouvez celle qui vous convient le mieux.","og_url":"https:\/\/www.aliasblindate.com\/fr\/rome\/","og_site_name":"Alias Blindate","article_publisher":"https:\/\/www.facebook.com\/aliasporteblindate","article_modified_time":"2025-04-01T12:10:01+00:00","og_image":[{"url":"https:\/\/www.aliasblindate.com\/wp-content\/uploads\/2020\/12\/urban_def-300x226.jpg"}],"twitter_card":"summary_large_image","twitter_misc":{"Dur\u00e9e de lecture estim\u00e9e":"3 minutes"},"schema":{"@context":"https:\/\/schema.org","@graph":[{"@type":"WebPage","@id":"https:\/\/www.aliasblindate.com\/fr\/rome\/","url":"https:\/\/www.aliasblindate.com\/fr\/rome\/","name":"Production de portes blind\u00e9es \u00e0 Rome | Alias Blindate","isPartOf":{"@id":"https:\/\/www.aliasblindate.com\/fr\/#website"},"primaryImageOfPage":{"@id":"https:\/\/www.aliasblindate.com\/fr\/rome\/#primaryimage"},"image":{"@id":"https:\/\/www.aliasblindate.com\/fr\/rome\/#primaryimage"},"thumbnailUrl":"https:\/\/www.aliasblindate.com\/wp-content\/uploads\/2020\/12\/urban_def-300x226.jpg","datePublished":"2020-12-09T11:56:23+00:00","dateModified":"2025-04-01T12:10:01+00:00","description":"Alias s'occupe de la production de portes blind\u00e9es \u00e0 Rome et dans la province alentour, des portes tr\u00e8s s\u00fbres et au design innovant. Trouvez celle qui vous convient le mieux.","breadcrumb":{"@id":"https:\/\/www.aliasblindate.com\/fr\/rome\/#breadcrumb"},"inLanguage":"fr-FR","potentialAction":[{"@type":"ReadAction","target":["https:\/\/www.aliasblindate.com\/fr\/rome\/"]}]},{"@type":"ImageObject","inLanguage":"fr-FR","@id":"https:\/\/www.aliasblindate.com\/fr\/rome\/#primaryimage","url":"https:\/\/www.aliasblindate.com\/wp-content\/uploads\/2020\/12\/urban_def-300x226.jpg","contentUrl":"https:\/\/www.aliasblindate.com\/wp-content\/uploads\/2020\/12\/urban_def-300x226.jpg"},{"@type":"BreadcrumbList","@id":"https:\/\/www.aliasblindate.com\/fr\/rome\/#breadcrumb","itemListElement":[{"@type":"ListItem","position":1,"name":"Home","item":"https:\/\/www.aliasblindate.com\/fr\/"},{"@type":"ListItem","position":2,"name":"Production de portes blind\u00e9es \u00e0 Rome"}]},{"@type":"WebSite","@id":"https:\/\/www.aliasblindate.com\/fr\/#website","url":"https:\/\/www.aliasblindate.com\/fr\/","name":"Alias Blindate","description":"","publisher":{"@id":"https:\/\/www.aliasblindate.com\/fr\/#organization"},"potentialAction":[{"@type":"SearchAction","target":{"@type":"EntryPoint","urlTemplate":"https:\/\/www.aliasblindate.com\/fr\/?s={search_term_string}"},"query-input":{"@type":"PropertyValueSpecification","valueRequired":true,"valueName":"search_term_string"}}],"inLanguage":"fr-FR"},{"@type":"Organization","@id":"https:\/\/www.aliasblindate.com\/fr\/#organization","name":"Alias Blindate","url":"https:\/\/www.aliasblindate.com\/fr\/","logo":{"@type":"ImageObject","inLanguage":"fr-FR","@id":"https:\/\/www.aliasblindate.com\/fr\/#\/schema\/logo\/image\/","url":"https:\/\/www.aliasblindate.com\/wp-content\/uploads\/2019\/10\/logo@2x.png","contentUrl":"https:\/\/www.aliasblindate.com\/wp-content\/uploads\/2019\/10\/logo@2x.png","width":498,"height":88,"caption":"Alias Blindate"},"image":{"@id":"https:\/\/www.aliasblindate.com\/fr\/#\/schema\/logo\/image\/"},"sameAs":["https:\/\/www.facebook.com\/aliasporteblindate","https:\/\/www.instagram.com\/alias_porte_blindate\/"]}]}},"_links":{"self":[{"href":"https:\/\/www.aliasblindate.com\/fr\/wp-json\/wp\/v2\/pages\/16285"}],"collection":[{"href":"https:\/\/www.aliasblindate.com\/fr\/wp-json\/wp\/v2\/pages"}],"about":[{"href":"https:\/\/www.aliasblindate.com\/fr\/wp-json\/wp\/v2\/types\/page"}],"author":[{"embeddable":true,"href":"https:\/\/www.aliasblindate.com\/fr\/wp-json\/wp\/v2\/users\/5"}],"replies":[{"embeddable":true,"href":"https:\/\/www.aliasblindate.com\/fr\/wp-json\/wp\/v2\/comments?post=16285"}],"version-history":[{"count":5,"href":"https:\/\/www.aliasblindate.com\/fr\/wp-json\/wp\/v2\/pages\/16285\/revisions"}],"predecessor-version":[{"id":17537,"href":"https:\/\/www.aliasblindate.com\/fr\/wp-json\/wp\/v2\/pages\/16285\/revisions\/17537"}],"wp:attachment":[{"href":"https:\/\/www.aliasblindate.com\/fr\/wp-json\/wp\/v2\/media?parent=16285"}],"wp:term":[{"taxonomy":"page-category","embeddable":true,"href":"https:\/\/www.aliasblindate.com\/fr\/wp-json\/wp\/v2\/page-category?post=16285"}],"curies":[{"name":"wp","href":"https:\/\/api.w.org\/{rel}","templated":true}]}}