{"id":16281,"date":"2020-12-09T12:16:37","date_gmt":"2020-12-09T11:16:37","guid":{"rendered":"https:\/\/www.aliasblindate.com\/produzione-porte-blindate-napoli\/"},"modified":"2025-04-02T08:57:01","modified_gmt":"2025-04-02T06:57:01","slug":"production-de-portes-blindees-a-naples","status":"publish","type":"page","link":"https:\/\/www.aliasblindate.com\/fr\/production-de-portes-blindees-a-naples\/","title":{"rendered":"Production de portes blind\u00e9es \u00e0 Naples"},"content":{"rendered":"<p><img loading=\"lazy\" decoding=\"async\" class=\"size-medium wp-image-6804 alignleft\" src=\"https:\/\/www.aliasblindate.com\/wp-content\/uploads\/2020\/12\/pannelli-1-300x226.jpg\" alt=\"Produzione Porte Blindate Napoli\" width=\"300\" height=\"226\" srcset=\"https:\/\/www.aliasblindate.com\/wp-content\/uploads\/2020\/12\/pannelli-1-300x226.jpg 300w, https:\/\/www.aliasblindate.com\/wp-content\/uploads\/2020\/12\/pannelli-1.jpg 570w\" sizes=\"(max-width: 300px) 100vw, 300px\" \/><\/p>\n<p style=\"font-weight: 400;\">ALIAS est pr\u00e9sent de mani\u00e8re capillaire sur tout le territoire national gr\u00e2ce \u00e0 un r\u00e9seau commercial et de points de vente structur\u00e9 et fait figure de v\u00e9ritable r\u00e9f\u00e9rence pour la production de portes blind\u00e9es \u00e9galement \u00e0 Naples.<\/p>\n<p style=\"font-weight: 400;\">Les portes blind\u00e9es ALIAS sont d&rsquo;\u00e9l\u00e9gants accessoires d&rsquo;ameublement qui se fondent harmonieusement partout o\u00f9 elles sont mont\u00e9es. ALIAS s&rsquo;occupe de la production de portes blind\u00e9es \u00e0 Naples et dans les environs, et garantit un service ponctuel et hautement professionnel ainsi qu&rsquo;une assistance compl\u00e8te. Le point fort de l&rsquo;entreprise, qui s&rsquo;est consid\u00e9rablement d\u00e9velopp\u00e9e \u00e0 l&rsquo;\u00e9tranger ces derni\u00e8res ann\u00e9es, est le dynamisme avec lequel elle am\u00e9liore ses produits et les adapte aux besoins de plus en plus pressants d&rsquo;un march\u00e9 en constante \u00e9volution.<\/p>\n<p style=\"font-weight: 400;\">Dans les portes blind\u00e9es ALIAS, la dimension esth\u00e9tique se fond comme par magie avec l\u2019aspect technologique et fonctionnel de la porte elle-m\u00eame. En effet, en un peu plus d&rsquo;une d\u00e9cennie, ALIAS a r\u00e9volutionn\u00e9 le concept de porte blind\u00e9e et, sans rien sacrifier de la s\u00e9curit\u00e9 des espaces, en a augment\u00e9 la valeur ajout\u00e9e en cr\u00e9ant de v\u00e9ritables compl\u00e9ments d\u2019ameublement appr\u00e9ci\u00e9s des architectes et des d\u00e9corateurs d&rsquo;int\u00e9rieur.<\/p>\n<h2>Portes blind\u00e9es Naples : choisissez la s\u00e9curit\u00e9 avec Alias<\/h2>\n<p style=\"font-weight: 400;\">ALIAS BLIND\u00c9ES est la r\u00e9ponse id\u00e9ale pour s\u00e9curiser votre maison et ce qu&rsquo;elle renferme, gr\u00e2ce \u00e9galement \u00e0 une isolation thermique et acoustique \u00e9lev\u00e9e.<\/p>\n<p style=\"font-weight: 400;\">De plus, l\u2019engagement important dans le secteur de l&rsquo;innovation et des nouvelles technologies permet de choisir des produits de pointe avec des soudures au laser, des charni\u00e8res invisibles et des fermetures intelligentes qui permettent d&rsquo;exploiter les diff\u00e9rentes positions de la poign\u00e9e int\u00e9rieure sans avoir besoin d&rsquo;utiliser de cl\u00e9s ou de poign\u00e9es suppl\u00e9mentaires, au b\u00e9n\u00e9fice d&rsquo;une plus grande commodit\u00e9 et s\u00e9curit\u00e9 et d&rsquo;un r\u00e9sultat esth\u00e9tique propre, sobre et essentiel.<\/p>\n<p style=\"font-weight: 400;\">La production de portes blind\u00e9es dans la ville de Naples vous permet \u00e9galement de choisir parmi la large gamme WING, la seule et inimitable porte blind\u00e9e pos\u00e9e strictement sur le m\u00eame plan que la paroi int\u00e9rieure. Ces portes blind\u00e9es affleurantes repr\u00e9sentent la solution id\u00e9ale dans les espaces o\u00f9 la taille ou la position de l\u2019entr\u00e9e joue un r\u00f4le fondamental dans le contexte g\u00e9n\u00e9ral et requiert \u00e9galement l\u00e9g\u00e8ret\u00e9 et polyvalence en plus d&rsquo;une s\u00e9curit\u00e9 et d&rsquo;une fonctionnalit\u00e9 maximale.<\/p>\n<p style=\"font-weight: 400;\">Toutes les portes blind\u00e9es ALIAS sont certifi\u00e9es par les plus importants instituts autoris\u00e9s en Italie et en Europe.<\/p>\n","protected":false},"excerpt":{"rendered":"<p>ALIAS est pr\u00e9sent de mani\u00e8re capillaire sur tout le territoire national gr\u00e2ce \u00e0 un r\u00e9seau commercial et de points de vente structur\u00e9 et fait figure de v\u00e9ritable r\u00e9f\u00e9rence pour la production de portes blind\u00e9es \u00e9galement \u00e0 Naples. Les portes blind\u00e9es ALIAS sont d&rsquo;\u00e9l\u00e9gants accessoires d&rsquo;ameublement qui se fondent harmonieusement partout o\u00f9 elles sont mont\u00e9es. ALIAS&hellip;<\/p>\n","protected":false},"author":5,"featured_media":0,"parent":0,"menu_order":0,"comment_status":"closed","ping_status":"closed","template":"","meta":{"footnotes":""},"page-category":[],"acf":[],"yoast_head":"<!-- This site is optimized with the Yoast SEO plugin v23.5 - https:\/\/yoast.com\/wordpress\/plugins\/seo\/ -->\n<title>Production de portes blind\u00e9es \u00e0 Naples | Alias Blindate<\/title>\n<meta name=\"description\" content=\"Nous sommes sp\u00e9cialis\u00e9s dans la production de portes blind\u00e9es \u00e0 Naples et dans les environs. Contactez-nous et d\u00e9couvrez notre catalogue de produits.\" \/>\n<meta name=\"robots\" content=\"index, follow, max-snippet:-1, max-image-preview:large, max-video-preview:-1\" \/>\n<link rel=\"canonical\" href=\"https:\/\/www.aliasblindate.com\/fr\/production-de-portes-blindees-a-naples\/\" \/>\n<meta property=\"og:locale\" content=\"fr_FR\" \/>\n<meta property=\"og:type\" content=\"article\" \/>\n<meta property=\"og:title\" content=\"Production de portes blind\u00e9es \u00e0 Naples | Alias Blindate\" \/>\n<meta property=\"og:description\" content=\"Nous sommes sp\u00e9cialis\u00e9s dans la production de portes blind\u00e9es \u00e0 Naples et dans les environs. Contactez-nous et d\u00e9couvrez notre catalogue de produits.\" \/>\n<meta property=\"og:url\" content=\"https:\/\/www.aliasblindate.com\/fr\/production-de-portes-blindees-a-naples\/\" \/>\n<meta property=\"og:site_name\" content=\"Alias Blindate\" \/>\n<meta property=\"article:publisher\" content=\"https:\/\/www.facebook.com\/aliasporteblindate\" \/>\n<meta property=\"article:modified_time\" content=\"2025-04-02T06:57:01+00:00\" \/>\n<meta property=\"og:image\" content=\"https:\/\/www.aliasblindate.com\/wp-content\/uploads\/2020\/12\/pannelli-1-300x226.jpg\" \/>\n<meta name=\"twitter:card\" content=\"summary_large_image\" \/>\n<meta name=\"twitter:label1\" content=\"Dur\u00e9e de lecture estim\u00e9e\" \/>\n\t<meta name=\"twitter:data1\" content=\"3 minutes\" \/>\n<script type=\"application\/ld+json\" class=\"yoast-schema-graph\">{\"@context\":\"https:\/\/schema.org\",\"@graph\":[{\"@type\":\"WebPage\",\"@id\":\"https:\/\/www.aliasblindate.com\/fr\/production-de-portes-blindees-a-naples\/\",\"url\":\"https:\/\/www.aliasblindate.com\/fr\/production-de-portes-blindees-a-naples\/\",\"name\":\"Production de portes blind\u00e9es \u00e0 Naples | Alias Blindate\",\"isPartOf\":{\"@id\":\"https:\/\/www.aliasblindate.com\/fr\/#website\"},\"primaryImageOfPage\":{\"@id\":\"https:\/\/www.aliasblindate.com\/fr\/production-de-portes-blindees-a-naples\/#primaryimage\"},\"image\":{\"@id\":\"https:\/\/www.aliasblindate.com\/fr\/production-de-portes-blindees-a-naples\/#primaryimage\"},\"thumbnailUrl\":\"https:\/\/www.aliasblindate.com\/wp-content\/uploads\/2020\/12\/pannelli-1-300x226.jpg\",\"datePublished\":\"2020-12-09T11:16:37+00:00\",\"dateModified\":\"2025-04-02T06:57:01+00:00\",\"description\":\"Nous sommes sp\u00e9cialis\u00e9s dans la production de portes blind\u00e9es \u00e0 Naples et dans les environs. Contactez-nous et d\u00e9couvrez notre catalogue de produits.\",\"breadcrumb\":{\"@id\":\"https:\/\/www.aliasblindate.com\/fr\/production-de-portes-blindees-a-naples\/#breadcrumb\"},\"inLanguage\":\"fr-FR\",\"potentialAction\":[{\"@type\":\"ReadAction\",\"target\":[\"https:\/\/www.aliasblindate.com\/fr\/production-de-portes-blindees-a-naples\/\"]}]},{\"@type\":\"ImageObject\",\"inLanguage\":\"fr-FR\",\"@id\":\"https:\/\/www.aliasblindate.com\/fr\/production-de-portes-blindees-a-naples\/#primaryimage\",\"url\":\"https:\/\/www.aliasblindate.com\/wp-content\/uploads\/2020\/12\/pannelli-1-300x226.jpg\",\"contentUrl\":\"https:\/\/www.aliasblindate.com\/wp-content\/uploads\/2020\/12\/pannelli-1-300x226.jpg\"},{\"@type\":\"BreadcrumbList\",\"@id\":\"https:\/\/www.aliasblindate.com\/fr\/production-de-portes-blindees-a-naples\/#breadcrumb\",\"itemListElement\":[{\"@type\":\"ListItem\",\"position\":1,\"name\":\"Home\",\"item\":\"https:\/\/www.aliasblindate.com\/fr\/\"},{\"@type\":\"ListItem\",\"position\":2,\"name\":\"Production de portes blind\u00e9es \u00e0 Naples\"}]},{\"@type\":\"WebSite\",\"@id\":\"https:\/\/www.aliasblindate.com\/fr\/#website\",\"url\":\"https:\/\/www.aliasblindate.com\/fr\/\",\"name\":\"Alias Blindate\",\"description\":\"\",\"publisher\":{\"@id\":\"https:\/\/www.aliasblindate.com\/fr\/#organization\"},\"potentialAction\":[{\"@type\":\"SearchAction\",\"target\":{\"@type\":\"EntryPoint\",\"urlTemplate\":\"https:\/\/www.aliasblindate.com\/fr\/?s={search_term_string}\"},\"query-input\":{\"@type\":\"PropertyValueSpecification\",\"valueRequired\":true,\"valueName\":\"search_term_string\"}}],\"inLanguage\":\"fr-FR\"},{\"@type\":\"Organization\",\"@id\":\"https:\/\/www.aliasblindate.com\/fr\/#organization\",\"name\":\"Alias Blindate\",\"url\":\"https:\/\/www.aliasblindate.com\/fr\/\",\"logo\":{\"@type\":\"ImageObject\",\"inLanguage\":\"fr-FR\",\"@id\":\"https:\/\/www.aliasblindate.com\/fr\/#\/schema\/logo\/image\/\",\"url\":\"https:\/\/www.aliasblindate.com\/wp-content\/uploads\/2019\/10\/logo@2x.png\",\"contentUrl\":\"https:\/\/www.aliasblindate.com\/wp-content\/uploads\/2019\/10\/logo@2x.png\",\"width\":498,\"height\":88,\"caption\":\"Alias Blindate\"},\"image\":{\"@id\":\"https:\/\/www.aliasblindate.com\/fr\/#\/schema\/logo\/image\/\"},\"sameAs\":[\"https:\/\/www.facebook.com\/aliasporteblindate\",\"https:\/\/www.instagram.com\/alias_porte_blindate\/\"]}]}<\/script>\n<!-- \/ Yoast SEO plugin. -->","yoast_head_json":{"title":"Production de portes blind\u00e9es \u00e0 Naples | Alias Blindate","description":"Nous sommes sp\u00e9cialis\u00e9s dans la production de portes blind\u00e9es \u00e0 Naples et dans les environs. Contactez-nous et d\u00e9couvrez notre catalogue de produits.","robots":{"index":"index","follow":"follow","max-snippet":"max-snippet:-1","max-image-preview":"max-image-preview:large","max-video-preview":"max-video-preview:-1"},"canonical":"https:\/\/www.aliasblindate.com\/fr\/production-de-portes-blindees-a-naples\/","og_locale":"fr_FR","og_type":"article","og_title":"Production de portes blind\u00e9es \u00e0 Naples | Alias Blindate","og_description":"Nous sommes sp\u00e9cialis\u00e9s dans la production de portes blind\u00e9es \u00e0 Naples et dans les environs. Contactez-nous et d\u00e9couvrez notre catalogue de produits.","og_url":"https:\/\/www.aliasblindate.com\/fr\/production-de-portes-blindees-a-naples\/","og_site_name":"Alias Blindate","article_publisher":"https:\/\/www.facebook.com\/aliasporteblindate","article_modified_time":"2025-04-02T06:57:01+00:00","og_image":[{"url":"https:\/\/www.aliasblindate.com\/wp-content\/uploads\/2020\/12\/pannelli-1-300x226.jpg"}],"twitter_card":"summary_large_image","twitter_misc":{"Dur\u00e9e de lecture estim\u00e9e":"3 minutes"},"schema":{"@context":"https:\/\/schema.org","@graph":[{"@type":"WebPage","@id":"https:\/\/www.aliasblindate.com\/fr\/production-de-portes-blindees-a-naples\/","url":"https:\/\/www.aliasblindate.com\/fr\/production-de-portes-blindees-a-naples\/","name":"Production de portes blind\u00e9es \u00e0 Naples | Alias Blindate","isPartOf":{"@id":"https:\/\/www.aliasblindate.com\/fr\/#website"},"primaryImageOfPage":{"@id":"https:\/\/www.aliasblindate.com\/fr\/production-de-portes-blindees-a-naples\/#primaryimage"},"image":{"@id":"https:\/\/www.aliasblindate.com\/fr\/production-de-portes-blindees-a-naples\/#primaryimage"},"thumbnailUrl":"https:\/\/www.aliasblindate.com\/wp-content\/uploads\/2020\/12\/pannelli-1-300x226.jpg","datePublished":"2020-12-09T11:16:37+00:00","dateModified":"2025-04-02T06:57:01+00:00","description":"Nous sommes sp\u00e9cialis\u00e9s dans la production de portes blind\u00e9es \u00e0 Naples et dans les environs. Contactez-nous et d\u00e9couvrez notre catalogue de produits.","breadcrumb":{"@id":"https:\/\/www.aliasblindate.com\/fr\/production-de-portes-blindees-a-naples\/#breadcrumb"},"inLanguage":"fr-FR","potentialAction":[{"@type":"ReadAction","target":["https:\/\/www.aliasblindate.com\/fr\/production-de-portes-blindees-a-naples\/"]}]},{"@type":"ImageObject","inLanguage":"fr-FR","@id":"https:\/\/www.aliasblindate.com\/fr\/production-de-portes-blindees-a-naples\/#primaryimage","url":"https:\/\/www.aliasblindate.com\/wp-content\/uploads\/2020\/12\/pannelli-1-300x226.jpg","contentUrl":"https:\/\/www.aliasblindate.com\/wp-content\/uploads\/2020\/12\/pannelli-1-300x226.jpg"},{"@type":"BreadcrumbList","@id":"https:\/\/www.aliasblindate.com\/fr\/production-de-portes-blindees-a-naples\/#breadcrumb","itemListElement":[{"@type":"ListItem","position":1,"name":"Home","item":"https:\/\/www.aliasblindate.com\/fr\/"},{"@type":"ListItem","position":2,"name":"Production de portes blind\u00e9es \u00e0 Naples"}]},{"@type":"WebSite","@id":"https:\/\/www.aliasblindate.com\/fr\/#website","url":"https:\/\/www.aliasblindate.com\/fr\/","name":"Alias Blindate","description":"","publisher":{"@id":"https:\/\/www.aliasblindate.com\/fr\/#organization"},"potentialAction":[{"@type":"SearchAction","target":{"@type":"EntryPoint","urlTemplate":"https:\/\/www.aliasblindate.com\/fr\/?s={search_term_string}"},"query-input":{"@type":"PropertyValueSpecification","valueRequired":true,"valueName":"search_term_string"}}],"inLanguage":"fr-FR"},{"@type":"Organization","@id":"https:\/\/www.aliasblindate.com\/fr\/#organization","name":"Alias Blindate","url":"https:\/\/www.aliasblindate.com\/fr\/","logo":{"@type":"ImageObject","inLanguage":"fr-FR","@id":"https:\/\/www.aliasblindate.com\/fr\/#\/schema\/logo\/image\/","url":"https:\/\/www.aliasblindate.com\/wp-content\/uploads\/2019\/10\/logo@2x.png","contentUrl":"https:\/\/www.aliasblindate.com\/wp-content\/uploads\/2019\/10\/logo@2x.png","width":498,"height":88,"caption":"Alias Blindate"},"image":{"@id":"https:\/\/www.aliasblindate.com\/fr\/#\/schema\/logo\/image\/"},"sameAs":["https:\/\/www.facebook.com\/aliasporteblindate","https:\/\/www.instagram.com\/alias_porte_blindate\/"]}]}},"_links":{"self":[{"href":"https:\/\/www.aliasblindate.com\/fr\/wp-json\/wp\/v2\/pages\/16281"}],"collection":[{"href":"https:\/\/www.aliasblindate.com\/fr\/wp-json\/wp\/v2\/pages"}],"about":[{"href":"https:\/\/www.aliasblindate.com\/fr\/wp-json\/wp\/v2\/types\/page"}],"author":[{"embeddable":true,"href":"https:\/\/www.aliasblindate.com\/fr\/wp-json\/wp\/v2\/users\/5"}],"replies":[{"embeddable":true,"href":"https:\/\/www.aliasblindate.com\/fr\/wp-json\/wp\/v2\/comments?post=16281"}],"version-history":[{"count":2,"href":"https:\/\/www.aliasblindate.com\/fr\/wp-json\/wp\/v2\/pages\/16281\/revisions"}],"predecessor-version":[{"id":17670,"href":"https:\/\/www.aliasblindate.com\/fr\/wp-json\/wp\/v2\/pages\/16281\/revisions\/17670"}],"wp:attachment":[{"href":"https:\/\/www.aliasblindate.com\/fr\/wp-json\/wp\/v2\/media?parent=16281"}],"wp:term":[{"taxonomy":"page-category","embeddable":true,"href":"https:\/\/www.aliasblindate.com\/fr\/wp-json\/wp\/v2\/page-category?post=16281"}],"curies":[{"name":"wp","href":"https:\/\/api.w.org\/{rel}","templated":true}]}}