{"id":16088,"date":"2024-10-18T11:17:58","date_gmt":"2024-10-18T09:17:58","guid":{"rendered":"https:\/\/www.aliasblindate.com\/portes-blindees\/portes-affleurantes-dinterieur\/le-monde-wing\/wing-wall-ei2-60\/"},"modified":"2025-04-23T09:04:22","modified_gmt":"2025-04-23T07:04:22","slug":"wing-wall-ei2-60","status":"publish","type":"page","link":"https:\/\/www.aliasblindate.com\/fr\/portes-blindees\/portes-affleurantes-dinterieur\/le-monde-wing\/wing-wall-ei2-60\/","title":{"rendered":"Wing Wall EI2-60"},"content":{"rendered":"\n<section class=\"scw-title-block scw-title-block--with-menu title-wrapper has-thumb\">\n\t<div class=\"scw-title-block__menu-row\">\n\t\t<div class=\"scw-title-block__menu-title\">Cat\u00e9gorie<\/div>\n\t\t\t\t\t<div class=\"scw-title-block__menu-wrapper\">\n\t\t\t\t<div class=\"scw-title-block__menu-item\">\n\t\t\t\t\t<a href=\"#\" class=\"scw-title-block__menu-item-link scw-title-block__menu-toggle\">Wing Wall EI2-60 <i class=\"fa icon-down-open-big\"><\/i><\/a>\n\t\t\t\t\t<div class=\"scw-title-block__submenu\">\n\t\t\t\t\t\t\n\t\t\t\t\t\t\t<div class=\"scw-title-block__menu-item\">\n\t\t\t\t\t\t\t\t<a href=\"https:\/\/www.aliasblindate.com\/fr\/portes-blindees\/portes-affleurantes-dinterieur\/le-monde-wing\/wing-wall\/\" class=\"scw-title-block__menu-item-link\">Wing Wall<\/a>\n\t\t\t\t\t\t\t<\/div>\n\n\t\t\t\t\t\t\t\n\t\t\t\t\t\t\t<div class=\"scw-title-block__menu-item\">\n\t\t\t\t\t\t\t\t<a href=\"https:\/\/www.aliasblindate.com\/fr\/portes-blindees\/portes-affleurantes-dinterieur\/le-monde-wing\/wing-twenty\/\" class=\"scw-title-block__menu-item-link\">Wing Twenty<\/a>\n\t\t\t\t\t\t\t<\/div>\n\n\t\t\t\t\t\t\t\n\t\t\t\t\t\t\t<div class=\"scw-title-block__menu-item\">\n\t\t\t\t\t\t\t\t<a href=\"https:\/\/www.aliasblindate.com\/fr\/portes-blindees\/portes-affleurantes-dinterieur\/le-monde-wing\/wing-boiserie\/\" class=\"scw-title-block__menu-item-link\">Wing Boiserie<\/a>\n\t\t\t\t\t\t\t<\/div>\n\n\t\t\t\t\t\t\t\n\t\t\t\t\t\t\t<div class=\"scw-title-block__menu-item\">\n\t\t\t\t\t\t\t\t<a href=\"https:\/\/www.aliasblindate.com\/fr\/portes-blindees\/portes-affleurantes-dinterieur\/le-monde-wing\/wing-ali\/\" class=\"scw-title-block__menu-item-link\">Wing Ali<\/a>\n\t\t\t\t\t\t\t<\/div>\n\n\t\t\t\t\t\t\t\n\t\t\t\t\t\t\t<div class=\"scw-title-block__menu-item\">\n\t\t\t\t\t\t\t\t<a href=\"https:\/\/www.aliasblindate.com\/fr\/portes-blindees\/portes-affleurantes-dinterieur\/le-monde-wing\/wing-store\/\" class=\"scw-title-block__menu-item-link\">Wing Store<\/a>\n\t\t\t\t\t\t\t<\/div>\n\n\t\t\t\t\t\t\t\t\t\t\t\t<\/div>\n\t\t\t\t<\/div>\n\t\t\t<\/div>\n\t\t\t\t<\/div>\n\t<div class=\"two-columns\">\n\t\t<div class=\"single-title\"><h1 class=\"scw-title\">Wing Store<\/div>\n\n\t\t\t\t\t<div class=\"anchor\">\n\t\t\t\t<a href=\"#start\" class=\"anchor-btn\">D\u00e9couvrez les d\u00e9tails <i class=\"fa icon-down-open\"><\/i><\/a>\n\t\t\t<\/div>\n\t\t\t<\/div>\n<\/section>\n\n<section id=\"start\" class=\"description-wrapper \">\n\t\t\t<div class=\"description\">\n\t\t\t<p><strong>R\u00c9SISTANTE AU FEU<\/strong><br \/>\nLa porte blind\u00e9e affleurante dans sa version r\u00e9sistante au feu Wing Wall EI2- 60 a \u00e9t\u00e9 incluse dans l&rsquo;ADI Design Index 2016, la publication d\u2019ADI, Associazione per il Design Industriale qui d\u00e9cr\u00e8te les meilleurs produits de design.<\/p>\n<p>WING WALL EI2-60 est r\u00e9sistante au feu 60 minutes et disponible dans les versions avec :<\/p>\n<ul>\n<li>PANNEAU INTERNE BRUT PR\u00c9DISPOS\u00c9 AVEC FOND POUR PEINTURE MURALE<\/li>\n<li>PANNEAU EN CH\u00caNE DANS LES TEINTES BLANCHI, WENG\u00c9, GRIS, MIEL<\/li>\n<li>PANNEAU TRANCH\u00c9 DANS LES TEINTES TERRE, SABLE, CENDRE, CAF\u00c9<\/li>\n<li>PANNEAU LAQU\u00c9<\/li>\n<li>PANNEAU LAQU\u00c9 BRILLANT<\/li>\n<\/ul>\n\t\t<\/div>\n\t\t<\/section>\n\n\n\t<section class=\"scw-block-gallery-caption\">\n\t\t\t\t<div class=\"scw-block-gallery-caption__carousel owl-carousel owl-theme\">\n\t\t\t\t\t\t\t<div>\n\t\t\t\t\t\t\t\t\t\t\t<a class=\"dt-pswp-item scw-block-gallery-caption__link\" href=\"https:\/\/www.aliasblindate.com\/wp-content\/uploads\/2024\/10\/el601.jpg\" data-large_image_width=\"1200\" data-large_image_height=\"730\">\n\t\t\t\t\t\t\t<img loading=\"lazy\" decoding=\"async\" width=\"1200\" height=\"730\" src=\"https:\/\/www.aliasblindate.com\/wp-content\/uploads\/2024\/10\/el601.jpg\" data-src=\"https:\/\/www.aliasblindate.com\/wp-content\/uploads\/2024\/10\/el601.jpg\" class=\"owl-lazy\" srcset=\"https:\/\/www.aliasblindate.com\/wp-content\/uploads\/2024\/10\/el601.jpg 1200w, https:\/\/www.aliasblindate.com\/wp-content\/uploads\/2024\/10\/el601-300x183.jpg 300w, https:\/\/www.aliasblindate.com\/wp-content\/uploads\/2024\/10\/el601-1024x623.jpg 1024w, https:\/\/www.aliasblindate.com\/wp-content\/uploads\/2024\/10\/el601-768x467.jpg 768w\">\n\t\t\t\t\t\t<\/a>\n\t\t\t\t\t\t\t\t\t\t<div class=\"scw-block-gallery-caption__text-wrapper\">\n\t\t\t\t\t\t\t\t\t\t\t\t\t<div class=\"scw-block-gallery-caption__title\">WING WALL<\/div>\n\t\t\t\t\t\t\t\t\t\t\t\t\t\t\t\t\t\t\t<div class=\"scw-block-gallery-caption__text\">Panneau fourni brut avec fond pr\u00e9dispos\u00e9 pour la peinture murale. Poign\u00e9e Man\u00f9 finition coordonn\u00e9e \u00e0 la peinture murale.<\/div>\n\t\t\t\t\t\t\t\t\t\t\t<\/div>\n\t\t\t\t<\/div>\n\t\t\t\t\t\t<\/div>\n\t<\/section>\n\t","protected":false},"excerpt":{"rendered":"","protected":false},"author":5,"featured_media":16089,"parent":15364,"menu_order":2,"comment_status":"closed","ping_status":"closed","template":"","meta":{"footnotes":""},"page-category":[96],"acf":[],"yoast_head":"<!-- This site is optimized with the Yoast SEO plugin v23.5 - https:\/\/yoast.com\/wordpress\/plugins\/seo\/ -->\n<title>Wing Wall EI2-60 | Alias Blindate<\/title>\n<meta name=\"robots\" content=\"index, follow, max-snippet:-1, max-image-preview:large, max-video-preview:-1\" \/>\n<link rel=\"canonical\" href=\"https:\/\/www.aliasblindate.com\/fr\/portes-blindees\/portes-affleurantes-dinterieur\/le-monde-wing\/wing-wall-ei2-60\/\" \/>\n<meta property=\"og:locale\" content=\"fr_FR\" \/>\n<meta property=\"og:type\" content=\"article\" \/>\n<meta property=\"og:title\" content=\"Wing Wall EI2-60 | Alias Blindate\" \/>\n<meta property=\"og:url\" content=\"https:\/\/www.aliasblindate.com\/fr\/portes-blindees\/portes-affleurantes-dinterieur\/le-monde-wing\/wing-wall-ei2-60\/\" \/>\n<meta property=\"og:site_name\" content=\"Alias Blindate\" \/>\n<meta property=\"article:publisher\" content=\"https:\/\/www.facebook.com\/aliasporteblindate\" \/>\n<meta property=\"article:modified_time\" content=\"2025-04-23T07:04:22+00:00\" \/>\n<meta property=\"og:image\" content=\"https:\/\/www.aliasblindate.com\/wp-content\/uploads\/2024\/10\/el60-head.jpg\" \/>\n\t<meta property=\"og:image:width\" content=\"1650\" \/>\n\t<meta property=\"og:image:height\" content=\"590\" \/>\n\t<meta property=\"og:image:type\" content=\"image\/jpeg\" \/>\n<meta name=\"twitter:card\" content=\"summary_large_image\" \/>\n<meta name=\"twitter:label1\" content=\"Dur\u00e9e de lecture estim\u00e9e\" \/>\n\t<meta name=\"twitter:data1\" content=\"1 minute\" \/>\n<script type=\"application\/ld+json\" class=\"yoast-schema-graph\">{\"@context\":\"https:\/\/schema.org\",\"@graph\":[{\"@type\":\"WebPage\",\"@id\":\"https:\/\/www.aliasblindate.com\/fr\/portes-blindees\/portes-affleurantes-dinterieur\/le-monde-wing\/wing-wall-ei2-60\/\",\"url\":\"https:\/\/www.aliasblindate.com\/fr\/portes-blindees\/portes-affleurantes-dinterieur\/le-monde-wing\/wing-wall-ei2-60\/\",\"name\":\"Wing Wall EI2-60 | Alias Blindate\",\"isPartOf\":{\"@id\":\"https:\/\/www.aliasblindate.com\/fr\/#website\"},\"primaryImageOfPage\":{\"@id\":\"https:\/\/www.aliasblindate.com\/fr\/portes-blindees\/portes-affleurantes-dinterieur\/le-monde-wing\/wing-wall-ei2-60\/#primaryimage\"},\"image\":{\"@id\":\"https:\/\/www.aliasblindate.com\/fr\/portes-blindees\/portes-affleurantes-dinterieur\/le-monde-wing\/wing-wall-ei2-60\/#primaryimage\"},\"thumbnailUrl\":\"https:\/\/www.aliasblindate.com\/wp-content\/uploads\/2024\/10\/el60-head.jpg\",\"datePublished\":\"2024-10-18T09:17:58+00:00\",\"dateModified\":\"2025-04-23T07:04:22+00:00\",\"breadcrumb\":{\"@id\":\"https:\/\/www.aliasblindate.com\/fr\/portes-blindees\/portes-affleurantes-dinterieur\/le-monde-wing\/wing-wall-ei2-60\/#breadcrumb\"},\"inLanguage\":\"fr-FR\",\"potentialAction\":[{\"@type\":\"ReadAction\",\"target\":[\"https:\/\/www.aliasblindate.com\/fr\/portes-blindees\/portes-affleurantes-dinterieur\/le-monde-wing\/wing-wall-ei2-60\/\"]}]},{\"@type\":\"ImageObject\",\"inLanguage\":\"fr-FR\",\"@id\":\"https:\/\/www.aliasblindate.com\/fr\/portes-blindees\/portes-affleurantes-dinterieur\/le-monde-wing\/wing-wall-ei2-60\/#primaryimage\",\"url\":\"https:\/\/www.aliasblindate.com\/wp-content\/uploads\/2024\/10\/el60-head.jpg\",\"contentUrl\":\"https:\/\/www.aliasblindate.com\/wp-content\/uploads\/2024\/10\/el60-head.jpg\",\"width\":1650,\"height\":590},{\"@type\":\"BreadcrumbList\",\"@id\":\"https:\/\/www.aliasblindate.com\/fr\/portes-blindees\/portes-affleurantes-dinterieur\/le-monde-wing\/wing-wall-ei2-60\/#breadcrumb\",\"itemListElement\":[{\"@type\":\"ListItem\",\"position\":1,\"name\":\"Home\",\"item\":\"https:\/\/www.aliasblindate.com\/fr\/\"},{\"@type\":\"ListItem\",\"position\":2,\"name\":\"Portes blind\u00e9es\",\"item\":\"https:\/\/www.aliasblindate.com\/fr\/portes-blindees\/\"},{\"@type\":\"ListItem\",\"position\":3,\"name\":\"Portes affleurantes d\u2019int\u00e9rieur\",\"item\":\"https:\/\/www.aliasblindate.com\/fr\/portes-blindees\/portes-affleurantes-dinterieur\/\"},{\"@type\":\"ListItem\",\"position\":4,\"name\":\"Le Monde Wing \u2013 la porte affleurante, et pas seulement\",\"item\":\"https:\/\/www.aliasblindate.com\/fr\/portes-blindees\/portes-affleurantes-dinterieur\/le-monde-wing\/\"},{\"@type\":\"ListItem\",\"position\":5,\"name\":\"Wing Wall EI2-60\"}]},{\"@type\":\"WebSite\",\"@id\":\"https:\/\/www.aliasblindate.com\/fr\/#website\",\"url\":\"https:\/\/www.aliasblindate.com\/fr\/\",\"name\":\"Alias Blindate\",\"description\":\"\",\"publisher\":{\"@id\":\"https:\/\/www.aliasblindate.com\/fr\/#organization\"},\"potentialAction\":[{\"@type\":\"SearchAction\",\"target\":{\"@type\":\"EntryPoint\",\"urlTemplate\":\"https:\/\/www.aliasblindate.com\/fr\/?s={search_term_string}\"},\"query-input\":{\"@type\":\"PropertyValueSpecification\",\"valueRequired\":true,\"valueName\":\"search_term_string\"}}],\"inLanguage\":\"fr-FR\"},{\"@type\":\"Organization\",\"@id\":\"https:\/\/www.aliasblindate.com\/fr\/#organization\",\"name\":\"Alias Blindate\",\"url\":\"https:\/\/www.aliasblindate.com\/fr\/\",\"logo\":{\"@type\":\"ImageObject\",\"inLanguage\":\"fr-FR\",\"@id\":\"https:\/\/www.aliasblindate.com\/fr\/#\/schema\/logo\/image\/\",\"url\":\"https:\/\/www.aliasblindate.com\/wp-content\/uploads\/2019\/10\/logo@2x.png\",\"contentUrl\":\"https:\/\/www.aliasblindate.com\/wp-content\/uploads\/2019\/10\/logo@2x.png\",\"width\":498,\"height\":88,\"caption\":\"Alias Blindate\"},\"image\":{\"@id\":\"https:\/\/www.aliasblindate.com\/fr\/#\/schema\/logo\/image\/\"},\"sameAs\":[\"https:\/\/www.facebook.com\/aliasporteblindate\",\"https:\/\/www.instagram.com\/alias_porte_blindate\/\"]}]}<\/script>\n<!-- \/ Yoast SEO plugin. -->","yoast_head_json":{"title":"Wing Wall EI2-60 | Alias Blindate","robots":{"index":"index","follow":"follow","max-snippet":"max-snippet:-1","max-image-preview":"max-image-preview:large","max-video-preview":"max-video-preview:-1"},"canonical":"https:\/\/www.aliasblindate.com\/fr\/portes-blindees\/portes-affleurantes-dinterieur\/le-monde-wing\/wing-wall-ei2-60\/","og_locale":"fr_FR","og_type":"article","og_title":"Wing Wall EI2-60 | Alias Blindate","og_url":"https:\/\/www.aliasblindate.com\/fr\/portes-blindees\/portes-affleurantes-dinterieur\/le-monde-wing\/wing-wall-ei2-60\/","og_site_name":"Alias Blindate","article_publisher":"https:\/\/www.facebook.com\/aliasporteblindate","article_modified_time":"2025-04-23T07:04:22+00:00","og_image":[{"width":1650,"height":590,"url":"https:\/\/www.aliasblindate.com\/wp-content\/uploads\/2024\/10\/el60-head.jpg","type":"image\/jpeg"}],"twitter_card":"summary_large_image","twitter_misc":{"Dur\u00e9e de lecture estim\u00e9e":"1 minute"},"schema":{"@context":"https:\/\/schema.org","@graph":[{"@type":"WebPage","@id":"https:\/\/www.aliasblindate.com\/fr\/portes-blindees\/portes-affleurantes-dinterieur\/le-monde-wing\/wing-wall-ei2-60\/","url":"https:\/\/www.aliasblindate.com\/fr\/portes-blindees\/portes-affleurantes-dinterieur\/le-monde-wing\/wing-wall-ei2-60\/","name":"Wing Wall EI2-60 | Alias Blindate","isPartOf":{"@id":"https:\/\/www.aliasblindate.com\/fr\/#website"},"primaryImageOfPage":{"@id":"https:\/\/www.aliasblindate.com\/fr\/portes-blindees\/portes-affleurantes-dinterieur\/le-monde-wing\/wing-wall-ei2-60\/#primaryimage"},"image":{"@id":"https:\/\/www.aliasblindate.com\/fr\/portes-blindees\/portes-affleurantes-dinterieur\/le-monde-wing\/wing-wall-ei2-60\/#primaryimage"},"thumbnailUrl":"https:\/\/www.aliasblindate.com\/wp-content\/uploads\/2024\/10\/el60-head.jpg","datePublished":"2024-10-18T09:17:58+00:00","dateModified":"2025-04-23T07:04:22+00:00","breadcrumb":{"@id":"https:\/\/www.aliasblindate.com\/fr\/portes-blindees\/portes-affleurantes-dinterieur\/le-monde-wing\/wing-wall-ei2-60\/#breadcrumb"},"inLanguage":"fr-FR","potentialAction":[{"@type":"ReadAction","target":["https:\/\/www.aliasblindate.com\/fr\/portes-blindees\/portes-affleurantes-dinterieur\/le-monde-wing\/wing-wall-ei2-60\/"]}]},{"@type":"ImageObject","inLanguage":"fr-FR","@id":"https:\/\/www.aliasblindate.com\/fr\/portes-blindees\/portes-affleurantes-dinterieur\/le-monde-wing\/wing-wall-ei2-60\/#primaryimage","url":"https:\/\/www.aliasblindate.com\/wp-content\/uploads\/2024\/10\/el60-head.jpg","contentUrl":"https:\/\/www.aliasblindate.com\/wp-content\/uploads\/2024\/10\/el60-head.jpg","width":1650,"height":590},{"@type":"BreadcrumbList","@id":"https:\/\/www.aliasblindate.com\/fr\/portes-blindees\/portes-affleurantes-dinterieur\/le-monde-wing\/wing-wall-ei2-60\/#breadcrumb","itemListElement":[{"@type":"ListItem","position":1,"name":"Home","item":"https:\/\/www.aliasblindate.com\/fr\/"},{"@type":"ListItem","position":2,"name":"Portes blind\u00e9es","item":"https:\/\/www.aliasblindate.com\/fr\/portes-blindees\/"},{"@type":"ListItem","position":3,"name":"Portes affleurantes d\u2019int\u00e9rieur","item":"https:\/\/www.aliasblindate.com\/fr\/portes-blindees\/portes-affleurantes-dinterieur\/"},{"@type":"ListItem","position":4,"name":"Le Monde Wing \u2013 la porte affleurante, et pas seulement","item":"https:\/\/www.aliasblindate.com\/fr\/portes-blindees\/portes-affleurantes-dinterieur\/le-monde-wing\/"},{"@type":"ListItem","position":5,"name":"Wing Wall EI2-60"}]},{"@type":"WebSite","@id":"https:\/\/www.aliasblindate.com\/fr\/#website","url":"https:\/\/www.aliasblindate.com\/fr\/","name":"Alias Blindate","description":"","publisher":{"@id":"https:\/\/www.aliasblindate.com\/fr\/#organization"},"potentialAction":[{"@type":"SearchAction","target":{"@type":"EntryPoint","urlTemplate":"https:\/\/www.aliasblindate.com\/fr\/?s={search_term_string}"},"query-input":{"@type":"PropertyValueSpecification","valueRequired":true,"valueName":"search_term_string"}}],"inLanguage":"fr-FR"},{"@type":"Organization","@id":"https:\/\/www.aliasblindate.com\/fr\/#organization","name":"Alias Blindate","url":"https:\/\/www.aliasblindate.com\/fr\/","logo":{"@type":"ImageObject","inLanguage":"fr-FR","@id":"https:\/\/www.aliasblindate.com\/fr\/#\/schema\/logo\/image\/","url":"https:\/\/www.aliasblindate.com\/wp-content\/uploads\/2019\/10\/logo@2x.png","contentUrl":"https:\/\/www.aliasblindate.com\/wp-content\/uploads\/2019\/10\/logo@2x.png","width":498,"height":88,"caption":"Alias Blindate"},"image":{"@id":"https:\/\/www.aliasblindate.com\/fr\/#\/schema\/logo\/image\/"},"sameAs":["https:\/\/www.facebook.com\/aliasporteblindate","https:\/\/www.instagram.com\/alias_porte_blindate\/"]}]}},"_links":{"self":[{"href":"https:\/\/www.aliasblindate.com\/fr\/wp-json\/wp\/v2\/pages\/16088"}],"collection":[{"href":"https:\/\/www.aliasblindate.com\/fr\/wp-json\/wp\/v2\/pages"}],"about":[{"href":"https:\/\/www.aliasblindate.com\/fr\/wp-json\/wp\/v2\/types\/page"}],"author":[{"embeddable":true,"href":"https:\/\/www.aliasblindate.com\/fr\/wp-json\/wp\/v2\/users\/5"}],"replies":[{"embeddable":true,"href":"https:\/\/www.aliasblindate.com\/fr\/wp-json\/wp\/v2\/comments?post=16088"}],"version-history":[{"count":6,"href":"https:\/\/www.aliasblindate.com\/fr\/wp-json\/wp\/v2\/pages\/16088\/revisions"}],"predecessor-version":[{"id":17881,"href":"https:\/\/www.aliasblindate.com\/fr\/wp-json\/wp\/v2\/pages\/16088\/revisions\/17881"}],"up":[{"embeddable":true,"href":"https:\/\/www.aliasblindate.com\/fr\/wp-json\/wp\/v2\/pages\/15364"}],"wp:featuredmedia":[{"embeddable":true,"href":"https:\/\/www.aliasblindate.com\/fr\/wp-json\/wp\/v2\/media\/16089"}],"wp:attachment":[{"href":"https:\/\/www.aliasblindate.com\/fr\/wp-json\/wp\/v2\/media?parent=16088"}],"wp:term":[{"taxonomy":"page-category","embeddable":true,"href":"https:\/\/www.aliasblindate.com\/fr\/wp-json\/wp\/v2\/page-category?post=16088"}],"curies":[{"name":"wp","href":"https:\/\/api.w.org\/{rel}","templated":true}]}}