{"id":16073,"date":"2020-06-18T18:22:34","date_gmt":"2020-06-18T16:22:34","guid":{"rendered":"https:\/\/www.aliasblindate.com\/portes-blindees\/resistenza-al-fuoco\/"},"modified":"2025-02-26T09:06:08","modified_gmt":"2025-02-26T08:06:08","slug":"resistance-au-feu","status":"publish","type":"page","link":"https:\/\/www.aliasblindate.com\/fr\/portes-blindees\/resistance-au-feu\/","title":{"rendered":"R\u00e9sistance au feu"},"content":{"rendered":"\n<section class=\"scw-title-block scw-title-block--with-menu title-wrapper has-thumb\">\n\t<div class=\"scw-title-block__menu-row\">\n\t\t<div class=\"scw-title-block__menu-title\">Cat\u00e9gorie<\/div>\n\t\t\t\t\t<div class=\"scw-title-block__menu-wrapper\">\n\t\t\t\t<div class=\"scw-title-block__menu-item\">\n\t\t\t\t\t<a href=\"#\" class=\"scw-title-block__menu-item-link scw-title-block__menu-toggle\">R\u00e9sistance au feu <i class=\"fa icon-down-open-big\"><\/i><\/a>\n\t\t\t\t\t<div class=\"scw-title-block__submenu\">\n\t\t\t\t\t\t\n\t\t\t\t\t\t\t<div class=\"scw-title-block__menu-item\">\n\t\t\t\t\t\t\t\t<a href=\"https:\/\/www.aliasblindate.com\/fr\/portes-blindees\/resistance-effraction\/\" class=\"scw-title-block__menu-item-link\">R\u00e9sistance \u00e0 l&rsquo;effraction<\/a>\n\t\t\t\t\t\t\t<\/div>\n\n\t\t\t\t\t\t\t\n\t\t\t\t\t\t\t<div class=\"scw-title-block__menu-item\">\n\t\t\t\t\t\t\t\t<a href=\"https:\/\/www.aliasblindate.com\/fr\/portes-blindees\/resistance-a-leffraction-a2p\/\" class=\"scw-title-block__menu-item-link\">R\u00e9sistance \u00e0 l&rsquo;effraction A2P<\/a>\n\t\t\t\t\t\t\t<\/div>\n\n\t\t\t\t\t\t\t\n\t\t\t\t\t\t\t<div class=\"scw-title-block__menu-item\">\n\t\t\t\t\t\t\t\t<a href=\"https:\/\/www.aliasblindate.com\/fr\/portes-blindees\/isolation-acoustique\/\" class=\"scw-title-block__menu-item-link\">Isolation acoustique<\/a>\n\t\t\t\t\t\t\t<\/div>\n\n\t\t\t\t\t\t\t\n\t\t\t\t\t\t\t<div class=\"scw-title-block__menu-item\">\n\t\t\t\t\t\t\t\t<a href=\"https:\/\/www.aliasblindate.com\/fr\/portes-blindees\/isolation-thermique\/\" class=\"scw-title-block__menu-item-link\">Isolation thermique<\/a>\n\t\t\t\t\t\t\t<\/div>\n\n\t\t\t\t\t\t\t\n\t\t\t\t\t\t\t<div class=\"scw-title-block__menu-item\">\n\t\t\t\t\t\t\t\t<a href=\"https:\/\/www.aliasblindate.com\/fr\/portes-blindees\/eau-air-vent\/\" class=\"scw-title-block__menu-item-link\">Eau \/ Air \/ Vent<\/a>\n\t\t\t\t\t\t\t<\/div>\n\n\t\t\t\t\t\t\t\t\t\t\t\t<\/div>\n\t\t\t\t<\/div>\n\t\t\t<\/div>\n\t\t\t\t<\/div>\n\t<div class=\"two-columns\">\n\t\t<div class=\"single-title\"><h1 class=\"scw-title\">Eau \/ Air \/ Vent<\/div>\n\n\t\t\t\t\t<div class=\"anchor\">\n\t\t\t\t<a href=\"#start\" class=\"anchor-btn\">D\u00e9couvrez les d\u00e9tails <i class=\"fa icon-down-open\"><\/i><\/a>\n\t\t\t<\/div>\n\t\t\t<\/div>\n<\/section>\n\n<section id=\"start\" class=\"description-wrapper \">\n\t\t\t<div class=\"description\">\n\t\t\t<p><img loading=\"lazy\" decoding=\"async\" class=\"alignleft\" src=\"\/wp-content\/uploads\/2020\/09\/SIMBOLO-RESISTENZA-AL-FUOCO.jpg\" width=\"110\" height=\"110\" \/> Une porte devant poss\u00e9der des caract\u00e9ristiques de r\u00e9sistance au feu, selon l&rsquo;Arr\u00eat\u00e9 du 22 mars 2004, doit \u00eatre class\u00e9e par l&rsquo;abr\u00e9viation EI, o\u00f9 \u00ab E \u00bb indique l&rsquo;int\u00e9grit\u00e9 du produit, c&rsquo;est-\u00e0-dire sa capacit\u00e9 \u00e0 ne pas transmettre la flamme ou les gaz incandescents du c\u00f4t\u00e9 oppos\u00e9 au feu, et \u00ab I \u00bb d\u00e9signe la capacit\u00e9 du produit \u00e0 isoler contre les tr\u00e8s hautes temp\u00e9ratures g\u00e9n\u00e9r\u00e9es lors d&rsquo;un incendie.<br \/>\nCes caract\u00e9ristiques sont parfaitement int\u00e9gr\u00e9es dans une porte blind\u00e9e, qui peut ainsi combiner \u00e0 la fois la protection contre les cambriolages et la protection contre le feu.\u2028Qu&rsquo;elles soient install\u00e9es dans des appartements ou des locaux commerciaux, les portes blind\u00e9es Alias dot\u00e9es de caract\u00e9ristiques de r\u00e9sistance au feu offrent ces deux niveaux de s\u00e9curit\u00e9, tout en garantissant un confort optimal gr\u00e2ce \u00e0 d&rsquo;excellentes performances en mati\u00e8re d&rsquo;isolation acoustique et de transmission thermique, le tout sublim\u00e9 par l&rsquo;\u00e9l\u00e9gance proverbiale des produits Alias.<\/p>\n\t\t<\/div>\n\t\t<\/section>\n\n\n\t<section class=\"gallery-wrapper\">\n\t\t\t<div class=\"gallery-carousel owl-carousel owl-theme\">\n\t\t\t\t\t<a class=\"dt-pswp-item\" href=\"https:\/\/www.aliasblindate.com\/wp-content\/uploads\/2020\/12\/4-GALLERY-RESISTENZA-AL-FUOCO.jpg\" data-large_image_width=\"1801\" data-large_image_height=\"1201\">\n\t\t\t\t<img loading=\"lazy\" decoding=\"async\" width=\"1200\" height=\"730\" src=\"https:\/\/www.aliasblindate.com\/wp-content\/uploads\/2020\/12\/4-GALLERY-RESISTENZA-AL-FUOCO-1200x730.jpg\" data-src=\"https:\/\/www.aliasblindate.com\/wp-content\/uploads\/2020\/12\/4-GALLERY-RESISTENZA-AL-FUOCO-1200x730.jpg\" class=\"owl-lazy\" srcset=\"\">\n\t\t\t<\/a>\n\t\t\t\t\t\t<a class=\"dt-pswp-item\" href=\"https:\/\/www.aliasblindate.com\/wp-content\/uploads\/2020\/09\/header-Resistenza-al-Fuoco.jpg\" data-large_image_width=\"1700\" data-large_image_height=\"1006\">\n\t\t\t\t<img loading=\"lazy\" decoding=\"async\" width=\"1200\" height=\"730\" src=\"https:\/\/www.aliasblindate.com\/wp-content\/uploads\/2020\/09\/header-Resistenza-al-Fuoco-1200x730.jpg\" data-src=\"https:\/\/www.aliasblindate.com\/wp-content\/uploads\/2020\/09\/header-Resistenza-al-Fuoco-1200x730.jpg\" class=\"owl-lazy\" srcset=\"\">\n\t\t\t<\/a>\n\t\t\t\t<\/div>\n\t\t\t<div class=\"gallery-nav \">\n\t\t\t\t\t\t\t<div class=\"thumb\" data-slide=\"0\" style=\"background-image: url(https:\/\/www.aliasblindate.com\/wp-content\/uploads\/2020\/12\/4-GALLERY-RESISTENZA-AL-FUOCO-150x150.jpg)\"><\/div>\n\t\t\t\t\t\t\t\t<div class=\"thumb\" data-slide=\"1\" style=\"background-image: url(https:\/\/www.aliasblindate.com\/wp-content\/uploads\/2020\/09\/header-Resistenza-al-Fuoco-150x150.jpg)\"><\/div>\n\t\t\t\t\t\t<\/div>\n\t<\/section>\n\t","protected":false},"excerpt":{"rendered":"","protected":false},"author":5,"featured_media":2595,"parent":15256,"menu_order":2,"comment_status":"closed","ping_status":"closed","template":"","meta":{"footnotes":""},"page-category":[63],"acf":[],"yoast_head":"<!-- This site is optimized with the Yoast SEO plugin v23.5 - https:\/\/yoast.com\/wordpress\/plugins\/seo\/ -->\n<title>R\u00e9sistance au feu | Alias Blindate<\/title>\n<meta name=\"description\" content=\"ALIAS a con\u00e7u une ligne de portes coupe-feu appel\u00e9e \u00ab\u00a0Magma\u00a0\u00bb, avec une capacit\u00e9 d&#039;\u00e9tanch\u00e9it\u00e9 de 30, 60 et 90 minutes personnalisable avec des panneaux au choix.\" \/>\n<meta name=\"robots\" content=\"index, follow, max-snippet:-1, max-image-preview:large, max-video-preview:-1\" \/>\n<link rel=\"canonical\" href=\"https:\/\/www.aliasblindate.com\/fr\/portes-blindees\/resistance-au-feu\/\" \/>\n<meta property=\"og:locale\" content=\"fr_FR\" \/>\n<meta property=\"og:type\" content=\"article\" \/>\n<meta property=\"og:title\" content=\"R\u00e9sistance au feu | Alias Blindate\" \/>\n<meta property=\"og:description\" content=\"ALIAS a con\u00e7u une ligne de portes coupe-feu appel\u00e9e \u00ab\u00a0Magma\u00a0\u00bb, avec une capacit\u00e9 d&#039;\u00e9tanch\u00e9it\u00e9 de 30, 60 et 90 minutes personnalisable avec des panneaux au choix.\" \/>\n<meta property=\"og:url\" content=\"https:\/\/www.aliasblindate.com\/fr\/portes-blindees\/resistance-au-feu\/\" \/>\n<meta property=\"og:site_name\" content=\"Alias Blindate\" \/>\n<meta property=\"article:publisher\" content=\"https:\/\/www.facebook.com\/aliasporteblindate\" \/>\n<meta property=\"article:modified_time\" content=\"2025-02-26T08:06:08+00:00\" \/>\n<meta property=\"og:image\" content=\"https:\/\/www.aliasblindate.com\/wp-content\/uploads\/2020\/09\/header-Resistenza-al-Fuoco.jpg\" \/>\n\t<meta property=\"og:image:width\" content=\"1700\" \/>\n\t<meta property=\"og:image:height\" content=\"1006\" \/>\n\t<meta property=\"og:image:type\" content=\"image\/jpeg\" \/>\n<meta name=\"twitter:card\" content=\"summary_large_image\" \/>\n<meta name=\"twitter:label1\" content=\"Dur\u00e9e de lecture estim\u00e9e\" \/>\n\t<meta name=\"twitter:data1\" content=\"1 minute\" \/>\n<script type=\"application\/ld+json\" class=\"yoast-schema-graph\">{\"@context\":\"https:\/\/schema.org\",\"@graph\":[{\"@type\":\"WebPage\",\"@id\":\"https:\/\/www.aliasblindate.com\/fr\/portes-blindees\/resistance-au-feu\/\",\"url\":\"https:\/\/www.aliasblindate.com\/fr\/portes-blindees\/resistance-au-feu\/\",\"name\":\"R\u00e9sistance au feu | Alias Blindate\",\"isPartOf\":{\"@id\":\"https:\/\/www.aliasblindate.com\/fr\/#website\"},\"primaryImageOfPage\":{\"@id\":\"https:\/\/www.aliasblindate.com\/fr\/portes-blindees\/resistance-au-feu\/#primaryimage\"},\"image\":{\"@id\":\"https:\/\/www.aliasblindate.com\/fr\/portes-blindees\/resistance-au-feu\/#primaryimage\"},\"thumbnailUrl\":\"https:\/\/www.aliasblindate.com\/wp-content\/uploads\/2020\/09\/header-Resistenza-al-Fuoco.jpg\",\"datePublished\":\"2020-06-18T16:22:34+00:00\",\"dateModified\":\"2025-02-26T08:06:08+00:00\",\"description\":\"ALIAS a con\u00e7u une ligne de portes coupe-feu appel\u00e9e \u00ab\u00a0Magma\u00a0\u00bb, avec une capacit\u00e9 d'\u00e9tanch\u00e9it\u00e9 de 30, 60 et 90 minutes personnalisable avec des panneaux au choix.\",\"breadcrumb\":{\"@id\":\"https:\/\/www.aliasblindate.com\/fr\/portes-blindees\/resistance-au-feu\/#breadcrumb\"},\"inLanguage\":\"fr-FR\",\"potentialAction\":[{\"@type\":\"ReadAction\",\"target\":[\"https:\/\/www.aliasblindate.com\/fr\/portes-blindees\/resistance-au-feu\/\"]}]},{\"@type\":\"ImageObject\",\"inLanguage\":\"fr-FR\",\"@id\":\"https:\/\/www.aliasblindate.com\/fr\/portes-blindees\/resistance-au-feu\/#primaryimage\",\"url\":\"https:\/\/www.aliasblindate.com\/wp-content\/uploads\/2020\/09\/header-Resistenza-al-Fuoco.jpg\",\"contentUrl\":\"https:\/\/www.aliasblindate.com\/wp-content\/uploads\/2020\/09\/header-Resistenza-al-Fuoco.jpg\",\"width\":1700,\"height\":1006},{\"@type\":\"BreadcrumbList\",\"@id\":\"https:\/\/www.aliasblindate.com\/fr\/portes-blindees\/resistance-au-feu\/#breadcrumb\",\"itemListElement\":[{\"@type\":\"ListItem\",\"position\":1,\"name\":\"Home\",\"item\":\"https:\/\/www.aliasblindate.com\/fr\/\"},{\"@type\":\"ListItem\",\"position\":2,\"name\":\"Portes blind\u00e9es\",\"item\":\"https:\/\/www.aliasblindate.com\/fr\/portes-blindees\/\"},{\"@type\":\"ListItem\",\"position\":3,\"name\":\"R\u00e9sistance au feu\"}]},{\"@type\":\"WebSite\",\"@id\":\"https:\/\/www.aliasblindate.com\/fr\/#website\",\"url\":\"https:\/\/www.aliasblindate.com\/fr\/\",\"name\":\"Alias Blindate\",\"description\":\"\",\"publisher\":{\"@id\":\"https:\/\/www.aliasblindate.com\/fr\/#organization\"},\"potentialAction\":[{\"@type\":\"SearchAction\",\"target\":{\"@type\":\"EntryPoint\",\"urlTemplate\":\"https:\/\/www.aliasblindate.com\/fr\/?s={search_term_string}\"},\"query-input\":{\"@type\":\"PropertyValueSpecification\",\"valueRequired\":true,\"valueName\":\"search_term_string\"}}],\"inLanguage\":\"fr-FR\"},{\"@type\":\"Organization\",\"@id\":\"https:\/\/www.aliasblindate.com\/fr\/#organization\",\"name\":\"Alias Blindate\",\"url\":\"https:\/\/www.aliasblindate.com\/fr\/\",\"logo\":{\"@type\":\"ImageObject\",\"inLanguage\":\"fr-FR\",\"@id\":\"https:\/\/www.aliasblindate.com\/fr\/#\/schema\/logo\/image\/\",\"url\":\"https:\/\/www.aliasblindate.com\/wp-content\/uploads\/2019\/10\/logo@2x.png\",\"contentUrl\":\"https:\/\/www.aliasblindate.com\/wp-content\/uploads\/2019\/10\/logo@2x.png\",\"width\":498,\"height\":88,\"caption\":\"Alias Blindate\"},\"image\":{\"@id\":\"https:\/\/www.aliasblindate.com\/fr\/#\/schema\/logo\/image\/\"},\"sameAs\":[\"https:\/\/www.facebook.com\/aliasporteblindate\",\"https:\/\/www.instagram.com\/alias_porte_blindate\/\"]}]}<\/script>\n<!-- \/ Yoast SEO plugin. -->","yoast_head_json":{"title":"R\u00e9sistance au feu | Alias Blindate","description":"ALIAS a con\u00e7u une ligne de portes coupe-feu appel\u00e9e \u00ab\u00a0Magma\u00a0\u00bb, avec une capacit\u00e9 d'\u00e9tanch\u00e9it\u00e9 de 30, 60 et 90 minutes personnalisable avec des panneaux au choix.","robots":{"index":"index","follow":"follow","max-snippet":"max-snippet:-1","max-image-preview":"max-image-preview:large","max-video-preview":"max-video-preview:-1"},"canonical":"https:\/\/www.aliasblindate.com\/fr\/portes-blindees\/resistance-au-feu\/","og_locale":"fr_FR","og_type":"article","og_title":"R\u00e9sistance au feu | Alias Blindate","og_description":"ALIAS a con\u00e7u une ligne de portes coupe-feu appel\u00e9e \u00ab\u00a0Magma\u00a0\u00bb, avec une capacit\u00e9 d'\u00e9tanch\u00e9it\u00e9 de 30, 60 et 90 minutes personnalisable avec des panneaux au choix.","og_url":"https:\/\/www.aliasblindate.com\/fr\/portes-blindees\/resistance-au-feu\/","og_site_name":"Alias Blindate","article_publisher":"https:\/\/www.facebook.com\/aliasporteblindate","article_modified_time":"2025-02-26T08:06:08+00:00","og_image":[{"width":1700,"height":1006,"url":"https:\/\/www.aliasblindate.com\/wp-content\/uploads\/2020\/09\/header-Resistenza-al-Fuoco.jpg","type":"image\/jpeg"}],"twitter_card":"summary_large_image","twitter_misc":{"Dur\u00e9e de lecture estim\u00e9e":"1 minute"},"schema":{"@context":"https:\/\/schema.org","@graph":[{"@type":"WebPage","@id":"https:\/\/www.aliasblindate.com\/fr\/portes-blindees\/resistance-au-feu\/","url":"https:\/\/www.aliasblindate.com\/fr\/portes-blindees\/resistance-au-feu\/","name":"R\u00e9sistance au feu | Alias Blindate","isPartOf":{"@id":"https:\/\/www.aliasblindate.com\/fr\/#website"},"primaryImageOfPage":{"@id":"https:\/\/www.aliasblindate.com\/fr\/portes-blindees\/resistance-au-feu\/#primaryimage"},"image":{"@id":"https:\/\/www.aliasblindate.com\/fr\/portes-blindees\/resistance-au-feu\/#primaryimage"},"thumbnailUrl":"https:\/\/www.aliasblindate.com\/wp-content\/uploads\/2020\/09\/header-Resistenza-al-Fuoco.jpg","datePublished":"2020-06-18T16:22:34+00:00","dateModified":"2025-02-26T08:06:08+00:00","description":"ALIAS a con\u00e7u une ligne de portes coupe-feu appel\u00e9e \u00ab\u00a0Magma\u00a0\u00bb, avec une capacit\u00e9 d'\u00e9tanch\u00e9it\u00e9 de 30, 60 et 90 minutes personnalisable avec des panneaux au choix.","breadcrumb":{"@id":"https:\/\/www.aliasblindate.com\/fr\/portes-blindees\/resistance-au-feu\/#breadcrumb"},"inLanguage":"fr-FR","potentialAction":[{"@type":"ReadAction","target":["https:\/\/www.aliasblindate.com\/fr\/portes-blindees\/resistance-au-feu\/"]}]},{"@type":"ImageObject","inLanguage":"fr-FR","@id":"https:\/\/www.aliasblindate.com\/fr\/portes-blindees\/resistance-au-feu\/#primaryimage","url":"https:\/\/www.aliasblindate.com\/wp-content\/uploads\/2020\/09\/header-Resistenza-al-Fuoco.jpg","contentUrl":"https:\/\/www.aliasblindate.com\/wp-content\/uploads\/2020\/09\/header-Resistenza-al-Fuoco.jpg","width":1700,"height":1006},{"@type":"BreadcrumbList","@id":"https:\/\/www.aliasblindate.com\/fr\/portes-blindees\/resistance-au-feu\/#breadcrumb","itemListElement":[{"@type":"ListItem","position":1,"name":"Home","item":"https:\/\/www.aliasblindate.com\/fr\/"},{"@type":"ListItem","position":2,"name":"Portes blind\u00e9es","item":"https:\/\/www.aliasblindate.com\/fr\/portes-blindees\/"},{"@type":"ListItem","position":3,"name":"R\u00e9sistance au feu"}]},{"@type":"WebSite","@id":"https:\/\/www.aliasblindate.com\/fr\/#website","url":"https:\/\/www.aliasblindate.com\/fr\/","name":"Alias Blindate","description":"","publisher":{"@id":"https:\/\/www.aliasblindate.com\/fr\/#organization"},"potentialAction":[{"@type":"SearchAction","target":{"@type":"EntryPoint","urlTemplate":"https:\/\/www.aliasblindate.com\/fr\/?s={search_term_string}"},"query-input":{"@type":"PropertyValueSpecification","valueRequired":true,"valueName":"search_term_string"}}],"inLanguage":"fr-FR"},{"@type":"Organization","@id":"https:\/\/www.aliasblindate.com\/fr\/#organization","name":"Alias Blindate","url":"https:\/\/www.aliasblindate.com\/fr\/","logo":{"@type":"ImageObject","inLanguage":"fr-FR","@id":"https:\/\/www.aliasblindate.com\/fr\/#\/schema\/logo\/image\/","url":"https:\/\/www.aliasblindate.com\/wp-content\/uploads\/2019\/10\/logo@2x.png","contentUrl":"https:\/\/www.aliasblindate.com\/wp-content\/uploads\/2019\/10\/logo@2x.png","width":498,"height":88,"caption":"Alias Blindate"},"image":{"@id":"https:\/\/www.aliasblindate.com\/fr\/#\/schema\/logo\/image\/"},"sameAs":["https:\/\/www.facebook.com\/aliasporteblindate","https:\/\/www.instagram.com\/alias_porte_blindate\/"]}]}},"_links":{"self":[{"href":"https:\/\/www.aliasblindate.com\/fr\/wp-json\/wp\/v2\/pages\/16073"}],"collection":[{"href":"https:\/\/www.aliasblindate.com\/fr\/wp-json\/wp\/v2\/pages"}],"about":[{"href":"https:\/\/www.aliasblindate.com\/fr\/wp-json\/wp\/v2\/types\/page"}],"author":[{"embeddable":true,"href":"https:\/\/www.aliasblindate.com\/fr\/wp-json\/wp\/v2\/users\/5"}],"replies":[{"embeddable":true,"href":"https:\/\/www.aliasblindate.com\/fr\/wp-json\/wp\/v2\/comments?post=16073"}],"version-history":[{"count":4,"href":"https:\/\/www.aliasblindate.com\/fr\/wp-json\/wp\/v2\/pages\/16073\/revisions"}],"predecessor-version":[{"id":17414,"href":"https:\/\/www.aliasblindate.com\/fr\/wp-json\/wp\/v2\/pages\/16073\/revisions\/17414"}],"up":[{"embeddable":true,"href":"https:\/\/www.aliasblindate.com\/fr\/wp-json\/wp\/v2\/pages\/15256"}],"wp:featuredmedia":[{"embeddable":true,"href":"https:\/\/www.aliasblindate.com\/fr\/wp-json\/wp\/v2\/media\/2595"}],"wp:attachment":[{"href":"https:\/\/www.aliasblindate.com\/fr\/wp-json\/wp\/v2\/media?parent=16073"}],"wp:term":[{"taxonomy":"page-category","embeddable":true,"href":"https:\/\/www.aliasblindate.com\/fr\/wp-json\/wp\/v2\/page-category?post=16073"}],"curies":[{"name":"wp","href":"https:\/\/api.w.org\/{rel}","templated":true}]}}