{"id":16055,"date":"2020-06-18T18:17:07","date_gmt":"2020-06-18T16:17:07","guid":{"rendered":"https:\/\/www.aliasblindate.com\/portes-blindees\/resistenza-alleffrazione\/"},"modified":"2025-04-02T09:42:38","modified_gmt":"2025-04-02T07:42:38","slug":"resistance-effraction","status":"publish","type":"page","link":"https:\/\/www.aliasblindate.com\/fr\/portes-blindees\/resistance-effraction\/","title":{"rendered":"R\u00e9sistance \u00e0 l&rsquo;effraction"},"content":{"rendered":"\n<section class=\"scw-title-block scw-title-block--with-menu title-wrapper has-thumb\">\n\t<div class=\"scw-title-block__menu-row\">\n\t\t<div class=\"scw-title-block__menu-title\">Cat\u00e9gorie<\/div>\n\t\t\t\t\t<div class=\"scw-title-block__menu-wrapper\">\n\t\t\t\t<div class=\"scw-title-block__menu-item\">\n\t\t\t\t\t<a href=\"#\" class=\"scw-title-block__menu-item-link scw-title-block__menu-toggle\">R\u00e9sistance \u00e0 l&rsquo;effraction <i class=\"fa icon-down-open-big\"><\/i><\/a>\n\t\t\t\t\t<div class=\"scw-title-block__submenu\">\n\t\t\t\t\t\t\n\t\t\t\t\t\t\t<div class=\"scw-title-block__menu-item\">\n\t\t\t\t\t\t\t\t<a href=\"https:\/\/www.aliasblindate.com\/fr\/portes-blindees\/resistance-au-feu\/\" class=\"scw-title-block__menu-item-link\">R\u00e9sistance au feu<\/a>\n\t\t\t\t\t\t\t<\/div>\n\n\t\t\t\t\t\t\t\n\t\t\t\t\t\t\t<div class=\"scw-title-block__menu-item\">\n\t\t\t\t\t\t\t\t<a href=\"https:\/\/www.aliasblindate.com\/fr\/portes-blindees\/resistance-a-leffraction-a2p\/\" class=\"scw-title-block__menu-item-link\">R\u00e9sistance \u00e0 l&rsquo;effraction A2P<\/a>\n\t\t\t\t\t\t\t<\/div>\n\n\t\t\t\t\t\t\t\n\t\t\t\t\t\t\t<div class=\"scw-title-block__menu-item\">\n\t\t\t\t\t\t\t\t<a href=\"https:\/\/www.aliasblindate.com\/fr\/portes-blindees\/isolation-acoustique\/\" class=\"scw-title-block__menu-item-link\">Isolation acoustique<\/a>\n\t\t\t\t\t\t\t<\/div>\n\n\t\t\t\t\t\t\t\n\t\t\t\t\t\t\t<div class=\"scw-title-block__menu-item\">\n\t\t\t\t\t\t\t\t<a href=\"https:\/\/www.aliasblindate.com\/fr\/portes-blindees\/isolation-thermique\/\" class=\"scw-title-block__menu-item-link\">Isolation thermique<\/a>\n\t\t\t\t\t\t\t<\/div>\n\n\t\t\t\t\t\t\t\n\t\t\t\t\t\t\t<div class=\"scw-title-block__menu-item\">\n\t\t\t\t\t\t\t\t<a href=\"https:\/\/www.aliasblindate.com\/fr\/portes-blindees\/eau-air-vent\/\" class=\"scw-title-block__menu-item-link\">Eau \/ Air \/ Vent<\/a>\n\t\t\t\t\t\t\t<\/div>\n\n\t\t\t\t\t\t\t\t\t\t\t\t<\/div>\n\t\t\t\t<\/div>\n\t\t\t<\/div>\n\t\t\t\t<\/div>\n\t<div class=\"two-columns\">\n\t\t<div class=\"single-title\"><h1 class=\"scw-title\">Eau \/ Air \/ Vent<\/div>\n\n\t\t\t\t\t<div class=\"anchor\">\n\t\t\t\t<a href=\"#start\" class=\"anchor-btn\">D\u00e9couvrez les d\u00e9tails <i class=\"fa icon-down-open\"><\/i><\/a>\n\t\t\t<\/div>\n\t\t\t<\/div>\n<\/section>\n\n<section id=\"start\" class=\"description-wrapper \">\n\t\t\t<div class=\"description\">\n\t\t\t<p><img loading=\"lazy\" decoding=\"async\" class=\"alignleft\" src=\"\/wp-content\/uploads\/2020\/09\/ANTI-EFFRAZIONE-2.jpg\" width=\"110\" height=\"110\" \/>Une porte blind\u00e9e est par d\u00e9finition \u00ab\u00a0s\u00fbre\u00a0\u00bb.<br \/>\nMais <strong>quand<\/strong> une porte peut-elle vraiment \u00eatre dite \u00ab\u00a0s\u00fbre\u00a0\u00bb\u00a0?<\/p>\n<p>Toutes les <a href=\"\/fr\/\">portes de s\u00e9curit\u00e9<\/a> Alias poss\u00e8dent des caract\u00e9ristiques techniques valid\u00e9es, conform\u00e9ment aux dispositions de la norme EN 14351-1, par des certifications d\u00e9livr\u00e9es par les instituts de contr\u00f4le les plus prestigieux reconnus au niveau europ\u00e9en.<\/p>\n<p>C&rsquo;est un choix que l\u2019entreprise a op\u00e9r\u00e9 depuis ses d\u00e9buts, celui de ne mettre sur le march\u00e9 que des portes capables d&rsquo;assurer au moins une :<\/p>\n<ul>\n<li>classe anti-effraction 3 (qui assure une capacit\u00e9 \u00e0 r\u00e9sister aux tentatives d&rsquo;effraction pendant une dur\u00e9e maximale de 20 minutes \u2013 r\u00e9sistance mesur\u00e9e par la contrainte avec des charges statiques et dynamiques et la simulation de tentatives d&rsquo;effraction r\u00e9alis\u00e9es avec des outils manuels, type pied-de-biche, tournevis, etc.)<\/li>\n<li>et une classe anti-effraction 4 (c&rsquo;est-\u00e0-dire capable de r\u00e9sister pendant 30 minutes aux m\u00eames tentatives d&rsquo;effraction mesur\u00e9es pour la classe 3 et r\u00e9alis\u00e9es \u00e9galement avec des outils \u00e9lectriques).<\/li>\n<\/ul>\n\t\t<\/div>\n\t\t<\/section>\n\n\n\t<section class=\"gallery-wrapper\">\n\t\t\t<div class=\"gallery-carousel owl-carousel owl-theme\">\n\t\t\t\t\t<a class=\"dt-pswp-item\" href=\"https:\/\/www.aliasblindate.com\/wp-content\/uploads\/2020\/09\/header-Resistenza-alleffrazione.jpg\" data-large_image_width=\"1700\" data-large_image_height=\"1006\">\n\t\t\t\t<img loading=\"lazy\" decoding=\"async\" width=\"1200\" height=\"730\" src=\"https:\/\/www.aliasblindate.com\/wp-content\/uploads\/2020\/09\/header-Resistenza-alleffrazione-1200x730.jpg\" data-src=\"https:\/\/www.aliasblindate.com\/wp-content\/uploads\/2020\/09\/header-Resistenza-alleffrazione-1200x730.jpg\" class=\"owl-lazy\" srcset=\"\">\n\t\t\t<\/a>\n\t\t\t\t<\/div>\n\t\t\t<div class=\"gallery-nav \">\n\t\t\t\t\t\t\t<div class=\"thumb\" data-slide=\"0\" style=\"background-image: url(https:\/\/www.aliasblindate.com\/wp-content\/uploads\/2020\/09\/header-Resistenza-alleffrazione-150x150.jpg)\"><\/div>\n\t\t\t\t\t\t<\/div>\n\t<\/section>\n\t","protected":false},"excerpt":{"rendered":"","protected":false},"author":5,"featured_media":2532,"parent":15256,"menu_order":1,"comment_status":"closed","ping_status":"closed","template":"","meta":{"footnotes":""},"page-category":[63],"acf":[],"yoast_head":"<!-- This site is optimized with the Yoast SEO plugin v23.5 - https:\/\/yoast.com\/wordpress\/plugins\/seo\/ -->\n<title>R\u00e9sistance \u00e0 l&#039;effraction | Alias Blindate<\/title>\n<meta name=\"description\" content=\"Les collections Alias poss\u00e8dent des caract\u00e9ristiques techniques prouv\u00e9es avec les certifications des plus prestigieux instituts de contr\u00f4le au niveau europ\u00e9en.\" \/>\n<meta name=\"robots\" content=\"index, follow, max-snippet:-1, max-image-preview:large, max-video-preview:-1\" \/>\n<link rel=\"canonical\" href=\"https:\/\/www.aliasblindate.com\/fr\/portes-blindees\/resistance-effraction\/\" \/>\n<meta property=\"og:locale\" content=\"fr_FR\" \/>\n<meta property=\"og:type\" content=\"article\" \/>\n<meta property=\"og:title\" content=\"R\u00e9sistance \u00e0 l&#039;effraction | Alias Blindate\" \/>\n<meta property=\"og:description\" content=\"Les collections Alias poss\u00e8dent des caract\u00e9ristiques techniques prouv\u00e9es avec les certifications des plus prestigieux instituts de contr\u00f4le au niveau europ\u00e9en.\" \/>\n<meta property=\"og:url\" content=\"https:\/\/www.aliasblindate.com\/fr\/portes-blindees\/resistance-effraction\/\" \/>\n<meta property=\"og:site_name\" content=\"Alias Blindate\" \/>\n<meta property=\"article:publisher\" content=\"https:\/\/www.facebook.com\/aliasporteblindate\" \/>\n<meta property=\"article:modified_time\" content=\"2025-04-02T07:42:38+00:00\" \/>\n<meta property=\"og:image\" content=\"https:\/\/www.aliasblindate.com\/wp-content\/uploads\/2020\/09\/header-Resistenza-alleffrazione.jpg\" \/>\n\t<meta property=\"og:image:width\" content=\"1700\" \/>\n\t<meta property=\"og:image:height\" content=\"1006\" \/>\n\t<meta property=\"og:image:type\" content=\"image\/jpeg\" \/>\n<meta name=\"twitter:card\" content=\"summary_large_image\" \/>\n<meta name=\"twitter:label1\" content=\"Dur\u00e9e de lecture estim\u00e9e\" \/>\n\t<meta name=\"twitter:data1\" content=\"1 minute\" \/>\n<script type=\"application\/ld+json\" class=\"yoast-schema-graph\">{\"@context\":\"https:\/\/schema.org\",\"@graph\":[{\"@type\":\"WebPage\",\"@id\":\"https:\/\/www.aliasblindate.com\/fr\/portes-blindees\/resistance-effraction\/\",\"url\":\"https:\/\/www.aliasblindate.com\/fr\/portes-blindees\/resistance-effraction\/\",\"name\":\"R\u00e9sistance \u00e0 l'effraction | Alias Blindate\",\"isPartOf\":{\"@id\":\"https:\/\/www.aliasblindate.com\/fr\/#website\"},\"primaryImageOfPage\":{\"@id\":\"https:\/\/www.aliasblindate.com\/fr\/portes-blindees\/resistance-effraction\/#primaryimage\"},\"image\":{\"@id\":\"https:\/\/www.aliasblindate.com\/fr\/portes-blindees\/resistance-effraction\/#primaryimage\"},\"thumbnailUrl\":\"https:\/\/www.aliasblindate.com\/wp-content\/uploads\/2020\/09\/header-Resistenza-alleffrazione.jpg\",\"datePublished\":\"2020-06-18T16:17:07+00:00\",\"dateModified\":\"2025-04-02T07:42:38+00:00\",\"description\":\"Les collections Alias poss\u00e8dent des caract\u00e9ristiques techniques prouv\u00e9es avec les certifications des plus prestigieux instituts de contr\u00f4le au niveau europ\u00e9en.\",\"breadcrumb\":{\"@id\":\"https:\/\/www.aliasblindate.com\/fr\/portes-blindees\/resistance-effraction\/#breadcrumb\"},\"inLanguage\":\"fr-FR\",\"potentialAction\":[{\"@type\":\"ReadAction\",\"target\":[\"https:\/\/www.aliasblindate.com\/fr\/portes-blindees\/resistance-effraction\/\"]}]},{\"@type\":\"ImageObject\",\"inLanguage\":\"fr-FR\",\"@id\":\"https:\/\/www.aliasblindate.com\/fr\/portes-blindees\/resistance-effraction\/#primaryimage\",\"url\":\"https:\/\/www.aliasblindate.com\/wp-content\/uploads\/2020\/09\/header-Resistenza-alleffrazione.jpg\",\"contentUrl\":\"https:\/\/www.aliasblindate.com\/wp-content\/uploads\/2020\/09\/header-Resistenza-alleffrazione.jpg\",\"width\":1700,\"height\":1006},{\"@type\":\"BreadcrumbList\",\"@id\":\"https:\/\/www.aliasblindate.com\/fr\/portes-blindees\/resistance-effraction\/#breadcrumb\",\"itemListElement\":[{\"@type\":\"ListItem\",\"position\":1,\"name\":\"Home\",\"item\":\"https:\/\/www.aliasblindate.com\/fr\/\"},{\"@type\":\"ListItem\",\"position\":2,\"name\":\"Portes blind\u00e9es\",\"item\":\"https:\/\/www.aliasblindate.com\/fr\/portes-blindees\/\"},{\"@type\":\"ListItem\",\"position\":3,\"name\":\"R\u00e9sistance \u00e0 l&#8217;effraction\"}]},{\"@type\":\"WebSite\",\"@id\":\"https:\/\/www.aliasblindate.com\/fr\/#website\",\"url\":\"https:\/\/www.aliasblindate.com\/fr\/\",\"name\":\"Alias Blindate\",\"description\":\"\",\"publisher\":{\"@id\":\"https:\/\/www.aliasblindate.com\/fr\/#organization\"},\"potentialAction\":[{\"@type\":\"SearchAction\",\"target\":{\"@type\":\"EntryPoint\",\"urlTemplate\":\"https:\/\/www.aliasblindate.com\/fr\/?s={search_term_string}\"},\"query-input\":{\"@type\":\"PropertyValueSpecification\",\"valueRequired\":true,\"valueName\":\"search_term_string\"}}],\"inLanguage\":\"fr-FR\"},{\"@type\":\"Organization\",\"@id\":\"https:\/\/www.aliasblindate.com\/fr\/#organization\",\"name\":\"Alias Blindate\",\"url\":\"https:\/\/www.aliasblindate.com\/fr\/\",\"logo\":{\"@type\":\"ImageObject\",\"inLanguage\":\"fr-FR\",\"@id\":\"https:\/\/www.aliasblindate.com\/fr\/#\/schema\/logo\/image\/\",\"url\":\"https:\/\/www.aliasblindate.com\/wp-content\/uploads\/2019\/10\/logo@2x.png\",\"contentUrl\":\"https:\/\/www.aliasblindate.com\/wp-content\/uploads\/2019\/10\/logo@2x.png\",\"width\":498,\"height\":88,\"caption\":\"Alias Blindate\"},\"image\":{\"@id\":\"https:\/\/www.aliasblindate.com\/fr\/#\/schema\/logo\/image\/\"},\"sameAs\":[\"https:\/\/www.facebook.com\/aliasporteblindate\",\"https:\/\/www.instagram.com\/alias_porte_blindate\/\"]}]}<\/script>\n<!-- \/ Yoast SEO plugin. -->","yoast_head_json":{"title":"R\u00e9sistance \u00e0 l'effraction | Alias Blindate","description":"Les collections Alias poss\u00e8dent des caract\u00e9ristiques techniques prouv\u00e9es avec les certifications des plus prestigieux instituts de contr\u00f4le au niveau europ\u00e9en.","robots":{"index":"index","follow":"follow","max-snippet":"max-snippet:-1","max-image-preview":"max-image-preview:large","max-video-preview":"max-video-preview:-1"},"canonical":"https:\/\/www.aliasblindate.com\/fr\/portes-blindees\/resistance-effraction\/","og_locale":"fr_FR","og_type":"article","og_title":"R\u00e9sistance \u00e0 l'effraction | Alias Blindate","og_description":"Les collections Alias poss\u00e8dent des caract\u00e9ristiques techniques prouv\u00e9es avec les certifications des plus prestigieux instituts de contr\u00f4le au niveau europ\u00e9en.","og_url":"https:\/\/www.aliasblindate.com\/fr\/portes-blindees\/resistance-effraction\/","og_site_name":"Alias Blindate","article_publisher":"https:\/\/www.facebook.com\/aliasporteblindate","article_modified_time":"2025-04-02T07:42:38+00:00","og_image":[{"width":1700,"height":1006,"url":"https:\/\/www.aliasblindate.com\/wp-content\/uploads\/2020\/09\/header-Resistenza-alleffrazione.jpg","type":"image\/jpeg"}],"twitter_card":"summary_large_image","twitter_misc":{"Dur\u00e9e de lecture estim\u00e9e":"1 minute"},"schema":{"@context":"https:\/\/schema.org","@graph":[{"@type":"WebPage","@id":"https:\/\/www.aliasblindate.com\/fr\/portes-blindees\/resistance-effraction\/","url":"https:\/\/www.aliasblindate.com\/fr\/portes-blindees\/resistance-effraction\/","name":"R\u00e9sistance \u00e0 l'effraction | Alias Blindate","isPartOf":{"@id":"https:\/\/www.aliasblindate.com\/fr\/#website"},"primaryImageOfPage":{"@id":"https:\/\/www.aliasblindate.com\/fr\/portes-blindees\/resistance-effraction\/#primaryimage"},"image":{"@id":"https:\/\/www.aliasblindate.com\/fr\/portes-blindees\/resistance-effraction\/#primaryimage"},"thumbnailUrl":"https:\/\/www.aliasblindate.com\/wp-content\/uploads\/2020\/09\/header-Resistenza-alleffrazione.jpg","datePublished":"2020-06-18T16:17:07+00:00","dateModified":"2025-04-02T07:42:38+00:00","description":"Les collections Alias poss\u00e8dent des caract\u00e9ristiques techniques prouv\u00e9es avec les certifications des plus prestigieux instituts de contr\u00f4le au niveau europ\u00e9en.","breadcrumb":{"@id":"https:\/\/www.aliasblindate.com\/fr\/portes-blindees\/resistance-effraction\/#breadcrumb"},"inLanguage":"fr-FR","potentialAction":[{"@type":"ReadAction","target":["https:\/\/www.aliasblindate.com\/fr\/portes-blindees\/resistance-effraction\/"]}]},{"@type":"ImageObject","inLanguage":"fr-FR","@id":"https:\/\/www.aliasblindate.com\/fr\/portes-blindees\/resistance-effraction\/#primaryimage","url":"https:\/\/www.aliasblindate.com\/wp-content\/uploads\/2020\/09\/header-Resistenza-alleffrazione.jpg","contentUrl":"https:\/\/www.aliasblindate.com\/wp-content\/uploads\/2020\/09\/header-Resistenza-alleffrazione.jpg","width":1700,"height":1006},{"@type":"BreadcrumbList","@id":"https:\/\/www.aliasblindate.com\/fr\/portes-blindees\/resistance-effraction\/#breadcrumb","itemListElement":[{"@type":"ListItem","position":1,"name":"Home","item":"https:\/\/www.aliasblindate.com\/fr\/"},{"@type":"ListItem","position":2,"name":"Portes blind\u00e9es","item":"https:\/\/www.aliasblindate.com\/fr\/portes-blindees\/"},{"@type":"ListItem","position":3,"name":"R\u00e9sistance \u00e0 l&#8217;effraction"}]},{"@type":"WebSite","@id":"https:\/\/www.aliasblindate.com\/fr\/#website","url":"https:\/\/www.aliasblindate.com\/fr\/","name":"Alias Blindate","description":"","publisher":{"@id":"https:\/\/www.aliasblindate.com\/fr\/#organization"},"potentialAction":[{"@type":"SearchAction","target":{"@type":"EntryPoint","urlTemplate":"https:\/\/www.aliasblindate.com\/fr\/?s={search_term_string}"},"query-input":{"@type":"PropertyValueSpecification","valueRequired":true,"valueName":"search_term_string"}}],"inLanguage":"fr-FR"},{"@type":"Organization","@id":"https:\/\/www.aliasblindate.com\/fr\/#organization","name":"Alias Blindate","url":"https:\/\/www.aliasblindate.com\/fr\/","logo":{"@type":"ImageObject","inLanguage":"fr-FR","@id":"https:\/\/www.aliasblindate.com\/fr\/#\/schema\/logo\/image\/","url":"https:\/\/www.aliasblindate.com\/wp-content\/uploads\/2019\/10\/logo@2x.png","contentUrl":"https:\/\/www.aliasblindate.com\/wp-content\/uploads\/2019\/10\/logo@2x.png","width":498,"height":88,"caption":"Alias Blindate"},"image":{"@id":"https:\/\/www.aliasblindate.com\/fr\/#\/schema\/logo\/image\/"},"sameAs":["https:\/\/www.facebook.com\/aliasporteblindate","https:\/\/www.instagram.com\/alias_porte_blindate\/"]}]}},"_links":{"self":[{"href":"https:\/\/www.aliasblindate.com\/fr\/wp-json\/wp\/v2\/pages\/16055"}],"collection":[{"href":"https:\/\/www.aliasblindate.com\/fr\/wp-json\/wp\/v2\/pages"}],"about":[{"href":"https:\/\/www.aliasblindate.com\/fr\/wp-json\/wp\/v2\/types\/page"}],"author":[{"embeddable":true,"href":"https:\/\/www.aliasblindate.com\/fr\/wp-json\/wp\/v2\/users\/5"}],"replies":[{"embeddable":true,"href":"https:\/\/www.aliasblindate.com\/fr\/wp-json\/wp\/v2\/comments?post=16055"}],"version-history":[{"count":9,"href":"https:\/\/www.aliasblindate.com\/fr\/wp-json\/wp\/v2\/pages\/16055\/revisions"}],"predecessor-version":[{"id":17716,"href":"https:\/\/www.aliasblindate.com\/fr\/wp-json\/wp\/v2\/pages\/16055\/revisions\/17716"}],"up":[{"embeddable":true,"href":"https:\/\/www.aliasblindate.com\/fr\/wp-json\/wp\/v2\/pages\/15256"}],"wp:featuredmedia":[{"embeddable":true,"href":"https:\/\/www.aliasblindate.com\/fr\/wp-json\/wp\/v2\/media\/2532"}],"wp:attachment":[{"href":"https:\/\/www.aliasblindate.com\/fr\/wp-json\/wp\/v2\/media?parent=16055"}],"wp:term":[{"taxonomy":"page-category","embeddable":true,"href":"https:\/\/www.aliasblindate.com\/fr\/wp-json\/wp\/v2\/page-category?post=16055"}],"curies":[{"name":"wp","href":"https:\/\/api.w.org\/{rel}","templated":true}]}}