{"id":15972,"date":"2024-10-09T09:32:55","date_gmt":"2024-10-09T07:32:55","guid":{"rendered":"https:\/\/www.aliasblindate.com\/vega-plus\/"},"modified":"2025-04-23T09:31:07","modified_gmt":"2025-04-23T07:31:07","slug":"vega-plus","status":"publish","type":"page","link":"https:\/\/www.aliasblindate.com\/fr\/portes-blindees\/start-level\/vega-plus\/","title":{"rendered":"Vega Plus"},"content":{"rendered":"\n<section class=\"scw-title-block scw-title-block--with-menu title-wrapper has-thumb\">\n\t<div class=\"scw-title-block__menu-row\">\n\t\t<div class=\"scw-title-block__menu-title\">Cat\u00e9gorie<\/div>\n\t\t\t\t\t<div class=\"scw-title-block__menu-wrapper\">\n\t\t\t\t<div class=\"scw-title-block__menu-item\">\n\t\t\t\t\t<a href=\"#\" class=\"scw-title-block__menu-item-link scw-title-block__menu-toggle\">Vega Plus <i class=\"fa icon-down-open-big\"><\/i><\/a>\n\t\t\t\t\t<div class=\"scw-title-block__submenu\">\n\t\t\t\t\t\t\n\t\t\t\t\t\t\t<div class=\"scw-title-block__menu-item\">\n\t\t\t\t\t\t\t\t<a href=\"https:\/\/www.aliasblindate.com\/fr\/portes-blindees\/start-level\/steel-et-steel-plus\/\" class=\"scw-title-block__menu-item-link\">Steel et Steel Plus<\/a>\n\t\t\t\t\t\t\t<\/div>\n\n\t\t\t\t\t\t\t\n\t\t\t\t\t\t\t<div class=\"scw-title-block__menu-item\">\n\t\t\t\t\t\t\t\t<a href=\"https:\/\/www.aliasblindate.com\/fr\/portes-blindees\/start-level\/duo\/\" class=\"scw-title-block__menu-item-link\">Duo<\/a>\n\t\t\t\t\t\t\t<\/div>\n\n\t\t\t\t\t\t\t\n\t\t\t\t\t\t\t<div class=\"scw-title-block__menu-item\">\n\t\t\t\t\t\t\t\t<a href=\"https:\/\/www.aliasblindate.com\/fr\/portes-blindees\/start-level\/securex\/\" class=\"scw-title-block__menu-item-link\">Securex<\/a>\n\t\t\t\t\t\t\t<\/div>\n\n\t\t\t\t\t\t\t\t\t\t\t\t<\/div>\n\t\t\t\t<\/div>\n\t\t\t<\/div>\n\t\t\t\t<\/div>\n\t<div class=\"two-columns\">\n\t\t<div class=\"single-title\"><h1 class=\"scw-title\">Securex<\/div>\n\n\t\t\t\t\t<div class=\"anchor\">\n\t\t\t\t<a href=\"#start\" class=\"anchor-btn\">D\u00e9couvrez les d\u00e9tails <i class=\"fa icon-down-open\"><\/i><\/a>\n\t\t\t<\/div>\n\t\t\t<\/div>\n<\/section>\n\n<section id=\"start\" class=\"description-wrapper \">\n\t\t\t<div class=\"description\">\n\t\t\t<p>VEGA PLUS repr\u00e9sente le summum de la s\u00e9curit\u00e9 certifi\u00e9e gr\u00e2ce \u00e0 une structure renforc\u00e9e par un double om\u00e9ga central, des plaques en acier de 3 mm pour renforcer les charni\u00e8res, la serrure et les embl\u00e9matiques d\u00e9viateurs triples et inclin\u00e9s. Pour obtenir les performances maximales possibles, il faut \u00e9quiper la porte d&rsquo;un cylindre appropri\u00e9 et certifi\u00e9 pour la classe quatre. Alias propose deux \u00e9tapes\u00a0: le type A ou le type S.<\/p>\n<p><strong>Caract\u00e9ristiques\u00a0:<\/strong><\/p>\n<ul>\n<li class=\"p1\">CLASSE 4 anti-effraction EN 1627<\/li>\n<li class=\"p1\">TRANSMISSION THERMIQUE \u2013 1,45 W\/m\u00b2K<\/li>\n<li class=\"p1\">AFFAIBLISSEMENT ACOUSTIQUE \u2013 Rw: 35 dB<\/li>\n<\/ul>\n\t\t<\/div>\n\t\t<\/section>\n\n\n\n<div style=\"height:20px\" aria-hidden=\"true\" class=\"wp-block-spacer\"><\/div>\n\n\n\t<section class=\"scw-block-gallery-caption\">\n\t\t\t\t<div class=\"scw-block-gallery-caption__carousel owl-carousel owl-theme\">\n\t\t\t\t\t\t\t<div>\n\t\t\t\t\t\t\t\t\t\t\t<a class=\"dt-pswp-item scw-block-gallery-caption__link\" href=\"https:\/\/www.aliasblindate.com\/wp-content\/uploads\/2024\/10\/vegaplus1.jpg\" data-large_image_width=\"1200\" data-large_image_height=\"730\">\n\t\t\t\t\t\t\t<img loading=\"lazy\" decoding=\"async\" width=\"1200\" height=\"730\" src=\"https:\/\/www.aliasblindate.com\/wp-content\/uploads\/2024\/10\/vegaplus1.jpg\" data-src=\"https:\/\/www.aliasblindate.com\/wp-content\/uploads\/2024\/10\/vegaplus1.jpg\" class=\"owl-lazy\" srcset=\"https:\/\/www.aliasblindate.com\/wp-content\/uploads\/2024\/10\/vegaplus1.jpg 1200w, https:\/\/www.aliasblindate.com\/wp-content\/uploads\/2024\/10\/vegaplus1-300x183.jpg 300w, https:\/\/www.aliasblindate.com\/wp-content\/uploads\/2024\/10\/vegaplus1-1024x623.jpg 1024w, https:\/\/www.aliasblindate.com\/wp-content\/uploads\/2024\/10\/vegaplus1-768x467.jpg 768w\">\n\t\t\t\t\t\t<\/a>\n\t\t\t\t\t\t\t\t\t\t<div class=\"scw-block-gallery-caption__text-wrapper\">\n\t\t\t\t\t\t\t\t\t\t\t\t\t<div class=\"scw-block-gallery-caption__title\">VEGA PLUS<\/div>\n\t\t\t\t\t\t\t\t\t\t\t\t\t\t\t\t\t\t\t<div class=\"scw-block-gallery-caption__text\">Panneau lisse laqu\u00e9 RAL 7004 Poign\u00e9e Alat\u00f2 finition chrome satin\u00e9 (Design Colombo)<\/div>\n\t\t\t\t\t\t\t\t\t\t\t<\/div>\n\t\t\t\t<\/div>\n\t\t\t\t\t\t<\/div>\n\t<\/section>\n\t\n\n\t<section class=\"features-reverse\">\n\t\t\t\t\t\t\t\t<div class=\"two-columns\">\n\t\t\t\t<div class=\"feature-text\">\n\t\t\t\t\t<div class=\"feature-title scw-title\">VEGA PLUS<\/div>\n\t\t\t\t\t<div class=\"feature-description\"><p>STRUCTURE INTERNE DES PORTES<\/p>\n<\/div>\n\t\t\t\t<\/div>\n\t\t\t\t<div class=\"feature-gallery\">\n\t\t\t\t\t\t<div class=\"gallery-carousel owl-carousel owl-theme\">\n\t\t\t\t\t<a class=\"dt-pswp-item\" href=\"https:\/\/www.aliasblindate.com\/wp-content\/uploads\/2024\/10\/vegaschema.jpg\" data-large_image_width=\"806\" data-large_image_height=\"850\">\n\t\t\t\t<img loading=\"lazy\" decoding=\"async\" width=\"650\" height=\"380\" src=\"https:\/\/www.aliasblindate.com\/wp-content\/uploads\/2024\/10\/vegaschema-650x380.jpg\" data-src=\"https:\/\/www.aliasblindate.com\/wp-content\/uploads\/2024\/10\/vegaschema-650x380.jpg\" class=\"owl-lazy\" srcset=\"\">\n\t\t\t<\/a>\n\t\t\t\t<\/div>\n\t\t\t\t\t\t<p class=\"mobile-only gallery-advice\"><em>Clicca per ingrandire<\/em><\/p>\n\t\t\t\t<\/div>\n\t\t\t<\/div>\n\t\t\t\t\t\t\t\t<div class=\"two-columns\">\n\t\t\t\t<div class=\"feature-text\">\n\t\t\t\t\t<div class=\"feature-title scw-title\">AEROGEL<\/div>\n\t\t\t\t\t<div class=\"feature-description\"><p>EN INS\u00c9RANT L&rsquo;AEROGEL, VOUS POUVEZ REDUIRE LA VALEUR DE TRASMISSION THERMIQUE DE 0,3 W\/m\u00b2K<\/p>\n<\/div>\n\t\t\t\t<\/div>\n\t\t\t\t<div class=\"feature-gallery\">\n\t\t\t\t\t\t<div class=\"gallery-carousel owl-carousel owl-theme\">\n\t\t\t\t\t<a class=\"dt-pswp-item\" href=\"https:\/\/www.aliasblindate.com\/wp-content\/uploads\/2024\/10\/earogel.jpg\" data-large_image_width=\"390\" data-large_image_height=\"700\">\n\t\t\t\t<img loading=\"lazy\" decoding=\"async\" width=\"390\" height=\"380\" src=\"https:\/\/www.aliasblindate.com\/wp-content\/uploads\/2024\/10\/earogel-390x380.jpg\" data-src=\"https:\/\/www.aliasblindate.com\/wp-content\/uploads\/2024\/10\/earogel-390x380.jpg\" class=\"owl-lazy\" srcset=\"\">\n\t\t\t<\/a>\n\t\t\t\t<\/div>\n\t\t\t\t\t\t<p class=\"mobile-only gallery-advice\"><em>Clicca per ingrandire<\/em><\/p>\n\t\t\t\t<\/div>\n\t\t\t<\/div>\n\t\t\t\t\t\t\t\t<div class=\"two-columns\">\n\t\t\t\t<div class=\"feature-text\">\n\t\t\t\t\t<div class=\"feature-title scw-title\">CYLINDRE TYPE S AP4 S<\/div>\n\t\t\t\t\t<div class=\"feature-description\"><p>CARACT\u00c9RISTIQUES TECHNIQUES<\/p>\n<ul>\n<li>Syst\u00e8me de contr\u00f4le \u00e0 12 pions (6 actifs, 5 passifs, 1 pivot brevet\u00e9).<\/li>\n<li>Corps en laiton avec sachet lamellaire sur toute la longueur du cylindre (\u00e0 l&rsquo;exclusion d&rsquo;un demi-cylindre, de cylindres divers et \u00e0 appliquer).<\/li>\n<li>Cylindres en laiton.<\/li>\n<li>Came \u00e0 friction DIN en acier fritt\u00e9 autolubrifiant.<\/li>\n<li>Pivots et contre-pivots en acier c\u00e9ment\u00e9.<\/li>\n<li>Ressorts en bronze phosphoreux et acier.<\/li>\n<li>100\u00a0000 cycles (conforme \u00e0 la norme EN 1303\u00a0: 2015 \u2013 Durabilit\u00e9 \u2013 dur\u00e9e \u2013 Grade 6).<\/li>\n<\/ul>\n<\/div>\n\t\t\t\t<\/div>\n\t\t\t\t<div class=\"feature-gallery\">\n\t\t\t\t\t\t<div class=\"gallery-carousel owl-carousel owl-theme\">\n\t\t\t\t\t<a class=\"dt-pswp-item\" href=\"https:\/\/www.aliasblindate.com\/wp-content\/uploads\/2024\/10\/Chiave-cilindro-tessera.jpg.thumb_.395.395-1.jpg\" data-large_image_width=\"656\" data-large_image_height=\"656\">\n\t\t\t\t<img loading=\"lazy\" decoding=\"async\" width=\"650\" height=\"380\" src=\"https:\/\/www.aliasblindate.com\/wp-content\/uploads\/2024\/10\/Chiave-cilindro-tessera.jpg.thumb_.395.395-1-650x380.jpg\" data-src=\"https:\/\/www.aliasblindate.com\/wp-content\/uploads\/2024\/10\/Chiave-cilindro-tessera.jpg.thumb_.395.395-1-650x380.jpg\" class=\"owl-lazy\" srcset=\"\">\n\t\t\t<\/a>\n\t\t\t\t<\/div>\n\t\t\t\t\t\t<p class=\"mobile-only gallery-advice\"><em>Clicca per ingrandire<\/em><\/p>\n\t\t\t\t<\/div>\n\t\t\t<\/div>\n\t\t\t\t\t\t\t\t<div class=\"two-columns\">\n\t\t\t\t<div class=\"feature-text\">\n\t\t\t\t\t<div class=\"feature-title scw-title\">CYLINDRE TYPE A ASTRAL TEKNO PRO<\/div>\n\t\t\t\t\t<div class=\"feature-description\"><p>CARACT\u00c9RISTIQUES TECHNIQUES DU CYLINDRE<\/p>\n<ul>\n<li>Syst\u00e8mes de chiffrement \u00e0 10 pivots (6 actifs, 4 passifs).<\/li>\n<li>Corps en laiton.<\/li>\n<li>Cylindres en laiton.<\/li>\n<li>Came frictionn\u00e9e en acier fritt\u00e9 autolubrifiant DIN.<\/li>\n<li>Pivots en acier ciment\u00e9.<\/li>\n<li>Contre-pivots en acier tremp\u00e9 \u00e0 forme variable.<\/li>\n<li>Double pivot lat\u00e9rale en acier, de contr\u00f4le.<\/li>\n<li>Ressorts en bronze phosphoreux et acier.<\/li>\n<li>100\u00a0000 cycles (conforme \u00e0 la norme EN1303\u00a0: 2015)<\/li>\n<\/ul>\n<\/div>\n\t\t\t\t<\/div>\n\t\t\t\t<div class=\"feature-gallery\">\n\t\t\t\t\t\t<div class=\"gallery-carousel owl-carousel owl-theme\">\n\t\t\t\t\t<a class=\"dt-pswp-item\" href=\"https:\/\/www.aliasblindate.com\/wp-content\/uploads\/2024\/10\/TeknoPro-Cilindro.jpg.thumb_.395.395-1.jpg\" data-large_image_width=\"656\" data-large_image_height=\"656\">\n\t\t\t\t<img loading=\"lazy\" decoding=\"async\" width=\"650\" height=\"380\" src=\"https:\/\/www.aliasblindate.com\/wp-content\/uploads\/2024\/10\/TeknoPro-Cilindro.jpg.thumb_.395.395-1-650x380.jpg\" data-src=\"https:\/\/www.aliasblindate.com\/wp-content\/uploads\/2024\/10\/TeknoPro-Cilindro.jpg.thumb_.395.395-1-650x380.jpg\" class=\"owl-lazy\" srcset=\"\">\n\t\t\t<\/a>\n\t\t\t\t<\/div>\n\t\t\t\t\t\t<p class=\"mobile-only gallery-advice\"><em>Clicca per ingrandire<\/em><\/p>\n\t\t\t\t<\/div>\n\t\t\t<\/div>\n\t\t\t<\/section>\n\t\n\n\n<p><\/p>\n","protected":false},"excerpt":{"rendered":"","protected":false},"author":5,"featured_media":15973,"parent":15987,"menu_order":3,"comment_status":"closed","ping_status":"closed","template":"","meta":{"footnotes":""},"page-category":[93],"acf":[],"yoast_head":"<!-- This site is optimized with the Yoast SEO plugin v23.5 - https:\/\/yoast.com\/wordpress\/plugins\/seo\/ -->\n<title>Vega Plus | Alias Blindate<\/title>\n<meta name=\"robots\" content=\"index, follow, max-snippet:-1, max-image-preview:large, max-video-preview:-1\" \/>\n<link rel=\"canonical\" href=\"https:\/\/www.aliasblindate.com\/fr\/portes-blindees\/start-level\/vega-plus\/\" \/>\n<meta property=\"og:locale\" content=\"fr_FR\" \/>\n<meta property=\"og:type\" content=\"article\" \/>\n<meta property=\"og:title\" content=\"Vega Plus | Alias Blindate\" \/>\n<meta property=\"og:url\" content=\"https:\/\/www.aliasblindate.com\/fr\/portes-blindees\/start-level\/vega-plus\/\" \/>\n<meta property=\"og:site_name\" content=\"Alias Blindate\" \/>\n<meta property=\"article:publisher\" content=\"https:\/\/www.facebook.com\/aliasporteblindate\" \/>\n<meta property=\"article:modified_time\" content=\"2025-04-23T07:31:07+00:00\" \/>\n<meta property=\"og:image\" content=\"https:\/\/www.aliasblindate.com\/wp-content\/uploads\/2024\/10\/vegaplus-head.jpg\" \/>\n\t<meta property=\"og:image:width\" content=\"1650\" \/>\n\t<meta property=\"og:image:height\" content=\"590\" \/>\n\t<meta property=\"og:image:type\" content=\"image\/jpeg\" \/>\n<meta name=\"twitter:card\" content=\"summary_large_image\" \/>\n<meta name=\"twitter:label1\" content=\"Dur\u00e9e de lecture estim\u00e9e\" \/>\n\t<meta name=\"twitter:data1\" content=\"1 minute\" \/>\n<script type=\"application\/ld+json\" class=\"yoast-schema-graph\">{\"@context\":\"https:\/\/schema.org\",\"@graph\":[{\"@type\":\"WebPage\",\"@id\":\"https:\/\/www.aliasblindate.com\/fr\/portes-blindees\/start-level\/vega-plus\/\",\"url\":\"https:\/\/www.aliasblindate.com\/fr\/portes-blindees\/start-level\/vega-plus\/\",\"name\":\"Vega Plus | Alias Blindate\",\"isPartOf\":{\"@id\":\"https:\/\/www.aliasblindate.com\/fr\/#website\"},\"primaryImageOfPage\":{\"@id\":\"https:\/\/www.aliasblindate.com\/fr\/portes-blindees\/start-level\/vega-plus\/#primaryimage\"},\"image\":{\"@id\":\"https:\/\/www.aliasblindate.com\/fr\/portes-blindees\/start-level\/vega-plus\/#primaryimage\"},\"thumbnailUrl\":\"https:\/\/www.aliasblindate.com\/wp-content\/uploads\/2024\/10\/vegaplus-head.jpg\",\"datePublished\":\"2024-10-09T07:32:55+00:00\",\"dateModified\":\"2025-04-23T07:31:07+00:00\",\"breadcrumb\":{\"@id\":\"https:\/\/www.aliasblindate.com\/fr\/portes-blindees\/start-level\/vega-plus\/#breadcrumb\"},\"inLanguage\":\"fr-FR\",\"potentialAction\":[{\"@type\":\"ReadAction\",\"target\":[\"https:\/\/www.aliasblindate.com\/fr\/portes-blindees\/start-level\/vega-plus\/\"]}]},{\"@type\":\"ImageObject\",\"inLanguage\":\"fr-FR\",\"@id\":\"https:\/\/www.aliasblindate.com\/fr\/portes-blindees\/start-level\/vega-plus\/#primaryimage\",\"url\":\"https:\/\/www.aliasblindate.com\/wp-content\/uploads\/2024\/10\/vegaplus-head.jpg\",\"contentUrl\":\"https:\/\/www.aliasblindate.com\/wp-content\/uploads\/2024\/10\/vegaplus-head.jpg\",\"width\":1650,\"height\":590},{\"@type\":\"BreadcrumbList\",\"@id\":\"https:\/\/www.aliasblindate.com\/fr\/portes-blindees\/start-level\/vega-plus\/#breadcrumb\",\"itemListElement\":[{\"@type\":\"ListItem\",\"position\":1,\"name\":\"Home\",\"item\":\"https:\/\/www.aliasblindate.com\/fr\/\"},{\"@type\":\"ListItem\",\"position\":2,\"name\":\"Portes blind\u00e9es\",\"item\":\"https:\/\/www.aliasblindate.com\/fr\/portes-blindees\/\"},{\"@type\":\"ListItem\",\"position\":3,\"name\":\"Portes avec paumelles visibles\",\"item\":\"https:\/\/www.aliasblindate.com\/fr\/portes-blindees\/start-level\/\"},{\"@type\":\"ListItem\",\"position\":4,\"name\":\"Vega Plus\"}]},{\"@type\":\"WebSite\",\"@id\":\"https:\/\/www.aliasblindate.com\/fr\/#website\",\"url\":\"https:\/\/www.aliasblindate.com\/fr\/\",\"name\":\"Alias Blindate\",\"description\":\"\",\"publisher\":{\"@id\":\"https:\/\/www.aliasblindate.com\/fr\/#organization\"},\"potentialAction\":[{\"@type\":\"SearchAction\",\"target\":{\"@type\":\"EntryPoint\",\"urlTemplate\":\"https:\/\/www.aliasblindate.com\/fr\/?s={search_term_string}\"},\"query-input\":{\"@type\":\"PropertyValueSpecification\",\"valueRequired\":true,\"valueName\":\"search_term_string\"}}],\"inLanguage\":\"fr-FR\"},{\"@type\":\"Organization\",\"@id\":\"https:\/\/www.aliasblindate.com\/fr\/#organization\",\"name\":\"Alias Blindate\",\"url\":\"https:\/\/www.aliasblindate.com\/fr\/\",\"logo\":{\"@type\":\"ImageObject\",\"inLanguage\":\"fr-FR\",\"@id\":\"https:\/\/www.aliasblindate.com\/fr\/#\/schema\/logo\/image\/\",\"url\":\"https:\/\/www.aliasblindate.com\/wp-content\/uploads\/2019\/10\/logo@2x.png\",\"contentUrl\":\"https:\/\/www.aliasblindate.com\/wp-content\/uploads\/2019\/10\/logo@2x.png\",\"width\":498,\"height\":88,\"caption\":\"Alias Blindate\"},\"image\":{\"@id\":\"https:\/\/www.aliasblindate.com\/fr\/#\/schema\/logo\/image\/\"},\"sameAs\":[\"https:\/\/www.facebook.com\/aliasporteblindate\",\"https:\/\/www.instagram.com\/alias_porte_blindate\/\"]}]}<\/script>\n<!-- \/ Yoast SEO plugin. -->","yoast_head_json":{"title":"Vega Plus | Alias Blindate","robots":{"index":"index","follow":"follow","max-snippet":"max-snippet:-1","max-image-preview":"max-image-preview:large","max-video-preview":"max-video-preview:-1"},"canonical":"https:\/\/www.aliasblindate.com\/fr\/portes-blindees\/start-level\/vega-plus\/","og_locale":"fr_FR","og_type":"article","og_title":"Vega Plus | Alias Blindate","og_url":"https:\/\/www.aliasblindate.com\/fr\/portes-blindees\/start-level\/vega-plus\/","og_site_name":"Alias Blindate","article_publisher":"https:\/\/www.facebook.com\/aliasporteblindate","article_modified_time":"2025-04-23T07:31:07+00:00","og_image":[{"width":1650,"height":590,"url":"https:\/\/www.aliasblindate.com\/wp-content\/uploads\/2024\/10\/vegaplus-head.jpg","type":"image\/jpeg"}],"twitter_card":"summary_large_image","twitter_misc":{"Dur\u00e9e de lecture estim\u00e9e":"1 minute"},"schema":{"@context":"https:\/\/schema.org","@graph":[{"@type":"WebPage","@id":"https:\/\/www.aliasblindate.com\/fr\/portes-blindees\/start-level\/vega-plus\/","url":"https:\/\/www.aliasblindate.com\/fr\/portes-blindees\/start-level\/vega-plus\/","name":"Vega Plus | Alias Blindate","isPartOf":{"@id":"https:\/\/www.aliasblindate.com\/fr\/#website"},"primaryImageOfPage":{"@id":"https:\/\/www.aliasblindate.com\/fr\/portes-blindees\/start-level\/vega-plus\/#primaryimage"},"image":{"@id":"https:\/\/www.aliasblindate.com\/fr\/portes-blindees\/start-level\/vega-plus\/#primaryimage"},"thumbnailUrl":"https:\/\/www.aliasblindate.com\/wp-content\/uploads\/2024\/10\/vegaplus-head.jpg","datePublished":"2024-10-09T07:32:55+00:00","dateModified":"2025-04-23T07:31:07+00:00","breadcrumb":{"@id":"https:\/\/www.aliasblindate.com\/fr\/portes-blindees\/start-level\/vega-plus\/#breadcrumb"},"inLanguage":"fr-FR","potentialAction":[{"@type":"ReadAction","target":["https:\/\/www.aliasblindate.com\/fr\/portes-blindees\/start-level\/vega-plus\/"]}]},{"@type":"ImageObject","inLanguage":"fr-FR","@id":"https:\/\/www.aliasblindate.com\/fr\/portes-blindees\/start-level\/vega-plus\/#primaryimage","url":"https:\/\/www.aliasblindate.com\/wp-content\/uploads\/2024\/10\/vegaplus-head.jpg","contentUrl":"https:\/\/www.aliasblindate.com\/wp-content\/uploads\/2024\/10\/vegaplus-head.jpg","width":1650,"height":590},{"@type":"BreadcrumbList","@id":"https:\/\/www.aliasblindate.com\/fr\/portes-blindees\/start-level\/vega-plus\/#breadcrumb","itemListElement":[{"@type":"ListItem","position":1,"name":"Home","item":"https:\/\/www.aliasblindate.com\/fr\/"},{"@type":"ListItem","position":2,"name":"Portes blind\u00e9es","item":"https:\/\/www.aliasblindate.com\/fr\/portes-blindees\/"},{"@type":"ListItem","position":3,"name":"Portes avec paumelles visibles","item":"https:\/\/www.aliasblindate.com\/fr\/portes-blindees\/start-level\/"},{"@type":"ListItem","position":4,"name":"Vega Plus"}]},{"@type":"WebSite","@id":"https:\/\/www.aliasblindate.com\/fr\/#website","url":"https:\/\/www.aliasblindate.com\/fr\/","name":"Alias Blindate","description":"","publisher":{"@id":"https:\/\/www.aliasblindate.com\/fr\/#organization"},"potentialAction":[{"@type":"SearchAction","target":{"@type":"EntryPoint","urlTemplate":"https:\/\/www.aliasblindate.com\/fr\/?s={search_term_string}"},"query-input":{"@type":"PropertyValueSpecification","valueRequired":true,"valueName":"search_term_string"}}],"inLanguage":"fr-FR"},{"@type":"Organization","@id":"https:\/\/www.aliasblindate.com\/fr\/#organization","name":"Alias Blindate","url":"https:\/\/www.aliasblindate.com\/fr\/","logo":{"@type":"ImageObject","inLanguage":"fr-FR","@id":"https:\/\/www.aliasblindate.com\/fr\/#\/schema\/logo\/image\/","url":"https:\/\/www.aliasblindate.com\/wp-content\/uploads\/2019\/10\/logo@2x.png","contentUrl":"https:\/\/www.aliasblindate.com\/wp-content\/uploads\/2019\/10\/logo@2x.png","width":498,"height":88,"caption":"Alias Blindate"},"image":{"@id":"https:\/\/www.aliasblindate.com\/fr\/#\/schema\/logo\/image\/"},"sameAs":["https:\/\/www.facebook.com\/aliasporteblindate","https:\/\/www.instagram.com\/alias_porte_blindate\/"]}]}},"_links":{"self":[{"href":"https:\/\/www.aliasblindate.com\/fr\/wp-json\/wp\/v2\/pages\/15972"}],"collection":[{"href":"https:\/\/www.aliasblindate.com\/fr\/wp-json\/wp\/v2\/pages"}],"about":[{"href":"https:\/\/www.aliasblindate.com\/fr\/wp-json\/wp\/v2\/types\/page"}],"author":[{"embeddable":true,"href":"https:\/\/www.aliasblindate.com\/fr\/wp-json\/wp\/v2\/users\/5"}],"replies":[{"embeddable":true,"href":"https:\/\/www.aliasblindate.com\/fr\/wp-json\/wp\/v2\/comments?post=15972"}],"version-history":[{"count":17,"href":"https:\/\/www.aliasblindate.com\/fr\/wp-json\/wp\/v2\/pages\/15972\/revisions"}],"predecessor-version":[{"id":17895,"href":"https:\/\/www.aliasblindate.com\/fr\/wp-json\/wp\/v2\/pages\/15972\/revisions\/17895"}],"up":[{"embeddable":true,"href":"https:\/\/www.aliasblindate.com\/fr\/wp-json\/wp\/v2\/pages\/15987"}],"wp:featuredmedia":[{"embeddable":true,"href":"https:\/\/www.aliasblindate.com\/fr\/wp-json\/wp\/v2\/media\/15973"}],"wp:attachment":[{"href":"https:\/\/www.aliasblindate.com\/fr\/wp-json\/wp\/v2\/media?parent=15972"}],"wp:term":[{"taxonomy":"page-category","embeddable":true,"href":"https:\/\/www.aliasblindate.com\/fr\/wp-json\/wp\/v2\/page-category?post=15972"}],"curies":[{"name":"wp","href":"https:\/\/api.w.org\/{rel}","templated":true}]}}