{"id":15920,"date":"2024-10-09T10:07:48","date_gmt":"2024-10-09T08:07:48","guid":{"rendered":"https:\/\/www.aliasblindate.com\/portes-blindees\/taglio-termico\/"},"modified":"2025-04-22T11:45:51","modified_gmt":"2025-04-22T09:45:51","slug":"coupure-thermique","status":"publish","type":"page","link":"https:\/\/www.aliasblindate.com\/fr\/portes-blindees\/coupure-thermique\/","title":{"rendered":"Rupture \u00e0 pont thermique &#8211; pour des \u00e9conomies d&rsquo;\u00e9nergie au top"},"content":{"rendered":"\n<section class=\"scw-title-block scw-title-block--with-menu title-wrapper has-thumb\">\n\t<div class=\"scw-title-block__menu-row\">\n\t\t<div class=\"scw-title-block__menu-title\">Cat\u00e9gorie<\/div>\n\t\t\t\t\t<div class=\"scw-title-block__menu-wrapper\">\n\t\t\t\t<div class=\"scw-title-block__menu-item\">\n\t\t\t\t\t<a href=\"#\" class=\"scw-title-block__menu-item-link scw-title-block__menu-toggle\">Rupture \u00e0 pont thermique &#8211; pour des \u00e9conomies d&rsquo;\u00e9nergie au top <i class=\"fa icon-down-open-big\"><\/i><\/a>\n\t\t\t\t\t<div class=\"scw-title-block__submenu\">\n\t\t\t\t\t\t\n\t\t\t\t\t\t\t<div class=\"scw-title-block__menu-item\">\n\t\t\t\t\t\t\t\t<a href=\"https:\/\/www.aliasblindate.com\/fr\/portes-blindees\/slalom\/\" class=\"scw-title-block__menu-item-link\">Slalom &#8211; la porte pivotante d&rsquo;Alias<\/a>\n\t\t\t\t\t\t\t<\/div>\n\n\t\t\t\t\t\t\t\n\t\t\t\t\t\t\t<div class=\"scw-title-block__menu-item\">\n\t\t\t\t\t\t\t\t<a href=\"https:\/\/www.aliasblindate.com\/fr\/portes-blindees\/portes-affleurantes-dinterieur\/le-monde-wing\/\" class=\"scw-title-block__menu-item-link\">Le Monde Wing \u2013 la porte affleurante, et pas seulement<\/a>\n\t\t\t\t\t\t\t<\/div>\n\n\t\t\t\t\t\t\t\n\t\t\t\t\t\t\t<div class=\"scw-title-block__menu-item\">\n\t\t\t\t\t\t\t\t<a href=\"https:\/\/www.aliasblindate.com\/fr\/portes-blindees\/i-modelli-plate\/\" class=\"scw-title-block__menu-item-link\">Les mod\u00e8les Plate &#8211; affleurement parfait entre battant et cadre<\/a>\n\t\t\t\t\t\t\t<\/div>\n\n\t\t\t\t\t\t\t\n\t\t\t\t\t\t\t<div class=\"scw-title-block__menu-item\">\n\t\t\t\t\t\t\t\t<a href=\"https:\/\/www.aliasblindate.com\/fr\/portes-blindees\/panic-room-pour-dormir-paisiblement\/\" class=\"scw-title-block__menu-item-link\">Panic Room &#8211; pour dormir paisiblement<\/a>\n\t\t\t\t\t\t\t<\/div>\n\n\t\t\t\t\t\t\t\n\t\t\t\t\t\t\t<div class=\"scw-title-block__menu-item\">\n\t\t\t\t\t\t\t\t<a href=\"https:\/\/www.aliasblindate.com\/fr\/portes-blindees\/start-level\/\" class=\"scw-title-block__menu-item-link\">Portes avec paumelles visibles<\/a>\n\t\t\t\t\t\t\t<\/div>\n\n\t\t\t\t\t\t\t\n\t\t\t\t\t\t\t<div class=\"scw-title-block__menu-item\">\n\t\t\t\t\t\t\t\t<a href=\"https:\/\/www.aliasblindate.com\/fr\/portes-blindees\/absolute\/\" class=\"scw-title-block__menu-item-link\">Portes avec paumelles invisibles\u00a0<\/a>\n\t\t\t\t\t\t\t<\/div>\n\n\t\t\t\t\t\t\t\t\t\t\t\t<\/div>\n\t\t\t\t<\/div>\n\t\t\t<\/div>\n\t\t\t\t<\/div>\n\t<div class=\"two-columns\">\n\t\t<div class=\"single-title\"><h1 class=\"scw-title\">Portes avec paumelles invisibles\u00a0<\/div>\n\n\t\t\t\t\t<div class=\"anchor\">\n\t\t\t\t<a href=\"#start\" class=\"anchor-btn\">D\u00e9couvrez les d\u00e9tails <i class=\"fa icon-down-open\"><\/i><\/a>\n\t\t\t<\/div>\n\t\t\t<\/div>\n<\/section>\n\n<section id=\"start\" class=\"description-wrapper \">\n\t\t\t<div class=\"description\">\n\t\t\t<h4><strong>Portes de s\u00e9curit\u00e9 \u00e0 rupture de pont thermique avec charni\u00e8res visibles &lsquo;Steel&rsquo; et &lsquo;Duo&rsquo; ou charni\u00e8res cach\u00e9es &lsquo;Silver&rsquo; et &lsquo;Double&rsquo;.<\/strong><\/h4>\n<p>Les grands th\u00e8mes de l&rsquo;<strong>\u00e9conomie d&rsquo;\u00e9nergie<\/strong> et des d\u00e9ductions fiscales centr\u00e9s sur le th\u00e8me plus vaste de l\u2019environnement, conditionnent de plus en plus, et continueront de conditionner, les <strong>choix des mat\u00e9riaux de fabrication<\/strong> dans le secteur du b\u00e2timent civil. Portes d\u2019entr\u00e9e incluses. En effet, si d\u2019une part les mat\u00e9riaux m\u00e9talliques dont ils sont constitu\u00e9s sont n\u00e9cessaires pour les performances anti-effraction, ils favorisent par ailleurs le flux d&rsquo;\u00e9nergie de la temp\u00e9rature la plus \u00e9lev\u00e9e \u00e0 la temp\u00e9rature la moins \u00e9lev\u00e9e, entra\u00eenant une perte de chaleur.<\/p>\n<p>Comment pouvez-vous faire de l\u2019enveloppe de votre maison une \u00ab\u00a0machine\u00a0\u00bb de plus en plus performante capable de r\u00e9pondre aux besoins d&rsquo;une architecture contemporaine\u00a0? C&rsquo;est ainsi que le d\u00e9partement \u00ab\u00a0R&amp;D\u00a0\u00bb d\u2019Alias a brevet\u00e9 une <strong>nouvelle g\u00e9n\u00e9ration<\/strong> de <strong>portes blind\u00e9es<\/strong> capables de r\u00e9duire au minimum les \u00e9changes thermiques entre deux pi\u00e8ces, sans affecter leur conception. La valeur de <strong>transmission thermique<\/strong> obtenue est environ 3 fois inf\u00e9rieure \u00e0 celle d&rsquo;une structure blind\u00e9e standard.<\/p>\n<p>\u00ab\u00a0<strong>THERMAL<\/strong>\u00a0\u00bb, en particulier, atteint une valeur certifi\u00e9e de 0,8\u00a0W\/(M2.K) et permet de placer votre maison dans une classe \u00e9nerg\u00e9tique tr\u00e8s \u00e9lev\u00e9e. En trois mots, la solution brevet\u00e9e par Alias\u00a0: #\u00e9co-durabilit\u00e9 #isolationthermique #\u00e9conomied\u00e9nergie. Les <strong>solutions \u00e0 rupture \u00e0 pont thermique<\/strong> sont \u00e9galement disponibles dans les versions \u00e0 dessus fixe en verre ou \u00e0 flancs l\u00e9gers avec des verres de 50 mm. Ce sont g\u00e9n\u00e9ralement des configurations pour des portes donnant sur l&rsquo;ext\u00e9rieur et n\u00e9cessitant des valeurs thermiques extr\u00eamement basses avec la garantie qu&rsquo;aucune condensation ne se forme \u00e0 l&rsquo;int\u00e9rieur de la maison.<\/p>\n<p>Pour atteindre les performances les plus \u00e9lev\u00e9es, l\u2019isolation thermique d&rsquo;une habitation ne peut pas ignorer les soi-disant <strong>\u00ab\u00a0ponts thermiques\u00a0\u00bb<\/strong> qui se forment sur les portes blind\u00e9es d\u2019entr\u00e9e \u00e0 proximit\u00e9 des mat\u00e9riaux \u00e0 profil continu. Si, d&rsquo;une part, les mat\u00e9riaux m\u00e9talliques avec lesquels une porte est construite sont n\u00e9cessaires pour les performances anti-effraction, d&rsquo;autre part ils favorisent le <strong>flux d&rsquo;\u00e9nergie<\/strong> circulant de la temp\u00e9rature la plus \u00e9lev\u00e9e \u00e0 la temp\u00e9rature la moins \u00e9lev\u00e9e, ce qui entra\u00eene la formation de condensation g\u00e9n\u00e9ralement visible sur le ch\u00e2ssis et, dans les pires cas, m\u00eame de <strong>moisissures<\/strong>. C&rsquo;est pourquoi le d\u00e9partement de Recherche et D\u00e9veloppement d\u2019Alias a con\u00e7u une nouvelle g\u00e9n\u00e9ration de portes blind\u00e9es totalement \u00e0 rupture de pont thermique, <strong>sans affecter le design de la porte et en conservant les m\u00eames encombrements.<\/strong><\/p>\n\t\t<\/div>\n\t\t<\/section>\n\n\n\t<section class=\"scw-block-gallery-caption\">\n\t\t\t\t<div class=\"scw-block-gallery-caption__carousel owl-carousel owl-theme\">\n\t\t\t\t\t\t\t<div>\n\t\t\t\t\t\t\t\t\t\t\t<a class=\"dt-pswp-item scw-block-gallery-caption__link\" href=\"https:\/\/www.aliasblindate.com\/wp-content\/uploads\/2024\/10\/termico2.jpg\" data-large_image_width=\"1200\" data-large_image_height=\"730\">\n\t\t\t\t\t\t\t<img loading=\"lazy\" decoding=\"async\" width=\"1200\" height=\"730\" src=\"https:\/\/www.aliasblindate.com\/wp-content\/uploads\/2024\/10\/termico2.jpg\" data-src=\"https:\/\/www.aliasblindate.com\/wp-content\/uploads\/2024\/10\/termico2.jpg\" class=\"owl-lazy\" srcset=\"https:\/\/www.aliasblindate.com\/wp-content\/uploads\/2024\/10\/termico2.jpg 1200w, https:\/\/www.aliasblindate.com\/wp-content\/uploads\/2024\/10\/termico2-300x183.jpg 300w, https:\/\/www.aliasblindate.com\/wp-content\/uploads\/2024\/10\/termico2-1024x623.jpg 1024w, https:\/\/www.aliasblindate.com\/wp-content\/uploads\/2024\/10\/termico2-768x467.jpg 768w\">\n\t\t\t\t\t\t<\/a>\n\t\t\t\t\t\t\t\t\t\t<div class=\"scw-block-gallery-caption__text-wrapper\">\n\t\t\t\t\t\t\t\t\t\t\t\t\t<div class=\"scw-block-gallery-caption__title\">THERMAL<\/div>\n\t\t\t\t\t\t\t\t\t\t\t\t\t\t\t\t\t\t\t<div class=\"scw-block-gallery-caption__text\">Panneau Listen 1, en ch\u00eane weng\u00e9, avec clavier motoris\u00e9 Smart. Poign\u00e9e fixe et d\u00e9fense carr\u00e9e finition chrom\u00e9 satin\u00e9.<\/div>\n\t\t\t\t\t\t\t\t\t\t\t<\/div>\n\t\t\t\t<\/div>\n\t\t\t\t\t\t\t\t<div>\n\t\t\t\t\t\t\t\t\t\t\t<a class=\"dt-pswp-item scw-block-gallery-caption__link\" href=\"https:\/\/www.aliasblindate.com\/wp-content\/uploads\/2024\/10\/termico3.jpg\" data-large_image_width=\"1200\" data-large_image_height=\"730\">\n\t\t\t\t\t\t\t<img loading=\"lazy\" decoding=\"async\" width=\"1200\" height=\"730\" src=\"https:\/\/www.aliasblindate.com\/wp-content\/uploads\/2024\/10\/termico3.jpg\" data-src=\"https:\/\/www.aliasblindate.com\/wp-content\/uploads\/2024\/10\/termico3.jpg\" class=\"owl-lazy\" srcset=\"https:\/\/www.aliasblindate.com\/wp-content\/uploads\/2024\/10\/termico3.jpg 1200w, https:\/\/www.aliasblindate.com\/wp-content\/uploads\/2024\/10\/termico3-300x183.jpg 300w, https:\/\/www.aliasblindate.com\/wp-content\/uploads\/2024\/10\/termico3-1024x623.jpg 1024w, https:\/\/www.aliasblindate.com\/wp-content\/uploads\/2024\/10\/termico3-768x467.jpg 768w\">\n\t\t\t\t\t\t<\/a>\n\t\t\t\t\t\t\t\t\t\t<div class=\"scw-block-gallery-caption__text-wrapper\">\n\t\t\t\t\t\t\t\t\t\t\t\t\t<div class=\"scw-block-gallery-caption__title\">THERMAL<\/div>\n\t\t\t\t\t\t\t\t\t\t\t\t\t\t\t\t\t\t\t<div class=\"scw-block-gallery-caption__text\">Panneau Listen 1, laqu\u00e9 RAL 7001, avec clavier motoris\u00e9 Smart et imposte lat\u00e9rale. Poign\u00e9e fixe et d\u00e9fense carr\u00e9e finition chrom\u00e9 satin\u00e9.<\/div>\n\t\t\t\t\t\t\t\t\t\t\t<\/div>\n\t\t\t\t<\/div>\n\t\t\t\t\t\t<\/div>\n\t<\/section>\n\t\n\n\t<section class=\"features-reverse\">\n\t\t\t\t\t\t\t\t<div class=\"two-columns\">\n\t\t\t\t<div class=\"feature-text\">\n\t\t\t\t\t<div class=\"feature-title scw-title\">Les mod\u00e8les Thermal et Isola:<\/div>\n\t\t\t\t\t<div class=\"feature-description\"><p class=\"p1\"><strong>Thermal\u00a0STEEL et SILVER<\/strong><\/p>\n<ul>\n<li class=\"p1\">CLASSE 3 anti-effraction UNI-EN 1627<\/li>\n<li class=\"p1\">TRANSMISSION THERMIQUE \u2013 0,8 W\/(m2K)<\/li>\n<li class=\"p1\">R\u00c9DUCTION DU BRUIT \u2013 40 dB<\/li>\n<\/ul>\n<p><strong>Thermal DUO et DOUBLE<\/strong><\/p>\n<ul>\n<li class=\"p1\">CLASSE 3 anti-effraction UNI-EN 1627<\/li>\n<li class=\"p1\">TRANSMISSION THERMIQUE \u2013 1,14 W\/(m2K)<\/li>\n<li class=\"p1\">R\u00c9DUCTION DU BRUIT \u2013 36 dB<\/li>\n<\/ul>\n<p><strong>Isola STEEL e SILVER<\/strong><\/p>\n<ul>\n<li class=\"p1\">CLASSE 3 anti-effraction UNI-EN 1627<\/li>\n<li class=\"p1\">TRANSMISSION THERMIQUE \u2013 1,00 W\/(m2K)<\/li>\n<li class=\"p1\">R\u00c9DUCTION DU BRUIT \u2013 40 dB<\/li>\n<\/ul>\n<p><strong>Isola DUO et DOUBLE<\/strong><\/p>\n<ul>\n<li class=\"p1\">CLASSE 3 anti-effraction UNI-EN 1627<\/li>\n<li class=\"p1\">TRANSMISSION THERMIQUE \u2013 1,34 W\/(m2K)<\/li>\n<li class=\"p1\">R\u00c9DUCTION DU BRUIT \u2013 36 dB<\/li>\n<\/ul>\n<\/div>\n\t\t\t\t<\/div>\n\t\t\t\t<div class=\"feature-gallery\">\n\t\t\t\t\t\t<div class=\"gallery-carousel owl-carousel owl-theme\">\n\t\t\t\t\t<a class=\"dt-pswp-item\" href=\"https:\/\/www.aliasblindate.com\/wp-content\/uploads\/2024\/10\/termico1.jpg\" data-large_image_width=\"1200\" data-large_image_height=\"730\">\n\t\t\t\t<img loading=\"lazy\" decoding=\"async\" width=\"650\" height=\"380\" src=\"https:\/\/www.aliasblindate.com\/wp-content\/uploads\/2024\/10\/termico1-650x380.jpg\" data-src=\"https:\/\/www.aliasblindate.com\/wp-content\/uploads\/2024\/10\/termico1-650x380.jpg\" class=\"owl-lazy\" srcset=\"https:\/\/www.aliasblindate.com\/wp-content\/uploads\/2024\/10\/termico1-650x380.jpg 650w, https:\/\/www.aliasblindate.com\/wp-content\/uploads\/2024\/10\/termico1-980x575.jpg 980w\">\n\t\t\t<\/a>\n\t\t\t\t<\/div>\n\t\t\t\t\t\t<p class=\"mobile-only gallery-advice\"><em>Clicca per ingrandire<\/em><\/p>\n\t\t\t\t<\/div>\n\t\t\t<\/div>\n\t\t\t\t\t\t\t\t<div class=\"two-columns\">\n\t\t\t\t<div class=\"feature-text\">\n\t\t\t\t\t<div class=\"feature-title scw-title\"><\/div>\n\t\t\t\t\t<div class=\"feature-description\"><p>SYST\u00c8ME BREVET\u00c9 AEROGEL<\/p>\n<\/div>\n\t\t\t\t<\/div>\n\t\t\t\t<div class=\"feature-gallery\">\n\t\t\t\t\t\t<div class=\"gallery-carousel owl-carousel owl-theme\">\n\t\t\t\t\t<a class=\"dt-pswp-item\" href=\"https:\/\/www.aliasblindate.com\/wp-content\/uploads\/2024\/10\/aero.png\" data-large_image_width=\"504\" data-large_image_height=\"480\">\n\t\t\t\t<img loading=\"lazy\" decoding=\"async\" width=\"504\" height=\"380\" src=\"https:\/\/www.aliasblindate.com\/wp-content\/uploads\/2024\/10\/aero-504x380.png\" data-src=\"https:\/\/www.aliasblindate.com\/wp-content\/uploads\/2024\/10\/aero-504x380.png\" class=\"owl-lazy\" srcset=\"\">\n\t\t\t<\/a>\n\t\t\t\t<\/div>\n\t\t\t\t\t\t<p class=\"mobile-only gallery-advice\"><em>Clicca per ingrandire<\/em><\/p>\n\t\t\t\t<\/div>\n\t\t\t<\/div>\n\t\t\t\t\t\t\t\t<div class=\"two-columns\">\n\t\t\t\t<div class=\"feature-text\">\n\t\t\t\t\t<div class=\"feature-title scw-title\"><\/div>\n\t\t\t\t\t<div class=\"feature-description\"><p>STRUCTURE INTERNE DU MOD\u00c8LE THERMAL<\/p>\n<\/div>\n\t\t\t\t<\/div>\n\t\t\t\t<div class=\"feature-gallery\">\n\t\t\t\t\t\t<div class=\"gallery-carousel owl-carousel owl-theme\">\n\t\t\t\t\t<a class=\"dt-pswp-item\" href=\"https:\/\/www.aliasblindate.com\/wp-content\/uploads\/2024\/10\/themo.jpg\" data-large_image_width=\"800\" data-large_image_height=\"835\">\n\t\t\t\t<img loading=\"lazy\" decoding=\"async\" width=\"650\" height=\"380\" src=\"https:\/\/www.aliasblindate.com\/wp-content\/uploads\/2024\/10\/themo-650x380.jpg\" data-src=\"https:\/\/www.aliasblindate.com\/wp-content\/uploads\/2024\/10\/themo-650x380.jpg\" class=\"owl-lazy\" srcset=\"\">\n\t\t\t<\/a>\n\t\t\t\t<\/div>\n\t\t\t\t\t\t<p class=\"mobile-only gallery-advice\"><em>Clicca per ingrandire<\/em><\/p>\n\t\t\t\t<\/div>\n\t\t\t<\/div>\n\t\t\t\t\t\t\t\t<div class=\"two-columns\">\n\t\t\t\t<div class=\"feature-text\">\n\t\t\t\t\t<div class=\"feature-title scw-title\"><\/div>\n\t\t\t\t\t<div class=\"feature-description\"><p class=\"p1\">IMPOSTE ET LATERAL FIXE \u00c0 RUPTURE DE PONT THERMIQUE<\/p>\n<\/div>\n\t\t\t\t<\/div>\n\t\t\t\t<div class=\"feature-gallery\">\n\t\t\t\t\t\t<div class=\"gallery-carousel owl-carousel owl-theme\">\n\t\t\t\t\t<a class=\"dt-pswp-item\" href=\"https:\/\/www.aliasblindate.com\/wp-content\/uploads\/2024\/10\/fisso.jpg\" data-large_image_width=\"532\" data-large_image_height=\"800\">\n\t\t\t\t<img loading=\"lazy\" decoding=\"async\" width=\"532\" height=\"380\" src=\"https:\/\/www.aliasblindate.com\/wp-content\/uploads\/2024\/10\/fisso-532x380.jpg\" data-src=\"https:\/\/www.aliasblindate.com\/wp-content\/uploads\/2024\/10\/fisso-532x380.jpg\" class=\"owl-lazy\" srcset=\"\">\n\t\t\t<\/a>\n\t\t\t\t<\/div>\n\t\t\t\t\t\t<p class=\"mobile-only gallery-advice\"><em>Clicca per ingrandire<\/em><\/p>\n\t\t\t\t<\/div>\n\t\t\t<\/div>\n\t\t\t<\/section>\n\t\n\n\n<p><\/p>\n","protected":false},"excerpt":{"rendered":"","protected":false},"author":5,"featured_media":15921,"parent":15256,"menu_order":6,"comment_status":"closed","ping_status":"closed","template":"","meta":{"footnotes":""},"page-category":[91],"acf":[],"yoast_head":"<!-- This site is optimized with the Yoast SEO plugin v23.5 - https:\/\/yoast.com\/wordpress\/plugins\/seo\/ -->\n<title>Rupture \u00e0 pont thermique - pour des \u00e9conomies d&#039;\u00e9nergie au top | Alias Blindate<\/title>\n<meta name=\"robots\" content=\"index, follow, max-snippet:-1, max-image-preview:large, max-video-preview:-1\" \/>\n<link rel=\"canonical\" href=\"https:\/\/www.aliasblindate.com\/fr\/portes-blindees\/coupure-thermique\/\" \/>\n<meta property=\"og:locale\" content=\"fr_FR\" \/>\n<meta property=\"og:type\" content=\"article\" \/>\n<meta property=\"og:title\" content=\"Rupture \u00e0 pont thermique - pour des \u00e9conomies d&#039;\u00e9nergie au top | Alias Blindate\" \/>\n<meta property=\"og:url\" content=\"https:\/\/www.aliasblindate.com\/fr\/portes-blindees\/coupure-thermique\/\" \/>\n<meta property=\"og:site_name\" content=\"Alias Blindate\" \/>\n<meta property=\"article:publisher\" content=\"https:\/\/www.facebook.com\/aliasporteblindate\" \/>\n<meta property=\"article:modified_time\" content=\"2025-04-22T09:45:51+00:00\" \/>\n<meta property=\"og:image\" content=\"https:\/\/www.aliasblindate.com\/wp-content\/uploads\/2024\/10\/thermal-head.jpg\" \/>\n\t<meta property=\"og:image:width\" content=\"1650\" \/>\n\t<meta property=\"og:image:height\" content=\"590\" \/>\n\t<meta property=\"og:image:type\" content=\"image\/jpeg\" \/>\n<meta name=\"twitter:card\" content=\"summary_large_image\" \/>\n<meta name=\"twitter:label1\" content=\"Dur\u00e9e de lecture estim\u00e9e\" \/>\n\t<meta name=\"twitter:data1\" content=\"1 minute\" \/>\n<script type=\"application\/ld+json\" class=\"yoast-schema-graph\">{\"@context\":\"https:\/\/schema.org\",\"@graph\":[{\"@type\":\"WebPage\",\"@id\":\"https:\/\/www.aliasblindate.com\/fr\/portes-blindees\/coupure-thermique\/\",\"url\":\"https:\/\/www.aliasblindate.com\/fr\/portes-blindees\/coupure-thermique\/\",\"name\":\"Rupture \u00e0 pont thermique - pour des \u00e9conomies d'\u00e9nergie au top | Alias Blindate\",\"isPartOf\":{\"@id\":\"https:\/\/www.aliasblindate.com\/fr\/#website\"},\"primaryImageOfPage\":{\"@id\":\"https:\/\/www.aliasblindate.com\/fr\/portes-blindees\/coupure-thermique\/#primaryimage\"},\"image\":{\"@id\":\"https:\/\/www.aliasblindate.com\/fr\/portes-blindees\/coupure-thermique\/#primaryimage\"},\"thumbnailUrl\":\"https:\/\/www.aliasblindate.com\/wp-content\/uploads\/2024\/10\/thermal-head.jpg\",\"datePublished\":\"2024-10-09T08:07:48+00:00\",\"dateModified\":\"2025-04-22T09:45:51+00:00\",\"breadcrumb\":{\"@id\":\"https:\/\/www.aliasblindate.com\/fr\/portes-blindees\/coupure-thermique\/#breadcrumb\"},\"inLanguage\":\"fr-FR\",\"potentialAction\":[{\"@type\":\"ReadAction\",\"target\":[\"https:\/\/www.aliasblindate.com\/fr\/portes-blindees\/coupure-thermique\/\"]}]},{\"@type\":\"ImageObject\",\"inLanguage\":\"fr-FR\",\"@id\":\"https:\/\/www.aliasblindate.com\/fr\/portes-blindees\/coupure-thermique\/#primaryimage\",\"url\":\"https:\/\/www.aliasblindate.com\/wp-content\/uploads\/2024\/10\/thermal-head.jpg\",\"contentUrl\":\"https:\/\/www.aliasblindate.com\/wp-content\/uploads\/2024\/10\/thermal-head.jpg\",\"width\":1650,\"height\":590},{\"@type\":\"BreadcrumbList\",\"@id\":\"https:\/\/www.aliasblindate.com\/fr\/portes-blindees\/coupure-thermique\/#breadcrumb\",\"itemListElement\":[{\"@type\":\"ListItem\",\"position\":1,\"name\":\"Home\",\"item\":\"https:\/\/www.aliasblindate.com\/fr\/\"},{\"@type\":\"ListItem\",\"position\":2,\"name\":\"Portes blind\u00e9es\",\"item\":\"https:\/\/www.aliasblindate.com\/fr\/portes-blindees\/\"},{\"@type\":\"ListItem\",\"position\":3,\"name\":\"Rupture \u00e0 pont thermique &#8211; pour des \u00e9conomies d&#8217;\u00e9nergie au top\"}]},{\"@type\":\"WebSite\",\"@id\":\"https:\/\/www.aliasblindate.com\/fr\/#website\",\"url\":\"https:\/\/www.aliasblindate.com\/fr\/\",\"name\":\"Alias Blindate\",\"description\":\"\",\"publisher\":{\"@id\":\"https:\/\/www.aliasblindate.com\/fr\/#organization\"},\"potentialAction\":[{\"@type\":\"SearchAction\",\"target\":{\"@type\":\"EntryPoint\",\"urlTemplate\":\"https:\/\/www.aliasblindate.com\/fr\/?s={search_term_string}\"},\"query-input\":{\"@type\":\"PropertyValueSpecification\",\"valueRequired\":true,\"valueName\":\"search_term_string\"}}],\"inLanguage\":\"fr-FR\"},{\"@type\":\"Organization\",\"@id\":\"https:\/\/www.aliasblindate.com\/fr\/#organization\",\"name\":\"Alias Blindate\",\"url\":\"https:\/\/www.aliasblindate.com\/fr\/\",\"logo\":{\"@type\":\"ImageObject\",\"inLanguage\":\"fr-FR\",\"@id\":\"https:\/\/www.aliasblindate.com\/fr\/#\/schema\/logo\/image\/\",\"url\":\"https:\/\/www.aliasblindate.com\/wp-content\/uploads\/2019\/10\/logo@2x.png\",\"contentUrl\":\"https:\/\/www.aliasblindate.com\/wp-content\/uploads\/2019\/10\/logo@2x.png\",\"width\":498,\"height\":88,\"caption\":\"Alias Blindate\"},\"image\":{\"@id\":\"https:\/\/www.aliasblindate.com\/fr\/#\/schema\/logo\/image\/\"},\"sameAs\":[\"https:\/\/www.facebook.com\/aliasporteblindate\",\"https:\/\/www.instagram.com\/alias_porte_blindate\/\"]}]}<\/script>\n<!-- \/ Yoast SEO plugin. -->","yoast_head_json":{"title":"Rupture \u00e0 pont thermique - pour des \u00e9conomies d'\u00e9nergie au top | Alias Blindate","robots":{"index":"index","follow":"follow","max-snippet":"max-snippet:-1","max-image-preview":"max-image-preview:large","max-video-preview":"max-video-preview:-1"},"canonical":"https:\/\/www.aliasblindate.com\/fr\/portes-blindees\/coupure-thermique\/","og_locale":"fr_FR","og_type":"article","og_title":"Rupture \u00e0 pont thermique - pour des \u00e9conomies d'\u00e9nergie au top | Alias Blindate","og_url":"https:\/\/www.aliasblindate.com\/fr\/portes-blindees\/coupure-thermique\/","og_site_name":"Alias Blindate","article_publisher":"https:\/\/www.facebook.com\/aliasporteblindate","article_modified_time":"2025-04-22T09:45:51+00:00","og_image":[{"width":1650,"height":590,"url":"https:\/\/www.aliasblindate.com\/wp-content\/uploads\/2024\/10\/thermal-head.jpg","type":"image\/jpeg"}],"twitter_card":"summary_large_image","twitter_misc":{"Dur\u00e9e de lecture estim\u00e9e":"1 minute"},"schema":{"@context":"https:\/\/schema.org","@graph":[{"@type":"WebPage","@id":"https:\/\/www.aliasblindate.com\/fr\/portes-blindees\/coupure-thermique\/","url":"https:\/\/www.aliasblindate.com\/fr\/portes-blindees\/coupure-thermique\/","name":"Rupture \u00e0 pont thermique - pour des \u00e9conomies d'\u00e9nergie au top | Alias Blindate","isPartOf":{"@id":"https:\/\/www.aliasblindate.com\/fr\/#website"},"primaryImageOfPage":{"@id":"https:\/\/www.aliasblindate.com\/fr\/portes-blindees\/coupure-thermique\/#primaryimage"},"image":{"@id":"https:\/\/www.aliasblindate.com\/fr\/portes-blindees\/coupure-thermique\/#primaryimage"},"thumbnailUrl":"https:\/\/www.aliasblindate.com\/wp-content\/uploads\/2024\/10\/thermal-head.jpg","datePublished":"2024-10-09T08:07:48+00:00","dateModified":"2025-04-22T09:45:51+00:00","breadcrumb":{"@id":"https:\/\/www.aliasblindate.com\/fr\/portes-blindees\/coupure-thermique\/#breadcrumb"},"inLanguage":"fr-FR","potentialAction":[{"@type":"ReadAction","target":["https:\/\/www.aliasblindate.com\/fr\/portes-blindees\/coupure-thermique\/"]}]},{"@type":"ImageObject","inLanguage":"fr-FR","@id":"https:\/\/www.aliasblindate.com\/fr\/portes-blindees\/coupure-thermique\/#primaryimage","url":"https:\/\/www.aliasblindate.com\/wp-content\/uploads\/2024\/10\/thermal-head.jpg","contentUrl":"https:\/\/www.aliasblindate.com\/wp-content\/uploads\/2024\/10\/thermal-head.jpg","width":1650,"height":590},{"@type":"BreadcrumbList","@id":"https:\/\/www.aliasblindate.com\/fr\/portes-blindees\/coupure-thermique\/#breadcrumb","itemListElement":[{"@type":"ListItem","position":1,"name":"Home","item":"https:\/\/www.aliasblindate.com\/fr\/"},{"@type":"ListItem","position":2,"name":"Portes blind\u00e9es","item":"https:\/\/www.aliasblindate.com\/fr\/portes-blindees\/"},{"@type":"ListItem","position":3,"name":"Rupture \u00e0 pont thermique &#8211; pour des \u00e9conomies d&#8217;\u00e9nergie au top"}]},{"@type":"WebSite","@id":"https:\/\/www.aliasblindate.com\/fr\/#website","url":"https:\/\/www.aliasblindate.com\/fr\/","name":"Alias Blindate","description":"","publisher":{"@id":"https:\/\/www.aliasblindate.com\/fr\/#organization"},"potentialAction":[{"@type":"SearchAction","target":{"@type":"EntryPoint","urlTemplate":"https:\/\/www.aliasblindate.com\/fr\/?s={search_term_string}"},"query-input":{"@type":"PropertyValueSpecification","valueRequired":true,"valueName":"search_term_string"}}],"inLanguage":"fr-FR"},{"@type":"Organization","@id":"https:\/\/www.aliasblindate.com\/fr\/#organization","name":"Alias Blindate","url":"https:\/\/www.aliasblindate.com\/fr\/","logo":{"@type":"ImageObject","inLanguage":"fr-FR","@id":"https:\/\/www.aliasblindate.com\/fr\/#\/schema\/logo\/image\/","url":"https:\/\/www.aliasblindate.com\/wp-content\/uploads\/2019\/10\/logo@2x.png","contentUrl":"https:\/\/www.aliasblindate.com\/wp-content\/uploads\/2019\/10\/logo@2x.png","width":498,"height":88,"caption":"Alias Blindate"},"image":{"@id":"https:\/\/www.aliasblindate.com\/fr\/#\/schema\/logo\/image\/"},"sameAs":["https:\/\/www.facebook.com\/aliasporteblindate","https:\/\/www.instagram.com\/alias_porte_blindate\/"]}]}},"_links":{"self":[{"href":"https:\/\/www.aliasblindate.com\/fr\/wp-json\/wp\/v2\/pages\/15920"}],"collection":[{"href":"https:\/\/www.aliasblindate.com\/fr\/wp-json\/wp\/v2\/pages"}],"about":[{"href":"https:\/\/www.aliasblindate.com\/fr\/wp-json\/wp\/v2\/types\/page"}],"author":[{"embeddable":true,"href":"https:\/\/www.aliasblindate.com\/fr\/wp-json\/wp\/v2\/users\/5"}],"replies":[{"embeddable":true,"href":"https:\/\/www.aliasblindate.com\/fr\/wp-json\/wp\/v2\/comments?post=15920"}],"version-history":[{"count":12,"href":"https:\/\/www.aliasblindate.com\/fr\/wp-json\/wp\/v2\/pages\/15920\/revisions"}],"predecessor-version":[{"id":17861,"href":"https:\/\/www.aliasblindate.com\/fr\/wp-json\/wp\/v2\/pages\/15920\/revisions\/17861"}],"up":[{"embeddable":true,"href":"https:\/\/www.aliasblindate.com\/fr\/wp-json\/wp\/v2\/pages\/15256"}],"wp:featuredmedia":[{"embeddable":true,"href":"https:\/\/www.aliasblindate.com\/fr\/wp-json\/wp\/v2\/media\/15921"}],"wp:attachment":[{"href":"https:\/\/www.aliasblindate.com\/fr\/wp-json\/wp\/v2\/media?parent=15920"}],"wp:term":[{"taxonomy":"page-category","embeddable":true,"href":"https:\/\/www.aliasblindate.com\/fr\/wp-json\/wp\/v2\/page-category?post=15920"}],"curies":[{"name":"wp","href":"https:\/\/api.w.org\/{rel}","templated":true}]}}