{"id":15895,"date":"2019-12-05T16:27:06","date_gmt":"2019-12-05T15:27:06","guid":{"rendered":"https:\/\/www.aliasblindate.com\/portes-blindees-dinterieur\/dream-ei2-30-hotel\/"},"modified":"2025-04-01T15:23:19","modified_gmt":"2025-04-01T13:23:19","slug":"dream-ei2-30-hotel","status":"publish","type":"page","link":"https:\/\/www.aliasblindate.com\/fr\/porte-blindee-dream\/dream-ei2-30-hotel\/","title":{"rendered":"DREAM EI2-30 H\u00f4tel"},"content":{"rendered":"<section class=\"scw-title-block title-wrapper has-thumb\">\n\t<div class=\"breadcrumbs\"><span><span><a href=\"https:\/\/www.aliasblindate.com\/fr\/\">Home<\/a><\/span><\/span><\/div>\t<div class=\"\">\n\t\t<div class=\"single-title\"><h1 class=\"scw-title\">DREAM EI2-30 H\u00f4tel<\/div>\n\n\t\t\t<\/div>\n<\/section>\n\n\n<section id=\"start\" class=\"description-wrapper two-columns\">\n\t\t\t<div class=\"description\">\n\t\t\t<p>S\u00c9CURIT\u00c9 \u00c0 L\u2019\u00c9PREUVE DES CLICS<br \/>\nLa gestion des cl\u00e9s pour les \u00e9tablissements qui ne disposent normalement pas d&rsquo;un concierge d\u2019h\u00f4tel et qui sont g\u00e9r\u00e9s par une seule personne, ou par deux personnes au maximum, peut repr\u00e9senter un v\u00e9ritable probl\u00e8me, mais un probl\u00e8me qui peut \u00eatre facilement surmont\u00e9.<\/p>\n\t\t<\/div>\n\t\t\t\t<div class=\"icons-wrapper\">\n\t\t\t\t\t\t\t<div class=\"tooltip-data\" data-title=\"Kit acoustique de s\u00e9rie \u2013 33\u00a0dB\">\n\t\t\t\t\t<img loading=\"lazy\" decoding=\"async\" width=\"70\" height=\"70\" src=\"https:\/\/www.aliasblindate.com\/wp-content\/uploads\/2019\/12\/set-acustico-2.jpg\" class=\"attachment-full size-full\" alt=\"\" \/>\t\t\t\t\t<div class=\"tooltip-description\">Kit acoustique de s\u00e9rie \u2013 33\u00a0dB<\/div>\n\t\t\t\t<\/div>\n\t\t\t\t\t\t\t\t<div class=\"tooltip-data\" data-title=\"R\u00e9sistance \u00e0 l'effraction : Cat\u00e9gorie 2\">\n\t\t\t\t\t<img loading=\"lazy\" decoding=\"async\" width=\"63\" height=\"70\" src=\"https:\/\/www.aliasblindate.com\/wp-content\/uploads\/2020\/12\/4-CLASSE-ANTIEFFRAZIONE-2.jpg\" class=\"attachment-full size-full\" alt=\"\" \/>\t\t\t\t\t<div class=\"tooltip-description\">R\u00e9sistance \u00e0 l&rsquo;effraction : Cat\u00e9gorie 2<\/div>\n\t\t\t\t<\/div>\n\t\t\t\t\t\t\t\t<div class=\"tooltip-data\" data-title=\"R\u00e9sistance au feu \u2013 30 min.\">\n\t\t\t\t\t<img loading=\"lazy\" decoding=\"async\" width=\"70\" height=\"70\" src=\"https:\/\/www.aliasblindate.com\/wp-content\/uploads\/2019\/12\/resistenza-fuoco.jpg\" class=\"attachment-full size-full\" alt=\"\" \/>\t\t\t\t\t<div class=\"tooltip-description\">R\u00e9sistance au feu \u2013 30 min.<\/div>\n\t\t\t\t<\/div>\n\t\t\t\t\t\t<\/div>\n\t<\/section>\n\n\n<p>Alias a associ\u00e9 \u00e0 ses portes blind\u00e9es d\u2019entr\u00e9e et \u00e0 ses portes blind\u00e9es affleurantes d\u2019int\u00e9rieur, d\u2019une conception l\u00e9g\u00e8re et de grand charme, la possibilit\u00e9 de monter une serrure \u00e9lectronique qui offre un niveau \u00e9lev\u00e9 de s\u00e9curit\u00e9 et un maximum de confort. Dans ce cas, la vie du propri\u00e9taire et celle de ses h\u00f4tes sont grandement simplifi\u00e9s.<\/p>\n<p><strong>Comment \u00e7a marche<\/strong> <br \/>Ce produit permet de commander \u00e0 distance, en toute simplicit\u00e9, \u00e0 la fois les serrures des portes d\u2019entr\u00e9e et celles des portes Dream des diff\u00e9rentes pi\u00e8ces. Avec un smartphone et l&rsquo;application Argo Iseo, vous pouvez ouvrir et g\u00e9rer les acc\u00e8s \u00e0 la<a href=\"\/fr\/portes-blindees-dinterieur\/\"> porte blind\u00e9e Alias<\/a> sur laquelle la serrure motoris\u00e9e \u00ab\u00a0Smart\u00a0\u00bb a \u00e9t\u00e9 mont\u00e9e. <br \/>Une s\u00e9curit\u00e9 \u00e0 l&rsquo;\u00e9preuve des clics qui vous \u00e9vitera de courir pour donner ou reprendre les cl\u00e9s, sans crainte de les perdre ou qu\u2019elles ne soient copi\u00e9es sans autorisation. <br \/>L&rsquo;enregistrement et le d\u00e9part peuvent avoir lieu \u00e0 tout moment, m\u00eame en l&rsquo;absence du propri\u00e9taire. La gestion des acc\u00e8s n&rsquo;a jamais \u00e9t\u00e9 aussi intuitive\u00a0: facilit\u00e9 d\u2019utilisation et s\u00e9curit\u00e9 sont associ\u00e9es d&rsquo;une mani\u00e8re totalement nouvelle, anticipant l&rsquo;avenir du contr\u00f4le d&rsquo;acc\u00e8s. Il devient ainsi possible de g\u00e9rer les serrures \u00e9lectroniques, par exemple d&rsquo;un Bed &amp; Breakfast multiple, de les activer avec un smartphone et de remettre les \u00ab\u00a0cl\u00e9s\u00a0\u00bb aux clients dans un simple message. <br \/>Plus besoin de courir pour remettre ou r\u00e9cup\u00e9rer les cl\u00e9s, plus de crainte qu&rsquo;elles soient perdues ou qu\u2019elles aient \u00e9t\u00e9 copi\u00e9es sans autorisation\u00a0: les arriv\u00e9es et les d\u00e9parts ne seront plus un probl\u00e8me. <br \/>Vous pouvez sp\u00e9cifier les jours et les heures d&rsquo;acc\u00e8s et quand vous n&rsquo;en avez plus besoin, d\u00e9sactiver la cl\u00e9 et pr\u00e9parer l\u2019accueil de nouveaux clients.<\/p>\n\n\t<section class=\"scw-block-gallery-caption\">\n\t\t\t\t<div class=\"scw-block-gallery-caption__carousel owl-carousel owl-theme\">\n\t\t\t\t\t\t\t<div>\n\t\t\t\t\t\t\t\t\t\t\t<a class=\"dt-pswp-item scw-block-gallery-caption__link\" href=\"https:\/\/www.aliasblindate.com\/wp-content\/uploads\/2020\/01\/Dream-Hotel-1-1.jpg\" data-large_image_width=\"1170\" data-large_image_height=\"595\">\n\t\t\t\t\t\t\t<img loading=\"lazy\" decoding=\"async\" width=\"1170\" height=\"595\" src=\"https:\/\/www.aliasblindate.com\/wp-content\/uploads\/2020\/01\/Dream-Hotel-1-1.jpg\" data-src=\"https:\/\/www.aliasblindate.com\/wp-content\/uploads\/2020\/01\/Dream-Hotel-1-1.jpg\" class=\"owl-lazy\" srcset=\"https:\/\/www.aliasblindate.com\/wp-content\/uploads\/2020\/01\/Dream-Hotel-1-1.jpg 1170w, https:\/\/www.aliasblindate.com\/wp-content\/uploads\/2020\/01\/Dream-Hotel-1-1-300x153.jpg 300w, https:\/\/www.aliasblindate.com\/wp-content\/uploads\/2020\/01\/Dream-Hotel-1-1-768x391.jpg 768w, https:\/\/www.aliasblindate.com\/wp-content\/uploads\/2020\/01\/Dream-Hotel-1-1-1024x521.jpg 1024w\">\n\t\t\t\t\t\t<\/a>\n\t\t\t\t\t\t\t\t\t\t<div class=\"scw-block-gallery-caption__text-wrapper\">\n\t\t\t\t\t\t\t\t\t\t\t\t\t\t\t\t\t\t\t<div class=\"scw-block-gallery-caption__text\">Vous voulez r\u00e9nover l\u2019h\u00f4tel ou tout simplement remplacer les portes des chambres?<\/div>\n\t\t\t\t\t\t\t\t\t\t\t<\/div>\n\t\t\t\t<\/div>\n\t\t\t\t\t\t\t\t<div>\n\t\t\t\t\t\t\t\t\t\t\t<a class=\"dt-pswp-item scw-block-gallery-caption__link\" href=\"https:\/\/www.aliasblindate.com\/wp-content\/uploads\/2020\/01\/Dream-Hotel-1-2.jpg\" data-large_image_width=\"1170\" data-large_image_height=\"595\">\n\t\t\t\t\t\t\t<img loading=\"lazy\" decoding=\"async\" width=\"1170\" height=\"595\" src=\"https:\/\/www.aliasblindate.com\/wp-content\/uploads\/2020\/01\/Dream-Hotel-1-2.jpg\" data-src=\"https:\/\/www.aliasblindate.com\/wp-content\/uploads\/2020\/01\/Dream-Hotel-1-2.jpg\" class=\"owl-lazy\" srcset=\"https:\/\/www.aliasblindate.com\/wp-content\/uploads\/2020\/01\/Dream-Hotel-1-2.jpg 1170w, https:\/\/www.aliasblindate.com\/wp-content\/uploads\/2020\/01\/Dream-Hotel-1-2-300x153.jpg 300w, https:\/\/www.aliasblindate.com\/wp-content\/uploads\/2020\/01\/Dream-Hotel-1-2-768x391.jpg 768w, https:\/\/www.aliasblindate.com\/wp-content\/uploads\/2020\/01\/Dream-Hotel-1-2-1024x521.jpg 1024w\">\n\t\t\t\t\t\t<\/a>\n\t\t\t\t\t\t\t\t\t\t<div class=\"scw-block-gallery-caption__text-wrapper\">\n\t\t\t\t\t\t\t\t\t\t\t\t\t\t\t\t\t\t\t<div class=\"scw-block-gallery-caption__text\">&#8230; vous voulez garantir confort, s\u00e9curit\u00e9 et intimit\u00e9 \u00e0 vos clients?<\/div>\n\t\t\t\t\t\t\t\t\t\t\t<\/div>\n\t\t\t\t<\/div>\n\t\t\t\t\t\t\t\t<div>\n\t\t\t\t\t\t\t\t\t\t\t<a class=\"dt-pswp-item scw-block-gallery-caption__link\" href=\"https:\/\/www.aliasblindate.com\/wp-content\/uploads\/2020\/01\/Dream-Hotel-1-3.jpg\" data-large_image_width=\"1170\" data-large_image_height=\"594\">\n\t\t\t\t\t\t\t<img loading=\"lazy\" decoding=\"async\" width=\"1170\" height=\"594\" src=\"https:\/\/www.aliasblindate.com\/wp-content\/uploads\/2020\/01\/Dream-Hotel-1-3.jpg\" data-src=\"https:\/\/www.aliasblindate.com\/wp-content\/uploads\/2020\/01\/Dream-Hotel-1-3.jpg\" class=\"owl-lazy\" srcset=\"https:\/\/www.aliasblindate.com\/wp-content\/uploads\/2020\/01\/Dream-Hotel-1-3.jpg 1170w, https:\/\/www.aliasblindate.com\/wp-content\/uploads\/2020\/01\/Dream-Hotel-1-3-300x152.jpg 300w, https:\/\/www.aliasblindate.com\/wp-content\/uploads\/2020\/01\/Dream-Hotel-1-3-768x390.jpg 768w, https:\/\/www.aliasblindate.com\/wp-content\/uploads\/2020\/01\/Dream-Hotel-1-3-1024x520.jpg 1024w, https:\/\/www.aliasblindate.com\/wp-content\/uploads\/2020\/01\/Dream-Hotel-1-3-790x400.jpg 790w\">\n\t\t\t\t\t\t<\/a>\n\t\t\t\t\t\t\t\t\t\t<div class=\"scw-block-gallery-caption__text-wrapper\">\n\t\t\t\t\t\t\t\t\t\t\t\t\t<div class=\"scw-block-gallery-caption__title\">#Soyez tranquille avec DREAM EI2-30<\/div>\n\t\t\t\t\t\t\t\t\t\t\t\t\t\t\t\t\t<\/div>\n\t\t\t\t<\/div>\n\t\t\t\t\t\t<\/div>\n\t<\/section>\n\t\n\n\t<section class=\"scw-block-gallery-caption\">\n\t\t\t\t<div class=\"scw-block-gallery-caption__carousel owl-carousel owl-theme\">\n\t\t\t\t\t\t\t<div>\n\t\t\t\t\t\t\t\t\t\t\t<a class=\"dt-pswp-item scw-block-gallery-caption__link\" href=\"https:\/\/www.aliasblindate.com\/wp-content\/uploads\/2020\/01\/Dream-Hotel-2-1.jpg\" data-large_image_width=\"1170\" data-large_image_height=\"595\">\n\t\t\t\t\t\t\t<img loading=\"lazy\" decoding=\"async\" width=\"1170\" height=\"595\" src=\"https:\/\/www.aliasblindate.com\/wp-content\/uploads\/2020\/01\/Dream-Hotel-2-1.jpg\" data-src=\"https:\/\/www.aliasblindate.com\/wp-content\/uploads\/2020\/01\/Dream-Hotel-2-1.jpg\" class=\"owl-lazy\" srcset=\"https:\/\/www.aliasblindate.com\/wp-content\/uploads\/2020\/01\/Dream-Hotel-2-1.jpg 1170w, https:\/\/www.aliasblindate.com\/wp-content\/uploads\/2020\/01\/Dream-Hotel-2-1-300x153.jpg 300w, https:\/\/www.aliasblindate.com\/wp-content\/uploads\/2020\/01\/Dream-Hotel-2-1-768x391.jpg 768w, https:\/\/www.aliasblindate.com\/wp-content\/uploads\/2020\/01\/Dream-Hotel-2-1-1024x521.jpg 1024w\">\n\t\t\t\t\t\t<\/a>\n\t\t\t\t\t\t\t\t\t\t<div class=\"scw-block-gallery-caption__text-wrapper\">\n\t\t\t\t\t\t\t\t\t\t\t\t\t\t\t\t\t\t\t<div class=\"scw-block-gallery-caption__text\">Vous venez de recevoir une r\u00e9servation pour une chambre de votre B&#038;B mais vous n&rsquo;avez pas de service de conciergerie?<\/div>\n\t\t\t\t\t\t\t\t\t\t\t<\/div>\n\t\t\t\t<\/div>\n\t\t\t\t\t\t\t\t<div>\n\t\t\t\t\t\t\t\t\t\t\t<a class=\"dt-pswp-item scw-block-gallery-caption__link\" href=\"https:\/\/www.aliasblindate.com\/wp-content\/uploads\/2020\/01\/Dream-Hotel-2-2.jpg\" data-large_image_width=\"1170\" data-large_image_height=\"595\">\n\t\t\t\t\t\t\t<img loading=\"lazy\" decoding=\"async\" width=\"1170\" height=\"595\" src=\"https:\/\/www.aliasblindate.com\/wp-content\/uploads\/2020\/01\/Dream-Hotel-2-2.jpg\" data-src=\"https:\/\/www.aliasblindate.com\/wp-content\/uploads\/2020\/01\/Dream-Hotel-2-2.jpg\" class=\"owl-lazy\" srcset=\"https:\/\/www.aliasblindate.com\/wp-content\/uploads\/2020\/01\/Dream-Hotel-2-2.jpg 1170w, https:\/\/www.aliasblindate.com\/wp-content\/uploads\/2020\/01\/Dream-Hotel-2-2-300x153.jpg 300w, https:\/\/www.aliasblindate.com\/wp-content\/uploads\/2020\/01\/Dream-Hotel-2-2-768x391.jpg 768w, https:\/\/www.aliasblindate.com\/wp-content\/uploads\/2020\/01\/Dream-Hotel-2-2-1024x521.jpg 1024w\">\n\t\t\t\t\t\t<\/a>\n\t\t\t\t\t\t\t\t\t\t<div class=\"scw-block-gallery-caption__text-wrapper\">\n\t\t\t\t\t\t\t\t\t\t\t\t\t\t\t\t\t\t\t<div class=\"scw-block-gallery-caption__text\">\u2026 et plus largement, des jeux de cl\u00e9s \u00e0 transmettre ou \u00e0 r\u00e9cup\u00e9rer, des copies \u00e0 laisser aux divers services de manutention de votre structure\u2026 Vous n&rsquo;\u00eates jamais tranquille!<\/div>\n\t\t\t\t\t\t\t\t\t\t\t<\/div>\n\t\t\t\t<\/div>\n\t\t\t\t\t\t\t\t<div>\n\t\t\t\t\t\t\t\t\t\t\t<a class=\"dt-pswp-item scw-block-gallery-caption__link\" href=\"https:\/\/www.aliasblindate.com\/wp-content\/uploads\/2020\/01\/Dream-Hotel-2-3.jpg\" data-large_image_width=\"1170\" data-large_image_height=\"594\">\n\t\t\t\t\t\t\t<img loading=\"lazy\" decoding=\"async\" width=\"1170\" height=\"594\" src=\"https:\/\/www.aliasblindate.com\/wp-content\/uploads\/2020\/01\/Dream-Hotel-2-3.jpg\" data-src=\"https:\/\/www.aliasblindate.com\/wp-content\/uploads\/2020\/01\/Dream-Hotel-2-3.jpg\" class=\"owl-lazy\" srcset=\"https:\/\/www.aliasblindate.com\/wp-content\/uploads\/2020\/01\/Dream-Hotel-2-3.jpg 1170w, https:\/\/www.aliasblindate.com\/wp-content\/uploads\/2020\/01\/Dream-Hotel-2-3-300x152.jpg 300w, https:\/\/www.aliasblindate.com\/wp-content\/uploads\/2020\/01\/Dream-Hotel-2-3-768x390.jpg 768w, https:\/\/www.aliasblindate.com\/wp-content\/uploads\/2020\/01\/Dream-Hotel-2-3-1024x520.jpg 1024w, https:\/\/www.aliasblindate.com\/wp-content\/uploads\/2020\/01\/Dream-Hotel-2-3-790x400.jpg 790w\">\n\t\t\t\t\t\t<\/a>\n\t\t\t\t\t\t\t\t\t\t<div class=\"scw-block-gallery-caption__text-wrapper\">\n\t\t\t\t\t\t\t\t\t\t\t\t\t<div class=\"scw-block-gallery-caption__title\">#r\u00e9soudrevosprobl\u00e8mes avec DREAM EI2-30<\/div>\n\t\t\t\t\t\t\t\t\t\t\t\t\t\t\t\t\t\t\t<div class=\"scw-block-gallery-caption__text\">Disponible avec serrure motoris\u00e9e intelligente \u00e9quip\u00e9e d&rsquo;un clavier num\u00e9rique et contr\u00f4lable depuis votre smartphone<\/div>\n\t\t\t\t\t\t\t\t\t\t\t<\/div>\n\t\t\t\t<\/div>\n\t\t\t\t\t\t\t\t<div>\n\t\t\t\t\t\t\t\t\t\t\t<a class=\"dt-pswp-item scw-block-gallery-caption__link\" href=\"https:\/\/www.aliasblindate.com\/wp-content\/uploads\/2020\/01\/Dream-Hotel-2-4.jpg\" data-large_image_width=\"1170\" data-large_image_height=\"594\">\n\t\t\t\t\t\t\t<img loading=\"lazy\" decoding=\"async\" width=\"1170\" height=\"594\" src=\"https:\/\/www.aliasblindate.com\/wp-content\/uploads\/2020\/01\/Dream-Hotel-2-4.jpg\" data-src=\"https:\/\/www.aliasblindate.com\/wp-content\/uploads\/2020\/01\/Dream-Hotel-2-4.jpg\" class=\"owl-lazy\" srcset=\"https:\/\/www.aliasblindate.com\/wp-content\/uploads\/2020\/01\/Dream-Hotel-2-4.jpg 1170w, https:\/\/www.aliasblindate.com\/wp-content\/uploads\/2020\/01\/Dream-Hotel-2-4-300x152.jpg 300w, https:\/\/www.aliasblindate.com\/wp-content\/uploads\/2020\/01\/Dream-Hotel-2-4-768x390.jpg 768w, https:\/\/www.aliasblindate.com\/wp-content\/uploads\/2020\/01\/Dream-Hotel-2-4-1024x520.jpg 1024w, https:\/\/www.aliasblindate.com\/wp-content\/uploads\/2020\/01\/Dream-Hotel-2-4-790x400.jpg 790w\">\n\t\t\t\t\t\t<\/a>\n\t\t\t\t\t\t\t\t\t\t<div class=\"scw-block-gallery-caption__text-wrapper\">\n\t\t\t\t\t\t\t\t\t\t\t\t\t\t\t\t\t\t\t<div class=\"scw-block-gallery-caption__text\">ou dans la version \u00e9lectrom\u00e9canique \u00e9quip\u00e9e d&rsquo;un cylindre Libra avec prise en charge continue depuis votre smartphone<\/div>\n\t\t\t\t\t\t\t\t\t\t\t<\/div>\n\t\t\t\t<\/div>\n\t\t\t\t\t\t<\/div>\n\t<\/section>\n\t","protected":false},"excerpt":{"rendered":"<p>Alias a associ\u00e9 \u00e0 ses portes blind\u00e9es d\u2019entr\u00e9e et \u00e0 ses portes blind\u00e9es affleurantes d\u2019int\u00e9rieur, d\u2019une conception l\u00e9g\u00e8re et de grand charme, la possibilit\u00e9 de monter une serrure \u00e9lectronique qui offre un niveau \u00e9lev\u00e9 de s\u00e9curit\u00e9 et un maximum de confort. Dans ce cas, la vie du propri\u00e9taire et celle de ses h\u00f4tes sont grandement&hellip;<\/p>\n","protected":false},"author":5,"featured_media":6416,"parent":15836,"menu_order":2,"comment_status":"closed","ping_status":"closed","template":"","meta":{"footnotes":""},"page-category":[],"acf":[],"yoast_head":"<!-- This site is optimized with the Yoast SEO plugin v23.5 - https:\/\/yoast.com\/wordpress\/plugins\/seo\/ -->\n<title>DREAM EI2-30 H\u00f4tel | Alias Blindate<\/title>\n<meta name=\"description\" content=\"Possibilit\u00e9 d\u2019installer une serrure \u00e9lectronique avec un niveau de s\u00e9curit\u00e9 \u00e9lev\u00e9 et un maximum de confort \u00e0 distance.\" \/>\n<meta name=\"robots\" content=\"index, follow, max-snippet:-1, max-image-preview:large, max-video-preview:-1\" \/>\n<link rel=\"canonical\" href=\"https:\/\/www.aliasblindate.com\/fr\/porte-blindee-dream\/dream-ei2-30-hotel\/\" \/>\n<meta property=\"og:locale\" content=\"fr_FR\" \/>\n<meta property=\"og:type\" content=\"article\" \/>\n<meta property=\"og:title\" content=\"DREAM EI2-30 H\u00f4tel | Alias Blindate\" \/>\n<meta property=\"og:description\" content=\"Possibilit\u00e9 d\u2019installer une serrure \u00e9lectronique avec un niveau de s\u00e9curit\u00e9 \u00e9lev\u00e9 et un maximum de confort \u00e0 distance.\" \/>\n<meta property=\"og:url\" content=\"https:\/\/www.aliasblindate.com\/fr\/porte-blindee-dream\/dream-ei2-30-hotel\/\" \/>\n<meta property=\"og:site_name\" content=\"Alias Blindate\" \/>\n<meta property=\"article:publisher\" content=\"https:\/\/www.facebook.com\/aliasporteblindate\" \/>\n<meta property=\"article:modified_time\" content=\"2025-04-01T13:23:19+00:00\" \/>\n<meta property=\"og:image\" content=\"https:\/\/www.aliasblindate.com\/wp-content\/uploads\/2020\/11\/porte_blindate_per_interni_header.jpg\" \/>\n\t<meta property=\"og:image:width\" content=\"1700\" \/>\n\t<meta property=\"og:image:height\" content=\"608\" \/>\n\t<meta property=\"og:image:type\" content=\"image\/jpeg\" \/>\n<meta name=\"twitter:card\" content=\"summary_large_image\" \/>\n<meta name=\"twitter:label1\" content=\"Dur\u00e9e de lecture estim\u00e9e\" \/>\n\t<meta name=\"twitter:data1\" content=\"2 minutes\" \/>\n<script type=\"application\/ld+json\" class=\"yoast-schema-graph\">{\"@context\":\"https:\/\/schema.org\",\"@graph\":[{\"@type\":\"WebPage\",\"@id\":\"https:\/\/www.aliasblindate.com\/fr\/porte-blindee-dream\/dream-ei2-30-hotel\/\",\"url\":\"https:\/\/www.aliasblindate.com\/fr\/porte-blindee-dream\/dream-ei2-30-hotel\/\",\"name\":\"DREAM EI2-30 H\u00f4tel | Alias Blindate\",\"isPartOf\":{\"@id\":\"https:\/\/www.aliasblindate.com\/fr\/#website\"},\"primaryImageOfPage\":{\"@id\":\"https:\/\/www.aliasblindate.com\/fr\/porte-blindee-dream\/dream-ei2-30-hotel\/#primaryimage\"},\"image\":{\"@id\":\"https:\/\/www.aliasblindate.com\/fr\/porte-blindee-dream\/dream-ei2-30-hotel\/#primaryimage\"},\"thumbnailUrl\":\"https:\/\/www.aliasblindate.com\/wp-content\/uploads\/2020\/11\/porte_blindate_per_interni_header.jpg\",\"datePublished\":\"2019-12-05T15:27:06+00:00\",\"dateModified\":\"2025-04-01T13:23:19+00:00\",\"description\":\"Possibilit\u00e9 d\u2019installer une serrure \u00e9lectronique avec un niveau de s\u00e9curit\u00e9 \u00e9lev\u00e9 et un maximum de confort \u00e0 distance.\",\"breadcrumb\":{\"@id\":\"https:\/\/www.aliasblindate.com\/fr\/porte-blindee-dream\/dream-ei2-30-hotel\/#breadcrumb\"},\"inLanguage\":\"fr-FR\",\"potentialAction\":[{\"@type\":\"ReadAction\",\"target\":[\"https:\/\/www.aliasblindate.com\/fr\/porte-blindee-dream\/dream-ei2-30-hotel\/\"]}]},{\"@type\":\"ImageObject\",\"inLanguage\":\"fr-FR\",\"@id\":\"https:\/\/www.aliasblindate.com\/fr\/porte-blindee-dream\/dream-ei2-30-hotel\/#primaryimage\",\"url\":\"https:\/\/www.aliasblindate.com\/wp-content\/uploads\/2020\/11\/porte_blindate_per_interni_header.jpg\",\"contentUrl\":\"https:\/\/www.aliasblindate.com\/wp-content\/uploads\/2020\/11\/porte_blindate_per_interni_header.jpg\",\"width\":1700,\"height\":608},{\"@type\":\"BreadcrumbList\",\"@id\":\"https:\/\/www.aliasblindate.com\/fr\/porte-blindee-dream\/dream-ei2-30-hotel\/#breadcrumb\",\"itemListElement\":[{\"@type\":\"ListItem\",\"position\":1,\"name\":\"Home\",\"item\":\"https:\/\/www.aliasblindate.com\/fr\/\"},{\"@type\":\"ListItem\",\"position\":2,\"name\":\"Porte blind\u00e9e DREAM\",\"item\":\"https:\/\/www.aliasblindate.com\/fr\/porte-blindee-dream\/\"},{\"@type\":\"ListItem\",\"position\":3,\"name\":\"DREAM EI2-30 H\u00f4tel\"}]},{\"@type\":\"WebSite\",\"@id\":\"https:\/\/www.aliasblindate.com\/fr\/#website\",\"url\":\"https:\/\/www.aliasblindate.com\/fr\/\",\"name\":\"Alias Blindate\",\"description\":\"\",\"publisher\":{\"@id\":\"https:\/\/www.aliasblindate.com\/fr\/#organization\"},\"potentialAction\":[{\"@type\":\"SearchAction\",\"target\":{\"@type\":\"EntryPoint\",\"urlTemplate\":\"https:\/\/www.aliasblindate.com\/fr\/?s={search_term_string}\"},\"query-input\":{\"@type\":\"PropertyValueSpecification\",\"valueRequired\":true,\"valueName\":\"search_term_string\"}}],\"inLanguage\":\"fr-FR\"},{\"@type\":\"Organization\",\"@id\":\"https:\/\/www.aliasblindate.com\/fr\/#organization\",\"name\":\"Alias Blindate\",\"url\":\"https:\/\/www.aliasblindate.com\/fr\/\",\"logo\":{\"@type\":\"ImageObject\",\"inLanguage\":\"fr-FR\",\"@id\":\"https:\/\/www.aliasblindate.com\/fr\/#\/schema\/logo\/image\/\",\"url\":\"https:\/\/www.aliasblindate.com\/wp-content\/uploads\/2019\/10\/logo@2x.png\",\"contentUrl\":\"https:\/\/www.aliasblindate.com\/wp-content\/uploads\/2019\/10\/logo@2x.png\",\"width\":498,\"height\":88,\"caption\":\"Alias Blindate\"},\"image\":{\"@id\":\"https:\/\/www.aliasblindate.com\/fr\/#\/schema\/logo\/image\/\"},\"sameAs\":[\"https:\/\/www.facebook.com\/aliasporteblindate\",\"https:\/\/www.instagram.com\/alias_porte_blindate\/\"]}]}<\/script>\n<!-- \/ Yoast SEO plugin. -->","yoast_head_json":{"title":"DREAM EI2-30 H\u00f4tel | Alias Blindate","description":"Possibilit\u00e9 d\u2019installer une serrure \u00e9lectronique avec un niveau de s\u00e9curit\u00e9 \u00e9lev\u00e9 et un maximum de confort \u00e0 distance.","robots":{"index":"index","follow":"follow","max-snippet":"max-snippet:-1","max-image-preview":"max-image-preview:large","max-video-preview":"max-video-preview:-1"},"canonical":"https:\/\/www.aliasblindate.com\/fr\/porte-blindee-dream\/dream-ei2-30-hotel\/","og_locale":"fr_FR","og_type":"article","og_title":"DREAM EI2-30 H\u00f4tel | Alias Blindate","og_description":"Possibilit\u00e9 d\u2019installer une serrure \u00e9lectronique avec un niveau de s\u00e9curit\u00e9 \u00e9lev\u00e9 et un maximum de confort \u00e0 distance.","og_url":"https:\/\/www.aliasblindate.com\/fr\/porte-blindee-dream\/dream-ei2-30-hotel\/","og_site_name":"Alias Blindate","article_publisher":"https:\/\/www.facebook.com\/aliasporteblindate","article_modified_time":"2025-04-01T13:23:19+00:00","og_image":[{"width":1700,"height":608,"url":"https:\/\/www.aliasblindate.com\/wp-content\/uploads\/2020\/11\/porte_blindate_per_interni_header.jpg","type":"image\/jpeg"}],"twitter_card":"summary_large_image","twitter_misc":{"Dur\u00e9e de lecture estim\u00e9e":"2 minutes"},"schema":{"@context":"https:\/\/schema.org","@graph":[{"@type":"WebPage","@id":"https:\/\/www.aliasblindate.com\/fr\/porte-blindee-dream\/dream-ei2-30-hotel\/","url":"https:\/\/www.aliasblindate.com\/fr\/porte-blindee-dream\/dream-ei2-30-hotel\/","name":"DREAM EI2-30 H\u00f4tel | Alias Blindate","isPartOf":{"@id":"https:\/\/www.aliasblindate.com\/fr\/#website"},"primaryImageOfPage":{"@id":"https:\/\/www.aliasblindate.com\/fr\/porte-blindee-dream\/dream-ei2-30-hotel\/#primaryimage"},"image":{"@id":"https:\/\/www.aliasblindate.com\/fr\/porte-blindee-dream\/dream-ei2-30-hotel\/#primaryimage"},"thumbnailUrl":"https:\/\/www.aliasblindate.com\/wp-content\/uploads\/2020\/11\/porte_blindate_per_interni_header.jpg","datePublished":"2019-12-05T15:27:06+00:00","dateModified":"2025-04-01T13:23:19+00:00","description":"Possibilit\u00e9 d\u2019installer une serrure \u00e9lectronique avec un niveau de s\u00e9curit\u00e9 \u00e9lev\u00e9 et un maximum de confort \u00e0 distance.","breadcrumb":{"@id":"https:\/\/www.aliasblindate.com\/fr\/porte-blindee-dream\/dream-ei2-30-hotel\/#breadcrumb"},"inLanguage":"fr-FR","potentialAction":[{"@type":"ReadAction","target":["https:\/\/www.aliasblindate.com\/fr\/porte-blindee-dream\/dream-ei2-30-hotel\/"]}]},{"@type":"ImageObject","inLanguage":"fr-FR","@id":"https:\/\/www.aliasblindate.com\/fr\/porte-blindee-dream\/dream-ei2-30-hotel\/#primaryimage","url":"https:\/\/www.aliasblindate.com\/wp-content\/uploads\/2020\/11\/porte_blindate_per_interni_header.jpg","contentUrl":"https:\/\/www.aliasblindate.com\/wp-content\/uploads\/2020\/11\/porte_blindate_per_interni_header.jpg","width":1700,"height":608},{"@type":"BreadcrumbList","@id":"https:\/\/www.aliasblindate.com\/fr\/porte-blindee-dream\/dream-ei2-30-hotel\/#breadcrumb","itemListElement":[{"@type":"ListItem","position":1,"name":"Home","item":"https:\/\/www.aliasblindate.com\/fr\/"},{"@type":"ListItem","position":2,"name":"Porte blind\u00e9e DREAM","item":"https:\/\/www.aliasblindate.com\/fr\/porte-blindee-dream\/"},{"@type":"ListItem","position":3,"name":"DREAM EI2-30 H\u00f4tel"}]},{"@type":"WebSite","@id":"https:\/\/www.aliasblindate.com\/fr\/#website","url":"https:\/\/www.aliasblindate.com\/fr\/","name":"Alias Blindate","description":"","publisher":{"@id":"https:\/\/www.aliasblindate.com\/fr\/#organization"},"potentialAction":[{"@type":"SearchAction","target":{"@type":"EntryPoint","urlTemplate":"https:\/\/www.aliasblindate.com\/fr\/?s={search_term_string}"},"query-input":{"@type":"PropertyValueSpecification","valueRequired":true,"valueName":"search_term_string"}}],"inLanguage":"fr-FR"},{"@type":"Organization","@id":"https:\/\/www.aliasblindate.com\/fr\/#organization","name":"Alias Blindate","url":"https:\/\/www.aliasblindate.com\/fr\/","logo":{"@type":"ImageObject","inLanguage":"fr-FR","@id":"https:\/\/www.aliasblindate.com\/fr\/#\/schema\/logo\/image\/","url":"https:\/\/www.aliasblindate.com\/wp-content\/uploads\/2019\/10\/logo@2x.png","contentUrl":"https:\/\/www.aliasblindate.com\/wp-content\/uploads\/2019\/10\/logo@2x.png","width":498,"height":88,"caption":"Alias Blindate"},"image":{"@id":"https:\/\/www.aliasblindate.com\/fr\/#\/schema\/logo\/image\/"},"sameAs":["https:\/\/www.facebook.com\/aliasporteblindate","https:\/\/www.instagram.com\/alias_porte_blindate\/"]}]}},"_links":{"self":[{"href":"https:\/\/www.aliasblindate.com\/fr\/wp-json\/wp\/v2\/pages\/15895"}],"collection":[{"href":"https:\/\/www.aliasblindate.com\/fr\/wp-json\/wp\/v2\/pages"}],"about":[{"href":"https:\/\/www.aliasblindate.com\/fr\/wp-json\/wp\/v2\/types\/page"}],"author":[{"embeddable":true,"href":"https:\/\/www.aliasblindate.com\/fr\/wp-json\/wp\/v2\/users\/5"}],"replies":[{"embeddable":true,"href":"https:\/\/www.aliasblindate.com\/fr\/wp-json\/wp\/v2\/comments?post=15895"}],"version-history":[{"count":14,"href":"https:\/\/www.aliasblindate.com\/fr\/wp-json\/wp\/v2\/pages\/15895\/revisions"}],"predecessor-version":[{"id":17589,"href":"https:\/\/www.aliasblindate.com\/fr\/wp-json\/wp\/v2\/pages\/15895\/revisions\/17589"}],"up":[{"embeddable":true,"href":"https:\/\/www.aliasblindate.com\/fr\/wp-json\/wp\/v2\/pages\/15836"}],"wp:featuredmedia":[{"embeddable":true,"href":"https:\/\/www.aliasblindate.com\/fr\/wp-json\/wp\/v2\/media\/6416"}],"wp:attachment":[{"href":"https:\/\/www.aliasblindate.com\/fr\/wp-json\/wp\/v2\/media?parent=15895"}],"wp:term":[{"taxonomy":"page-category","embeddable":true,"href":"https:\/\/www.aliasblindate.com\/fr\/wp-json\/wp\/v2\/page-category?post=15895"}],"curies":[{"name":"wp","href":"https:\/\/api.w.org\/{rel}","templated":true}]}}