{"id":15360,"date":"2020-12-09T12:58:52","date_gmt":"2020-12-09T11:58:52","guid":{"rendered":"https:\/\/www.aliasblindate.com\/produzione-porte-blindate-bologna\/"},"modified":"2025-01-15T12:55:54","modified_gmt":"2025-01-15T11:55:54","slug":"production-de-portes-blindees-a-bologne","status":"publish","type":"page","link":"https:\/\/www.aliasblindate.com\/fr\/production-de-portes-blindees-a-bologne\/","title":{"rendered":"PRODUCTION DE PORTES BLIND\u00c9ES \u00c0 BOLOGNE"},"content":{"rendered":"<p><img loading=\"lazy\" decoding=\"async\" class=\"size-medium wp-image-6901 alignleft\" src=\"https:\/\/www.aliasblindate.com\/wp-content\/uploads\/2020\/12\/eternal-1-300x226.jpg\" alt=\"PRODUZIONE PORTE BLINDATE BOLOGNA\" width=\"300\" height=\"226\" srcset=\"https:\/\/www.aliasblindate.com\/wp-content\/uploads\/2020\/12\/eternal-1-300x226.jpg 300w, https:\/\/www.aliasblindate.com\/wp-content\/uploads\/2020\/12\/eternal-1.jpg 570w\" sizes=\"(max-width: 300px) 100vw, 300px\" \/><\/p>\n<p style=\"font-weight: 400;\">Alias S.r.l., dont le si\u00e8ge social est situ\u00e9 via Enrico Berlinguer \u00e0 Gossolengo (PC), s&rsquo;occupe depuis 2002 de la production de portes blind\u00e9es \u00e0 Bologne et dans les provinces voisines.<\/p>\n<p style=\"font-weight: 400;\">Sa large gamme de portes blind\u00e9es de nouvelle g\u00e9n\u00e9ration, assembl\u00e9es sur des lignes de production de plus en plus automatiques et automatis\u00e9es, int\u00e8gre un contenu avec un design et une technologie des plus \u00e9lev\u00e9s.<\/p>\n<p style=\"font-weight: 400;\">Alias S.r.l., en effet, garantit une production de portes blind\u00e9es pour Bologne et ses environs avec la garantie d&rsquo;une pr\u00e9cision absolue, d&rsquo;absence de d\u00e9formations structurelles, d&rsquo;une s\u00e9curit\u00e9 maximale et d&rsquo;un design in\u00e9gal\u00e9.<\/p>\n<p style=\"font-weight: 400;\">Le processus de production, consid\u00e9rablement industrialis\u00e9 ces derni\u00e8res ann\u00e9es, assure un niveau \u00e9lev\u00e9 de qualit\u00e9 et permet de r\u00e9pondre aux besoins sp\u00e9cifiques des architectes, des designers d&rsquo;int\u00e9rieur et d&rsquo;une client\u00e8le de plus en plus inform\u00e9e et exigeante.<\/p>\n<p style=\"font-weight: 400;\">Le r\u00e9sultat de la production de portes blind\u00e9es est une gamme de produits avant-gardistes, innovants, qui concilient design, s\u00e9curit\u00e9, confort de vie et nouvelles technologies pour les serrures (\u00e9lectroniques, recyclables, etc.).<\/p>\n<p style=\"font-weight: 400;\">Toutes les portes blind\u00e9es d&rsquo;Alias S.r.l. portent la marque CE, respectent parfaitement les seuils requis pour l\u2019isolation acoustique, la transmission thermique et la r\u00e9sistance aux agents atmosph\u00e9riques (air, eau et vent), ce qui se traduit par une limitation des d\u00e9penses pour la climatisation des pi\u00e8ces.<\/p>\n<p style=\"font-weight: 400;\">De plus, la toute nouvelle ligne WING d&rsquo;Alias \u00e0 Bologne permet de choisir des portes blind\u00e9es de type affleurant, s\u2019\u00e9tendant enti\u00e8rement sur le m\u00eame plan que le mur int\u00e9rieur de votre habitation, gr\u00e2ce \u00e0 l&rsquo;installation pr\u00e9alable d&rsquo;un contre-ch\u00e2ssis sp\u00e9cifique. Cette s\u00e9rie de portes blind\u00e9es modernes et innovantes permet de fondre le blindage dans le reste de la structure et avec le <a href=\"\/fr\/portes-blindees\/portes-affleurantes-dinterieur\/le-monde-wing\/\">style d\u2019habitation.<\/a><\/p>\n<p style=\"font-weight: 400;\">L\u2019ensemble de la collection d&rsquo;Alias S.r.l. se caract\u00e9rise par une s\u00e9curit\u00e9 et une fonctionnalit\u00e9 maximales, qui ne sacrifie rien de l\u2019esth\u00e9tique et de la cr\u00e9ativit\u00e9, rendant chaque porte hautement personnalisable et polyvalente.<\/p>\n<p style=\"font-weight: 400;\">Toutes les portes blind\u00e9es int\u00e8grent un syst\u00e8me de fermeture facile et moderne, sans boutons suppl\u00e9mentaires et sans cl\u00e9s \u00e0 l&rsquo;int\u00e9rieur\u00a0: il est possible de verrouiller les commandes de s\u00e9curit\u00e9 en d\u00e9pla\u00e7ant simplement la poign\u00e9e.<\/p>\n<p style=\"font-weight: 400;\">L\u2019entreprise accorde un grand soin aux d\u00e9tails et une grande attention aux tendances avec une passion marqu\u00e9e pour le choix des mat\u00e9riaux. Dans la conception moderne du lieu d&rsquo;habitation, Alias S.r.l. interpr\u00e8te la porte blind\u00e9e comme un \u00e9l\u00e9ment qui s\u00e9pare l\u2019ext\u00e9rieur de la maison de son int\u00e9rieur, qui en garantit \u00e0 la fois la s\u00e9curit\u00e9 et l&rsquo;intimit\u00e9, mais qui doit offrir les m\u00eames \u00e9motions esth\u00e9tiques que tout autre meuble.<\/p>\n<p style=\"font-weight: 400;\">Toutes les portes blind\u00e9es d\u2019Alias S.r.l. sont certifi\u00e9es par les instituts d&rsquo;essais europ\u00e9ens les plus influents et respectent les normes Uni Env 1627-30, Uni Eni Iso 10077-2, Uni Eni Iso 140-3- Iso 717-1.<\/p>\n<p style=\"font-weight: 400;\">La philosophie de l&rsquo;entreprise repose fondamentalement sur l&rsquo;accent mis sur le client pour lui permettre une libert\u00e9 maximale dans le choix du blind\u00e9.<\/p>\n","protected":false},"excerpt":{"rendered":"<p>Alias S.r.l., dont le si\u00e8ge social est situ\u00e9 via Enrico Berlinguer \u00e0 Gossolengo (PC), s&rsquo;occupe depuis 2002 de la production de portes blind\u00e9es \u00e0 Bologne et dans les provinces voisines. Sa large gamme de portes blind\u00e9es de nouvelle g\u00e9n\u00e9ration, assembl\u00e9es sur des lignes de production de plus en plus automatiques et automatis\u00e9es, int\u00e8gre un contenu&hellip;<\/p>\n","protected":false},"author":5,"featured_media":0,"parent":0,"menu_order":0,"comment_status":"closed","ping_status":"closed","template":"","meta":{"footnotes":""},"page-category":[],"acf":[],"yoast_head":"<!-- This site is optimized with the Yoast SEO plugin v23.5 - https:\/\/yoast.com\/wordpress\/plugins\/seo\/ -->\n<title>PRODUCTION DE PORTES BLIND\u00c9ES \u00c0 BOLOGNE | Alias Blindate<\/title>\n<meta name=\"description\" content=\"Alias Blind\u00e9es a fait sa sp\u00e9cialit\u00e9 de la production de portes blind\u00e9es \u00e0 Bologne et dans la province alentour: trouvez la porte parfaite pour vous.\" \/>\n<meta name=\"robots\" content=\"index, follow, max-snippet:-1, max-image-preview:large, max-video-preview:-1\" \/>\n<link rel=\"canonical\" href=\"https:\/\/www.aliasblindate.com\/fr\/production-de-portes-blindees-a-bologne\/\" \/>\n<meta property=\"og:locale\" content=\"fr_FR\" \/>\n<meta property=\"og:type\" content=\"article\" \/>\n<meta property=\"og:title\" content=\"PRODUCTION DE PORTES BLIND\u00c9ES \u00c0 BOLOGNE | Alias Blindate\" \/>\n<meta property=\"og:description\" content=\"Alias Blind\u00e9es a fait sa sp\u00e9cialit\u00e9 de la production de portes blind\u00e9es \u00e0 Bologne et dans la province alentour: trouvez la porte parfaite pour vous.\" \/>\n<meta property=\"og:url\" content=\"https:\/\/www.aliasblindate.com\/fr\/production-de-portes-blindees-a-bologne\/\" \/>\n<meta property=\"og:site_name\" content=\"Alias Blindate\" \/>\n<meta property=\"article:publisher\" content=\"https:\/\/www.facebook.com\/aliasporteblindate\" \/>\n<meta property=\"article:modified_time\" content=\"2025-01-15T11:55:54+00:00\" \/>\n<meta property=\"og:image\" content=\"https:\/\/www.aliasblindate.com\/wp-content\/uploads\/2020\/12\/eternal-1-300x226.jpg\" \/>\n<meta name=\"twitter:card\" content=\"summary_large_image\" \/>\n<meta name=\"twitter:label1\" content=\"Dur\u00e9e de lecture estim\u00e9e\" \/>\n\t<meta name=\"twitter:data1\" content=\"3 minutes\" \/>\n<script type=\"application\/ld+json\" class=\"yoast-schema-graph\">{\"@context\":\"https:\/\/schema.org\",\"@graph\":[{\"@type\":\"WebPage\",\"@id\":\"https:\/\/www.aliasblindate.com\/fr\/production-de-portes-blindees-a-bologne\/\",\"url\":\"https:\/\/www.aliasblindate.com\/fr\/production-de-portes-blindees-a-bologne\/\",\"name\":\"PRODUCTION DE PORTES BLIND\u00c9ES \u00c0 BOLOGNE | Alias Blindate\",\"isPartOf\":{\"@id\":\"https:\/\/www.aliasblindate.com\/fr\/#website\"},\"primaryImageOfPage\":{\"@id\":\"https:\/\/www.aliasblindate.com\/fr\/production-de-portes-blindees-a-bologne\/#primaryimage\"},\"image\":{\"@id\":\"https:\/\/www.aliasblindate.com\/fr\/production-de-portes-blindees-a-bologne\/#primaryimage\"},\"thumbnailUrl\":\"https:\/\/www.aliasblindate.com\/wp-content\/uploads\/2020\/12\/eternal-1-300x226.jpg\",\"datePublished\":\"2020-12-09T11:58:52+00:00\",\"dateModified\":\"2025-01-15T11:55:54+00:00\",\"description\":\"Alias Blind\u00e9es a fait sa sp\u00e9cialit\u00e9 de la production de portes blind\u00e9es \u00e0 Bologne et dans la province alentour: trouvez la porte parfaite pour vous.\",\"breadcrumb\":{\"@id\":\"https:\/\/www.aliasblindate.com\/fr\/production-de-portes-blindees-a-bologne\/#breadcrumb\"},\"inLanguage\":\"fr-FR\",\"potentialAction\":[{\"@type\":\"ReadAction\",\"target\":[\"https:\/\/www.aliasblindate.com\/fr\/production-de-portes-blindees-a-bologne\/\"]}]},{\"@type\":\"ImageObject\",\"inLanguage\":\"fr-FR\",\"@id\":\"https:\/\/www.aliasblindate.com\/fr\/production-de-portes-blindees-a-bologne\/#primaryimage\",\"url\":\"https:\/\/www.aliasblindate.com\/wp-content\/uploads\/2020\/12\/eternal-1-300x226.jpg\",\"contentUrl\":\"https:\/\/www.aliasblindate.com\/wp-content\/uploads\/2020\/12\/eternal-1-300x226.jpg\"},{\"@type\":\"BreadcrumbList\",\"@id\":\"https:\/\/www.aliasblindate.com\/fr\/production-de-portes-blindees-a-bologne\/#breadcrumb\",\"itemListElement\":[{\"@type\":\"ListItem\",\"position\":1,\"name\":\"Home\",\"item\":\"https:\/\/www.aliasblindate.com\/fr\/\"},{\"@type\":\"ListItem\",\"position\":2,\"name\":\"PRODUCTION DE PORTES BLIND\u00c9ES \u00c0 BOLOGNE\"}]},{\"@type\":\"WebSite\",\"@id\":\"https:\/\/www.aliasblindate.com\/fr\/#website\",\"url\":\"https:\/\/www.aliasblindate.com\/fr\/\",\"name\":\"Alias Blindate\",\"description\":\"\",\"publisher\":{\"@id\":\"https:\/\/www.aliasblindate.com\/fr\/#organization\"},\"potentialAction\":[{\"@type\":\"SearchAction\",\"target\":{\"@type\":\"EntryPoint\",\"urlTemplate\":\"https:\/\/www.aliasblindate.com\/fr\/?s={search_term_string}\"},\"query-input\":{\"@type\":\"PropertyValueSpecification\",\"valueRequired\":true,\"valueName\":\"search_term_string\"}}],\"inLanguage\":\"fr-FR\"},{\"@type\":\"Organization\",\"@id\":\"https:\/\/www.aliasblindate.com\/fr\/#organization\",\"name\":\"Alias Blindate\",\"url\":\"https:\/\/www.aliasblindate.com\/fr\/\",\"logo\":{\"@type\":\"ImageObject\",\"inLanguage\":\"fr-FR\",\"@id\":\"https:\/\/www.aliasblindate.com\/fr\/#\/schema\/logo\/image\/\",\"url\":\"https:\/\/www.aliasblindate.com\/wp-content\/uploads\/2019\/10\/logo@2x.png\",\"contentUrl\":\"https:\/\/www.aliasblindate.com\/wp-content\/uploads\/2019\/10\/logo@2x.png\",\"width\":498,\"height\":88,\"caption\":\"Alias Blindate\"},\"image\":{\"@id\":\"https:\/\/www.aliasblindate.com\/fr\/#\/schema\/logo\/image\/\"},\"sameAs\":[\"https:\/\/www.facebook.com\/aliasporteblindate\",\"https:\/\/www.instagram.com\/alias_porte_blindate\/\"]}]}<\/script>\n<!-- \/ Yoast SEO plugin. -->","yoast_head_json":{"title":"PRODUCTION DE PORTES BLIND\u00c9ES \u00c0 BOLOGNE | Alias Blindate","description":"Alias Blind\u00e9es a fait sa sp\u00e9cialit\u00e9 de la production de portes blind\u00e9es \u00e0 Bologne et dans la province alentour: trouvez la porte parfaite pour vous.","robots":{"index":"index","follow":"follow","max-snippet":"max-snippet:-1","max-image-preview":"max-image-preview:large","max-video-preview":"max-video-preview:-1"},"canonical":"https:\/\/www.aliasblindate.com\/fr\/production-de-portes-blindees-a-bologne\/","og_locale":"fr_FR","og_type":"article","og_title":"PRODUCTION DE PORTES BLIND\u00c9ES \u00c0 BOLOGNE | Alias Blindate","og_description":"Alias Blind\u00e9es a fait sa sp\u00e9cialit\u00e9 de la production de portes blind\u00e9es \u00e0 Bologne et dans la province alentour: trouvez la porte parfaite pour vous.","og_url":"https:\/\/www.aliasblindate.com\/fr\/production-de-portes-blindees-a-bologne\/","og_site_name":"Alias Blindate","article_publisher":"https:\/\/www.facebook.com\/aliasporteblindate","article_modified_time":"2025-01-15T11:55:54+00:00","og_image":[{"url":"https:\/\/www.aliasblindate.com\/wp-content\/uploads\/2020\/12\/eternal-1-300x226.jpg"}],"twitter_card":"summary_large_image","twitter_misc":{"Dur\u00e9e de lecture estim\u00e9e":"3 minutes"},"schema":{"@context":"https:\/\/schema.org","@graph":[{"@type":"WebPage","@id":"https:\/\/www.aliasblindate.com\/fr\/production-de-portes-blindees-a-bologne\/","url":"https:\/\/www.aliasblindate.com\/fr\/production-de-portes-blindees-a-bologne\/","name":"PRODUCTION DE PORTES BLIND\u00c9ES \u00c0 BOLOGNE | Alias Blindate","isPartOf":{"@id":"https:\/\/www.aliasblindate.com\/fr\/#website"},"primaryImageOfPage":{"@id":"https:\/\/www.aliasblindate.com\/fr\/production-de-portes-blindees-a-bologne\/#primaryimage"},"image":{"@id":"https:\/\/www.aliasblindate.com\/fr\/production-de-portes-blindees-a-bologne\/#primaryimage"},"thumbnailUrl":"https:\/\/www.aliasblindate.com\/wp-content\/uploads\/2020\/12\/eternal-1-300x226.jpg","datePublished":"2020-12-09T11:58:52+00:00","dateModified":"2025-01-15T11:55:54+00:00","description":"Alias Blind\u00e9es a fait sa sp\u00e9cialit\u00e9 de la production de portes blind\u00e9es \u00e0 Bologne et dans la province alentour: trouvez la porte parfaite pour vous.","breadcrumb":{"@id":"https:\/\/www.aliasblindate.com\/fr\/production-de-portes-blindees-a-bologne\/#breadcrumb"},"inLanguage":"fr-FR","potentialAction":[{"@type":"ReadAction","target":["https:\/\/www.aliasblindate.com\/fr\/production-de-portes-blindees-a-bologne\/"]}]},{"@type":"ImageObject","inLanguage":"fr-FR","@id":"https:\/\/www.aliasblindate.com\/fr\/production-de-portes-blindees-a-bologne\/#primaryimage","url":"https:\/\/www.aliasblindate.com\/wp-content\/uploads\/2020\/12\/eternal-1-300x226.jpg","contentUrl":"https:\/\/www.aliasblindate.com\/wp-content\/uploads\/2020\/12\/eternal-1-300x226.jpg"},{"@type":"BreadcrumbList","@id":"https:\/\/www.aliasblindate.com\/fr\/production-de-portes-blindees-a-bologne\/#breadcrumb","itemListElement":[{"@type":"ListItem","position":1,"name":"Home","item":"https:\/\/www.aliasblindate.com\/fr\/"},{"@type":"ListItem","position":2,"name":"PRODUCTION DE PORTES BLIND\u00c9ES \u00c0 BOLOGNE"}]},{"@type":"WebSite","@id":"https:\/\/www.aliasblindate.com\/fr\/#website","url":"https:\/\/www.aliasblindate.com\/fr\/","name":"Alias Blindate","description":"","publisher":{"@id":"https:\/\/www.aliasblindate.com\/fr\/#organization"},"potentialAction":[{"@type":"SearchAction","target":{"@type":"EntryPoint","urlTemplate":"https:\/\/www.aliasblindate.com\/fr\/?s={search_term_string}"},"query-input":{"@type":"PropertyValueSpecification","valueRequired":true,"valueName":"search_term_string"}}],"inLanguage":"fr-FR"},{"@type":"Organization","@id":"https:\/\/www.aliasblindate.com\/fr\/#organization","name":"Alias Blindate","url":"https:\/\/www.aliasblindate.com\/fr\/","logo":{"@type":"ImageObject","inLanguage":"fr-FR","@id":"https:\/\/www.aliasblindate.com\/fr\/#\/schema\/logo\/image\/","url":"https:\/\/www.aliasblindate.com\/wp-content\/uploads\/2019\/10\/logo@2x.png","contentUrl":"https:\/\/www.aliasblindate.com\/wp-content\/uploads\/2019\/10\/logo@2x.png","width":498,"height":88,"caption":"Alias Blindate"},"image":{"@id":"https:\/\/www.aliasblindate.com\/fr\/#\/schema\/logo\/image\/"},"sameAs":["https:\/\/www.facebook.com\/aliasporteblindate","https:\/\/www.instagram.com\/alias_porte_blindate\/"]}]}},"_links":{"self":[{"href":"https:\/\/www.aliasblindate.com\/fr\/wp-json\/wp\/v2\/pages\/15360"}],"collection":[{"href":"https:\/\/www.aliasblindate.com\/fr\/wp-json\/wp\/v2\/pages"}],"about":[{"href":"https:\/\/www.aliasblindate.com\/fr\/wp-json\/wp\/v2\/types\/page"}],"author":[{"embeddable":true,"href":"https:\/\/www.aliasblindate.com\/fr\/wp-json\/wp\/v2\/users\/5"}],"replies":[{"embeddable":true,"href":"https:\/\/www.aliasblindate.com\/fr\/wp-json\/wp\/v2\/comments?post=15360"}],"version-history":[{"count":4,"href":"https:\/\/www.aliasblindate.com\/fr\/wp-json\/wp\/v2\/pages\/15360\/revisions"}],"predecessor-version":[{"id":17514,"href":"https:\/\/www.aliasblindate.com\/fr\/wp-json\/wp\/v2\/pages\/15360\/revisions\/17514"}],"wp:attachment":[{"href":"https:\/\/www.aliasblindate.com\/fr\/wp-json\/wp\/v2\/media?parent=15360"}],"wp:term":[{"taxonomy":"page-category","embeddable":true,"href":"https:\/\/www.aliasblindate.com\/fr\/wp-json\/wp\/v2\/page-category?post=15360"}],"curies":[{"name":"wp","href":"https:\/\/api.w.org\/{rel}","templated":true}]}}