{"id":15353,"date":"2020-06-18T18:25:14","date_gmt":"2020-06-18T16:25:14","guid":{"rendered":"https:\/\/www.aliasblindate.com\/portes-blindees\/porte-raso-muro-esterno\/"},"modified":"2025-01-15T13:16:43","modified_gmt":"2025-01-15T12:16:43","slug":"portes-externes-affleurantes","status":"publish","type":"page","link":"https:\/\/www.aliasblindate.com\/fr\/portes-blindees\/portes-externes-affleurantes\/","title":{"rendered":"Portes externes affleurantes"},"content":{"rendered":"\n<section class=\"scw-title-block scw-title-block--with-menu title-wrapper has-thumb\">\n\t<div class=\"scw-title-block__menu-row\">\n\t\t<div class=\"scw-title-block__menu-title\">Cat\u00e9gorie<\/div>\n\t\t\t\t\t<div class=\"scw-title-block__menu-wrapper\">\n\t\t\t\t<div class=\"scw-title-block__menu-item\">\n\t\t\t\t\t<a href=\"#\" class=\"scw-title-block__menu-item-link scw-title-block__menu-toggle\">Portes externes affleurantes <i class=\"fa icon-down-open-big\"><\/i><\/a>\n\t\t\t\t\t<div class=\"scw-title-block__submenu\">\n\t\t\t\t\t\t\n\t\t\t\t\t\t\t<div class=\"scw-title-block__menu-item\">\n\t\t\t\t\t\t\t\t<a href=\"https:\/\/www.aliasblindate.com\/fr\/portes-blindees\/composants-et-accessoires\/poignees\/\" class=\"scw-title-block__menu-item-link\">Poign\u00e9es<\/a>\n\t\t\t\t\t\t\t<\/div>\n\n\t\t\t\t\t\t\t\n\t\t\t\t\t\t\t<div class=\"scw-title-block__menu-item\">\n\t\t\t\t\t\t\t\t<a href=\"https:\/\/www.aliasblindate.com\/fr\/portes-blindees\/composants-et-accessoires\/serrures-motorisees\/\" class=\"scw-title-block__menu-item-link\">Serrures pour portes blind\u00e9es motoris\u00e9es<\/a>\n\t\t\t\t\t\t\t<\/div>\n\n\t\t\t\t\t\t\t\n\t\t\t\t\t\t\t<div class=\"scw-title-block__menu-item\">\n\t\t\t\t\t\t\t\t<a href=\"https:\/\/www.aliasblindate.com\/fr\/portes-blindees\/composants-et-accessoires\/finitions-chassis-et-profiles-de-perimetre\/\" class=\"scw-title-block__menu-item-link\">Finitions cadres et profil\u00e9s de p\u00e9rim\u00e8tre<\/a>\n\t\t\t\t\t\t\t<\/div>\n\n\t\t\t\t\t\t\t\n\t\t\t\t\t\t\t<div class=\"scw-title-block__menu-item\">\n\t\t\t\t\t\t\t\t<a href=\"https:\/\/www.aliasblindate.com\/fr\/portes-blindees\/composants-et-accessoires\/impostes-et-fenetres-laterales\/\" class=\"scw-title-block__menu-item-link\">IMPOSTES ET PARTIES FIXES LAT\u00c9RALES<\/a>\n\t\t\t\t\t\t\t<\/div>\n\n\t\t\t\t\t\t\t\t\t\t\t\t<\/div>\n\t\t\t\t<\/div>\n\t\t\t<\/div>\n\t\t\t\t<\/div>\n\t<div class=\"two-columns\">\n\t\t<div class=\"single-title\"><h1 class=\"scw-title\">IMPOSTES ET PARTIES FIXES LAT\u00c9RALES<\/div>\n\n\t\t\t\t\t<div class=\"anchor\">\n\t\t\t\t<a href=\"#start\" class=\"anchor-btn\">D\u00e9couvrez les d\u00e9tails <i class=\"fa icon-down-open\"><\/i><\/a>\n\t\t\t<\/div>\n\t\t\t<\/div>\n<\/section>\n\n<section id=\"start\" class=\"description-wrapper \">\n\t\t\t<div class=\"description\">\n\t\t\t<p>Avec <strong>Kit E-Wall<\/strong>, votre porte est couverte d\u2019un rev\u00eatement \u00e9l\u00e9gant, totalement invisible du c\u00f4t\u00e9 ext\u00e9rieur.<br \/>\nGr\u00e2ce \u00e0 un syst\u00e8me innovant adapt\u00e9 \u00e0 tout type de porte blind\u00e9e, \u00e9quip\u00e9e ou non de charni\u00e8res apparentes, le <strong>kit E-Wall<\/strong> vous permet de transformer l\u2019espace ext\u00e9rieur d&rsquo;une entr\u00e9e et de lui donner la personnalit\u00e9 d&rsquo;une porte totalement \u00e0 ras de mur, sans faire l&rsquo;impasse sur la s\u00e9curit\u00e9 maximale.<br \/>\n&#8230;et lorsque vous approcherez les cl\u00e9s de la serrure, ce sera comme entrer dans une robe Armani cousue sur mesure pour votre maison&#8230;<\/p>\n\t\t<\/div>\n\t\t<\/section>\n\n\n\t<section class=\"gallery-wrapper\">\n\t\t\t<div class=\"gallery-carousel owl-carousel owl-theme\">\n\t\t\t\t\t<a class=\"dt-pswp-item\" href=\"https:\/\/www.aliasblindate.com\/wp-content\/uploads\/2020\/12\/2-GALLERY-PORTE-RASO-MURO-ESTERNO-OK.jpg\" data-large_image_width=\"1800\" data-large_image_height=\"1200\">\n\t\t\t\t<img loading=\"lazy\" decoding=\"async\" width=\"1200\" height=\"730\" src=\"https:\/\/www.aliasblindate.com\/wp-content\/uploads\/2020\/12\/2-GALLERY-PORTE-RASO-MURO-ESTERNO-OK-1200x730.jpg\" data-src=\"https:\/\/www.aliasblindate.com\/wp-content\/uploads\/2020\/12\/2-GALLERY-PORTE-RASO-MURO-ESTERNO-OK-1200x730.jpg\" class=\"owl-lazy\" srcset=\"\">\n\t\t\t<\/a>\n\t\t\t\t\t\t<a class=\"dt-pswp-item\" href=\"https:\/\/www.aliasblindate.com\/wp-content\/uploads\/2020\/09\/2-RASOMURO-ESTERNO.jpg\" data-large_image_width=\"1700\" data-large_image_height=\"1006\">\n\t\t\t\t<img loading=\"lazy\" decoding=\"async\" width=\"1200\" height=\"730\" src=\"https:\/\/www.aliasblindate.com\/wp-content\/uploads\/2020\/09\/2-RASOMURO-ESTERNO-1200x730.jpg\" data-src=\"https:\/\/www.aliasblindate.com\/wp-content\/uploads\/2020\/09\/2-RASOMURO-ESTERNO-1200x730.jpg\" class=\"owl-lazy\" srcset=\"\">\n\t\t\t<\/a>\n\t\t\t\t<\/div>\n\t\t\t<div class=\"gallery-nav \">\n\t\t\t\t\t\t\t<div class=\"thumb\" data-slide=\"0\" style=\"background-image: url(https:\/\/www.aliasblindate.com\/wp-content\/uploads\/2020\/12\/2-GALLERY-PORTE-RASO-MURO-ESTERNO-OK-150x150.jpg)\"><\/div>\n\t\t\t\t\t\t\t\t<div class=\"thumb\" data-slide=\"1\" style=\"background-image: url(https:\/\/www.aliasblindate.com\/wp-content\/uploads\/2020\/09\/2-RASOMURO-ESTERNO-150x150.jpg)\"><\/div>\n\t\t\t\t\t\t<\/div>\n\t<\/section>\n\t","protected":false},"excerpt":{"rendered":"","protected":false},"author":5,"featured_media":8200,"parent":15256,"menu_order":2,"comment_status":"closed","ping_status":"closed","template":"","meta":{"footnotes":""},"page-category":[70],"acf":[],"yoast_head":"<!-- This site is optimized with the Yoast SEO plugin v23.5 - https:\/\/yoast.com\/wordpress\/plugins\/seo\/ -->\n<title>Porte Blind\u00e9e affleurante ext\u00e9rieur | Alias Blindate<\/title>\n<meta name=\"description\" content=\"Vous recherchez des portes blind\u00e9es externes affleurantes? D\u00e9couvrez le kit E-Wall d&#039;Alias\u00a0: une solution qui transforme l&#039;entr\u00e9e en lui donnant de la personnalit\u00e9 et un maximum de s\u00e9curit\u00e9.\" \/>\n<meta name=\"robots\" content=\"index, follow, max-snippet:-1, max-image-preview:large, max-video-preview:-1\" \/>\n<link rel=\"canonical\" href=\"https:\/\/www.aliasblindate.com\/fr\/portes-blindees\/portes-externes-affleurantes\/\" \/>\n<meta property=\"og:locale\" content=\"fr_FR\" \/>\n<meta property=\"og:type\" content=\"article\" \/>\n<meta property=\"og:title\" content=\"Porte Blind\u00e9e affleurante ext\u00e9rieur | Alias Blindate\" \/>\n<meta property=\"og:description\" content=\"Vous recherchez des portes blind\u00e9es externes affleurantes? D\u00e9couvrez le kit E-Wall d&#039;Alias\u00a0: une solution qui transforme l&#039;entr\u00e9e en lui donnant de la personnalit\u00e9 et un maximum de s\u00e9curit\u00e9.\" \/>\n<meta property=\"og:url\" content=\"https:\/\/www.aliasblindate.com\/fr\/portes-blindees\/portes-externes-affleurantes\/\" \/>\n<meta property=\"og:site_name\" content=\"Alias Blindate\" \/>\n<meta property=\"article:publisher\" content=\"https:\/\/www.facebook.com\/aliasporteblindate\" \/>\n<meta property=\"article:modified_time\" content=\"2025-01-15T12:16:43+00:00\" \/>\n<meta property=\"og:image\" content=\"https:\/\/www.aliasblindate.com\/wp-content\/uploads\/2020\/12\/1-TESTATA-RASOMURO-ESTERNO.jpg\" \/>\n\t<meta property=\"og:image:width\" content=\"1650\" \/>\n\t<meta property=\"og:image:height\" content=\"590\" \/>\n\t<meta property=\"og:image:type\" content=\"image\/jpeg\" \/>\n<meta name=\"twitter:card\" content=\"summary_large_image\" \/>\n<meta name=\"twitter:label1\" content=\"Dur\u00e9e de lecture estim\u00e9e\" \/>\n\t<meta name=\"twitter:data1\" content=\"1 minute\" \/>\n<script type=\"application\/ld+json\" class=\"yoast-schema-graph\">{\"@context\":\"https:\/\/schema.org\",\"@graph\":[{\"@type\":\"WebPage\",\"@id\":\"https:\/\/www.aliasblindate.com\/fr\/portes-blindees\/portes-externes-affleurantes\/\",\"url\":\"https:\/\/www.aliasblindate.com\/fr\/portes-blindees\/portes-externes-affleurantes\/\",\"name\":\"Porte Blind\u00e9e affleurante ext\u00e9rieur | Alias Blindate\",\"isPartOf\":{\"@id\":\"https:\/\/www.aliasblindate.com\/fr\/#website\"},\"primaryImageOfPage\":{\"@id\":\"https:\/\/www.aliasblindate.com\/fr\/portes-blindees\/portes-externes-affleurantes\/#primaryimage\"},\"image\":{\"@id\":\"https:\/\/www.aliasblindate.com\/fr\/portes-blindees\/portes-externes-affleurantes\/#primaryimage\"},\"thumbnailUrl\":\"https:\/\/www.aliasblindate.com\/wp-content\/uploads\/2020\/12\/1-TESTATA-RASOMURO-ESTERNO.jpg\",\"datePublished\":\"2020-06-18T16:25:14+00:00\",\"dateModified\":\"2025-01-15T12:16:43+00:00\",\"description\":\"Vous recherchez des portes blind\u00e9es externes affleurantes? D\u00e9couvrez le kit E-Wall d'Alias\u00a0: une solution qui transforme l'entr\u00e9e en lui donnant de la personnalit\u00e9 et un maximum de s\u00e9curit\u00e9.\",\"breadcrumb\":{\"@id\":\"https:\/\/www.aliasblindate.com\/fr\/portes-blindees\/portes-externes-affleurantes\/#breadcrumb\"},\"inLanguage\":\"fr-FR\",\"potentialAction\":[{\"@type\":\"ReadAction\",\"target\":[\"https:\/\/www.aliasblindate.com\/fr\/portes-blindees\/portes-externes-affleurantes\/\"]}]},{\"@type\":\"ImageObject\",\"inLanguage\":\"fr-FR\",\"@id\":\"https:\/\/www.aliasblindate.com\/fr\/portes-blindees\/portes-externes-affleurantes\/#primaryimage\",\"url\":\"https:\/\/www.aliasblindate.com\/wp-content\/uploads\/2020\/12\/1-TESTATA-RASOMURO-ESTERNO.jpg\",\"contentUrl\":\"https:\/\/www.aliasblindate.com\/wp-content\/uploads\/2020\/12\/1-TESTATA-RASOMURO-ESTERNO.jpg\",\"width\":1650,\"height\":590},{\"@type\":\"BreadcrumbList\",\"@id\":\"https:\/\/www.aliasblindate.com\/fr\/portes-blindees\/portes-externes-affleurantes\/#breadcrumb\",\"itemListElement\":[{\"@type\":\"ListItem\",\"position\":1,\"name\":\"Home\",\"item\":\"https:\/\/www.aliasblindate.com\/fr\/\"},{\"@type\":\"ListItem\",\"position\":2,\"name\":\"Portes blind\u00e9es\",\"item\":\"https:\/\/www.aliasblindate.com\/fr\/portes-blindees\/\"},{\"@type\":\"ListItem\",\"position\":3,\"name\":\"Portes externes affleurantes\"}]},{\"@type\":\"WebSite\",\"@id\":\"https:\/\/www.aliasblindate.com\/fr\/#website\",\"url\":\"https:\/\/www.aliasblindate.com\/fr\/\",\"name\":\"Alias Blindate\",\"description\":\"\",\"publisher\":{\"@id\":\"https:\/\/www.aliasblindate.com\/fr\/#organization\"},\"potentialAction\":[{\"@type\":\"SearchAction\",\"target\":{\"@type\":\"EntryPoint\",\"urlTemplate\":\"https:\/\/www.aliasblindate.com\/fr\/?s={search_term_string}\"},\"query-input\":{\"@type\":\"PropertyValueSpecification\",\"valueRequired\":true,\"valueName\":\"search_term_string\"}}],\"inLanguage\":\"fr-FR\"},{\"@type\":\"Organization\",\"@id\":\"https:\/\/www.aliasblindate.com\/fr\/#organization\",\"name\":\"Alias Blindate\",\"url\":\"https:\/\/www.aliasblindate.com\/fr\/\",\"logo\":{\"@type\":\"ImageObject\",\"inLanguage\":\"fr-FR\",\"@id\":\"https:\/\/www.aliasblindate.com\/fr\/#\/schema\/logo\/image\/\",\"url\":\"https:\/\/www.aliasblindate.com\/wp-content\/uploads\/2019\/10\/logo@2x.png\",\"contentUrl\":\"https:\/\/www.aliasblindate.com\/wp-content\/uploads\/2019\/10\/logo@2x.png\",\"width\":498,\"height\":88,\"caption\":\"Alias Blindate\"},\"image\":{\"@id\":\"https:\/\/www.aliasblindate.com\/fr\/#\/schema\/logo\/image\/\"},\"sameAs\":[\"https:\/\/www.facebook.com\/aliasporteblindate\",\"https:\/\/www.instagram.com\/alias_porte_blindate\/\"]}]}<\/script>\n<!-- \/ Yoast SEO plugin. -->","yoast_head_json":{"title":"Porte Blind\u00e9e affleurante ext\u00e9rieur | Alias Blindate","description":"Vous recherchez des portes blind\u00e9es externes affleurantes? D\u00e9couvrez le kit E-Wall d'Alias\u00a0: une solution qui transforme l'entr\u00e9e en lui donnant de la personnalit\u00e9 et un maximum de s\u00e9curit\u00e9.","robots":{"index":"index","follow":"follow","max-snippet":"max-snippet:-1","max-image-preview":"max-image-preview:large","max-video-preview":"max-video-preview:-1"},"canonical":"https:\/\/www.aliasblindate.com\/fr\/portes-blindees\/portes-externes-affleurantes\/","og_locale":"fr_FR","og_type":"article","og_title":"Porte Blind\u00e9e affleurante ext\u00e9rieur | Alias Blindate","og_description":"Vous recherchez des portes blind\u00e9es externes affleurantes? D\u00e9couvrez le kit E-Wall d'Alias\u00a0: une solution qui transforme l'entr\u00e9e en lui donnant de la personnalit\u00e9 et un maximum de s\u00e9curit\u00e9.","og_url":"https:\/\/www.aliasblindate.com\/fr\/portes-blindees\/portes-externes-affleurantes\/","og_site_name":"Alias Blindate","article_publisher":"https:\/\/www.facebook.com\/aliasporteblindate","article_modified_time":"2025-01-15T12:16:43+00:00","og_image":[{"width":1650,"height":590,"url":"https:\/\/www.aliasblindate.com\/wp-content\/uploads\/2020\/12\/1-TESTATA-RASOMURO-ESTERNO.jpg","type":"image\/jpeg"}],"twitter_card":"summary_large_image","twitter_misc":{"Dur\u00e9e de lecture estim\u00e9e":"1 minute"},"schema":{"@context":"https:\/\/schema.org","@graph":[{"@type":"WebPage","@id":"https:\/\/www.aliasblindate.com\/fr\/portes-blindees\/portes-externes-affleurantes\/","url":"https:\/\/www.aliasblindate.com\/fr\/portes-blindees\/portes-externes-affleurantes\/","name":"Porte Blind\u00e9e affleurante ext\u00e9rieur | Alias Blindate","isPartOf":{"@id":"https:\/\/www.aliasblindate.com\/fr\/#website"},"primaryImageOfPage":{"@id":"https:\/\/www.aliasblindate.com\/fr\/portes-blindees\/portes-externes-affleurantes\/#primaryimage"},"image":{"@id":"https:\/\/www.aliasblindate.com\/fr\/portes-blindees\/portes-externes-affleurantes\/#primaryimage"},"thumbnailUrl":"https:\/\/www.aliasblindate.com\/wp-content\/uploads\/2020\/12\/1-TESTATA-RASOMURO-ESTERNO.jpg","datePublished":"2020-06-18T16:25:14+00:00","dateModified":"2025-01-15T12:16:43+00:00","description":"Vous recherchez des portes blind\u00e9es externes affleurantes? D\u00e9couvrez le kit E-Wall d'Alias\u00a0: une solution qui transforme l'entr\u00e9e en lui donnant de la personnalit\u00e9 et un maximum de s\u00e9curit\u00e9.","breadcrumb":{"@id":"https:\/\/www.aliasblindate.com\/fr\/portes-blindees\/portes-externes-affleurantes\/#breadcrumb"},"inLanguage":"fr-FR","potentialAction":[{"@type":"ReadAction","target":["https:\/\/www.aliasblindate.com\/fr\/portes-blindees\/portes-externes-affleurantes\/"]}]},{"@type":"ImageObject","inLanguage":"fr-FR","@id":"https:\/\/www.aliasblindate.com\/fr\/portes-blindees\/portes-externes-affleurantes\/#primaryimage","url":"https:\/\/www.aliasblindate.com\/wp-content\/uploads\/2020\/12\/1-TESTATA-RASOMURO-ESTERNO.jpg","contentUrl":"https:\/\/www.aliasblindate.com\/wp-content\/uploads\/2020\/12\/1-TESTATA-RASOMURO-ESTERNO.jpg","width":1650,"height":590},{"@type":"BreadcrumbList","@id":"https:\/\/www.aliasblindate.com\/fr\/portes-blindees\/portes-externes-affleurantes\/#breadcrumb","itemListElement":[{"@type":"ListItem","position":1,"name":"Home","item":"https:\/\/www.aliasblindate.com\/fr\/"},{"@type":"ListItem","position":2,"name":"Portes blind\u00e9es","item":"https:\/\/www.aliasblindate.com\/fr\/portes-blindees\/"},{"@type":"ListItem","position":3,"name":"Portes externes affleurantes"}]},{"@type":"WebSite","@id":"https:\/\/www.aliasblindate.com\/fr\/#website","url":"https:\/\/www.aliasblindate.com\/fr\/","name":"Alias Blindate","description":"","publisher":{"@id":"https:\/\/www.aliasblindate.com\/fr\/#organization"},"potentialAction":[{"@type":"SearchAction","target":{"@type":"EntryPoint","urlTemplate":"https:\/\/www.aliasblindate.com\/fr\/?s={search_term_string}"},"query-input":{"@type":"PropertyValueSpecification","valueRequired":true,"valueName":"search_term_string"}}],"inLanguage":"fr-FR"},{"@type":"Organization","@id":"https:\/\/www.aliasblindate.com\/fr\/#organization","name":"Alias Blindate","url":"https:\/\/www.aliasblindate.com\/fr\/","logo":{"@type":"ImageObject","inLanguage":"fr-FR","@id":"https:\/\/www.aliasblindate.com\/fr\/#\/schema\/logo\/image\/","url":"https:\/\/www.aliasblindate.com\/wp-content\/uploads\/2019\/10\/logo@2x.png","contentUrl":"https:\/\/www.aliasblindate.com\/wp-content\/uploads\/2019\/10\/logo@2x.png","width":498,"height":88,"caption":"Alias Blindate"},"image":{"@id":"https:\/\/www.aliasblindate.com\/fr\/#\/schema\/logo\/image\/"},"sameAs":["https:\/\/www.facebook.com\/aliasporteblindate","https:\/\/www.instagram.com\/alias_porte_blindate\/"]}]}},"_links":{"self":[{"href":"https:\/\/www.aliasblindate.com\/fr\/wp-json\/wp\/v2\/pages\/15353"}],"collection":[{"href":"https:\/\/www.aliasblindate.com\/fr\/wp-json\/wp\/v2\/pages"}],"about":[{"href":"https:\/\/www.aliasblindate.com\/fr\/wp-json\/wp\/v2\/types\/page"}],"author":[{"embeddable":true,"href":"https:\/\/www.aliasblindate.com\/fr\/wp-json\/wp\/v2\/users\/5"}],"replies":[{"embeddable":true,"href":"https:\/\/www.aliasblindate.com\/fr\/wp-json\/wp\/v2\/comments?post=15353"}],"version-history":[{"count":7,"href":"https:\/\/www.aliasblindate.com\/fr\/wp-json\/wp\/v2\/pages\/15353\/revisions"}],"predecessor-version":[{"id":16157,"href":"https:\/\/www.aliasblindate.com\/fr\/wp-json\/wp\/v2\/pages\/15353\/revisions\/16157"}],"up":[{"embeddable":true,"href":"https:\/\/www.aliasblindate.com\/fr\/wp-json\/wp\/v2\/pages\/15256"}],"wp:featuredmedia":[{"embeddable":true,"href":"https:\/\/www.aliasblindate.com\/fr\/wp-json\/wp\/v2\/media\/8200"}],"wp:attachment":[{"href":"https:\/\/www.aliasblindate.com\/fr\/wp-json\/wp\/v2\/media?parent=15353"}],"wp:term":[{"taxonomy":"page-category","embeddable":true,"href":"https:\/\/www.aliasblindate.com\/fr\/wp-json\/wp\/v2\/page-category?post=15353"}],"curies":[{"name":"wp","href":"https:\/\/api.w.org\/{rel}","templated":true}]}}