{"id":15329,"date":"2024-06-24T18:20:02","date_gmt":"2024-06-24T16:20:02","guid":{"rendered":"https:\/\/www.aliasblindate.com\/preventivo-dream\/"},"modified":"2025-04-01T13:12:57","modified_gmt":"2025-04-01T11:12:57","slug":"devis-dream","status":"publish","type":"page","link":"https:\/\/www.aliasblindate.com\/fr\/devis-dream\/","title":{"rendered":"Demande de devis"},"content":{"rendered":"\n<h2 class=\"wp-block-heading has-text-align-center\"><\/h2>\n\n\n\n<div class=\"wpcf7 no-js\" id=\"wpcf7-f15331-o1\" lang=\"it-IT\" dir=\"ltr\">\n<div class=\"screen-reader-response\"><p role=\"status\" aria-live=\"polite\" aria-atomic=\"true\"><\/p> <ul><\/ul><\/div>\n<form action=\"\/fr\/wp-json\/wp\/v2\/pages\/15329#wpcf7-f15331-o1\" method=\"post\" class=\"wpcf7-form init wpcf7-acceptance-as-validation\" aria-label=\"Modulo di contatto\" novalidate=\"novalidate\" data-status=\"init\">\n<div style=\"display: none;\">\n<input type=\"hidden\" name=\"_wpcf7\" value=\"15331\" \/>\n<input type=\"hidden\" name=\"_wpcf7_version\" value=\"5.9.8\" \/>\n<input type=\"hidden\" name=\"_wpcf7_locale\" value=\"it_IT\" \/>\n<input type=\"hidden\" name=\"_wpcf7_unit_tag\" value=\"wpcf7-f15331-o1\" \/>\n<input type=\"hidden\" name=\"_wpcf7_container_post\" value=\"0\" \/>\n<input type=\"hidden\" name=\"_wpcf7_posted_data_hash\" value=\"\" \/>\n<input type=\"hidden\" name=\"_wpcf7_recaptcha_response\" value=\"\" \/>\n<\/div>\n<p>Remplissez le formulaire pour recevoir des informations sur DREAM\u00a0! Pour faciliter le traitement de votre demande, nous vous demandons de nous laisser un num\u00e9ro de t\u00e9l\u00e9phone. Vous serez contact\u00e9 directement par le personnel Alias, sans aucun engagement bien s\u00fbr.\n<\/p>\n<div class=\"wp-block-columns has-2-columns\">\n\t<div class=\"wp-block-column\">\n\t\t<p><label>Nom *<br \/>\n<span class=\"wpcf7-form-control-wrap\" data-name=\"your-name\"><input size=\"40\" maxlength=\"400\" class=\"wpcf7-form-control wpcf7-text wpcf7-validates-as-required\" aria-required=\"true\" aria-invalid=\"false\" value=\"\" type=\"text\" name=\"your-name\" \/><\/span><\/label>\n\t\t<\/p>\n\t<\/div>\n\t<div class=\"wp-block-column\">\n\t\t<p><label>Pr\u00e9nom *<br \/>\n<span class=\"wpcf7-form-control-wrap\" data-name=\"your-surname\"><input size=\"40\" maxlength=\"400\" class=\"wpcf7-form-control wpcf7-text wpcf7-validates-as-required\" aria-required=\"true\" aria-invalid=\"false\" value=\"\" type=\"text\" name=\"your-surname\" \/><\/span><\/label>\n\t\t<\/p>\n\t<\/div>\n<\/div>\n<div class=\"wp-block-columns has-2-columns\">\n\t<div class=\"wp-block-column\">\n\t\t<p><label>E-mail *<br \/>\n<span class=\"wpcf7-form-control-wrap\" data-name=\"your-email\"><input size=\"40\" maxlength=\"400\" class=\"wpcf7-form-control wpcf7-email wpcf7-validates-as-required wpcf7-text wpcf7-validates-as-email\" aria-required=\"true\" aria-invalid=\"false\" value=\"\" type=\"email\" name=\"your-email\" \/><\/span> <\/label>\n\t\t<\/p>\n\t<\/div>\n\t<div class=\"wp-block-column\">\n\t\t<p><label>T\u00e9l\u00e9phone *<br \/>\n<span class=\"wpcf7-form-control-wrap\" data-name=\"your-phone\"><input size=\"40\" maxlength=\"400\" class=\"wpcf7-form-control wpcf7-text wpcf7-validates-as-required\" aria-required=\"true\" aria-invalid=\"false\" value=\"\" type=\"text\" name=\"your-phone\" \/><\/span> <\/label>\n\t\t<\/p>\n\t<\/div>\n<\/div>\n<div class=\"wp-block-columns has-2-columns\">\n\t<div class=\"wp-block-column\">\n\t\t<p><label>Ville *<br \/>\n<span class=\"wpcf7-form-control-wrap\" data-name=\"your-city\"><input size=\"40\" maxlength=\"400\" class=\"wpcf7-form-control wpcf7-text wpcf7-validates-as-required\" aria-required=\"true\" aria-invalid=\"false\" value=\"\" type=\"text\" name=\"your-city\" \/><\/span> <\/label>\n\t\t<\/p>\n\t<\/div>\n\t<div class=\"wp-block-column\">\n\t\t<p><label>Province *<br \/>\n<span class=\"wpcf7-form-control-wrap\" data-name=\"your-state\"><select class=\"wpcf7-form-control wpcf7-select wpcf7-validates-as-required\" aria-required=\"true\" aria-invalid=\"false\" name=\"your-state\"><option value=\"-S\u00e9lectionner-\">-S\u00e9lectionner-<\/option><option value=\"Agrigente\">Agrigente<\/option><option value=\"Alexandrie\">Alexandrie<\/option><option value=\"Anc\u00f4ne\">Anc\u00f4ne<\/option><option value=\"Aoste\">Aoste<\/option><option value=\"Arezzo\">Arezzo<\/option><option value=\"Ascoli Piceno\">Ascoli Piceno<\/option><option value=\"Asti\">Asti<\/option><option value=\"Avellino\">Avellino<\/option><option value=\"Bari\">Bari<\/option><option value=\"Barletta-Andria-Trani\">Barletta-Andria-Trani<\/option><option value=\"Belluno\">Belluno<\/option><option value=\"B\u00e9n\u00e9vent\">B\u00e9n\u00e9vent<\/option><option value=\"Bergame\">Bergame<\/option><option value=\"Biella\">Biella<\/option><option value=\"Bologne\">Bologne<\/option><option value=\"Bolzano\">Bolzano<\/option><option value=\"Brescia\">Brescia<\/option><option value=\"Brindisi\">Brindisi<\/option><option value=\"Cagliari\">Cagliari<\/option><option value=\"Caltanissetta\">Caltanissetta<\/option><option value=\"Campobasso\">Campobasso<\/option><option value=\"Carbonia-Iglesias\">Carbonia-Iglesias<\/option><option value=\"Caserte\">Caserte<\/option><option value=\"Catane\">Catane<\/option><option value=\"Catanzaro\">Catanzaro<\/option><option value=\"Chieti\">Chieti<\/option><option value=\"Como\">Como<\/option><option value=\"Cosenza\">Cosenza<\/option><option value=\"Cr\u00e9mone\">Cr\u00e9mone<\/option><option value=\"Crotone\">Crotone<\/option><option value=\"Cuneo\">Cuneo<\/option><option value=\"Enna\">Enna<\/option><option value=\"Fermo\">Fermo<\/option><option value=\"Ferrare\">Ferrare<\/option><option value=\"Florence\">Florence<\/option><option value=\"Foggia\">Foggia<\/option><option value=\"Forl\u00ec-Cesena\">Forl\u00ec-Cesena<\/option><option value=\"Frosinone\">Frosinone<\/option><option value=\"G\u00eanes\">G\u00eanes<\/option><option value=\"Gorizia\">Gorizia<\/option><option value=\"Grosseto\">Grosseto<\/option><option value=\"Imperia\">Imperia<\/option><option value=\"Isernia\">Isernia<\/option><option value=\"La Spezia\">La Spezia<\/option><option value=\"L&#039;Aquila\">L&#039;Aquila<\/option><option value=\"Latina\">Latina<\/option><option value=\"Lecce\">Lecce<\/option><option value=\"Lecco\">Lecco<\/option><option value=\"Livourne\">Livourne<\/option><option value=\"Lodi\">Lodi<\/option><option value=\"Lucques\">Lucques<\/option><option value=\"Macerata\">Macerata<\/option><option value=\"Mantoue\">Mantoue<\/option><option value=\"Massa-Carrara\">Massa-Carrara<\/option><option value=\"Matera\">Matera<\/option><option value=\"Medio Campidano\">Medio Campidano<\/option><option value=\"Messine\">Messine<\/option><option value=\"Milan\">Milan<\/option><option value=\"Mod\u00e8ne\">Mod\u00e8ne<\/option><option value=\"Monza et la Brianza\">Monza et la Brianza<\/option><option value=\"Naples\">Naples<\/option><option value=\"Novara\">Novara<\/option><option value=\"Nuoro\">Nuoro<\/option><option value=\"Ogliastra\">Ogliastra<\/option><option value=\"Olbia-Tempio\">Olbia-Tempio<\/option><option value=\"Oristano\">Oristano<\/option><option value=\"Padoue\">Padoue<\/option><option value=\"Palerme\">Palerme<\/option><option value=\"Parme\">Parme<\/option><option value=\"Pavie\">Pavie<\/option><option value=\"P\u00e9rouse\">P\u00e9rouse<\/option><option value=\"Pesaro et Urbino\">Pesaro et Urbino<\/option><option value=\"Pescara\">Pescara<\/option><option value=\"Plaisance\">Plaisance<\/option><option value=\"Pise\">Pise<\/option><option value=\"Pistoia\">Pistoia<\/option><option value=\"Pordenone\">Pordenone<\/option><option value=\"Potenza\">Potenza<\/option><option value=\"Prato\">Prato<\/option><option value=\"Raguse\">Raguse<\/option><option value=\"Ravenne\">Ravenne<\/option><option value=\"Reggio Calabria\">Reggio Calabria<\/option><option value=\"Reggio d&#039;\u00c9milie\">Reggio d&#039;\u00c9milie<\/option><option value=\"Rieti\">Rieti<\/option><option value=\"Rimini\">Rimini<\/option><option value=\"Rome\">Rome<\/option><option value=\"Rovigo\">Rovigo<\/option><option value=\"Salerne\">Salerne<\/option><option value=\"Sassari\">Sassari<\/option><option value=\"Savone\">Savone<\/option><option value=\"Sienne\">Sienne<\/option><option value=\"Syracuse\">Syracuse<\/option><option value=\"Sondrio\">Sondrio<\/option><option value=\"Tarente\">Tarente<\/option><option value=\"Teramo\">Teramo<\/option><option value=\"Terni\">Terni<\/option><option value=\"Turin\">Turin<\/option><option value=\"Trapani\">Trapani<\/option><option value=\"Trente\">Trente<\/option><option value=\"Tr\u00e9vise\">Tr\u00e9vise<\/option><option value=\"Trieste\">Trieste<\/option><option value=\"Udine\">Udine<\/option><option value=\"Var\u00e8se\">Var\u00e8se<\/option><option value=\"Venise\">Venise<\/option><option value=\"Verbano-Cusio-Ossola\">Verbano-Cusio-Ossola<\/option><option value=\"Vercelli\">Vercelli<\/option><option value=\"V\u00e9rone\">V\u00e9rone<\/option><option value=\"Vibo Valentia\">Vibo Valentia<\/option><option value=\"Vicence\">Vicence<\/option><option value=\"Viterbe\">Viterbe<\/option><\/select><\/span> <\/label>\n\t\t<\/p>\n\t<\/div>\n<\/div>\n<p><label>Cat\u00e9gorie *<br \/>\n<span class=\"wpcf7-form-control-wrap\" data-name=\"your-category\"><select class=\"wpcf7-form-control wpcf7-select wpcf7-validates-as-required\" aria-required=\"true\" aria-invalid=\"false\" name=\"your-category\"><option value=\"-S\u00e9lectionner-\">-S\u00e9lectionner-<\/option><option value=\"Priv\u00e9\">Priv\u00e9<\/option><option value=\"Travailleur autonome\">Travailleur autonome<\/option><option value=\"Entreprise\">Entreprise<\/option><option value=\"Revente\">Revente<\/option><\/select><\/span><\/label>\n<\/p>\n<p><label>D\u00e9tails de la demande<br \/>\n<span class=\"wpcf7-form-control-wrap\" data-name=\"your-message\"><textarea cols=\"40\" rows=\"4\" maxlength=\"2000\" class=\"wpcf7-form-control wpcf7-textarea\" aria-invalid=\"false\" placeholder=\"Facoltativo\" name=\"your-message\"><\/textarea><\/span> <\/label>\n<\/p>\n<p><span class=\"wpcf7-form-control-wrap\" data-name=\"privacy-policy\"><span class=\"wpcf7-form-control wpcf7-acceptance\"><span class=\"wpcf7-list-item\"><label><input type=\"checkbox\" name=\"privacy-policy\" value=\"1\" aria-invalid=\"false\" \/><span class=\"wpcf7-list-item-label\">J'ai lu et j'<a href=\"\/fr\/privacy-policy\/\" target=\"_blank\">accepte le traitement<\/a> des donn\u00e9es personnelles conform\u00e9ment au r\u00e8glement UE 2016\/679, articles 13 et 14*<\/span><\/label><\/span><\/span><\/span>\n<\/p>\n<p><span class=\"wpcf7-form-control-wrap\" data-name=\"newsletter\"><span class=\"wpcf7-form-control wpcf7-acceptance optional\"><span class=\"wpcf7-list-item\"><label><input type=\"checkbox\" name=\"newsletter\" value=\"1\" aria-invalid=\"false\" \/><span class=\"wpcf7-list-item-label\">Vous nous autorisez \u00e0 vous contacter et \u00e0 vous envoyer par e-mail des informations sur nos services\/produits\/\u00e9v\u00e9nements et promotions susceptibles de vous int\u00e9resser. L\u2019autorisation de traitement des donn\u00e9es \u00e0 cette fin n'est pas obligatoire, mais vous risquez de manquer quelque chose qui pourrait vous int\u00e9resser.<\/span><\/label><\/span><\/span><\/span>\n<\/p>\n<p><small><em>* Champs obligatoires<\/em><\/small>\n<\/p>\n<p><input class=\"wpcf7-form-control wpcf7-submit has-spinner\" type=\"submit\" value=\"Envoyer\" \/>\n<\/p><div class=\"wpcf7-response-output\" aria-hidden=\"true\"><\/div>\n<\/form>\n<\/div>\n\n","protected":false},"excerpt":{"rendered":"<p>Remplissez le formulaire pour recevoir des informations sur DREAM\u00a0! Pour faciliter le traitement de votre demande, nous vous demandons de nous laisser un num\u00e9ro de t\u00e9l\u00e9phone. Vous serez contact\u00e9 directement par le personnel Alias, sans aucun engagement bien s\u00fbr. Nom * Pr\u00e9nom * E-mail * T\u00e9l\u00e9phone * Ville * Province * -S\u00e9lectionner-AgrigenteAlexandrieAnc\u00f4neAosteArezzoAscoli PicenoAstiAvellinoBariBarletta-Andria-TraniBellunoB\u00e9n\u00e9ventBergameBiellaBologneBolzanoBresciaBrindisiCagliariCaltanissettaCampobassoCarbonia-IglesiasCaserteCataneCatanzaroChietiComoCosenzaCr\u00e9moneCrotoneCuneoEnnaFermoFerrareFlorenceFoggiaForl\u00ec-CesenaFrosinoneG\u00eanesGoriziaGrossetoImperiaIserniaLa SpeziaL&#039;AquilaLatinaLecceLeccoLivourneLodiLucquesMacerataMantoueMassa-CarraraMateraMedio CampidanoMessineMilanMod\u00e8neMonza&hellip;<\/p>\n","protected":false},"author":5,"featured_media":0,"parent":0,"menu_order":0,"comment_status":"closed","ping_status":"closed","template":"","meta":{"footnotes":""},"page-category":[],"acf":[],"yoast_head":"<!-- This site is optimized with the Yoast SEO plugin v23.5 - https:\/\/yoast.com\/wordpress\/plugins\/seo\/ -->\n<title>Demande de devis | Alias Blindate<\/title>\n<meta name=\"description\" content=\"Vous serez contact\u00e9 directement par le fabricant qui vous mettra en contact avec le revendeur le plus proche de chez vous. Sans aucun type d\u2019engagement.\" \/>\n<meta name=\"robots\" content=\"noindex, follow\" \/>\n<meta property=\"og:locale\" content=\"fr_FR\" \/>\n<meta property=\"og:type\" content=\"article\" \/>\n<meta property=\"og:title\" content=\"Demande de devis | Alias Blindate\" \/>\n<meta property=\"og:description\" content=\"Vous serez contact\u00e9 directement par le fabricant qui vous mettra en contact avec le revendeur le plus proche de chez vous. Sans aucun type d\u2019engagement.\" \/>\n<meta property=\"og:url\" content=\"https:\/\/www.aliasblindate.com\/fr\/devis-dream\/\" \/>\n<meta property=\"og:site_name\" content=\"Alias Blindate\" \/>\n<meta property=\"article:publisher\" content=\"https:\/\/www.facebook.com\/aliasporteblindate\" \/>\n<meta property=\"article:modified_time\" content=\"2025-04-01T11:12:57+00:00\" \/>\n<meta name=\"twitter:card\" content=\"summary_large_image\" \/>\n<meta name=\"twitter:label1\" content=\"Dur\u00e9e de lecture estim\u00e9e\" \/>\n\t<meta name=\"twitter:data1\" content=\"1 minute\" \/>\n<script type=\"application\/ld+json\" class=\"yoast-schema-graph\">{\"@context\":\"https:\/\/schema.org\",\"@graph\":[{\"@type\":\"WebPage\",\"@id\":\"https:\/\/www.aliasblindate.com\/fr\/devis-dream\/\",\"url\":\"https:\/\/www.aliasblindate.com\/fr\/devis-dream\/\",\"name\":\"Demande de devis | Alias Blindate\",\"isPartOf\":{\"@id\":\"https:\/\/www.aliasblindate.com\/fr\/#website\"},\"datePublished\":\"2024-06-24T16:20:02+00:00\",\"dateModified\":\"2025-04-01T11:12:57+00:00\",\"description\":\"Vous serez contact\u00e9 directement par le fabricant qui vous mettra en contact avec le revendeur le plus proche de chez vous. Sans aucun type d\u2019engagement.\",\"breadcrumb\":{\"@id\":\"https:\/\/www.aliasblindate.com\/fr\/devis-dream\/#breadcrumb\"},\"inLanguage\":\"fr-FR\",\"potentialAction\":[{\"@type\":\"ReadAction\",\"target\":[\"https:\/\/www.aliasblindate.com\/fr\/devis-dream\/\"]}]},{\"@type\":\"BreadcrumbList\",\"@id\":\"https:\/\/www.aliasblindate.com\/fr\/devis-dream\/#breadcrumb\",\"itemListElement\":[{\"@type\":\"ListItem\",\"position\":1,\"name\":\"Home\",\"item\":\"https:\/\/www.aliasblindate.com\/fr\/\"},{\"@type\":\"ListItem\",\"position\":2,\"name\":\"Demande de devis\"}]},{\"@type\":\"WebSite\",\"@id\":\"https:\/\/www.aliasblindate.com\/fr\/#website\",\"url\":\"https:\/\/www.aliasblindate.com\/fr\/\",\"name\":\"Alias Blindate\",\"description\":\"\",\"publisher\":{\"@id\":\"https:\/\/www.aliasblindate.com\/fr\/#organization\"},\"potentialAction\":[{\"@type\":\"SearchAction\",\"target\":{\"@type\":\"EntryPoint\",\"urlTemplate\":\"https:\/\/www.aliasblindate.com\/fr\/?s={search_term_string}\"},\"query-input\":{\"@type\":\"PropertyValueSpecification\",\"valueRequired\":true,\"valueName\":\"search_term_string\"}}],\"inLanguage\":\"fr-FR\"},{\"@type\":\"Organization\",\"@id\":\"https:\/\/www.aliasblindate.com\/fr\/#organization\",\"name\":\"Alias Blindate\",\"url\":\"https:\/\/www.aliasblindate.com\/fr\/\",\"logo\":{\"@type\":\"ImageObject\",\"inLanguage\":\"fr-FR\",\"@id\":\"https:\/\/www.aliasblindate.com\/fr\/#\/schema\/logo\/image\/\",\"url\":\"https:\/\/www.aliasblindate.com\/wp-content\/uploads\/2019\/10\/logo@2x.png\",\"contentUrl\":\"https:\/\/www.aliasblindate.com\/wp-content\/uploads\/2019\/10\/logo@2x.png\",\"width\":498,\"height\":88,\"caption\":\"Alias Blindate\"},\"image\":{\"@id\":\"https:\/\/www.aliasblindate.com\/fr\/#\/schema\/logo\/image\/\"},\"sameAs\":[\"https:\/\/www.facebook.com\/aliasporteblindate\",\"https:\/\/www.instagram.com\/alias_porte_blindate\/\"]}]}<\/script>\n<!-- \/ Yoast SEO plugin. -->","yoast_head_json":{"title":"Demande de devis | Alias Blindate","description":"Vous serez contact\u00e9 directement par le fabricant qui vous mettra en contact avec le revendeur le plus proche de chez vous. Sans aucun type d\u2019engagement.","robots":{"index":"noindex","follow":"follow"},"og_locale":"fr_FR","og_type":"article","og_title":"Demande de devis | Alias Blindate","og_description":"Vous serez contact\u00e9 directement par le fabricant qui vous mettra en contact avec le revendeur le plus proche de chez vous. Sans aucun type d\u2019engagement.","og_url":"https:\/\/www.aliasblindate.com\/fr\/devis-dream\/","og_site_name":"Alias Blindate","article_publisher":"https:\/\/www.facebook.com\/aliasporteblindate","article_modified_time":"2025-04-01T11:12:57+00:00","twitter_card":"summary_large_image","twitter_misc":{"Dur\u00e9e de lecture estim\u00e9e":"1 minute"},"schema":{"@context":"https:\/\/schema.org","@graph":[{"@type":"WebPage","@id":"https:\/\/www.aliasblindate.com\/fr\/devis-dream\/","url":"https:\/\/www.aliasblindate.com\/fr\/devis-dream\/","name":"Demande de devis | Alias Blindate","isPartOf":{"@id":"https:\/\/www.aliasblindate.com\/fr\/#website"},"datePublished":"2024-06-24T16:20:02+00:00","dateModified":"2025-04-01T11:12:57+00:00","description":"Vous serez contact\u00e9 directement par le fabricant qui vous mettra en contact avec le revendeur le plus proche de chez vous. Sans aucun type d\u2019engagement.","breadcrumb":{"@id":"https:\/\/www.aliasblindate.com\/fr\/devis-dream\/#breadcrumb"},"inLanguage":"fr-FR","potentialAction":[{"@type":"ReadAction","target":["https:\/\/www.aliasblindate.com\/fr\/devis-dream\/"]}]},{"@type":"BreadcrumbList","@id":"https:\/\/www.aliasblindate.com\/fr\/devis-dream\/#breadcrumb","itemListElement":[{"@type":"ListItem","position":1,"name":"Home","item":"https:\/\/www.aliasblindate.com\/fr\/"},{"@type":"ListItem","position":2,"name":"Demande de devis"}]},{"@type":"WebSite","@id":"https:\/\/www.aliasblindate.com\/fr\/#website","url":"https:\/\/www.aliasblindate.com\/fr\/","name":"Alias Blindate","description":"","publisher":{"@id":"https:\/\/www.aliasblindate.com\/fr\/#organization"},"potentialAction":[{"@type":"SearchAction","target":{"@type":"EntryPoint","urlTemplate":"https:\/\/www.aliasblindate.com\/fr\/?s={search_term_string}"},"query-input":{"@type":"PropertyValueSpecification","valueRequired":true,"valueName":"search_term_string"}}],"inLanguage":"fr-FR"},{"@type":"Organization","@id":"https:\/\/www.aliasblindate.com\/fr\/#organization","name":"Alias Blindate","url":"https:\/\/www.aliasblindate.com\/fr\/","logo":{"@type":"ImageObject","inLanguage":"fr-FR","@id":"https:\/\/www.aliasblindate.com\/fr\/#\/schema\/logo\/image\/","url":"https:\/\/www.aliasblindate.com\/wp-content\/uploads\/2019\/10\/logo@2x.png","contentUrl":"https:\/\/www.aliasblindate.com\/wp-content\/uploads\/2019\/10\/logo@2x.png","width":498,"height":88,"caption":"Alias Blindate"},"image":{"@id":"https:\/\/www.aliasblindate.com\/fr\/#\/schema\/logo\/image\/"},"sameAs":["https:\/\/www.facebook.com\/aliasporteblindate","https:\/\/www.instagram.com\/alias_porte_blindate\/"]}]}},"_links":{"self":[{"href":"https:\/\/www.aliasblindate.com\/fr\/wp-json\/wp\/v2\/pages\/15329"}],"collection":[{"href":"https:\/\/www.aliasblindate.com\/fr\/wp-json\/wp\/v2\/pages"}],"about":[{"href":"https:\/\/www.aliasblindate.com\/fr\/wp-json\/wp\/v2\/types\/page"}],"author":[{"embeddable":true,"href":"https:\/\/www.aliasblindate.com\/fr\/wp-json\/wp\/v2\/users\/5"}],"replies":[{"embeddable":true,"href":"https:\/\/www.aliasblindate.com\/fr\/wp-json\/wp\/v2\/comments?post=15329"}],"version-history":[{"count":8,"href":"https:\/\/www.aliasblindate.com\/fr\/wp-json\/wp\/v2\/pages\/15329\/revisions"}],"predecessor-version":[{"id":17524,"href":"https:\/\/www.aliasblindate.com\/fr\/wp-json\/wp\/v2\/pages\/15329\/revisions\/17524"}],"wp:attachment":[{"href":"https:\/\/www.aliasblindate.com\/fr\/wp-json\/wp\/v2\/media?parent=15329"}],"wp:term":[{"taxonomy":"page-category","embeddable":true,"href":"https:\/\/www.aliasblindate.com\/fr\/wp-json\/wp\/v2\/page-category?post=15329"}],"curies":[{"name":"wp","href":"https:\/\/api.w.org\/{rel}","templated":true}]}}