{"id":15294,"date":"2024-10-08T15:26:54","date_gmt":"2024-10-08T13:26:54","guid":{"rendered":"https:\/\/www.aliasblindate.com\/portes-blindees\/porte-blindate-per-interni-panic-room-e-hotel\/"},"modified":"2025-04-23T09:20:04","modified_gmt":"2025-04-23T07:20:04","slug":"panic-room-pour-dormir-paisiblement","status":"publish","type":"page","link":"https:\/\/www.aliasblindate.com\/fr\/portes-blindees\/panic-room-pour-dormir-paisiblement\/","title":{"rendered":"Panic Room &#8211; pour dormir paisiblement"},"content":{"rendered":"\n<section class=\"scw-title-block scw-title-block--with-menu title-wrapper has-thumb\">\n\t<div class=\"scw-title-block__menu-row\">\n\t\t<div class=\"scw-title-block__menu-title\">Cat\u00e9gorie<\/div>\n\t\t\t\t\t<div class=\"scw-title-block__menu-wrapper\">\n\t\t\t\t<div class=\"scw-title-block__menu-item\">\n\t\t\t\t\t<a href=\"#\" class=\"scw-title-block__menu-item-link scw-title-block__menu-toggle\">Panic Room &#8211; pour dormir paisiblement <i class=\"fa icon-down-open-big\"><\/i><\/a>\n\t\t\t\t\t<div class=\"scw-title-block__submenu\">\n\t\t\t\t\t\t\n\t\t\t\t\t\t\t<div class=\"scw-title-block__menu-item\">\n\t\t\t\t\t\t\t\t<a href=\"https:\/\/www.aliasblindate.com\/fr\/portes-blindees\/slalom\/\" class=\"scw-title-block__menu-item-link\">Slalom &#8211; la porte pivotante d&rsquo;Alias<\/a>\n\t\t\t\t\t\t\t<\/div>\n\n\t\t\t\t\t\t\t\n\t\t\t\t\t\t\t<div class=\"scw-title-block__menu-item\">\n\t\t\t\t\t\t\t\t<a href=\"https:\/\/www.aliasblindate.com\/fr\/portes-blindees\/portes-affleurantes-dinterieur\/le-monde-wing\/\" class=\"scw-title-block__menu-item-link\">Le Monde Wing \u2013 la porte affleurante, et pas seulement<\/a>\n\t\t\t\t\t\t\t<\/div>\n\n\t\t\t\t\t\t\t\n\t\t\t\t\t\t\t<div class=\"scw-title-block__menu-item\">\n\t\t\t\t\t\t\t\t<a href=\"https:\/\/www.aliasblindate.com\/fr\/portes-blindees\/i-modelli-plate\/\" class=\"scw-title-block__menu-item-link\">Les mod\u00e8les Plate &#8211; affleurement parfait entre battant et cadre<\/a>\n\t\t\t\t\t\t\t<\/div>\n\n\t\t\t\t\t\t\t\n\t\t\t\t\t\t\t<div class=\"scw-title-block__menu-item\">\n\t\t\t\t\t\t\t\t<a href=\"https:\/\/www.aliasblindate.com\/fr\/portes-blindees\/start-level\/\" class=\"scw-title-block__menu-item-link\">Portes avec paumelles visibles<\/a>\n\t\t\t\t\t\t\t<\/div>\n\n\t\t\t\t\t\t\t\n\t\t\t\t\t\t\t<div class=\"scw-title-block__menu-item\">\n\t\t\t\t\t\t\t\t<a href=\"https:\/\/www.aliasblindate.com\/fr\/portes-blindees\/absolute\/\" class=\"scw-title-block__menu-item-link\">Portes avec paumelles invisibles\u00a0<\/a>\n\t\t\t\t\t\t\t<\/div>\n\n\t\t\t\t\t\t\t\n\t\t\t\t\t\t\t<div class=\"scw-title-block__menu-item\">\n\t\t\t\t\t\t\t\t<a href=\"https:\/\/www.aliasblindate.com\/fr\/portes-blindees\/coupure-thermique\/\" class=\"scw-title-block__menu-item-link\">Rupture \u00e0 pont thermique &#8211; pour des \u00e9conomies d&rsquo;\u00e9nergie au top<\/a>\n\t\t\t\t\t\t\t<\/div>\n\n\t\t\t\t\t\t\t\t\t\t\t\t<\/div>\n\t\t\t\t<\/div>\n\t\t\t<\/div>\n\t\t\t\t<\/div>\n\t<div class=\"two-columns\">\n\t\t<div class=\"single-title\"><h1 class=\"scw-title\">Rupture \u00e0 pont thermique &#8211; pour des \u00e9conomies d&rsquo;\u00e9nergie au top<\/div>\n\n\t\t\t\t\t<div class=\"anchor\">\n\t\t\t\t<a href=\"#start\" class=\"anchor-btn\">D\u00e9couvrez les d\u00e9tails <i class=\"fa icon-down-open\"><\/i><\/a>\n\t\t\t<\/div>\n\t\t\t<\/div>\n<\/section>\n\n<section id=\"start\" class=\"description-wrapper \">\n\t\t\t<div class=\"description\">\n\t\t\t<h4>S\u00e9curit\u00e9 dans les espaces int\u00e9rieurs<\/h4>\n<p><strong>Dream<\/strong> est la r\u00e9ponse optimale pour ceux qui aiment <strong>\u00ab\u00a0<\/strong><strong>dormir tranquillement\u00a0\u00bb.<\/strong><br \/>\nUne porte <strong>anti-effraction<\/strong> sp\u00e9cialement con\u00e7ue pour l&rsquo;int\u00e9rieur, en particulier pour les studios professionnels et les chambres \u00e0 coucher.<br \/>\nPas une porte blind\u00e9e quelconque, mais une plateforme blind\u00e9e facile \u00e0 poser et con\u00e7ue pour accueillir tout type de cadre et de panneau, personnalisable \u00e0 volont\u00e9. En effet, il peut \u00eatre recouvert de tout type de mat\u00e9riaux et peut ainsi prendre, avec discr\u00e9tion et \u00e9l\u00e9gance, l&rsquo;apparence d&rsquo;une porte d&rsquo;int\u00e9rieur normale.<br \/>\n\u00c9galement disponible en <strong>version affleurante<\/strong>, elle s&rsquo;int\u00e8gre dans n&rsquo;importe quel espace r\u00e9sidentiel \/ professionnel et est donc en mesure de r\u00e9pondre \u00e0 diff\u00e9rents besoins esth\u00e9tiques et stylistiques.<br \/>\nEn plus de cr\u00e9er votre <strong>\u00ab\u00a0<\/strong><strong>pi\u00e8ce s\u00e9curis\u00e9e\u00a0\u00bb<\/strong>, Dream prot\u00e8ge votre intimit\u00e9 en isolant l\u2019espace avec une valeur certifi\u00e9e de 33 dB, soit le double d&rsquo;une porte traditionnelle d&rsquo;int\u00e9rieur. S\u00e9curit\u00e9, intimit\u00e9, \u00e9l\u00e9gance, SOIN DU D\u00c9TAIL et performance garantis par l&rsquo;exp\u00e9rience Alias. La porte Dream permet une ouverture du battant jusqu&rsquo;\u00e0 180\u00b0.<\/p>\n<p><strong>Dream<\/strong> est \u00e9galement disponible en<strong> version r\u00e9sistante au feu<\/strong>. Id\u00e9ale pour les chambres des <strong>\u00e9tablissements d&rsquo;accueil pour touristes ou des h\u00f4tels<\/strong>, la<strong> Dream EI2-30<\/strong> est \u00e9quip\u00e9e d&rsquo;un ferme-porte avec serrure anti-panique. La version qui int\u00e8gre<strong> la serrure \u00e9lectronique<\/strong> permet \u00e9galement au gestionnaire de l&rsquo;\u00e9tablissement et \u00e0 ses clients d&rsquo;avoir une vie plus facile. Avec un <strong>smartphone<\/strong> et l&rsquo;application <strong> Argo d&rsquo;Iseo,<\/strong> vous pouvez ouvrir et g\u00e9rer les acc\u00e8s \u00e0 la porte blind\u00e9e Alias sur laquelle la serrure motoris\u00e9e a \u00e9t\u00e9 install\u00e9e (smartphones, cartes, tags et codes pin peuvent \u00eatre ajout\u00e9s ou supprim\u00e9s comme informations d&rsquo;identification d&rsquo;ouverture, en donnant leur validit\u00e9 et en attribuant des horaires de travail \u00e0 chacun d\u2019eux).<br \/>\n<strong>Les arriv\u00e9es et les d\u00e9parts<\/strong> peuvent \u00eatre enregistr\u00e9s \u00e0 <strong>tout moment,<\/strong> m\u00eame en l&rsquo;absence du propri\u00e9taire. Il devient ainsi possible de g\u00e9rer \u00e0 distance les serrures \u00e9lectroniques avec un smartphone, par exemple dans un Bed &amp; Breakfast \u00e0 plusieurs unit\u00e9s, et de remettre les \u00ab\u00a0cl\u00e9s\u00a0\u00bb aux clients par un simple message. Vous n\u2019aurez plus \u00e0 courir pour remettre les cl\u00e9s, et plus non plus \u00e0 craindre de les perdre ou que des copies soient faites sans permission. Vous pouvez d\u00e9finir les jours et les heures d&rsquo;acc\u00e8s et, quand l\u2019acc\u00e8s n\u2019est plus n\u00e9cessaire, vous pouvez d\u00e9sactiver la cl\u00e9 et vous pr\u00e9parer \u00e0 accueillir de nouveaux clients.<\/p>\n<p><a href=\"\/wp-content\/uploads\/2020\/12\/DREAM-edizione-maggio-2019.pdf\" target=\"_blank\" rel=\"noopener\">Cliquez ici<\/a> pour approfondir et parcourir tous les mod\u00e8les.<\/p>\n\t\t<\/div>\n\t\t<\/section>\n\n\n\t<section class=\"scw-block-gallery-caption\">\n\t\t\t\t<div class=\"scw-block-gallery-caption__carousel owl-carousel owl-theme\">\n\t\t\t\t\t\t\t<div>\n\t\t\t\t\t\t\t\t\t\t\t<a class=\"dt-pswp-item scw-block-gallery-caption__link\" href=\"https:\/\/www.aliasblindate.com\/wp-content\/uploads\/2024\/10\/panic1.jpg\" data-large_image_width=\"1200\" data-large_image_height=\"730\">\n\t\t\t\t\t\t\t<img loading=\"lazy\" decoding=\"async\" width=\"1200\" height=\"730\" src=\"https:\/\/www.aliasblindate.com\/wp-content\/uploads\/2024\/10\/panic1.jpg\" data-src=\"https:\/\/www.aliasblindate.com\/wp-content\/uploads\/2024\/10\/panic1.jpg\" class=\"owl-lazy\" srcset=\"https:\/\/www.aliasblindate.com\/wp-content\/uploads\/2024\/10\/panic1.jpg 1200w, https:\/\/www.aliasblindate.com\/wp-content\/uploads\/2024\/10\/panic1-300x183.jpg 300w, https:\/\/www.aliasblindate.com\/wp-content\/uploads\/2024\/10\/panic1-1024x623.jpg 1024w, https:\/\/www.aliasblindate.com\/wp-content\/uploads\/2024\/10\/panic1-768x467.jpg 768w\">\n\t\t\t\t\t\t<\/a>\n\t\t\t\t\t\t\t\t\t\t<div class=\"scw-block-gallery-caption__text-wrapper\">\n\t\t\t\t\t\t\t\t\t\t\t\t\t<div class=\"scw-block-gallery-caption__title\">DREAM<\/div>\n\t\t\t\t\t\t\t\t\t\t\t\t\t\t\t\t\t\t\t<div class=\"scw-block-gallery-caption__text\">Panneau et couvre-joints finition \u00ab\u00a0Blanc Dream\u00a0\u00bb. Poign\u00e9e H4 finition chrome satin\u00e9.<\/div>\n\t\t\t\t\t\t\t\t\t\t\t<\/div>\n\t\t\t\t<\/div>\n\t\t\t\t\t\t\t\t<div>\n\t\t\t\t\t\t\t\t\t\t\t<a class=\"dt-pswp-item scw-block-gallery-caption__link\" href=\"https:\/\/www.aliasblindate.com\/wp-content\/uploads\/2024\/10\/panic2.jpg\" data-large_image_width=\"1200\" data-large_image_height=\"730\">\n\t\t\t\t\t\t\t<img loading=\"lazy\" decoding=\"async\" width=\"1200\" height=\"730\" src=\"https:\/\/www.aliasblindate.com\/wp-content\/uploads\/2024\/10\/panic2.jpg\" data-src=\"https:\/\/www.aliasblindate.com\/wp-content\/uploads\/2024\/10\/panic2.jpg\" class=\"owl-lazy\" srcset=\"https:\/\/www.aliasblindate.com\/wp-content\/uploads\/2024\/10\/panic2.jpg 1200w, https:\/\/www.aliasblindate.com\/wp-content\/uploads\/2024\/10\/panic2-300x183.jpg 300w, https:\/\/www.aliasblindate.com\/wp-content\/uploads\/2024\/10\/panic2-1024x623.jpg 1024w, https:\/\/www.aliasblindate.com\/wp-content\/uploads\/2024\/10\/panic2-768x467.jpg 768w\">\n\t\t\t\t\t\t<\/a>\n\t\t\t\t\t\t\t\t\t\t<div class=\"scw-block-gallery-caption__text-wrapper\">\n\t\t\t\t\t\t\t\t\t\t\t\t\t<div class=\"scw-block-gallery-caption__title\">DREAM<\/div>\n\t\t\t\t\t\t\t\t\t\t\t\t\t\t\t\t\t\t\t<div class=\"scw-block-gallery-caption__text\">Panneau et couvre-joints finition \u00ab\u00a0Blanc Dream\u00a0\u00bb. Poign\u00e9e H4 finition chrome satin\u00e9.<\/div>\n\t\t\t\t\t\t\t\t\t\t\t<\/div>\n\t\t\t\t<\/div>\n\t\t\t\t\t\t\t\t<div>\n\t\t\t\t\t\t\t\t\t\t\t<a class=\"dt-pswp-item scw-block-gallery-caption__link\" href=\"https:\/\/www.aliasblindate.com\/wp-content\/uploads\/2024\/10\/hotel3.jpg\" data-large_image_width=\"1200\" data-large_image_height=\"730\">\n\t\t\t\t\t\t\t<img loading=\"lazy\" decoding=\"async\" width=\"1200\" height=\"730\" src=\"https:\/\/www.aliasblindate.com\/wp-content\/uploads\/2024\/10\/hotel3.jpg\" data-src=\"https:\/\/www.aliasblindate.com\/wp-content\/uploads\/2024\/10\/hotel3.jpg\" class=\"owl-lazy\" srcset=\"https:\/\/www.aliasblindate.com\/wp-content\/uploads\/2024\/10\/hotel3.jpg 1200w, https:\/\/www.aliasblindate.com\/wp-content\/uploads\/2024\/10\/hotel3-300x183.jpg 300w, https:\/\/www.aliasblindate.com\/wp-content\/uploads\/2024\/10\/hotel3-1024x623.jpg 1024w, https:\/\/www.aliasblindate.com\/wp-content\/uploads\/2024\/10\/hotel3-768x467.jpg 768w\">\n\t\t\t\t\t\t<\/a>\n\t\t\t\t\t\t\t\t\t\t<div class=\"scw-block-gallery-caption__text-wrapper\">\n\t\t\t\t\t\t\t\t\t\t\t\t\t<div class=\"scw-block-gallery-caption__title\">DREAM<\/div>\n\t\t\t\t\t\t\t\t\t\t\t\t\t\t\t\t\t\t\t<div class=\"scw-block-gallery-caption__text\">La porte Dream permet une ouverture du battant jusqu&rsquo;\u00e0 180\u00b0<\/div>\n\t\t\t\t\t\t\t\t\t\t\t<\/div>\n\t\t\t\t<\/div>\n\t\t\t\t\t\t\t\t<div>\n\t\t\t\t\t\t\t\t\t\t\t<a class=\"dt-pswp-item scw-block-gallery-caption__link\" href=\"https:\/\/www.aliasblindate.com\/wp-content\/uploads\/2024\/10\/hotel1.jpg\" data-large_image_width=\"1200\" data-large_image_height=\"730\">\n\t\t\t\t\t\t\t<img loading=\"lazy\" decoding=\"async\" width=\"1200\" height=\"730\" src=\"https:\/\/www.aliasblindate.com\/wp-content\/uploads\/2024\/10\/hotel1.jpg\" data-src=\"https:\/\/www.aliasblindate.com\/wp-content\/uploads\/2024\/10\/hotel1.jpg\" class=\"owl-lazy\" srcset=\"https:\/\/www.aliasblindate.com\/wp-content\/uploads\/2024\/10\/hotel1.jpg 1200w, https:\/\/www.aliasblindate.com\/wp-content\/uploads\/2024\/10\/hotel1-300x183.jpg 300w, https:\/\/www.aliasblindate.com\/wp-content\/uploads\/2024\/10\/hotel1-1024x623.jpg 1024w, https:\/\/www.aliasblindate.com\/wp-content\/uploads\/2024\/10\/hotel1-768x467.jpg 768w\">\n\t\t\t\t\t\t<\/a>\n\t\t\t\t\t\t\t\t\t\t<div class=\"scw-block-gallery-caption__text-wrapper\">\n\t\t\t\t\t\t\t\t\t\t\t\t\t<div class=\"scw-block-gallery-caption__title\">DREAM EI12-30 HOTEL<\/div>\n\t\t\t\t\t\t\t\t\t\t\t\t\t\t\t\t\t\t\t<div class=\"scw-block-gallery-caption__text\">Panneau et couvre-joints laqu\u00e9s RAL 3003 Poign\u00e9e H4 finition noir matte<\/div>\n\t\t\t\t\t\t\t\t\t\t\t<\/div>\n\t\t\t\t<\/div>\n\t\t\t\t\t\t\t\t<div>\n\t\t\t\t\t\t\t\t\t\t\t<a class=\"dt-pswp-item scw-block-gallery-caption__link\" href=\"https:\/\/www.aliasblindate.com\/wp-content\/uploads\/2024\/10\/hotel2.jpg\" data-large_image_width=\"1200\" data-large_image_height=\"730\">\n\t\t\t\t\t\t\t<img loading=\"lazy\" decoding=\"async\" width=\"1200\" height=\"730\" src=\"https:\/\/www.aliasblindate.com\/wp-content\/uploads\/2024\/10\/hotel2.jpg\" data-src=\"https:\/\/www.aliasblindate.com\/wp-content\/uploads\/2024\/10\/hotel2.jpg\" class=\"owl-lazy\" srcset=\"https:\/\/www.aliasblindate.com\/wp-content\/uploads\/2024\/10\/hotel2.jpg 1200w, https:\/\/www.aliasblindate.com\/wp-content\/uploads\/2024\/10\/hotel2-300x183.jpg 300w, https:\/\/www.aliasblindate.com\/wp-content\/uploads\/2024\/10\/hotel2-1024x623.jpg 1024w, https:\/\/www.aliasblindate.com\/wp-content\/uploads\/2024\/10\/hotel2-768x467.jpg 768w\">\n\t\t\t\t\t\t<\/a>\n\t\t\t\t\t\t\t\t\t\t<div class=\"scw-block-gallery-caption__text-wrapper\">\n\t\t\t\t\t\t\t\t\t\t\t\t\t<div class=\"scw-block-gallery-caption__title\">Dream EI2-30<\/div>\n\t\t\t\t\t\t\t\t\t\t\t\t\t\t\t\t\t\t\t<div class=\"scw-block-gallery-caption__text\">Disponible avec une serrure motoris\u00e9e intelligente \u00e9quip\u00e9e d&rsquo;un clavier num\u00e9rique et contr\u00f4lable depuis votre smartphone ou dans la version \u00e9lectrom\u00e9canique \u00e9quip\u00e9e d&rsquo;un cylindre Libra toujours g\u00e9rable depuis votre smartphone.<\/div>\n\t\t\t\t\t\t\t\t\t\t\t<\/div>\n\t\t\t\t<\/div>\n\t\t\t\t\t\t<\/div>\n\t<\/section>\n\t\n\n\n<div class=\"scw-block-cta\">\n\t<div class=\"scw-block-cta__background\"><\/div>\n\t<div class=\"scw-block-cta__content\">\n\t\t\t\t\t<div class=\"scw-block-cta__content-text\"><p>Des portes qui se ferment pour s&rsquo;ouvrir vers des mondes et des lieux intimes, vers des espaces que vous voulez vivre et retrouver.<\/p>\n<p>Une <a title=\"scopri di pi\u00f9 sulle porte blindate interne di Alias\" href=\"https:\/\/www.aliasblindate.com\/porte-blindate-per-interni\/\">porte blind\u00e9e interne<\/a> d\u2019Alias prot\u00e8ge votre id\u00e9e de maison, votre espace et, exactement comme vous le souhaitez, constitue votre style.<\/p>\n<\/div>\n\t\t\n\t\t\t\t\t<div class=\"scw-block-cta__content-title scw-heading-h2\"><p>Voulez-vous approfondir\u00a0?<\/p>\n<\/div>\n\t\t\n\t\t\t\t\t\n\t\t\t<a href=\"\/fr\/porte-blindee-dream\/\" class=\"scw-btn\" target=\"\">CLIQUEZ ICI<\/a>\n\t\t\t<\/div>\n\n<\/div>\n","protected":false},"excerpt":{"rendered":"","protected":false},"author":5,"featured_media":15295,"parent":15256,"menu_order":3,"comment_status":"closed","ping_status":"closed","template":"","meta":{"footnotes":""},"page-category":[91],"acf":[],"yoast_head":"<!-- This site is optimized with the Yoast SEO plugin v23.5 - https:\/\/yoast.com\/wordpress\/plugins\/seo\/ -->\n<title>Portes de s\u00e9curit\u00e9 pour int\u00e9rieurs, pi\u00e8ce s\u00e9curis\u00e9e et h\u00f4tel<\/title>\n<meta name=\"description\" content=\"Sp\u00e9cialement con\u00e7ue pour les espaces int\u00e9rieurs tels que les chambres, les studios professionnels, mais aussi les chambres pour les activit\u00e9s d\u2019accueil.\" \/>\n<meta name=\"robots\" content=\"index, follow, max-snippet:-1, max-image-preview:large, max-video-preview:-1\" \/>\n<link rel=\"canonical\" href=\"https:\/\/www.aliasblindate.com\/fr\/portes-blindees\/panic-room-pour-dormir-paisiblement\/\" \/>\n<meta property=\"og:locale\" content=\"fr_FR\" \/>\n<meta property=\"og:type\" content=\"article\" \/>\n<meta property=\"og:title\" content=\"Portes de s\u00e9curit\u00e9 pour int\u00e9rieurs, pi\u00e8ce s\u00e9curis\u00e9e et h\u00f4tel\" \/>\n<meta property=\"og:description\" content=\"Sp\u00e9cialement con\u00e7ue pour les espaces int\u00e9rieurs tels que les chambres, les studios professionnels, mais aussi les chambres pour les activit\u00e9s d\u2019accueil.\" \/>\n<meta property=\"og:url\" content=\"https:\/\/www.aliasblindate.com\/fr\/portes-blindees\/panic-room-pour-dormir-paisiblement\/\" \/>\n<meta property=\"og:site_name\" content=\"Alias Blindate\" \/>\n<meta property=\"article:publisher\" content=\"https:\/\/www.facebook.com\/aliasporteblindate\" \/>\n<meta property=\"article:modified_time\" content=\"2025-04-23T07:20:04+00:00\" \/>\n<meta property=\"og:image\" content=\"https:\/\/www.aliasblindate.com\/wp-content\/uploads\/2024\/10\/panic-head.jpg\" \/>\n\t<meta property=\"og:image:width\" content=\"1650\" \/>\n\t<meta property=\"og:image:height\" content=\"590\" \/>\n\t<meta property=\"og:image:type\" content=\"image\/jpeg\" \/>\n<meta name=\"twitter:card\" content=\"summary_large_image\" \/>\n<meta name=\"twitter:label1\" content=\"Dur\u00e9e de lecture estim\u00e9e\" \/>\n\t<meta name=\"twitter:data1\" content=\"1 minute\" \/>\n<script type=\"application\/ld+json\" class=\"yoast-schema-graph\">{\"@context\":\"https:\/\/schema.org\",\"@graph\":[{\"@type\":\"WebPage\",\"@id\":\"https:\/\/www.aliasblindate.com\/fr\/portes-blindees\/panic-room-pour-dormir-paisiblement\/\",\"url\":\"https:\/\/www.aliasblindate.com\/fr\/portes-blindees\/panic-room-pour-dormir-paisiblement\/\",\"name\":\"Portes de s\u00e9curit\u00e9 pour int\u00e9rieurs, pi\u00e8ce s\u00e9curis\u00e9e et h\u00f4tel\",\"isPartOf\":{\"@id\":\"https:\/\/www.aliasblindate.com\/fr\/#website\"},\"primaryImageOfPage\":{\"@id\":\"https:\/\/www.aliasblindate.com\/fr\/portes-blindees\/panic-room-pour-dormir-paisiblement\/#primaryimage\"},\"image\":{\"@id\":\"https:\/\/www.aliasblindate.com\/fr\/portes-blindees\/panic-room-pour-dormir-paisiblement\/#primaryimage\"},\"thumbnailUrl\":\"https:\/\/www.aliasblindate.com\/wp-content\/uploads\/2024\/10\/panic-head.jpg\",\"datePublished\":\"2024-10-08T13:26:54+00:00\",\"dateModified\":\"2025-04-23T07:20:04+00:00\",\"description\":\"Sp\u00e9cialement con\u00e7ue pour les espaces int\u00e9rieurs tels que les chambres, les studios professionnels, mais aussi les chambres pour les activit\u00e9s d\u2019accueil.\",\"breadcrumb\":{\"@id\":\"https:\/\/www.aliasblindate.com\/fr\/portes-blindees\/panic-room-pour-dormir-paisiblement\/#breadcrumb\"},\"inLanguage\":\"fr-FR\",\"potentialAction\":[{\"@type\":\"ReadAction\",\"target\":[\"https:\/\/www.aliasblindate.com\/fr\/portes-blindees\/panic-room-pour-dormir-paisiblement\/\"]}]},{\"@type\":\"ImageObject\",\"inLanguage\":\"fr-FR\",\"@id\":\"https:\/\/www.aliasblindate.com\/fr\/portes-blindees\/panic-room-pour-dormir-paisiblement\/#primaryimage\",\"url\":\"https:\/\/www.aliasblindate.com\/wp-content\/uploads\/2024\/10\/panic-head.jpg\",\"contentUrl\":\"https:\/\/www.aliasblindate.com\/wp-content\/uploads\/2024\/10\/panic-head.jpg\",\"width\":1650,\"height\":590},{\"@type\":\"BreadcrumbList\",\"@id\":\"https:\/\/www.aliasblindate.com\/fr\/portes-blindees\/panic-room-pour-dormir-paisiblement\/#breadcrumb\",\"itemListElement\":[{\"@type\":\"ListItem\",\"position\":1,\"name\":\"Home\",\"item\":\"https:\/\/www.aliasblindate.com\/fr\/\"},{\"@type\":\"ListItem\",\"position\":2,\"name\":\"Portes blind\u00e9es\",\"item\":\"https:\/\/www.aliasblindate.com\/fr\/portes-blindees\/\"},{\"@type\":\"ListItem\",\"position\":3,\"name\":\"Panic Room &#8211; pour dormir paisiblement\"}]},{\"@type\":\"WebSite\",\"@id\":\"https:\/\/www.aliasblindate.com\/fr\/#website\",\"url\":\"https:\/\/www.aliasblindate.com\/fr\/\",\"name\":\"Alias Blindate\",\"description\":\"\",\"publisher\":{\"@id\":\"https:\/\/www.aliasblindate.com\/fr\/#organization\"},\"potentialAction\":[{\"@type\":\"SearchAction\",\"target\":{\"@type\":\"EntryPoint\",\"urlTemplate\":\"https:\/\/www.aliasblindate.com\/fr\/?s={search_term_string}\"},\"query-input\":{\"@type\":\"PropertyValueSpecification\",\"valueRequired\":true,\"valueName\":\"search_term_string\"}}],\"inLanguage\":\"fr-FR\"},{\"@type\":\"Organization\",\"@id\":\"https:\/\/www.aliasblindate.com\/fr\/#organization\",\"name\":\"Alias Blindate\",\"url\":\"https:\/\/www.aliasblindate.com\/fr\/\",\"logo\":{\"@type\":\"ImageObject\",\"inLanguage\":\"fr-FR\",\"@id\":\"https:\/\/www.aliasblindate.com\/fr\/#\/schema\/logo\/image\/\",\"url\":\"https:\/\/www.aliasblindate.com\/wp-content\/uploads\/2019\/10\/logo@2x.png\",\"contentUrl\":\"https:\/\/www.aliasblindate.com\/wp-content\/uploads\/2019\/10\/logo@2x.png\",\"width\":498,\"height\":88,\"caption\":\"Alias Blindate\"},\"image\":{\"@id\":\"https:\/\/www.aliasblindate.com\/fr\/#\/schema\/logo\/image\/\"},\"sameAs\":[\"https:\/\/www.facebook.com\/aliasporteblindate\",\"https:\/\/www.instagram.com\/alias_porte_blindate\/\"]}]}<\/script>\n<!-- \/ Yoast SEO plugin. -->","yoast_head_json":{"title":"Portes de s\u00e9curit\u00e9 pour int\u00e9rieurs, pi\u00e8ce s\u00e9curis\u00e9e et h\u00f4tel","description":"Sp\u00e9cialement con\u00e7ue pour les espaces int\u00e9rieurs tels que les chambres, les studios professionnels, mais aussi les chambres pour les activit\u00e9s d\u2019accueil.","robots":{"index":"index","follow":"follow","max-snippet":"max-snippet:-1","max-image-preview":"max-image-preview:large","max-video-preview":"max-video-preview:-1"},"canonical":"https:\/\/www.aliasblindate.com\/fr\/portes-blindees\/panic-room-pour-dormir-paisiblement\/","og_locale":"fr_FR","og_type":"article","og_title":"Portes de s\u00e9curit\u00e9 pour int\u00e9rieurs, pi\u00e8ce s\u00e9curis\u00e9e et h\u00f4tel","og_description":"Sp\u00e9cialement con\u00e7ue pour les espaces int\u00e9rieurs tels que les chambres, les studios professionnels, mais aussi les chambres pour les activit\u00e9s d\u2019accueil.","og_url":"https:\/\/www.aliasblindate.com\/fr\/portes-blindees\/panic-room-pour-dormir-paisiblement\/","og_site_name":"Alias Blindate","article_publisher":"https:\/\/www.facebook.com\/aliasporteblindate","article_modified_time":"2025-04-23T07:20:04+00:00","og_image":[{"width":1650,"height":590,"url":"https:\/\/www.aliasblindate.com\/wp-content\/uploads\/2024\/10\/panic-head.jpg","type":"image\/jpeg"}],"twitter_card":"summary_large_image","twitter_misc":{"Dur\u00e9e de lecture estim\u00e9e":"1 minute"},"schema":{"@context":"https:\/\/schema.org","@graph":[{"@type":"WebPage","@id":"https:\/\/www.aliasblindate.com\/fr\/portes-blindees\/panic-room-pour-dormir-paisiblement\/","url":"https:\/\/www.aliasblindate.com\/fr\/portes-blindees\/panic-room-pour-dormir-paisiblement\/","name":"Portes de s\u00e9curit\u00e9 pour int\u00e9rieurs, pi\u00e8ce s\u00e9curis\u00e9e et h\u00f4tel","isPartOf":{"@id":"https:\/\/www.aliasblindate.com\/fr\/#website"},"primaryImageOfPage":{"@id":"https:\/\/www.aliasblindate.com\/fr\/portes-blindees\/panic-room-pour-dormir-paisiblement\/#primaryimage"},"image":{"@id":"https:\/\/www.aliasblindate.com\/fr\/portes-blindees\/panic-room-pour-dormir-paisiblement\/#primaryimage"},"thumbnailUrl":"https:\/\/www.aliasblindate.com\/wp-content\/uploads\/2024\/10\/panic-head.jpg","datePublished":"2024-10-08T13:26:54+00:00","dateModified":"2025-04-23T07:20:04+00:00","description":"Sp\u00e9cialement con\u00e7ue pour les espaces int\u00e9rieurs tels que les chambres, les studios professionnels, mais aussi les chambres pour les activit\u00e9s d\u2019accueil.","breadcrumb":{"@id":"https:\/\/www.aliasblindate.com\/fr\/portes-blindees\/panic-room-pour-dormir-paisiblement\/#breadcrumb"},"inLanguage":"fr-FR","potentialAction":[{"@type":"ReadAction","target":["https:\/\/www.aliasblindate.com\/fr\/portes-blindees\/panic-room-pour-dormir-paisiblement\/"]}]},{"@type":"ImageObject","inLanguage":"fr-FR","@id":"https:\/\/www.aliasblindate.com\/fr\/portes-blindees\/panic-room-pour-dormir-paisiblement\/#primaryimage","url":"https:\/\/www.aliasblindate.com\/wp-content\/uploads\/2024\/10\/panic-head.jpg","contentUrl":"https:\/\/www.aliasblindate.com\/wp-content\/uploads\/2024\/10\/panic-head.jpg","width":1650,"height":590},{"@type":"BreadcrumbList","@id":"https:\/\/www.aliasblindate.com\/fr\/portes-blindees\/panic-room-pour-dormir-paisiblement\/#breadcrumb","itemListElement":[{"@type":"ListItem","position":1,"name":"Home","item":"https:\/\/www.aliasblindate.com\/fr\/"},{"@type":"ListItem","position":2,"name":"Portes blind\u00e9es","item":"https:\/\/www.aliasblindate.com\/fr\/portes-blindees\/"},{"@type":"ListItem","position":3,"name":"Panic Room &#8211; pour dormir paisiblement"}]},{"@type":"WebSite","@id":"https:\/\/www.aliasblindate.com\/fr\/#website","url":"https:\/\/www.aliasblindate.com\/fr\/","name":"Alias Blindate","description":"","publisher":{"@id":"https:\/\/www.aliasblindate.com\/fr\/#organization"},"potentialAction":[{"@type":"SearchAction","target":{"@type":"EntryPoint","urlTemplate":"https:\/\/www.aliasblindate.com\/fr\/?s={search_term_string}"},"query-input":{"@type":"PropertyValueSpecification","valueRequired":true,"valueName":"search_term_string"}}],"inLanguage":"fr-FR"},{"@type":"Organization","@id":"https:\/\/www.aliasblindate.com\/fr\/#organization","name":"Alias Blindate","url":"https:\/\/www.aliasblindate.com\/fr\/","logo":{"@type":"ImageObject","inLanguage":"fr-FR","@id":"https:\/\/www.aliasblindate.com\/fr\/#\/schema\/logo\/image\/","url":"https:\/\/www.aliasblindate.com\/wp-content\/uploads\/2019\/10\/logo@2x.png","contentUrl":"https:\/\/www.aliasblindate.com\/wp-content\/uploads\/2019\/10\/logo@2x.png","width":498,"height":88,"caption":"Alias Blindate"},"image":{"@id":"https:\/\/www.aliasblindate.com\/fr\/#\/schema\/logo\/image\/"},"sameAs":["https:\/\/www.facebook.com\/aliasporteblindate","https:\/\/www.instagram.com\/alias_porte_blindate\/"]}]}},"_links":{"self":[{"href":"https:\/\/www.aliasblindate.com\/fr\/wp-json\/wp\/v2\/pages\/15294"}],"collection":[{"href":"https:\/\/www.aliasblindate.com\/fr\/wp-json\/wp\/v2\/pages"}],"about":[{"href":"https:\/\/www.aliasblindate.com\/fr\/wp-json\/wp\/v2\/types\/page"}],"author":[{"embeddable":true,"href":"https:\/\/www.aliasblindate.com\/fr\/wp-json\/wp\/v2\/users\/5"}],"replies":[{"embeddable":true,"href":"https:\/\/www.aliasblindate.com\/fr\/wp-json\/wp\/v2\/comments?post=15294"}],"version-history":[{"count":22,"href":"https:\/\/www.aliasblindate.com\/fr\/wp-json\/wp\/v2\/pages\/15294\/revisions"}],"predecessor-version":[{"id":17888,"href":"https:\/\/www.aliasblindate.com\/fr\/wp-json\/wp\/v2\/pages\/15294\/revisions\/17888"}],"up":[{"embeddable":true,"href":"https:\/\/www.aliasblindate.com\/fr\/wp-json\/wp\/v2\/pages\/15256"}],"wp:featuredmedia":[{"embeddable":true,"href":"https:\/\/www.aliasblindate.com\/fr\/wp-json\/wp\/v2\/media\/15295"}],"wp:attachment":[{"href":"https:\/\/www.aliasblindate.com\/fr\/wp-json\/wp\/v2\/media?parent=15294"}],"wp:term":[{"taxonomy":"page-category","embeddable":true,"href":"https:\/\/www.aliasblindate.com\/fr\/wp-json\/wp\/v2\/page-category?post=15294"}],"curies":[{"name":"wp","href":"https:\/\/api.w.org\/{rel}","templated":true}]}}